{"id":84135,"date":"2021-01-17T15:57:56","date_gmt":"2021-01-17T07:57:56","guid":{"rendered":"https:\/\/honwaygroup.com\/product\/ong-khoan-kim-cuong-dien-hoa\/"},"modified":"2025-11-05T11:37:14","modified_gmt":"2025-11-05T03:37:14","slug":"ong-khoan-kim-cuong-dien-hoa","status":"publish","type":"product","link":"https:\/\/honwaygroup.com\/vi\/product\/ong-khoan-kim-cuong-dien-hoa\/","title":{"rendered":"\u1ed0ng khoan kim c\u01b0\u01a1ng m\u1ea1 \u0111i\u1ec7n"},"content":{"rendered":"<div class=\"resCol12\">\n<h3><strong>\u1ed0ng khoan kim c\u01b0\u01a1ng m\u1ea1 \u0111i\u1ec7n<\/strong><\/h3>\n<p><span style=\"font-size: 16px\">M\u00e1y ch\u1ee7 y\u1ebfu \u0111\u01b0\u1ee3c s\u1eed d\u1ee5ng \u0111\u1ec3 khoan<\/span> <a style=\"font-size: 16px;background-color: #ffffff\" href=\"https:\/\/zh.wikipedia.org\/zh-tw\/%E7%8E%BB%E7%92%83%E9%92%A2\" rel=\"nofollow noopener\" target=\"_blank\">FRP,<\/a> <span style=\"font-size: 16px\">g\u1ea1ch men si\u00eau c\u1ee9ng, \u0111\u00e1 granit nh\u00e2n t\u1ea1o, \u0111\u00e1 granit, g\u1ea1ch th\u1ea1ch anh \u0111\u00e1nh b\u00f3ng, s\u1ee9, \u0111\u00e1 c\u1ea9m th\u1ea1ch, \u0111\u1ed3 g\u1ed1m, \u0111\u1ed3 g\u1ed1m \u0111\u1ea5t nung, th\u1ee7y tinh, than ch\u00ec, \u0111\u00e1 v\u00e0 c\u00e1c v\u1eadt li\u1ec7u kh\u00e1c.<\/span><\/p>\n<p>&nbsp;<\/p>\n<div class=\"resMargin\"><a href=\"https:\/\/honwaygroup.com\/wp-content\/uploads\/2021\/01\/%E9%9B%BB%E9%91%84%E9%91%BD%E7%9F%B3%E9%91%BD%E7%AE%A1_%E5%B7%A5%E4%BD%9C%E5%8D%80%E5%9F%9F-1-%E8%A4%87%E6%9C%AC-52.webp\"><img fetchpriority=\"high\" decoding=\"async\" class=\"aligncenter wp-image-27942 size-full\" src=\"https:\/\/honwaygroup.com\/wp-content\/uploads\/2021\/01\/%E9%9B%BB%E9%91%84%E9%91%BD%E7%9F%B3%E9%91%BD%E7%AE%A1_%E5%B7%A5%E4%BD%9C%E5%8D%80%E5%9F%9F-1-%E8%A4%87%E6%9C%AC-52.webp\" alt=\"\" width=\"983\" height=\"417\"><\/a><\/div>\n<div class=\"resMargin\">\n<p>&nbsp;<\/p>\n<p>\u0110\u01a1n v\u1ecb: mm<\/p>\n<table class=\"specTable2\" width=\"100%\">\n<tbody>\n<tr>\n<th rowspan=\"2\">s\u1ed1 seri<\/th>\n<th class=\"center\" colspan=\"2\">\u00d8D<\/th>\n<th rowspan=\"2\">T<\/th>\n<th rowspan=\"2\">N<\/th>\n<th rowspan=\"2\">K\u00edch th\u01b0\u1edbc h\u1ea1t<\/th>\n<th rowspan=\"2\">Ghi ch\u00fa<\/th>\n<\/tr>\n<tr>\n<th>mm<\/th>\n<th>inch<\/th>\n<\/tr>\n<tr>\n<td>ESD-032<\/td>\n<td>3.2<\/td>\n<td> 1\/8\u201d<\/td>\n<td>10<\/td>\n<td>25<\/td>\n<td>#60<\/td>\n<td>m\u0169i khoan r\u1eafn<\/td>\n<\/tr>\n<tr>\n<td>ECD-050<\/td>\n<td>5.0<\/td>\n<td> 3\/16\u201d<\/td>\n<td>3<\/td>\n<td>30<\/td>\n<td>#60<\/td>\n<td>M\u0169i khoan r\u1ed7ng<\/td>\n<\/tr>\n<tr>\n<td>ECD-065<\/td>\n<td>6.5<\/td>\n<td> 1\/4\u201d<\/td>\n<td>3<\/td>\n<td>30<\/td>\n<td>#60<\/td>\n<td>M\u0169i khoan r\u1ed7ng<\/td>\n<\/tr>\n<tr>\n<td>ECD-080<\/td>\n<td>8<\/td>\n<td> 5\/16\u201d<\/td>\n<td>3<\/td>\n<td>30<\/td>\n<td>#60<\/td>\n<td>M\u0169i khoan r\u1ed7ng<\/td>\n<\/tr>\n<tr>\n<td>ECD-100<\/td>\n<td>10<\/td>\n<td> 3\/8\u201d<\/td>\n<td>3<\/td>\n<td>30<\/td>\n<td>#60<\/td>\n<td>M\u0169i khoan r\u1ed7ng<\/td>\n<\/tr>\n<tr>\n<td>ECD-130<\/td>\n<td>13<\/td>\n<td> 1\/2\u201d<\/td>\n<td>3<\/td>\n<td>30<\/td>\n<td>#60<\/td>\n<td>M\u0169i khoan r\u1ed7ng<\/td>\n<\/tr>\n<tr>\n<td>ECD-160<\/td>\n<td>16<\/td>\n<td> 5\/8\u201d<\/td>\n<td>3<\/td>\n<td>35<\/td>\n<td>#60<\/td>\n<td>M\u0169i khoan r\u1ed7ng<\/td>\n<\/tr>\n<tr>\n<td>ECD-191<\/td>\n<td>19.05<\/td>\n<td> 3\/4\u201d<\/td>\n<td>3<\/td>\n<td>35<\/td>\n<td>#60<\/td>\n<td>M\u0169i khoan r\u1ed7ng<\/td>\n<\/tr>\n<tr>\n<td>ECD-254<\/td>\n<td>25.4<\/td>\n<td> 1\u201d<\/td>\n<td>3<\/td>\n<td>35<\/td>\n<td>#60<\/td>\n<td>M\u0169i khoan r\u1ed7ng<\/td>\n<\/tr>\n<\/tbody>\n<\/table>\n<ul class=\"main_ul\">\n<li><strong>Vui l\u00f2ng ch\u1ec9 \u0111\u1ecbnh b\u1ea5t k\u1ef3 k\u00edch th\u01b0\u1edbc h\u1ea1t n\u00e0o kh\u00e1c ngo\u00e0i k\u00edch th\u01b0\u1edbc ti\u00eau chu\u1ea9n khi \u0111\u1eb7t h\u00e0ng.<\/strong><\/li>\n<\/ul>\n<p>C\u00f3 b\u1ea5t k\u1ef3 th\u1eafc m\u1eafc n\u00e0o kh\u00f4ng? <a href=\"https:\/\/honwaygroup.com\/vi\/lien-he-voi-honway\/\">Li\u00ean h\u1ec7 v\u1edbi HonWay<\/a><\/p>\n<\/div>\n<\/div>\n","protected":false},"excerpt":{"rendered":"<ul>\n<li>D\u00f2ng s\u1ea3n ph\u1ea9m n\u00e0y ch\u1ee7 y\u1ebfu \u0111\u01b0\u1ee3c s\u1eed d\u1ee5ng \u0111\u1ec3 khoan c\u00e1c v\u1eadt li\u1ec7u nh\u01b0<a href=\"https:\/\/zh.wikipedia.org\/zh-tw\/%E7%8E%BB%E7%92%83%E9%92%A2\"> FRP<\/a>, g\u1ea1ch men si\u00eau c\u1ee9ng, \u0111\u00e1 granit nh\u00e2n t\u1ea1o, \u0111\u00e1 granit, g\u1ea1ch th\u1ea1ch anh \u0111\u00e1nh b\u00f3ng, s\u1ee9, \u0111\u00e1 c\u1ea9m th\u1ea1ch, \u0111\u1ed3 g\u1ed1m, \u0111\u1ed3 g\u1ed1m \u0111\u1ea5t nung, th\u1ee7y tinh, than ch\u00ec v\u00e0 \u0111\u00e1.<\/li>\n<\/ul>\n<h5><strong><span style=\"color: #ff0000;font-size: 19.2px\">\u25b2<\/span><\/strong><strong><span style=\"color: #ff0000;font-size: 19.2px\"> N\u1ebfu c\u1ea7n k\u00edch th\u01b0\u1edbc t\u00f9y ch\u1ec9nh, vui l\u00f2ng li\u00ean h\u1ec7 b\u1ed9 ph\u1eadn ch\u0103m s\u00f3c kh\u00e1ch h\u00e0ng.<\/span><\/strong><\/h5>\n<h5><span style=\"color: #ff0000\"><b>\u25b2 \u0110\u1eb7t h\u00e0ng s\u1ed1 l\u01b0\u1ee3ng l\u1edbn c\u00f3 th\u1ec3 \u0111\u01b0\u1ee3c h\u01b0\u1edfng chi\u1ebft kh\u1ea5u \u01b0u \u0111\u00e3i, vui l\u00f2ng li\u00ean h\u1ec7 b\u1ed9 ph\u1eadn ch\u0103m s\u00f3c kh\u00e1ch h\u00e0ng \u0111\u1ec3 bi\u1ebft th\u00eam chi ti\u1ebft.<\/b><\/span><\/h5>\n<h5>\u25b2 Vui l\u00f2ng li\u00ean h\u1ec7 b\u1ed9 ph\u1eadn ch\u0103m s\u00f3c kh\u00e1ch h\u00e0ng \u0111\u1ec3 h\u1ecfi v\u1ec1 th\u1eddi gian giao h\u00e0ng c\u1ee7a \u0111\u01a1n \u0111\u1eb7t h\u00e0ng: <a href=\"https:\/\/honwaygroup.com\/vi\/lien-he-voi-honway\/\">Li\u00ean h\u1ec7 HonWay.<\/a><\/h5>\n","protected":false},"featured_media":84136,"template":"","meta":{"site-sidebar-layout":"default","site-content-layout":"default","ast-site-content-layout":"default","site-content-style":"default","site-sidebar-style":"default","ast-global-header-display":"","ast-banner-title-visibility":"","ast-main-header-display":"","ast-hfb-above-header-display":"","ast-hfb-below-header-display":"","ast-hfb-mobile-header-display":"","site-post-title":"","ast-breadcrumbs-content":"","ast-featured-img":"","footer-sml-layout":"","ast-disable-related-posts":"","theme-transparent-header-meta":"default","adv-header-id-meta":"","stick-header-meta":"default","header-above-stick-meta":"","header-main-stick-meta":"","header-below-stick-meta":"","astra-migrate-meta-layouts":"default","ast-page-background-enabled":"default","ast-page-background-meta":{"desktop":{"background-color":"var(--ast-global-color-5)","background-image":"","background-repeat":"repeat","background-position":"center center","background-size":"auto","background-attachment":"scroll","background-type":"","background-media":"","overlay-type":"","overlay-color":"","overlay-opacity":"","overlay-gradient":""},"tablet":{"background-color":"","background-image":"","background-repeat":"repeat","background-position":"center center","background-size":"auto","background-attachment":"scroll","background-type":"","background-media":"","overlay-type":"","overlay-color":"","overlay-opacity":"","overlay-gradient":""},"mobile":{"background-color":"","background-image":"","background-repeat":"repeat","background-position":"center center","background-size":"auto","background-attachment":"scroll","background-type":"","background-media":"","overlay-type":"","overlay-color":"","overlay-opacity":"","overlay-gradient":""}},"ast-content-background-meta":{"desktop":{"background-color":"var(--ast-global-color-4)","background-image":"","background-repeat":"repeat","background-position":"center center","background-size":"auto","background-attachment":"scroll","background-type":"","background-media":"","overlay-type":"","overlay-color":"","overlay-opacity":"","overlay-gradient":""},"tablet":{"background-color":"var(--ast-global-color-4)","background-image":"","background-repeat":"repeat","background-position":"center center","background-size":"auto","background-attachment":"scroll","background-type":"","background-media":"","overlay-type":"","overlay-color":"","overlay-opacity":"","overlay-gradient":""},"mobile":{"background-color":"var(--ast-global-color-4)","background-image":"","background-repeat":"repeat","background-position":"center center","background-size":"auto","background-attachment":"scroll","background-type":"","background-media":"","overlay-type":"","overlay-color":"","overlay-opacity":"","overlay-gradient":""}}},"product_brand":[],"product_cat":[4389,4393],"product_tag":[5088,5110],"class_list":{"0":"post-84135","1":"product","2":"type-product","3":"status-publish","4":"has-post-thumbnail","6":"product_cat-cong-cu-kim-cuong","7":"product_cat-ong-khoan-kim-cuong","8":"product_tag-ong-khoan-kim-cuong","9":"product_tag-ong-khoan-kim-cuong-phuong-phap-ma-dien","10":"desktop-align-left","11":"tablet-align-left","12":"mobile-align-left","13":"ast-product-gallery-layout-horizontal-slider","14":"ast-product-single-variable","15":"ast-product-tabs-layout-horizontal","17":"first","18":"instock","19":"taxable","20":"shipping-taxable","21":"purchasable","22":"product-type-variable"},"_links":{"self":[{"href":"https:\/\/honwaygroup.com\/vi\/wp-json\/wp\/v2\/product\/84135","targetHints":{"allow":["GET"]}}],"collection":[{"href":"https:\/\/honwaygroup.com\/vi\/wp-json\/wp\/v2\/product"}],"about":[{"href":"https:\/\/honwaygroup.com\/vi\/wp-json\/wp\/v2\/types\/product"}],"version-history":[{"count":0,"href":"https:\/\/honwaygroup.com\/vi\/wp-json\/wp\/v2\/product\/84135\/revisions"}],"wp:featuredmedia":[{"embeddable":true,"href":"https:\/\/honwaygroup.com\/vi\/wp-json\/wp\/v2\/media\/84136"}],"wp:attachment":[{"href":"https:\/\/honwaygroup.com\/vi\/wp-json\/wp\/v2\/media?parent=84135"}],"wp:term":[{"taxonomy":"product_brand","embeddable":true,"href":"https:\/\/honwaygroup.com\/vi\/wp-json\/wp\/v2\/product_brand?post=84135"},{"taxonomy":"product_cat","embeddable":true,"href":"https:\/\/honwaygroup.com\/vi\/wp-json\/wp\/v2\/product_cat?post=84135"},{"taxonomy":"product_tag","embeddable":true,"href":"https:\/\/honwaygroup.com\/vi\/wp-json\/wp\/v2\/product_tag?post=84135"}],"curies":[{"name":"wp","href":"https:\/\/api.w.org\/{rel}","templated":true}]}}