{"id":84124,"date":"2021-01-17T16:07:36","date_gmt":"2021-01-17T08:07:36","guid":{"rendered":"https:\/\/honwaygroup.com\/product\/dung-cu-chinh-kim-cuong-tu-nhien-mot-diem\/"},"modified":"2025-11-04T16:29:09","modified_gmt":"2025-11-04T08:29:09","slug":"dung-cu-chinh-kim-cuong-tu-nhien-mot-diem","status":"publish","type":"product","link":"https:\/\/honwaygroup.com\/vi\/product\/dung-cu-chinh-kim-cuong-tu-nhien-mot-diem\/","title":{"rendered":"L\u00e0m dao nguy\u00ean kh\u1ed1i t\u1ef1 nhi\u00ean"},"content":{"rendered":"<div class=\"resCol12\">\n<div class=\"resMargin\">\n<h3><strong>L\u00e0m dao nguy\u00ean kh\u1ed1i t\u1ef1 nhi\u00ean<\/strong><\/h3>\n<p>D\u1ee5ng c\u1ee5 ho\u00e0n thi\u1ec7n \u0111\u00e1 \u0111\u01a1n c\u00f3 th\u1ec3 \u0111\u01b0\u1ee3c s\u1eed d\u1ee5ng cho c\u00e1c ho\u1ea1t \u0111\u1ed9ng m\u00e0i, c\u1eaft v\u00e0 ho\u00e0n thi\u1ec7n chung tr\u00ean c\u00e1c b\u1ec1 m\u1eb7t ph\u1eb3ng, h\u00ecnh tr\u1ee5, m\u00e1y m\u00e0i kh\u00f4ng t\u00e2m, v.v.<\/p>\n<p>&nbsp;<\/p>\n<h3><a href=\"https:\/\/honwaygroup.com\/wp-content\/uploads\/2021\/01\/%E5%A4%A9%E7%84%B6%E5%96%AE%E7%9F%B3%E4%BF%AE%E5%88%80_%E5%B7%A5%E4%BD%9C%E5%8D%80%E5%9F%9F-1-%E8%A4%87%E6%9C%AC-29.webp\"><img fetchpriority=\"high\" decoding=\"async\" class=\"alignnone size-full wp-image-27311\" src=\"https:\/\/honwaygroup.com\/wp-content\/uploads\/2021\/01\/%E5%A4%A9%E7%84%B6%E5%96%AE%E7%9F%B3%E4%BF%AE%E5%88%80_%E5%B7%A5%E4%BD%9C%E5%8D%80%E5%9F%9F-1-%E8%A4%87%E6%9C%AC-29.webp\" alt=\"\" width=\"1253\" height=\"250\"><\/a><\/h3>\n<p>&nbsp;<\/p>\n<h4><strong>C\u00e0i \u0111\u1eb7t v\u00e0 s\u1eed d\u1ee5ng \u0111\u00fang c\u00e1ch<\/strong><\/h4>\n<p>&nbsp;<\/p>\n<h3><a href=\"https:\/\/honwaygroup.com\/wp-content\/uploads\/2021\/01\/%E5%A4%A9%E7%84%B6%E5%96%AE%E7%9F%B3%E4%BF%AE%E5%88%80_%E5%B7%A5%E4%BD%9C%E5%8D%80%E5%9F%9F-1-%E8%A4%87%E6%9C%AC-28-1.webp\"><img decoding=\"async\" class=\"alignnone size-full wp-image-27321\" src=\"https:\/\/honwaygroup.com\/wp-content\/uploads\/2021\/01\/%E5%A4%A9%E7%84%B6%E5%96%AE%E7%9F%B3%E4%BF%AE%E5%88%80_%E5%B7%A5%E4%BD%9C%E5%8D%80%E5%9F%9F-1-%E8%A4%87%E6%9C%AC-28-1.webp\" alt=\"\" width=\"1253\" height=\"250\"><\/a><\/h3>\n<p>&nbsp;<\/p>\n<table class=\"specTable\" width=\"100%\">\n<tbody>\n<tr>\n<th>S\u1ed1 kim c\u01b0\u01a1ng<\/th>\n<th>Tr\u1ecdng l\u01b0\u1ee3ng \u01b0\u1edbc t\u00ednh (Carat)<\/th>\n<th>S\u1ed1 s\u00ea-ri<\/th>\n<th>\u0110\u00e1 m\u00e0i ph\u00f9 h\u1ee3p(mm)<\/th>\n<\/tr>\n<tr>\n<td>#5<br \/>\n#10<br \/>\n#15<\/td>\n<td>0.18<br \/>\n0.20<br \/>\n0.25<\/td>\n<td>DS005<br \/>\nDS010<br \/>\nDS015<\/td>\n<td>\u00d8150&#215;25 Ho\u1eb7c b\u00e1nh m\u00e0i nh\u1ecf h\u01a1n<\/td>\n<\/tr>\n<tr>\n<td>#20<br \/>\n#25<br \/>\n#33<\/td>\n<td>0.35<br \/>\n0.50<br \/>\n0.75<\/td>\n<td>DS020<br \/>\nDS025<br \/>\nDS033<\/td>\n<td>\u00d8150~\u00d8300&#215;25<\/td>\n<\/tr>\n<tr>\n<td>#50<\/td>\n<td>1.0<\/td>\n<td>DS050<\/td>\n<td>\u00d8300~\u00d8450&#215;25~40<\/td>\n<\/tr>\n<tr>\n<td>#75<\/td>\n<td>1.5<\/td>\n<td>DS075<\/td>\n<td>\u00d8450~\u00d8600&#215;50~100<\/td>\n<\/tr>\n<tr>\n<td>#100<\/td>\n<td>2.0<\/td>\n<td>DS100<\/td>\n<td>\u00d8600 Ho\u1eb7c b\u00e1nh m\u00e0i l\u1edbn h\u01a1n<\/td>\n<\/tr>\n<\/tbody>\n<\/table>\n<ul class=\"main_ul\">\n<li><strong>Khi \u0111\u1eb7t h\u00e0ng, vui l\u00f2ng ghi r\u00f5 m\u00e3 s\u1ea3n ph\u1ea9m v\u00e0 k\u00edch th\u01b0\u1edbc tay c\u1ea7m kim lo\u1ea1i ho\u1eb7c cung c\u1ea5p b\u1ea3n v\u1ebd chi ti\u1ebft.<\/strong><\/li>\n<\/ul>\n<p>C\u00f3 b\u1ea5t k\u1ef3 th\u1eafc m\u1eafc n\u00e0o kh\u00f4ng? <a href=\"https:\/\/honwaygroup.com\/vi\/lien-he-voi-honway\/\">Li\u00ean h\u1ec7 v\u1edbi HonWay<\/a><\/p>\n<\/div>\n<\/div>\n","protected":false},"excerpt":{"rendered":"<ul>\n<li>Kim c\u01b0\u01a1ng \u0111\u01b0\u1ee3c chia th\u00e0nh hai lo\u1ea1i: t\u1ef1 nhi\u00ean v\u00e0 t\u1ed5ng h\u1ee3p.<\/li>\n<\/ul>\n<h5><strong><span style=\"color: #ff0000;font-size: 19.2px\">\u25b2<\/span><\/strong><strong><span style=\"color: #ff0000;font-size: 19.2px\"> N\u1ebfu c\u1ea7n k\u00edch th\u01b0\u1edbc t\u00f9y ch\u1ec9nh, vui l\u00f2ng li\u00ean h\u1ec7 b\u1ed9 ph\u1eadn ch\u0103m s\u00f3c kh\u00e1ch h\u00e0ng.<\/span><\/strong><\/h5>\n<h5><span style=\"color: #ff0000\"><b>\u25b2 \u0110\u1eb7t h\u00e0ng s\u1ed1 l\u01b0\u1ee3ng l\u1edbn c\u00f3 th\u1ec3 \u0111\u01b0\u1ee3c h\u01b0\u1edfng chi\u1ebft kh\u1ea5u \u01b0u \u0111\u00e3i, vui l\u00f2ng li\u00ean h\u1ec7 b\u1ed9 ph\u1eadn ch\u0103m s\u00f3c kh\u00e1ch h\u00e0ng \u0111\u1ec3 bi\u1ebft th\u00eam chi ti\u1ebft.<\/b><\/span><\/h5>\n<h5>\u25b2 Vui l\u00f2ng li\u00ean h\u1ec7 b\u1ed9 ph\u1eadn ch\u0103m s\u00f3c kh\u00e1ch h\u00e0ng \u0111\u1ec3 h\u1ecfi v\u1ec1 th\u1eddi gian giao h\u00e0ng c\u1ee7a \u0111\u01a1n \u0111\u1eb7t h\u00e0ng: <a href=\"https:\/\/honwaygroup.com\/vi\/lien-he-voi-honway\/\">Li\u00ean h\u1ec7 HonWay.<\/a><\/h5>\n","protected":false},"featured_media":84125,"template":"","meta":{"site-sidebar-layout":"default","site-content-layout":"default","ast-site-content-layout":"default","site-content-style":"default","site-sidebar-style":"default","ast-global-header-display":"","ast-banner-title-visibility":"","ast-main-header-display":"","ast-hfb-above-header-display":"","ast-hfb-below-header-display":"","ast-hfb-mobile-header-display":"","site-post-title":"","ast-breadcrumbs-content":"","ast-featured-img":"","footer-sml-layout":"","ast-disable-related-posts":"","theme-transparent-header-meta":"default","adv-header-id-meta":"","stick-header-meta":"default","header-above-stick-meta":"","header-main-stick-meta":"","header-below-stick-meta":"","astra-migrate-meta-layouts":"default","ast-page-background-enabled":"default","ast-page-background-meta":{"desktop":{"background-color":"var(--ast-global-color-5)","background-image":"","background-repeat":"repeat","background-position":"center center","background-size":"auto","background-attachment":"scroll","background-type":"","background-media":"","overlay-type":"","overlay-color":"","overlay-opacity":"","overlay-gradient":""},"tablet":{"background-color":"","background-image":"","background-repeat":"repeat","background-position":"center center","background-size":"auto","background-attachment":"scroll","background-type":"","background-media":"","overlay-type":"","overlay-color":"","overlay-opacity":"","overlay-gradient":""},"mobile":{"background-color":"","background-image":"","background-repeat":"repeat","background-position":"center center","background-size":"auto","background-attachment":"scroll","background-type":"","background-media":"","overlay-type":"","overlay-color":"","overlay-opacity":"","overlay-gradient":""}},"ast-content-background-meta":{"desktop":{"background-color":"var(--ast-global-color-4)","background-image":"","background-repeat":"repeat","background-position":"center center","background-size":"auto","background-attachment":"scroll","background-type":"","background-media":"","overlay-type":"","overlay-color":"","overlay-opacity":"","overlay-gradient":""},"tablet":{"background-color":"var(--ast-global-color-4)","background-image":"","background-repeat":"repeat","background-position":"center center","background-size":"auto","background-attachment":"scroll","background-type":"","background-media":"","overlay-type":"","overlay-color":"","overlay-opacity":"","overlay-gradient":""},"mobile":{"background-color":"var(--ast-global-color-4)","background-image":"","background-repeat":"repeat","background-position":"center center","background-size":"auto","background-attachment":"scroll","background-type":"","background-media":"","overlay-type":"","overlay-color":"","overlay-opacity":"","overlay-gradient":""}}},"product_brand":[],"product_cat":[4377,4389],"product_tag":[4773,5055,5056],"class_list":{"0":"post-84124","1":"product","2":"type-product","3":"status-publish","4":"has-post-thumbnail","6":"product_cat-cong-cu-sua-chua-kim-cuong","7":"product_cat-cong-cu-kim-cuong","8":"product_tag-dao-sua-da-don-tinh-the","9":"product_tag-dao-sua-kim-cuong","10":"product_tag-dung-cu-sua-kim-cuong","11":"desktop-align-left","12":"tablet-align-left","13":"mobile-align-left","14":"ast-product-gallery-layout-horizontal-slider","15":"ast-product-single-variable","16":"ast-product-tabs-layout-horizontal","18":"first","19":"instock","20":"taxable","21":"shipping-taxable","22":"purchasable","23":"product-type-variable"},"_links":{"self":[{"href":"https:\/\/honwaygroup.com\/vi\/wp-json\/wp\/v2\/product\/84124","targetHints":{"allow":["GET"]}}],"collection":[{"href":"https:\/\/honwaygroup.com\/vi\/wp-json\/wp\/v2\/product"}],"about":[{"href":"https:\/\/honwaygroup.com\/vi\/wp-json\/wp\/v2\/types\/product"}],"version-history":[{"count":0,"href":"https:\/\/honwaygroup.com\/vi\/wp-json\/wp\/v2\/product\/84124\/revisions"}],"wp:featuredmedia":[{"embeddable":true,"href":"https:\/\/honwaygroup.com\/vi\/wp-json\/wp\/v2\/media\/84125"}],"wp:attachment":[{"href":"https:\/\/honwaygroup.com\/vi\/wp-json\/wp\/v2\/media?parent=84124"}],"wp:term":[{"taxonomy":"product_brand","embeddable":true,"href":"https:\/\/honwaygroup.com\/vi\/wp-json\/wp\/v2\/product_brand?post=84124"},{"taxonomy":"product_cat","embeddable":true,"href":"https:\/\/honwaygroup.com\/vi\/wp-json\/wp\/v2\/product_cat?post=84124"},{"taxonomy":"product_tag","embeddable":true,"href":"https:\/\/honwaygroup.com\/vi\/wp-json\/wp\/v2\/product_tag?post=84124"}],"curies":[{"name":"wp","href":"https:\/\/api.w.org\/{rel}","templated":true}]}}