{"id":84104,"date":"2021-01-17T16:22:32","date_gmt":"2021-01-17T08:22:32","guid":{"rendered":"https:\/\/honwaygroup.com\/product\/dung-cu-chinh-dang-con\/"},"modified":"2025-11-04T16:13:19","modified_gmt":"2025-11-04T08:13:19","slug":"dung-cu-chinh-dang-con","status":"publish","type":"product","link":"https:\/\/honwaygroup.com\/vi\/product\/dung-cu-chinh-dang-con\/","title":{"rendered":"M\u00e1y c\u1eaft h\u00ecnh n\u00f3n"},"content":{"rendered":"<h3><strong>M\u00e1y c\u1eaft h\u00ecnh n\u00f3n<\/strong><\/h3>\n<p>D\u1ee5ng c\u1ee5 m\u00e0i h\u00ecnh n\u00f3n s\u1eed d\u1ee5ng \u0111\u1ed9 c\u1ee9ng c\u1ef1c cao c\u1ee7a kim c\u01b0\u01a1ng \u0111\u1ec3 th\u1ef1c hi\u1ec7n c\u00e1c ho\u1ea1t \u0111\u1ed9ng m\u00e0i, m\u00e0i v\u00e0 l\u00e0m m\u1ecfng th\u00f4ng th\u01b0\u1eddng tr\u00ean <a href=\"https:\/\/zh.wikipedia.org\/zh-hant\/%E6%B0%A7%E5%8C%96%E9%93%9D\" rel=\"nofollow noopener\" target=\"_blank\">\u0111\u00e1 m\u00e0i silicon carbide <\/a>v\u00e0 alumina.<\/p>\n<p>&nbsp;<\/p>\n<p><a href=\"https:\/\/honwaygroup.com\/wp-content\/uploads\/2021\/01\/%E5%9C%93%E9%8C%90%E4%BF%AE%E5%88%80_%E5%B7%A5%E4%BD%9C%E5%8D%80%E5%9F%9F-1-%E8%A4%87%E6%9C%AC-28-1.webp\"><img fetchpriority=\"high\" decoding=\"async\" class=\"alignnone wp-image-28619 size-full\" src=\"https:\/\/honwaygroup.com\/wp-content\/uploads\/2021\/01\/%E5%9C%93%E9%8C%90%E4%BF%AE%E5%88%80_%E5%B7%A5%E4%BD%9C%E5%8D%80%E5%9F%9F-1-%E8%A4%87%E6%9C%AC-28-1.webp\" alt=\"\" width=\"594\" height=\"250\"><\/a><\/p>\n<table class=\"specTable\" width=\"100%\">\n<tbody>\n<tr>\n<th>G\u00f3c kim c\u01b0\u01a1ng<br \/>\n(V\u00b0)<\/th>\n<th>\u0110\u1ed9 cong \u0111\u1ea7u kim c\u01b0\u01a1ng<br \/>\n(R)<\/th>\n<th>Nguy\u00ean li\u1ec7u kim c\u01b0\u01a1ng th\u00f4<\/th>\n<th>M\u00e3 s\u1ea3n ph\u1ea9m<\/th>\n<\/tr>\n<tr>\n<td>60\u00b0<\/td>\n<td>0.02~0.03R<\/td>\n<td>\u00d81\/8\u201dx1\u201dL<\/td>\n<td>DC600<\/td>\n<\/tr>\n<tr>\n<td>60\u00b0<\/td>\n<td>0.02~0.03R<\/td>\n<td>\u00d81\/8\u201dx2\u201dL<\/td>\n<td>DC601<\/td>\n<\/tr>\n<tr>\n<td>60\u00b0<\/td>\n<td>0.02~0.03R<\/td>\n<td>\u00d81\/4\u201dx2\u201dL<\/td>\n<td>DC602<\/td>\n<\/tr>\n<tr>\n<td>60\u00b0<\/td>\n<td>0.02~0.03R<\/td>\n<td>\u00d83\/8\u201dx2\u201dL<\/td>\n<td>DC603<\/td>\n<\/tr>\n<tr>\n<td>60\u00b0<\/td>\n<td>0.02~0.03R<\/td>\n<td>\u00d810 x 50L(mm)<\/td>\n<td>DC604<\/td>\n<\/tr>\n<\/tbody>\n<\/table>\n<p>C\u00f3 b\u1ea5t k\u1ef3 th\u1eafc m\u1eafc n\u00e0o kh\u00f4ng? <a href=\"https:\/\/honwaygroup.com\/vi\/lien-he-voi-honway\/\">Li\u00ean h\u1ec7 v\u1edbi HonWay<\/a><\/p>\n","protected":false},"excerpt":{"rendered":"<ul>\n<li>D\u1ee5ng c\u1ee5 c\u1eaft h\u00ecnh n\u00f3n \u0111\u01b0\u1ee3c s\u1eed d\u1ee5ng \u0111\u1ec3 \u0111\u1ecbnh h\u00ecnh v\u00e0 c\u1eaft \u0111\u00e1 m\u00e0i, ho\u1eb7c \u0111\u1ec3 \u0111\u1ecbnh h\u00ecnh v\u00e0 c\u1eaft c\u00e1c cung tr\u00f2n b\u00ean trong v\u00e0 b\u00ean ngo\u00e0i.<\/li>\n<\/ul>\n<h5><strong><span style=\"color: #ff0000; font-size: 19.2px;\">\u25b2<\/span><\/strong><strong><span style=\"color: #ff0000; font-size: 19.2px;\"> N\u1ebfu c\u1ea7n k\u00edch th\u01b0\u1edbc t\u00f9y ch\u1ec9nh, vui l\u00f2ng li\u00ean h\u1ec7 b\u1ed9 ph\u1eadn ch\u0103m s\u00f3c kh\u00e1ch h\u00e0ng.<\/span><\/strong><\/h5>\n<h5><span style=\"color: #ff0000;\"><b>\u25b2 \u0110\u1eb7t h\u00e0ng s\u1ed1 l\u01b0\u1ee3ng l\u1edbn c\u00f3 th\u1ec3 \u0111\u01b0\u1ee3c h\u01b0\u1edfng chi\u1ebft kh\u1ea5u \u01b0u \u0111\u00e3i, vui l\u00f2ng li\u00ean h\u1ec7 b\u1ed9 ph\u1eadn ch\u0103m s\u00f3c kh\u00e1ch h\u00e0ng \u0111\u1ec3 bi\u1ebft th\u00eam chi ti\u1ebft.<\/b><\/span><\/h5>\n<h5>\u25b2 Vui l\u00f2ng li\u00ean h\u1ec7 b\u1ed9 ph\u1eadn ch\u0103m s\u00f3c kh\u00e1ch h\u00e0ng \u0111\u1ec3 h\u1ecfi v\u1ec1 th\u1eddi gian giao h\u00e0ng c\u1ee7a \u0111\u01a1n \u0111\u1eb7t h\u00e0ng: <a href=\"https:\/\/honwaygroup.com\/vi\/lien-he-voi-honway\/\">Li\u00ean h\u1ec7 HonWay.<\/a><\/h5>\n","protected":false},"featured_media":84105,"template":"","meta":{"site-sidebar-layout":"default","site-content-layout":"default","ast-site-content-layout":"default","site-content-style":"default","site-sidebar-style":"default","ast-global-header-display":"","ast-banner-title-visibility":"","ast-main-header-display":"","ast-hfb-above-header-display":"","ast-hfb-below-header-display":"","ast-hfb-mobile-header-display":"","site-post-title":"","ast-breadcrumbs-content":"","ast-featured-img":"","footer-sml-layout":"","ast-disable-related-posts":"","theme-transparent-header-meta":"default","adv-header-id-meta":"","stick-header-meta":"default","header-above-stick-meta":"","header-main-stick-meta":"","header-below-stick-meta":"","astra-migrate-meta-layouts":"default","ast-page-background-enabled":"default","ast-page-background-meta":{"desktop":{"background-color":"var(--ast-global-color-5)","background-image":"","background-repeat":"repeat","background-position":"center center","background-size":"auto","background-attachment":"scroll","background-type":"","background-media":"","overlay-type":"","overlay-color":"","overlay-opacity":"","overlay-gradient":""},"tablet":{"background-color":"","background-image":"","background-repeat":"repeat","background-position":"center center","background-size":"auto","background-attachment":"scroll","background-type":"","background-media":"","overlay-type":"","overlay-color":"","overlay-opacity":"","overlay-gradient":""},"mobile":{"background-color":"","background-image":"","background-repeat":"repeat","background-position":"center center","background-size":"auto","background-attachment":"scroll","background-type":"","background-media":"","overlay-type":"","overlay-color":"","overlay-opacity":"","overlay-gradient":""}},"ast-content-background-meta":{"desktop":{"background-color":"var(--ast-global-color-4)","background-image":"","background-repeat":"repeat","background-position":"center center","background-size":"auto","background-attachment":"scroll","background-type":"","background-media":"","overlay-type":"","overlay-color":"","overlay-opacity":"","overlay-gradient":""},"tablet":{"background-color":"var(--ast-global-color-4)","background-image":"","background-repeat":"repeat","background-position":"center center","background-size":"auto","background-attachment":"scroll","background-type":"","background-media":"","overlay-type":"","overlay-color":"","overlay-opacity":"","overlay-gradient":""},"mobile":{"background-color":"var(--ast-global-color-4)","background-image":"","background-repeat":"repeat","background-position":"center center","background-size":"auto","background-attachment":"scroll","background-type":"","background-media":"","overlay-type":"","overlay-color":"","overlay-opacity":"","overlay-gradient":""}}},"product_brand":[],"product_cat":[4389,4377],"product_tag":[4785,5055,5056],"class_list":{"0":"post-84104","1":"product","2":"type-product","3":"status-publish","4":"has-post-thumbnail","6":"product_cat-cong-cu-kim-cuong","7":"product_cat-cong-cu-sua-chua-kim-cuong","8":"product_tag-dao-sua-da-hinh-non","9":"product_tag-dao-sua-kim-cuong","10":"product_tag-dung-cu-sua-kim-cuong","11":"desktop-align-left","12":"tablet-align-left","13":"mobile-align-left","14":"ast-product-gallery-layout-horizontal-slider","15":"ast-product-gallery-with-no-image","16":"ast-product-single-variable","17":"ast-product-tabs-layout-horizontal","19":"first","20":"instock","21":"taxable","22":"shipping-taxable","23":"purchasable","24":"product-type-variable"},"_links":{"self":[{"href":"https:\/\/honwaygroup.com\/vi\/wp-json\/wp\/v2\/product\/84104","targetHints":{"allow":["GET"]}}],"collection":[{"href":"https:\/\/honwaygroup.com\/vi\/wp-json\/wp\/v2\/product"}],"about":[{"href":"https:\/\/honwaygroup.com\/vi\/wp-json\/wp\/v2\/types\/product"}],"version-history":[{"count":0,"href":"https:\/\/honwaygroup.com\/vi\/wp-json\/wp\/v2\/product\/84104\/revisions"}],"wp:featuredmedia":[{"embeddable":true,"href":"https:\/\/honwaygroup.com\/vi\/wp-json\/wp\/v2\/media\/84105"}],"wp:attachment":[{"href":"https:\/\/honwaygroup.com\/vi\/wp-json\/wp\/v2\/media?parent=84104"}],"wp:term":[{"taxonomy":"product_brand","embeddable":true,"href":"https:\/\/honwaygroup.com\/vi\/wp-json\/wp\/v2\/product_brand?post=84104"},{"taxonomy":"product_cat","embeddable":true,"href":"https:\/\/honwaygroup.com\/vi\/wp-json\/wp\/v2\/product_cat?post=84104"},{"taxonomy":"product_tag","embeddable":true,"href":"https:\/\/honwaygroup.com\/vi\/wp-json\/wp\/v2\/product_tag?post=84104"}],"curies":[{"name":"wp","href":"https:\/\/api.w.org\/{rel}","templated":true}]}}