{"id":84098,"date":"2021-01-17T16:30:02","date_gmt":"2021-01-17T08:30:02","guid":{"rendered":"https:\/\/honwaygroup.com\/product\/dung-cu-chinh-hinh-dang-cvd\/"},"modified":"2025-11-04T16:07:25","modified_gmt":"2025-11-04T08:07:25","slug":"dung-cu-chinh-hinh-dang-cvd","status":"publish","type":"product","link":"https:\/\/honwaygroup.com\/vi\/product\/dung-cu-chinh-hinh-dang-cvd\/","title":{"rendered":"D\u1ee5ng c\u1ee5 t\u1ea1o h\u00ecnh CVD"},"content":{"rendered":"<div class=\"resCol12\">\n<div class=\"resMargin\">\n<h3><strong>D\u1ee5ng c\u1ee5 t\u1ea1o h\u00ecnh CVD<\/strong><\/h3>\n<p>&nbsp;<\/p>\n<p>N\u00f3 c\u00f3 th\u1ec3 \u0111\u01b0\u1ee3c s\u1eed d\u1ee5ng trong \u0111\u00e1 m\u00e0i cho ng\u00e0nh h\u00e0ng kh\u00f4ng v\u0169 tr\u1ee5, <a href=\"https:\/\/www.wikiwand.com\/zh-mo\/%E7%A3%A8%E5%BA%8A\" rel=\"nofollow noopener\" target=\"_blank\">linh ki\u1ec7n m\u00e1y c\u00f4ng c\u1ee5<\/a> v\u00e0 ph\u1ee5 t\u00f9ng \u00f4 t\u00f4.<\/p>\n<p>B\u1eb1ng c\u00e1ch s\u1eed d\u1ee5ng c\u00e1c \u0111\u1ea7u nh\u1ecdn c\u1ee7a ba vi\u00ean kim c\u01b0\u01a1ng \u0111\u1ec3 m\u00e0i \u0111\u1ed3ng th\u1eddi \u0111\u00e1 m\u00e0i, hi\u1ec7u qu\u1ea3 m\u00e0i v\u00e0 \u0111\u1ed9 ch\u00ednh x\u00e1c c\u1ee7a \u0111\u00e1 m\u00e0i c\u00f3 th\u1ec3 \u0111\u01b0\u1ee3c c\u1ea3i thi\u1ec7n \u0111\u00e1ng k\u1ec3. Do \u0111\u00f3, ph\u01b0\u01a1ng ph\u00e1p n\u00e0y c\u00f2n \u0111\u01b0\u1ee3c g\u1ecdi l\u00e0 m\u00e0i ba \u0111i\u1ec3m. <\/p>\n<p>&nbsp;<\/p>\n<p><a href=\"https:\/\/honwaygroup.com\/wp-content\/uploads\/2021\/01\/CVD-%E6%88%90%E5%9E%8B%E4%BF%AE%E5%88%80_%E5%B7%A5%E4%BD%9C%E5%8D%80%E5%9F%9F-1-%E8%A4%87%E6%9C%AC-28.webp\"><img fetchpriority=\"high\" decoding=\"async\" class=\"alignnone size-full wp-image-27284\" src=\"https:\/\/honwaygroup.com\/wp-content\/uploads\/2021\/01\/CVD-%E6%88%90%E5%9E%8B%E4%BF%AE%E5%88%80_%E5%B7%A5%E4%BD%9C%E5%8D%80%E5%9F%9F-1-%E8%A4%87%E6%9C%AC-28.webp\" alt=\"\" width=\"1253\" height=\"250\"><\/a><\/p>\n<table class=\"specTable\" width=\"100%\">\n<tbody>\n<tr>\n<th>V\u00b0<\/th>\n<th>A\u00b0<\/th>\n<th>W<\/th>\n<th>R<\/th>\n<th>\u00f8D<\/th>\n<th>d<\/th>\n<th>L<\/th>\n<th>Stone nos.<\/th>\n<th>s\u1ed1 seri<\/th>\n<\/tr>\n<tr>\n<td>40<\/td>\n<td>&#8211;<\/td>\n<td>8<\/td>\n<td>0.2<\/td>\n<td>8<\/td>\n<td>&#8211;<\/td>\n<td>25<\/td>\n<td>3<\/td>\n<td>CVD -F0240 -1<\/td>\n<\/tr>\n<tr>\n<td>55<\/td>\n<td>&#8211;<\/td>\n<td>10<\/td>\n<td>0.2<\/td>\n<td>12<\/td>\n<td>11<\/td>\n<td>40<\/td>\n<td>3<\/td>\n<td>CVD -F0255 -1<\/td>\n<\/tr>\n<tr>\n<td>55<\/td>\n<td>15<\/td>\n<td>10<\/td>\n<td>0.2<\/td>\n<td>12<\/td>\n<td>10<\/td>\n<td>50<\/td>\n<td>3<\/td>\n<td>CVD -F02550 -T1<\/td>\n<\/tr>\n<tr>\n<td>55<\/td>\n<td>6<\/td>\n<td>10<\/td>\n<td>0.2<\/td>\n<td>12<\/td>\n<td>11.5<\/td>\n<td>50<\/td>\n<td>3<\/td>\n<td>CVD -F02550 -T2<\/td>\n<\/tr>\n<\/tbody>\n<\/table>\n<ul class=\"main_ul\">\n<li><strong>\u0110\u1ed1i v\u1edbi c\u00e1c th\u00f4ng s\u1ed1 k\u1ef9 thu\u1eadt kh\u00e1c, vui l\u00f2ng cung c\u1ea5p b\u1ea3n v\u1ebd chi ti\u1ebft tr\u01b0\u1edbc khi \u0111\u1eb7t h\u00e0ng.<\/strong><\/li>\n<\/ul>\n<p>C\u00f3 b\u1ea5t k\u1ef3 th\u1eafc m\u1eafc n\u00e0o kh\u00f4ng? <a href=\"https:\/\/honwaygroup.com\/vi\/lien-he-voi-honway\/\">Li\u00ean h\u1ec7 v\u1edbi HonWay<\/a><\/p>\n<\/div>\n<\/div>\n","protected":false},"excerpt":{"rendered":"<ul>\n<li>D\u1ee5ng c\u1ee5 t\u1ea1o h\u00ecnh v\u00e0 gia c\u00f4ng \u0111\u01b0\u1ee3c s\u1eed d\u1ee5ng \u0111\u1ec3 t\u1ea1o h\u00ecnh v\u00e0 gia c\u00f4ng \u0111\u00e1 m\u00e0i, ho\u1eb7c \u0111\u1ec3 t\u1ea1o h\u00ecnh v\u00e0 gia c\u00f4ng c\u00e1c cung tr\u00f2n b\u00ean trong v\u00e0 b\u00ean ngo\u00e0i.<\/li>\n<\/ul>\n<h5><strong><span style=\"color: #ff0000; font-size: 19.2px;\">\u25b2<\/span><\/strong><strong><span style=\"color: #ff0000; font-size: 19.2px;\"> N\u1ebfu c\u1ea7n k\u00edch th\u01b0\u1edbc t\u00f9y ch\u1ec9nh, vui l\u00f2ng li\u00ean h\u1ec7 b\u1ed9 ph\u1eadn ch\u0103m s\u00f3c kh\u00e1ch h\u00e0ng.<\/span><\/strong><\/h5>\n<h5><span style=\"color: #ff0000;\"><b>\u25b2 \u0110\u1eb7t h\u00e0ng s\u1ed1 l\u01b0\u1ee3ng l\u1edbn c\u00f3 th\u1ec3 \u0111\u01b0\u1ee3c h\u01b0\u1edfng chi\u1ebft kh\u1ea5u \u01b0u \u0111\u00e3i, vui l\u00f2ng li\u00ean h\u1ec7 b\u1ed9 ph\u1eadn ch\u0103m s\u00f3c kh\u00e1ch h\u00e0ng \u0111\u1ec3 bi\u1ebft th\u00eam chi ti\u1ebft.<\/b><\/span><\/h5>\n<h5>\u25b2 Vui l\u00f2ng li\u00ean h\u1ec7 b\u1ed9 ph\u1eadn ch\u0103m s\u00f3c kh\u00e1ch h\u00e0ng \u0111\u1ec3 h\u1ecfi v\u1ec1 th\u1eddi gian giao h\u00e0ng c\u1ee7a \u0111\u01a1n \u0111\u1eb7t h\u00e0ng: <a href=\"https:\/\/honwaygroup.com\/vi\/lien-he-voi-honway\/\">Li\u00ean h\u1ec7 HonWay.<\/a><\/h5>\n","protected":false},"featured_media":84099,"template":"","meta":{"site-sidebar-layout":"default","site-content-layout":"default","ast-site-content-layout":"default","site-content-style":"default","site-sidebar-style":"default","ast-global-header-display":"","ast-banner-title-visibility":"","ast-main-header-display":"","ast-hfb-above-header-display":"","ast-hfb-below-header-display":"","ast-hfb-mobile-header-display":"","site-post-title":"","ast-breadcrumbs-content":"","ast-featured-img":"","footer-sml-layout":"","ast-disable-related-posts":"","theme-transparent-header-meta":"default","adv-header-id-meta":"","stick-header-meta":"default","header-above-stick-meta":"","header-main-stick-meta":"","header-below-stick-meta":"","astra-migrate-meta-layouts":"default","ast-page-background-enabled":"default","ast-page-background-meta":{"desktop":{"background-color":"var(--ast-global-color-5)","background-image":"","background-repeat":"repeat","background-position":"center center","background-size":"auto","background-attachment":"scroll","background-type":"","background-media":"","overlay-type":"","overlay-color":"","overlay-opacity":"","overlay-gradient":""},"tablet":{"background-color":"","background-image":"","background-repeat":"repeat","background-position":"center center","background-size":"auto","background-attachment":"scroll","background-type":"","background-media":"","overlay-type":"","overlay-color":"","overlay-opacity":"","overlay-gradient":""},"mobile":{"background-color":"","background-image":"","background-repeat":"repeat","background-position":"center center","background-size":"auto","background-attachment":"scroll","background-type":"","background-media":"","overlay-type":"","overlay-color":"","overlay-opacity":"","overlay-gradient":""}},"ast-content-background-meta":{"desktop":{"background-color":"var(--ast-global-color-4)","background-image":"","background-repeat":"repeat","background-position":"center center","background-size":"auto","background-attachment":"scroll","background-type":"","background-media":"","overlay-type":"","overlay-color":"","overlay-opacity":"","overlay-gradient":""},"tablet":{"background-color":"var(--ast-global-color-4)","background-image":"","background-repeat":"repeat","background-position":"center center","background-size":"auto","background-attachment":"scroll","background-type":"","background-media":"","overlay-type":"","overlay-color":"","overlay-opacity":"","overlay-gradient":""},"mobile":{"background-color":"var(--ast-global-color-4)","background-image":"","background-repeat":"repeat","background-position":"center center","background-size":"auto","background-attachment":"scroll","background-type":"","background-media":"","overlay-type":"","overlay-color":"","overlay-opacity":"","overlay-gradient":""}}},"product_brand":[],"product_cat":[4389,4377],"product_tag":[4728,5055,5056],"class_list":{"0":"post-84098","1":"product","2":"type-product","3":"status-publish","4":"has-post-thumbnail","6":"product_cat-cong-cu-kim-cuong","7":"product_cat-cong-cu-sua-chua-kim-cuong","8":"product_tag-dao-sua-hinh-cvd","9":"product_tag-dao-sua-kim-cuong","10":"product_tag-dung-cu-sua-kim-cuong","11":"desktop-align-left","12":"tablet-align-left","13":"mobile-align-left","14":"ast-product-gallery-layout-horizontal-slider","15":"ast-product-single-variable","16":"ast-product-tabs-layout-horizontal","18":"first","19":"instock","20":"taxable","21":"shipping-taxable","22":"purchasable","23":"product-type-variable"},"_links":{"self":[{"href":"https:\/\/honwaygroup.com\/vi\/wp-json\/wp\/v2\/product\/84098","targetHints":{"allow":["GET"]}}],"collection":[{"href":"https:\/\/honwaygroup.com\/vi\/wp-json\/wp\/v2\/product"}],"about":[{"href":"https:\/\/honwaygroup.com\/vi\/wp-json\/wp\/v2\/types\/product"}],"version-history":[{"count":0,"href":"https:\/\/honwaygroup.com\/vi\/wp-json\/wp\/v2\/product\/84098\/revisions"}],"wp:featuredmedia":[{"embeddable":true,"href":"https:\/\/honwaygroup.com\/vi\/wp-json\/wp\/v2\/media\/84099"}],"wp:attachment":[{"href":"https:\/\/honwaygroup.com\/vi\/wp-json\/wp\/v2\/media?parent=84098"}],"wp:term":[{"taxonomy":"product_brand","embeddable":true,"href":"https:\/\/honwaygroup.com\/vi\/wp-json\/wp\/v2\/product_brand?post=84098"},{"taxonomy":"product_cat","embeddable":true,"href":"https:\/\/honwaygroup.com\/vi\/wp-json\/wp\/v2\/product_cat?post=84098"},{"taxonomy":"product_tag","embeddable":true,"href":"https:\/\/honwaygroup.com\/vi\/wp-json\/wp\/v2\/product_tag?post=84098"}],"curies":[{"name":"wp","href":"https:\/\/api.w.org\/{rel}","templated":true}]}}