{"id":84087,"date":"2021-01-17T16:34:27","date_gmt":"2021-01-17T08:34:27","guid":{"rendered":"https:\/\/honwaygroup.com\/product\/may-tia-ket-hop-dong-di\/"},"modified":"2025-11-04T15:52:33","modified_gmt":"2025-11-04T07:52:33","slug":"may-tia-ket-hop-dong-di","status":"publish","type":"product","link":"https:\/\/honwaygroup.com\/vi\/product\/may-tia-ket-hop-dong-di\/","title":{"rendered":"K\u1ebft h\u1ee3p v\u1edbi s\u1eeda ch\u1eefa dao (D\u00f2ng DI)"},"content":{"rendered":"<h3><strong>K\u1ebft h\u1ee3p v\u1edbi s\u1eeda ch\u1eefa dao (D\u00f2ng DI)<\/strong><\/h3>\n<p>&nbsp;<\/p>\n<h4><strong>K\u00edch th\u01b0\u1edbc ph\u00e2n kh\u00fac kim c\u01b0\u01a1ng<\/strong><\/h4>\n<p>&nbsp;<\/p>\n<p><a href=\"https:\/\/honwaygroup.com\/wp-content\/uploads\/2021\/01\/%E7%B5%90%E5%90%88%E4%BF%AE%E5%88%80-DI-Series_%E5%B7%A5%E4%BD%9C%E5%8D%80%E5%9F%9F-1-%E8%A4%87%E6%9C%AC-31.webp\"><img fetchpriority=\"high\" decoding=\"async\" class=\"alignnone size-full wp-image-27397\" src=\"https:\/\/honwaygroup.com\/wp-content\/uploads\/2021\/01\/%E7%B5%90%E5%90%88%E4%BF%AE%E5%88%80-DI-Series_%E5%B7%A5%E4%BD%9C%E5%8D%80%E5%9F%9F-1-%E8%A4%87%E6%9C%AC-31.webp\" alt=\"\" width=\"1253\" height=\"250\"><\/a><\/p>\n<p>&nbsp;<\/p>\n<p>\u0110\u01a1n v\u1ecb: mm<\/p>\n<table class=\"specTable\" width=\"100%\">\n<tbody>\n<tr>\n<th>s\u1ed1 seri<\/th>\n<th>R\u0103ng kim c\u01b0\u01a1ng<\/th>\n<th>K\u00edch th\u01b0\u1edbc h\u1ea1t<\/th>\n<th width=\"30%\">H\u00ecnh d\u1ea1ng tay c\u1ea7m b\u1eb1ng s\u1eaft<\/th>\n<th>K\u00edch th\u01b0\u1edbc tay c\u1ea7m b\u1eb1ng s\u1eaft<\/th>\n<th>Ph\u1ea1m vi \u00e1p d\u1ee5ng<\/th>\n<\/tr>\n<tr>\n<td>DI-2AFC<\/td>\n<td>2A<\/td>\n<td>F<\/td>\n<td rowspan=\"3\"><a href=\"https:\/\/honwaygroup.com\/wp-content\/uploads\/2021\/01\/%E7%B5%90%E5%90%88%E4%BF%AE%E5%88%80-DI-Series_%E5%B7%A5%E4%BD%9C%E5%8D%80%E5%9F%9F-1-%E8%A4%87%E6%9C%AC-28.webp\"><img decoding=\"async\" class=\"alignnone size-full wp-image-27385\" src=\"https:\/\/honwaygroup.com\/wp-content\/uploads\/2021\/01\/%E7%B5%90%E5%90%88%E4%BF%AE%E5%88%80-DI-Series_%E5%B7%A5%E4%BD%9C%E5%8D%80%E5%9F%9F-1-%E8%A4%87%E6%9C%AC-28.webp\" alt=\"\" width=\"1253\" height=\"250\"><\/a><\/td>\n<td rowspan=\"3\">\u00d812x100L<br \/>\n\u00d812x50L<br \/>\n\u00d811x30L<\/td>\n<td rowspan=\"6\"><a href=\"https:\/\/www.newton.com.tw\/wiki\/%E7%84%A1%E5%BF%83%E7%A3%A8\/3465229\" rel=\"nofollow noopener\" target=\"_blank\">K\u00edch th\u01b0\u1edbc \u0111\u00e1 m\u00e0i kh\u00f4ng t\u00e2m<\/a>, \u0111\u00e1 m\u00e0i h\u00ecnh tr\u1ee5 v\u00e0 \u0111\u00e1 m\u00e0i b\u1ec1 m\u1eb7t dao \u0111\u1ed9ng t\u1eeb \u00d8300&#215;25 \u0111\u1ebfn \u00d8500&#215;63.<\/td>\n<\/tr>\n<tr>\n<td>DI-2AMC<\/td>\n<td>2A<\/td>\n<td>M<\/td>\n<\/tr>\n<tr>\n<td>DI-2ARC<\/td>\n<td>2A<\/td>\n<td>R<\/td>\n<\/tr>\n<tr>\n<td>DI-2AFD<\/td>\n<td>2A<\/td>\n<td>F<\/td>\n<td rowspan=\"3\"><a href=\"https:\/\/honwaygroup.com\/wp-content\/uploads\/2021\/01\/%E7%B5%90%E5%90%88%E4%BF%AE%E5%88%80-DI-Series_%E5%B7%A5%E4%BD%9C%E5%8D%80%E5%9F%9F-1-%E8%A4%87%E6%9C%AC-29.webp\"><img decoding=\"async\" class=\"alignnone size-full wp-image-27389\" src=\"https:\/\/honwaygroup.com\/wp-content\/uploads\/2021\/01\/%E7%B5%90%E5%90%88%E4%BF%AE%E5%88%80-DI-Series_%E5%B7%A5%E4%BD%9C%E5%8D%80%E5%9F%9F-1-%E8%A4%87%E6%9C%AC-29.webp\" alt=\"\" width=\"1253\" height=\"250\"><\/a><\/td>\n<td rowspan=\"3\">\u00d812x50L<br \/>\n\u00d811x30L<\/td>\n<\/tr>\n<tr>\n<td>DI-2AMD<\/td>\n<td>2A<\/td>\n<td>M<\/td>\n<\/tr>\n<tr>\n<td>DI-2ARD<\/td>\n<td>2A<\/td>\n<td>R<\/td>\n<\/tr>\n<tr>\n<td>DI-1CFG<\/td>\n<td>1C<\/td>\n<td>F<\/td>\n<td rowspan=\"3\"><a href=\"https:\/\/honwaygroup.com\/wp-content\/uploads\/2021\/01\/%E7%B5%90%E5%90%88%E4%BF%AE%E5%88%80-DI-Series_%E5%B7%A5%E4%BD%9C%E5%8D%80%E5%9F%9F-1-%E8%A4%87%E6%9C%AC-30.webp\"><img loading=\"lazy\" decoding=\"async\" class=\"alignnone size-full wp-image-27393\" src=\"https:\/\/honwaygroup.com\/wp-content\/uploads\/2021\/01\/%E7%B5%90%E5%90%88%E4%BF%AE%E5%88%80-DI-Series_%E5%B7%A5%E4%BD%9C%E5%8D%80%E5%9F%9F-1-%E8%A4%87%E6%9C%AC-30.webp\" alt=\"\" width=\"1253\" height=\"250\"><\/a><\/td>\n<td rowspan=\"3\">\u00d812x50L<br \/>\n\u00d811x30L<\/td>\n<td rowspan=\"3\">\u0110\u00e1 m\u00e0i th\u00f4ng d\u1ee5ng c\u00f3 k\u00edch th\u01b0\u1edbc \u00d8300 ho\u1eb7c nh\u1ecf h\u01a1n.<\/td>\n<\/tr>\n<tr>\n<td>DI-1CMG<\/td>\n<td>1C<\/td>\n<td>M<\/td>\n<\/tr>\n<tr>\n<td>DI-1CRG<\/td>\n<td>1C<\/td>\n<td>R<\/td>\n<\/tr>\n<\/tbody>\n<\/table>\n<ul class=\"main_ul\">\n<li><strong>K\u00edch th\u01b0\u1edbc h\u1ea1t: F: l\u01b0\u1edbi m\u1ecbn M: l\u01b0\u1edbi trung b\u00ecnh R: l\u01b0\u1edbi th\u00f4<\/strong><\/li>\n<\/ul>\n<p>C\u00f3 b\u1ea5t k\u1ef3 th\u1eafc m\u1eafc n\u00e0o kh\u00f4ng? <a href=\"https:\/\/honwaygroup.com\/vi\/lien-he-voi-honway\/\">Li\u00ean h\u1ec7 v\u1edbi HonWay<\/a><\/p>\n","protected":false},"excerpt":{"rendered":"<ul>\n<li>C\u00f3 th\u1ec3 s\u1eed d\u1ee5ng \u0111\u1ec3 m\u00e0i \u0111\u00e1 c\u1ea7m tay v\u00e0 m\u00e0i \u0111\u00e1 t\u1ef1 \u0111\u1ed9ng tr\u00ean m\u00e1y m\u00f3c.<\/li>\n<\/ul>\n<h5><strong><span style=\"color: #ff0000;font-size: 19.2px\">\u25b2<\/span><\/strong><strong><span style=\"color: #ff0000;font-size: 19.2px\"> N\u1ebfu c\u1ea7n k\u00edch th\u01b0\u1edbc t\u00f9y ch\u1ec9nh, vui l\u00f2ng li\u00ean h\u1ec7 b\u1ed9 ph\u1eadn ch\u0103m s\u00f3c kh\u00e1ch h\u00e0ng.<\/span><\/strong><\/h5>\n<h5><span style=\"color: #ff0000\"><b>\u25b2 \u0110\u1eb7t h\u00e0ng s\u1ed1 l\u01b0\u1ee3ng l\u1edbn c\u00f3 th\u1ec3 \u0111\u01b0\u1ee3c h\u01b0\u1edfng chi\u1ebft kh\u1ea5u \u01b0u \u0111\u00e3i, vui l\u00f2ng li\u00ean h\u1ec7 b\u1ed9 ph\u1eadn ch\u0103m s\u00f3c kh\u00e1ch h\u00e0ng \u0111\u1ec3 bi\u1ebft th\u00eam chi ti\u1ebft.<\/b><\/span><\/h5>\n<h5>\u25b2 Vui l\u00f2ng li\u00ean h\u1ec7 b\u1ed9 ph\u1eadn ch\u0103m s\u00f3c kh\u00e1ch h\u00e0ng \u0111\u1ec3 h\u1ecfi v\u1ec1 th\u1eddi gian giao h\u00e0ng c\u1ee7a \u0111\u01a1n \u0111\u1eb7t h\u00e0ng: <a href=\"https:\/\/honwaygroup.com\/vi\/lien-he-voi-honway\/\">Li\u00ean h\u1ec7 HonWay.<\/a><\/h5>\n","protected":false},"featured_media":84088,"template":"","meta":{"site-sidebar-layout":"default","site-content-layout":"default","ast-site-content-layout":"default","site-content-style":"default","site-sidebar-style":"default","ast-global-header-display":"","ast-banner-title-visibility":"","ast-main-header-display":"","ast-hfb-above-header-display":"","ast-hfb-below-header-display":"","ast-hfb-mobile-header-display":"","site-post-title":"","ast-breadcrumbs-content":"","ast-featured-img":"","footer-sml-layout":"","ast-disable-related-posts":"","theme-transparent-header-meta":"default","adv-header-id-meta":"","stick-header-meta":"default","header-above-stick-meta":"","header-main-stick-meta":"","header-below-stick-meta":"","astra-migrate-meta-layouts":"default","ast-page-background-enabled":"default","ast-page-background-meta":{"desktop":{"background-color":"var(--ast-global-color-5)","background-image":"","background-repeat":"repeat","background-position":"center center","background-size":"auto","background-attachment":"scroll","background-type":"","background-media":"","overlay-type":"","overlay-color":"","overlay-opacity":"","overlay-gradient":""},"tablet":{"background-color":"","background-image":"","background-repeat":"repeat","background-position":"center center","background-size":"auto","background-attachment":"scroll","background-type":"","background-media":"","overlay-type":"","overlay-color":"","overlay-opacity":"","overlay-gradient":""},"mobile":{"background-color":"","background-image":"","background-repeat":"repeat","background-position":"center center","background-size":"auto","background-attachment":"scroll","background-type":"","background-media":"","overlay-type":"","overlay-color":"","overlay-opacity":"","overlay-gradient":""}},"ast-content-background-meta":{"desktop":{"background-color":"var(--ast-global-color-4)","background-image":"","background-repeat":"repeat","background-position":"center center","background-size":"auto","background-attachment":"scroll","background-type":"","background-media":"","overlay-type":"","overlay-color":"","overlay-opacity":"","overlay-gradient":""},"tablet":{"background-color":"var(--ast-global-color-4)","background-image":"","background-repeat":"repeat","background-position":"center center","background-size":"auto","background-attachment":"scroll","background-type":"","background-media":"","overlay-type":"","overlay-color":"","overlay-opacity":"","overlay-gradient":""},"mobile":{"background-color":"var(--ast-global-color-4)","background-image":"","background-repeat":"repeat","background-position":"center center","background-size":"auto","background-attachment":"scroll","background-type":"","background-media":"","overlay-type":"","overlay-color":"","overlay-opacity":"","overlay-gradient":""}}},"product_brand":[],"product_cat":[4389,4377],"product_tag":[4943,5055,5056],"class_list":{"0":"post-84087","1":"product","2":"type-product","3":"status-publish","4":"has-post-thumbnail","6":"product_cat-cong-cu-kim-cuong","7":"product_cat-cong-cu-sua-chua-kim-cuong","8":"product_tag--vi","9":"product_tag-dao-sua-kim-cuong","10":"product_tag-dung-cu-sua-kim-cuong","11":"desktop-align-left","12":"tablet-align-left","13":"mobile-align-left","14":"ast-product-gallery-layout-horizontal-slider","15":"ast-product-single-variable","16":"ast-product-tabs-layout-horizontal","18":"first","19":"instock","20":"taxable","21":"shipping-taxable","22":"purchasable","23":"product-type-variable"},"_links":{"self":[{"href":"https:\/\/honwaygroup.com\/vi\/wp-json\/wp\/v2\/product\/84087","targetHints":{"allow":["GET"]}}],"collection":[{"href":"https:\/\/honwaygroup.com\/vi\/wp-json\/wp\/v2\/product"}],"about":[{"href":"https:\/\/honwaygroup.com\/vi\/wp-json\/wp\/v2\/types\/product"}],"version-history":[{"count":0,"href":"https:\/\/honwaygroup.com\/vi\/wp-json\/wp\/v2\/product\/84087\/revisions"}],"wp:featuredmedia":[{"embeddable":true,"href":"https:\/\/honwaygroup.com\/vi\/wp-json\/wp\/v2\/media\/84088"}],"wp:attachment":[{"href":"https:\/\/honwaygroup.com\/vi\/wp-json\/wp\/v2\/media?parent=84087"}],"wp:term":[{"taxonomy":"product_brand","embeddable":true,"href":"https:\/\/honwaygroup.com\/vi\/wp-json\/wp\/v2\/product_brand?post=84087"},{"taxonomy":"product_cat","embeddable":true,"href":"https:\/\/honwaygroup.com\/vi\/wp-json\/wp\/v2\/product_cat?post=84087"},{"taxonomy":"product_tag","embeddable":true,"href":"https:\/\/honwaygroup.com\/vi\/wp-json\/wp\/v2\/product_tag?post=84087"}],"curies":[{"name":"wp","href":"https:\/\/api.w.org\/{rel}","templated":true}]}}