{"id":84072,"date":"2021-01-18T16:35:42","date_gmt":"2021-01-18T08:35:42","guid":{"rendered":"https:\/\/honwaygroup.com\/product\/may-dua-khi-nen-nam-ngang-us-70\/"},"modified":"2025-09-26T10:10:45","modified_gmt":"2025-09-26T02:10:45","slug":"may-dua-khi-nen-nam-ngang-us-70","status":"publish","type":"product","link":"https:\/\/honwaygroup.com\/vi\/product\/may-dua-khi-nen-nam-ngang-us-70\/","title":{"rendered":"M\u00e1y m\u00e0i gi\u0169a kh\u00ed n\u00e9n ngang v\u00e0 ngang US-70"},"content":{"rendered":"<h3><strong>M\u00e1y m\u00e0i gi\u0169a kh\u00ed n\u00e9n ngang v\u00e0 ngang US-70<\/strong><\/h3>\n<table class=\"specTable\" width=\"100%\">\n<tbody>\n<tr>\n<th>H\u00e0nh tr\u00ecnh<\/th>\n<th>\u00c1p su\u1ea5t n\u1ea1p<\/th>\n<th>Tr\u1ecdng l\u01b0\u1ee3ng<\/th>\n<th>K\u00edch th\u01b0\u1edbc<\/th>\n<\/tr>\n<tr>\n<td>0.7mm<\/td>\n<td>90psi (6.2kg\/cm<sup>2<\/sup>)<\/td>\n<td>305g<\/td>\n<td>\u00d828x205L (mm)<\/td>\n<\/tr>\n<\/tbody>\n<\/table>\n<h4><strong><br \/>\n\u0110\u1ea1i h\u1ed9i \u0111\u1ed3ng<\/strong><\/h4>\n<p><strong>\u0110\u1ec3 d\u1ee5ng c\u1ee5 kh\u00ed n\u00e9n \u0111\u1ea1t \u0111\u01b0\u1ee3c tr\u1ea1ng th\u00e1i t\u1ed1t nh\u1ea5t v\u00e0 k\u00e9o d\u00e0i tu\u1ed5i th\u1ecd, c\u1ea7n k\u1ebft n\u1ed1i ba \u0111i\u1ec3m k\u1ebft h\u1ee3p \u0111\u1ec3 l\u1ecdc h\u01a1i \u1ea9m, ki\u1ec3m so\u00e1t \u00e1p su\u1ea5t n\u1ea1p v\u00e0 b\u00f4i tr\u01a1n.<\/strong><\/p>\n<p><a href=\"https:\/\/honwaygroup.com\/wp-content\/uploads\/2021\/01\/%E5%B7%A6%E5%8F%B3%E6%A9%AB%E7%A7%BB%E5%BC%8F%E6%B0%A3%E5%8B%95%E9%8A%BC%E7%A3%A8%E6%A9%9F_%E5%B7%A5%E4%BD%9C%E5%8D%80%E5%9F%9F-1-%E8%A4%87%E6%9C%AC-52-1.webp\"><img fetchpriority=\"high\" decoding=\"async\" class=\"aligncenter wp-image-28051\" src=\"https:\/\/honwaygroup.com\/wp-content\/uploads\/2021\/01\/%E5%B7%A6%E5%8F%B3%E6%A9%AB%E7%A7%BB%E5%BC%8F%E6%B0%A3%E5%8B%95%E9%8A%BC%E7%A3%A8%E6%A9%9F_%E5%B7%A5%E4%BD%9C%E5%8D%80%E5%9F%9F-1-%E8%A4%87%E6%9C%AC-52-1-300x127.webp\" alt=\"\" width=\"600\" height=\"255\"><\/a><strong>C\u00e1c quy \u0111\u1ecbnh nh\u1eb1m c\u1ea3i thi\u1ec7n hi\u1ec7u su\u1ea5t v\u00e0 tu\u1ed5i th\u1ecd:<\/strong><\/p>\n<p><strong>\u0110\u1ec3 d\u1ee5ng c\u1ee5 kh\u00ed n\u00e9n \u0111\u1ea1t \u0111\u01b0\u1ee3c tr\u1ea1ng th\u00e1i t\u1ed1t nh\u1ea5t v\u00e0 k\u00e9o d\u00e0i tu\u1ed5i th\u1ecd, c\u1ea7n k\u1ebft n\u1ed1i ba \u0111i\u1ec3m k\u1ebft h\u1ee3p \u0111\u1ec3 l\u1ecdc h\u01a1i \u1ea9m, ki\u1ec3m so\u00e1t \u00e1p su\u1ea5t n\u1ea1p v\u00e0 b\u00f4i tr\u01a1n.<\/strong><\/p>\n<ul class=\"main_ul\">\n<li>Tr\u01b0\u1edbc khi s\u1eed d\u1ee5ng d\u1ee5ng c\u1ee5 kh\u00ed n\u00e9n, vui l\u00f2ng \u0111\u1ea3m b\u1ea3o c\u00f3 \u0111\u1ee7 d\u1ea7u b\u00f4i tr\u01a1n trong b\u00ecnh tra d\u1ea7u \u1edf t\u1ed5 h\u1ee3p ba \u0111i\u1ec3m.<\/li>\n<li>\u0110i\u1ec1u ch\u1ec9nh \u00e1p su\u1ea5t \u0111\u1ea7u v\u00e0o c\u1ee7a h\u1ec7 th\u1ed1ng k\u1ebft h\u1ee3p ba \u0111i\u1ec3m \u1edf m\u1ee9c 90psi <span style=\"font-size: 16px;font-style: normal;font-weight: 400\">(<\/span>6,2kg\/cm<sup>2<\/sup>) l\u00e0 \u0111i\u1ec1u ki\u1ec7n v\u1eadn h\u00e0nh ph\u00f9 h\u1ee3p nh\u1ea5t.<\/li>\n<li>Tr\u01b0\u1edbc khi s\u1eed d\u1ee5ng, vui l\u00f2ng ki\u1ec3m tra xem b\u00ecnh l\u1ecdc n\u01b0\u1edbc k\u1ebft h\u1ee3p ba \u0111i\u1ec3m \u0111\u00e3 \u0111\u1ea7y ch\u01b0a. N\u1ebfu \u0111\u1ea7y, vui l\u00f2ng x\u1ea3 h\u1ebft n\u01b0\u1edbc tr\u01b0\u1edbc.<\/li>\n<li>\u0110i\u1ec1u ch\u1ec9nh l\u01b0\u1ee3ng d\u1ea7u n\u1ea1p v\u00e0o c\u1ee7a b\u1ed9 ba \u0111i\u1ec3m. Khuy\u1ebfn ngh\u1ecb kho\u1ea3ng 2cc\/ph\u00fat (trong \u0111i\u1ec1u ki\u1ec7n s\u1eed d\u1ee5ng b\u00ecnh th\u01b0\u1eddng).<\/li>\n<li>N\u1ebfu b\u1ea1n s\u1eed d\u1ee5ng d\u1ee5ng c\u1ee5 kh\u00ed n\u00e9n trong k\u1ef3 ngh\u1ec9 ho\u1eb7c trong th\u1eddi gian d\u00e0i, h\u00e3y t\u0103ng l\u01b0u l\u01b0\u1ee3ng d\u1ea7u l\u00ean 4cc\/ph\u00fat khi kh\u1edfi \u0111\u1ed9ng l\u1ea7n \u0111\u1ea7u. Ngo\u00e0i ra, h\u00e3y \u0111\u1ec3 d\u1ee5ng c\u1ee5 ch\u1ea1y kh\u00f4ng t\u1ea3i \u1edf t\u1ed1c \u0111\u1ed9 th\u1ea5p trong 20-30 gi\u00e2y \u0111\u1ec3 d\u1ea7u b\u00f4i tr\u01a1n k\u1ef9 l\u01b0\u1ee1ng t\u1ea5t c\u1ea3 c\u00e1c b\u1ed9 ph\u1eadn tr\u01b0\u1edbc khi \u0111i\u1ec1u ch\u1ec9nh tr\u1edf l\u1ea1i t\u1ed1c \u0111\u1ed9 b\u00ecnh th\u01b0\u1eddng.<\/li>\n<li>L\u1ef1a ch\u1ecdn d\u1ea7u b\u00f4i tr\u01a1n: Kh\u00f4ng s\u1eed d\u1ee5ng d\u1ea7u b\u00f4i tr\u01a1n c\u00f3 \u0111\u1ed9 nh\u1edbt qu\u00e1 cao. Khuy\u1ebfn ngh\u1ecb s\u1eed d\u1ee5ng<a href=\"https:\/\/www.cpc.com.tw\/cl.aspx?n=3192\" rel=\"nofollow noopener\" target=\"_blank\"> d\u1ea7u tu\u1ea7n ho\u00e0n R32<\/a>.<\/li>\n<\/ul>\n<h4><strong><br \/>\nTr\u1ea1ng th\u00e1i ho\u1ea1t \u0111\u1ed9ng, c\u00e0i \u0111\u1eb7t b\u1eaft \u0111\u1ea7u\/d\u1eebng:<\/strong><\/h4>\n<ul class=\"main_ul\">\n<li>C\u00f4ng t\u1eafc B\u1eacT\/T\u1eaeT \u0111\u01b0\u1ee3c v\u1eadn h\u00e0nh b\u1eb1ng c\u00e1ch xoay. Xoay th\u00e2n c\u00f4ng t\u1eafc h\u01b0\u1edbng v\u1ec1 ph\u00eda ng\u01b0\u1eddi d\u00f9ng, ng\u01b0\u1ee3c chi\u1ec1u kim \u0111\u1ed3ng h\u1ed3 \u0111\u1ec3 B\u1eacT (m\u1edf) v\u00e0 theo chi\u1ec1u kim \u0111\u1ed3ng h\u1ed3 \u0111\u1ec3 T\u1eaeT (\u0111\u00f3ng).<br \/>\n\u203b Tr\u01b0\u1edbc khi s\u1eed d\u1ee5ng d\u1ee5ng c\u1ee5 kh\u00ed n\u00e9n, h\u00e3y \u0111\u1ea3m b\u1ea3o c\u00f4ng t\u1eafc \u1edf v\u1ecb tr\u00ed &#8220;T\u1eaeT&#8221;.<\/li>\n<li>Khi b\u1eadt c\u00f4ng t\u1eafc d\u1ee5ng c\u1ee5 kh\u00ed n\u00e9n, vui l\u00f2ng xoay 90\u00b0. \u0110i\u1ec1u n\u00e0y s\u1ebd \u0111\u1ea1t \u0111\u01b0\u1ee3c t\u1ed1c \u0111\u1ed9 v\u1eadn h\u00e0nh t\u1ed1i \u0111a. N\u1ebfu g\u00f3c qu\u00e1 l\u1edbn, kh\u00f4ng nh\u1eefng kh\u00f4ng c\u00f3 t\u00e1c d\u1ee5ng m\u00e0 c\u00f2n c\u00f3 th\u1ec3 khi\u1ebfn van c\u00f4ng t\u1eafc r\u01a1i ra v\u00e0 b\u1ecb h\u1ecfng.<\/li>\n<\/ul>\n<h4><strong><br \/>\nthi\u1ebft b\u1ecb b\u1ea3o v\u1ec7<\/strong><\/h4>\n<p>Vui l\u00f2ng \u0111eo b\u1ea5t k\u1ef3 thi\u1ebft b\u1ecb b\u1ea3o h\u1ed9 c\u1ea7n thi\u1ebft n\u00e0o nh\u01b0 b\u1ea3o v\u1ec7 tai, k\u00ednh b\u1ea3o h\u1ed9, t\u1ea1p d\u1ec1 an to\u00e0n, m\u0169 b\u1ea3o hi\u1ec3m, g\u0103ng tay, v.v. khi s\u1eed d\u1ee5ng.<\/p>\n<h4><strong><br \/>\nB\u1ea3o qu\u1ea3n d\u1ee5ng c\u1ee5 kh\u00ed n\u00e9n sau khi s\u1eed d\u1ee5ng<\/strong><\/h4>\n<p>D\u1ee5ng c\u1ee5 ph\u1ea3i \u0111\u01b0\u1ee3c b\u1ea3o qu\u1ea3n \u1edf n\u01a1i s\u1ea1ch s\u1ebd, kh\u00f4 r\u00e1o. Khuy\u1ebfn c\u00e1o n\u00ean b\u1ea3o qu\u1ea3n \u1edf nhi\u1ec7t \u0111\u1ed9 \u1ed5n \u0111\u1ecbnh v\u00e0 tr\u00e1nh thay \u0111\u1ed5i nhi\u1ec7t \u0111\u1ed9 \u0111\u1ed9t ng\u1ed9t. Kh\u00f4ng \u0111\u1eb7t d\u1ee5ng c\u1ee5 kh\u00ed n\u00e9n xu\u1ed1ng cho \u0111\u1ebfn khi n\u00f3 d\u1eebng h\u1eb3n trong qu\u00e1 tr\u00ecnh v\u1eadn h\u00e0nh. <\/p>\n<h4><strong><br \/>\nQuy t\u1eafc an to\u00e0n chi ti\u1ebft v\u00e0 l\u1eddi nh\u1eafc nh\u1edf<\/strong><\/h4>\n<p><strong>Khi s\u1eed d\u1ee5ng d\u1ee5ng c\u1ee5 kh\u00ed n\u00e9n, an to\u00e0n l\u00e0 y\u1ebfu t\u1ed1 quan tr\u1ecdng h\u00e0ng \u0111\u1ea7u. D\u1ee5ng c\u1ee5 kh\u00ed n\u00e9n ph\u1ea3i \u0111\u01b0\u1ee3c v\u1eadn h\u00e0nh an to\u00e0n. Vui l\u00f2ng \u0111\u1ecdc k\u1ef9 h\u01b0\u1edbng d\u1eabn s\u1eed d\u1ee5ng tr\u01b0\u1edbc khi d\u00f9ng v\u00e0 s\u1eed d\u1ee5ng d\u1ee5ng c\u1ee5 kh\u00ed n\u00e9n an to\u00e0n. <\/strong><\/p>\n<ul class=\"main_ul\">\n<li>D\u1ee5ng c\u1ee5 kh\u00ed n\u00e9n n\u00e0y \u0111\u01b0\u1ee3c thi\u1ebft k\u1ebf cho m\u1ee5c \u0111\u00edch c\u00f4ng nghi\u1ec7p nh\u01b0 m\u00e0i, kh\u1eafc v\u00e0 \u0111\u00e1nh b\u00f3ng tinh x\u1ea3o. Kh\u00f4ng s\u1eed d\u1ee5ng tr\u00ean c\u01a1 th\u1ec3 ng\u01b0\u1eddi!<\/li>\n<li>Tr\u01b0\u1edbc khi v\u1eadn h\u00e0nh, vui l\u00f2ng ki\u1ec3m tra \u00e1p su\u1ea5t kh\u00ed. N\u1ebfu \u00e1p su\u1ea5t kh\u00ed th\u1ea5p h\u01a1n 90psi (6,2kg\/cm<sup>\u00b2<\/sup>), t\u1ed1c \u0111\u1ed9 v\u00e0 c\u00f4ng su\u1ea5t s\u1ebd gi\u1ea3m. Tuy nhi\u00ean, n\u1ebfu \u00e1p su\u1ea5t kh\u00ed cao h\u01a1n 90psi, t\u1ed1c \u0111\u1ed9 s\u1ebd t\u0103ng, r\u1ea5t nguy hi\u1ec3m v\u00e0 l\u00e0m gi\u1ea3m tu\u1ed5i th\u1ecd c\u1ee7a d\u1ee5ng c\u1ee5!<\/li>\n<li>Vui l\u00f2ng s\u1eed d\u1ee5ng v\u1eadt t\u01b0 ti\u00eau hao m\u00e0i m\u00f2n ch\u1ea5t l\u01b0\u1ee3ng t\u1ed1t. Kh\u00f4ng s\u1eed d\u1ee5ng v\u1eadt t\u01b0 ti\u00eau hao b\u1ecb h\u01b0 h\u1ecfng ho\u1eb7c k\u00e9m ch\u1ea5t l\u01b0\u1ee3ng.<\/li>\n<li>N\u1ebfu m\u1ee9c \u0111\u1ed9 ti\u1ebfng \u1ed3n v\u01b0\u1ee3t qu\u00e1 85dB(A) trong qu\u00e1 tr\u00ecnh v\u1eadn h\u00e0nh, ng\u01b0\u1eddi v\u1eadn h\u00e0nh ph\u1ea3i \u0111eo n\u00fat tai ho\u1eb7c thi\u1ebft b\u1ecb b\u1ea3o v\u1ec7 tai.<\/li>\n<li>S\u1eed d\u1ee5ng k\u00e9o d\u00e0i c\u00f3 th\u1ec3 d\u1eabn \u0111\u1ebfn ch\u1ea5n th\u01b0\u01a1ng do rung \u0111\u1ed9ng, \u0111\u1eb7c bi\u1ec7t l\u00e0 \u1edf tay v\u00e0 c\u00e1nh tay. M\u1ee9c \u0111\u1ed9 nghi\u00eam tr\u1ecdng c\u1ee7a ch\u1ea5n th\u01b0\u01a1ng do rung \u0111\u1ed9ng ph\u1ee5 thu\u1ed9c v\u00e0o nhi\u1ec1u y\u1ebfu t\u1ed1, bao g\u1ed3m lo\u1ea1i v\u1eadt t\u01b0 ti\u00eau hao \u0111\u01b0\u1ee3c s\u1eed d\u1ee5ng, quy tr\u00ecnh, t\u00ecnh tr\u1ea1ng th\u1ec3 ch\u1ea5t c\u1ee7a ng\u01b0\u1eddi d\u00f9ng, m\u00f4i tr\u01b0\u1eddng l\u00e0m vi\u1ec7c, th\u1eddi gian l\u00e0m vi\u1ec7c v\u00e0 nhi\u1ec7t \u0111\u1ed9. Do \u0111\u00f3, ng\u01b0\u1eddi v\u1eadn h\u00e0nh ph\u1ea3i tu\u00e2n th\u1ee7 ISO 5349 khi s\u1eed d\u1ee5ng d\u1ee5ng c\u1ee5 kh\u00ed n\u00e9n.<\/li>\n<li>Khi s\u1eed d\u1ee5ng, h\u00e3y c\u1ea9n th\u1eadn kh\u00f4ng \u0111\u1ec3 t\u00f3c, qu\u1ea7n \u00e1o r\u1ed9ng ho\u1eb7c c\u00e0 v\u1ea1t b\u1ecb k\u1eb9t v\u00e0o d\u1ee5ng c\u1ee5 kh\u00ed n\u00e9n.<\/li>\n<li>Khu v\u1ef1c l\u00e0m vi\u1ec7c ph\u1ea3i \u0111\u01b0\u1ee3c th\u00f4ng gi\u00f3 t\u1ed1t, t\u1ed1t nh\u1ea5t l\u00e0 c\u00f3 m\u00e1y h\u00fat b\u1ee5i \u0111\u1ec3 tr\u00e1nh h\u00edt ph\u1ea3i b\u1ee5i ho\u1eb7c kh\u00ed th\u1ea3i t\u1eeb m\u00e1y n\u00e9n kh\u00ed.<\/li>\n<li>N\u1ebfu ch\u1ea5t b\u00f4i tr\u01a1n ti\u1ebfp x\u00fac v\u1edbi m\u1eaft ho\u1eb7c v\u00f4 t\u00ecnh nu\u1ed1t ph\u1ea3i, h\u00e3y t\u00ecm ki\u1ebfm s\u1ef1 ch\u0103m s\u00f3c y t\u1ebf ngay l\u1eadp t\u1ee9c.<\/li>\n<li>Kh\u00f4ng \u0111\u01b0\u1ee3c s\u1eeda \u0111\u1ed5i ho\u1eb7c th\u00e1o r\u1eddi d\u1ee5ng c\u1ee5 kh\u00ed n\u00e9n m\u00e0 kh\u00f4ng c\u00f3 s\u1ef1 cho ph\u00e9p ho\u1eb7c ch\u1ea5p thu\u1eadn c\u1ee7a nh\u00e0 s\u1ea3n xu\u1ea5t.<\/li>\n<li>Khi d\u1ee5ng c\u1ee5 kh\u00ed n\u00e9n \u0111ang ho\u1ea1t \u0111\u1ed9ng, h\u00e3y \u0111\u1ea3m b\u1ea3o kh\u00f4ng ch\u1ea1m v\u00e0o c\u00e1c v\u1eadt t\u01b0 ti\u00eau hao \u0111ang quay.<\/li>\n<li>\u0110\u1ea3m b\u1ea3o tia l\u1eeda sinh ra kh\u00f4ng g\u00e2y th\u01b0\u01a1ng t\u00edch cho nh\u1eefng ng\u01b0\u1eddi xung quanh ho\u1eb7c b\u1eafn v\u00e0o v\u1eadt li\u1ec7u d\u1ec5 ch\u00e1y.<\/li>\n<li>\u0110\u1ea3m b\u1ea3o ph\u00f4i \u0111ang \u0111\u01b0\u1ee3c gia c\u00f4ng \u0111\u01b0\u1ee3c h\u1ed7 tr\u1ee3 ho\u1eb7c c\u1ed1 \u0111\u1ecbnh ch\u1eafc ch\u1eafn \u0111\u1ec3 tr\u00e1nh ph\u00f4i b\u1ecb v\u0103ng ra ngo\u00e0i.<\/li>\n<li>Kh\u00f4ng s\u1eed d\u1ee5ng \u1ed1ng d\u1eabn kh\u00ed kh\u00e1c v\u1edbi lo\u1ea1i ti\u00eau chu\u1ea9n v\u00e0 kh\u00f4ng k\u00e9o \u1ed1ng d\u1eabn kh\u00ed m\u1ea1nh khi s\u1eed d\u1ee5ng.<\/li>\n<\/ul>\n<h4><strong>Chi\u1ec1u d\u00e0i k\u1eb9p, t\u1ed1c \u0111\u1ed9 quay v\u00e0 khuy\u1ebfn ngh\u1ecb an to\u00e0n v\u1ec1 chi\u1ec1u d\u00e0i m\u1edf r\u1ed9ng \u0111\u01b0\u1ee3c \u0111\u1ec1 xu\u1ea5t<\/strong><br \/>\n<strong>L\u01b0u \u00fd: Chi\u1ec1u d\u00e0i k\u1eb9p L kh\u00f4ng \u0111\u01b0\u1ee3c nh\u1ecf h\u01a1n 10mm<\/strong><\/h4>\n<p>&nbsp;<\/p>\n<p><a href=\"https:\/\/honwaygroup.com\/wp-content\/uploads\/2021\/01\/US-200-%E5%B7%A6%E5%8F%B3%E6%A9%AB%E7%A7%BB%E5%BC%8F%E6%B0%A3%E5%8B%95%E9%8A%BC%E7%A3%A8%E6%A9%9F_%E5%B7%A5%E4%BD%9C%E5%8D%80%E5%9F%9F-1-%E8%A4%87%E6%9C%AC-53-2.webp\"><img decoding=\"async\" class=\"alignnone wp-image-28061 size-medium\" src=\"https:\/\/honwaygroup.com\/wp-content\/uploads\/2021\/01\/US-200-%E5%B7%A6%E5%8F%B3%E6%A9%AB%E7%A7%BB%E5%BC%8F%E6%B0%A3%E5%8B%95%E9%8A%BC%E7%A3%A8%E6%A9%9F_%E5%B7%A5%E4%BD%9C%E5%8D%80%E5%9F%9F-1-%E8%A4%87%E6%9C%AC-53-2-300x151.webp\" alt=\"\" width=\"300\" height=\"151\"><\/a><\/p>\n<table class=\"specTable2\" width=\"100%\">\n<tbody>\n<tr>\n<th rowspan=\"2\">\u00d8D (mm)<\/th>\n<th rowspan=\"2\">T (mm)<\/th>\n<th colspan=\"3\">Chi\u1ec1u d\u00e0i m\u1edf r\u1ed9ng s\u1ee3i t\u00f3c \u0111\u01b0\u1ee3c \u0111\u1ec1 xu\u1ea5t H (mm)<\/th>\n<\/tr>\n<tr>\n<th>13mm<\/th>\n<th>25mm<\/th>\n<th>38mm<\/th>\n<\/tr>\n<tr>\n<td>3.0<\/td>\n<td>13<\/td>\n<td>105,000rpm<\/td>\n<td>64,000rpm<\/td>\n<td>46,650rpm<\/td>\n<\/tr>\n<tr>\n<td>6.0<\/td>\n<td>13<\/td>\n<td>60,000rpm<\/td>\n<td>38,000rpm<\/td>\n<td>26,250rpm<\/td>\n<\/tr>\n<tr>\n<td>9.5<\/td>\n<td>13<\/td>\n<td>45,370rpm<\/td>\n<td>28,500rpm<\/td>\n<td>21,000rpm<\/td>\n<\/tr>\n<tr>\n<td>9.5<\/td>\n<td>25<\/td>\n<td>26,250rpm<\/td>\n<td>18,750rpm<\/td>\n<td>14,250rpm<\/td>\n<\/tr>\n<tr>\n<td>13<\/td>\n<td>13<\/td>\n<td>34,500rpm<\/td>\n<td>22,500rpm<\/td>\n<td>16,870rpm<\/td>\n<\/tr>\n<tr>\n<td>13<\/td>\n<td>25<\/td>\n<td>20,620rpm<\/td>\n<td>13,870rpm<\/td>\n<td>10,120rpm<\/td>\n<\/tr>\n<\/tbody>\n<\/table>\n<ul>\n<li><strong>L = Chi\u1ec1u d\u00e0i k\u1eb9p<\/strong><\/li>\n<li><strong>H = Chi\u1ec1u d\u00e0i m\u1edf r\u1ed9ng v\u1eadt t\u01b0 ti\u00eau hao<\/strong><\/li>\n<li><strong>T = Chi\u1ec1u d\u00e0i m\u00e0i m\u00f2n<\/strong><\/li>\n<li><strong>\u00d8D= \u0110\u01b0\u1eddng k\u00ednh thanh m\u00e0i<\/strong><\/li>\n<\/ul>\n<p>C\u00f3 b\u1ea5t k\u1ef3 th\u1eafc m\u1eafc n\u00e0o kh\u00f4ng? <a href=\"https:\/\/honwaygroup.com\/vi\/lien-he-voi-honway\/\">Li\u00ean h\u1ec7 Honway<\/a><\/p>\n","protected":false},"excerpt":{"rendered":"<div id=\"desWrap\">\n<ul>\n<li>Thi\u1ebft k\u1ebf \u0111\u1eb7c bi\u1ec7t gi\u00fap d\u1ec5 d\u00e0ng thay th\u1ebf c\u00e1c b\u1ed9 ph\u1eadn hao m\u00f2n ch\u00ednh<\/li>\n<li>H\u00e0nh tr\u00ecnh xoay tr\u00e1i ph\u1ea3i b\u1eb1ng kh\u00ed n\u00e9n<\/li>\n<li>Th\u00edch h\u1ee3p \u0111\u1ec3 m\u00e0i c\u00e1c r\u00e3nh n\u00f4ng, g\u1edd s\u00e2u v\u00e0 b\u1ec1 m\u1eb7t kh\u1edbp c\u1ee7a khu\u00f4n, v.v., \u0111\u1ec3 ng\u0103n d\u1ee5ng c\u1ee5 b\u1ecb tr\u01b0\u1ee3t v\u00e0 l\u00e0m h\u1ecfng c\u00e1c g\u00f3c s\u1eafc c\u1ee7a khu\u00f4n trong qu\u00e1 tr\u00ecnh m\u00e0i.<\/li>\n<\/ul>\n<h5><strong><span style=\"color: #ff0000;font-size: 19.2px\">\u25b2<\/span><\/strong><strong><span style=\"color: #ff0000;font-size: 19.2px\">\u0110\u1eb7t h\u00e0ng s\u1ed1 l\u01b0\u1ee3ng l\u1edbn c\u00f3 th\u1ec3 \u0111\u01b0\u1ee3c h\u01b0\u1edfng chi\u1ebft kh\u1ea5u \u01b0u \u0111\u00e3i, vui l\u00f2ng li\u00ean h\u1ec7 b\u1ed9 ph\u1eadn ch\u0103m s\u00f3c kh\u00e1ch h\u00e0ng \u0111\u1ec3 bi\u1ebft th\u00eam chi ti\u1ebft.<br \/>\n<\/span><\/strong><\/h5>\n<h5><strong><span style=\"color: #ff0000;font-size: 19.2px\">\u25b2<\/span> Th\u1eddi gian giao h\u00e0ng cho<span style=\"color: #ff0000\"> c\u00e1c \u0111\u01a1n \u0111\u1eb7t h\u00e0ng<\/span> <span style=\"color: #ff0000;font-size: 19.2px\">\u1edf \u0110\u00e0i Loan<\/span> <span style=\"color: #ff0000;font-size: 19.2px\">kho\u1ea3ng t\u1eeb 7-14 ng\u00e0y l\u00e0m vi\u1ec7c.<\/span><\/strong><\/h5>\n<h5><strong><span style=\"color: #ff0000;font-size: 19.2px\">\u25b2 <\/span><span style=\"color: #ff0000\">Th\u1eddi gian giao h\u00e0ng cho \u0111\u01a1n h\u00e0ng qu\u1ed1c t\u1ebf kho\u1ea3ng t\u1eeb 7-14 ng\u00e0y, th\u1eddi gian nh\u1eadn h\u00e0ng th\u1ef1c t\u1ebf ph\u1ee5 thu\u1ed9c v\u00e0o t\u00ecnh tr\u1ea1ng v\u1eadn chuy\u1ec3n c\u1ee7a c\u00f4ng ty chuy\u1ec3n ph\u00e1t nhanh.<\/span><\/strong><\/h5>\n<\/div>\n","protected":false},"featured_media":84073,"template":"","meta":{"site-sidebar-layout":"default","site-content-layout":"default","ast-site-content-layout":"default","site-content-style":"default","site-sidebar-style":"default","ast-global-header-display":"","ast-banner-title-visibility":"","ast-main-header-display":"","ast-hfb-above-header-display":"","ast-hfb-below-header-display":"","ast-hfb-mobile-header-display":"","site-post-title":"","ast-breadcrumbs-content":"","ast-featured-img":"","footer-sml-layout":"","ast-disable-related-posts":"","theme-transparent-header-meta":"default","adv-header-id-meta":"","stick-header-meta":"default","header-above-stick-meta":"","header-main-stick-meta":"","header-below-stick-meta":"","astra-migrate-meta-layouts":"default","ast-page-background-enabled":"default","ast-page-background-meta":{"desktop":{"background-color":"var(--ast-global-color-5)","background-image":"","background-repeat":"repeat","background-position":"center center","background-size":"auto","background-attachment":"scroll","background-type":"","background-media":"","overlay-type":"","overlay-color":"","overlay-opacity":"","overlay-gradient":""},"tablet":{"background-color":"","background-image":"","background-repeat":"repeat","background-position":"center center","background-size":"auto","background-attachment":"scroll","background-type":"","background-media":"","overlay-type":"","overlay-color":"","overlay-opacity":"","overlay-gradient":""},"mobile":{"background-color":"","background-image":"","background-repeat":"repeat","background-position":"center center","background-size":"auto","background-attachment":"scroll","background-type":"","background-media":"","overlay-type":"","overlay-color":"","overlay-opacity":"","overlay-gradient":""}},"ast-content-background-meta":{"desktop":{"background-color":"var(--ast-global-color-4)","background-image":"","background-repeat":"repeat","background-position":"center center","background-size":"auto","background-attachment":"scroll","background-type":"","background-media":"","overlay-type":"","overlay-color":"","overlay-opacity":"","overlay-gradient":""},"tablet":{"background-color":"var(--ast-global-color-4)","background-image":"","background-repeat":"repeat","background-position":"center center","background-size":"auto","background-attachment":"scroll","background-type":"","background-media":"","overlay-type":"","overlay-color":"","overlay-opacity":"","overlay-gradient":""},"mobile":{"background-color":"var(--ast-global-color-4)","background-image":"","background-repeat":"repeat","background-position":"center center","background-size":"auto","background-attachment":"scroll","background-type":"","background-media":"","overlay-type":"","overlay-color":"","overlay-opacity":"","overlay-gradient":""}}},"product_brand":[],"product_cat":[4708,4424,4707,4426,4427],"product_tag":[4800,4737],"class_list":{"0":"post-84072","1":"product","2":"type-product","3":"status-publish","4":"has-post-thumbnail","6":"product_cat-may-giua-khi-nen-voi-co-che-di-chuyen-ngang-trai-phai","7":"product_cat-hinh-thuc-ung-dung","8":"product_cat-may-mai-khi-nen","9":"product_cat-vat-lieu-danh-bong","10":"product_cat-xu-ly-bavia","11":"product_tag-may-mai-khi-nen-chuyen-dong-ngang","12":"product_tag-us-70-vi","13":"desktop-align-left","14":"tablet-align-left","15":"mobile-align-left","16":"ast-product-gallery-layout-horizontal-slider","17":"ast-product-gallery-with-no-image","18":"ast-product-tabs-layout-horizontal","20":"first","21":"instock","22":"taxable","23":"shipping-taxable","24":"purchasable","25":"product-type-simple"},"_links":{"self":[{"href":"https:\/\/honwaygroup.com\/vi\/wp-json\/wp\/v2\/product\/84072","targetHints":{"allow":["GET"]}}],"collection":[{"href":"https:\/\/honwaygroup.com\/vi\/wp-json\/wp\/v2\/product"}],"about":[{"href":"https:\/\/honwaygroup.com\/vi\/wp-json\/wp\/v2\/types\/product"}],"version-history":[{"count":0,"href":"https:\/\/honwaygroup.com\/vi\/wp-json\/wp\/v2\/product\/84072\/revisions"}],"wp:featuredmedia":[{"embeddable":true,"href":"https:\/\/honwaygroup.com\/vi\/wp-json\/wp\/v2\/media\/84073"}],"wp:attachment":[{"href":"https:\/\/honwaygroup.com\/vi\/wp-json\/wp\/v2\/media?parent=84072"}],"wp:term":[{"taxonomy":"product_brand","embeddable":true,"href":"https:\/\/honwaygroup.com\/vi\/wp-json\/wp\/v2\/product_brand?post=84072"},{"taxonomy":"product_cat","embeddable":true,"href":"https:\/\/honwaygroup.com\/vi\/wp-json\/wp\/v2\/product_cat?post=84072"},{"taxonomy":"product_tag","embeddable":true,"href":"https:\/\/honwaygroup.com\/vi\/wp-json\/wp\/v2\/product_tag?post=84072"}],"curies":[{"name":"wp","href":"https:\/\/api.w.org\/{rel}","templated":true}]}}