{"id":83984,"date":"2021-01-17T16:49:03","date_gmt":"2021-01-17T08:49:03","guid":{"rendered":"https:\/\/honwaygroup.com\/product\/pf-30-dua-kim-cuong-chinh-xac-duong-kinh-chuoi-o3-4mm\/"},"modified":"2025-11-04T15:18:17","modified_gmt":"2025-11-04T07:18:17","slug":"pf-30-dua-kim-cuong-chinh-xac-duong-kinh-chuoi-o3-4mm","status":"publish","type":"product","link":"https:\/\/honwaygroup.com\/vi\/product\/pf-30-dua-kim-cuong-chinh-xac-duong-kinh-chuoi-o3-4mm\/","title":{"rendered":"D\u0169a kim c\u01b0\u01a1ng ch\u00ednh x\u00e1c PF-30 (\u0110\u01b0\u1eddng k\u00ednh \u0111\u1ea7u m\u00e0i: \u00d83,4mm)"},"content":{"rendered":"<h3><strong>D\u0169a kim c\u01b0\u01a1ng ch\u00ednh x\u00e1c PF-30 (\u0110\u01b0\u1eddng k\u00ednh \u0111\u1ea7u m\u00e0i: \u00d83,4mm)<\/strong><\/h3>\n<p>&nbsp;<\/p>\n<table class=\"specTable2\" width=\"100%\">\n<tbody>\n<tr>\n<th colspan=\"2\" rowspan=\"2\">H\u00ecnh d\u1ea1ng v\u00e0 K\u00edch th\u01b0\u1edbc(mm)<\/th>\n<th colspan=\"3\">S\u1ed1 l\u01b0\u1ee3ng<\/th>\n<\/tr>\n<tr>\n<th>#120<\/th>\n<th>#200<\/th>\n<th>#400<\/th>\n<\/tr>\n<tr>\n<td><span style=\"font-size: 16px;font-style: normal;font-weight: 400\"><a href=\"https:\/\/honwaygroup.com\/wp-content\/uploads\/2021\/01\/PF-30-%E7%B2%BE%E5%AF%86%E7%B5%84%E9%91%BD%E7%9F%B3%E9%8A%BC%E5%88%80-%E6%9F%84%E5%BE%91-O3.4mm_%E5%B7%A5%E4%BD%9C%E5%8D%80%E5%9F%9F-1-%E8%A4%87%E6%9C%AC-5.jpg\"><img decoding=\"async\" class=\"alignnone wp-image-26119\" src=\"https:\/\/honwaygroup.com\/wp-content\/uploads\/2021\/01\/PF-30-%E7%B2%BE%E5%AF%86%E7%B5%84%E9%91%BD%E7%9F%B3%E9%8A%BC%E5%88%80-%E6%9F%84%E5%BE%91-O3.4mm_%E5%B7%A5%E4%BD%9C%E5%8D%80%E5%9F%9F-1-%E8%A4%87%E6%9C%AC-5.jpg\" alt=\"\" width=\"90\" height=\"77\"><\/a>7.5 x 1.5<\/span><\/td>\n<td><a href=\"https:\/\/honwaygroup.com\/wp-content\/uploads\/2021\/01\/PF-30-%E7%B2%BE%E5%AF%86%E7%B5%84%E9%91%BD%E7%9F%B3%E9%8A%BC%E5%88%80-%E6%9F%84%E5%BE%91-O3.4mm_%E5%B7%A5%E4%BD%9C%E5%8D%80%E5%9F%9F-1-%E8%A4%87%E6%9C%AC-11.webp\"><img decoding=\"async\" class=\"alignnone size-medium wp-image-26140\" src=\"https:\/\/honwaygroup.com\/wp-content\/uploads\/2021\/01\/PF-30-%E7%B2%BE%E5%AF%86%E7%B5%84%E9%91%BD%E7%9F%B3%E9%8A%BC%E5%88%80-%E6%9F%84%E5%BE%91-O3.4mm_%E5%B7%A5%E4%BD%9C%E5%8D%80%E5%9F%9F-1-%E8%A4%87%E6%9C%AC-11-300x60.webp\" alt=\"\" width=\"300\" height=\"60\"><\/a><\/td>\n<td>PF-301<\/td>\n<td>PF-301F<\/td>\n<td>PF-301V<\/td>\n<\/tr>\n<tr>\n<td><span style=\"font-size: 16px;font-style: normal;font-weight: 400\"><a href=\"https:\/\/honwaygroup.com\/wp-content\/uploads\/2021\/01\/PF-30-%E7%B2%BE%E5%AF%86%E7%B5%84%E9%91%BD%E7%9F%B3%E9%8A%BC%E5%88%80-%E6%9F%84%E5%BE%91-O3.4mm_%E5%B7%A5%E4%BD%9C%E5%8D%80%E5%9F%9F-1-%E8%A4%87%E6%9C%AC-6.jpg\"><img decoding=\"async\" class=\"alignnone wp-image-26123\" src=\"https:\/\/honwaygroup.com\/wp-content\/uploads\/2021\/01\/PF-30-%E7%B2%BE%E5%AF%86%E7%B5%84%E9%91%BD%E7%9F%B3%E9%8A%BC%E5%88%80-%E6%9F%84%E5%BE%91-O3.4mm_%E5%B7%A5%E4%BD%9C%E5%8D%80%E5%9F%9F-1-%E8%A4%87%E6%9C%AC-6.jpg\" alt=\"\" width=\"90\" height=\"77\"><\/a>6 x 2.1<\/span><\/td>\n<td><a href=\"https:\/\/honwaygroup.com\/wp-content\/uploads\/2021\/01\/PF-30-%E7%B2%BE%E5%AF%86%E7%B5%84%E9%91%BD%E7%9F%B3%E9%8A%BC%E5%88%80-%E6%9F%84%E5%BE%91-O3.4mm_%E5%B7%A5%E4%BD%9C%E5%8D%80%E5%9F%9F-1-%E8%A4%87%E6%9C%AC-12.webp\"><img loading=\"lazy\" decoding=\"async\" class=\"alignnone size-medium wp-image-26144\" src=\"https:\/\/honwaygroup.com\/wp-content\/uploads\/2021\/01\/PF-30-%E7%B2%BE%E5%AF%86%E7%B5%84%E9%91%BD%E7%9F%B3%E9%8A%BC%E5%88%80-%E6%9F%84%E5%BE%91-O3.4mm_%E5%B7%A5%E4%BD%9C%E5%8D%80%E5%9F%9F-1-%E8%A4%87%E6%9C%AC-12-300x60.webp\" alt=\"\" width=\"300\" height=\"60\"><\/a><\/td>\n<td>PF-302<\/td>\n<td>PF-302 F<\/td>\n<td>PF-302V<\/td>\n<\/tr>\n<tr>\n<td><span style=\"font-size: 16px;font-style: normal;font-weight: 400\"><a href=\"https:\/\/honwaygroup.com\/wp-content\/uploads\/2021\/01\/PF-30-%E7%B2%BE%E5%AF%86%E7%B5%84%E9%91%BD%E7%9F%B3%E9%8A%BC%E5%88%80-%E6%9F%84%E5%BE%91-O3.4mm_%E5%B7%A5%E4%BD%9C%E5%8D%80%E5%9F%9F-1-%E8%A4%87%E6%9C%AC-8.jpg\"><img loading=\"lazy\" decoding=\"async\" class=\"alignnone wp-image-26127\" src=\"https:\/\/honwaygroup.com\/wp-content\/uploads\/2021\/01\/PF-30-%E7%B2%BE%E5%AF%86%E7%B5%84%E9%91%BD%E7%9F%B3%E9%8A%BC%E5%88%80-%E6%9F%84%E5%BE%91-O3.4mm_%E5%B7%A5%E4%BD%9C%E5%8D%80%E5%9F%9F-1-%E8%A4%87%E6%9C%AC-8.jpg\" alt=\"\" width=\"90\" height=\"77\"><\/a>\u00d83.5<\/span><\/td>\n<td><a href=\"https:\/\/honwaygroup.com\/wp-content\/uploads\/2021\/01\/PF-30-%E7%B2%BE%E5%AF%86%E7%B5%84%E9%91%BD%E7%9F%B3%E9%8A%BC%E5%88%80-%E6%9F%84%E5%BE%91-O3.4mm_%E5%B7%A5%E4%BD%9C%E5%8D%80%E5%9F%9F-1-%E8%A4%87%E6%9C%AC-13.webp\"><img loading=\"lazy\" decoding=\"async\" class=\"alignnone size-medium wp-image-26148\" src=\"https:\/\/honwaygroup.com\/wp-content\/uploads\/2021\/01\/PF-30-%E7%B2%BE%E5%AF%86%E7%B5%84%E9%91%BD%E7%9F%B3%E9%8A%BC%E5%88%80-%E6%9F%84%E5%BE%91-O3.4mm_%E5%B7%A5%E4%BD%9C%E5%8D%80%E5%9F%9F-1-%E8%A4%87%E6%9C%AC-13-300x60.webp\" alt=\"\" width=\"300\" height=\"60\"><\/a><\/td>\n<td>PF-303<\/td>\n<td>PF-303 F<\/td>\n<td>PF-303V<\/td>\n<\/tr>\n<tr>\n<td><span style=\"font-size: 16px;font-style: normal;font-weight: 400\"><a href=\"https:\/\/honwaygroup.com\/wp-content\/uploads\/2021\/01\/PF-30-%E7%B2%BE%E5%AF%86%E7%B5%84%E9%91%BD%E7%9F%B3%E9%8A%BC%E5%88%80-%E6%9F%84%E5%BE%91-O3.4mm_%E5%B7%A5%E4%BD%9C%E5%8D%80%E5%9F%9F-1-%E8%A4%87%E6%9C%AC-9.jpg\"><img loading=\"lazy\" decoding=\"async\" class=\"alignnone wp-image-26131\" src=\"https:\/\/honwaygroup.com\/wp-content\/uploads\/2021\/01\/PF-30-%E7%B2%BE%E5%AF%86%E7%B5%84%E9%91%BD%E7%9F%B3%E9%8A%BC%E5%88%80-%E6%9F%84%E5%BE%91-O3.4mm_%E5%B7%A5%E4%BD%9C%E5%8D%80%E5%9F%9F-1-%E8%A4%87%E6%9C%AC-9.jpg\" alt=\"\" width=\"90\" height=\"77\"><\/a>3<\/span><\/td>\n<td><a href=\"https:\/\/honwaygroup.com\/wp-content\/uploads\/2021\/01\/PF-30-%E7%B2%BE%E5%AF%86%E7%B5%84%E9%91%BD%E7%9F%B3%E9%8A%BC%E5%88%80-%E6%9F%84%E5%BE%91-O3.4mm_%E5%B7%A5%E4%BD%9C%E5%8D%80%E5%9F%9F-1-%E8%A4%87%E6%9C%AC-14.webp\"><img loading=\"lazy\" decoding=\"async\" class=\"alignnone size-medium wp-image-26152\" src=\"https:\/\/honwaygroup.com\/wp-content\/uploads\/2021\/01\/PF-30-%E7%B2%BE%E5%AF%86%E7%B5%84%E9%91%BD%E7%9F%B3%E9%8A%BC%E5%88%80-%E6%9F%84%E5%BE%91-O3.4mm_%E5%B7%A5%E4%BD%9C%E5%8D%80%E5%9F%9F-1-%E8%A4%87%E6%9C%AC-14-300x60.webp\" alt=\"\" width=\"300\" height=\"60\"><\/a><\/td>\n<td>PF-304<\/td>\n<td>PF-304 F<\/td>\n<td>PF-304V<\/td>\n<\/tr>\n<tr>\n<td><span style=\"font-size: 16px;font-style: normal;font-weight: 400\"><a href=\"https:\/\/honwaygroup.com\/wp-content\/uploads\/2021\/01\/PF-30-%E7%B2%BE%E5%AF%86%E7%B5%84%E9%91%BD%E7%9F%B3%E9%8A%BC%E5%88%80-%E6%9F%84%E5%BE%91-O3.4mm_%E5%B7%A5%E4%BD%9C%E5%8D%80%E5%9F%9F-1-%E8%A4%87%E6%9C%AC-10.jpg\"><img loading=\"lazy\" decoding=\"async\" class=\"alignnone wp-image-26136\" src=\"https:\/\/honwaygroup.com\/wp-content\/uploads\/2021\/01\/PF-30-%E7%B2%BE%E5%AF%86%E7%B5%84%E9%91%BD%E7%9F%B3%E9%8A%BC%E5%88%80-%E6%9F%84%E5%BE%91-O3.4mm_%E5%B7%A5%E4%BD%9C%E5%8D%80%E5%9F%9F-1-%E8%A4%87%E6%9C%AC-10.jpg\" alt=\"\" width=\"90\" height=\"77\"><\/a>4<\/span><\/td>\n<td><a href=\"https:\/\/honwaygroup.com\/wp-content\/uploads\/2021\/01\/PF-30-%E7%B2%BE%E5%AF%86%E7%B5%84%E9%91%BD%E7%9F%B3%E9%8A%BC%E5%88%80-%E6%9F%84%E5%BE%91-O3.4mm_%E5%B7%A5%E4%BD%9C%E5%8D%80%E5%9F%9F-1-%E8%A4%87%E6%9C%AC-15.jpg\"><img loading=\"lazy\" decoding=\"async\" class=\"alignnone size-medium wp-image-26156\" src=\"https:\/\/honwaygroup.com\/wp-content\/uploads\/2021\/01\/PF-30-%E7%B2%BE%E5%AF%86%E7%B5%84%E9%91%BD%E7%9F%B3%E9%8A%BC%E5%88%80-%E6%9F%84%E5%BE%91-O3.4mm_%E5%B7%A5%E4%BD%9C%E5%8D%80%E5%9F%9F-1-%E8%A4%87%E6%9C%AC-15-300x60.jpg\" alt=\"\" width=\"300\" height=\"60\"><\/a><\/td>\n<td>PF-305<\/td>\n<td>PF-305 F<\/td>\n<td>PF-305V<\/td>\n<\/tr>\n<tr>\n<td colspan=\"2\"><strong>B\u1ed9 5 m\u00f3n<\/strong><\/td>\n<td>PF-300<\/td>\n<td>PF-300 F<\/td>\n<td>PF-300V<\/td>\n<\/tr>\n<\/tbody>\n<\/table>\n<p>C\u00f3 b\u1ea5t k\u1ef3 th\u1eafc m\u1eafc n\u00e0o kh\u00f4ng? <a href=\"https:\/\/honwaygroup.com\/vi\/lien-he-voi-honway\/\">Li\u00ean h\u1ec7 v\u1edbi HonWay<\/a><\/p>\n","protected":false},"excerpt":{"rendered":"<div id=\"desWrap\">\n<ul>\n<li>T\u1ed5ng chi\u1ec1u d\u00e0i: 180mm<\/li>\n<li>\u0110\u01b0\u1eddng k\u00ednh chu\u00f4i: \u00d83,4mm<\/li>\n<li>Chi\u1ec1u d\u00e0i kim c\u01b0\u01a1ng: 60mm<\/li>\n<\/ul>\n<h5><strong><span style=\"color: #ff0000;font-size: 19.2px\">\u25b2<\/span><\/strong><strong><span style=\"color: #ff0000;font-size: 19.2px\">N\u1ebfu c\u1ea7n k\u00edch th\u01b0\u1edbc t\u00f9y ch\u1ec9nh, vui l\u00f2ng li\u00ean h\u1ec7 b\u1ed9 ph\u1eadn ch\u0103m s\u00f3c kh\u00e1ch h\u00e0ng. Ng\u00e0y giao h\u00e0ng s\u1ebd ph\u1ee5 thu\u1ed9c v\u00e0o th\u1eddi gian \u0111\u01b0\u1ee3c th\u00f4ng b\u00e1o t\u1eeb b\u1ed9 ph\u1eadn n\u00e0y.<\/span><\/strong><\/h5>\n<h5><strong><span style=\"color: #ff0000;font-size: 19.2px\">\u25b2<\/span><\/strong><strong><span style=\"color: #ff0000;font-size: 19.2px\">\u0110\u1eb7t h\u00e0ng s\u1ed1 l\u01b0\u1ee3ng l\u1edbn c\u00f3 th\u1ec3 \u0111\u01b0\u1ee3c h\u01b0\u1edfng chi\u1ebft kh\u1ea5u \u01b0u \u0111\u00e3i, vui l\u00f2ng li\u00ean h\u1ec7 b\u1ed9 ph\u1eadn ch\u0103m s\u00f3c kh\u00e1ch h\u00e0ng \u0111\u1ec3 bi\u1ebft th\u00eam chi ti\u1ebft.<br \/>\n<\/span><\/strong><\/h5>\n<h5><strong><span style=\"color: #ff0000;font-size: 19.2px\">\u25b2<\/span> Th\u1eddi gian giao h\u00e0ng cho<span style=\"color: #ff0000\"> c\u00e1c \u0111\u01a1n \u0111\u1eb7t h\u00e0ng<\/span> <span style=\"color: #ff0000;font-size: 19.2px\">\u1edf \u0110\u00e0i Loan<\/span> <span style=\"color: #ff0000;font-size: 19.2px\">kho\u1ea3ng t\u1eeb 7-14 ng\u00e0y l\u00e0m vi\u1ec7c.<\/span><\/strong><\/h5>\n<h5><strong><span style=\"color: #ff0000;font-size: 19.2px\">\u25b2 <\/span><span style=\"color: #ff0000\">Th\u1eddi gian giao h\u00e0ng cho \u0111\u01a1n h\u00e0ng qu\u1ed1c t\u1ebf kho\u1ea3ng t\u1eeb 7-14 ng\u00e0y, th\u1eddi gian nh\u1eadn h\u00e0ng th\u1ef1c t\u1ebf ph\u1ee5 thu\u1ed9c v\u00e0o t\u00ecnh tr\u1ea1ng v\u1eadn chuy\u1ec3n c\u1ee7a c\u00f4ng ty chuy\u1ec3n ph\u00e1t nhanh.<\/span><\/strong><\/h5>\n<\/div>\n","protected":false},"featured_media":83985,"template":"","meta":{"site-sidebar-layout":"default","site-content-layout":"default","ast-site-content-layout":"default","site-content-style":"default","site-sidebar-style":"default","ast-global-header-display":"","ast-banner-title-visibility":"","ast-main-header-display":"","ast-hfb-above-header-display":"","ast-hfb-below-header-display":"","ast-hfb-mobile-header-display":"","site-post-title":"","ast-breadcrumbs-content":"","ast-featured-img":"","footer-sml-layout":"","ast-disable-related-posts":"","theme-transparent-header-meta":"default","adv-header-id-meta":"","stick-header-meta":"default","header-above-stick-meta":"","header-main-stick-meta":"","header-below-stick-meta":"","astra-migrate-meta-layouts":"default","ast-page-background-enabled":"default","ast-page-background-meta":{"desktop":{"background-color":"var(--ast-global-color-5)","background-image":"","background-repeat":"repeat","background-position":"center center","background-size":"auto","background-attachment":"scroll","background-type":"","background-media":"","overlay-type":"","overlay-color":"","overlay-opacity":"","overlay-gradient":""},"tablet":{"background-color":"","background-image":"","background-repeat":"repeat","background-position":"center center","background-size":"auto","background-attachment":"scroll","background-type":"","background-media":"","overlay-type":"","overlay-color":"","overlay-opacity":"","overlay-gradient":""},"mobile":{"background-color":"","background-image":"","background-repeat":"repeat","background-position":"center center","background-size":"auto","background-attachment":"scroll","background-type":"","background-media":"","overlay-type":"","overlay-color":"","overlay-opacity":"","overlay-gradient":""}},"ast-content-background-meta":{"desktop":{"background-color":"var(--ast-global-color-4)","background-image":"","background-repeat":"repeat","background-position":"center center","background-size":"auto","background-attachment":"scroll","background-type":"","background-media":"","overlay-type":"","overlay-color":"","overlay-opacity":"","overlay-gradient":""},"tablet":{"background-color":"var(--ast-global-color-4)","background-image":"","background-repeat":"repeat","background-position":"center center","background-size":"auto","background-attachment":"scroll","background-type":"","background-media":"","overlay-type":"","overlay-color":"","overlay-opacity":"","overlay-gradient":""},"mobile":{"background-color":"var(--ast-global-color-4)","background-image":"","background-repeat":"repeat","background-position":"center center","background-size":"auto","background-attachment":"scroll","background-type":"","background-media":"","overlay-type":"","overlay-color":"","overlay-opacity":"","overlay-gradient":""}}},"product_brand":[],"product_cat":[4389,4378],"product_tag":[5065],"class_list":{"0":"post-83984","1":"product","2":"type-product","3":"status-publish","4":"has-post-thumbnail","6":"product_cat-cong-cu-kim-cuong","7":"product_cat-dua-tay-kim-cuong","8":"product_tag-dua-kim-cuon","9":"desktop-align-left","10":"tablet-align-left","11":"mobile-align-left","12":"ast-product-gallery-layout-horizontal-slider","13":"ast-product-gallery-with-no-image","14":"ast-product-single-variable","15":"ast-product-tabs-layout-horizontal","17":"first","18":"instock","19":"taxable","20":"shipping-taxable","21":"purchasable","22":"product-type-variable"},"_links":{"self":[{"href":"https:\/\/honwaygroup.com\/vi\/wp-json\/wp\/v2\/product\/83984","targetHints":{"allow":["GET"]}}],"collection":[{"href":"https:\/\/honwaygroup.com\/vi\/wp-json\/wp\/v2\/product"}],"about":[{"href":"https:\/\/honwaygroup.com\/vi\/wp-json\/wp\/v2\/types\/product"}],"version-history":[{"count":0,"href":"https:\/\/honwaygroup.com\/vi\/wp-json\/wp\/v2\/product\/83984\/revisions"}],"wp:featuredmedia":[{"embeddable":true,"href":"https:\/\/honwaygroup.com\/vi\/wp-json\/wp\/v2\/media\/83985"}],"wp:attachment":[{"href":"https:\/\/honwaygroup.com\/vi\/wp-json\/wp\/v2\/media?parent=83984"}],"wp:term":[{"taxonomy":"product_brand","embeddable":true,"href":"https:\/\/honwaygroup.com\/vi\/wp-json\/wp\/v2\/product_brand?post=83984"},{"taxonomy":"product_cat","embeddable":true,"href":"https:\/\/honwaygroup.com\/vi\/wp-json\/wp\/v2\/product_cat?post=83984"},{"taxonomy":"product_tag","embeddable":true,"href":"https:\/\/honwaygroup.com\/vi\/wp-json\/wp\/v2\/product_tag?post=83984"}],"curies":[{"name":"wp","href":"https:\/\/api.w.org\/{rel}","templated":true}]}}