{"id":83936,"date":"2021-01-17T16:57:29","date_gmt":"2021-01-17T08:57:29","guid":{"rendered":"https:\/\/honwaygroup.com\/product\/cf-400-dua-kim-cuong-phang-va-cheo-thu-cong\/"},"modified":"2025-11-03T13:35:31","modified_gmt":"2025-11-03T05:35:31","slug":"cf-400-dua-kim-cuong-phang-va-cheo-thu-cong","status":"publish","type":"product","link":"https:\/\/honwaygroup.com\/vi\/product\/cf-400-dua-kim-cuong-phang-va-cheo-thu-cong\/","title":{"rendered":"CF-400: D\u0169a Kim C\u01b0\u01a1ng Ph\u1eb3ng v\u00e0 Ch\u00e9o Th\u1ee7 C\u00f4ng"},"content":{"rendered":"<h3><strong>CF-400 Diamond Flat And Diagonal Manual File<\/strong><\/h3>\n<p>Unit : mm<\/p>\n<table class=\"specTable\" width=\"100%\">\n<tbody>\n<tr>\n<th>Shape<\/th>\n<th width=\"15%\">Number<\/th>\n<th>Grit<\/th>\n<th>Diamond length<\/th>\n<th>Total length<\/th>\n<th width=\"35%\"><\/th>\n<\/tr>\n<tr>\n<td><a href=\"https:\/\/honwaygroup.com\/wp-content\/uploads\/2021\/01\/CF-400-%E9%91%BD%E7%9F%B3%E5%B9%B3%E6%96%9C%E6%89%8B%E5%B7%A5%E9%8A%BC%E5%88%80_%E5%B7%A5%E4%BD%9C%E5%8D%80%E5%9F%9F-1-%E8%A4%87%E6%9C%AC-5.jpg\"><img decoding=\"async\" class=\"alignnone size-thumbnail wp-image-25383\" src=\"https:\/\/honwaygroup.com\/wp-content\/uploads\/2021\/01\/CF-400-%E9%91%BD%E7%9F%B3%E5%B9%B3%E6%96%9C%E6%89%8B%E5%B7%A5%E9%8A%BC%E5%88%80_%E5%B7%A5%E4%BD%9C%E5%8D%80%E5%9F%9F-1-%E8%A4%87%E6%9C%AC-5-150x150.jpg\" alt=\"\" width=\"150\" height=\"150\" \/><\/a><\/td>\n<td>CF-402J<br \/>\nCF-402F<br \/>\nCF-402V<\/td>\n<td>#150<br \/>\n#200<br \/>\n#400<\/td>\n<td style=\"text-align: center;\">40<\/td>\n<td style=\"text-align: center;\">180<\/td>\n<td><a href=\"https:\/\/honwaygroup.com\/wp-content\/uploads\/2021\/01\/CF-400-%E9%91%BD%E7%9F%B3%E5%B9%B3%E6%96%9C%E6%89%8B%E5%B7%A5%E9%8A%BC%E5%88%80-57.jpg\"><img fetchpriority=\"high\" decoding=\"async\" class=\"alignnone wp-image-25399 size-full\" src=\"https:\/\/honwaygroup.com\/wp-content\/uploads\/2021\/01\/CF-400-%E9%91%BD%E7%9F%B3%E5%B9%B3%E6%96%9C%E6%89%8B%E5%B7%A5%E9%8A%BC%E5%88%80-57.jpg\" alt=\"\" width=\"1131\" height=\"162\" \/><\/a><\/td>\n<\/tr>\n<tr>\n<td><a href=\"https:\/\/honwaygroup.com\/wp-content\/uploads\/2021\/01\/CF-400-%E9%91%BD%E7%9F%B3%E5%B9%B3%E6%96%9C%E6%89%8B%E5%B7%A5%E9%8A%BC%E5%88%80_%E5%B7%A5%E4%BD%9C%E5%8D%80%E5%9F%9F-1-%E8%A4%87%E6%9C%AC-6.jpg\"><img decoding=\"async\" class=\"alignnone size-thumbnail wp-image-25387\" src=\"https:\/\/honwaygroup.com\/wp-content\/uploads\/2021\/01\/CF-400-%E9%91%BD%E7%9F%B3%E5%B9%B3%E6%96%9C%E6%89%8B%E5%B7%A5%E9%8A%BC%E5%88%80_%E5%B7%A5%E4%BD%9C%E5%8D%80%E5%9F%9F-1-%E8%A4%87%E6%9C%AC-6-150x150.jpg\" alt=\"\" width=\"150\" height=\"150\" \/><\/a><\/td>\n<td>CF-404J<br \/>\nCF-404F<br \/>\nCF-404V<\/td>\n<td>#150<br \/>\n#200<br \/>\n#400<\/td>\n<td style=\"text-align: center;\">50<\/td>\n<td style=\"text-align: center;\">180<\/td>\n<td><a href=\"https:\/\/honwaygroup.com\/wp-content\/uploads\/2021\/01\/CF-400-%E9%91%BD%E7%9F%B3%E5%B9%B3%E6%96%9C%E6%89%8B%E5%B7%A5%E9%8A%BC%E5%88%80-58.jpg\"><img loading=\"lazy\" decoding=\"async\" class=\"alignnone wp-image-25403 size-full\" src=\"https:\/\/honwaygroup.com\/wp-content\/uploads\/2021\/01\/CF-400-%E9%91%BD%E7%9F%B3%E5%B9%B3%E6%96%9C%E6%89%8B%E5%B7%A5%E9%8A%BC%E5%88%80-58.jpg\" alt=\"\" width=\"1131\" height=\"162\" \/><\/a><\/td>\n<\/tr>\n<tr>\n<td><a href=\"https:\/\/honwaygroup.com\/wp-content\/uploads\/2021\/01\/CF-400-%E9%91%BD%E7%9F%B3%E5%B9%B3%E6%96%9C%E6%89%8B%E5%B7%A5%E9%8A%BC%E5%88%80_%E5%B7%A5%E4%BD%9C%E5%8D%80%E5%9F%9F-1-%E8%A4%87%E6%9C%AC-8.jpg\"><img loading=\"lazy\" decoding=\"async\" class=\"alignnone size-thumbnail wp-image-25391\" src=\"https:\/\/honwaygroup.com\/wp-content\/uploads\/2021\/01\/CF-400-%E9%91%BD%E7%9F%B3%E5%B9%B3%E6%96%9C%E6%89%8B%E5%B7%A5%E9%8A%BC%E5%88%80_%E5%B7%A5%E4%BD%9C%E5%8D%80%E5%9F%9F-1-%E8%A4%87%E6%9C%AC-8-150x150.jpg\" alt=\"\" width=\"150\" height=\"150\" \/><\/a><\/td>\n<td>CF-406J<br \/>\nCF-406F<br \/>\nCF-406V<\/td>\n<td>#150<br \/>\n#200<br \/>\n#400<\/td>\n<td style=\"text-align: center;\">50<\/td>\n<td style=\"text-align: center;\">180<\/td>\n<td><a href=\"https:\/\/honwaygroup.com\/wp-content\/uploads\/2021\/01\/CF-400-%E9%91%BD%E7%9F%B3%E5%B9%B3%E6%96%9C%E6%89%8B%E5%B7%A5%E9%8A%BC%E5%88%80-59.jpg\"><img loading=\"lazy\" decoding=\"async\" class=\"alignnone wp-image-25407 size-full\" src=\"https:\/\/honwaygroup.com\/wp-content\/uploads\/2021\/01\/CF-400-%E9%91%BD%E7%9F%B3%E5%B9%B3%E6%96%9C%E6%89%8B%E5%B7%A5%E9%8A%BC%E5%88%80-59.jpg\" alt=\"\" width=\"1131\" height=\"162\" \/><\/a><\/td>\n<\/tr>\n<tr>\n<td><a href=\"https:\/\/honwaygroup.com\/wp-content\/uploads\/2021\/01\/CF-400-%E9%91%BD%E7%9F%B3%E5%B9%B3%E6%96%9C%E6%89%8B%E5%B7%A5%E9%8A%BC%E5%88%80_%E5%B7%A5%E4%BD%9C%E5%8D%80%E5%9F%9F-1-%E8%A4%87%E6%9C%AC-9.jpg\"><img loading=\"lazy\" decoding=\"async\" class=\"alignnone size-thumbnail wp-image-25395\" src=\"https:\/\/honwaygroup.com\/wp-content\/uploads\/2021\/01\/CF-400-%E9%91%BD%E7%9F%B3%E5%B9%B3%E6%96%9C%E6%89%8B%E5%B7%A5%E9%8A%BC%E5%88%80_%E5%B7%A5%E4%BD%9C%E5%8D%80%E5%9F%9F-1-%E8%A4%87%E6%9C%AC-9-150x150.jpg\" alt=\"\" width=\"150\" height=\"150\" \/><\/a><\/td>\n<td>CF-408J<br \/>\nCF-408F<br \/>\nCF-408V<\/td>\n<td>#150<br \/>\n#200<br \/>\n#400<\/td>\n<td style=\"text-align: center;\">50<\/td>\n<td style=\"text-align: center;\">180<\/td>\n<td><a href=\"https:\/\/honwaygroup.com\/wp-content\/uploads\/2021\/01\/CF-400-%E9%91%BD%E7%9F%B3%E5%B9%B3%E6%96%9C%E6%89%8B%E5%B7%A5%E9%8A%BC%E5%88%80-60.jpg\"><img loading=\"lazy\" decoding=\"async\" class=\"alignnone wp-image-25411 size-full\" src=\"https:\/\/honwaygroup.com\/wp-content\/uploads\/2021\/01\/CF-400-%E9%91%BD%E7%9F%B3%E5%B9%B3%E6%96%9C%E6%89%8B%E5%B7%A5%E9%8A%BC%E5%88%80-60.jpg\" alt=\"\" width=\"1131\" height=\"162\" \/><\/a><\/td>\n<\/tr>\n<tr>\n<td colspan=\"6\"><strong>Set of 12 \/ One for each grain size, Order No. : CF-400<\/strong><\/td>\n<\/tr>\n<\/tbody>\n<\/table>\n<p>Any questions? <a href=\"https:\/\/honwaygroup.com\/vi\/lien-he-voi-honway\/\">Contact HonWay<\/a><\/p>\n","protected":false},"excerpt":{"rendered":"<div id=\"desWrap\">\n<ul>\n<li>T\u1ed5ng chi\u1ec1u d\u00e0i: 180mm<\/li>\n<li>Chi\u1ec1u d\u00e0i Kim c\u01b0\u01a1ng : 40~50mm<\/li>\n<\/ul>\n<h5><strong><span style=\"color: #ff0000; font-size: 19.2px;\">\u25b2<\/span><\/strong><strong><span style=\"color: #ff0000; font-size: 19.2px;\">\u0110\u1ed1i v\u1edbi k\u00edch th\u01b0\u1edbc t\u00f9y ch\u1ec9nh, vui l\u00f2ng li\u00ean h\u1ec7 v\u1edbi b\u1ed9 ph\u1eadn ch\u0103m s\u00f3c kh\u00e1ch h\u00e0ng. Ng\u00e0y giao h\u00e0ng s\u1ebd d\u1ef1a tr\u00ean th\u1eddi gian \u0111\u01b0\u1ee3c th\u00f4ng b\u00e1o b\u1edfi b\u1ed9 ph\u1eadn ch\u0103m s\u00f3c kh\u00e1ch h\u00e0ng. <\/span><\/strong><\/h5>\n<h5><strong><span style=\"color: #ff0000; font-size: 19.2px;\">\u25b2 <\/span><\/strong><strong><span style=\"color: #ff0000; font-size: 19.2px;\">\u0110\u01a1n h\u00e0ng l\u1edbn c\u00f3 th\u1ec3 \u0111\u01b0\u1ee3c h\u01b0\u1edfng \u01b0u \u0111\u00e3i gi\u1ea3m gi\u00e1, vui l\u00f2ng li\u00ean h\u1ec7 v\u1edbi b\u1ed9 ph\u1eadn ch\u0103m s\u00f3c kh\u00e1ch h\u00e0ng.<\/span><\/strong><\/h5>\n<h5><strong><span style=\"color: #ff0000; font-size: 19.2px;\">\u25b2<\/span><span style=\"color: #ff0000;\">\u0110\u01a1n \u0111\u1eb7t h\u00e0ng<\/span> t\u1eeb <span style=\"color: #ff0000; font-size: 19.2px;\">\u0110\u00e0i Loan<\/span> <span style=\"color: #ff0000; font-size: 19.2px;\">s\u1ebd \u0111\u01b0\u1ee3c giao trong kho\u1ea3ng 7-14 ng\u00e0y.<\/span><\/strong><\/h5>\n<h5><strong><span style=\"color: #ff0000; font-size: 19.2px;\">\u25b2<\/span><span style=\"color: #ff0000;\">\u0110\u01a1n h\u00e0ng qu\u1ed1c t\u1ebf s\u1ebd \u0111\u01b0\u1ee3c giao trong kho\u1ea3ng 7-14 ng\u00e0y. Th\u1eddi gian giao h\u00e0ng th\u1ef1c t\u1ebf ph\u1ee5 thu\u1ed9c v\u00e0o t\u00ecnh h\u00ecnh giao h\u00e0ng c\u1ee7a c\u00f4ng ty chuy\u1ec3n ph\u00e1t. <\/span><\/strong><\/h5>\n<\/div>\n","protected":false},"featured_media":83937,"template":"","meta":{"site-sidebar-layout":"default","site-content-layout":"default","ast-site-content-layout":"default","site-content-style":"default","site-sidebar-style":"default","ast-global-header-display":"","ast-banner-title-visibility":"","ast-main-header-display":"","ast-hfb-above-header-display":"","ast-hfb-below-header-display":"","ast-hfb-mobile-header-display":"","site-post-title":"","ast-breadcrumbs-content":"","ast-featured-img":"","footer-sml-layout":"","ast-disable-related-posts":"","theme-transparent-header-meta":"default","adv-header-id-meta":"","stick-header-meta":"default","header-above-stick-meta":"","header-main-stick-meta":"","header-below-stick-meta":"","astra-migrate-meta-layouts":"set","ast-page-background-enabled":"default","ast-page-background-meta":{"desktop":{"background-color":"var(--ast-global-color-5)","background-image":"","background-repeat":"repeat","background-position":"center center","background-size":"auto","background-attachment":"scroll","background-type":"","background-media":"","overlay-type":"","overlay-color":"","overlay-opacity":"","overlay-gradient":""},"tablet":{"background-color":"","background-image":"","background-repeat":"repeat","background-position":"center center","background-size":"auto","background-attachment":"scroll","background-type":"","background-media":"","overlay-type":"","overlay-color":"","overlay-opacity":"","overlay-gradient":""},"mobile":{"background-color":"","background-image":"","background-repeat":"repeat","background-position":"center center","background-size":"auto","background-attachment":"scroll","background-type":"","background-media":"","overlay-type":"","overlay-color":"","overlay-opacity":"","overlay-gradient":""}},"ast-content-background-meta":{"desktop":{"background-color":"var(--ast-global-color-4)","background-image":"","background-repeat":"repeat","background-position":"center center","background-size":"auto","background-attachment":"scroll","background-type":"","background-media":"","overlay-type":"","overlay-color":"","overlay-opacity":"","overlay-gradient":""},"tablet":{"background-color":"var(--ast-global-color-4)","background-image":"","background-repeat":"repeat","background-position":"center center","background-size":"auto","background-attachment":"scroll","background-type":"","background-media":"","overlay-type":"","overlay-color":"","overlay-opacity":"","overlay-gradient":""},"mobile":{"background-color":"var(--ast-global-color-4)","background-image":"","background-repeat":"repeat","background-position":"center center","background-size":"auto","background-attachment":"scroll","background-type":"","background-media":"","overlay-type":"","overlay-color":"","overlay-opacity":"","overlay-gradient":""}}},"product_brand":[],"product_cat":[4389,4378],"product_tag":[5065],"class_list":{"0":"post-83936","1":"product","2":"type-product","3":"status-publish","4":"has-post-thumbnail","6":"product_cat-cong-cu-kim-cuong","7":"product_cat-dua-tay-kim-cuong","8":"product_tag-dua-kim-cuon","9":"desktop-align-left","10":"tablet-align-left","11":"mobile-align-left","12":"ast-product-gallery-layout-horizontal-slider","13":"ast-product-gallery-with-no-image","14":"ast-product-single-variable","15":"ast-product-tabs-layout-horizontal","17":"first","18":"instock","19":"taxable","20":"shipping-taxable","21":"purchasable","22":"product-type-variable"},"_links":{"self":[{"href":"https:\/\/honwaygroup.com\/vi\/wp-json\/wp\/v2\/product\/83936","targetHints":{"allow":["GET"]}}],"collection":[{"href":"https:\/\/honwaygroup.com\/vi\/wp-json\/wp\/v2\/product"}],"about":[{"href":"https:\/\/honwaygroup.com\/vi\/wp-json\/wp\/v2\/types\/product"}],"version-history":[{"count":0,"href":"https:\/\/honwaygroup.com\/vi\/wp-json\/wp\/v2\/product\/83936\/revisions"}],"wp:featuredmedia":[{"embeddable":true,"href":"https:\/\/honwaygroup.com\/vi\/wp-json\/wp\/v2\/media\/83937"}],"wp:attachment":[{"href":"https:\/\/honwaygroup.com\/vi\/wp-json\/wp\/v2\/media?parent=83936"}],"wp:term":[{"taxonomy":"product_brand","embeddable":true,"href":"https:\/\/honwaygroup.com\/vi\/wp-json\/wp\/v2\/product_brand?post=83936"},{"taxonomy":"product_cat","embeddable":true,"href":"https:\/\/honwaygroup.com\/vi\/wp-json\/wp\/v2\/product_cat?post=83936"},{"taxonomy":"product_tag","embeddable":true,"href":"https:\/\/honwaygroup.com\/vi\/wp-json\/wp\/v2\/product_tag?post=83936"}],"curies":[{"name":"wp","href":"https:\/\/api.w.org\/{rel}","templated":true}]}}