{"id":83922,"date":"2021-01-17T17:01:52","date_gmt":"2021-01-17T09:01:52","guid":{"rendered":"https:\/\/honwaygroup.com\/product\/cf-50-dua-kim-cuong-phang-va-cheo-danh-cho-tho-sat\/"},"modified":"2025-11-03T13:35:03","modified_gmt":"2025-11-03T05:35:03","slug":"cf-50-dua-kim-cuong-phang-va-cheo-danh-cho-tho-sat","status":"publish","type":"product","link":"https:\/\/honwaygroup.com\/vi\/product\/cf-50-dua-kim-cuong-phang-va-cheo-danh-cho-tho-sat\/","title":{"rendered":"D\u0169a v\u00e1t kim c\u01b0\u01a1ng CF-50 d\u00e0nh cho th\u1ee3 s\u1eaft"},"content":{"rendered":"<h3><strong>D\u0169a v\u00e1t kim c\u01b0\u01a1ng CF-50 d\u00e0nh cho th\u1ee3 s\u1eaft<\/strong><\/h3>\n<p>K\u00edch th\u01b0\u1edbc h\u1ea1t: #150, #200<\/p>\n<p>\u0110\u01a1n v\u1ecb: mm<\/p>\n<table width=\"100%\">\n<tbody>\n<tr>\n<th style=\"text-align: center\" width=\"12%\">D\u0142ugo\u015b\u0107 ca\u0142kowita<\/th>\n<th style=\"text-align: center\" width=\"12%\">D\u0142ugo\u015b\u0107 diamentu<\/th>\n<th style=\"text-align: center\" width=\"15%\">Kszta\u0142t<\/th>\n<th style=\"text-align: center\" width=\"15%\">Numer<\/th>\n<th style=\"text-align: center\" width=\"30%\"><\/th>\n<\/tr>\n<tr>\n<td style=\"text-align: center\">180<\/td>\n<td style=\"text-align: center\">70<\/td>\n<td><a href=\"https:\/\/honwaygroup.com\/wp-content\/uploads\/2021\/01\/CF-50-%E9%90%B5%E5%B7%A5%E7%94%A8%E9%91%BD%E7%9F%B3%E5%B9%B3%E6%96%9C%E9%8A%BC%E5%88%80_%E5%B7%A5%E4%BD%9C%E5%8D%80%E5%9F%9F-1-%E8%A4%87%E6%9C%AC.jpg\"><img decoding=\"async\" class=\"alignnone wp-image-25437 size-full\" src=\"https:\/\/honwaygroup.com\/wp-content\/uploads\/2021\/01\/CF-50-%E9%90%B5%E5%B7%A5%E7%94%A8%E9%91%BD%E7%9F%B3%E5%B9%B3%E6%96%9C%E9%8A%BC%E5%88%80_%E5%B7%A5%E4%BD%9C%E5%8D%80%E5%9F%9F-1-%E8%A4%87%E6%9C%AC.jpg\" alt=\"\" width=\"219\" height=\"155\"><\/a><\/td>\n<td style=\"text-align: center\">CF-501<\/td>\n<td><a href=\"https:\/\/honwaygroup.com\/wp-content\/uploads\/2021\/01\/CF-50-%E9%90%B5%E5%B7%A5%E7%94%A8%E9%91%BD%E7%9F%B3%E5%B9%B3%E6%96%9C%E9%8A%BC%E5%88%80%E7%94%A2%E5%93%81_%E5%B7%A5%E4%BD%9C%E5%8D%80%E5%9F%9F-1-%E8%A4%87%E6%9C%AC.webp\"><img decoding=\"async\" class=\"alignnone wp-image-25457 size-full\" src=\"https:\/\/honwaygroup.com\/wp-content\/uploads\/2021\/01\/CF-50-%E9%90%B5%E5%B7%A5%E7%94%A8%E9%91%BD%E7%9F%B3%E5%B9%B3%E6%96%9C%E9%8A%BC%E5%88%80%E7%94%A2%E5%93%81_%E5%B7%A5%E4%BD%9C%E5%8D%80%E5%9F%9F-1-%E8%A4%87%E6%9C%AC.webp\" alt=\"\" width=\"438\" height=\"78\"><\/a><\/td>\n<\/tr>\n<tr>\n<td style=\"text-align: center\">180<\/td>\n<td style=\"text-align: center\">60<\/td>\n<td><a href=\"https:\/\/honwaygroup.com\/wp-content\/uploads\/2021\/01\/CF-50-%E9%90%B5%E5%B7%A5%E7%94%A8%E9%91%BD%E7%9F%B3%E5%B9%B3%E6%96%9C%E9%8A%BC%E5%88%80_%E5%B7%A5%E4%BD%9C%E5%8D%80%E5%9F%9F-1-%E8%A4%87%E6%9C%AC-2.webp\"><img decoding=\"async\" class=\"alignnone wp-image-25421 size-full\" src=\"https:\/\/honwaygroup.com\/wp-content\/uploads\/2021\/01\/CF-50-%E9%90%B5%E5%B7%A5%E7%94%A8%E9%91%BD%E7%9F%B3%E5%B9%B3%E6%96%9C%E9%8A%BC%E5%88%80_%E5%B7%A5%E4%BD%9C%E5%8D%80%E5%9F%9F-1-%E8%A4%87%E6%9C%AC-2.webp\" alt=\"\" width=\"219\" height=\"155\"><\/a><\/td>\n<td style=\"text-align: center\">CF-502<\/td>\n<td><a href=\"https:\/\/honwaygroup.com\/wp-content\/uploads\/2021\/01\/CF-50-%E9%90%B5%E5%B7%A5%E7%94%A8%E9%91%BD%E7%9F%B3%E5%B9%B3%E6%96%9C%E9%8A%BC%E5%88%80%E7%94%A2%E5%93%81_%E5%B7%A5%E4%BD%9C%E5%8D%80%E5%9F%9F-1-%E8%A4%87%E6%9C%AC-2.jpg\"><img loading=\"lazy\" decoding=\"async\" class=\"alignnone wp-image-25441 size-full\" src=\"https:\/\/honwaygroup.com\/wp-content\/uploads\/2021\/01\/CF-50-%E9%90%B5%E5%B7%A5%E7%94%A8%E9%91%BD%E7%9F%B3%E5%B9%B3%E6%96%9C%E9%8A%BC%E5%88%80%E7%94%A2%E5%93%81_%E5%B7%A5%E4%BD%9C%E5%8D%80%E5%9F%9F-1-%E8%A4%87%E6%9C%AC-2.jpg\" alt=\"\" width=\"438\" height=\"78\"><\/a><\/td>\n<\/tr>\n<tr>\n<td style=\"text-align: center\">180<\/td>\n<td style=\"text-align: center\">60<\/td>\n<td><a href=\"https:\/\/honwaygroup.com\/wp-content\/uploads\/2021\/01\/CF-50-%E9%90%B5%E5%B7%A5%E7%94%A8%E9%91%BD%E7%9F%B3%E5%B9%B3%E6%96%9C%E9%8A%BC%E5%88%80_%E5%B7%A5%E4%BD%9C%E5%8D%80%E5%9F%9F-1-%E8%A4%87%E6%9C%AC-3.webp\"><img loading=\"lazy\" decoding=\"async\" class=\"alignnone wp-image-25425 size-full\" src=\"https:\/\/honwaygroup.com\/wp-content\/uploads\/2021\/01\/CF-50-%E9%90%B5%E5%B7%A5%E7%94%A8%E9%91%BD%E7%9F%B3%E5%B9%B3%E6%96%9C%E9%8A%BC%E5%88%80_%E5%B7%A5%E4%BD%9C%E5%8D%80%E5%9F%9F-1-%E8%A4%87%E6%9C%AC-3.webp\" alt=\"\" width=\"219\" height=\"155\"><\/a><\/td>\n<td style=\"text-align: center\">CF-503<\/td>\n<td><a href=\"https:\/\/honwaygroup.com\/wp-content\/uploads\/2021\/01\/CF-50-%E9%90%B5%E5%B7%A5%E7%94%A8%E9%91%BD%E7%9F%B3%E5%B9%B3%E6%96%9C%E9%8A%BC%E5%88%80%E7%94%A2%E5%93%81_%E5%B7%A5%E4%BD%9C%E5%8D%80%E5%9F%9F-1-%E8%A4%87%E6%9C%AC-3.webp\"><img loading=\"lazy\" decoding=\"async\" class=\"alignnone wp-image-25445 size-full\" src=\"https:\/\/honwaygroup.com\/wp-content\/uploads\/2021\/01\/CF-50-%E9%90%B5%E5%B7%A5%E7%94%A8%E9%91%BD%E7%9F%B3%E5%B9%B3%E6%96%9C%E9%8A%BC%E5%88%80%E7%94%A2%E5%93%81_%E5%B7%A5%E4%BD%9C%E5%8D%80%E5%9F%9F-1-%E8%A4%87%E6%9C%AC-3.webp\" alt=\"\" width=\"438\" height=\"78\"><\/a><\/td>\n<\/tr>\n<tr>\n<td style=\"text-align: center\">180<\/td>\n<td style=\"text-align: center\">50<\/td>\n<td><a href=\"https:\/\/honwaygroup.com\/wp-content\/uploads\/2021\/01\/CF-50-%E9%90%B5%E5%B7%A5%E7%94%A8%E9%91%BD%E7%9F%B3%E5%B9%B3%E6%96%9C%E9%8A%BC%E5%88%80_%E5%B7%A5%E4%BD%9C%E5%8D%80%E5%9F%9F-1-%E8%A4%87%E6%9C%AC-4.jpg\"><img loading=\"lazy\" decoding=\"async\" class=\"alignnone wp-image-25429 size-full\" src=\"https:\/\/honwaygroup.com\/wp-content\/uploads\/2021\/01\/CF-50-%E9%90%B5%E5%B7%A5%E7%94%A8%E9%91%BD%E7%9F%B3%E5%B9%B3%E6%96%9C%E9%8A%BC%E5%88%80_%E5%B7%A5%E4%BD%9C%E5%8D%80%E5%9F%9F-1-%E8%A4%87%E6%9C%AC-4.jpg\" alt=\"\" width=\"219\" height=\"155\"><\/a><\/td>\n<td style=\"text-align: center\">CF-504<\/td>\n<td><a href=\"https:\/\/honwaygroup.com\/wp-content\/uploads\/2021\/01\/CF-50-%E9%90%B5%E5%B7%A5%E7%94%A8%E9%91%BD%E7%9F%B3%E5%B9%B3%E6%96%9C%E9%8A%BC%E5%88%80%E7%94%A2%E5%93%81_%E5%B7%A5%E4%BD%9C%E5%8D%80%E5%9F%9F-1-%E8%A4%87%E6%9C%AC-4.jpg\"><img loading=\"lazy\" decoding=\"async\" class=\"alignnone wp-image-25449 size-full\" src=\"https:\/\/honwaygroup.com\/wp-content\/uploads\/2021\/01\/CF-50-%E9%90%B5%E5%B7%A5%E7%94%A8%E9%91%BD%E7%9F%B3%E5%B9%B3%E6%96%9C%E9%8A%BC%E5%88%80%E7%94%A2%E5%93%81_%E5%B7%A5%E4%BD%9C%E5%8D%80%E5%9F%9F-1-%E8%A4%87%E6%9C%AC-4.jpg\" alt=\"\" width=\"438\" height=\"78\"><\/a><\/td>\n<\/tr>\n<tr>\n<td style=\"text-align: center\">180<\/td>\n<td style=\"text-align: center\">50<\/td>\n<td style=\"text-align: center\"><a href=\"https:\/\/honwaygroup.com\/wp-content\/uploads\/2021\/01\/CF-50-%E9%90%B5%E5%B7%A5%E7%94%A8%E9%91%BD%E7%9F%B3%E5%B9%B3%E6%96%9C%E9%8A%BC%E5%88%80_%E5%B7%A5%E4%BD%9C%E5%8D%80%E5%9F%9F-1-%E8%A4%87%E6%9C%AC-5.jpg\"><img loading=\"lazy\" decoding=\"async\" class=\"alignnone wp-image-25433 size-full\" src=\"https:\/\/honwaygroup.com\/wp-content\/uploads\/2021\/01\/CF-50-%E9%90%B5%E5%B7%A5%E7%94%A8%E9%91%BD%E7%9F%B3%E5%B9%B3%E6%96%9C%E9%8A%BC%E5%88%80_%E5%B7%A5%E4%BD%9C%E5%8D%80%E5%9F%9F-1-%E8%A4%87%E6%9C%AC-5.jpg\" alt=\"\" width=\"219\" height=\"155\"><\/a><\/td>\n<td style=\"text-align: center\">CF-505<\/td>\n<td><a href=\"https:\/\/honwaygroup.com\/wp-content\/uploads\/2021\/01\/CF-50-%E9%90%B5%E5%B7%A5%E7%94%A8%E9%91%BD%E7%9F%B3%E5%B9%B3%E6%96%9C%E9%8A%BC%E5%88%80%E7%94%A2%E5%93%81_%E5%B7%A5%E4%BD%9C%E5%8D%80%E5%9F%9F-1-%E8%A4%87%E6%9C%AC-5.webp\"><img loading=\"lazy\" decoding=\"async\" class=\"alignnone wp-image-25453 size-full\" src=\"https:\/\/honwaygroup.com\/wp-content\/uploads\/2021\/01\/CF-50-%E9%90%B5%E5%B7%A5%E7%94%A8%E9%91%BD%E7%9F%B3%E5%B9%B3%E6%96%9C%E9%8A%BC%E5%88%80%E7%94%A2%E5%93%81_%E5%B7%A5%E4%BD%9C%E5%8D%80%E5%9F%9F-1-%E8%A4%87%E6%9C%AC-5.webp\" alt=\"\" width=\"438\" height=\"78\"><\/a><\/td>\n<\/tr>\n<\/tbody>\n<\/table>\n<p>C\u00f3 b\u1ea5t k\u1ef3 th\u1eafc m\u1eafc n\u00e0o kh\u00f4ng? <a href=\"https:\/\/honwaygroup.com\/vi\/lien-he-voi-honway\/\">Li\u00ean h\u1ec7 v\u1edbi HonWay<\/a><\/p>\n","protected":false},"excerpt":{"rendered":"<h5><strong><span style=\"color: #ff0000;font-size: 19.2px\">\u25b2<\/span><\/strong><strong><span style=\"color: #ff0000;font-size: 19.2px\">N\u1ebfu c\u1ea7n k\u00edch th\u01b0\u1edbc t\u00f9y ch\u1ec9nh, vui l\u00f2ng li\u00ean h\u1ec7 b\u1ed9 ph\u1eadn ch\u0103m s\u00f3c kh\u00e1ch h\u00e0ng. Ng\u00e0y giao h\u00e0ng s\u1ebd ph\u1ee5 thu\u1ed9c v\u00e0o th\u1eddi gian \u0111\u01b0\u1ee3c th\u00f4ng b\u00e1o t\u1eeb b\u1ed9 ph\u1eadn n\u00e0y.<\/span><\/strong><\/h5>\n<h5><strong><span style=\"color: #ff0000;font-size: 19.2px\">\u25b2<\/span><\/strong><strong><span style=\"color: #ff0000;font-size: 19.2px\">\u0110\u1eb7t h\u00e0ng s\u1ed1 l\u01b0\u1ee3ng l\u1edbn c\u00f3 th\u1ec3 \u0111\u01b0\u1ee3c h\u01b0\u1edfng chi\u1ebft kh\u1ea5u \u01b0u \u0111\u00e3i, vui l\u00f2ng li\u00ean h\u1ec7 b\u1ed9 ph\u1eadn ch\u0103m s\u00f3c kh\u00e1ch h\u00e0ng \u0111\u1ec3 bi\u1ebft th\u00eam chi ti\u1ebft.<br \/>\n<\/span><\/strong><\/h5>\n<h5><strong><span style=\"color: #ff0000;font-size: 19.2px\">\u25b2<\/span> Th\u1eddi gian giao h\u00e0ng cho<span style=\"color: #ff0000\"> c\u00e1c \u0111\u01a1n \u0111\u1eb7t h\u00e0ng<\/span> <span style=\"color: #ff0000;font-size: 19.2px\">\u1edf \u0110\u00e0i Loan<\/span> <span style=\"color: #ff0000;font-size: 19.2px\">kho\u1ea3ng t\u1eeb 7-14 ng\u00e0y l\u00e0m vi\u1ec7c.<\/span><\/strong><\/h5>\n<h5><strong><span style=\"color: #ff0000;font-size: 19.2px\">\u25b2 <\/span><span style=\"color: #ff0000\">Th\u1eddi gian giao h\u00e0ng cho \u0111\u01a1n h\u00e0ng qu\u1ed1c t\u1ebf kho\u1ea3ng t\u1eeb 7-14 ng\u00e0y, th\u1eddi gian nh\u1eadn h\u00e0ng th\u1ef1c t\u1ebf ph\u1ee5 thu\u1ed9c v\u00e0o t\u00ecnh tr\u1ea1ng v\u1eadn chuy\u1ec3n c\u1ee7a c\u00f4ng ty chuy\u1ec3n ph\u00e1t nhanh.<\/span><\/strong><\/h5>\n","protected":false},"featured_media":83923,"template":"","meta":{"site-sidebar-layout":"default","site-content-layout":"default","ast-site-content-layout":"default","site-content-style":"default","site-sidebar-style":"default","ast-global-header-display":"","ast-banner-title-visibility":"","ast-main-header-display":"","ast-hfb-above-header-display":"","ast-hfb-below-header-display":"","ast-hfb-mobile-header-display":"","site-post-title":"","ast-breadcrumbs-content":"","ast-featured-img":"","footer-sml-layout":"","ast-disable-related-posts":"","theme-transparent-header-meta":"default","adv-header-id-meta":"","stick-header-meta":"default","header-above-stick-meta":"","header-main-stick-meta":"","header-below-stick-meta":"","astra-migrate-meta-layouts":"default","ast-page-background-enabled":"default","ast-page-background-meta":{"desktop":{"background-color":"var(--ast-global-color-5)","background-image":"","background-repeat":"repeat","background-position":"center center","background-size":"auto","background-attachment":"scroll","background-type":"","background-media":"","overlay-type":"","overlay-color":"","overlay-opacity":"","overlay-gradient":""},"tablet":{"background-color":"","background-image":"","background-repeat":"repeat","background-position":"center center","background-size":"auto","background-attachment":"scroll","background-type":"","background-media":"","overlay-type":"","overlay-color":"","overlay-opacity":"","overlay-gradient":""},"mobile":{"background-color":"","background-image":"","background-repeat":"repeat","background-position":"center center","background-size":"auto","background-attachment":"scroll","background-type":"","background-media":"","overlay-type":"","overlay-color":"","overlay-opacity":"","overlay-gradient":""}},"ast-content-background-meta":{"desktop":{"background-color":"var(--ast-global-color-4)","background-image":"","background-repeat":"repeat","background-position":"center center","background-size":"auto","background-attachment":"scroll","background-type":"","background-media":"","overlay-type":"","overlay-color":"","overlay-opacity":"","overlay-gradient":""},"tablet":{"background-color":"var(--ast-global-color-4)","background-image":"","background-repeat":"repeat","background-position":"center center","background-size":"auto","background-attachment":"scroll","background-type":"","background-media":"","overlay-type":"","overlay-color":"","overlay-opacity":"","overlay-gradient":""},"mobile":{"background-color":"var(--ast-global-color-4)","background-image":"","background-repeat":"repeat","background-position":"center center","background-size":"auto","background-attachment":"scroll","background-type":"","background-media":"","overlay-type":"","overlay-color":"","overlay-opacity":"","overlay-gradient":""}}},"product_brand":[],"product_cat":[4389,4378],"product_tag":[5065],"class_list":{"0":"post-83922","1":"product","2":"type-product","3":"status-publish","4":"has-post-thumbnail","6":"product_cat-cong-cu-kim-cuong","7":"product_cat-dua-tay-kim-cuong","8":"product_tag-dua-kim-cuon","9":"desktop-align-left","10":"tablet-align-left","11":"mobile-align-left","12":"ast-product-gallery-layout-horizontal-slider","13":"ast-product-gallery-with-no-image","14":"ast-product-single-variable","15":"ast-product-tabs-layout-horizontal","17":"first","18":"instock","19":"taxable","20":"shipping-taxable","21":"purchasable","22":"product-type-variable"},"_links":{"self":[{"href":"https:\/\/honwaygroup.com\/vi\/wp-json\/wp\/v2\/product\/83922","targetHints":{"allow":["GET"]}}],"collection":[{"href":"https:\/\/honwaygroup.com\/vi\/wp-json\/wp\/v2\/product"}],"about":[{"href":"https:\/\/honwaygroup.com\/vi\/wp-json\/wp\/v2\/types\/product"}],"version-history":[{"count":0,"href":"https:\/\/honwaygroup.com\/vi\/wp-json\/wp\/v2\/product\/83922\/revisions"}],"wp:featuredmedia":[{"embeddable":true,"href":"https:\/\/honwaygroup.com\/vi\/wp-json\/wp\/v2\/media\/83923"}],"wp:attachment":[{"href":"https:\/\/honwaygroup.com\/vi\/wp-json\/wp\/v2\/media?parent=83922"}],"wp:term":[{"taxonomy":"product_brand","embeddable":true,"href":"https:\/\/honwaygroup.com\/vi\/wp-json\/wp\/v2\/product_brand?post=83922"},{"taxonomy":"product_cat","embeddable":true,"href":"https:\/\/honwaygroup.com\/vi\/wp-json\/wp\/v2\/product_cat?post=83922"},{"taxonomy":"product_tag","embeddable":true,"href":"https:\/\/honwaygroup.com\/vi\/wp-json\/wp\/v2\/product_tag?post=83922"}],"curies":[{"name":"wp","href":"https:\/\/api.w.org\/{rel}","templated":true}]}}