{"id":83850,"date":"2021-01-17T17:22:46","date_gmt":"2021-01-17T09:22:46","guid":{"rendered":"https:\/\/honwaygroup.com\/product\/dua-kim-cuong-cong-dong-mbf-60\/"},"modified":"2025-11-03T11:09:18","modified_gmt":"2025-11-03T03:09:18","slug":"dua-kim-cuong-cong-dong-mbf-60","status":"publish","type":"product","link":"https:\/\/honwaygroup.com\/vi\/product\/dua-kim-cuong-cong-dong-mbf-60\/","title":{"rendered":"D\u0169a h\u00ecnh kim c\u01b0\u01a1ng d\u00f2ng MBF-60"},"content":{"rendered":"<h3><strong>D\u0169a h\u00ecnh kim c\u01b0\u01a1ng d\u00f2ng MBF-60<\/strong><\/h3>\n<p>&nbsp;<\/p>\n<p>\u0110\u01a1n v\u1ecb: mm<\/p>\n<table class=\"specTable2\" width=\"100%\">\n<tbody>\n<tr>\n<th colspan=\"2\" rowspan=\"2\">H\u00ecnh d\u1ea1ng v\u00e0 k\u00edch th\u01b0\u1edbc (mm)<\/th>\n<th colspan=\"3\">s\u1ed1 seri<\/th>\n<th rowspan=\"2\">\n<ul>\n<li style=\"text-align: left\">Chi\u1ec1u d\u00e0i t\u1ed5ng th\u1ec3: 85mm<\/li>\n<li style=\"text-align: left\">\u0110\u01b0\u1eddng k\u00ednh chu\u00f4i: \u00d83.0mm<\/li>\n<li style=\"text-align: left\">Chi\u1ec1u d\u00e0i kim c\u01b0\u01a1ng: 30mm<\/li>\n<\/ul>\n<\/th>\n<\/tr>\n<tr>\n<th>#150<\/th>\n<th>#200<\/th>\n<th>#400<\/th>\n<\/tr>\n<tr>\n<td width=\"15%\"><a href=\"https:\/\/honwaygroup.com\/wp-content\/uploads\/2021\/01\/MBF-60-%E7%B3%BB%E5%88%97-%E9%91%BD%E7%9F%B3%E7%95%B0%E5%BD%A2%E9%8A%BC%E5%88%80_%E5%B7%A5%E4%BD%9C%E5%8D%80%E5%9F%9F-1-%E8%A4%87%E6%9C%AC-5.webp\"><img fetchpriority=\"high\" decoding=\"async\" class=\"alignnone size-full wp-image-26977\" src=\"https:\/\/honwaygroup.com\/wp-content\/uploads\/2021\/01\/MBF-60-%E7%B3%BB%E5%88%97-%E9%91%BD%E7%9F%B3%E7%95%B0%E5%BD%A2%E9%8A%BC%E5%88%80_%E5%B7%A5%E4%BD%9C%E5%8D%80%E5%9F%9F-1-%E8%A4%87%E6%9C%AC-5.webp\" alt=\"\" width=\"292\" height=\"250\"><\/a><\/td>\n<td>5.5 x 1.2<\/td>\n<td>MBF-601<\/td>\n<td>MBF-601F<\/td>\n<td>MBF-601V<\/td>\n<td width=\"35%\"><a href=\"https:\/\/honwaygroup.com\/wp-content\/uploads\/2021\/01\/MBF-60-%E7%B3%BB%E5%88%97-%E9%91%BD%E7%9F%B3%E7%95%B0%E5%BD%A2%E9%8A%BC%E5%88%80_%E5%B7%A5%E4%BD%9C%E5%8D%80%E5%9F%9F-1-%E8%A4%87%E6%9C%AC-11.webp\"><img decoding=\"async\" class=\"alignnone size-medium wp-image-26997\" src=\"https:\/\/honwaygroup.com\/wp-content\/uploads\/2021\/01\/MBF-60-%E7%B3%BB%E5%88%97-%E9%91%BD%E7%9F%B3%E7%95%B0%E5%BD%A2%E9%8A%BC%E5%88%80_%E5%B7%A5%E4%BD%9C%E5%8D%80%E5%9F%9F-1-%E8%A4%87%E6%9C%AC-11-300x60.webp\" alt=\"\" width=\"300\" height=\"60\"><\/a><\/td>\n<\/tr>\n<tr>\n<td><a href=\"https:\/\/honwaygroup.com\/wp-content\/uploads\/2021\/01\/MBF-60-%E7%B3%BB%E5%88%97-%E9%91%BD%E7%9F%B3%E7%95%B0%E5%BD%A2%E9%8A%BC%E5%88%80_%E5%B7%A5%E4%BD%9C%E5%8D%80%E5%9F%9F-1-%E8%A4%87%E6%9C%AC-6.webp\"><img decoding=\"async\" class=\"alignnone size-full wp-image-26981\" src=\"https:\/\/honwaygroup.com\/wp-content\/uploads\/2021\/01\/MBF-60-%E7%B3%BB%E5%88%97-%E9%91%BD%E7%9F%B3%E7%95%B0%E5%BD%A2%E9%8A%BC%E5%88%80_%E5%B7%A5%E4%BD%9C%E5%8D%80%E5%9F%9F-1-%E8%A4%87%E6%9C%AC-6.webp\" alt=\"\" width=\"292\" height=\"250\"><\/a><\/td>\n<td>5 x 2<\/td>\n<td>MBF-602<\/td>\n<td>MBF-602F<\/td>\n<td>MBF-602V<\/td>\n<td><a href=\"https:\/\/honwaygroup.com\/wp-content\/uploads\/2021\/01\/MBF-60-%E7%B3%BB%E5%88%97-%E9%91%BD%E7%9F%B3%E7%95%B0%E5%BD%A2%E9%8A%BC%E5%88%80_%E5%B7%A5%E4%BD%9C%E5%8D%80%E5%9F%9F-1-%E8%A4%87%E6%9C%AC-12.webp\"><img loading=\"lazy\" decoding=\"async\" class=\"alignnone size-medium wp-image-27001\" src=\"https:\/\/honwaygroup.com\/wp-content\/uploads\/2021\/01\/MBF-60-%E7%B3%BB%E5%88%97-%E9%91%BD%E7%9F%B3%E7%95%B0%E5%BD%A2%E9%8A%BC%E5%88%80_%E5%B7%A5%E4%BD%9C%E5%8D%80%E5%9F%9F-1-%E8%A4%87%E6%9C%AC-12-300x60.webp\" alt=\"\" width=\"300\" height=\"60\"><\/a><\/td>\n<\/tr>\n<tr>\n<td><a href=\"https:\/\/honwaygroup.com\/wp-content\/uploads\/2021\/01\/MBF-60-%E7%B3%BB%E5%88%97-%E9%91%BD%E7%9F%B3%E7%95%B0%E5%BD%A2%E9%8A%BC%E5%88%80_%E5%B7%A5%E4%BD%9C%E5%8D%80%E5%9F%9F-1-%E8%A4%87%E6%9C%AC-8.webp\"><img loading=\"lazy\" decoding=\"async\" class=\"alignnone size-full wp-image-26985\" src=\"https:\/\/honwaygroup.com\/wp-content\/uploads\/2021\/01\/MBF-60-%E7%B3%BB%E5%88%97-%E9%91%BD%E7%9F%B3%E7%95%B0%E5%BD%A2%E9%8A%BC%E5%88%80_%E5%B7%A5%E4%BD%9C%E5%8D%80%E5%9F%9F-1-%E8%A4%87%E6%9C%AC-8.webp\" alt=\"\" width=\"292\" height=\"250\"><\/a><\/td>\n<td>\u00d83<\/td>\n<td>MBF-603<\/td>\n<td>MBF-603F<\/td>\n<td>MBF-603V<\/td>\n<td><a href=\"https:\/\/honwaygroup.com\/wp-content\/uploads\/2021\/01\/MBF-60-%E7%B3%BB%E5%88%97-%E9%91%BD%E7%9F%B3%E7%95%B0%E5%BD%A2%E9%8A%BC%E5%88%80_%E5%B7%A5%E4%BD%9C%E5%8D%80%E5%9F%9F-1-%E8%A4%87%E6%9C%AC-13.webp\"><img loading=\"lazy\" decoding=\"async\" class=\"alignnone size-medium wp-image-27005\" src=\"https:\/\/honwaygroup.com\/wp-content\/uploads\/2021\/01\/MBF-60-%E7%B3%BB%E5%88%97-%E9%91%BD%E7%9F%B3%E7%95%B0%E5%BD%A2%E9%8A%BC%E5%88%80_%E5%B7%A5%E4%BD%9C%E5%8D%80%E5%9F%9F-1-%E8%A4%87%E6%9C%AC-13-300x60.webp\" alt=\"\" width=\"300\" height=\"60\"><\/a><\/td>\n<\/tr>\n<tr>\n<td><a href=\"https:\/\/honwaygroup.com\/wp-content\/uploads\/2021\/01\/MBF-60-%E7%B3%BB%E5%88%97-%E9%91%BD%E7%9F%B3%E7%95%B0%E5%BD%A2%E9%8A%BC%E5%88%80_%E5%B7%A5%E4%BD%9C%E5%8D%80%E5%9F%9F-1-%E8%A4%87%E6%9C%AC-9.webp\"><img loading=\"lazy\" decoding=\"async\" class=\"alignnone size-full wp-image-26989\" src=\"https:\/\/honwaygroup.com\/wp-content\/uploads\/2021\/01\/MBF-60-%E7%B3%BB%E5%88%97-%E9%91%BD%E7%9F%B3%E7%95%B0%E5%BD%A2%E9%8A%BC%E5%88%80_%E5%B7%A5%E4%BD%9C%E5%8D%80%E5%9F%9F-1-%E8%A4%87%E6%9C%AC-9.webp\" alt=\"\" width=\"292\" height=\"250\"><\/a><\/td>\n<td>2.5<\/td>\n<td>MBF-604<\/td>\n<td>MBF-604F<\/td>\n<td>MBF-604V<\/td>\n<td><a href=\"https:\/\/honwaygroup.com\/wp-content\/uploads\/2021\/01\/MBF-60-%E7%B3%BB%E5%88%97-%E9%91%BD%E7%9F%B3%E7%95%B0%E5%BD%A2%E9%8A%BC%E5%88%80_%E5%B7%A5%E4%BD%9C%E5%8D%80%E5%9F%9F-1-%E8%A4%87%E6%9C%AC-14.jpg\"><img loading=\"lazy\" decoding=\"async\" class=\"alignnone wp-image-27009 size-medium\" src=\"https:\/\/honwaygroup.com\/wp-content\/uploads\/2021\/01\/MBF-60-%E7%B3%BB%E5%88%97-%E9%91%BD%E7%9F%B3%E7%95%B0%E5%BD%A2%E9%8A%BC%E5%88%80_%E5%B7%A5%E4%BD%9C%E5%8D%80%E5%9F%9F-1-%E8%A4%87%E6%9C%AC-14-300x60.jpg\" alt=\"\" width=\"300\" height=\"60\"><\/a><\/td>\n<\/tr>\n<tr>\n<td><a href=\"https:\/\/honwaygroup.com\/wp-content\/uploads\/2021\/01\/MBF-60-%E7%B3%BB%E5%88%97-%E9%91%BD%E7%9F%B3%E7%95%B0%E5%BD%A2%E9%8A%BC%E5%88%80_%E5%B7%A5%E4%BD%9C%E5%8D%80%E5%9F%9F-1-%E8%A4%87%E6%9C%AC-10.webp\"><img loading=\"lazy\" decoding=\"async\" class=\"alignnone size-full wp-image-26993\" src=\"https:\/\/honwaygroup.com\/wp-content\/uploads\/2021\/01\/MBF-60-%E7%B3%BB%E5%88%97-%E9%91%BD%E7%9F%B3%E7%95%B0%E5%BD%A2%E9%8A%BC%E5%88%80_%E5%B7%A5%E4%BD%9C%E5%8D%80%E5%9F%9F-1-%E8%A4%87%E6%9C%AC-10.webp\" alt=\"\" width=\"292\" height=\"250\"><\/a><\/td>\n<td>2.5<\/td>\n<td>MBF-605<\/td>\n<td>MBF-605F<\/td>\n<td>MBF-605V<\/td>\n<td><a href=\"https:\/\/honwaygroup.com\/wp-content\/uploads\/2021\/01\/MBF-60-%E7%B3%BB%E5%88%97-%E9%91%BD%E7%9F%B3%E7%95%B0%E5%BD%A2%E9%8A%BC%E5%88%80_%E5%B7%A5%E4%BD%9C%E5%8D%80%E5%9F%9F-1-%E8%A4%87%E6%9C%AC-15.jpg\"><img loading=\"lazy\" decoding=\"async\" class=\"alignnone size-medium wp-image-27013\" src=\"https:\/\/honwaygroup.com\/wp-content\/uploads\/2021\/01\/MBF-60-%E7%B3%BB%E5%88%97-%E9%91%BD%E7%9F%B3%E7%95%B0%E5%BD%A2%E9%8A%BC%E5%88%80_%E5%B7%A5%E4%BD%9C%E5%8D%80%E5%9F%9F-1-%E8%A4%87%E6%9C%AC-15-300x60.jpg\" alt=\"\" width=\"300\" height=\"60\"><\/a><\/td>\n<\/tr>\n<tr>\n<td colspan=\"2\"><strong>B\u1ed9 5 m\u00f3n<\/strong><\/td>\n<td>MBF-600<\/td>\n<td>MBF-600F<\/td>\n<td>MBF-600V<\/td>\n<td><\/td>\n<\/tr>\n<\/tbody>\n<\/table>\n<p>&nbsp;<\/p>\n<p>C\u00f3 b\u1ea5t k\u1ef3 th\u1eafc m\u1eafc n\u00e0o kh\u00f4ng? <a href=\"https:\/\/honwaygroup.com\/vi\/lien-he-voi-honway\/\">Li\u00ean h\u1ec7 v\u1edbi HonWay<\/a><\/p>\n","protected":false},"excerpt":{"rendered":"<h5><strong><span style=\"color: #ff0000;font-size: 19.2px\">\u25b2<\/span><\/strong><strong><span style=\"color: #ff0000;font-size: 19.2px\">N\u1ebfu c\u1ea7n k\u00edch th\u01b0\u1edbc t\u00f9y ch\u1ec9nh, vui l\u00f2ng li\u00ean h\u1ec7 b\u1ed9 ph\u1eadn ch\u0103m s\u00f3c kh\u00e1ch h\u00e0ng. Ng\u00e0y giao h\u00e0ng s\u1ebd ph\u1ee5 thu\u1ed9c v\u00e0o th\u1eddi gian \u0111\u01b0\u1ee3c th\u00f4ng b\u00e1o t\u1eeb b\u1ed9 ph\u1eadn n\u00e0y.<\/span><\/strong><\/h5>\n<h5><strong><span style=\"color: #ff0000;font-size: 19.2px\">\u25b2<\/span><\/strong><strong><span style=\"color: #ff0000;font-size: 19.2px\">\u0110\u1eb7t h\u00e0ng s\u1ed1 l\u01b0\u1ee3ng l\u1edbn c\u00f3 th\u1ec3 \u0111\u01b0\u1ee3c h\u01b0\u1edfng chi\u1ebft kh\u1ea5u \u01b0u \u0111\u00e3i, vui l\u00f2ng li\u00ean h\u1ec7 b\u1ed9 ph\u1eadn ch\u0103m s\u00f3c kh\u00e1ch h\u00e0ng \u0111\u1ec3 bi\u1ebft th\u00eam chi ti\u1ebft.<br \/>\n<\/span><\/strong><\/h5>\n<h5><strong><span style=\"color: #ff0000;font-size: 19.2px\">\u25b2<\/span> Th\u1eddi gian giao h\u00e0ng cho<span style=\"color: #ff0000\"> c\u00e1c \u0111\u01a1n \u0111\u1eb7t h\u00e0ng<\/span> <span style=\"color: #ff0000;font-size: 19.2px\">\u1edf \u0110\u00e0i Loan<\/span> <span style=\"color: #ff0000;font-size: 19.2px\">kho\u1ea3ng t\u1eeb 7-14 ng\u00e0y l\u00e0m vi\u1ec7c.<\/span><\/strong><\/h5>\n<h5><strong><span style=\"color: #ff0000;font-size: 19.2px\">\u25b2 <\/span><span style=\"color: #ff0000\">Th\u1eddi gian giao h\u00e0ng cho \u0111\u01a1n h\u00e0ng qu\u1ed1c t\u1ebf kho\u1ea3ng t\u1eeb 7-14 ng\u00e0y, th\u1eddi gian nh\u1eadn h\u00e0ng th\u1ef1c t\u1ebf ph\u1ee5 thu\u1ed9c v\u00e0o t\u00ecnh tr\u1ea1ng v\u1eadn chuy\u1ec3n c\u1ee7a c\u00f4ng ty chuy\u1ec3n ph\u00e1t nhanh.<\/span><\/strong><\/h5>\n","protected":false},"featured_media":83851,"template":"","meta":{"site-sidebar-layout":"default","site-content-layout":"default","ast-site-content-layout":"default","site-content-style":"default","site-sidebar-style":"default","ast-global-header-display":"","ast-banner-title-visibility":"","ast-main-header-display":"","ast-hfb-above-header-display":"","ast-hfb-below-header-display":"","ast-hfb-mobile-header-display":"","site-post-title":"","ast-breadcrumbs-content":"","ast-featured-img":"","footer-sml-layout":"","ast-disable-related-posts":"","theme-transparent-header-meta":"default","adv-header-id-meta":"","stick-header-meta":"default","header-above-stick-meta":"","header-main-stick-meta":"","header-below-stick-meta":"","astra-migrate-meta-layouts":"default","ast-page-background-enabled":"default","ast-page-background-meta":{"desktop":{"background-color":"var(--ast-global-color-5)","background-image":"","background-repeat":"repeat","background-position":"center center","background-size":"auto","background-attachment":"scroll","background-type":"","background-media":"","overlay-type":"","overlay-color":"","overlay-opacity":"","overlay-gradient":""},"tablet":{"background-color":"","background-image":"","background-repeat":"repeat","background-position":"center center","background-size":"auto","background-attachment":"scroll","background-type":"","background-media":"","overlay-type":"","overlay-color":"","overlay-opacity":"","overlay-gradient":""},"mobile":{"background-color":"","background-image":"","background-repeat":"repeat","background-position":"center center","background-size":"auto","background-attachment":"scroll","background-type":"","background-media":"","overlay-type":"","overlay-color":"","overlay-opacity":"","overlay-gradient":""}},"ast-content-background-meta":{"desktop":{"background-color":"var(--ast-global-color-4)","background-image":"","background-repeat":"repeat","background-position":"center center","background-size":"auto","background-attachment":"scroll","background-type":"","background-media":"","overlay-type":"","overlay-color":"","overlay-opacity":"","overlay-gradient":""},"tablet":{"background-color":"var(--ast-global-color-4)","background-image":"","background-repeat":"repeat","background-position":"center center","background-size":"auto","background-attachment":"scroll","background-type":"","background-media":"","overlay-type":"","overlay-color":"","overlay-opacity":"","overlay-gradient":""},"mobile":{"background-color":"var(--ast-global-color-4)","background-image":"","background-repeat":"repeat","background-position":"center center","background-size":"auto","background-attachment":"scroll","background-type":"","background-media":"","overlay-type":"","overlay-color":"","overlay-opacity":"","overlay-gradient":""}}},"product_brand":[],"product_cat":[4389,4379],"product_tag":[4888,5065],"class_list":{"0":"post-83850","1":"product","2":"type-product","3":"status-publish","4":"has-post-thumbnail","6":"product_cat-cong-cu-kim-cuong","7":"product_cat-dua-may-kim-cuong","8":"product_tag-dua-hinh-dang-dac-biet","9":"product_tag-dua-kim-cuon","10":"desktop-align-left","11":"tablet-align-left","12":"mobile-align-left","13":"ast-product-gallery-layout-horizontal-slider","14":"ast-product-single-variable","15":"ast-product-tabs-layout-horizontal","17":"first","18":"instock","19":"taxable","20":"shipping-taxable","21":"purchasable","22":"product-type-variable"},"_links":{"self":[{"href":"https:\/\/honwaygroup.com\/vi\/wp-json\/wp\/v2\/product\/83850","targetHints":{"allow":["GET"]}}],"collection":[{"href":"https:\/\/honwaygroup.com\/vi\/wp-json\/wp\/v2\/product"}],"about":[{"href":"https:\/\/honwaygroup.com\/vi\/wp-json\/wp\/v2\/types\/product"}],"version-history":[{"count":0,"href":"https:\/\/honwaygroup.com\/vi\/wp-json\/wp\/v2\/product\/83850\/revisions"}],"wp:featuredmedia":[{"embeddable":true,"href":"https:\/\/honwaygroup.com\/vi\/wp-json\/wp\/v2\/media\/83851"}],"wp:attachment":[{"href":"https:\/\/honwaygroup.com\/vi\/wp-json\/wp\/v2\/media?parent=83850"}],"wp:term":[{"taxonomy":"product_brand","embeddable":true,"href":"https:\/\/honwaygroup.com\/vi\/wp-json\/wp\/v2\/product_brand?post=83850"},{"taxonomy":"product_cat","embeddable":true,"href":"https:\/\/honwaygroup.com\/vi\/wp-json\/wp\/v2\/product_cat?post=83850"},{"taxonomy":"product_tag","embeddable":true,"href":"https:\/\/honwaygroup.com\/vi\/wp-json\/wp\/v2\/product_tag?post=83850"}],"curies":[{"name":"wp","href":"https:\/\/api.w.org\/{rel}","templated":true}]}}