{"id":83837,"date":"2021-01-18T17:30:45","date_gmt":"2021-01-18T09:30:45","guid":{"rendered":"https:\/\/honwaygroup.com\/product\/may-mai-sieu-am-da-chuc-nang-manh-me-hang-dau-ar-800\/"},"modified":"2025-09-25T17:41:31","modified_gmt":"2025-09-25T09:41:31","slug":"may-mai-sieu-am-da-chuc-nang-manh-me-hang-dau-ar-800","status":"publish","type":"product","link":"https:\/\/honwaygroup.com\/vi\/product\/may-mai-sieu-am-da-chuc-nang-manh-me-hang-dau-ar-800\/","title":{"rendered":"M\u00e1y nghi\u1ec1n si\u00eau \u00e2m \u0111a ch\u1ee9c n\u0103ng m\u1ea1nh m\u1ebd AR-800"},"content":{"rendered":"<h3><strong>M\u00e1y nghi\u1ec1n si\u00eau \u00e2m \u0111a ch\u1ee9c n\u0103ng m\u1ea1nh m\u1ebd AR-800<\/strong><\/h3>\n<p>&nbsp;<\/p>\n<table width=\"100%\">\n<tbody>\n<tr>\n<th colspan=\"2\">B\u1ed9 \u0111i\u1ec1u khi\u1ec3n ngu\u1ed3n<\/th>\n<\/tr>\n<tr>\n<td>ngu\u1ed3n \u0111i\u1ec7n<\/td>\n<td>AC-90V ~ 250V, 50\/60 Hz<\/td>\n<\/tr>\n<tr>\n<td>Si\u00eau \u00e2m \u0111\u1ea7u ra<\/td>\n<td>45 watts<\/td>\n<\/tr>\n<tr>\n<td>T\u00ednh th\u01b0\u1eddng xuy\u00ean<\/td>\n<td>18 ~ 26 kHz<\/td>\n<\/tr>\n<tr>\n<td>bi\u00ean \u0111\u1ed9<\/td>\n<td>3~40\u03bcm<\/td>\n<\/tr>\n<tr>\n<td>\u0110i\u1ec1u ch\u1ec9nh t\u1ea7n s\u1ed1<\/td>\n<td>Theo d\u00f5i t\u1ef1 \u0111\u1ed9ng<\/td>\n<\/tr>\n<tr>\n<td>Ti\u00eau th\u1ee5 \u0111i\u1ec7n n\u0103ng<\/td>\n<td>300 watts<\/td>\n<\/tr>\n<tr>\n<td>c\u1ea7u ch\u00ec<\/td>\n<td>3A time-lag type<\/td>\n<\/tr>\n<tr>\n<td>\u0110\u1ea7u ra \u0111\u1ed9ng c\u01a1 DC<\/td>\n<td>5 ~ 32V<\/td>\n<\/tr>\n<tr>\n<td>C\u00f4ng su\u1ea5t \u0111\u1ea7u ra \u0111\u01b0\u1ee3c ch\u1ea3i<\/td>\n<td>Max. 150 watts <\/td>\n<\/tr>\n<tr>\n<td>C\u00f4ng su\u1ea5t \u0111\u1ea7u ra kh\u00f4ng ch\u1ed5i than<\/td>\n<td>Max. 300 watts <\/td>\n<\/tr>\n<tr>\n<td>k\u00edch c\u1ee1<\/td>\n<td>170x260x140mm<\/td>\n<\/tr>\n<tr>\n<td>c\u00e2n n\u1eb7ng<\/td>\n<td>2.72 kg<\/td>\n<\/tr>\n<\/tbody>\n<\/table>\n<table width=\"100%\">\n<tbody>\n<tr>\n<th colspan=\"2\">\u0110i\u1ec7n tho\u1ea1i di \u0111\u1ed9ng<\/th>\n<\/tr>\n<tr>\n<td>\u0110i\u1ec7n tho\u1ea1i di \u0111\u1ed9ng si\u00eau \u00e2m<\/td>\n<td>* GS-H26<\/td>\n<\/tr>\n<tr>\n<td>K\u00edch th\u01b0\u1edbc\n<\/td>\n<td>\u00d827x125mm<\/td>\n<\/tr>\n<tr>\n<td>Tr\u1ecdng l\u01b0\u1ee3ng\n<\/td>\n<td>150g<\/td>\n<\/tr>\n<\/tbody>\n<\/table>\n<table width=\"100%\">\n<tbody>\n<tr>\n<th colspan=\"2\">Xoay \u0111i\u1ec7n tho\u1ea1i<\/th>\n<\/tr>\n<tr>\n<td>\u0110i\u1ec7n tho\u1ea1i di \u0111\u1ed9ng c\u00f3 \u0111\u00e8n flash<\/td>\n<td>\u25ce<\/td>\n<\/tr>\n<tr>\n<td>\u0110i\u1ec7n tho\u1ea1i di \u0111\u1ed9ng kh\u00f4ng ch\u1ed5i than<\/td>\n<td>\u25ce<\/td>\n<\/tr>\n<\/tbody>\n<\/table>\n<p><strong>M\u00f4 t\u1ea3: \u25ce Thi\u1ebft b\u1ecb t\u00f9y ch\u1ecdn<\/strong><\/p>\n<h4><strong><br \/>\nV\u00ed d\u1ee5 \u1ee9ng d\u1ee5ng c\u01a1 b\u1ea3n<\/strong><\/h4>\n<table width=\"100%\">\n<tbody>\n<tr>\n<td><a href=\"https:\/\/honwaygroup.com\/wp-content\/uploads\/2021\/01\/AR-108-%E5%96%AE%E5%8A%9F%E8%83%BD%E8%B6%85%E9%9F%B3%E6%B3%A2%E7%A0%94%E7%A3%A8%E6%A9%9F-1.webp\"><img decoding=\"async\" class=\"alignnone size-full wp-image-28117\" src=\"https:\/\/honwaygroup.com\/wp-content\/uploads\/2021\/01\/AR-108-%E5%96%AE%E5%8A%9F%E8%83%BD%E8%B6%85%E9%9F%B3%E6%B3%A2%E7%A0%94%E7%A3%A8%E6%A9%9F-1.webp\" alt=\"\" width=\"194\" height=\"194\"><\/a><\/td>\n<td><a href=\"https:\/\/honwaygroup.com\/wp-content\/uploads\/2021\/01\/AR-600-E%E9%9B%99%E5%8A%9F%E8%83%BD%E8%B6%85%E9%9F%B3%E6%B3%A2%E7%A0%94%E7%A3%A8%E6%A9%9F-1_%E5%B7%A5%E4%BD%9C%E5%8D%80%E5%9F%9F-1-%E8%A4%87%E6%9C%AC-54.webp\"><img decoding=\"async\" class=\"alignnone wp-image-28211\" src=\"https:\/\/honwaygroup.com\/wp-content\/uploads\/2021\/01\/AR-600-E%E9%9B%99%E5%8A%9F%E8%83%BD%E8%B6%85%E9%9F%B3%E6%B3%A2%E7%A0%94%E7%A3%A8%E6%A9%9F-1_%E5%B7%A5%E4%BD%9C%E5%8D%80%E5%9F%9F-1-%E8%A4%87%E6%9C%AC-54-300x300.webp\" alt=\"\" width=\"194\" height=\"194\"><\/a><\/td>\n<td><a href=\"https:\/\/honwaygroup.com\/wp-content\/uploads\/2021\/01\/AR-108-%E5%96%AE%E5%8A%9F%E8%83%BD%E8%B6%85%E9%9F%B3%E6%B3%A2%E7%A0%94%E7%A3%A8%E6%A9%9F-2.webp\"><img decoding=\"async\" class=\"alignnone wp-image-28121 size-full\" src=\"https:\/\/honwaygroup.com\/wp-content\/uploads\/2021\/01\/AR-108-%E5%96%AE%E5%8A%9F%E8%83%BD%E8%B6%85%E9%9F%B3%E6%B3%A2%E7%A0%94%E7%A3%A8%E6%A9%9F-2.webp\" alt=\"\" width=\"194\" height=\"194\"><\/a><\/td>\n<td><a href=\"https:\/\/honwaygroup.com\/wp-content\/uploads\/2021\/01\/AR-108-%E5%96%AE%E5%8A%9F%E8%83%BD%E8%B6%85%E9%9F%B3%E6%B3%A2%E7%A0%94%E7%A3%A8%E6%A9%9F-3.webp\"><img loading=\"lazy\" decoding=\"async\" class=\"alignnone wp-image-28125\" src=\"https:\/\/honwaygroup.com\/wp-content\/uploads\/2021\/01\/AR-108-%E5%96%AE%E5%8A%9F%E8%83%BD%E8%B6%85%E9%9F%B3%E6%B3%A2%E7%A0%94%E7%A3%A8%E6%A9%9F-3-300x300.webp\" alt=\"\" width=\"194\" height=\"194\"><\/a><\/td>\n<\/tr>\n<tr>\n<td style=\"text-align: left\"><strong>Ho\u00e0n thi\u1ec7n khu\u00f4n<\/strong><\/td>\n<td style=\"text-align: left\"><strong>M\u00e0i<\/strong><\/td>\n<td style=\"text-align: left\"><strong>Vi gia c\u00f4ng khe v\u00e0 r\u00e3nh<\/strong><\/td>\n<td style=\"text-align: left\"><strong>S\u1eeda \u0111\u1ed5i m\u1ea1ch <a href=\"https:\/\/zh.wikipedia.org\/wiki\/%E5%8D%B0%E5%88%B6%E7%94%B5%E8%B7%AF%E6%9D%BF\" rel=\"nofollow noopener\" target=\"_blank\">PCB<\/a><\/strong><\/td>\n<\/tr>\n<\/tbody>\n<\/table>\n<h4><strong><br \/>\nDanh s\u00e1ch \u0111i\u1ec7n tho\u1ea1i di \u0111\u1ed9ng t\u01b0\u01a1ng th\u00edch AR-800<\/strong><\/h4>\n<p><a href=\"https:\/\/honwaygroup.com\/wp-content\/uploads\/2021\/01\/AR-800-%E6%97%97%E8%89%A6%E5%A4%9A%E5%8A%9F%E8%83%BD%E5%BC%B7%E5%8A%9B%E5%9E%8B%E8%B6%85%E9%9F%B3%E6%B3%A2%E7%A0%94%E7%A3%A8%E6%A9%9F.webp\"><img loading=\"lazy\" decoding=\"async\" class=\"alignnone wp-image-32345 size-large\" src=\"https:\/\/honwaygroup.com\/wp-content\/uploads\/2021\/01\/AR-800-%E6%97%97%E8%89%A6%E5%A4%9A%E5%8A%9F%E8%83%BD%E5%BC%B7%E5%8A%9B%E5%9E%8B%E8%B6%85%E9%9F%B3%E6%B3%A2%E7%A0%94%E7%A3%A8%E6%A9%9F-1024x265.webp\" alt=\"\" width=\"1024\" height=\"265\"><\/a><\/p>\n<h4><strong><br \/>\nAR-800 N\u1ed9i dung th\u1ef1c t\u1ebf c\u1ee7a to\u00e0n b\u1ed9 b\u1ed9 (b\u1ed9 ti\u00eau chu\u1ea9n)<\/strong><\/h4>\n<table width=\"100%\">\n<tbody>\n<tr>\n<td>\u0110i\u1ec7n tho\u1ea1i di \u0111\u1ed9ng si\u00eau \u00e2m<\/td>\n<td width=\"20%\"><a href=\"https:\/\/honwaygroup.com\/wp-content\/uploads\/2021\/01\/AR-108-%E5%96%AE%E5%8A%9F%E8%83%BD%E8%B6%85%E9%9F%B3%E6%B3%A2%E7%A0%94%E7%A3%A8%E6%A9%9F-5.webp\"><img loading=\"lazy\" decoding=\"async\" class=\"alignnone size-full wp-image-28133\" src=\"https:\/\/honwaygroup.com\/wp-content\/uploads\/2021\/01\/AR-108-%E5%96%AE%E5%8A%9F%E8%83%BD%E8%B6%85%E9%9F%B3%E6%B3%A2%E7%A0%94%E7%A3%A8%E6%A9%9F-5.webp\" alt=\"\" width=\"200\" height=\"85\"><\/a><\/td>\n<td>(GS-H26) \u00d827x125mm<\/td>\n<\/tr>\n<tr>\n<td>d\u00e2y ngu\u1ed3n<\/td>\n<td><a href=\"https:\/\/honwaygroup.com\/wp-content\/uploads\/2021\/01\/AR-108-%E5%96%AE%E5%8A%9F%E8%83%BD%E8%B6%85%E9%9F%B3%E6%B3%A2%E7%A0%94%E7%A3%A8%E6%A9%9F-6.webp\"><img loading=\"lazy\" decoding=\"async\" class=\"alignnone wp-image-28137 size-full\" src=\"https:\/\/honwaygroup.com\/wp-content\/uploads\/2021\/01\/AR-108-%E5%96%AE%E5%8A%9F%E8%83%BD%E8%B6%85%E9%9F%B3%E6%B3%A2%E7%A0%94%E7%A3%A8%E6%A9%9F-6.webp\" alt=\"\" width=\"200\" height=\"85\"><\/a><\/td>\n<td>18AWG x3Cx180cm<\/td>\n<\/tr>\n<tr>\n<td>C\u00e1p \u0111i\u1ec7n tho\u1ea1i di \u0111\u1ed9ng<\/td>\n<td><a href=\"https:\/\/honwaygroup.com\/wp-content\/uploads\/2021\/01\/AR-108-%E5%96%AE%E5%8A%9F%E8%83%BD%E8%B6%85%E9%9F%B3%E6%B3%A2%E7%A0%94%E7%A3%A8%E6%A9%9F-7.webp\"><img loading=\"lazy\" decoding=\"async\" class=\"alignnone wp-image-28141 size-full\" src=\"https:\/\/honwaygroup.com\/wp-content\/uploads\/2021\/01\/AR-108-%E5%96%AE%E5%8A%9F%E8%83%BD%E8%B6%85%E9%9F%B3%E6%B3%A2%E7%A0%94%E7%A3%A8%E6%A9%9F-7.webp\" alt=\"\" width=\"200\" height=\"85\"><\/a><\/td>\n<td>3Cx150cm<\/td>\n<\/tr>\n<tr>\n<td>C\u1edd l\u00ea l\u1ee5c gi\u00e1c<\/td>\n<td><a href=\"https:\/\/honwaygroup.com\/wp-content\/uploads\/2021\/01\/AR-108-%E5%96%AE%E5%8A%9F%E8%83%BD%E8%B6%85%E9%9F%B3%E6%B3%A2%E7%A0%94%E7%A3%A8%E6%A9%9F-8.webp\"><img loading=\"lazy\" decoding=\"async\" class=\"alignnone wp-image-28145 size-full\" src=\"https:\/\/honwaygroup.com\/wp-content\/uploads\/2021\/01\/AR-108-%E5%96%AE%E5%8A%9F%E8%83%BD%E8%B6%85%E9%9F%B3%E6%B3%A2%E7%A0%94%E7%A3%A8%E6%A9%9F-8.webp\" alt=\"\" width=\"200\" height=\"85\"><\/a><\/td>\n<td>HEX (62mm)<\/td>\n<\/tr>\n<tr>\n<td>Gi\u00e1 \u0111\u1ee1 \u0111i\u1ec7n tho\u1ea1i di \u0111\u1ed9ng<\/td>\n<td><a href=\"https:\/\/honwaygroup.com\/wp-content\/uploads\/2021\/01\/AR-108-%E5%96%AE%E5%8A%9F%E8%83%BD%E8%B6%85%E9%9F%B3%E6%B3%A2%E7%A0%94%E7%A3%A8%E6%A9%9F-9.webp\"><img loading=\"lazy\" decoding=\"async\" class=\"alignnone wp-image-28149 size-full\" src=\"https:\/\/honwaygroup.com\/wp-content\/uploads\/2021\/01\/AR-108-%E5%96%AE%E5%8A%9F%E8%83%BD%E8%B6%85%E9%9F%B3%E6%B3%A2%E7%A0%94%E7%A3%A8%E6%A9%9F-9.webp\" alt=\"\" width=\"200\" height=\"85\"><\/a><\/td>\n<td>110x50x35 mm<\/td>\n<\/tr>\n<tr>\n<td>Gi\u00e1 th\u00e1o k\u1eb9p<\/td>\n<td><a href=\"https:\/\/honwaygroup.com\/wp-content\/uploads\/2021\/01\/AR-800-%E6%97%97%E8%89%A6%E5%A4%9A%E5%8A%9F%E8%83%BD%E5%BC%B7%E5%8A%9B%E5%9E%8B%E8%B6%85%E9%9F%B3%E6%B3%A2%E7%A0%94%E7%A3%A8%E6%A9%9F-2.webp\"><img loading=\"lazy\" decoding=\"async\" class=\"alignnone wp-image-28486 size-full\" src=\"https:\/\/honwaygroup.com\/wp-content\/uploads\/2021\/01\/AR-800-%E6%97%97%E8%89%A6%E5%A4%9A%E5%8A%9F%E8%83%BD%E5%BC%B7%E5%8A%9B%E5%9E%8B%E8%B6%85%E9%9F%B3%E6%B3%A2%E7%A0%94%E7%A3%A8%E6%A9%9F-2.webp\" alt=\"\" width=\"200\" height=\"85\"><\/a><\/td>\n<td>Th\u00e1o k\u1eb9p r\u00e3nh then 10mm<\/td>\n<\/tr>\n<tr>\n<td>c\u1edd l\u00ea<\/td>\n<td><a href=\"https:\/\/honwaygroup.com\/wp-content\/uploads\/2021\/01\/AR-108-%E5%96%AE%E5%8A%9F%E8%83%BD%E8%B6%85%E9%9F%B3%E6%B3%A2%E7%A0%94%E7%A3%A8%E6%A9%9F-11.webp\"><img loading=\"lazy\" decoding=\"async\" class=\"alignnone wp-image-28157 size-full\" src=\"https:\/\/honwaygroup.com\/wp-content\/uploads\/2021\/01\/AR-108-%E5%96%AE%E5%8A%9F%E8%83%BD%E8%B6%85%E9%9F%B3%E6%B3%A2%E7%A0%94%E7%A3%A8%E6%A9%9F-11.webp\" alt=\"\" width=\"200\" height=\"85\"><\/a><\/td>\n<td>140mm (10\/12)<\/td>\n<\/tr>\n<tr>\n<td>B\u1ed9 chuy\u1ec3n \u0111\u1ed5i (M6)<\/td>\n<td><a href=\"https:\/\/honwaygroup.com\/wp-content\/uploads\/2021\/01\/AR-800-%E6%97%97%E8%89%A6%E5%A4%9A%E5%8A%9F%E8%83%BD%E5%BC%B7%E5%8A%9B%E5%9E%8B%E8%B6%85%E9%9F%B3%E6%B3%A2%E7%A0%94%E7%A3%A8%E6%A9%9F-3.webp\"><img loading=\"lazy\" decoding=\"async\" class=\"alignnone wp-image-28490 size-full\" src=\"https:\/\/honwaygroup.com\/wp-content\/uploads\/2021\/01\/AR-800-%E6%97%97%E8%89%A6%E5%A4%9A%E5%8A%9F%E8%83%BD%E5%BC%B7%E5%8A%9B%E5%9E%8B%E8%B6%85%E9%9F%B3%E6%B3%A2%E7%A0%94%E7%A3%A8%E6%A9%9F-3.webp\" alt=\"\" width=\"200\" height=\"85\"><\/a><\/td>\n<td>\u0110\u01b0\u1ee3c thi\u1ebft k\u1ebf \u0111\u1eb7c bi\u1ec7t cho d\u1ee5ng c\u1ee5 ren M6<\/td>\n<\/tr>\n<tr>\n<td>Collet (\u00d83.0mm)<\/td>\n<td><a href=\"https:\/\/honwaygroup.com\/wp-content\/uploads\/2021\/01\/AR-108-%E5%96%AE%E5%8A%9F%E8%83%BD%E8%B6%85%E9%9F%B3%E6%B3%A2%E7%A0%94%E7%A3%A8%E6%A9%9F-12.webp\"><img loading=\"lazy\" decoding=\"async\" class=\"alignnone wp-image-28161 size-full\" src=\"https:\/\/honwaygroup.com\/wp-content\/uploads\/2021\/01\/AR-108-%E5%96%AE%E5%8A%9F%E8%83%BD%E8%B6%85%E9%9F%B3%E6%B3%A2%E7%A0%94%E7%A3%A8%E6%A9%9F-12.webp\" alt=\"\" width=\"200\" height=\"85\"><\/a><\/td>\n<td>\u0110\u01b0\u1ee3c thi\u1ebft k\u1ebf cho c\u00e1c d\u1ee5ng c\u1ee5 c\u00f3 chu\u00f4i \u00d83mm<\/td>\n<\/tr>\n<tr>\n<td>Gi\u00e1 \u0111\u1ee1 Collet (3.0mm)<\/td>\n<td><a href=\"https:\/\/honwaygroup.com\/wp-content\/uploads\/2021\/01\/AR-600-E%E9%9B%99%E5%8A%9F%E8%83%BD%E8%B6%85%E9%9F%B3%E6%B3%A2%E7%A0%94%E7%A3%A8%E6%A9%9F-3.webp\"><img loading=\"lazy\" decoding=\"async\" class=\"alignnone wp-image-28226 size-full\" src=\"https:\/\/honwaygroup.com\/wp-content\/uploads\/2021\/01\/AR-600-E%E9%9B%99%E5%8A%9F%E8%83%BD%E8%B6%85%E9%9F%B3%E6%B3%A2%E7%A0%94%E7%A3%A8%E6%A9%9F-3.webp\" alt=\"\" width=\"200\" height=\"85\"><\/a><\/td>\n<td>\u0110\u01b0\u1ee3c thi\u1ebft k\u1ebf cho \u0111\u00e1 m\u00e0i d\u1ea7u d\u00e0y 3mm<\/td>\n<\/tr>\n<tr>\n<td>Collet (1.0mm)<\/td>\n<td><a href=\"https:\/\/honwaygroup.com\/wp-content\/uploads\/2021\/01\/AR-108-%E5%96%AE%E5%8A%9F%E8%83%BD%E8%B6%85%E9%9F%B3%E6%B3%A2%E7%A0%94%E7%A3%A8%E6%A9%9F-13.webp\"><img loading=\"lazy\" decoding=\"async\" class=\"alignnone wp-image-28165 size-full\" src=\"https:\/\/honwaygroup.com\/wp-content\/uploads\/2021\/01\/AR-108-%E5%96%AE%E5%8A%9F%E8%83%BD%E8%B6%85%E9%9F%B3%E6%B3%A2%E7%A0%94%E7%A3%A8%E6%A9%9F-13.webp\" alt=\"\" width=\"200\" height=\"85\"><\/a><\/td>\n<td>\u0110\u01b0\u1ee3c thi\u1ebft k\u1ebf cho \u0111\u00e1 d\u1ea7u\/\u0111\u00e1 s\u1ee3i d\u00e0y 1mm<\/td>\n<\/tr>\n<tr>\n<td>C\u00f4ng t\u1eafc ch\u00e2n<\/td>\n<td><a href=\"https:\/\/honwaygroup.com\/wp-content\/uploads\/2021\/01\/AR-108-%E5%96%AE%E5%8A%9F%E8%83%BD%E8%B6%85%E9%9F%B3%E6%B3%A2%E7%A0%94%E7%A3%A8%E6%A9%9F-14.webp\"><img loading=\"lazy\" decoding=\"async\" class=\"alignnone wp-image-28169 size-full\" src=\"https:\/\/honwaygroup.com\/wp-content\/uploads\/2021\/01\/AR-108-%E5%96%AE%E5%8A%9F%E8%83%BD%E8%B6%85%E9%9F%B3%E6%B3%A2%E7%A0%94%E7%A3%A8%E6%A9%9F-14.webp\" alt=\"\" width=\"200\" height=\"85\"><\/a><\/td>\n<td>Chi\u1ec1u d\u00e0i d\u00e2y ngu\u1ed3n c\u00f4ng t\u1eafc chi\u1ec1u d\u00e0i 150mm<\/td>\n<\/tr>\n<\/tbody>\n<\/table>\n<p>C\u00f3 b\u1ea5t k\u1ef3 th\u1eafc m\u1eafc n\u00e0o kh\u00f4ng? <a href=\"https:\/\/honwaygroup.com\/vi\/lien-he-voi-honway\/\">Li\u00ean h\u1ec7 Honway<\/a><\/p>\n","protected":false},"excerpt":{"rendered":"<h5>\n<strong style=\"font-size: 1.3em\">M\u1eabu s\u1ea3n ph\u1ea9m ch\u1ee7 l\u1ef1c l\u00e0 thi\u1ebft k\u1ebf ho\u00e0n to\u00e0n<\/strong> <strong style=\"font-size: 1.3em\">m\u1edbi v\u1edbi thi\u1ebft k\u1ebf \u0111a ch\u1ee9c n\u0103ng<\/strong> <strong style=\"font-size: 1.3em\">ti\u00ean ti\u1ebfn nh\u1ea5t, k\u1ebft<\/strong> <strong style=\"font-size: 1.3em\">h\u1ee3p \u0111\u1ea7u ra DC si\u00eau \u00e2m, ch\u1ed5i than v\u00e0 kh\u00f4ng ch\u1ed5i than.<\/strong><\/h5>\n<p>&nbsp;<\/p>\n<div id=\"desWrap\">\n<ul>\n<li>C\u00f4ng su\u1ea5t \u0111\u1ea7u ra t\u1ed1i \u0111a c\u1ee7a DC kh\u00f4ng ch\u1ed5i than l\u00e0 300W v\u00e0 c\u00f4ng su\u1ea5t \u0111\u1ea7u ra t\u1ed1i \u0111a c\u1ee7a DC c\u00f3 ch\u1ed5i than l\u00e0 150W, cung c\u1ea5p m\u00f4-men xo\u1eafn cao h\u01a1n cho nhi\u1ec1u lo\u1ea1i \u0111i\u1ec7n tho\u1ea1i di \u0111\u1ed9ng \u0111\u1ec3 \u0111\u1ea1t \u0111\u01b0\u1ee3c hi\u1ec7u qu\u1ea3 m\u00e0i t\u1ed1t nh\u1ea5t.<\/li>\n<li>B\u1ed9 vi x\u1eed l\u00fd hi\u1ec7u su\u1ea5t cao ti\u00ean ti\u1ebfn gi\u00fap \u0111\u00e1nh b\u00f3ng si\u00eau \u00e2m \u1ed5n \u0111\u1ecbnh v\u00e0 hi\u1ec7u qu\u1ea3 h\u01a1n<\/li>\n<li>Khi s\u1eed d\u1ee5ng m\u00e1y m\u00e0i c\u1ea7m tay kh\u00f4ng ch\u1ed5i than, m\u00e0n h\u00ecnh hi\u1ec3n th\u1ecb t\u1ed1c \u0111\u1ed9 LED cho ph\u00e9p b\u1ea1n \u0111i\u1ec1u ch\u1ec9nh t\u1ed1c \u0111\u1ed9 ph\u00f9 h\u1ee3p nh\u1ea5t theo c\u00e1c c\u00f4ng c\u1ee5 kh\u00e1c nhau \u0111\u1ec3 \u0111\u1ea1t \u0111\u01b0\u1ee3c hi\u1ec7u qu\u1ea3 m\u00e0i hi\u1ec7u qu\u1ea3 v\u00e0 an to\u00e0n nh\u1ea5t.<\/li>\n<li>M\u1ed7i l\u1ea7n kh\u1edfi \u0111\u1ed9ng m\u00e1y, h\u1ec7 th\u1ed1ng s\u1ebd t\u1ef1 \u0111\u1ed9ng \u0111\u01b0a t\u1ed1c \u0111\u1ed9 v\u1ec1 &#8220;0&#8221; \u0111\u1ec3 tr\u00e1nh nguy hi\u1ec3m do \u0111i\u1ec7n tho\u1ea1i di \u0111\u1ed9ng kh\u1edfi \u0111\u1ed9ng \u1edf t\u1ed1c \u0111\u1ed9 cao.<\/li>\n<li>Thi\u1ebft b\u1ecb ti\u00eau chu\u1ea9n c\u1ee7a m\u00e1y n\u00e0y bao g\u1ed3m m\u1ed9t tay c\u1ea7m si\u00eau \u00e2m (GS-H26)<\/li>\n<\/ul>\n<h5><strong><span style=\"color: #ff0000;font-size: 19.2px\">\u25b2 N\u1ebfu c\u1ea7n mua ph\u1ee5 ki\u1ec7n, vui l\u00f2ng li\u00ean h\u1ec7 b\u1ed9 ph\u1eadn ch\u0103m s\u00f3c kh\u00e1ch h\u00e0ng.<\/span><\/strong><strong><span style=\"color: #ff0000;font-size: 19.2px\">Ng\u00e0y giao h\u00e0ng s\u1ebd \u0111\u01b0\u1ee3c th\u00f4ng b\u00e1o b\u1edfi b\u1ed9 ph\u1eadn ch\u0103m s\u00f3c kh\u00e1ch h\u00e0ng.<\/span><\/strong><\/h5>\n<h5><strong><span style=\"color: #ff0000;font-size: 19.2px\">\u25b2<\/span><\/strong><strong><span style=\"color: #ff0000;font-size: 19.2px\">\u0110\u1eb7t h\u00e0ng s\u1ed1 l\u01b0\u1ee3ng l\u1edbn c\u00f3 th\u1ec3 \u0111\u01b0\u1ee3c h\u01b0\u1edfng chi\u1ebft kh\u1ea5u \u01b0u \u0111\u00e3i, vui l\u00f2ng li\u00ean h\u1ec7 b\u1ed9 ph\u1eadn ch\u0103m s\u00f3c kh\u00e1ch h\u00e0ng \u0111\u1ec3 bi\u1ebft th\u00eam chi ti\u1ebft.<br \/>\n<\/span><\/strong><\/h5>\n<h5><strong><span style=\"color: #ff0000;font-size: 19.2px\">\u25b2<\/span> Th\u1eddi gian giao h\u00e0ng cho<span style=\"color: #ff0000\"> c\u00e1c \u0111\u01a1n \u0111\u1eb7t h\u00e0ng<\/span> <span style=\"color: #ff0000;font-size: 19.2px\">\u1edf \u0110\u00e0i Loan<\/span> <span style=\"color: #ff0000;font-size: 19.2px\">kho\u1ea3ng t\u1eeb 7-14 ng\u00e0y l\u00e0m vi\u1ec7c.<\/span><\/strong><\/h5>\n<h5><strong><span style=\"color: #ff0000;font-size: 19.2px\">\u25b2 <\/span><span style=\"color: #ff0000\">Th\u1eddi gian giao h\u00e0ng cho \u0111\u01a1n h\u00e0ng qu\u1ed1c t\u1ebf kho\u1ea3ng t\u1eeb 7-14 ng\u00e0y, th\u1eddi gian nh\u1eadn h\u00e0ng th\u1ef1c t\u1ebf ph\u1ee5 thu\u1ed9c v\u00e0o t\u00ecnh tr\u1ea1ng v\u1eadn chuy\u1ec3n c\u1ee7a c\u00f4ng ty chuy\u1ec3n ph\u00e1t nhanh.<\/span><\/strong><\/h5>\n<\/div>\n","protected":false},"featured_media":83838,"template":"","meta":{"site-sidebar-layout":"default","site-content-layout":"default","ast-site-content-layout":"default","site-content-style":"default","site-sidebar-style":"default","ast-global-header-display":"","ast-banner-title-visibility":"","ast-main-header-display":"","ast-hfb-above-header-display":"","ast-hfb-below-header-display":"","ast-hfb-mobile-header-display":"","site-post-title":"","ast-breadcrumbs-content":"","ast-featured-img":"","footer-sml-layout":"","ast-disable-related-posts":"","theme-transparent-header-meta":"default","adv-header-id-meta":"","stick-header-meta":"default","header-above-stick-meta":"","header-main-stick-meta":"","header-below-stick-meta":"","astra-migrate-meta-layouts":"default","ast-page-background-enabled":"default","ast-page-background-meta":{"desktop":{"background-color":"var(--ast-global-color-5)","background-image":"","background-repeat":"repeat","background-position":"center center","background-size":"auto","background-attachment":"scroll","background-type":"","background-media":"","overlay-type":"","overlay-color":"","overlay-opacity":"","overlay-gradient":""},"tablet":{"background-color":"","background-image":"","background-repeat":"repeat","background-position":"center center","background-size":"auto","background-attachment":"scroll","background-type":"","background-media":"","overlay-type":"","overlay-color":"","overlay-opacity":"","overlay-gradient":""},"mobile":{"background-color":"","background-image":"","background-repeat":"repeat","background-position":"center center","background-size":"auto","background-attachment":"scroll","background-type":"","background-media":"","overlay-type":"","overlay-color":"","overlay-opacity":"","overlay-gradient":""}},"ast-content-background-meta":{"desktop":{"background-color":"var(--ast-global-color-4)","background-image":"","background-repeat":"repeat","background-position":"center center","background-size":"auto","background-attachment":"scroll","background-type":"","background-media":"","overlay-type":"","overlay-color":"","overlay-opacity":"","overlay-gradient":""},"tablet":{"background-color":"var(--ast-global-color-4)","background-image":"","background-repeat":"repeat","background-position":"center center","background-size":"auto","background-attachment":"scroll","background-type":"","background-media":"","overlay-type":"","overlay-color":"","overlay-opacity":"","overlay-gradient":""},"mobile":{"background-color":"var(--ast-global-color-4)","background-image":"","background-repeat":"repeat","background-position":"center center","background-size":"auto","background-attachment":"scroll","background-type":"","background-media":"","overlay-type":"","overlay-color":"","overlay-opacity":"","overlay-gradient":""}}},"product_brand":[],"product_cat":[4709,4425,4424,4713,4426,4427],"product_tag":[4978],"class_list":{"0":"post-83837","1":"product","2":"type-product","3":"status-publish","4":"has-post-thumbnail","6":"product_cat-may-mai-sieu-am-dien-tu","7":"product_cat-cat","8":"product_cat-hinh-thuc-ung-dung","9":"product_cat-may-mai-sieu-am-va-dien","10":"product_cat-vat-lieu-danh-bong","11":"product_cat-xu-ly-bavia","12":"product_tag-may-mai-sieu-am","13":"desktop-align-left","14":"tablet-align-left","15":"mobile-align-left","16":"ast-product-gallery-layout-horizontal-slider","17":"ast-product-gallery-with-no-image","18":"ast-product-tabs-layout-horizontal","20":"first","21":"instock","22":"taxable","23":"shipping-taxable","24":"purchasable","25":"product-type-simple"},"_links":{"self":[{"href":"https:\/\/honwaygroup.com\/vi\/wp-json\/wp\/v2\/product\/83837","targetHints":{"allow":["GET"]}}],"collection":[{"href":"https:\/\/honwaygroup.com\/vi\/wp-json\/wp\/v2\/product"}],"about":[{"href":"https:\/\/honwaygroup.com\/vi\/wp-json\/wp\/v2\/types\/product"}],"version-history":[{"count":0,"href":"https:\/\/honwaygroup.com\/vi\/wp-json\/wp\/v2\/product\/83837\/revisions"}],"wp:featuredmedia":[{"embeddable":true,"href":"https:\/\/honwaygroup.com\/vi\/wp-json\/wp\/v2\/media\/83838"}],"wp:attachment":[{"href":"https:\/\/honwaygroup.com\/vi\/wp-json\/wp\/v2\/media?parent=83837"}],"wp:term":[{"taxonomy":"product_brand","embeddable":true,"href":"https:\/\/honwaygroup.com\/vi\/wp-json\/wp\/v2\/product_brand?post=83837"},{"taxonomy":"product_cat","embeddable":true,"href":"https:\/\/honwaygroup.com\/vi\/wp-json\/wp\/v2\/product_cat?post=83837"},{"taxonomy":"product_tag","embeddable":true,"href":"https:\/\/honwaygroup.com\/vi\/wp-json\/wp\/v2\/product_tag?post=83837"}],"curies":[{"name":"wp","href":"https:\/\/api.w.org\/{rel}","templated":true}]}}