{"id":83820,"date":"2021-01-17T18:57:41","date_gmt":"2021-01-17T10:57:41","guid":{"rendered":"https:\/\/honwaygroup.com\/product\/da-mai-linh-hoat-co-tay-cam\/"},"modified":"2021-01-17T18:57:41","modified_gmt":"2021-01-17T10:57:41","slug":"da-mai-linh-hoat-co-tay-cam","status":"publish","type":"product","link":"https:\/\/honwaygroup.com\/vi\/product\/da-mai-linh-hoat-co-tay-cam\/","title":{"rendered":"\u0110\u00e1 m\u00e0i linh ho\u1ea1t c\u00f3 tay c\u1ea7m"},"content":{"rendered":"<div class=\"resCol12\">\n<div class=\"resMargin\">\n<ul>\n<li>\u0110\u1ea7u M\u00e0i Resinoid: C\u00f3 \u0111\u1ed9 b\u1ec1n cao, hi\u1ec7u su\u1ea5t c\u1eaft xu\u1ea5t s\u1eafc, r\u1ea5t ph\u00f9 h\u1ee3p \u0111\u1ec3 ho\u00e0n thi\u1ec7n tinh c\u00e1c b\u1ec1 m\u1eb7t kim lo\u1ea1i.<\/li>\n<li>\u0110i\u1ec3m m\u00e0i Rubberizet: Ph\u00f9 h\u1ee3p \u0111\u1ec3 \u0111\u00e1nh b\u00f3ng h\u1ee3p kim nh\u00f4m v\u00e0 kim lo\u1ea1i s\u1eaft, cung c\u1ea5p kh\u1ea3 n\u0103ng c\u1eaft 30% v\u00e0 kh\u1ea3 n\u0103ng \u0111\u00e1nh b\u00f3ng 70%, gi\u00fap gi\u1ea3m thi\u1ec3u h\u01b0 h\u1ea1i tr\u00ean b\u1ec1 m\u1eb7t kim lo\u1ea1i.<\/li>\n<\/ul>\n<p><a href=\"https:\/\/honwaygroup.com\/wp-content\/uploads\/2021\/01\/%E5%BD%88%E6%80%A7%E5%B8%B6%E6%9F%84%E7%A0%82%E8%BC%AA.jpg\"><img fetchpriority=\"high\" decoding=\"async\" class=\"alignnone size-medium wp-image-26187\" src=\"https:\/\/honwaygroup.com\/wp-content\/uploads\/2021\/01\/%E5%BD%88%E6%80%A7%E5%B8%B6%E6%9F%84%E7%A0%82%E8%BC%AA-300x167.jpg\" alt=\"\" width=\"300\" height=\"167\"><\/a>\u0110\u01a1n v\u1ecb: mm<\/p>\n<table class=\"specTable\" style=\"height: 110px;\" width=\"681\">\n<tbody>\n<tr>\n<th>T\u00ean s\u1ea3n ph\u1ea9m<\/th>\n<th>\u0110\u1ed9 nh\u00e1m<\/th>\n<th colspan=\"5\">M\u00e3 s\u1ed1<\/th>\n<\/tr>\n<tr>\n<td>\u0110i\u1ec3m M\u00e0i Resinoid<\/td>\n<td>#120<\/td>\n<td>N413<\/td>\n<td>N515<\/td>\n<td>N617<\/td>\n<td>N820<\/td>\n<td>N1020<\/td>\n<\/tr>\n<tr>\n<td>\u0110i\u1ec3m M\u00e0i B\u1eb1ng Cao Su<\/td>\n<td>#120<\/td>\n<td>R413<\/td>\n<td>R515<\/td>\n<td>R617<\/td>\n<td>R820<\/td>\n<td>R1020<\/td>\n<\/tr>\n<\/tbody>\n<\/table>\n<ul class=\"main_ul\">\n<li><strong>\u0110\u01a1n v\u1ecb \u0111\u00f3ng g\u00f3i: 100 chi\u1ebfc\/h\u1ed9p<\/strong><\/li>\n<\/ul>\n<p>N\u1ebfu b\u1ea1n c\u00f3 b\u1ea5t k\u1ef3 c\u00e2u h\u1ecfi n\u00e0o ho\u1eb7c c\u1ea7n tu\u1ef3 ch\u1ec9nh \u0111\u1eb7c bi\u1ec7t, xin vui l\u00f2ng <a href=\"https:\/\/honwaygroup.com\/vi\/lien-he-voi-honway\/\">li\u00ean h\u1ec7 v\u1edbi ch\u00fang t\u00f4i t\u1ea1i Acer.<\/a><\/p>\n<\/div>\n<\/div>\n","protected":false},"excerpt":{"rendered":"<h5><strong><span style=\"color: #ff0000; font-size: 19.2px;\">\u25b2 <\/span><\/strong><strong><span style=\"color: #ff0000; font-size: 19.2px;\">\u0110\u1ed1i v\u1edbi k\u00edch th\u01b0\u1edbc t\u00f9y ch\u1ec9nh, vui l\u00f2ng li\u00ean h\u1ec7 v\u1edbi b\u1ed9 ph\u1eadn ch\u0103m s\u00f3c kh\u00e1ch h\u00e0ng. <\/span><\/strong><\/h5>\n<h5><strong><span style=\"color: #ff0000; font-size: 19.2px;\">\u25b2 \u0110\u01a1n h\u00e0ng l\u1edbn c\u00f3 th\u1ec3 \u0111\u01b0\u1ee3c h\u01b0\u1edfng \u01b0u \u0111\u00e3i gi\u1ea3m gi\u00e1, vui l\u00f2ng li\u00ean h\u1ec7 v\u1edbi b\u1ed9 ph\u1eadn ch\u0103m s\u00f3c kh\u00e1ch h\u00e0ng.<br \/>\n<\/span><\/strong><\/h5>\n<h5><strong><span style=\"color: #ff0000;\">\u25b2 Vui l\u00f2ng li\u00ean h\u1ec7 b\u1ed9 ph\u1eadn ch\u0103m s\u00f3c kh\u00e1ch h\u00e0ng \u0111\u1ec3 bi\u1ebft ng\u00e0y giao h\u00e0ng<\/span>: <a href=\"https:\/\/honwaygroup.com\/vi\/lien-he-voi-honway\/\">Li\u00ean h\u1ec7 Honway.<\/a><\/strong><\/h5>\n","protected":false},"featured_media":83821,"template":"","meta":{"site-sidebar-layout":"default","site-content-layout":"default","ast-site-content-layout":"default","site-content-style":"default","site-sidebar-style":"default","ast-global-header-display":"","ast-banner-title-visibility":"","ast-main-header-display":"","ast-hfb-above-header-display":"","ast-hfb-below-header-display":"","ast-hfb-mobile-header-display":"","site-post-title":"","ast-breadcrumbs-content":"","ast-featured-img":"","footer-sml-layout":"","ast-disable-related-posts":"","theme-transparent-header-meta":"default","adv-header-id-meta":"","stick-header-meta":"default","header-above-stick-meta":"","header-main-stick-meta":"","header-below-stick-meta":"","astra-migrate-meta-layouts":"default","ast-page-background-enabled":"default","ast-page-background-meta":{"desktop":{"background-color":"var(--ast-global-color-5)","background-image":"","background-repeat":"repeat","background-position":"center center","background-size":"auto","background-attachment":"scroll","background-type":"","background-media":"","overlay-type":"","overlay-color":"","overlay-opacity":"","overlay-gradient":""},"tablet":{"background-color":"","background-image":"","background-repeat":"repeat","background-position":"center center","background-size":"auto","background-attachment":"scroll","background-type":"","background-media":"","overlay-type":"","overlay-color":"","overlay-opacity":"","overlay-gradient":""},"mobile":{"background-color":"","background-image":"","background-repeat":"repeat","background-position":"center center","background-size":"auto","background-attachment":"scroll","background-type":"","background-media":"","overlay-type":"","overlay-color":"","overlay-opacity":"","overlay-gradient":""}},"ast-content-background-meta":{"desktop":{"background-color":"var(--ast-global-color-4)","background-image":"","background-repeat":"repeat","background-position":"center center","background-size":"auto","background-attachment":"scroll","background-type":"","background-media":"","overlay-type":"","overlay-color":"","overlay-opacity":"","overlay-gradient":""},"tablet":{"background-color":"var(--ast-global-color-4)","background-image":"","background-repeat":"repeat","background-position":"center center","background-size":"auto","background-attachment":"scroll","background-type":"","background-media":"","overlay-type":"","overlay-color":"","overlay-opacity":"","overlay-gradient":""},"mobile":{"background-color":"var(--ast-global-color-4)","background-image":"","background-repeat":"repeat","background-position":"center center","background-size":"auto","background-attachment":"scroll","background-type":"","background-media":"","overlay-type":"","overlay-color":"","overlay-opacity":"","overlay-gradient":""}}},"product_brand":[],"product_cat":[4345,4374],"product_tag":[4797],"class_list":{"0":"post-83820","1":"product","2":"type-product","3":"status-publish","4":"has-post-thumbnail","6":"product_cat-banh-mai-co-tay-cam-dan-hoi","7":"product_cat-vat-tu-phu-tro-mai-va-danh-bong","8":"product_tag-da-mai-co-can-dan-hoi","9":"desktop-align-left","10":"tablet-align-left","11":"mobile-align-left","12":"ast-product-gallery-layout-horizontal-slider","13":"ast-product-gallery-with-no-image","14":"ast-product-single-variable","15":"ast-product-tabs-layout-horizontal","17":"first","18":"instock","19":"taxable","20":"shipping-taxable","21":"purchasable","22":"product-type-variable"},"_links":{"self":[{"href":"https:\/\/honwaygroup.com\/vi\/wp-json\/wp\/v2\/product\/83820","targetHints":{"allow":["GET"]}}],"collection":[{"href":"https:\/\/honwaygroup.com\/vi\/wp-json\/wp\/v2\/product"}],"about":[{"href":"https:\/\/honwaygroup.com\/vi\/wp-json\/wp\/v2\/types\/product"}],"version-history":[{"count":0,"href":"https:\/\/honwaygroup.com\/vi\/wp-json\/wp\/v2\/product\/83820\/revisions"}],"wp:featuredmedia":[{"embeddable":true,"href":"https:\/\/honwaygroup.com\/vi\/wp-json\/wp\/v2\/media\/83821"}],"wp:attachment":[{"href":"https:\/\/honwaygroup.com\/vi\/wp-json\/wp\/v2\/media?parent=83820"}],"wp:term":[{"taxonomy":"product_brand","embeddable":true,"href":"https:\/\/honwaygroup.com\/vi\/wp-json\/wp\/v2\/product_brand?post=83820"},{"taxonomy":"product_cat","embeddable":true,"href":"https:\/\/honwaygroup.com\/vi\/wp-json\/wp\/v2\/product_cat?post=83820"},{"taxonomy":"product_tag","embeddable":true,"href":"https:\/\/honwaygroup.com\/vi\/wp-json\/wp\/v2\/product_tag?post=83820"}],"curies":[{"name":"wp","href":"https:\/\/api.w.org\/{rel}","templated":true}]}}