{"id":83767,"date":"2021-01-17T19:03:33","date_gmt":"2021-01-17T11:03:33","guid":{"rendered":"https:\/\/honwaygroup.com\/product\/banh-xe-len-duong-kinh-truc-o6-0mm\/"},"modified":"2025-10-08T11:46:20","modified_gmt":"2025-10-08T03:46:20","slug":"banh-xe-len-duong-kinh-truc-o6-0mm","status":"publish","type":"product","link":"https:\/\/honwaygroup.com\/vi\/product\/banh-xe-len-duong-kinh-truc-o6-0mm\/","title":{"rendered":"B\u00e1nh xe len (\u0111\u01b0\u1eddng k\u00ednh tay c\u1ea7m: \u00d86.0mm)"},"content":{"rendered":"<h3><strong>B\u00e1nh xe len (\u0111\u01b0\u1eddng k\u00ednh tay c\u1ea7m: \u00d86.0mm)<\/strong><\/h3>\n<p><a href=\"https:\/\/honwaygroup.com\/wp-content\/uploads\/2023\/07\/%E7%BE%8A%E6%AF%9B%E8%BC%AA-%E6%9F%84%E5%BE%91-O6.0mm_%E5%B7%A5%E4%BD%9C%E5%8D%80%E5%9F%9F-1-%E8%A4%87%E6%9C%AC-11.webp\"><img decoding=\"async\" class=\"alignnone size-medium wp-image-26397\" src=\"https:\/\/honwaygroup.com\/wp-content\/uploads\/2023\/07\/%E7%BE%8A%E6%AF%9B%E8%BC%AA-%E6%9F%84%E5%BE%91-O6.0mm_%E5%B7%A5%E4%BD%9C%E5%8D%80%E5%9F%9F-1-%E8%A4%87%E6%9C%AC-11-300x105.webp\" alt=\"\" width=\"300\" height=\"105\"><\/a><\/p>\n<p>\u0110\u01a1n v\u1ecb: mm<\/p>\n<table class=\"specTable\" width=\"100%\">\n<tbody>\n<tr>\n<th width=\"35%\"><\/th>\n<th width=\"21%\">s\u1ed1 seri<\/th>\n<th width=\"21%\">\u00d8D<\/th>\n<th width=\"21%\">T<\/th>\n<\/tr>\n<tr>\n<td class=\"white\" rowspan=\"4\">\n  <a href=\"https:\/\/honwaygroup.com\/wp-content\/uploads\/2023\/07\/%E7%BE%8A%E6%AF%9B%E8%BC%AA-%E6%9F%84%E5%BE%91-O6.0mm_%E5%B7%A5%E4%BD%9C%E5%8D%80%E5%9F%9F-1-%E8%A4%87%E6%9C%AC-12.webp\"><br \/>\n    <img decoding=\"async\" class=\"alignnone size-medium wp-image-26401\" src=\"https:\/\/honwaygroup.com\/wp-content\/uploads\/2023\/07\/%E7%BE%8A%E6%AF%9B%E8%BC%AA-%E6%9F%84%E5%BE%91-O6.0mm_%E5%B7%A5%E4%BD%9C%E5%8D%80%E5%9F%9F-1-%E8%A4%87%E6%9C%AC-12-300x120.webp\" alt=\"\" width=\"300\" height=\"120\"><br \/>\n  <\/a>\n<\/td>\n<td>AC-1225A<\/td>\n<td>12<\/td>\n<td>25<\/td>\n<\/tr>\n<tr>\n<td>AC-1525A<\/td>\n<td>15<\/td>\n<td>25<\/td>\n<\/tr>\n<tr>\n<td>AC-2025A<\/td>\n<td>20<\/td>\n<td>25<\/td>\n<\/tr>\n<tr>\n<td>AC-2530A<\/td>\n<td>25<\/td>\n<td>30<\/td>\n<\/tr>\n<tr>\n<td class=\"white\" rowspan=\"3\">\n  <a href=\"https:\/\/honwaygroup.com\/wp-content\/uploads\/2023\/07\/%E7%BE%8A%E6%AF%9B%E8%BC%AA-%E6%9F%84%E5%BE%91-O6.0mm_%E5%B7%A5%E4%BD%9C%E5%8D%80%E5%9F%9F-1-%E8%A4%87%E6%9C%AC-14.webp\"><br \/>\n    <img decoding=\"async\" class=\"alignnone size-medium wp-image-26405\" src=\"https:\/\/honwaygroup.com\/wp-content\/uploads\/2023\/07\/%E7%BE%8A%E6%AF%9B%E8%BC%AA-%E6%9F%84%E5%BE%91-O6.0mm_%E5%B7%A5%E4%BD%9C%E5%8D%80%E5%9F%9F-1-%E8%A4%87%E6%9C%AC-14-300x120.webp\" alt=\"\" width=\"300\" height=\"120\"><br \/>\n  <\/a>\n<\/td>\n<td>AC-1520C<\/td>\n<td>15<\/td>\n<td>20<\/td>\n<\/tr>\n<tr>\n<td>AC-2025C<\/td>\n<td>20<\/td>\n<td>25<\/td>\n<\/tr>\n<tr>\n<td>AC-2530C<\/td>\n<td>25<\/td>\n<td>30<\/td>\n<\/tr>\n<tr>\n<td class=\"white\" rowspan=\"2\">\n  <a href=\"https:\/\/honwaygroup.com\/wp-content\/uploads\/2023\/07\/%E7%BE%8A%E6%AF%9B%E8%BC%AA-%E6%9F%84%E5%BE%91-O6.0mm_%E5%B7%A5%E4%BD%9C%E5%8D%80%E5%9F%9F-1-%E8%A4%87%E6%9C%AC-15.webp\"><br \/>\n    <img loading=\"lazy\" decoding=\"async\" class=\"alignnone size-medium wp-image-26409\" src=\"https:\/\/honwaygroup.com\/wp-content\/uploads\/2023\/07\/%E7%BE%8A%E6%AF%9B%E8%BC%AA-%E6%9F%84%E5%BE%91-O6.0mm_%E5%B7%A5%E4%BD%9C%E5%8D%80%E5%9F%9F-1-%E8%A4%87%E6%9C%AC-15-300x120.webp\" alt=\"\" width=\"300\" height=\"120\"><br \/>\n  <\/a>\n<\/td>\n<td>AC-3208E<\/td>\n<td>32<\/td>\n<td>8<\/td>\n<\/tr>\n<tr>\n<td>AC-4010E<\/td>\n<td>40<\/td>\n<td>9.6<\/td>\n<\/tr>\n<tr>\n<td class=\"white\" rowspan=\"3\">\n  <a href=\"https:\/\/honwaygroup.com\/wp-content\/uploads\/2023\/07\/%E7%BE%8A%E6%AF%9B%E8%BC%AA-%E6%9F%84%E5%BE%91-O6.0mm_%E5%B7%A5%E4%BD%9C%E5%8D%80%E5%9F%9F-1-%E8%A4%87%E6%9C%AC-52.webp\"><br \/>\n    <img loading=\"lazy\" decoding=\"async\" class=\"alignnone size-medium wp-image-26413\" src=\"https:\/\/honwaygroup.com\/wp-content\/uploads\/2023\/07\/%E7%BE%8A%E6%AF%9B%E8%BC%AA-%E6%9F%84%E5%BE%91-O6.0mm_%E5%B7%A5%E4%BD%9C%E5%8D%80%E5%9F%9F-1-%E8%A4%87%E6%9C%AC-52-300x120.webp\" alt=\"\" width=\"300\" height=\"120\"><br \/>\n  <\/a>\n<\/td>\n<td>AC-1525K<\/td>\n<td>15<\/td>\n<td>25<\/td>\n<\/tr>\n<tr>\n<td>AC-2025K<\/td>\n<td>20<\/td>\n<td>25<\/td>\n<\/tr>\n<tr>\n<td>AC-2530K<\/td>\n<td>25<\/td>\n<td>30<\/td>\n<\/tr>\n<\/tbody>\n<\/table>\n<p>B\u1ea1n c\u00f3 th\u1eafc m\u1eafc kh\u00f4ng? <a href=\"https:\/\/honwaygroup.com\/vi\/lien-he-voi-honway\/\">Li\u00ean h\u1ec7 v\u1edbi HonWay<\/a><\/p>\n","protected":false},"excerpt":{"rendered":"<h5><strong><br \/>\n  <span style=\"color: #ff0000;font-size: 19.2px\">\u25b2<\/span><br \/>\n<\/strong><strong><br \/>\n  <span style=\"color: #ff0000;font-size: 19.2px\">N\u1ebfu c\u1ea7n k\u00edch th\u01b0\u1edbc t\u00f9y ch\u1ec9nh, vui l\u00f2ng li\u00ean h\u1ec7 b\u1ed9 ph\u1eadn ch\u0103m s\u00f3c kh\u00e1ch h\u00e0ng. Ng\u00e0y giao h\u00e0ng s\u1ebd ph\u1ee5 thu\u1ed9c v\u00e0o th\u1eddi gian \u0111\u01b0\u1ee3c th\u00f4ng b\u00e1o t\u1eeb b\u1ed9 ph\u1eadn n\u00e0y.<\/span><br \/>\n<\/strong><\/h5>\n<h5><strong><br \/>\n  <span style=\"color: #ff0000;font-size: 19.2px\">\u25b2<\/span><br \/>\n<\/strong><strong><br \/>\n  <span style=\"color: #ff0000;font-size: 19.2px\">\u0110\u1eb7t h\u00e0ng s\u1ed1 l\u01b0\u1ee3ng l\u1edbn c\u00f3 th\u1ec3 \u0111\u01b0\u1ee3c h\u01b0\u1edfng chi\u1ebft kh\u1ea5u \u01b0u \u0111\u00e3i, vui l\u00f2ng li\u00ean h\u1ec7 b\u1ed9 ph\u1eadn ch\u0103m s\u00f3c kh\u00e1ch h\u00e0ng \u0111\u1ec3 bi\u1ebft th\u00eam chi ti\u1ebft.<br \/>\n<\/span><br \/>\n<\/strong><\/h5>\n<h5><strong><span style=\"color: #ff0000;font-size: 19.2px\">\u25b2<\/span> Th\u1eddi gian giao h\u00e0ng cho<span style=\"color: #ff0000\"> c\u00e1c \u0111\u01a1n \u0111\u1eb7t h\u00e0ng<\/span> <span style=\"color: #ff0000;font-size: 19.2px\">\u1edf \u0110\u00e0i Loan<\/span> <span style=\"color: #ff0000;font-size: 19.2px\">kho\u1ea3ng t\u1eeb 7-14 ng\u00e0y l\u00e0m vi\u1ec7c.<\/span><\/strong><\/h5>\n<h5><strong><span style=\"color: #ff0000;font-size: 19.2px\">\u25b2 <\/span><span style=\"color: #ff0000\">Th\u1eddi gian giao h\u00e0ng cho \u0111\u01a1n h\u00e0ng qu\u1ed1c t\u1ebf kho\u1ea3ng t\u1eeb 7-14 ng\u00e0y, th\u1eddi gian nh\u1eadn h\u00e0ng th\u1ef1c t\u1ebf ph\u1ee5 thu\u1ed9c v\u00e0o t\u00ecnh tr\u1ea1ng v\u1eadn chuy\u1ec3n c\u1ee7a c\u00f4ng ty chuy\u1ec3n ph\u00e1t nhanh.<\/span><\/strong><\/h5>\n","protected":false},"featured_media":83768,"template":"","meta":{"site-sidebar-layout":"default","site-content-layout":"default","ast-site-content-layout":"default","site-content-style":"default","site-sidebar-style":"default","ast-global-header-display":"","ast-banner-title-visibility":"","ast-main-header-display":"","ast-hfb-above-header-display":"","ast-hfb-below-header-display":"","ast-hfb-mobile-header-display":"","site-post-title":"","ast-breadcrumbs-content":"","ast-featured-img":"","footer-sml-layout":"","ast-disable-related-posts":"","theme-transparent-header-meta":"default","adv-header-id-meta":"","stick-header-meta":"default","header-above-stick-meta":"","header-main-stick-meta":"","header-below-stick-meta":"","astra-migrate-meta-layouts":"default","ast-page-background-enabled":"default","ast-page-background-meta":{"desktop":{"background-color":"var(--ast-global-color-5)","background-image":"","background-repeat":"repeat","background-position":"center center","background-size":"auto","background-attachment":"scroll","background-type":"","background-media":"","overlay-type":"","overlay-color":"","overlay-opacity":"","overlay-gradient":""},"tablet":{"background-color":"","background-image":"","background-repeat":"repeat","background-position":"center center","background-size":"auto","background-attachment":"scroll","background-type":"","background-media":"","overlay-type":"","overlay-color":"","overlay-opacity":"","overlay-gradient":""},"mobile":{"background-color":"","background-image":"","background-repeat":"repeat","background-position":"center center","background-size":"auto","background-attachment":"scroll","background-type":"","background-media":"","overlay-type":"","overlay-color":"","overlay-opacity":"","overlay-gradient":""}},"ast-content-background-meta":{"desktop":{"background-color":"var(--ast-global-color-4)","background-image":"","background-repeat":"repeat","background-position":"center center","background-size":"auto","background-attachment":"scroll","background-type":"","background-media":"","overlay-type":"","overlay-color":"","overlay-opacity":"","overlay-gradient":""},"tablet":{"background-color":"var(--ast-global-color-4)","background-image":"","background-repeat":"repeat","background-position":"center center","background-size":"auto","background-attachment":"scroll","background-type":"","background-media":"","overlay-type":"","overlay-color":"","overlay-opacity":"","overlay-gradient":""},"mobile":{"background-color":"var(--ast-global-color-4)","background-image":"","background-repeat":"repeat","background-position":"center center","background-size":"auto","background-attachment":"scroll","background-type":"","background-media":"","overlay-type":"","overlay-color":"","overlay-opacity":"","overlay-gradient":""}}},"product_brand":[],"product_cat":[4374,4348],"product_tag":[],"class_list":{"0":"post-83767","1":"product","2":"type-product","3":"status-publish","4":"has-post-thumbnail","6":"product_cat-vat-tu-phu-tro-mai-va-danh-bong","7":"product_cat-san-pham-tu-len","8":"desktop-align-left","9":"tablet-align-left","10":"mobile-align-left","11":"ast-product-gallery-layout-horizontal-slider","12":"ast-product-gallery-with-no-image","13":"ast-product-single-variable","14":"ast-product-tabs-layout-horizontal","16":"first","17":"instock","18":"taxable","19":"shipping-taxable","20":"purchasable","21":"product-type-variable"},"_links":{"self":[{"href":"https:\/\/honwaygroup.com\/vi\/wp-json\/wp\/v2\/product\/83767","targetHints":{"allow":["GET"]}}],"collection":[{"href":"https:\/\/honwaygroup.com\/vi\/wp-json\/wp\/v2\/product"}],"about":[{"href":"https:\/\/honwaygroup.com\/vi\/wp-json\/wp\/v2\/types\/product"}],"version-history":[{"count":0,"href":"https:\/\/honwaygroup.com\/vi\/wp-json\/wp\/v2\/product\/83767\/revisions"}],"wp:featuredmedia":[{"embeddable":true,"href":"https:\/\/honwaygroup.com\/vi\/wp-json\/wp\/v2\/media\/83768"}],"wp:attachment":[{"href":"https:\/\/honwaygroup.com\/vi\/wp-json\/wp\/v2\/media?parent=83767"}],"wp:term":[{"taxonomy":"product_brand","embeddable":true,"href":"https:\/\/honwaygroup.com\/vi\/wp-json\/wp\/v2\/product_brand?post=83767"},{"taxonomy":"product_cat","embeddable":true,"href":"https:\/\/honwaygroup.com\/vi\/wp-json\/wp\/v2\/product_cat?post=83767"},{"taxonomy":"product_tag","embeddable":true,"href":"https:\/\/honwaygroup.com\/vi\/wp-json\/wp\/v2\/product_tag?post=83767"}],"curies":[{"name":"wp","href":"https:\/\/api.w.org\/{rel}","templated":true}]}}