{"id":83754,"date":"2021-01-17T19:06:25","date_gmt":"2021-01-17T11:06:25","guid":{"rendered":"https:\/\/honwaygroup.com\/product\/cac-san-pham-len-khac\/"},"modified":"2025-10-02T16:07:29","modified_gmt":"2025-10-02T08:07:29","slug":"cac-san-pham-len-khac","status":"publish","type":"product","link":"https:\/\/honwaygroup.com\/vi\/product\/cac-san-pham-len-khac\/","title":{"rendered":"C\u00e1c s\u1ea3n ph\u1ea9m len kh\u00e1c"},"content":{"rendered":"<h3><strong>\u00e1o len<\/strong><\/h3>\n<p>&nbsp;<\/p>\n<p><a href=\"https:\/\/honwaygroup.com\/wp-content\/uploads\/2023\/07\/%E5%85%B6%E4%BB%96%E7%BE%8A%E6%AF%9B%E8%A3%BD%E5%93%81_%E7%BE%8A%E6%AF%9B%E6%A2%9D.webp\"><img decoding=\"async\" class=\"alignnone size-medium wp-image-26380\" src=\"https:\/\/honwaygroup.com\/wp-content\/uploads\/2023\/07\/%E5%85%B6%E4%BB%96%E7%BE%8A%E6%AF%9B%E8%A3%BD%E5%93%81_%E7%BE%8A%E6%AF%9B%E6%A2%9D-300x120.webp\" alt=\"C\u00e1c s\u1ea3n ph\u1ea9m len kh\u00e1c_\u00e1o len\" width=\"300\" height=\"120\"><\/a><\/p>\n<p>\u0110\u01a1n v\u1ecb: mm<\/p>\n<table class=\"specTable\" width=\"100%\">\n<tbody>\n<tr>\n<th>s\u1ed1 seri<\/th>\n<th>AB-S06<\/th>\n<th>AB-S10<\/th>\n<\/tr>\n<tr>\n<td style=\"text-align: center\">W x T x L<\/td>\n<td style=\"text-align: center\">6 x 6 x 100 x 45\u00b0<\/td>\n<td style=\"text-align: center\">10 x 10 x 100 x 45\u00b0<\/td>\n<\/tr>\n<\/tbody>\n<\/table>\n<h3><strong>\u00c1o len c\u00f3 tay c\u1ea7m<\/strong><\/h3>\n<p>&nbsp;<\/p>\n<p><a href=\"https:\/\/honwaygroup.com\/wp-content\/uploads\/2023\/07\/%E5%85%B6%E4%BB%96%E7%BE%8A%E6%AF%9B%E8%A3%BD%E5%93%81_%E5%B8%B6%E6%9F%84%E7%BE%8A%E6%AF%9B%E6%A2%9D.webp\"><img decoding=\"async\" class=\"alignnone size-medium wp-image-26384\" src=\"https:\/\/honwaygroup.com\/wp-content\/uploads\/2023\/07\/%E5%85%B6%E4%BB%96%E7%BE%8A%E6%AF%9B%E8%A3%BD%E5%93%81_%E5%B8%B6%E6%9F%84%E7%BE%8A%E6%AF%9B%E6%A2%9D-300x138.webp\" alt=\"C\u00e1c s\u1ea3n ph\u1ea9m len kh\u00e1c_\u00e1o len c\u00f3 tay c\u1ea7m\" width=\"300\" height=\"138\"><\/a><\/p>\n<p>\u0110\u01a1n v\u1ecb: mm<\/p>\n<table class=\"specTable\" width=\"100%\">\n<tbody>\n<tr>\n<th>s\u1ed1 seri<\/th>\n<th>AB-R06<\/th>\n<th>AB-R10<\/th>\n<th>AB-R12<\/th>\n<\/tr>\n<tr>\n<td style=\"text-align: center\">W x T x L<\/td>\n<td style=\"text-align: center\">6 x 6 x 25<\/td>\n<td style=\"text-align: center\">10 x 10 x 35<\/td>\n<td style=\"text-align: center\">12 x 12 x 45<\/td>\n<\/tr>\n<\/tbody>\n<\/table>\n<h3><strong>mi\u1ebfng len<\/strong><\/h3>\n<p>&nbsp;<\/p>\n<p>\u0110\u01a1n v\u1ecb: mm<\/p>\n<table class=\"specTable\" width=\"100%\">\n<tbody>\n<tr>\n<th><a href=\"https:\/\/honwaygroup.com\/wp-content\/uploads\/2023\/07\/%E5%85%B6%E4%BB%96%E7%BE%8A%E6%AF%9B%E8%A3%BD%E5%93%81_AB-2503E.jpg\"><img decoding=\"async\" class=\"wp-image-26368 aligncenter\" src=\"https:\/\/honwaygroup.com\/wp-content\/uploads\/2023\/07\/%E5%85%B6%E4%BB%96%E7%BE%8A%E6%AF%9B%E8%A3%BD%E5%93%81_AB-2503E.jpg\" alt=\"C\u00e1c s\u1ea3n ph\u1ea9m len kh\u00e1c_AB-2503E\" width=\"141\" height=\"150\"><\/a><\/th>\n<th><a href=\"https:\/\/honwaygroup.com\/wp-content\/uploads\/2023\/07\/%E5%85%B6%E4%BB%96%E7%BE%8A%E6%AF%9B%E8%A3%BD%E5%93%81_AB-2504E.webp\"><img loading=\"lazy\" decoding=\"async\" class=\"wp-image-26372 aligncenter\" src=\"https:\/\/honwaygroup.com\/wp-content\/uploads\/2023\/07\/%E5%85%B6%E4%BB%96%E7%BE%8A%E6%AF%9B%E8%A3%BD%E5%93%81_AB-2504E.webp\" alt=\"C\u00e1c s\u1ea3n ph\u1ea9m len kh\u00e1c_AB-2504E\" width=\"143\" height=\"150\"><\/a><\/th>\n<th><a href=\"https:\/\/honwaygroup.com\/wp-content\/uploads\/2023\/07\/%E5%85%B6%E4%BB%96%E7%BE%8A%E6%AF%9B%E8%A3%BD%E5%93%81_AB-2505E.webp\"><img loading=\"lazy\" decoding=\"async\" class=\"wp-image-26376 aligncenter\" src=\"https:\/\/honwaygroup.com\/wp-content\/uploads\/2023\/07\/%E5%85%B6%E4%BB%96%E7%BE%8A%E6%AF%9B%E8%A3%BD%E5%93%81_AB-2505E.webp\" alt=\"C\u00e1c s\u1ea3n ph\u1ea9m len kh\u00e1c_AB-2505E\" width=\"139\" height=\"150\"><\/a><\/th>\n<\/tr>\n<tr>\n<td style=\"text-align: left\">AB-2503E<\/td>\n<td style=\"text-align: left\">AB-2504E<\/td>\n<td style=\"text-align: left\">AB-2505E<\/td>\n<\/tr>\n<\/tbody>\n<\/table>\n<h3><strong><br \/>\ntay c\u1ea7m tr\u1ee5c<\/strong><\/h3>\n<p>&nbsp;<\/p>\n<p><a href=\"https:\/\/honwaygroup.com\/wp-content\/uploads\/2021\/01\/feltSpec3.avif\"><img loading=\"lazy\" decoding=\"async\" class=\"alignnone wp-image-7380 size-full\" src=\"https:\/\/honwaygroup.com\/wp-content\/uploads\/2021\/01\/feltSpec3.avif\" alt=\"C\u00e1c s\u1ea3n ph\u1ea9m len kh\u00e1c\" width=\"480\" height=\"310\" srcset=\"https:\/\/honwaygroup.com\/wp-content\/uploads\/2021\/01\/feltSpec3.avif 480w, https:\/\/honwaygroup.com\/wp-content\/uploads\/2021\/01\/feltSpec3-300x194.avif 300w\" sizes=\"(max-width: 480px) 100vw, 480px\" \/><\/a><\/p>\n<p>B\u1ea1n c\u00f3 th\u1eafc m\u1eafc kh\u00f4ng? <a href=\"https:\/\/honwaygroup.com\/vi\/lien-he-voi-honway\/\">Li\u00ean h\u1ec7 Honway<\/a><\/p>\n","protected":false},"excerpt":{"rendered":"<h5><strong><br \/>\n  <span style=\"color: #ff0000;font-size: 19.2px\">\u25b2<\/span><br \/>\n<\/strong><strong><br \/>\n  <span style=\"color: #ff0000;font-size: 19.2px\">N\u1ebfu c\u1ea7n k\u00edch th\u01b0\u1edbc t\u00f9y ch\u1ec9nh, vui l\u00f2ng li\u00ean h\u1ec7 b\u1ed9 ph\u1eadn ch\u0103m s\u00f3c kh\u00e1ch h\u00e0ng. Ng\u00e0y giao h\u00e0ng s\u1ebd ph\u1ee5 thu\u1ed9c v\u00e0o th\u1eddi gian \u0111\u01b0\u1ee3c th\u00f4ng b\u00e1o t\u1eeb b\u1ed9 ph\u1eadn n\u00e0y.<\/span><br \/>\n<\/strong><\/h5>\n<h5><strong><br \/>\n  <span style=\"color: #ff0000;font-size: 19.2px\">\u25b2<\/span><br \/>\n<\/strong><strong><br \/>\n  <span style=\"color: #ff0000;font-size: 19.2px\">\u0110\u1eb7t h\u00e0ng s\u1ed1 l\u01b0\u1ee3ng l\u1edbn c\u00f3 th\u1ec3 \u0111\u01b0\u1ee3c h\u01b0\u1edfng chi\u1ebft kh\u1ea5u \u01b0u \u0111\u00e3i, vui l\u00f2ng li\u00ean h\u1ec7 b\u1ed9 ph\u1eadn ch\u0103m s\u00f3c kh\u00e1ch h\u00e0ng \u0111\u1ec3 bi\u1ebft th\u00eam chi ti\u1ebft.<br \/>\n<\/span><br \/>\n<\/strong><\/h5>\n<h5><strong><span style=\"color: #ff0000;font-size: 19.2px\">\u25b2<\/span> Th\u1eddi gian giao h\u00e0ng cho<span style=\"color: #ff0000\"> c\u00e1c \u0111\u01a1n \u0111\u1eb7t h\u00e0ng<\/span> <span style=\"color: #ff0000;font-size: 19.2px\">\u1edf \u0110\u00e0i Loan<\/span> <span style=\"color: #ff0000;font-size: 19.2px\">kho\u1ea3ng t\u1eeb 7-14 ng\u00e0y l\u00e0m vi\u1ec7c.<\/span><\/strong><\/h5>\n<h5><strong><span style=\"color: #ff0000;font-size: 19.2px\">\u25b2 <\/span><span style=\"color: #ff0000\">Th\u1eddi gian giao h\u00e0ng cho \u0111\u01a1n h\u00e0ng qu\u1ed1c t\u1ebf kho\u1ea3ng t\u1eeb 7-14 ng\u00e0y, th\u1eddi gian nh\u1eadn h\u00e0ng th\u1ef1c t\u1ebf ph\u1ee5 thu\u1ed9c v\u00e0o t\u00ecnh tr\u1ea1ng v\u1eadn chuy\u1ec3n c\u1ee7a c\u00f4ng ty chuy\u1ec3n ph\u00e1t nhanh.<\/span><\/strong><\/h5>\n","protected":false},"featured_media":83755,"template":"","meta":{"site-sidebar-layout":"default","site-content-layout":"default","ast-site-content-layout":"default","site-content-style":"default","site-sidebar-style":"default","ast-global-header-display":"","ast-banner-title-visibility":"","ast-main-header-display":"","ast-hfb-above-header-display":"","ast-hfb-below-header-display":"","ast-hfb-mobile-header-display":"","site-post-title":"","ast-breadcrumbs-content":"","ast-featured-img":"","footer-sml-layout":"","ast-disable-related-posts":"","theme-transparent-header-meta":"default","adv-header-id-meta":"","stick-header-meta":"default","header-above-stick-meta":"","header-main-stick-meta":"","header-below-stick-meta":"","astra-migrate-meta-layouts":"default","ast-page-background-enabled":"default","ast-page-background-meta":{"desktop":{"background-color":"var(--ast-global-color-5)","background-image":"","background-repeat":"repeat","background-position":"center center","background-size":"auto","background-attachment":"scroll","background-type":"","background-media":"","overlay-type":"","overlay-color":"","overlay-opacity":"","overlay-gradient":""},"tablet":{"background-color":"","background-image":"","background-repeat":"repeat","background-position":"center center","background-size":"auto","background-attachment":"scroll","background-type":"","background-media":"","overlay-type":"","overlay-color":"","overlay-opacity":"","overlay-gradient":""},"mobile":{"background-color":"","background-image":"","background-repeat":"repeat","background-position":"center center","background-size":"auto","background-attachment":"scroll","background-type":"","background-media":"","overlay-type":"","overlay-color":"","overlay-opacity":"","overlay-gradient":""}},"ast-content-background-meta":{"desktop":{"background-color":"var(--ast-global-color-4)","background-image":"","background-repeat":"repeat","background-position":"center center","background-size":"auto","background-attachment":"scroll","background-type":"","background-media":"","overlay-type":"","overlay-color":"","overlay-opacity":"","overlay-gradient":""},"tablet":{"background-color":"var(--ast-global-color-4)","background-image":"","background-repeat":"repeat","background-position":"center center","background-size":"auto","background-attachment":"scroll","background-type":"","background-media":"","overlay-type":"","overlay-color":"","overlay-opacity":"","overlay-gradient":""},"mobile":{"background-color":"var(--ast-global-color-4)","background-image":"","background-repeat":"repeat","background-position":"center center","background-size":"auto","background-attachment":"scroll","background-type":"","background-media":"","overlay-type":"","overlay-color":"","overlay-opacity":"","overlay-gradient":""}}},"product_brand":[],"product_cat":[4374,4348],"product_tag":[4948,4947],"class_list":{"0":"post-83754","1":"product","2":"type-product","3":"status-publish","4":"has-post-thumbnail","6":"product_cat-vat-tu-phu-tro-mai-va-danh-bong","7":"product_cat-san-pham-tu-len","8":"product_tag-banh-len","9":"product_tag-dai-len","10":"desktop-align-left","11":"tablet-align-left","12":"mobile-align-left","13":"ast-product-gallery-layout-horizontal-slider","14":"ast-product-gallery-with-no-image","15":"ast-product-single-variable","16":"ast-product-tabs-layout-horizontal","18":"first","19":"instock","20":"taxable","21":"shipping-taxable","22":"purchasable","23":"product-type-variable"},"_links":{"self":[{"href":"https:\/\/honwaygroup.com\/vi\/wp-json\/wp\/v2\/product\/83754","targetHints":{"allow":["GET"]}}],"collection":[{"href":"https:\/\/honwaygroup.com\/vi\/wp-json\/wp\/v2\/product"}],"about":[{"href":"https:\/\/honwaygroup.com\/vi\/wp-json\/wp\/v2\/types\/product"}],"version-history":[{"count":0,"href":"https:\/\/honwaygroup.com\/vi\/wp-json\/wp\/v2\/product\/83754\/revisions"}],"wp:featuredmedia":[{"embeddable":true,"href":"https:\/\/honwaygroup.com\/vi\/wp-json\/wp\/v2\/media\/83755"}],"wp:attachment":[{"href":"https:\/\/honwaygroup.com\/vi\/wp-json\/wp\/v2\/media?parent=83754"}],"wp:term":[{"taxonomy":"product_brand","embeddable":true,"href":"https:\/\/honwaygroup.com\/vi\/wp-json\/wp\/v2\/product_brand?post=83754"},{"taxonomy":"product_cat","embeddable":true,"href":"https:\/\/honwaygroup.com\/vi\/wp-json\/wp\/v2\/product_cat?post=83754"},{"taxonomy":"product_tag","embeddable":true,"href":"https:\/\/honwaygroup.com\/vi\/wp-json\/wp\/v2\/product_tag?post=83754"}],"curies":[{"name":"wp","href":"https:\/\/api.w.org\/{rel}","templated":true}]}}