{"id":83748,"date":"2021-01-18T17:44:41","date_gmt":"2021-01-18T09:44:41","guid":{"rendered":"https:\/\/honwaygroup.com\/product\/may-mai-sieu-am-ba-chuc-nang-ar-600\/"},"modified":"2025-09-23T09:57:21","modified_gmt":"2025-09-23T01:57:21","slug":"may-mai-sieu-am-ba-chuc-nang-ar-600","status":"publish","type":"product","link":"https:\/\/honwaygroup.com\/vi\/product\/may-mai-sieu-am-ba-chuc-nang-ar-600\/","title":{"rendered":"M\u00e1y m\u00e0i si\u00eau \u00e2m ba ch\u1ee9c n\u0103ng AR-600 Lo\u1ea1i th\u1ef1c t\u1ebf"},"content":{"rendered":"<h1>M\u00e1y m\u00e0i si\u00eau \u00e2m ba ch\u1ee9c n\u0103ng AR-600 Lo\u1ea1i th\u1ef1c t\u1ebf<\/h1>\n<h2><\/h2>\n<h2>\u0110\u1eb7c tr\u01b0ng:<\/h2>\n<ul>\n<li>AR-600<strong> s\u1eed d\u1ee5ng thi\u1ebft k\u1ebf vi x\u1eed l\u00fd hi\u1ec7u su\u1ea5t cao<\/strong><\/li>\n<li><strong>Hi\u1ec7u su\u1ea5t ho\u1ea1t \u0111\u1ed9ng \u1ed5n \u0111\u1ecbnh h\u01a1n<\/strong><\/li>\n<li><strong>C\u1ea3i thi\u1ec7n hi\u1ec7u qu\u1ea3 \u0111\u00e1nh b\u00f3ng<\/strong><\/li>\n<li>AR-600 s\u1eed d\u1ee5ng thi\u1ebft k\u1ebf vi x\u1eed l\u00fd hi\u1ec7u su\u1ea5t cao, gi\u00fap ho\u1ea1t \u0111\u1ed9ng \u1ed5n \u0111\u1ecbnh h\u01a1n v\u00e0 c\u1ea3i thi\u1ec7n hi\u1ec7u qu\u1ea3 \u0111\u00e1nh b\u00f3ng.<\/li>\n<li>K\u1ebft h\u1ee3p \u0111\u1ea7u ra si\u00eau \u00e2m, DC ch\u1ed5i than v\u00e0 DC kh\u00f4ng ch\u1ed5i than \u0111\u1ec3 \u0111\u00e1p \u1ee9ng nhu c\u1ea7u c\u1ee7a nhi\u1ec1u \u0111i\u1ec7n tho\u1ea1i di \u0111\u1ed9ng ch\u1ee9c n\u0103ng h\u01a1n<\/li>\n<li>C\u00f4ng su\u1ea5t \u0111\u1ea7u ra t\u1ed1i \u0111a c\u1ee7a DC kh\u00f4ng ch\u1ed5i than l\u00e0 100 watt v\u00e0 c\u00f4ng su\u1ea5t \u0111\u1ea7u ra c\u1ee7a ch\u1ed5i than l\u00e0 60 watt<\/li>\n<li>\u01afu \u0111i\u1ec3m c\u1ee7a \u0111i\u1ec7n tho\u1ea1i di \u0111\u1ed9ng kh\u00f4ng ch\u1ed5i than l\u00e0: t\u1ed1c \u0111\u1ed9 cao, m\u00f4-men xo\u1eafn cao, tu\u1ed5i th\u1ecd cao, ti\u1ebfng \u1ed3n th\u1ea5p, kh\u00f4ng c\u1ea7n thay ch\u1ed5i than v\u00e0 kh\u00f4ng t\u1ea1o ra b\u1ee5i do ch\u1ed5i than<\/li>\n<li>Thi\u1ebft b\u1ecb ti\u00eau chu\u1ea9n c\u1ee7a m\u00e1y n\u00e0y bao g\u1ed3m m\u1ed9t tay c\u1ea7m si\u00eau \u00e2m (GS-H09) v\u00e0 m\u1ed9t tay c\u1ea7m quay ch\u1ea3i (U-Lap35).<\/li>\n<\/ul>\n<h2>Thong s\u1ed1 k\u1ef9 thu\u1eadt s\u1ea3n ph\u1ea9m:<\/h2>\n<table class=\"specTable\" width=\"100%\">\n<tbody>\n<tr>\n<th colspan=\"2\"><strong>B\u1ed9 \u0111i\u1ec1u khi\u1ec3n ngu\u1ed3n<\/strong><\/th>\n<\/tr>\n<tr>\n<td>ngu\u1ed3n \u0111i\u1ec7n<\/td>\n<td>AC-90V ~ 250V, 50\/60 Hz<\/td>\n<\/tr>\n<tr>\n<td>\u0110\u1ea7u ra si\u00eau \u00e2m<\/td>\n<td>45watts<\/td>\n<\/tr>\n<tr>\n<td>T\u00ednh th\u01b0\u1eddng xuy\u00ean<\/td>\n<td>18 ~ 26 kHz<\/td>\n<\/tr>\n<tr>\n<td>bi\u00ean \u0111\u1ed9<\/td>\n<td>3 ~ 40 \u03bcm<\/td>\n<\/tr>\n<tr>\n<td>\u0110i\u1ec1u ch\u1ec9nh t\u1ea7n s\u1ed1<\/td>\n<td>Theo d\u00f5i t\u1ef1 \u0111\u1ed9ng<\/td>\n<\/tr>\n<tr>\n<td>Ti\u00eau th\u1ee5 \u0111i\u1ec7n n\u0103ng<\/td>\n<td>100 watts<\/td>\n<\/tr>\n<tr>\n<td>c\u1ea7u ch\u00ec<\/td>\n<td>2A time-lag type<\/td>\n<\/tr>\n<tr>\n<td>\u0110\u1ea7u ra \u0111\u1ed9ng c\u01a1 DC<\/td>\n<td>5 ~ 30V<\/td>\n<\/tr>\n<tr>\n<td>C\u00f4ng su\u1ea5t \u0111\u1ea7u ra \u0111\u01b0\u1ee3c ch\u1ea3i<\/td>\n<td>Max. 60 watts <\/td>\n<\/tr>\n<tr>\n<td>C\u00f4ng su\u1ea5t \u0111\u1ea7u ra kh\u00f4ng ch\u1ed5i than<\/td>\n<td>Max. 100 watts <\/td>\n<\/tr>\n<tr>\n<td>k\u00edch c\u1ee1<\/td>\n<td>170x260x140mm<\/td>\n<\/tr>\n<tr>\n<td>c\u00e2n n\u1eb7ng<\/td>\n<td>2.0 kg<\/td>\n<\/tr>\n<\/tbody>\n<\/table>\n<h2>AR-600 c\u00f3 \u0111i\u1ec7n tho\u1ea1i di \u0111\u1ed9ng:<\/h2>\n<table class=\"specTable\" width=\"100%\">\n<tbody>\n<tr>\n<th class=\"white\" rowspan=\"2\" width=\"25%\"><a href=\"https:\/\/honwaygroup.com\/wp-content\/uploads\/2021\/01\/GS-H04-%E8%B6%85%E9%9F%B3%E6%B3%A2%E6%89%8B%E6%A9%9F_%E5%B7%A5%E4%BD%9C%E5%8D%80%E5%9F%9F-1-%E8%A4%87%E6%9C%AC-54_%E5%B7%A5%E4%BD%9C%E5%8D%80%E5%9F%9F-1-%E8%A4%87%E6%9C%AC-55.webp\"><img fetchpriority=\"high\" decoding=\"async\" class=\"alignnone wp-image-73747 size-full\" src=\"https:\/\/honwaygroup.com\/wp-content\/uploads\/2021\/01\/GS-H04-%E8%B6%85%E9%9F%B3%E6%B3%A2%E6%89%8B%E6%A9%9F_%E5%B7%A5%E4%BD%9C%E5%8D%80%E5%9F%9F-1-%E8%A4%87%E6%9C%AC-54_%E5%B7%A5%E4%BD%9C%E5%8D%80%E5%9F%9F-1-%E8%A4%87%E6%9C%AC-55.webp\" alt=\"\" width=\"983\" height=\"417\"><\/a><\/th>\n<th><strong>M\u1eabu xe<\/strong><\/th>\n<th><strong>Th\u00f4ng s\u1ed1 k\u1ef9 thu\u1eadt<\/strong><\/th>\n<\/tr>\n<tr>\n<td>GS-H09<\/td>\n<td><strong>Tay c\u1ea7m si\u00eau \u00e2m<\/strong><br \/>\nC\u00f4ng su\u1ea5t t\u1ed1i \u0111a: 45 watt<br \/>\nK\u00edch th\u01b0\u1edbc: \u00d833 x 146 mm<br \/>\nTr\u1ecdng l\u01b0\u1ee3ng: 254 g<\/td>\n<\/tr>\n<\/tbody>\n<\/table>\n<table class=\"specTable\" width=\"100%\">\n<tbody>\n<tr>\n<th class=\"white\" rowspan=\"2\" width=\"25%\"><a href=\"https:\/\/honwaygroup.com\/wp-content\/uploads\/2021\/01\/AR-800P-%E5%BC%B7%E5%8A%9B%E9%9B%99%E5%8A%9F%E8%83%BD%E8%BC%B8%E5%87%BA%E9%9B%BB%E6%BA%90%E6%8E%A7%E5%88%B6%E5%99%A8-6.webp\"><img decoding=\"async\" class=\"alignnone size-medium wp-image-28515\" src=\"https:\/\/honwaygroup.com\/wp-content\/uploads\/2021\/01\/AR-800P-%E5%BC%B7%E5%8A%9B%E9%9B%99%E5%8A%9F%E8%83%BD%E8%BC%B8%E5%87%BA%E9%9B%BB%E6%BA%90%E6%8E%A7%E5%88%B6%E5%99%A8-6-300x175.webp\" alt=\"\" width=\"300\" height=\"175\"><\/a><\/th>\n<th><strong>M\u1eabu xe<\/strong><\/th>\n<th><strong>Th\u00f4ng s\u1ed1 k\u1ef9 thu\u1eadt<\/strong><\/th>\n<\/tr>\n<tr>\n<td>U-Lap35<\/td>\n<td><strong>Tay c\u1ea7m xoay \u0111i\u1ec7n (DC Brushed)<\/strong><br \/>\nT\u1ed1c \u0111\u1ed9: 35.000 v\u00f2ng\/ph\u00fat<br \/>\nM\u00f4-men xo\u1eafn: 2,9 Ncm<br \/>\nK\u00edch th\u01b0\u1edbc: \u00d829 x 152mm<br \/>\nTr\u1ecdng l\u01b0\u1ee3ng: 230g<\/td>\n<\/tr>\n<\/tbody>\n<\/table>\n<p><strong>minh h\u1ecda:<\/strong><\/p>\n<p style=\"padding-left: 40px\"><strong>\u25ce Thi\u1ebft b\u1ecb t\u00f9y ch\u1ecdn<\/strong><\/p>\n<h2>\u1ee8ng d\u1ee5ng:<\/h2>\n<h4>V\u00ed d\u1ee5 \u1ee9ng d\u1ee5ng c\u01a1 b\u1ea3n<\/h4>\n<table class=\"specTable center\" width=\"100%\">\n<tbody>\n<tr>\n<td><a href=\"https:\/\/honwaygroup.com\/wp-content\/uploads\/2021\/01\/AR-108-%E5%96%AE%E5%8A%9F%E8%83%BD%E8%B6%85%E9%9F%B3%E6%B3%A2%E7%A0%94%E7%A3%A8%E6%A9%9F-1.webp\"><img decoding=\"async\" class=\"alignnone size-full wp-image-28117\" src=\"https:\/\/honwaygroup.com\/wp-content\/uploads\/2021\/01\/AR-108-%E5%96%AE%E5%8A%9F%E8%83%BD%E8%B6%85%E9%9F%B3%E6%B3%A2%E7%A0%94%E7%A3%A8%E6%A9%9F-1.webp\" alt=\"\" width=\"194\" height=\"194\"><\/a><\/td>\n<td><a href=\"https:\/\/honwaygroup.com\/wp-content\/uploads\/2021\/01\/AR-600-E%E9%9B%99%E5%8A%9F%E8%83%BD%E8%B6%85%E9%9F%B3%E6%B3%A2%E7%A0%94%E7%A3%A8%E6%A9%9F-1_%E5%B7%A5%E4%BD%9C%E5%8D%80%E5%9F%9F-1-%E8%A4%87%E6%9C%AC-54.webp\"><img loading=\"lazy\" decoding=\"async\" class=\"alignnone wp-image-28211\" src=\"https:\/\/honwaygroup.com\/wp-content\/uploads\/2021\/01\/AR-600-E%E9%9B%99%E5%8A%9F%E8%83%BD%E8%B6%85%E9%9F%B3%E6%B3%A2%E7%A0%94%E7%A3%A8%E6%A9%9F-1_%E5%B7%A5%E4%BD%9C%E5%8D%80%E5%9F%9F-1-%E8%A4%87%E6%9C%AC-54-300x300.webp\" alt=\"\" width=\"194\" height=\"194\"><\/a><\/td>\n<td><a href=\"https:\/\/honwaygroup.com\/wp-content\/uploads\/2021\/01\/AR-108-%E5%96%AE%E5%8A%9F%E8%83%BD%E8%B6%85%E9%9F%B3%E6%B3%A2%E7%A0%94%E7%A3%A8%E6%A9%9F-2.webp\"><img loading=\"lazy\" decoding=\"async\" class=\"alignnone wp-image-28121 size-full\" src=\"https:\/\/honwaygroup.com\/wp-content\/uploads\/2021\/01\/AR-108-%E5%96%AE%E5%8A%9F%E8%83%BD%E8%B6%85%E9%9F%B3%E6%B3%A2%E7%A0%94%E7%A3%A8%E6%A9%9F-2.webp\" alt=\"\" width=\"194\" height=\"194\"><\/a><\/td>\n<td><a href=\"https:\/\/honwaygroup.com\/wp-content\/uploads\/2021\/01\/AR-108-%E5%96%AE%E5%8A%9F%E8%83%BD%E8%B6%85%E9%9F%B3%E6%B3%A2%E7%A0%94%E7%A3%A8%E6%A9%9F-3.webp\"><img loading=\"lazy\" decoding=\"async\" class=\"alignnone wp-image-28125\" src=\"https:\/\/honwaygroup.com\/wp-content\/uploads\/2021\/01\/AR-108-%E5%96%AE%E5%8A%9F%E8%83%BD%E8%B6%85%E9%9F%B3%E6%B3%A2%E7%A0%94%E7%A3%A8%E6%A9%9F-3-300x300.webp\" alt=\"\" width=\"194\" height=\"194\"><\/a><\/td>\n<\/tr>\n<tr>\n<td style=\"text-align: left\"><strong>Ho\u00e0n thi\u1ec7n khu\u00f4n<\/strong><\/td>\n<td style=\"text-align: left\"><strong>M\u00e0i<\/strong><\/td>\n<td style=\"text-align: left\"><strong>Vi gia c\u00f4ng khe v\u00e0 r\u00e3nh<\/strong><\/td>\n<td style=\"text-align: left\"><strong>S\u1eeda \u0111\u1ed5i m\u1ea1ch <a href=\"https:\/\/zh.wikipedia.org\/wiki\/%E5%8D%B0%E5%88%B6%E7%94%B5%E8%B7%AF%E6%9D%BF\" rel=\"nofollow noopener\" target=\"_blank\">PCB<\/a><\/strong><\/td>\n<\/tr>\n<\/tbody>\n<\/table>\n<h2><strong><br \/>\n<\/strong>Danh s\u00e1ch \u0111i\u1ec7n tho\u1ea1i di \u0111\u1ed9ng t\u01b0\u01a1ng th\u00edch v\u1edbi AR-600:<\/h2>\n<p><a href=\"https:\/\/honwaygroup.com\/wp-content\/uploads\/2021\/01\/AR-600-%E4%B8%89%E5%8A%9F%E8%83%BD%E8%B6%85%E9%9F%B3%E6%B3%A2%E7%A0%94%E7%A3%A8%E6%A9%9F.png\"><img loading=\"lazy\" decoding=\"async\" class=\"alignnone wp-image-32352 size-large\" src=\"https:\/\/honwaygroup.com\/wp-content\/uploads\/2021\/01\/AR-600-%E4%B8%89%E5%8A%9F%E8%83%BD%E8%B6%85%E9%9F%B3%E6%B3%A2%E7%A0%94%E7%A3%A8%E6%A9%9F-1024x239.png\" alt=\"\" width=\"1024\" height=\"239\"><\/a><\/p>\n<h2><strong><br \/>\n<\/strong>AR-600 N\u1ed9i dung th\u1ef1c t\u1ebf c\u1ee7a to\u00e0n b\u1ed9 b\u1ed9 (b\u1ed9 ti\u00eau chu\u1ea9n):<\/h2>\n<table class=\"specTable\" width=\"100%\">\n<tbody>\n<tr>\n<td>Tay c\u1ea7m si\u00eau \u00e2m<\/td>\n<td width=\"20%\"><a href=\"https:\/\/honwaygroup.com\/wp-content\/uploads\/2021\/01\/GS-H04-%E8%B6%85%E9%9F%B3%E6%B3%A2%E6%89%8B%E6%A9%9F_%E5%B7%A5%E4%BD%9C%E5%8D%80%E5%9F%9F-1-%E8%A4%87%E6%9C%AC-54_%E5%B7%A5%E4%BD%9C%E5%8D%80%E5%9F%9F-1-%E8%A4%87%E6%9C%AC-55.webp\"><img fetchpriority=\"high\" decoding=\"async\" class=\"alignnone wp-image-73747 size-full\" src=\"https:\/\/honwaygroup.com\/wp-content\/uploads\/2021\/01\/GS-H04-%E8%B6%85%E9%9F%B3%E6%B3%A2%E6%89%8B%E6%A9%9F_%E5%B7%A5%E4%BD%9C%E5%8D%80%E5%9F%9F-1-%E8%A4%87%E6%9C%AC-54_%E5%B7%A5%E4%BD%9C%E5%8D%80%E5%9F%9F-1-%E8%A4%87%E6%9C%AC-55.webp\" alt=\"\" width=\"983\" height=\"417\"><\/a><\/td>\n<td>( GS &#8211; H09 ) \u00d833 x 146 mm<\/td>\n<\/tr>\n<tr>\n<td>\u0110i\u1ec7n tho\u1ea1i quay s\u1ed1<\/td>\n<td width=\"20%\"><a href=\"https:\/\/honwaygroup.com\/wp-content\/uploads\/2021\/01\/AR-600-E%E9%9B%99%E5%8A%9F%E8%83%BD%E8%B6%85%E9%9F%B3%E6%B3%A2%E7%A0%94%E7%A3%A8%E6%A9%9F-4.webp\"><img loading=\"lazy\" decoding=\"async\" class=\"alignnone wp-image-28222 size-medium\" src=\"https:\/\/honwaygroup.com\/wp-content\/uploads\/2021\/01\/AR-600-E%E9%9B%99%E5%8A%9F%E8%83%BD%E8%B6%85%E9%9F%B3%E6%B3%A2%E7%A0%94%E7%A3%A8%E6%A9%9F-4-300x127.webp\" alt=\"\" width=\"300\" height=\"127\"><\/a><\/td>\n<td>( U-Lap35 ) \u00d8 29 x 152 mm<\/td>\n<\/tr>\n<tr>\n<td>d\u00e2y ngu\u1ed3n<\/td>\n<td width=\"20%\"><a href=\"https:\/\/honwaygroup.com\/wp-content\/uploads\/2021\/01\/AR-108-%E5%96%AE%E5%8A%9F%E8%83%BD%E8%B6%85%E9%9F%B3%E6%B3%A2%E7%A0%94%E7%A3%A8%E6%A9%9F-6.webp\"><img loading=\"lazy\" decoding=\"async\" class=\"alignnone wp-image-28137 size-full\" src=\"https:\/\/honwaygroup.com\/wp-content\/uploads\/2021\/01\/AR-108-%E5%96%AE%E5%8A%9F%E8%83%BD%E8%B6%85%E9%9F%B3%E6%B3%A2%E7%A0%94%E7%A3%A8%E6%A9%9F-6.webp\" alt=\"\" width=\"200\" height=\"85\"><\/a><\/td>\n<td>18AWGx3Cx180cm<\/td>\n<\/tr>\n<tr>\n<td>C\u00e1p \u0111i\u1ec7n tho\u1ea1i di \u0111\u1ed9ng<\/td>\n<td width=\"20%\"><a href=\"https:\/\/honwaygroup.com\/wp-content\/uploads\/2021\/01\/AR-108-%E5%96%AE%E5%8A%9F%E8%83%BD%E8%B6%85%E9%9F%B3%E6%B3%A2%E7%A0%94%E7%A3%A8%E6%A9%9F-7.webp\"><img loading=\"lazy\" decoding=\"async\" class=\"alignnone wp-image-28141 size-full\" src=\"https:\/\/honwaygroup.com\/wp-content\/uploads\/2021\/01\/AR-108-%E5%96%AE%E5%8A%9F%E8%83%BD%E8%B6%85%E9%9F%B3%E6%B3%A2%E7%A0%94%E7%A3%A8%E6%A9%9F-7.webp\" alt=\"\" width=\"200\" height=\"85\"><\/a><\/td>\n<td>3Cx150cm<\/td>\n<\/tr>\n<tr>\n<td>C\u1edd l\u00ea l\u1ee5c gi\u00e1c<\/td>\n<td width=\"20%\"><a href=\"https:\/\/honwaygroup.com\/wp-content\/uploads\/2021\/01\/AR-108-%E5%96%AE%E5%8A%9F%E8%83%BD%E8%B6%85%E9%9F%B3%E6%B3%A2%E7%A0%94%E7%A3%A8%E6%A9%9F-8.webp\"><img loading=\"lazy\" decoding=\"async\" class=\"alignnone wp-image-28145 size-full\" src=\"https:\/\/honwaygroup.com\/wp-content\/uploads\/2021\/01\/AR-108-%E5%96%AE%E5%8A%9F%E8%83%BD%E8%B6%85%E9%9F%B3%E6%B3%A2%E7%A0%94%E7%A3%A8%E6%A9%9F-8.webp\" alt=\"\" width=\"200\" height=\"85\"><\/a><\/td>\n<td>HEX (62mm)<\/td>\n<\/tr>\n<tr>\n<td>Gi\u00e1 \u0111\u1ee1 \u0111i\u1ec7n tho\u1ea1i di \u0111\u1ed9ng<\/td>\n<td width=\"20%\"><a href=\"https:\/\/honwaygroup.com\/wp-content\/uploads\/2021\/01\/AR-108-%E5%96%AE%E5%8A%9F%E8%83%BD%E8%B6%85%E9%9F%B3%E6%B3%A2%E7%A0%94%E7%A3%A8%E6%A9%9F-9.webp\"><img loading=\"lazy\" decoding=\"async\" class=\"alignnone wp-image-28149 size-full\" src=\"https:\/\/honwaygroup.com\/wp-content\/uploads\/2021\/01\/AR-108-%E5%96%AE%E5%8A%9F%E8%83%BD%E8%B6%85%E9%9F%B3%E6%B3%A2%E7%A0%94%E7%A3%A8%E6%A9%9F-9.webp\" alt=\"\" width=\"200\" height=\"85\"><\/a><\/td>\n<td>110x50x35 mm<\/td>\n<\/tr>\n<tr>\n<td>Gi\u00e1 th\u00e1o k\u1eb9p<\/td>\n<td width=\"20%\"><a href=\"https:\/\/honwaygroup.com\/wp-content\/uploads\/2021\/01\/AR-108-%E5%96%AE%E5%8A%9F%E8%83%BD%E8%B6%85%E9%9F%B3%E6%B3%A2%E7%A0%94%E7%A3%A8%E6%A9%9F-10.webp\"><img loading=\"lazy\" decoding=\"async\" class=\"alignnone wp-image-28153 size-full\" src=\"https:\/\/honwaygroup.com\/wp-content\/uploads\/2021\/01\/AR-108-%E5%96%AE%E5%8A%9F%E8%83%BD%E8%B6%85%E9%9F%B3%E6%B3%A2%E7%A0%94%E7%A3%A8%E6%A9%9F-10.webp\" alt=\"\" width=\"200\" height=\"85\"><\/a><\/td>\n<td>Th\u00e1o k\u1eb9p r\u00e3nh then 12mm<\/td>\n<\/tr>\n<tr>\n<td>c\u1edd l\u00ea<\/td>\n<td width=\"20%\"><a href=\"https:\/\/honwaygroup.com\/wp-content\/uploads\/2021\/01\/AR-108-%E5%96%AE%E5%8A%9F%E8%83%BD%E8%B6%85%E9%9F%B3%E6%B3%A2%E7%A0%94%E7%A3%A8%E6%A9%9F-11.webp\"><img loading=\"lazy\" decoding=\"async\" class=\"alignnone wp-image-28157 size-full\" src=\"https:\/\/honwaygroup.com\/wp-content\/uploads\/2021\/01\/AR-108-%E5%96%AE%E5%8A%9F%E8%83%BD%E8%B6%85%E9%9F%B3%E6%B3%A2%E7%A0%94%E7%A3%A8%E6%A9%9F-11.webp\" alt=\"\" width=\"200\" height=\"85\"><\/a><\/td>\n<td>140mm (10\/12)<\/td>\n<\/tr>\n<tr>\n<td>Collet (\u00d83.0mm)<\/td>\n<td width=\"20%\"><a href=\"https:\/\/honwaygroup.com\/wp-content\/uploads\/2021\/01\/AR-108-%E5%96%AE%E5%8A%9F%E8%83%BD%E8%B6%85%E9%9F%B3%E6%B3%A2%E7%A0%94%E7%A3%A8%E6%A9%9F-12.webp\"><img loading=\"lazy\" decoding=\"async\" class=\"alignnone wp-image-28161 size-full\" src=\"https:\/\/honwaygroup.com\/wp-content\/uploads\/2021\/01\/AR-108-%E5%96%AE%E5%8A%9F%E8%83%BD%E8%B6%85%E9%9F%B3%E6%B3%A2%E7%A0%94%E7%A3%A8%E6%A9%9F-12.webp\" alt=\"\" width=\"200\" height=\"85\"><\/a><\/td>\n<td>\u0110\u01b0\u1ee3c thi\u1ebft k\u1ebf cho c\u00e1c d\u1ee5ng c\u1ee5 c\u00f3 chu\u00f4i \u00d83mm<\/td>\n<\/tr>\n<tr>\n<td>Collet (\u00d83.0mm)<\/td>\n<td width=\"20%\"><a href=\"https:\/\/honwaygroup.com\/wp-content\/uploads\/2021\/01\/AR-600-E%E9%9B%99%E5%8A%9F%E8%83%BD%E8%B6%85%E9%9F%B3%E6%B3%A2%E7%A0%94%E7%A3%A8%E6%A9%9F-3.webp\"><img loading=\"lazy\" decoding=\"async\" class=\"alignnone wp-image-28226 size-full\" src=\"https:\/\/honwaygroup.com\/wp-content\/uploads\/2021\/01\/AR-600-E%E9%9B%99%E5%8A%9F%E8%83%BD%E8%B6%85%E9%9F%B3%E6%B3%A2%E7%A0%94%E7%A3%A8%E6%A9%9F-3.webp\" alt=\"\" width=\"200\" height=\"85\"><\/a><\/td>\n<td>\u0110\u01b0\u1ee3c thi\u1ebft k\u1ebf cho \u0111\u00e1 d\u1ea7u d\u00e0y 3mm<\/td>\n<\/tr>\n<tr>\n<td>Collet (1.0mm)<\/td>\n<td width=\"20%\"><a href=\"https:\/\/honwaygroup.com\/wp-content\/uploads\/2021\/01\/AR-108-%E5%96%AE%E5%8A%9F%E8%83%BD%E8%B6%85%E9%9F%B3%E6%B3%A2%E7%A0%94%E7%A3%A8%E6%A9%9F-13.webp\"><img loading=\"lazy\" decoding=\"async\" class=\"alignnone wp-image-28165 size-full\" src=\"https:\/\/honwaygroup.com\/wp-content\/uploads\/2021\/01\/AR-108-%E5%96%AE%E5%8A%9F%E8%83%BD%E8%B6%85%E9%9F%B3%E6%B3%A2%E7%A0%94%E7%A3%A8%E6%A9%9F-13.webp\" alt=\"\" width=\"200\" height=\"85\"><\/a><\/td>\n<td>\u0110\u01b0\u1ee3c thi\u1ebft k\u1ebf cho \u0111\u00e1 d\u1ea7u\/\u0111\u00e1 s\u1ee3i d\u00e0y 1mm<\/td>\n<\/tr>\n<tr>\n<td>C\u00f4ng t\u1eafc ch\u00e2n<\/td>\n<td width=\"20%\"><a href=\"https:\/\/honwaygroup.com\/wp-content\/uploads\/2021\/01\/AR-108-%E5%96%AE%E5%8A%9F%E8%83%BD%E8%B6%85%E9%9F%B3%E6%B3%A2%E7%A0%94%E7%A3%A8%E6%A9%9F-14.webp\"><img loading=\"lazy\" decoding=\"async\" class=\"alignnone wp-image-28169 size-full\" src=\"https:\/\/honwaygroup.com\/wp-content\/uploads\/2021\/01\/AR-108-%E5%96%AE%E5%8A%9F%E8%83%BD%E8%B6%85%E9%9F%B3%E6%B3%A2%E7%A0%94%E7%A3%A8%E6%A9%9F-14.webp\" alt=\"\" width=\"200\" height=\"85\"><\/a><\/td>\n<td>Chi\u1ec1u d\u00e0i d\u00e2y ngu\u1ed3n c\u00f4ng t\u1eafc chi\u1ec1u d\u00e0i 150mm<\/td>\n<\/tr>\n<\/tbody>\n<\/table>\n<p>C\u00f3 b\u1ea5t k\u1ef3 th\u1eafc m\u1eafc n\u00e0o kh\u00f4ng? <a href=\"https:\/\/honwaygroup.com\/vi\/lien-he-voi-honway\/\">Li\u00ean h\u1ec7 v\u1edbi HonWay<\/a><\/p>\n","protected":false},"excerpt":{"rendered":"<div id=\"desWrap\">\n<ul>\n<li>AR-600 s\u1eed d\u1ee5ng thi\u1ebft k\u1ebf vi x\u1eed l\u00fd hi\u1ec7u su\u1ea5t cao, gi\u00fap ho\u1ea1t \u0111\u1ed9ng \u1ed5n \u0111\u1ecbnh h\u01a1n v\u00e0 c\u1ea3i thi\u1ec7n hi\u1ec7u qu\u1ea3 \u0111\u00e1nh b\u00f3ng.<\/li>\n<li>K\u1ebft h\u1ee3p \u0111\u1ea7u ra si\u00eau \u00e2m, DC ch\u1ed5i than v\u00e0 DC kh\u00f4ng ch\u1ed5i than \u0111\u1ec3 \u0111\u00e1p \u1ee9ng nhu c\u1ea7u c\u1ee7a nhi\u1ec1u \u0111i\u1ec7n tho\u1ea1i di \u0111\u1ed9ng ch\u1ee9c n\u0103ng h\u01a1n<\/li>\n<li>C\u00f4ng su\u1ea5t \u0111\u1ea7u ra t\u1ed1i \u0111a c\u1ee7a DC kh\u00f4ng ch\u1ed5i than l\u00e0 100 watt v\u00e0 c\u00f4ng su\u1ea5t \u0111\u1ea7u ra c\u1ee7a ch\u1ed5i than l\u00e0 60 watt<\/li>\n<li>\u01afu \u0111i\u1ec3m c\u1ee7a \u0111i\u1ec7n tho\u1ea1i di \u0111\u1ed9ng kh\u00f4ng ch\u1ed5i than l\u00e0: t\u1ed1c \u0111\u1ed9 cao, m\u00f4-men xo\u1eafn cao, tu\u1ed5i th\u1ecd cao, ti\u1ebfng \u1ed3n th\u1ea5p, kh\u00f4ng c\u1ea7n thay ch\u1ed5i than v\u00e0 kh\u00f4ng t\u1ea1o ra b\u1ee5i do ch\u1ed5i than<\/li>\n<li>\u672c\u6a5f\u4e4b\u6a19\u6e96\u914d\u5099\u542b\u6709\u8d85\u97f3\u6ce2\u624b\u6a5f(GS-H09)\u53ca\u6709\u5237\u65cb\u8f49\u624b\u6a5f(U-Lap35)\u5404\u4e00\u652f<\/li>\n<\/ul>\n<h5><strong><span style=\"color: #ff0000;font-size: 19.2px\">\u25b2 N\u1ebfu c\u1ea7n mua ph\u1ee5 ki\u1ec7n, vui l\u00f2ng li\u00ean h\u1ec7 b\u1ed9 ph\u1eadn ch\u0103m s\u00f3c kh\u00e1ch h\u00e0ng.<\/span><\/strong><strong><span style=\"color: #ff0000;font-size: 19.2px\">Ng\u00e0y giao h\u00e0ng s\u1ebd \u0111\u01b0\u1ee3c th\u00f4ng b\u00e1o b\u1edfi b\u1ed9 ph\u1eadn ch\u0103m s\u00f3c kh\u00e1ch h\u00e0ng.<\/span><\/strong><\/h5>\n<h5><strong><span style=\"color: #ff0000;font-size: 19.2px\">\u25b2<\/span><\/strong><strong><span style=\"color: #ff0000;font-size: 19.2px\">\u0110\u1eb7t h\u00e0ng s\u1ed1 l\u01b0\u1ee3ng l\u1edbn c\u00f3 th\u1ec3 \u0111\u01b0\u1ee3c h\u01b0\u1edfng chi\u1ebft kh\u1ea5u \u01b0u \u0111\u00e3i, vui l\u00f2ng li\u00ean h\u1ec7 b\u1ed9 ph\u1eadn ch\u0103m s\u00f3c kh\u00e1ch h\u00e0ng \u0111\u1ec3 bi\u1ebft th\u00eam chi ti\u1ebft.<br \/>\n<\/span><\/strong><\/h5>\n<h5><strong><span style=\"color: #ff0000;font-size: 19.2px\">\u25b2<\/span> Th\u1eddi gian giao h\u00e0ng cho<span style=\"color: #ff0000\"> c\u00e1c \u0111\u01a1n \u0111\u1eb7t h\u00e0ng<\/span> <span style=\"color: #ff0000;font-size: 19.2px\">\u1edf \u0110\u00e0i Loan<\/span> <span style=\"color: #ff0000;font-size: 19.2px\">kho\u1ea3ng t\u1eeb 7-14 ng\u00e0y l\u00e0m vi\u1ec7c.<\/span><\/strong><\/h5>\n<h5><strong><span style=\"color: #ff0000;font-size: 19.2px\">\u25b2 <\/span><span style=\"color: #ff0000\">Th\u1eddi gian giao h\u00e0ng cho \u0111\u01a1n h\u00e0ng qu\u1ed1c t\u1ebf kho\u1ea3ng t\u1eeb 7-14 ng\u00e0y, th\u1eddi gian nh\u1eadn h\u00e0ng th\u1ef1c t\u1ebf ph\u1ee5 thu\u1ed9c v\u00e0o t\u00ecnh tr\u1ea1ng v\u1eadn chuy\u1ec3n c\u1ee7a c\u00f4ng ty chuy\u1ec3n ph\u00e1t nhanh.<\/span><\/strong><\/h5>\n<\/div>\n","protected":false},"featured_media":83749,"template":"","meta":{"site-sidebar-layout":"default","site-content-layout":"default","ast-site-content-layout":"default","site-content-style":"default","site-sidebar-style":"default","ast-global-header-display":"","ast-banner-title-visibility":"","ast-main-header-display":"","ast-hfb-above-header-display":"","ast-hfb-below-header-display":"","ast-hfb-mobile-header-display":"","site-post-title":"","ast-breadcrumbs-content":"","ast-featured-img":"","footer-sml-layout":"","ast-disable-related-posts":"","theme-transparent-header-meta":"default","adv-header-id-meta":"","stick-header-meta":"default","header-above-stick-meta":"","header-main-stick-meta":"","header-below-stick-meta":"","astra-migrate-meta-layouts":"default","ast-page-background-enabled":"default","ast-page-background-meta":{"desktop":{"background-color":"var(--ast-global-color-5)","background-image":"","background-repeat":"repeat","background-position":"center center","background-size":"auto","background-attachment":"scroll","background-type":"","background-media":"","overlay-type":"","overlay-color":"","overlay-opacity":"","overlay-gradient":""},"tablet":{"background-color":"","background-image":"","background-repeat":"repeat","background-position":"center center","background-size":"auto","background-attachment":"scroll","background-type":"","background-media":"","overlay-type":"","overlay-color":"","overlay-opacity":"","overlay-gradient":""},"mobile":{"background-color":"","background-image":"","background-repeat":"repeat","background-position":"center center","background-size":"auto","background-attachment":"scroll","background-type":"","background-media":"","overlay-type":"","overlay-color":"","overlay-opacity":"","overlay-gradient":""}},"ast-content-background-meta":{"desktop":{"background-color":"var(--ast-global-color-4)","background-image":"","background-repeat":"repeat","background-position":"center center","background-size":"auto","background-attachment":"scroll","background-type":"","background-media":"","overlay-type":"","overlay-color":"","overlay-opacity":"","overlay-gradient":""},"tablet":{"background-color":"var(--ast-global-color-4)","background-image":"","background-repeat":"repeat","background-position":"center center","background-size":"auto","background-attachment":"scroll","background-type":"","background-media":"","overlay-type":"","overlay-color":"","overlay-opacity":"","overlay-gradient":""},"mobile":{"background-color":"var(--ast-global-color-4)","background-image":"","background-repeat":"repeat","background-position":"center center","background-size":"auto","background-attachment":"scroll","background-type":"","background-media":"","overlay-type":"","overlay-color":"","overlay-opacity":"","overlay-gradient":""}}},"product_brand":[],"product_cat":[4709,4425,4424,4713,4426,4427],"product_tag":[4978],"class_list":{"0":"post-83748","1":"product","2":"type-product","3":"status-publish","4":"has-post-thumbnail","6":"product_cat-may-mai-sieu-am-dien-tu","7":"product_cat-cat","8":"product_cat-hinh-thuc-ung-dung","9":"product_cat-may-mai-sieu-am-va-dien","10":"product_cat-vat-lieu-danh-bong","11":"product_cat-xu-ly-bavia","12":"product_tag-may-mai-sieu-am","13":"desktop-align-left","14":"tablet-align-left","15":"mobile-align-left","16":"ast-product-gallery-layout-horizontal-slider","17":"ast-product-gallery-with-no-image","18":"ast-product-tabs-layout-horizontal","20":"first","21":"instock","22":"taxable","23":"shipping-taxable","24":"purchasable","25":"product-type-simple"},"_links":{"self":[{"href":"https:\/\/honwaygroup.com\/vi\/wp-json\/wp\/v2\/product\/83748","targetHints":{"allow":["GET"]}}],"collection":[{"href":"https:\/\/honwaygroup.com\/vi\/wp-json\/wp\/v2\/product"}],"about":[{"href":"https:\/\/honwaygroup.com\/vi\/wp-json\/wp\/v2\/types\/product"}],"version-history":[{"count":0,"href":"https:\/\/honwaygroup.com\/vi\/wp-json\/wp\/v2\/product\/83748\/revisions"}],"wp:featuredmedia":[{"embeddable":true,"href":"https:\/\/honwaygroup.com\/vi\/wp-json\/wp\/v2\/media\/83749"}],"wp:attachment":[{"href":"https:\/\/honwaygroup.com\/vi\/wp-json\/wp\/v2\/media?parent=83748"}],"wp:term":[{"taxonomy":"product_brand","embeddable":true,"href":"https:\/\/honwaygroup.com\/vi\/wp-json\/wp\/v2\/product_brand?post=83748"},{"taxonomy":"product_cat","embeddable":true,"href":"https:\/\/honwaygroup.com\/vi\/wp-json\/wp\/v2\/product_cat?post=83748"},{"taxonomy":"product_tag","embeddable":true,"href":"https:\/\/honwaygroup.com\/vi\/wp-json\/wp\/v2\/product_tag?post=83748"}],"curies":[{"name":"wp","href":"https:\/\/api.w.org\/{rel}","templated":true}]}}