{"id":83394,"date":"2021-01-18T17:48:20","date_gmt":"2021-01-18T09:48:20","guid":{"rendered":"https:\/\/honwaygroup.com\/product\/bo-dieu-khien-nguon-manh-me-ar-800p-voi-dau-ra-kep\/"},"modified":"2025-09-22T17:24:15","modified_gmt":"2025-09-22T09:24:15","slug":"bo-dieu-khien-nguon-manh-me-ar-800p-voi-dau-ra-kep","status":"publish","type":"product","link":"https:\/\/honwaygroup.com\/vi\/product\/bo-dieu-khien-nguon-manh-me-ar-800p-voi-dau-ra-kep\/","title":{"rendered":"B\u1ed9 \u0111i\u1ec1u khi\u1ec3n c\u00f4ng su\u1ea5t \u0111\u1ea7u ra ch\u1ee9c n\u0103ng k\u00e9p m\u1ea1nh m\u1ebd AR-800(P)"},"content":{"rendered":"<div id=\"dMainContent\" class=\"animated fadeIn\">\n<div id=\"productDetailWrap\">\n<div id=\"productContentWrap\" class=\"animated fadeIn\">\n<div id=\"mainArea\" class=\"productDetail\">\n<div class=\"wrap\">\n<div id=\"mainAreaLeft\">\n<div class=\"wrap\">\n<div class=\"resRow\">\n<div class=\"resCol12\">\n<div class=\"resMargin\">\n<h1>B\u1ed9 \u0111i\u1ec1u khi\u1ec3n c\u00f4ng su\u1ea5t \u0111\u1ea7u ra ch\u1ee9c n\u0103ng k\u00e9p m\u1ea1nh m\u1ebd AR-800(P)<\/h1>\n<h4><strong>\u00c1p d\u1ee5ng thi\u1ebft k\u1ebf vi x\u1eed l\u00fd hi\u1ec7u su\u1ea5t cao ti\u00ean ti\u1ebfn, k\u1ebft h\u1ee3p v\u1edbi \u0111\u1ed9ng c\u01a1 ch\u1ed5i than v\u00e0 kh\u00f4ng ch\u1ed5i than \u0111\u1ea7u ra k\u00e9p<\/strong><\/h4>\n<\/div>\n<\/div>\n<\/div>\n<h2>\u0110\u1eb7c tr\u01b0ng:<\/h2>\n<div class=\"resRow\">\n<div class=\"resCol12\">\n<div class=\"resMargin\">\n<ul>\n<li>M\u1eabu m\u00e1y ch\u1ee7 l\u1ef1c m\u1edbi \u0111\u01b0\u1ee3c thi\u1ebft k\u1ebf s\u1eed d\u1ee5ng b\u1ed9 vi x\u1eed l\u00fd hi\u1ec7u su\u1ea5t cao ti\u00ean ti\u1ebfn v\u00e0 k\u1ebft h\u1ee3p \u0111\u1ea7u ra k\u00e9p c\u1ee7a \u0111\u1ed9ng c\u01a1 ch\u1ed5i than v\u00e0 kh\u00f4ng ch\u1ed5i than.<\/li>\n<li>\u0110\u1ed9ng c\u01a1 ch\u1ed5i than c\u00f3 c\u00f4ng su\u1ea5t t\u1ed1i \u0111a l\u00e0 150 watt v\u00e0 \u0111\u1ed9ng c\u01a1 kh\u00f4ng ch\u1ed5i than c\u00f3 c\u00f4ng su\u1ea5t t\u1ed1i \u0111a l\u00e0 250 watt, gi\u00fap nhi\u1ec1u lo\u1ea1i \u0111i\u1ec7n tho\u1ea1i di \u0111\u1ed9ng c\u00f3 m\u00f4-men xo\u1eafn cao h\u01a1n v\u00e0 \u0111\u1ea1t hi\u1ec7u qu\u1ea3 m\u00e0i t\u1ed1t nh\u1ea5t.<\/li>\n<li>M\u00e0n h\u00ecnh hi\u1ec3n th\u1ecb t\u1ed1c \u0111\u1ed9 LED cho ph\u00e9p b\u1ea1n \u0111i\u1ec1u ch\u1ec9nh t\u1ed1c \u0111\u1ed9 cho ph\u00f9 h\u1ee3p v\u1edbi c\u00e1c d\u1ee5ng c\u1ee5 v\u00e0 \u0111\u01b0\u1eddng k\u00ednh ngo\u00e0i kh\u00e1c nhau khi s\u1eed d\u1ee5ng m\u00e1y m\u00e0i c\u1ea7m tay kh\u00f4ng ch\u1ed5i than, \u0111\u1ec3 c\u00f3 k\u1ebft qu\u1ea3 m\u00e0i hi\u1ec7u qu\u1ea3 v\u00e0 an to\u00e0n nh\u1ea5t.<\/li>\n<li>Khi s\u1eed d\u1ee5ng tay c\u1ea7m ch\u1ea3i, \u0111i\u1ec7n \u00e1p \u0111\u1ea7u ra hi\u1ec3n th\u1ecb k\u1ef9 thu\u1eadt s\u1ed1 LED c\u0169ng c\u00f3 th\u1ec3 \u0111\u01b0\u1ee3c chuy\u1ec3n \u0111\u1ed5i th\u00e0nh t\u1ed1c \u0111\u1ed9 quay c\u1ee7a tay c\u1ea7m, cho ph\u00e9p th\u1ef1c hi\u1ec7n thao t\u00e1c m\u00e0i hi\u1ec7u qu\u1ea3 v\u00e0 an to\u00e0n nh\u1ea5t.<\/li>\n<li>B\u1ed9 vi x\u1eed l\u00fd hi\u1ec7u su\u1ea5t cao ti\u00ean ti\u1ebfn c\u00f3 th\u1ec3 ph\u00e1t hi\u1ec7n tr\u1ea1ng th\u00e1i ho\u1ea1t \u0111\u1ed9ng c\u1ee7a \u0111i\u1ec7n tho\u1ea1i di \u0111\u1ed9ng b\u1ea5t c\u1ee9 l\u00fac n\u00e0o, ki\u1ec3m so\u00e1t ch\u00ednh x\u00e1c \u0111\u1ea7u ra c\u1ee7a nhi\u1ec1u lo\u1ea1i \u0111i\u1ec7n tho\u1ea1i di \u0111\u1ed9ng, b\u1ea3o v\u1ec7 m\u1ea1ch, b\u00f9 m\u00f4-men xo\u1eafn v\u00e0 \u1ed5n \u0111\u1ecbnh t\u1ed1c \u0111\u1ed9 \u0111\u1ec3 t\u1ed1i \u0111a h\u00f3a hi\u1ec7u su\u1ea5t ho\u1ea1t \u0111\u1ed9ng c\u1ee7a \u0111i\u1ec7n tho\u1ea1i di \u0111\u1ed9ng.<\/li>\n<\/ul>\n<h2>Thong s\u1ed1 k\u1ef9 thu\u1eadt s\u1ea3n ph\u1ea9m:<\/h2>\n<table class=\"specTable\" width=\"100%\">\n<tbody>\n<tr>\n<td>ngu\u1ed3n \u0111i\u1ec7n<\/td>\n<td>AC-90V ~ 250V, 50\/60 Hz<\/td>\n<\/tr>\n<tr>\n<td>C\u00f4ng su\u1ea5t \u0111\u1ea7u ra kh\u00f4ng ch\u1ed5i than<\/td>\n<td>250watt<\/td>\n<\/tr>\n<tr>\n<td>T\u1ed1c \u0111\u1ed9 kh\u00f4ng ch\u1ed5i than<\/td>\n<td>1,000~50,000 rpm<\/td>\n<\/tr>\n<tr>\n<td>C\u00f4ng su\u1ea5t \u0111\u1ea7u ra \u0111\u01b0\u1ee3c ch\u1ea3i<\/td>\n<td>150watt (VA)<\/td>\n<\/tr>\n<tr>\n<td>\u0110i\u1ec7n \u00e1p \u0111\u1ea7u ra \u0111\u01b0\u1ee3c ch\u1ea3i<\/td>\n<td>5~32V<\/td>\n<\/tr>\n<tr>\n<td>c\u1ea7u ch\u00ec<\/td>\n<td>3.15A<\/td>\n<\/tr>\n<tr>\n<td>k\u00edch c\u1ee1<\/td>\n<td>170x260x140mm (2.56kg)<\/td>\n<\/tr>\n<\/tbody>\n<\/table>\n<h2>\u1ee8ng d\u1ee5ng:<\/h2>\n<h4>V\u00ed d\u1ee5 \u1ee9ng d\u1ee5ng c\u01a1 b\u1ea3n<\/h4>\n<table class=\"specTable\" width=\"100%\">\n<tbody>\n<tr>\n<th>C\u1eaft t\u1ec9a c\u00e1c c\u1ea1nh th\u00f4<\/th>\n<th>Kh\u1eafc<\/th>\n<th>\u0110\u00e1nh b\u00f3ng<\/th>\n<\/tr>\n<tr>\n<td><a href=\"https:\/\/honwaygroup.com\/wp-content\/uploads\/2021\/01\/AR-800P-%E5%BC%B7%E5%8A%9B%E9%9B%99%E5%8A%9F%E8%83%BD%E8%BC%B8%E5%87%BA%E9%9B%BB%E6%BA%90%E6%8E%A7%E5%88%B6%E5%99%A8-1.webp\"><img fetchpriority=\"high\" decoding=\"async\" class=\"alignnone size-medium wp-image-28495\" src=\"https:\/\/honwaygroup.com\/wp-content\/uploads\/2021\/01\/AR-800P-%E5%BC%B7%E5%8A%9B%E9%9B%99%E5%8A%9F%E8%83%BD%E8%BC%B8%E5%87%BA%E9%9B%BB%E6%BA%90%E6%8E%A7%E5%88%B6%E5%99%A8-1-300x269.webp\" alt=\"\" width=\"300\" height=\"269\"><\/a><\/td>\n<td><a href=\"https:\/\/honwaygroup.com\/wp-content\/uploads\/2021\/01\/AR-800P-%E5%BC%B7%E5%8A%9B%E9%9B%99%E5%8A%9F%E8%83%BD%E8%BC%B8%E5%87%BA%E9%9B%BB%E6%BA%90%E6%8E%A7%E5%88%B6%E5%99%A8-2.webp\"><img decoding=\"async\" class=\"alignnone wp-image-28499 size-medium\" src=\"https:\/\/honwaygroup.com\/wp-content\/uploads\/2021\/01\/AR-800P-%E5%BC%B7%E5%8A%9B%E9%9B%99%E5%8A%9F%E8%83%BD%E8%BC%B8%E5%87%BA%E9%9B%BB%E6%BA%90%E6%8E%A7%E5%88%B6%E5%99%A8-2-300x269.webp\" alt=\"\" width=\"300\" height=\"269\"><\/a><\/td>\n<td><a href=\"https:\/\/honwaygroup.com\/wp-content\/uploads\/2021\/01\/AR-800P-%E5%BC%B7%E5%8A%9B%E9%9B%99%E5%8A%9F%E8%83%BD%E8%BC%B8%E5%87%BA%E9%9B%BB%E6%BA%90%E6%8E%A7%E5%88%B6%E5%99%A8-3.webp\"><img decoding=\"async\" class=\"alignnone wp-image-28503 size-medium\" src=\"https:\/\/honwaygroup.com\/wp-content\/uploads\/2021\/01\/AR-800P-%E5%BC%B7%E5%8A%9B%E9%9B%99%E5%8A%9F%E8%83%BD%E8%BC%B8%E5%87%BA%E9%9B%BB%E6%BA%90%E6%8E%A7%E5%88%B6%E5%99%A8-3-300x269.webp\" alt=\"\" width=\"300\" height=\"269\"><\/a><\/td>\n<\/tr>\n<\/tbody>\n<\/table>\n<h2 class=\"red\">\u0110i\u1ec7n tho\u1ea1i di \u0111\u1ed9ng t\u00f9y ch\u1ecdn AR-800(P):<\/h2>\n<ul class=\"main_ul\">\n<li><strong>T\u1ea5t c\u1ea3 \u0111i\u1ec7n tho\u1ea1i di \u0111\u1ed9ng \u0111\u1ec1u l\u00e0 m\u1eb7t h\u00e0ng t\u00f9y ch\u1ecdn, AR-800 (P) kh\u00f4ng \u0111\u01b0\u1ee3c bao g\u1ed3m, vui l\u00f2ng l\u01b0u \u00fd khi \u0111\u1eb7t h\u00e0ng<\/strong><\/li>\n<\/ul>\n<table class=\"specTable\" width=\"100%\">\n<tbody>\n<tr>\n<th class=\"white\" rowspan=\"2\" width=\"25%\"><a href=\"https:\/\/honwaygroup.com\/wp-content\/uploads\/2021\/01\/AR-800P-%E5%BC%B7%E5%8A%9B%E9%9B%99%E5%8A%9F%E8%83%BD%E8%BC%B8%E5%87%BA%E9%9B%BB%E6%BA%90%E6%8E%A7%E5%88%B6%E5%99%A8-4.webp\"><img loading=\"lazy\" decoding=\"async\" class=\"alignnone size-medium wp-image-28507\" src=\"https:\/\/honwaygroup.com\/wp-content\/uploads\/2021\/01\/AR-800P-%E5%BC%B7%E5%8A%9B%E9%9B%99%E5%8A%9F%E8%83%BD%E8%BC%B8%E5%87%BA%E9%9B%BB%E6%BA%90%E6%8E%A7%E5%88%B6%E5%99%A8-4-300x176.webp\" alt=\"\" width=\"300\" height=\"176\"><\/a><\/th>\n<th><strong>M\u1eabu xe<\/strong><\/th>\n<th><strong>Th\u00f4ng s\u1ed1 k\u1ef9 thu\u1eadt<\/strong><\/th>\n<\/tr>\n<tr>\n<td>U-Lap60<\/td>\n<td><strong>M\u00e1y m\u00e0i c\u1ea7m tay \u0111i\u1ec7n (DC kh\u00f4ng ch\u1ed5i than)<\/strong><br \/>\nT\u1ed1c \u0111\u1ed9: 50.000 v\u00f2ng\/ph\u00fat<br \/>\nM\u00f4-men xo\u1eafn: 7,8 Ncm<br \/>\nK\u00edch th\u01b0\u1edbc: \u00d829 x 161mm<br \/>\nTr\u1ecdng l\u01b0\u1ee3ng: 250g<\/td>\n<\/tr>\n<\/tbody>\n<\/table>\n<table class=\"specTable\" width=\"100%\">\n<tbody>\n<tr>\n<th class=\"white\" rowspan=\"2\" width=\"25%\"><a href=\"https:\/\/honwaygroup.com\/wp-content\/uploads\/2021\/01\/AR-800P-%E5%BC%B7%E5%8A%9B%E9%9B%99%E5%8A%9F%E8%83%BD%E8%BC%B8%E5%87%BA%E9%9B%BB%E6%BA%90%E6%8E%A7%E5%88%B6%E5%99%A8-5.webp\"><img loading=\"lazy\" decoding=\"async\" class=\"alignnone size-medium wp-image-28511\" src=\"https:\/\/honwaygroup.com\/wp-content\/uploads\/2021\/01\/AR-800P-%E5%BC%B7%E5%8A%9B%E9%9B%99%E5%8A%9F%E8%83%BD%E8%BC%B8%E5%87%BA%E9%9B%BB%E6%BA%90%E6%8E%A7%E5%88%B6%E5%99%A8-5-300x179.webp\" alt=\"\" width=\"300\" height=\"179\"><\/a><\/th>\n<th><strong>M\u1eabu xe<\/strong><\/th>\n<th><strong>Th\u00f4ng s\u1ed1 k\u1ef9 thu\u1eadt<\/strong><\/th>\n<\/tr>\n<tr>\n<td>U-Lap50<\/td>\n<td><strong>Tay c\u1ea7m xoay \u0111i\u1ec7n (DC Brushed)<\/strong><br \/>\nT\u1ed1c \u0111\u1ed9: 40.000 v\u00f2ng\/ph\u00fat<br \/>\nM\u00f4-men xo\u1eafn: 4,5 Ncm<br \/>\nK\u00edch th\u01b0\u1edbc: \u00d829 x 153mm<br \/>\nTr\u1ecdng l\u01b0\u1ee3ng: 260g<\/td>\n<\/tr>\n<\/tbody>\n<\/table>\n<table class=\"specTable\" width=\"100%\">\n<tbody>\n<tr>\n<th class=\"white\" rowspan=\"2\" width=\"25%\"><a href=\"https:\/\/honwaygroup.com\/wp-content\/uploads\/2021\/01\/AR-800P-%E5%BC%B7%E5%8A%9B%E9%9B%99%E5%8A%9F%E8%83%BD%E8%BC%B8%E5%87%BA%E9%9B%BB%E6%BA%90%E6%8E%A7%E5%88%B6%E5%99%A8-6.webp\"><img loading=\"lazy\" decoding=\"async\" class=\"alignnone size-medium wp-image-28515\" src=\"https:\/\/honwaygroup.com\/wp-content\/uploads\/2021\/01\/AR-800P-%E5%BC%B7%E5%8A%9B%E9%9B%99%E5%8A%9F%E8%83%BD%E8%BC%B8%E5%87%BA%E9%9B%BB%E6%BA%90%E6%8E%A7%E5%88%B6%E5%99%A8-6-300x175.webp\" alt=\"\" width=\"300\" height=\"175\"><\/a><\/th>\n<th><strong>M\u1eabu xe<\/strong><\/th>\n<th><strong>Th\u00f4ng s\u1ed1 k\u1ef9 thu\u1eadt<\/strong><\/th>\n<\/tr>\n<tr>\n<td>U-Lap35<\/td>\n<td><strong>Tay c\u1ea7m xoay \u0111i\u1ec7n (DC Brushed)<\/strong><br \/>\nT\u1ed1c \u0111\u1ed9: 35.000 v\u00f2ng\/ph\u00fat<br \/>\nM\u00f4-men xo\u1eafn: 2,9 Ncm<br \/>\nK\u00edch th\u01b0\u1edbc: \u00d829 x 152mm<br \/>\nTr\u1ecdng l\u01b0\u1ee3ng: 230g<\/td>\n<\/tr>\n<\/tbody>\n<\/table>\n<\/div>\n<\/div>\n<div class=\"clear\"><\/div>\n<\/div>\n<\/div>\n<\/div>\n<div id=\"mainAreaRight\" class=\"animated slideInRight\">\n<div class=\"wrap\">\n<div class=\"titleWrap\">\n<h2>S\u1ea3n ph\u1ea9m v\u00e0 ph\u1ee5 ki\u1ec7n li\u00ean quan:<\/h2>\n<p><strong>(S\u1ed1 l\u01b0\u1ee3ng: 06)<\/strong><\/p>\n<\/div>\n<div class=\"sliderWrap\">\n<div id=\"mySlider\">\n<div class=\"sliderContainer sliderVertical\">\n<ol>\n<li><a href=\"https:\/\/honwaygroup.com\/wp-content\/uploads\/2021\/01\/AR-800P-%E5%BC%B7%E5%8A%9B%E9%9B%99%E5%8A%9F%E8%83%BD%E8%BC%B8%E5%87%BA%E9%9B%BB%E6%BA%90%E6%8E%A7%E5%88%B6%E5%99%A8-7.webp\"><img loading=\"lazy\" decoding=\"async\" class=\"alignnone size-medium wp-image-28519\" src=\"https:\/\/honwaygroup.com\/wp-content\/uploads\/2021\/01\/AR-800P-%E5%BC%B7%E5%8A%9B%E9%9B%99%E5%8A%9F%E8%83%BD%E8%BC%B8%E5%87%BA%E9%9B%BB%E6%BA%90%E6%8E%A7%E5%88%B6%E5%99%A8-7-300x225.webp\" alt=\"\" width=\"300\" height=\"225\"><\/a><br \/>\n<strong>Que m\u00e0i kim c\u01b0\u01a1ng d\u00f2ng BM<\/strong><br \/>\n<strong><strong>(\u0110\u01b0\u1eddng k\u00ednh tay c\u1ea7m: \u00d83.0mm)<\/strong><\/strong><\/li>\n<li><a href=\"https:\/\/honwaygroup.com\/wp-content\/uploads\/2021\/01\/AR-800P-%E5%BC%B7%E5%8A%9B%E9%9B%99%E5%8A%9F%E8%83%BD%E8%BC%B8%E5%87%BA%E9%9B%BB%E6%BA%90%E6%8E%A7%E5%88%B6%E5%99%A8-8.webp\"><img loading=\"lazy\" decoding=\"async\" class=\"alignnone size-medium wp-image-28524\" src=\"https:\/\/honwaygroup.com\/wp-content\/uploads\/2021\/01\/AR-800P-%E5%BC%B7%E5%8A%9B%E9%9B%99%E5%8A%9F%E8%83%BD%E8%BC%B8%E5%87%BA%E9%9B%BB%E6%BA%90%E6%8E%A7%E5%88%B6%E5%99%A8-8-300x225.webp\" alt=\"\" width=\"300\" height=\"225\"><\/a><br \/>\n<strong><strong>\u0110\u00e1 m\u00e0i c\u00f3 tay c\u1ea7m<\/strong><\/strong><\/li>\n<li><a href=\"https:\/\/honwaygroup.com\/wp-content\/uploads\/2021\/01\/AR-800P-%E5%BC%B7%E5%8A%9B%E9%9B%99%E5%8A%9F%E8%83%BD%E8%BC%B8%E5%87%BA%E9%9B%BB%E6%BA%90%E6%8E%A7%E5%88%B6%E5%99%A8-9.webp\"><img loading=\"lazy\" decoding=\"async\" class=\"alignnone size-medium wp-image-28528\" src=\"https:\/\/honwaygroup.com\/wp-content\/uploads\/2021\/01\/AR-800P-%E5%BC%B7%E5%8A%9B%E9%9B%99%E5%8A%9F%E8%83%BD%E8%BC%B8%E5%87%BA%E9%9B%BB%E6%BA%90%E6%8E%A7%E5%88%B6%E5%99%A8-9-300x225.webp\" alt=\"\" width=\"300\" height=\"225\"><\/a><br \/>\n<strong><strong>\u0110\u00e1 m\u00e0i c\u00f3 tay c\u1ea7m linh ho\u1ea1t<\/strong><\/strong><\/li>\n<li><a href=\"https:\/\/honwaygroup.com\/wp-content\/uploads\/2021\/01\/AR-800P-%E5%BC%B7%E5%8A%9B%E9%9B%99%E5%8A%9F%E8%83%BD%E8%BC%B8%E5%87%BA%E9%9B%BB%E6%BA%90%E6%8E%A7%E5%88%B6%E5%99%A8-4.webp\"><img loading=\"lazy\" decoding=\"async\" class=\"alignnone size-medium wp-image-28507\" src=\"https:\/\/honwaygroup.com\/wp-content\/uploads\/2021\/01\/AR-800P-%E5%BC%B7%E5%8A%9B%E9%9B%99%E5%8A%9F%E8%83%BD%E8%BC%B8%E5%87%BA%E9%9B%BB%E6%BA%90%E6%8E%A7%E5%88%B6%E5%99%A8-4-300x176.webp\" alt=\"\" width=\"300\" height=\"176\"><\/a><br \/>\n<strong><strong>Tay c\u1ea7m quay kh\u00f4ng ch\u1ed5i than U-LAP 60 \/ M\u00f4-men xo\u1eafn cao T\u1ed1c \u0111\u1ed9 cao<\/strong><\/strong><\/li>\n<li><a href=\"https:\/\/honwaygroup.com\/wp-content\/uploads\/2021\/01\/AR-800P-%E5%BC%B7%E5%8A%9B%E9%9B%99%E5%8A%9F%E8%83%BD%E8%BC%B8%E5%87%BA%E9%9B%BB%E6%BA%90%E6%8E%A7%E5%88%B6%E5%99%A8-5.webp\"><img loading=\"lazy\" decoding=\"async\" class=\"alignnone size-medium wp-image-28511\" src=\"https:\/\/honwaygroup.com\/wp-content\/uploads\/2021\/01\/AR-800P-%E5%BC%B7%E5%8A%9B%E9%9B%99%E5%8A%9F%E8%83%BD%E8%BC%B8%E5%87%BA%E9%9B%BB%E6%BA%90%E6%8E%A7%E5%88%B6%E5%99%A8-5-300x179.webp\" alt=\"\" width=\"300\" height=\"179\"><\/a><br \/>\n<strong><strong>Tay c\u1ea7m kh\u00f4ng ch\u1ed5i than U-LAP 50 \/ Lo\u1ea1i t\u1ed1c \u0111\u1ed9 cao<\/strong><\/strong><\/li>\n<li><a href=\"https:\/\/honwaygroup.com\/wp-content\/uploads\/2021\/01\/AR-800P-%E5%BC%B7%E5%8A%9B%E9%9B%99%E5%8A%9F%E8%83%BD%E8%BC%B8%E5%87%BA%E9%9B%BB%E6%BA%90%E6%8E%A7%E5%88%B6%E5%99%A8-6.webp\"><img loading=\"lazy\" decoding=\"async\" class=\"alignnone size-medium wp-image-28515\" src=\"https:\/\/honwaygroup.com\/wp-content\/uploads\/2021\/01\/AR-800P-%E5%BC%B7%E5%8A%9B%E9%9B%99%E5%8A%9F%E8%83%BD%E8%BC%B8%E5%87%BA%E9%9B%BB%E6%BA%90%E6%8E%A7%E5%88%B6%E5%99%A8-6-300x175.webp\" alt=\"\" width=\"300\" height=\"175\"><\/a><br \/>\n<strong><strong>\u0110i\u1ec7n tho\u1ea1i di \u0111\u1ed9ng kh\u00f4ng ch\u1ed5i than U-LAP 35 \/ Ti\u1ebft ki\u1ec7m<\/strong><\/strong><\/li>\n<\/ol>\n<div class=\"sliderContainerPrevBtn\">C\u00f3 b\u1ea5t k\u1ef3 th\u1eafc m\u1eafc n\u00e0o kh\u00f4ng? <a href=\"https:\/\/honwaygroup.com\/vi\/lien-he-voi-honway\/\">Li\u00ean h\u1ec7 v\u1edbi HonWay<\/a><\/div>\n<div class=\"sliderContainerNextBtn\"><\/div>\n<\/div>\n<\/div>\n<\/div>\n<\/div>\n<\/div>\n<\/div>\n<\/div>\n<\/div>\n<\/div>\n<\/div>\n","protected":false},"excerpt":{"rendered":"<div id=\"desWrap\">\n<ul>\n<li>M\u1eabu m\u00e1y ch\u1ee7 l\u1ef1c m\u1edbi \u0111\u01b0\u1ee3c thi\u1ebft k\u1ebf s\u1eed d\u1ee5ng b\u1ed9 vi x\u1eed l\u00fd hi\u1ec7u su\u1ea5t cao ti\u00ean ti\u1ebfn v\u00e0 k\u1ebft h\u1ee3p \u0111\u1ea7u ra k\u00e9p c\u1ee7a \u0111\u1ed9ng c\u01a1 ch\u1ed5i than v\u00e0 kh\u00f4ng ch\u1ed5i than.<\/li>\n<li>\u0110\u1ed9ng c\u01a1 ch\u1ed5i than c\u00f3 c\u00f4ng su\u1ea5t t\u1ed1i \u0111a l\u00e0 150 watt v\u00e0 \u0111\u1ed9ng c\u01a1 kh\u00f4ng ch\u1ed5i than c\u00f3 c\u00f4ng su\u1ea5t t\u1ed1i \u0111a l\u00e0 250 watt, gi\u00fap nhi\u1ec1u lo\u1ea1i \u0111i\u1ec7n tho\u1ea1i di \u0111\u1ed9ng c\u00f3 m\u00f4-men xo\u1eafn cao h\u01a1n v\u00e0 \u0111\u1ea1t hi\u1ec7u qu\u1ea3 m\u00e0i t\u1ed1t nh\u1ea5t.<\/li>\n<li>M\u00e0n h\u00ecnh hi\u1ec3n th\u1ecb t\u1ed1c \u0111\u1ed9 LED cho ph\u00e9p b\u1ea1n \u0111i\u1ec1u ch\u1ec9nh t\u1ed1c \u0111\u1ed9 cho ph\u00f9 h\u1ee3p v\u1edbi c\u00e1c d\u1ee5ng c\u1ee5 v\u00e0 \u0111\u01b0\u1eddng k\u00ednh ngo\u00e0i kh\u00e1c nhau khi s\u1eed d\u1ee5ng m\u00e1y m\u00e0i c\u1ea7m tay kh\u00f4ng ch\u1ed5i than, \u0111\u1ec3 c\u00f3 k\u1ebft qu\u1ea3 m\u00e0i hi\u1ec7u qu\u1ea3 v\u00e0 an to\u00e0n nh\u1ea5t.<\/li>\n<li>Khi s\u1eed d\u1ee5ng tay c\u1ea7m ch\u1ea3i, \u0111i\u1ec7n \u00e1p \u0111\u1ea7u ra hi\u1ec3n th\u1ecb k\u1ef9 thu\u1eadt s\u1ed1 LED c\u0169ng c\u00f3 th\u1ec3 \u0111\u01b0\u1ee3c chuy\u1ec3n \u0111\u1ed5i th\u00e0nh t\u1ed1c \u0111\u1ed9 quay c\u1ee7a tay c\u1ea7m, cho ph\u00e9p th\u1ef1c hi\u1ec7n thao t\u00e1c m\u00e0i hi\u1ec7u qu\u1ea3 v\u00e0 an to\u00e0n nh\u1ea5t.<\/li>\n<li>B\u1ed9 vi x\u1eed l\u00fd hi\u1ec7u su\u1ea5t cao ti\u00ean ti\u1ebfn c\u00f3 th\u1ec3 ph\u00e1t hi\u1ec7n tr\u1ea1ng th\u00e1i ho\u1ea1t \u0111\u1ed9ng c\u1ee7a \u0111i\u1ec7n tho\u1ea1i di \u0111\u1ed9ng b\u1ea5t c\u1ee9 l\u00fac n\u00e0o, ki\u1ec3m so\u00e1t ch\u00ednh x\u00e1c \u0111\u1ea7u ra c\u1ee7a nhi\u1ec1u lo\u1ea1i \u0111i\u1ec7n tho\u1ea1i di \u0111\u1ed9ng, b\u1ea3o v\u1ec7 m\u1ea1ch, b\u00f9 m\u00f4-men xo\u1eafn v\u00e0 \u1ed5n \u0111\u1ecbnh t\u1ed1c \u0111\u1ed9 \u0111\u1ec3 t\u1ed1i \u0111a h\u00f3a hi\u1ec7u su\u1ea5t ho\u1ea1t \u0111\u1ed9ng c\u1ee7a \u0111i\u1ec7n tho\u1ea1i di \u0111\u1ed9ng.<\/li>\n<\/ul>\n<h5><strong><span style=\"color: #ff0000;font-size: 19.2px\">\u25b2 Vui l\u00f2ng nh\u1eafn tin ri\u00eang cho b\u1ed9 ph\u1eadn ch\u0103m s\u00f3c kh\u00e1ch h\u00e0ng \u0111\u1ec3 h\u1ecfi gi\u00e1: <a href=\"https:\/\/honwaygroup.com\/vi\/lien-he-voi-honway\/\" target=\"_blank\" rel=\"noopener\">Li\u00ean h\u1ec7 HonWay.<\/a><\/span><\/strong><\/h5>\n<h5><strong><span style=\"color: #ff0000;font-size: 19.2px\">\u25b2 N\u1ebfu c\u1ea7n mua ph\u1ee5 ki\u1ec7n, vui l\u00f2ng li\u00ean h\u1ec7 b\u1ed9 ph\u1eadn ch\u0103m s\u00f3c kh\u00e1ch h\u00e0ng.<\/span><\/strong><strong><span style=\"color: #ff0000;font-size: 19.2px\">Ng\u00e0y giao h\u00e0ng s\u1ebd \u0111\u01b0\u1ee3c th\u00f4ng b\u00e1o b\u1edfi b\u1ed9 ph\u1eadn ch\u0103m s\u00f3c kh\u00e1ch h\u00e0ng.<\/span><\/strong><\/h5>\n<h5><strong><span style=\"color: #ff0000;font-size: 19.2px\">\u25b2<\/span><\/strong><strong><span style=\"color: #ff0000;font-size: 19.2px\">\u0110\u1eb7t h\u00e0ng s\u1ed1 l\u01b0\u1ee3ng l\u1edbn c\u00f3 th\u1ec3 \u0111\u01b0\u1ee3c h\u01b0\u1edfng chi\u1ebft kh\u1ea5u \u01b0u \u0111\u00e3i, vui l\u00f2ng li\u00ean h\u1ec7 b\u1ed9 ph\u1eadn ch\u0103m s\u00f3c kh\u00e1ch h\u00e0ng \u0111\u1ec3 bi\u1ebft th\u00eam chi ti\u1ebft.<br \/>\n<\/span><\/strong><\/h5>\n<h5><strong><span style=\"color: #ff0000;font-size: 19.2px\">\u25b2<\/span> Th\u1eddi gian giao h\u00e0ng cho<span style=\"color: #ff0000\"> c\u00e1c \u0111\u01a1n \u0111\u1eb7t h\u00e0ng<\/span> <span style=\"color: #ff0000;font-size: 19.2px\">\u1edf \u0110\u00e0i Loan<\/span> <span style=\"color: #ff0000;font-size: 19.2px\">kho\u1ea3ng t\u1eeb 7-14 ng\u00e0y l\u00e0m vi\u1ec7c.<\/span><\/strong><\/h5>\n<h5><strong><span style=\"color: #ff0000;font-size: 19.2px\">\u25b2 <\/span><span style=\"color: #ff0000\">Th\u1eddi gian giao h\u00e0ng cho \u0111\u01a1n h\u00e0ng qu\u1ed1c t\u1ebf kho\u1ea3ng t\u1eeb 7-14 ng\u00e0y, th\u1eddi gian nh\u1eadn h\u00e0ng th\u1ef1c t\u1ebf ph\u1ee5 thu\u1ed9c v\u00e0o t\u00ecnh tr\u1ea1ng v\u1eadn chuy\u1ec3n c\u1ee7a c\u00f4ng ty chuy\u1ec3n ph\u00e1t nhanh.<\/span><\/strong><\/h5>\n<\/div>\n","protected":false},"featured_media":83395,"template":"","meta":{"site-sidebar-layout":"default","site-content-layout":"default","ast-site-content-layout":"default","site-content-style":"default","site-sidebar-style":"default","ast-global-header-display":"","ast-banner-title-visibility":"","ast-main-header-display":"","ast-hfb-above-header-display":"","ast-hfb-below-header-display":"","ast-hfb-mobile-header-display":"","site-post-title":"","ast-breadcrumbs-content":"","ast-featured-img":"","footer-sml-layout":"","ast-disable-related-posts":"","theme-transparent-header-meta":"default","adv-header-id-meta":"","stick-header-meta":"default","header-above-stick-meta":"","header-main-stick-meta":"","header-below-stick-meta":"","astra-migrate-meta-layouts":"default","ast-page-background-enabled":"default","ast-page-background-meta":{"desktop":{"background-color":"var(--ast-global-color-5)","background-image":"","background-repeat":"repeat","background-position":"center center","background-size":"auto","background-attachment":"scroll","background-type":"","background-media":"","overlay-type":"","overlay-color":"","overlay-opacity":"","overlay-gradient":""},"tablet":{"background-color":"","background-image":"","background-repeat":"repeat","background-position":"center center","background-size":"auto","background-attachment":"scroll","background-type":"","background-media":"","overlay-type":"","overlay-color":"","overlay-opacity":"","overlay-gradient":""},"mobile":{"background-color":"","background-image":"","background-repeat":"repeat","background-position":"center center","background-size":"auto","background-attachment":"scroll","background-type":"","background-media":"","overlay-type":"","overlay-color":"","overlay-opacity":"","overlay-gradient":""}},"ast-content-background-meta":{"desktop":{"background-color":"var(--ast-global-color-4)","background-image":"","background-repeat":"repeat","background-position":"center center","background-size":"auto","background-attachment":"scroll","background-type":"","background-media":"","overlay-type":"","overlay-color":"","overlay-opacity":"","overlay-gradient":""},"tablet":{"background-color":"var(--ast-global-color-4)","background-image":"","background-repeat":"repeat","background-position":"center center","background-size":"auto","background-attachment":"scroll","background-type":"","background-media":"","overlay-type":"","overlay-color":"","overlay-opacity":"","overlay-gradient":""},"mobile":{"background-color":"var(--ast-global-color-4)","background-image":"","background-repeat":"repeat","background-position":"center center","background-size":"auto","background-attachment":"scroll","background-type":"","background-media":"","overlay-type":"","overlay-color":"","overlay-opacity":"","overlay-gradient":""}}},"product_brand":[],"product_cat":[4423,4713],"product_tag":[5101],"class_list":{"0":"post-83394","1":"product","2":"type-product","3":"status-publish","4":"has-post-thumbnail","6":"product_cat-bo-dieu-khien-nguon-vi","7":"product_cat-may-mai-sieu-am-va-dien","8":"product_tag-bo-dieu-khien-nguon-dien","9":"desktop-align-left","10":"tablet-align-left","11":"mobile-align-left","12":"ast-product-gallery-layout-horizontal-slider","13":"ast-product-gallery-with-no-image","14":"ast-product-tabs-layout-horizontal","16":"first","17":"instock","18":"taxable","19":"shipping-taxable","20":"product-type-simple"},"_links":{"self":[{"href":"https:\/\/honwaygroup.com\/vi\/wp-json\/wp\/v2\/product\/83394","targetHints":{"allow":["GET"]}}],"collection":[{"href":"https:\/\/honwaygroup.com\/vi\/wp-json\/wp\/v2\/product"}],"about":[{"href":"https:\/\/honwaygroup.com\/vi\/wp-json\/wp\/v2\/types\/product"}],"version-history":[{"count":0,"href":"https:\/\/honwaygroup.com\/vi\/wp-json\/wp\/v2\/product\/83394\/revisions"}],"wp:featuredmedia":[{"embeddable":true,"href":"https:\/\/honwaygroup.com\/vi\/wp-json\/wp\/v2\/media\/83395"}],"wp:attachment":[{"href":"https:\/\/honwaygroup.com\/vi\/wp-json\/wp\/v2\/media?parent=83394"}],"wp:term":[{"taxonomy":"product_brand","embeddable":true,"href":"https:\/\/honwaygroup.com\/vi\/wp-json\/wp\/v2\/product_brand?post=83394"},{"taxonomy":"product_cat","embeddable":true,"href":"https:\/\/honwaygroup.com\/vi\/wp-json\/wp\/v2\/product_cat?post=83394"},{"taxonomy":"product_tag","embeddable":true,"href":"https:\/\/honwaygroup.com\/vi\/wp-json\/wp\/v2\/product_tag?post=83394"}],"curies":[{"name":"wp","href":"https:\/\/api.w.org\/{rel}","templated":true}]}}