{"id":83392,"date":"2021-01-18T17:57:04","date_gmt":"2021-01-18T09:57:04","guid":{"rendered":"https:\/\/honwaygroup.com\/product\/bo-dieu-khien-da-nang-co-choi-than-ap-200\/"},"modified":"2025-09-22T17:09:51","modified_gmt":"2025-09-22T09:09:51","slug":"bo-dieu-khien-da-nang-co-choi-than-ap-200","status":"publish","type":"product","link":"https:\/\/honwaygroup.com\/vi\/product\/bo-dieu-khien-da-nang-co-choi-than-ap-200\/","title":{"rendered":"B\u1ed9 \u0111i\u1ec1u khi\u1ec3n ngu\u1ed3n \u0111a ch\u1ee9c n\u0103ng AP-200"},"content":{"rendered":"<h1><strong>B\u1ed9 \u0111i\u1ec1u khi\u1ec3n ngu\u1ed3n \u0111a ch\u1ee9c n\u0103ng AP-200<\/strong><\/h1>\n<h2>\u0110\u1eb7c tr\u01b0ng:<\/h2>\n<ul>\n<li><strong>AP-200 l\u00e0 b\u1ed9 \u0111i\u1ec1u khi\u1ec3n ngu\u1ed3n \u0111\u01b0\u1ee3c thi\u1ebft k\u1ebf ti\u00ean ti\u1ebfn<\/strong><\/li>\n<li><strong>B\u1ed9 ngu\u1ed3n n\u00e0y cung c\u1ea5p ba ch\u1ee9c n\u0103ng \u0111\u1ea7u ra:<\/strong> ch\u1ee9c n\u0103ng b\u00ecnh th\u01b0\u1eddng, ch\u1ee9c n\u0103ng kh\u1edfi \u0111\u1ed9ng ch\u1eadm v\u00e0 ch\u1ee9c n\u0103ng b\u00f9 m\u00f4-men xo\u1eafn t\u1ef1 \u0111\u1ed9ng.<\/li>\n<\/ul>\n<h2>\u1ee8ng d\u1ee5ng:<\/h2>\n<h4>V\u00ed d\u1ee5 \u1ee9ng d\u1ee5ng c\u01a1 b\u1ea3n<\/h4>\n<table class=\"specTable\" width=\"100%\">\n<tbody>\n<tr>\n<th>C\u1eaft t\u1ec9a c\u00e1c c\u1ea1nh th\u00f4<\/th>\n<th>Kh\u1eafc<\/th>\n<th>\u0110\u00e1nh b\u00f3ng<\/th>\n<\/tr>\n<tr>\n<td><a href=\"https:\/\/honwaygroup.com\/wp-content\/uploads\/2021\/01\/AR-800P-%E5%BC%B7%E5%8A%9B%E9%9B%99%E5%8A%9F%E8%83%BD%E8%BC%B8%E5%87%BA%E9%9B%BB%E6%BA%90%E6%8E%A7%E5%88%B6%E5%99%A8-1.webp\"><img fetchpriority=\"high\" decoding=\"async\" class=\"alignnone size-medium wp-image-28495\" src=\"https:\/\/honwaygroup.com\/wp-content\/uploads\/2021\/01\/AR-800P-%E5%BC%B7%E5%8A%9B%E9%9B%99%E5%8A%9F%E8%83%BD%E8%BC%B8%E5%87%BA%E9%9B%BB%E6%BA%90%E6%8E%A7%E5%88%B6%E5%99%A8-1-300x269.webp\" alt=\"\" width=\"300\" height=\"269\"><\/a><\/td>\n<td><a href=\"https:\/\/honwaygroup.com\/wp-content\/uploads\/2021\/01\/AR-800P-%E5%BC%B7%E5%8A%9B%E9%9B%99%E5%8A%9F%E8%83%BD%E8%BC%B8%E5%87%BA%E9%9B%BB%E6%BA%90%E6%8E%A7%E5%88%B6%E5%99%A8-2.webp\"><img decoding=\"async\" class=\"alignnone wp-image-28499 size-medium\" src=\"https:\/\/honwaygroup.com\/wp-content\/uploads\/2021\/01\/AR-800P-%E5%BC%B7%E5%8A%9B%E9%9B%99%E5%8A%9F%E8%83%BD%E8%BC%B8%E5%87%BA%E9%9B%BB%E6%BA%90%E6%8E%A7%E5%88%B6%E5%99%A8-2-300x269.webp\" alt=\"\" width=\"300\" height=\"269\"><\/a><\/td>\n<td><a href=\"https:\/\/honwaygroup.com\/wp-content\/uploads\/2021\/01\/AR-800P-%E5%BC%B7%E5%8A%9B%E9%9B%99%E5%8A%9F%E8%83%BD%E8%BC%B8%E5%87%BA%E9%9B%BB%E6%BA%90%E6%8E%A7%E5%88%B6%E5%99%A8-3.webp\"><img decoding=\"async\" class=\"alignnone wp-image-28503 size-medium\" src=\"https:\/\/honwaygroup.com\/wp-content\/uploads\/2021\/01\/AR-800P-%E5%BC%B7%E5%8A%9B%E9%9B%99%E5%8A%9F%E8%83%BD%E8%BC%B8%E5%87%BA%E9%9B%BB%E6%BA%90%E6%8E%A7%E5%88%B6%E5%99%A8-3-300x269.webp\" alt=\"\" width=\"300\" height=\"269\"><\/a><\/td>\n<\/tr>\n<\/tbody>\n<\/table>\n<h2>Thong s\u1ed1 k\u1ef9 thu\u1eadt s\u1ea3n ph\u1ea9m:<\/h2>\n<table width=\"100%\">\n<tbody>\n<tr>\n<td><strong>ngu\u1ed3n \u0111i\u1ec7n<\/strong><\/td>\n<td><strong>AC-90V ~ 250V, 50\/60 Hz<\/strong><\/td>\n<\/tr>\n<tr>\n<td><strong>C\u00f4ng su\u1ea5t \u0111\u1ea7u ra \u0111\u01b0\u1ee3c ch\u1ea3i<\/strong><\/td>\n<td><strong>70watt<\/strong><\/td>\n<\/tr>\n<tr>\n<td><strong>\u0110i\u1ec7n \u00e1p \u0111\u1ea7u ra \u0111\u01b0\u1ee3c ch\u1ea3i<\/strong><\/td>\n<td><strong>5~32V<\/strong><\/td>\n<\/tr>\n<tr>\n<td><strong>B\u1ea3o v\u1ec7 qu\u00e1 t\u1ea3i t\u1ed1i \u0111a<\/strong><\/td>\n<td><strong>3A<\/strong><\/td>\n<\/tr>\n<tr>\n<td><strong>c\u1ea7u ch\u00ec<\/strong><\/td>\n<td><strong>2A<\/strong><\/td>\n<\/tr>\n<tr>\n<td><strong>k\u00edch c\u1ee1<\/strong><\/td>\n<td><strong>192x156x98mm (800g)<\/strong><\/td>\n<\/tr>\n<\/tbody>\n<\/table>\n<p><a href=\"https:\/\/honwaygroup.com\/wp-content\/uploads\/2021\/01\/ap-200.jpg\"><img loading=\"lazy\" decoding=\"async\" src=\"https:\/\/honwaygroup.com\/wp-content\/uploads\/2021\/01\/ap-200.jpg\" alt=\"B\u1ed9 \u0111i\u1ec1u khi\u1ec3n ngu\u1ed3n, AP-200\" width=\"420\" height=\"300\"><\/a><\/p>\n<h2>Gi\u1edbi thi\u1ec7u ch\u1ee9c n\u0103ng:<\/h2>\n<ul>\n<li><strong>\u0110\u1ea7u ra ch\u1ee9c n\u0103ng b\u00ecnh th\u01b0\u1eddng (N):<\/strong> \u0110\u01b0\u1ee3c s\u1eed d\u1ee5ng trong qu\u00e1 tr\u00ecnh ho\u1ea1t \u0111\u1ed9ng b\u00ecnh th\u01b0\u1eddng, h\u1ec7 th\u1ed1ng s\u1ebd \u0111\u01b0a ra \u0111\u1ea7u ra theo c\u00e1c ch\u1ee9c n\u0103ng b\u00ecnh th\u01b0\u1eddng.<\/li>\n<li><strong>Kh\u1edfi \u0111\u1ed9ng ch\u1eadm (S):<\/strong> Khi ch\u1ee9c n\u0103ng n\u00e0y \u0111\u01b0\u1ee3c b\u1eadt, h\u1ec7 th\u1ed1ng s\u1ebd duy tr\u00ec t\u1ed1c \u0111\u1ed9 th\u1ea5p nh\u1ea5t ngay c\u1ea3 khi c\u00f4ng su\u1ea5t \u0111\u1ea7u ra \u0111\u01b0\u1ee3c \u0111\u1eb7t \u1edf m\u1ee9c cao nh\u1ea5t. Tuy nhi\u00ean, khi ti\u1ebfp x\u00fac v\u1edbi ph\u00f4i v\u00e0 b\u1eaft \u0111\u1ea7u m\u00e0i, h\u1ec7 th\u1ed1ng s\u1ebd t\u1ef1 \u0111\u1ed9ng t\u0103ng t\u1ed1c \u0111\u1ed9 l\u00ean m\u1ee9c cao nh\u1ea5t. Ch\u1ee9c n\u0103ng n\u00e0y ch\u1ee7 y\u1ebfu \u0111\u01b0\u1ee3c s\u1eed d\u1ee5ng \u0111\u1ec3 ng\u0103n ng\u1eeba m\u00e0i ng\u1eabu nhi\u00ean c\u00e1c khu v\u1ef1c kh\u00f4ng mong mu\u1ed1n ho\u1eb7c kh\u00f3 ti\u1ebfp c\u1eadn trong qu\u00e1 tr\u00ecnh v\u1eadn h\u00e0nh t\u1ed1c \u0111\u1ed9 cao, cho ph\u00e9p ki\u1ec3m so\u00e1t ch\u00ednh x\u00e1c v\u1ecb tr\u00ed gia c\u00f4ng mong mu\u1ed1n. N\u00f3 c\u0169ng gi\u1ea3m rung \u0111\u1ed9ng trong qu\u00e1 tr\u00ecnh m\u00e0i tr\u00ean b\u1ec1 m\u1eb7t ph\u00f4i kh\u00f4ng b\u1eb1ng ph\u1eb3ng.<\/li>\n<li><strong>B\u00f9 m\u00f4-men xo\u1eafn t\u1ef1 \u0111\u1ed9ng (IR): <\/strong>Khi s\u1eed d\u1ee5ng \u0111\u00e1 m\u00e0i \u0111\u01b0\u1eddng k\u00ednh l\u1edbn h\u01a1n (ch\u1eb3ng h\u1ea1n nh\u01b0 \u0111\u00e1 m\u00e0i \u00d820mm) ho\u1eb7c c\u00e1c d\u1ee5ng c\u1ee5 kh\u00f4ng th\u1ec3 s\u1eed d\u1ee5ng \u1edf t\u1ed1c \u0111\u1ed9 cao (ch\u1eb3ng h\u1ea1n nh\u01b0 \u0111\u00e1 m\u00e0i ch\u1ed5i than), \u00e1p su\u1ea5t m\u00e0i c\u00f3 th\u1ec3 khi\u1ebfn t\u1ed1c \u0111\u1ed9 gi\u1ea3m ho\u1eb7c m\u00f4-men xo\u1eafn gi\u1ea3m \u1edf t\u1ed1c \u0111\u1ed9 th\u1ea5p h\u01a1n. Vi\u1ec7c chuy\u1ec3n sang ch\u1ee9c n\u0103ng n\u00e0y s\u1ebd t\u1ef1 \u0111\u1ed9ng b\u00f9 m\u00f4-men xo\u1eafn \u0111\u1ec3 \u1ed5n \u0111\u1ecbnh t\u1ed1c \u0111\u1ed9. \u0110\u1ed1i v\u1edbi c\u00e1c d\u1ee5ng c\u1ee5 m\u00e0i th\u00f4ng th\u01b0\u1eddng, khuy\u1ebfn ngh\u1ecb s\u1eed d\u1ee5ng ch\u1ee9c n\u0103ng \u0111\u1ea7u ra b\u00ecnh th\u01b0\u1eddng.<\/li>\n<\/ul>\n<h3><\/h3>\n<h2>\u0110i\u1ec7n tho\u1ea1i di \u0111\u1ed9ng t\u00f9y ch\u1ecdn AP-200:<\/h2>\n<ul>\n<li>T\u1ea5t c\u1ea3 \u0111i\u1ec7n tho\u1ea1i di \u0111\u1ed9ng \u0111\u1ec1u l\u00e0 m\u1eb7t h\u00e0ng t\u00f9y ch\u1ecdn, <strong>kh\u00f4ng bao g\u1ed3m trong<\/strong> AP-200, vui l\u00f2ng l\u01b0u \u00fd khi \u0111\u1eb7t h\u00e0ng<\/li>\n<\/ul>\n<table width=\"100%\">\n<tbody>\n<tr>\n<th rowspan=\"2\" width=\"25%\"><a href=\"https:\/\/honwaygroup.com\/wp-content\/uploads\/2021\/01\/u-lap50-1.avif\"><img loading=\"lazy\" decoding=\"async\" src=\"https:\/\/honwaygroup.com\/wp-content\/uploads\/2021\/01\/u-lap50-1.avif\" alt=\"\u0110i\u1ec7n tho\u1ea1i quay s\u1ed1 \u0111i\u1ec7n t\u1eed\" width=\"420\" height=\"300\"><\/a><\/th>\n<th>M\u1eabu xe<\/th>\n<th>Th\u00f4ng s\u1ed1 k\u1ef9 thu\u1eadt<\/th>\n<\/tr>\n<tr>\n<td>U-Lap50<\/td>\n<td><strong>Tay c\u1ea7m xoay \u0111i\u1ec7n (DC Brushed)<\/strong><br \/>\nT\u1ed1c \u0111\u1ed9: 40.000 v\u00f2ng\/ph\u00fat<br \/>\nM\u00f4-men xo\u1eafn: 4,5 Ncm<br \/>\nK\u00edch th\u01b0\u1edbc: \u00d829 x 153mm<br \/>\nTr\u1ecdng l\u01b0\u1ee3ng: 260g<\/td>\n<\/tr>\n<\/tbody>\n<\/table>\n<table class=\"specTable\" width=\"100%\">\n<tbody>\n<tr>\n<th class=\"white\" rowspan=\"2\" width=\"25%\"><a href=\"https:\/\/honwaygroup.com\/wp-content\/uploads\/2021\/01\/AR-800P-%E5%BC%B7%E5%8A%9B%E9%9B%99%E5%8A%9F%E8%83%BD%E8%BC%B8%E5%87%BA%E9%9B%BB%E6%BA%90%E6%8E%A7%E5%88%B6%E5%99%A8-6.webp\"><img loading=\"lazy\" decoding=\"async\" class=\"alignnone size-medium wp-image-28515\" src=\"https:\/\/honwaygroup.com\/wp-content\/uploads\/2021\/01\/AR-800P-%E5%BC%B7%E5%8A%9B%E9%9B%99%E5%8A%9F%E8%83%BD%E8%BC%B8%E5%87%BA%E9%9B%BB%E6%BA%90%E6%8E%A7%E5%88%B6%E5%99%A8-6-300x175.webp\" alt=\"\" width=\"300\" height=\"175\"><\/a><\/th>\n<th><strong>M\u1eabu xe<\/strong><\/th>\n<th><strong>Th\u00f4ng s\u1ed1 k\u1ef9 thu\u1eadt<\/strong><\/th>\n<\/tr>\n<tr>\n<td>U-Lap35<\/td>\n<td><strong>Tay c\u1ea7m xoay \u0111i\u1ec7n (DC Brushed)<\/strong><br \/>\nT\u1ed1c \u0111\u1ed9: 35.000 v\u00f2ng\/ph\u00fat<br \/>\nM\u00f4-men xo\u1eafn: 2,9 Ncm<br \/>\nK\u00edch th\u01b0\u1edbc: \u00d829 x 152mm<br \/>\nTr\u1ecdng l\u01b0\u1ee3ng: 230g<\/td>\n<\/tr>\n<\/tbody>\n<\/table>\n<p><span style=\"font-size: 16px\">C\u00f3 b\u1ea5t k\u1ef3 th\u1eafc m\u1eafc n\u00e0o kh\u00f4ng? <\/span><a style=\"font-size: 16px;background-color: #ffffff\" href=\"https:\/\/honwaygroup.com\/vi\/lien-he-voi-honway\/\">Li\u00ean h\u1ec7 v\u1edbi HonWay<\/a><\/p>\n","protected":false},"excerpt":{"rendered":"<div id=\"desWrap\">\n<ul>\n<li>AP-200 l\u00e0 b\u1ed9 \u0111i\u1ec1u khi\u1ec3n ngu\u1ed3n ti\u00ean ti\u1ebfn. B\u1ed9 ngu\u1ed3n n\u00e0y cung c\u1ea5p ba ch\u1ee9c n\u0103ng \u0111\u1ea7u ra: ch\u1ee9c n\u0103ng b\u00ecnh th\u01b0\u1eddng, ch\u1ee9c n\u0103ng kh\u1edfi \u0111\u1ed9ng ch\u1eadm v\u00e0 ch\u1ee9c n\u0103ng b\u00f9 m\u00f4-men xo\u1eafn t\u1ef1 \u0111\u1ed9ng.<\/li>\n<li>Thi\u1ebft b\u1ecb b\u1ea3o v\u1ec7 qu\u00e1 t\u1ea3i: Khi \u0111i\u1ec7n tho\u1ea1i di \u0111\u1ed9ng b\u1ecb qu\u00e1 t\u1ea3i, h\u1ec7 th\u1ed1ng s\u1ebd t\u1ef1 \u0111\u1ed9ng ng\u1eaft ngu\u1ed3n \u0111i\u1ec7n \u0111\u1ec3 b\u1ea3o v\u1ec7 m\u00e1y v\u00e0 \u0111i\u1ec7n tho\u1ea1i di \u0111\u1ed9ng kh\u1ecfi b\u1ecb h\u01b0 h\u1ecfng<\/li>\n<li>B\u1ea1n c\u00f3 th\u1ec3 ch\u1ecdn lo\u1ea1i c\u00f4ng t\u1eafc chung ho\u1eb7c c\u00f4ng t\u1eafc ch\u00e2n c\u00f3 th\u1ec3 \u0111i\u1ec1u ch\u1ec9nh t\u1ed1c \u0111\u1ed9<\/li>\n<\/ul>\n<h5><strong><span style=\"color: #ff0000;font-size: 19.2px\">\u25b2 Vui l\u00f2ng nh\u1eafn tin ri\u00eang cho b\u1ed9 ph\u1eadn ch\u0103m s\u00f3c kh\u00e1ch h\u00e0ng \u0111\u1ec3 h\u1ecfi gi\u00e1: <a href=\"https:\/\/honwaygroup.com\/vi\/lien-he-voi-honway\/\" target=\"_blank\" rel=\"noopener\">Li\u00ean h\u1ec7 HonWay.<\/a><\/span><\/strong><\/h5>\n<h5><strong><span style=\"color: #ff0000;font-size: 19.2px\">\u25b2 N\u1ebfu c\u1ea7n mua ph\u1ee5 ki\u1ec7n, vui l\u00f2ng li\u00ean h\u1ec7 b\u1ed9 ph\u1eadn ch\u0103m s\u00f3c kh\u00e1ch h\u00e0ng.<\/span><\/strong><strong><span style=\"color: #ff0000;font-size: 19.2px\">Ng\u00e0y giao h\u00e0ng s\u1ebd \u0111\u01b0\u1ee3c th\u00f4ng b\u00e1o b\u1edfi b\u1ed9 ph\u1eadn ch\u0103m s\u00f3c kh\u00e1ch h\u00e0ng.<\/span><\/strong><\/h5>\n<h5><strong><span style=\"color: #ff0000;font-size: 19.2px\">\u25b2<\/span><\/strong><strong><span style=\"color: #ff0000;font-size: 19.2px\">\u0110\u1eb7t h\u00e0ng s\u1ed1 l\u01b0\u1ee3ng l\u1edbn c\u00f3 th\u1ec3 \u0111\u01b0\u1ee3c h\u01b0\u1edfng chi\u1ebft kh\u1ea5u \u01b0u \u0111\u00e3i, vui l\u00f2ng li\u00ean h\u1ec7 b\u1ed9 ph\u1eadn ch\u0103m s\u00f3c kh\u00e1ch h\u00e0ng \u0111\u1ec3 bi\u1ebft th\u00eam chi ti\u1ebft.<br \/>\n<\/span><\/strong><\/h5>\n<h5><strong><span style=\"color: #ff0000;font-size: 19.2px\">\u25b2<\/span> Th\u1eddi gian giao h\u00e0ng cho<span style=\"color: #ff0000\"> c\u00e1c \u0111\u01a1n \u0111\u1eb7t h\u00e0ng<\/span> <span style=\"color: #ff0000;font-size: 19.2px\">\u1edf \u0110\u00e0i Loan<\/span> <span style=\"color: #ff0000;font-size: 19.2px\">kho\u1ea3ng t\u1eeb 7-14 ng\u00e0y l\u00e0m vi\u1ec7c.<\/span><\/strong><\/h5>\n<h5><strong><span style=\"color: #ff0000;font-size: 19.2px\">\u25b2 <\/span><span style=\"color: #ff0000\">Th\u1eddi gian giao h\u00e0ng cho \u0111\u01a1n h\u00e0ng qu\u1ed1c t\u1ebf kho\u1ea3ng t\u1eeb 7-14 ng\u00e0y, th\u1eddi gian nh\u1eadn h\u00e0ng th\u1ef1c t\u1ebf ph\u1ee5 thu\u1ed9c v\u00e0o t\u00ecnh tr\u1ea1ng v\u1eadn chuy\u1ec3n c\u1ee7a c\u00f4ng ty chuy\u1ec3n ph\u00e1t nhanh.<\/span><\/strong><\/h5>\n<p>&nbsp;<\/p>\n<\/div>\n","protected":false},"featured_media":83393,"template":"","meta":{"site-sidebar-layout":"default","site-content-layout":"default","ast-site-content-layout":"default","site-content-style":"default","site-sidebar-style":"default","ast-global-header-display":"","ast-banner-title-visibility":"","ast-main-header-display":"","ast-hfb-above-header-display":"","ast-hfb-below-header-display":"","ast-hfb-mobile-header-display":"","site-post-title":"","ast-breadcrumbs-content":"","ast-featured-img":"","footer-sml-layout":"","ast-disable-related-posts":"","theme-transparent-header-meta":"default","adv-header-id-meta":"","stick-header-meta":"default","header-above-stick-meta":"","header-main-stick-meta":"","header-below-stick-meta":"","astra-migrate-meta-layouts":"default","ast-page-background-enabled":"default","ast-page-background-meta":{"desktop":{"background-color":"var(--ast-global-color-5)","background-image":"","background-repeat":"repeat","background-position":"center center","background-size":"auto","background-attachment":"scroll","background-type":"","background-media":"","overlay-type":"","overlay-color":"","overlay-opacity":"","overlay-gradient":""},"tablet":{"background-color":"","background-image":"","background-repeat":"repeat","background-position":"center center","background-size":"auto","background-attachment":"scroll","background-type":"","background-media":"","overlay-type":"","overlay-color":"","overlay-opacity":"","overlay-gradient":""},"mobile":{"background-color":"","background-image":"","background-repeat":"repeat","background-position":"center center","background-size":"auto","background-attachment":"scroll","background-type":"","background-media":"","overlay-type":"","overlay-color":"","overlay-opacity":"","overlay-gradient":""}},"ast-content-background-meta":{"desktop":{"background-color":"var(--ast-global-color-4)","background-image":"","background-repeat":"repeat","background-position":"center center","background-size":"auto","background-attachment":"scroll","background-type":"","background-media":"","overlay-type":"","overlay-color":"","overlay-opacity":"","overlay-gradient":""},"tablet":{"background-color":"var(--ast-global-color-4)","background-image":"","background-repeat":"repeat","background-position":"center center","background-size":"auto","background-attachment":"scroll","background-type":"","background-media":"","overlay-type":"","overlay-color":"","overlay-opacity":"","overlay-gradient":""},"mobile":{"background-color":"var(--ast-global-color-4)","background-image":"","background-repeat":"repeat","background-position":"center center","background-size":"auto","background-attachment":"scroll","background-type":"","background-media":"","overlay-type":"","overlay-color":"","overlay-opacity":"","overlay-gradient":""}}},"product_brand":[],"product_cat":[4423,4713],"product_tag":[5101],"class_list":{"0":"post-83392","1":"product","2":"type-product","3":"status-publish","4":"has-post-thumbnail","6":"product_cat-bo-dieu-khien-nguon-vi","7":"product_cat-may-mai-sieu-am-va-dien","8":"product_tag-bo-dieu-khien-nguon-dien","9":"desktop-align-left","10":"tablet-align-left","11":"mobile-align-left","12":"ast-product-gallery-layout-horizontal-slider","13":"ast-product-gallery-with-no-image","14":"ast-product-tabs-layout-horizontal","16":"first","17":"instock","18":"taxable","19":"shipping-taxable","20":"product-type-simple"},"_links":{"self":[{"href":"https:\/\/honwaygroup.com\/vi\/wp-json\/wp\/v2\/product\/83392","targetHints":{"allow":["GET"]}}],"collection":[{"href":"https:\/\/honwaygroup.com\/vi\/wp-json\/wp\/v2\/product"}],"about":[{"href":"https:\/\/honwaygroup.com\/vi\/wp-json\/wp\/v2\/types\/product"}],"version-history":[{"count":0,"href":"https:\/\/honwaygroup.com\/vi\/wp-json\/wp\/v2\/product\/83392\/revisions"}],"wp:featuredmedia":[{"embeddable":true,"href":"https:\/\/honwaygroup.com\/vi\/wp-json\/wp\/v2\/media\/83393"}],"wp:attachment":[{"href":"https:\/\/honwaygroup.com\/vi\/wp-json\/wp\/v2\/media?parent=83392"}],"wp:term":[{"taxonomy":"product_brand","embeddable":true,"href":"https:\/\/honwaygroup.com\/vi\/wp-json\/wp\/v2\/product_brand?post=83392"},{"taxonomy":"product_cat","embeddable":true,"href":"https:\/\/honwaygroup.com\/vi\/wp-json\/wp\/v2\/product_cat?post=83392"},{"taxonomy":"product_tag","embeddable":true,"href":"https:\/\/honwaygroup.com\/vi\/wp-json\/wp\/v2\/product_tag?post=83392"}],"curies":[{"name":"wp","href":"https:\/\/api.w.org\/{rel}","templated":true}]}}