{"id":83388,"date":"2021-01-18T18:07:28","date_gmt":"2021-01-18T10:07:28","guid":{"rendered":"https:\/\/honwaygroup.com\/product\/u-lap-35-tay-cam-choi-loai-toc-do-cao\/"},"modified":"2025-09-22T16:58:27","modified_gmt":"2025-09-22T08:58:27","slug":"u-lap-35-tay-cam-choi-loai-toc-do-cao","status":"publish","type":"product","link":"https:\/\/honwaygroup.com\/vi\/product\/u-lap-35-tay-cam-choi-loai-toc-do-cao\/","title":{"rendered":"Tay c\u1ea7m quay ch\u1ea3i U-LAP 50 \/ T\u1ed1c \u0111\u1ed9 cao"},"content":{"rendered":"<h1>Tay c\u1ea7m quay ch\u1ea3i U-LAP 50 \/ T\u1ed1c \u0111\u1ed9 cao<\/h1>\n<p>Collet c\u00f3 th\u1ec3 thay \u0111\u1ed5i: Collet ti\u00eau chu\u1ea9n \u00d83mm, collet t\u00f9y ch\u1ecdn \u00d82,34mm ho\u1eb7c \u00d83,175mm<\/p>\n<h2>Thong s\u1ed1 k\u1ef9 thu\u1eadt s\u1ea3n ph\u1ea9m:<\/h2>\n<table class=\"specTable\" width=\"100%\">\n<tbody>\n<tr>\n<th width=\"50%\">s\u1ed1 seri<\/th>\n<th>U-Lap 50<\/th>\n<\/tr>\n<tr>\n<td>T\u1ed1c \u0111\u1ed9<\/td>\n<td>40,000 rpm<\/td>\n<\/tr>\n<tr>\n<td>M\u00f4-men xo\u1eafn<\/td>\n<td>4.5 Ncm<\/td>\n<\/tr>\n<tr>\n<td>c\u00e2n n\u1eb7ng<\/td>\n<td>260g<\/td>\n<\/tr>\n<tr>\n<td>k\u00edch c\u1ee1<\/td>\n<td>\u00d829x153mm<\/td>\n<\/tr>\n<\/tbody>\n<\/table>\n<h2><strong>Ngu\u1ed3n cung c\u1ea5p \u0111i\u1ec7n t\u01b0\u01a1ng \u1ee9ng<\/strong><\/h2>\n<div class=\"resCol4 center\">\n<p><strong><span style=\"font-size: 16px\"><br \/>\nAP-200<\/span><\/strong><\/p>\n<p><a href=\"https:\/\/honwaygroup.com\/wp-content\/uploads\/2022\/11\/AR-200.webp\"><img fetchpriority=\"high\" decoding=\"async\" class=\"alignnone size-medium wp-image-28582\" src=\"https:\/\/honwaygroup.com\/wp-content\/uploads\/2022\/11\/AR-200-300x300.webp\" alt=\"\" width=\"300\" height=\"300\" srcset=\"https:\/\/honwaygroup.com\/wp-content\/uploads\/2022\/11\/AR-200-300x300.webp 300w, https:\/\/honwaygroup.com\/wp-content\/uploads\/2022\/11\/AR-200-150x150.webp 150w, https:\/\/honwaygroup.com\/wp-content\/uploads\/2022\/11\/AR-200-100x100.webp 100w, https:\/\/honwaygroup.com\/wp-content\/uploads\/2022\/11\/AR-200.webp 417w\" sizes=\"(max-width: 300px) 100vw, 300px\" \/><\/a><\/p>\n<p><strong><span style=\"font-size: 16px\">AR-600<\/span><\/strong><\/p>\n<p><a href=\"https:\/\/honwaygroup.com\/wp-content\/uploads\/2022\/11\/AR-600-1.webp\"><img decoding=\"async\" class=\"alignnone size-medium wp-image-28578\" src=\"https:\/\/honwaygroup.com\/wp-content\/uploads\/2022\/11\/AR-600-1-300x300.webp\" alt=\"\" width=\"300\" height=\"300\" srcset=\"https:\/\/honwaygroup.com\/wp-content\/uploads\/2022\/11\/AR-600-1-300x300.webp 300w, https:\/\/honwaygroup.com\/wp-content\/uploads\/2022\/11\/AR-600-1-150x150.webp 150w, https:\/\/honwaygroup.com\/wp-content\/uploads\/2022\/11\/AR-600-1-100x100.webp 100w, https:\/\/honwaygroup.com\/wp-content\/uploads\/2022\/11\/AR-600-1.webp 417w\" sizes=\"(max-width: 300px) 100vw, 300px\" \/><\/a><\/p>\n<p><strong><span style=\"font-size: 16px\">AR-600(E)<\/span><\/strong><\/p>\n<p><a href=\"https:\/\/honwaygroup.com\/wp-content\/uploads\/2022\/11\/AR-600E.webp\"><img decoding=\"async\" class=\"alignnone size-medium wp-image-28563\" src=\"https:\/\/honwaygroup.com\/wp-content\/uploads\/2022\/11\/AR-600E-300x300.webp\" alt=\"\" width=\"300\" height=\"300\" srcset=\"https:\/\/honwaygroup.com\/wp-content\/uploads\/2022\/11\/AR-600E-300x300.webp 300w, https:\/\/honwaygroup.com\/wp-content\/uploads\/2022\/11\/AR-600E-150x150.webp 150w, https:\/\/honwaygroup.com\/wp-content\/uploads\/2022\/11\/AR-600E-100x100.webp 100w, https:\/\/honwaygroup.com\/wp-content\/uploads\/2022\/11\/AR-600E.webp 417w\" sizes=\"(max-width: 300px) 100vw, 300px\" \/><\/a><\/p>\n<p><strong><span style=\"font-size: 16px\">AR-800<\/span><\/strong><\/p>\n<p><a href=\"https:\/\/honwaygroup.com\/wp-content\/uploads\/2022\/11\/AR-800.webp\"><img loading=\"lazy\" decoding=\"async\" class=\"alignnone size-medium wp-image-28571\" src=\"https:\/\/honwaygroup.com\/wp-content\/uploads\/2022\/11\/AR-800-300x300.webp\" alt=\"\" width=\"300\" height=\"300\" srcset=\"https:\/\/honwaygroup.com\/wp-content\/uploads\/2022\/11\/AR-800-300x300.webp 300w, https:\/\/honwaygroup.com\/wp-content\/uploads\/2022\/11\/AR-800-150x150.webp 150w, https:\/\/honwaygroup.com\/wp-content\/uploads\/2022\/11\/AR-800-100x100.webp 100w, https:\/\/honwaygroup.com\/wp-content\/uploads\/2022\/11\/AR-800.webp 417w\" sizes=\"(max-width: 300px) 100vw, 300px\" \/><\/a><\/p>\n<p><strong><span style=\"font-size: 16px\">HANDY-700<\/span><\/strong><\/p>\n<p><a href=\"https:\/\/honwaygroup.com\/wp-content\/uploads\/2022\/11\/HANDY-700.webp\"><img loading=\"lazy\" decoding=\"async\" class=\"alignnone size-medium wp-image-28586\" src=\"https:\/\/honwaygroup.com\/wp-content\/uploads\/2022\/11\/HANDY-700-300x300.webp\" alt=\"\" width=\"300\" height=\"300\" srcset=\"https:\/\/honwaygroup.com\/wp-content\/uploads\/2022\/11\/HANDY-700-300x300.webp 300w, https:\/\/honwaygroup.com\/wp-content\/uploads\/2022\/11\/HANDY-700-150x150.webp 150w, https:\/\/honwaygroup.com\/wp-content\/uploads\/2022\/11\/HANDY-700-100x100.webp 100w, https:\/\/honwaygroup.com\/wp-content\/uploads\/2022\/11\/HANDY-700.webp 417w\" sizes=\"(max-width: 300px) 100vw, 300px\" \/><\/a><\/p>\n<\/div>\n<h4><strong>N\u1ed9i dung<\/strong><\/h4>\n<p><a href=\"https:\/\/honwaygroup.com\/wp-content\/uploads\/2021\/01\/1-1.avif\"><img loading=\"lazy\" decoding=\"async\" class=\"alignnone wp-image-7478 size-full\" src=\"https:\/\/honwaygroup.com\/wp-content\/uploads\/2021\/01\/1-1.avif\" alt=\"u-lap 50\" width=\"400\" height=\"88\" srcset=\"https:\/\/honwaygroup.com\/wp-content\/uploads\/2021\/01\/1-1.avif 400w, https:\/\/honwaygroup.com\/wp-content\/uploads\/2021\/01\/1-1-300x66.avif 300w\" sizes=\"(max-width: 400px) 100vw, 400px\" \/><\/a><\/p>\n<p>C\u00f3 b\u1ea5t k\u1ef3 th\u1eafc m\u1eafc n\u00e0o kh\u00f4ng? <a href=\"https:\/\/honwaygroup.com\/vi\/lien-he-voi-honway\/\">Li\u00ean h\u1ec7 v\u1edbi HonWay<\/a><\/p>\n","protected":false},"excerpt":{"rendered":"<p>Collet c\u00f3 th\u1ec3 thay \u0111\u1ed5i: Collet ti\u00eau chu\u1ea9n \u00d83mm, collet t\u00f9y ch\u1ecdn \u00d82,34mm ho\u1eb7c \u00d83,175mm<\/p>\n<h5><strong><span style=\"color: #ff0000;font-size: 19.2px\">\u25b2 N\u1ebfu c\u1ea7n mua ph\u1ee5 ki\u1ec7n, vui l\u00f2ng li\u00ean h\u1ec7 b\u1ed9 ph\u1eadn ch\u0103m s\u00f3c kh\u00e1ch h\u00e0ng.<\/span><\/strong><strong><span style=\"color: #ff0000;font-size: 19.2px\">Ng\u00e0y giao h\u00e0ng s\u1ebd \u0111\u01b0\u1ee3c th\u00f4ng b\u00e1o b\u1edfi b\u1ed9 ph\u1eadn ch\u0103m s\u00f3c kh\u00e1ch h\u00e0ng.<\/span><\/strong><\/h5>\n<h5><strong><span style=\"color: #ff0000;font-size: 19.2px\">\u25b2<\/span><\/strong><strong><span style=\"color: #ff0000;font-size: 19.2px\">\u0110\u1eb7t h\u00e0ng s\u1ed1 l\u01b0\u1ee3ng l\u1edbn c\u00f3 th\u1ec3 \u0111\u01b0\u1ee3c h\u01b0\u1edfng chi\u1ebft kh\u1ea5u \u01b0u \u0111\u00e3i, vui l\u00f2ng li\u00ean h\u1ec7 b\u1ed9 ph\u1eadn ch\u0103m s\u00f3c kh\u00e1ch h\u00e0ng \u0111\u1ec3 bi\u1ebft th\u00eam chi ti\u1ebft.<br \/>\n<\/span><\/strong><\/h5>\n<h5><strong><span style=\"color: #ff0000;font-size: 19.2px\">\u25b2<\/span> Th\u1eddi gian giao h\u00e0ng cho<span style=\"color: #ff0000\"> c\u00e1c \u0111\u01a1n \u0111\u1eb7t h\u00e0ng<\/span> <span style=\"color: #ff0000;font-size: 19.2px\">\u1edf \u0110\u00e0i Loan<\/span> <span style=\"color: #ff0000;font-size: 19.2px\">kho\u1ea3ng t\u1eeb 7-14 ng\u00e0y l\u00e0m vi\u1ec7c.<\/span><\/strong><\/h5>\n<h5><strong><span style=\"color: #ff0000;font-size: 19.2px\">\u25b2 <\/span><span style=\"color: #ff0000\">Th\u1eddi gian giao h\u00e0ng cho \u0111\u01a1n h\u00e0ng qu\u1ed1c t\u1ebf kho\u1ea3ng t\u1eeb 7-14 ng\u00e0y, th\u1eddi gian nh\u1eadn h\u00e0ng th\u1ef1c t\u1ebf ph\u1ee5 thu\u1ed9c v\u00e0o t\u00ecnh tr\u1ea1ng v\u1eadn chuy\u1ec3n c\u1ee7a c\u00f4ng ty chuy\u1ec3n ph\u00e1t nhanh.<\/span><\/strong><\/h5>\n","protected":false},"featured_media":83389,"template":"","meta":{"site-sidebar-layout":"default","site-content-layout":"default","ast-site-content-layout":"default","site-content-style":"default","site-sidebar-style":"default","ast-global-header-display":"","ast-banner-title-visibility":"","ast-main-header-display":"","ast-hfb-above-header-display":"","ast-hfb-below-header-display":"","ast-hfb-mobile-header-display":"","site-post-title":"","ast-breadcrumbs-content":"","ast-featured-img":"","footer-sml-layout":"","ast-disable-related-posts":"","theme-transparent-header-meta":"default","adv-header-id-meta":"","stick-header-meta":"default","header-above-stick-meta":"","header-main-stick-meta":"","header-below-stick-meta":"","astra-migrate-meta-layouts":"default","ast-page-background-enabled":"default","ast-page-background-meta":{"desktop":{"background-color":"var(--ast-global-color-5)","background-image":"","background-repeat":"repeat","background-position":"center center","background-size":"auto","background-attachment":"scroll","background-type":"","background-media":"","overlay-type":"","overlay-color":"","overlay-opacity":"","overlay-gradient":""},"tablet":{"background-color":"","background-image":"","background-repeat":"repeat","background-position":"center center","background-size":"auto","background-attachment":"scroll","background-type":"","background-media":"","overlay-type":"","overlay-color":"","overlay-opacity":"","overlay-gradient":""},"mobile":{"background-color":"","background-image":"","background-repeat":"repeat","background-position":"center center","background-size":"auto","background-attachment":"scroll","background-type":"","background-media":"","overlay-type":"","overlay-color":"","overlay-opacity":"","overlay-gradient":""}},"ast-content-background-meta":{"desktop":{"background-color":"var(--ast-global-color-4)","background-image":"","background-repeat":"repeat","background-position":"center center","background-size":"auto","background-attachment":"scroll","background-type":"","background-media":"","overlay-type":"","overlay-color":"","overlay-opacity":"","overlay-gradient":""},"tablet":{"background-color":"var(--ast-global-color-4)","background-image":"","background-repeat":"repeat","background-position":"center center","background-size":"auto","background-attachment":"scroll","background-type":"","background-media":"","overlay-type":"","overlay-color":"","overlay-opacity":"","overlay-gradient":""},"mobile":{"background-color":"var(--ast-global-color-4)","background-image":"","background-repeat":"repeat","background-position":"center center","background-size":"auto","background-attachment":"scroll","background-type":"","background-media":"","overlay-type":"","overlay-color":"","overlay-opacity":"","overlay-gradient":""}}},"product_brand":[],"product_cat":[4714,4425,4424,4713,4426,4427],"product_tag":[5100],"class_list":{"0":"post-83388","1":"product","2":"type-product","3":"status-publish","4":"has-post-thumbnail","6":"product_cat-may-mai-dien-xoay","7":"product_cat-cat","8":"product_cat-hinh-thuc-ung-dung","9":"product_cat-may-mai-sieu-am-va-dien","10":"product_cat-vat-lieu-danh-bong","11":"product_cat-xu-ly-bavia","12":"product_tag-dien-thoai-xoay-dien-dong","13":"desktop-align-left","14":"tablet-align-left","15":"mobile-align-left","16":"ast-product-gallery-layout-horizontal-slider","17":"ast-product-gallery-with-no-image","18":"ast-product-tabs-layout-horizontal","20":"first","21":"instock","22":"taxable","23":"shipping-taxable","24":"purchasable","25":"product-type-simple"},"_links":{"self":[{"href":"https:\/\/honwaygroup.com\/vi\/wp-json\/wp\/v2\/product\/83388","targetHints":{"allow":["GET"]}}],"collection":[{"href":"https:\/\/honwaygroup.com\/vi\/wp-json\/wp\/v2\/product"}],"about":[{"href":"https:\/\/honwaygroup.com\/vi\/wp-json\/wp\/v2\/types\/product"}],"version-history":[{"count":0,"href":"https:\/\/honwaygroup.com\/vi\/wp-json\/wp\/v2\/product\/83388\/revisions"}],"wp:featuredmedia":[{"embeddable":true,"href":"https:\/\/honwaygroup.com\/vi\/wp-json\/wp\/v2\/media\/83389"}],"wp:attachment":[{"href":"https:\/\/honwaygroup.com\/vi\/wp-json\/wp\/v2\/media?parent=83388"}],"wp:term":[{"taxonomy":"product_brand","embeddable":true,"href":"https:\/\/honwaygroup.com\/vi\/wp-json\/wp\/v2\/product_brand?post=83388"},{"taxonomy":"product_cat","embeddable":true,"href":"https:\/\/honwaygroup.com\/vi\/wp-json\/wp\/v2\/product_cat?post=83388"},{"taxonomy":"product_tag","embeddable":true,"href":"https:\/\/honwaygroup.com\/vi\/wp-json\/wp\/v2\/product_tag?post=83388"}],"curies":[{"name":"wp","href":"https:\/\/api.w.org\/{rel}","templated":true}]}}