{"id":83328,"date":"2021-01-23T19:49:19","date_gmt":"2021-01-23T11:49:19","guid":{"rendered":"https:\/\/honwaygroup.com\/product\/bf-80-diamond-bent-file\/"},"modified":"2025-09-22T16:33:30","modified_gmt":"2025-09-22T08:33:30","slug":"bf-80-diamond-bent-file","status":"publish","type":"product","link":"https:\/\/honwaygroup.com\/vi\/product\/bf-80-diamond-bent-file\/","title":{"rendered":"D\u0169a h\u00ecnh kim c\u01b0\u01a1ng BF-80"},"content":{"rendered":"<h1>D\u0169a h\u00ecnh kim c\u01b0\u01a1ng BF-80 (Hai \u0111\u1ea7u)<\/h1>\n<h2>\u0110\u1eb7c tr\u01b0ng:<\/h2>\n<ul>\n<li data-start=\"87\" data-end=\"107\">Kh\u1ea3 n\u0103ng ch\u1ed1ng m\u00e0i m\u00f2n cao, tu\u1ed5i th\u1ecd cao, kh\u00f4ng d\u1ec5 b\u1ecb th\u1ee5 \u0111\u1ed9ng h\u00f3a.<\/li>\n<li data-start=\"146\" data-end=\"196\">So v\u1edbi c\u00e1c lo\u1ea1i gi\u0169a c\u00f3 h\u00ecnh d\u1ea1ng ti\u00eau chu\u1ea9n, gi\u0169a c\u00f3 h\u00ecnh d\u1ea1ng \u0111\u1eb7c bi\u1ec7t c\u00f3 thi\u1ebft k\u1ebf ph\u00f9 h\u1ee3p \u0111\u1ec3 ho\u00e0n thi\u1ec7n chi ti\u1ebft v\u00e0 nh\u1eefng khu v\u1ef1c kh\u00f3 ti\u1ebfp c\u1eadn.<\/li>\n<li data-start=\"197\" data-end=\"244\">C\u00e1c h\u00ecnh d\u1ea1ng c\u00f3 th\u1ec3 bao g\u1ed3m h\u00ecnh cung, r\u00e3nh c\u00f3 h\u00ecnh d\u1ea1ng \u0111\u1eb7c bi\u1ec7t, \u0111\u1ea7u nh\u1ecdn, l\u01b0\u1ee1i cong, v.v., c\u00f3 th\u1ec3 th\u00edch \u1ee9ng ch\u00ednh x\u00e1c h\u01a1n v\u1edbi nhu c\u1ea7u c\u1ee7a ph\u00f4i.<\/li>\n<li data-start=\"197\" data-end=\"244\">Thi\u1ebft k\u1ebf hai \u0111\u1ea7u, m\u1ed7i t\u1ec7p c\u00f3 \u0111\u1ea7u t\u1ec7p c\u00f3 h\u00ecnh d\u1ea1ng kh\u00e1c nhau \u1edf c\u1ea3 hai \u0111\u1ea7u, mang l\u1ea1i t\u00ednh linh ho\u1ea1t \u0111\u1ec3 \u0111\u00e1p \u1ee9ng nhi\u1ec1u nhu c\u1ea7u x\u1eed l\u00fd kh\u00e1c nhau.<\/li>\n<\/ul>\n<h2>\u1ee8ng d\u1ee5ng:<\/h2>\n<ul>\n<li>C\u00f3 th\u1ec3 s\u1eed d\u1ee5ng \u0111\u1ec3 m\u00e0i th\u1ee7 c\u00f4ng nh\u1eb1m \u0111\u00e1p \u1ee9ng nhu c\u1ea7u x\u1eed l\u00fd \u1edf c\u1ea5p \u0111\u1ed9 chuy\u00ean nghi\u1ec7p.<\/li>\n<li>N\u00f3 s\u1eed d\u1ee5ng c\u00e1c h\u1ea1t kim c\u01b0\u01a1ng v\u00e0 ph\u00f9 h\u1ee3p v\u1edbi c\u00e1c v\u1eadt li\u1ec7u c\u1ee9ng nh\u01b0 kim lo\u1ea1i, g\u1ed1m s\u1ee9, th\u1ee7y tinh, s\u1ee3i carbon, v.v.<\/li>\n<li>Th\u00edch h\u1ee3p \u0111\u1ec3 ho\u00e0n thi\u1ec7n, m\u00e0i, \u0111\u00e1nh b\u00f3ng v\u00e0 c\u00e1c c\u00f4ng vi\u1ec7c tinh x\u1ea3o kh\u00e1c.<\/li>\n<\/ul>\n<h2>Thong s\u1ed1 k\u1ef9 thu\u1eadt s\u1ea3n ph\u1ea9m:<\/h2>\n<table class=\"specTable2\" width=\"100%\">\n<tbody>\n<tr>\n<th colspan=\"2\" rowspan=\"2\">H\u00ecnh d\u1ea1ng v\u00e0 k\u00edch th\u01b0\u1edbc (mm)<\/th>\n<th colspan=\"3\">s\u1ed1 seri<\/th>\n<th rowspan=\"2\" width=\"35%\">\n<ul>\n<li style=\"text-align: left\">T\u1ed5ng chi\u1ec1u d\u00e0i: 155mm<\/li>\n<li style=\"text-align: left\">\u0110\u01b0\u1eddng k\u00ednh chu\u00f4i: chu\u00f4i vu\u00f4ng 3.0mm<\/li>\n<li style=\"text-align: left\">Chi\u1ec1u d\u00e0i kim c\u01b0\u01a1ng: 20 ~ 30mm (hai \u0111\u1ea7u)<\/li>\n<\/ul>\n<\/th>\n<\/tr>\n<tr>\n<th>#200<\/th>\n<th>#150<\/th>\n<th>#400<\/th>\n<\/tr>\n<tr>\n<td><a href=\"https:\/\/honwaygroup.com\/wp-content\/uploads\/2021\/01\/BF-80-%E9%91%BD%E7%9F%B3%E7%95%B0%E5%BD%A2%E9%8A%BC%E5%88%80_%E5%B7%A5%E4%BD%9C%E5%8D%80%E5%9F%9F-1-%E8%A4%87%E6%9C%AC-5.webp\"><img decoding=\"async\" class=\"wp-image-25178 aligncenter\" src=\"https:\/\/honwaygroup.com\/wp-content\/uploads\/2021\/01\/BF-80-%E9%91%BD%E7%9F%B3%E7%95%B0%E5%BD%A2%E9%8A%BC%E5%88%80_%E5%B7%A5%E4%BD%9C%E5%8D%80%E5%9F%9F-1-%E8%A4%87%E6%9C%AC-5-150x150.webp\" alt=\"\" width=\"90\" height=\"77\"><\/a><\/td>\n<td style=\"text-align: center\">3 x 2<\/td>\n<td style=\"text-align: center\">BF-801<\/td>\n<td style=\"text-align: center\">BF-801J<\/td>\n<td style=\"text-align: center\">BF-801V<\/td>\n<td><a href=\"https:\/\/honwaygroup.com\/wp-content\/uploads\/2021\/01\/BF-80-%E9%91%BD%E7%9F%B3%E7%95%B0%E5%BD%A2%E9%8A%BC%E5%88%80-57.webp\"><img fetchpriority=\"high\" decoding=\"async\" class=\"alignnone wp-image-25202 size-full\" src=\"https:\/\/honwaygroup.com\/wp-content\/uploads\/2021\/01\/BF-80-%E9%91%BD%E7%9F%B3%E7%95%B0%E5%BD%A2%E9%8A%BC%E5%88%80-57.webp\" alt=\"\" width=\"1131\" height=\"162\"><\/a><\/td>\n<\/tr>\n<tr>\n<td><a href=\"https:\/\/honwaygroup.com\/wp-content\/uploads\/2021\/01\/BF-80-%E9%91%BD%E7%9F%B3%E7%95%B0%E5%BD%A2%E9%8A%BC%E5%88%80_%E5%B7%A5%E4%BD%9C%E5%8D%80%E5%9F%9F-1-%E8%A4%87%E6%9C%AC-6.webp\"><img decoding=\"async\" class=\"wp-image-25182 aligncenter\" src=\"https:\/\/honwaygroup.com\/wp-content\/uploads\/2021\/01\/BF-80-%E9%91%BD%E7%9F%B3%E7%95%B0%E5%BD%A2%E9%8A%BC%E5%88%80_%E5%B7%A5%E4%BD%9C%E5%8D%80%E5%9F%9F-1-%E8%A4%87%E6%9C%AC-6-150x150.webp\" alt=\"\" width=\"90\" height=\"77\"><\/a><\/td>\n<td style=\"text-align: center\">\u00d82<\/td>\n<td style=\"text-align: center\">BF-802<\/td>\n<td style=\"text-align: center\">BFL-802J<\/td>\n<td style=\"text-align: center\">BF-802V<\/td>\n<td><a href=\"https:\/\/honwaygroup.com\/wp-content\/uploads\/2021\/01\/BF-80-%E9%91%BD%E7%9F%B3%E7%95%B0%E5%BD%A2%E9%8A%BC%E5%88%80-58.webp\"><img loading=\"lazy\" decoding=\"async\" class=\"alignnone wp-image-25206 size-full\" src=\"https:\/\/honwaygroup.com\/wp-content\/uploads\/2021\/01\/BF-80-%E9%91%BD%E7%9F%B3%E7%95%B0%E5%BD%A2%E9%8A%BC%E5%88%80-58.webp\" alt=\"\" width=\"1131\" height=\"162\"><\/a><\/td>\n<\/tr>\n<tr>\n<td><a href=\"https:\/\/honwaygroup.com\/wp-content\/uploads\/2021\/01\/BF-80-%E9%91%BD%E7%9F%B3%E7%95%B0%E5%BD%A2%E9%8A%BC%E5%88%80_%E5%B7%A5%E4%BD%9C%E5%8D%80%E5%9F%9F-1-%E8%A4%87%E6%9C%AC-8.webp\"><img loading=\"lazy\" decoding=\"async\" class=\"wp-image-25186 aligncenter\" src=\"https:\/\/honwaygroup.com\/wp-content\/uploads\/2021\/01\/BF-80-%E9%91%BD%E7%9F%B3%E7%95%B0%E5%BD%A2%E9%8A%BC%E5%88%80_%E5%B7%A5%E4%BD%9C%E5%8D%80%E5%9F%9F-1-%E8%A4%87%E6%9C%AC-8-150x150.webp\" alt=\"\" width=\"90\" height=\"77\"><\/a><\/td>\n<td style=\"text-align: center\">\u00d83<\/td>\n<td style=\"text-align: center\">BF-803<\/td>\n<td style=\"text-align: center\">BF-803J<\/td>\n<td style=\"text-align: center\">BF-803V<\/td>\n<td><a href=\"https:\/\/honwaygroup.com\/wp-content\/uploads\/2021\/01\/BF-80-%E9%91%BD%E7%9F%B3%E7%95%B0%E5%BD%A2%E9%8A%BC%E5%88%80-59.webp\"><img loading=\"lazy\" decoding=\"async\" class=\"alignnone wp-image-25210 size-full\" src=\"https:\/\/honwaygroup.com\/wp-content\/uploads\/2021\/01\/BF-80-%E9%91%BD%E7%9F%B3%E7%95%B0%E5%BD%A2%E9%8A%BC%E5%88%80-59.webp\" alt=\"\" width=\"1131\" height=\"162\"><\/a><\/td>\n<\/tr>\n<tr>\n<td><a href=\"https:\/\/honwaygroup.com\/wp-content\/uploads\/2021\/01\/BF-80-%E9%91%BD%E7%9F%B3%E7%95%B0%E5%BD%A2%E9%8A%BC%E5%88%80_%E5%B7%A5%E4%BD%9C%E5%8D%80%E5%9F%9F-1-%E8%A4%87%E6%9C%AC-9.webp\"><img loading=\"lazy\" decoding=\"async\" class=\"wp-image-25190 aligncenter\" src=\"https:\/\/honwaygroup.com\/wp-content\/uploads\/2021\/01\/BF-80-%E9%91%BD%E7%9F%B3%E7%95%B0%E5%BD%A2%E9%8A%BC%E5%88%80_%E5%B7%A5%E4%BD%9C%E5%8D%80%E5%9F%9F-1-%E8%A4%87%E6%9C%AC-9-150x150.webp\" alt=\"\" width=\"90\" height=\"77\"><\/a><\/td>\n<td style=\"text-align: center\">\u00d83<\/td>\n<td style=\"text-align: center\">BF-804<\/td>\n<td style=\"text-align: center\">BF-804J<\/td>\n<td style=\"text-align: center\">BF-804V<\/td>\n<td><a href=\"https:\/\/honwaygroup.com\/wp-content\/uploads\/2021\/01\/BF-80-%E9%91%BD%E7%9F%B3%E7%95%B0%E5%BD%A2%E9%8A%BC%E5%88%80-60.webp\"><img loading=\"lazy\" decoding=\"async\" class=\"alignnone wp-image-25214 size-full\" src=\"https:\/\/honwaygroup.com\/wp-content\/uploads\/2021\/01\/BF-80-%E9%91%BD%E7%9F%B3%E7%95%B0%E5%BD%A2%E9%8A%BC%E5%88%80-60.webp\" alt=\"\" width=\"1131\" height=\"162\"><\/a><\/td>\n<\/tr>\n<tr>\n<td><a href=\"https:\/\/honwaygroup.com\/wp-content\/uploads\/2021\/01\/BF-80-%E9%91%BD%E7%9F%B3%E7%95%B0%E5%BD%A2%E9%8A%BC%E5%88%80_%E5%B7%A5%E4%BD%9C%E5%8D%80%E5%9F%9F-1-%E8%A4%87%E6%9C%AC-10.webp\"><img loading=\"lazy\" decoding=\"async\" class=\"wp-image-25194 aligncenter\" src=\"https:\/\/honwaygroup.com\/wp-content\/uploads\/2021\/01\/BF-80-%E9%91%BD%E7%9F%B3%E7%95%B0%E5%BD%A2%E9%8A%BC%E5%88%80_%E5%B7%A5%E4%BD%9C%E5%8D%80%E5%9F%9F-1-%E8%A4%87%E6%9C%AC-10-150x150.webp\" alt=\"\" width=\"90\" height=\"77\"><\/a><\/td>\n<td style=\"text-align: center\">3<\/td>\n<td style=\"text-align: center\">BF-805<\/td>\n<td style=\"text-align: center\">BF-805J<\/td>\n<td style=\"text-align: center\">BF-805V<\/td>\n<td><a href=\"https:\/\/honwaygroup.com\/wp-content\/uploads\/2021\/01\/BF-80-%E9%91%BD%E7%9F%B3%E7%95%B0%E5%BD%A2%E9%8A%BC%E5%88%80-61.webp\"><img loading=\"lazy\" decoding=\"async\" class=\"alignnone wp-image-25218 size-full\" src=\"https:\/\/honwaygroup.com\/wp-content\/uploads\/2021\/01\/BF-80-%E9%91%BD%E7%9F%B3%E7%95%B0%E5%BD%A2%E9%8A%BC%E5%88%80-61.webp\" alt=\"\" width=\"1131\" height=\"162\"><\/a><\/td>\n<\/tr>\n<tr>\n<td><a href=\"https:\/\/honwaygroup.com\/wp-content\/uploads\/2021\/01\/BF-80-%E9%91%BD%E7%9F%B3%E7%95%B0%E5%BD%A2%E9%8A%BC%E5%88%80_%E5%B7%A5%E4%BD%9C%E5%8D%80%E5%9F%9F-1-%E8%A4%87%E6%9C%AC-11.webp\"><img loading=\"lazy\" decoding=\"async\" class=\"wp-image-25198 aligncenter\" src=\"https:\/\/honwaygroup.com\/wp-content\/uploads\/2021\/01\/BF-80-%E9%91%BD%E7%9F%B3%E7%95%B0%E5%BD%A2%E9%8A%BC%E5%88%80_%E5%B7%A5%E4%BD%9C%E5%8D%80%E5%9F%9F-1-%E8%A4%87%E6%9C%AC-11-150x150.webp\" alt=\"\" width=\"90\" height=\"77\"><\/a><\/td>\n<td style=\"text-align: center\">3<\/td>\n<td style=\"text-align: center\">BF-806<\/td>\n<td style=\"text-align: center\">BF-806J<\/td>\n<td style=\"text-align: center\">BF-806V<\/td>\n<td><a href=\"https:\/\/honwaygroup.com\/wp-content\/uploads\/2021\/01\/BF-80-%E9%91%BD%E7%9F%B3%E7%95%B0%E5%BD%A2%E9%8A%BC%E5%88%80-62.webp\"><img loading=\"lazy\" decoding=\"async\" class=\"alignnone wp-image-25222 size-full\" src=\"https:\/\/honwaygroup.com\/wp-content\/uploads\/2021\/01\/BF-80-%E9%91%BD%E7%9F%B3%E7%95%B0%E5%BD%A2%E9%8A%BC%E5%88%80-62.webp\" alt=\"\" width=\"1131\" height=\"162\"><\/a><\/td>\n<\/tr>\n<tr>\n<td colspan=\"2\"><strong>B\u1ed9 6<\/strong><\/td>\n<td style=\"text-align: center\">BF-800<\/td>\n<td style=\"text-align: center\">BF-800J<\/td>\n<td style=\"text-align: center\">BF-800V<\/td>\n<td><\/td>\n<\/tr>\n<\/tbody>\n<\/table>\n<p>C\u00f3 b\u1ea5t k\u1ef3 th\u1eafc m\u1eafc n\u00e0o kh\u00f4ng? <a href=\"https:\/\/honwaygroup.com\/vi\/lien-he-voi-honway\/\">Li\u00ean h\u1ec7 v\u1edbi HonWay<\/a><\/p>\n","protected":false},"excerpt":{"rendered":"<ul>\n<li data-start=\"87\" data-end=\"107\">Kh\u1ea3 n\u0103ng ch\u1ed1ng m\u00e0i m\u00f2n cao, tu\u1ed5i th\u1ecd cao, kh\u00f4ng d\u1ec5 b\u1ecb th\u1ee5 \u0111\u1ed9ng h\u00f3a.<\/li>\n<li data-start=\"146\" data-end=\"196\">So v\u1edbi c\u00e1c lo\u1ea1i gi\u0169a c\u00f3 h\u00ecnh d\u1ea1ng ti\u00eau chu\u1ea9n, gi\u0169a c\u00f3 h\u00ecnh d\u1ea1ng \u0111\u1eb7c bi\u1ec7t c\u00f3 thi\u1ebft k\u1ebf ph\u00f9 h\u1ee3p \u0111\u1ec3 ho\u00e0n thi\u1ec7n chi ti\u1ebft v\u00e0 nh\u1eefng khu v\u1ef1c kh\u00f3 ti\u1ebfp c\u1eadn.<\/li>\n<li data-start=\"197\" data-end=\"244\">C\u00e1c h\u00ecnh d\u1ea1ng c\u00f3 th\u1ec3 bao g\u1ed3m h\u00ecnh cung, r\u00e3nh c\u00f3 h\u00ecnh d\u1ea1ng \u0111\u1eb7c bi\u1ec7t, \u0111\u1ea7u nh\u1ecdn, l\u01b0\u1ee1i cong, v.v., c\u00f3 th\u1ec3 th\u00edch \u1ee9ng ch\u00ednh x\u00e1c h\u01a1n v\u1edbi nhu c\u1ea7u c\u1ee7a ph\u00f4i.<\/li>\n<li data-start=\"197\" data-end=\"244\">Thi\u1ebft k\u1ebf hai \u0111\u1ea7u, m\u1ed7i t\u1ec7p c\u00f3 \u0111\u1ea7u t\u1ec7p c\u00f3 h\u00ecnh d\u1ea1ng kh\u00e1c nhau \u1edf c\u1ea3 hai \u0111\u1ea7u, mang l\u1ea1i t\u00ednh linh ho\u1ea1t \u0111\u1ec3 \u0111\u00e1p \u1ee9ng nhi\u1ec1u nhu c\u1ea7u x\u1eed l\u00fd kh\u00e1c nhau.<\/li>\n<\/ul>\n<h5><strong><span style=\"color: #ff0000;font-size: 19.2px\">\u25b2<\/span><\/strong><strong><span style=\"color: #ff0000;font-size: 19.2px\">N\u1ebfu c\u1ea7n k\u00edch th\u01b0\u1edbc t\u00f9y ch\u1ec9nh, vui l\u00f2ng li\u00ean h\u1ec7 b\u1ed9 ph\u1eadn ch\u0103m s\u00f3c kh\u00e1ch h\u00e0ng. Ng\u00e0y giao h\u00e0ng s\u1ebd ph\u1ee5 thu\u1ed9c v\u00e0o th\u1eddi gian \u0111\u01b0\u1ee3c th\u00f4ng b\u00e1o t\u1eeb b\u1ed9 ph\u1eadn n\u00e0y.<\/span><\/strong><\/h5>\n<h5><strong><span style=\"color: #ff0000;font-size: 19.2px\">\u25b2 \u0110\u1eb7t h\u00e0ng s\u1ed1 l\u01b0\u1ee3ng l\u1edbn c\u00f3 th\u1ec3 \u0111\u01b0\u1ee3c h\u01b0\u1edfng chi\u1ebft kh\u1ea5u \u01b0u \u0111\u00e3i, vui l\u00f2ng li\u00ean h\u1ec7 b\u1ed9 ph\u1eadn ch\u0103m s\u00f3c kh\u00e1ch h\u00e0ng \u0111\u1ec3 bi\u1ebft th\u00eam chi ti\u1ebft.<\/span><\/strong><\/h5>\n<h5><strong><span style=\"color: #ff0000;font-size: 19.2px\">\u25b2<\/span> Th\u1eddi gian giao h\u00e0ng cho<span style=\"color: #ff0000\"> c\u00e1c \u0111\u01a1n \u0111\u1eb7t h\u00e0ng<\/span> <span style=\"color: #ff0000;font-size: 19.2px\">\u1edf \u0110\u00e0i Loan<\/span> <span style=\"color: #ff0000;font-size: 19.2px\">kho\u1ea3ng t\u1eeb 7-14 ng\u00e0y l\u00e0m vi\u1ec7c.<\/span><\/strong><\/h5>\n<h5><strong><span style=\"color: #ff0000;font-size: 19.2px\">\u25b2 <\/span><span style=\"color: #ff0000\">Th\u1eddi gian giao h\u00e0ng cho \u0111\u01a1n h\u00e0ng qu\u1ed1c t\u1ebf kho\u1ea3ng t\u1eeb 7-14 ng\u00e0y, th\u1eddi gian nh\u1eadn h\u00e0ng th\u1ef1c t\u1ebf ph\u1ee5 thu\u1ed9c v\u00e0o t\u00ecnh tr\u1ea1ng v\u1eadn chuy\u1ec3n c\u1ee7a c\u00f4ng ty chuy\u1ec3n ph\u00e1t nhanh.<\/span><\/strong><\/h5>\n","protected":false},"featured_media":83329,"template":"","meta":{"site-sidebar-layout":"default","site-content-layout":"default","ast-site-content-layout":"default","site-content-style":"default","site-sidebar-style":"default","ast-global-header-display":"","ast-banner-title-visibility":"","ast-main-header-display":"","ast-hfb-above-header-display":"","ast-hfb-below-header-display":"","ast-hfb-mobile-header-display":"","site-post-title":"","ast-breadcrumbs-content":"","ast-featured-img":"","footer-sml-layout":"","ast-disable-related-posts":"","theme-transparent-header-meta":"default","adv-header-id-meta":"","stick-header-meta":"default","header-above-stick-meta":"","header-main-stick-meta":"","header-below-stick-meta":"","astra-migrate-meta-layouts":"default","ast-page-background-enabled":"default","ast-page-background-meta":{"desktop":{"background-color":"var(--ast-global-color-5)","background-image":"","background-repeat":"repeat","background-position":"center center","background-size":"auto","background-attachment":"scroll","background-type":"","background-media":"","overlay-type":"","overlay-color":"","overlay-opacity":"","overlay-gradient":""},"tablet":{"background-color":"","background-image":"","background-repeat":"repeat","background-position":"center center","background-size":"auto","background-attachment":"scroll","background-type":"","background-media":"","overlay-type":"","overlay-color":"","overlay-opacity":"","overlay-gradient":""},"mobile":{"background-color":"","background-image":"","background-repeat":"repeat","background-position":"center center","background-size":"auto","background-attachment":"scroll","background-type":"","background-media":"","overlay-type":"","overlay-color":"","overlay-opacity":"","overlay-gradient":""}},"ast-content-background-meta":{"desktop":{"background-color":"var(--ast-global-color-4)","background-image":"","background-repeat":"repeat","background-position":"center center","background-size":"auto","background-attachment":"scroll","background-type":"","background-media":"","overlay-type":"","overlay-color":"","overlay-opacity":"","overlay-gradient":""},"tablet":{"background-color":"var(--ast-global-color-4)","background-image":"","background-repeat":"repeat","background-position":"center center","background-size":"auto","background-attachment":"scroll","background-type":"","background-media":"","overlay-type":"","overlay-color":"","overlay-opacity":"","overlay-gradient":""},"mobile":{"background-color":"var(--ast-global-color-4)","background-image":"","background-repeat":"repeat","background-position":"center center","background-size":"auto","background-attachment":"scroll","background-type":"","background-media":"","overlay-type":"","overlay-color":"","overlay-opacity":"","overlay-gradient":""}}},"product_brand":[],"product_cat":[4389,4378],"product_tag":[4888,5065],"class_list":{"0":"post-83328","1":"product","2":"type-product","3":"status-publish","4":"has-post-thumbnail","6":"product_cat-cong-cu-kim-cuong","7":"product_cat-dua-tay-kim-cuong","8":"product_tag-dua-hinh-dang-dac-biet","9":"product_tag-dua-kim-cuon","10":"desktop-align-left","11":"tablet-align-left","12":"mobile-align-left","13":"ast-product-gallery-layout-horizontal-slider","14":"ast-product-gallery-with-no-image","15":"ast-product-single-variable","16":"ast-product-tabs-layout-horizontal","18":"first","19":"instock","20":"taxable","21":"shipping-taxable","22":"purchasable","23":"product-type-variable"},"_links":{"self":[{"href":"https:\/\/honwaygroup.com\/vi\/wp-json\/wp\/v2\/product\/83328","targetHints":{"allow":["GET"]}}],"collection":[{"href":"https:\/\/honwaygroup.com\/vi\/wp-json\/wp\/v2\/product"}],"about":[{"href":"https:\/\/honwaygroup.com\/vi\/wp-json\/wp\/v2\/types\/product"}],"version-history":[{"count":0,"href":"https:\/\/honwaygroup.com\/vi\/wp-json\/wp\/v2\/product\/83328\/revisions"}],"wp:featuredmedia":[{"embeddable":true,"href":"https:\/\/honwaygroup.com\/vi\/wp-json\/wp\/v2\/media\/83329"}],"wp:attachment":[{"href":"https:\/\/honwaygroup.com\/vi\/wp-json\/wp\/v2\/media?parent=83328"}],"wp:term":[{"taxonomy":"product_brand","embeddable":true,"href":"https:\/\/honwaygroup.com\/vi\/wp-json\/wp\/v2\/product_brand?post=83328"},{"taxonomy":"product_cat","embeddable":true,"href":"https:\/\/honwaygroup.com\/vi\/wp-json\/wp\/v2\/product_cat?post=83328"},{"taxonomy":"product_tag","embeddable":true,"href":"https:\/\/honwaygroup.com\/vi\/wp-json\/wp\/v2\/product_tag?post=83328"}],"curies":[{"name":"wp","href":"https:\/\/api.w.org\/{rel}","templated":true}]}}