{"id":83258,"date":"2021-01-23T21:45:34","date_gmt":"2021-01-23T13:45:34","guid":{"rendered":"https:\/\/honwaygroup.com\/product\/dua-kim-cuong-chinh-xac-pf-10l\/"},"modified":"2025-09-22T16:18:19","modified_gmt":"2025-09-22T08:18:19","slug":"dua-kim-cuong-chinh-xac-pf-10l","status":"publish","type":"product","link":"https:\/\/honwaygroup.com\/vi\/product\/dua-kim-cuong-chinh-xac-pf-10l\/","title":{"rendered":"B\u1ed9 gi\u0169a kim c\u01b0\u01a1ng ch\u00ednh x\u00e1c PF-10L"},"content":{"rendered":"<h1><strong>B\u1ed9 gi\u0169a kim c\u01b0\u01a1ng ch\u00ednh x\u00e1c PF-10L (Kim c\u01b0\u01a1ng m\u1edf r\u1ed9ng)<\/strong><\/h1>\n<h2>\u0110\u1eb7c tr\u01b0ng:<\/h2>\n<ul>\n<li data-start=\"87\" data-end=\"107\">Kh\u1ea3 n\u0103ng ch\u1ed1ng m\u00e0i m\u00f2n cao, tu\u1ed5i th\u1ecd cao, kh\u00f4ng d\u1ec5 b\u1ecb th\u1ee5 \u0111\u1ed9ng h\u00f3a.<\/li>\n<li data-start=\"134\" data-end=\"180\">C\u00e1c k\u1ebft h\u1ee3p ph\u1ed5 bi\u1ebfn bao g\u1ed3m gi\u0169a ph\u1eb3ng, gi\u0169a tr\u00f2n, gi\u0169a n\u1eeda tr\u00f2n, gi\u0169a tam gi\u00e1c, gi\u0169a vu\u00f4ng, gi\u0169a h\u00ecnh dao, v.v., ph\u00f9 h\u1ee3p v\u1edbi c\u00e1c b\u1ed9 ph\u1eadn gia c\u00f4ng kh\u00e1c nhau.<\/li>\n<\/ul>\n<h2>\u1ee8ng d\u1ee5ng:<\/h2>\n<ul>\n<li>C\u00f3 th\u1ec3 s\u1eed d\u1ee5ng \u0111\u1ec3 m\u00e0i th\u1ee7 c\u00f4ng nh\u1eb1m \u0111\u00e1p \u1ee9ng nhu c\u1ea7u x\u1eed l\u00fd \u1edf c\u1ea5p \u0111\u1ed9 chuy\u00ean nghi\u1ec7p.<\/li>\n<li>Th\u00edch h\u1ee3p \u0111\u1ec3 ho\u00e0n thi\u1ec7n, m\u00e0i, \u0111\u00e1nh b\u00f3ng v\u00e0 c\u00e1c c\u00f4ng vi\u1ec7c tinh x\u1ea3o kh\u00e1c.<\/li>\n<li>N\u00f3 s\u1eed d\u1ee5ng c\u00e1c h\u1ea1t kim c\u01b0\u01a1ng v\u00e0 ph\u00f9 h\u1ee3p v\u1edbi c\u00e1c v\u1eadt li\u1ec7u c\u1ee9ng nh\u01b0 kim lo\u1ea1i, g\u1ed1m s\u1ee9, th\u1ee7y tinh, s\u1ee3i carbon, v.v.<\/li>\n<\/ul>\n<h2>Thong s\u1ed1 k\u1ef9 thu\u1eadt s\u1ea3n ph\u1ea9m:<\/h2>\n<table width=\"100%\">\n<tbody>\n<tr>\n<th colspan=\"2\" rowspan=\"2\">H\u00ecnh d\u1ea1ng v\u00e0 k\u00edch th\u01b0\u1edbc (mm)<\/th>\n<th colspan=\"3\">s\u1ed1 seri<\/th>\n<th rowspan=\"2\" width=\"35%\">\n<ul>\n<li style=\"text-align: left\">T\u1ed5ng chi\u1ec1u d\u00e0i: 140mm<\/li>\n<li style=\"text-align: left\">\u0110\u01b0\u1eddng k\u00ednh chu\u00f4i: \u00d83.0mm<\/li>\n<li style=\"text-align: left\">Chi\u1ec1u d\u00e0i kim c\u01b0\u01a1ng: 70mm<\/li>\n<\/ul>\n<\/th>\n<\/tr>\n<tr>\n<th>#120<\/th>\n<th>#200<\/th>\n<th>#400<\/th>\n<\/tr>\n<tr>\n<td><a href=\"https:\/\/honwaygroup.com\/wp-content\/uploads\/2021\/01\/PF-10L-%E7%B2%BE%E5%AF%86%E7%B5%84%E9%91%BD%E7%9F%B3%E9%8A%BC%E5%88%80_%E5%B7%A5%E4%BD%9C%E5%8D%80%E5%9F%9F-1-%E8%A4%87%E6%9C%AC-5.webp\"><img decoding=\"async\" class=\"alignnone wp-image-25838\" src=\"https:\/\/honwaygroup.com\/wp-content\/uploads\/2021\/01\/PF-10L-%E7%B2%BE%E5%AF%86%E7%B5%84%E9%91%BD%E7%9F%B3%E9%8A%BC%E5%88%80_%E5%B7%A5%E4%BD%9C%E5%8D%80%E5%9F%9F-1-%E8%A4%87%E6%9C%AC-5.webp\" alt=\"\" width=\"90\" height=\"77\"><\/a><\/td>\n<td>5.5 x 1.5<\/td>\n<td>PF-101L<\/td>\n<td>PF-101LF<\/td>\n<td>PF-101LV<\/td>\n<td><a href=\"https:\/\/honwaygroup.com\/wp-content\/uploads\/2021\/01\/PF-10L-%E7%B2%BE%E5%AF%86%E7%B5%84%E9%91%BD%E7%9F%B3%E9%8A%BC%E5%88%80_%E5%B7%A5%E4%BD%9C%E5%8D%80%E5%9F%9F-1-%E8%A4%87%E6%9C%AC-11.webp\"><img decoding=\"async\" class=\"alignnone size-medium wp-image-25878\" src=\"https:\/\/honwaygroup.com\/wp-content\/uploads\/2021\/01\/PF-10L-%E7%B2%BE%E5%AF%86%E7%B5%84%E9%91%BD%E7%9F%B3%E9%8A%BC%E5%88%80_%E5%B7%A5%E4%BD%9C%E5%8D%80%E5%9F%9F-1-%E8%A4%87%E6%9C%AC-11-300x60.webp\" alt=\"\" width=\"300\" height=\"60\"><\/a><\/td>\n<\/tr>\n<tr>\n<td><a href=\"https:\/\/honwaygroup.com\/wp-content\/uploads\/2021\/01\/PF-10L-%E7%B2%BE%E5%AF%86%E7%B5%84%E9%91%BD%E7%9F%B3%E9%8A%BC%E5%88%80_%E5%B7%A5%E4%BD%9C%E5%8D%80%E5%9F%9F-1-%E8%A4%87%E6%9C%AC-6.webp\"><img decoding=\"async\" class=\"alignnone wp-image-25842\" src=\"https:\/\/honwaygroup.com\/wp-content\/uploads\/2021\/01\/PF-10L-%E7%B2%BE%E5%AF%86%E7%B5%84%E9%91%BD%E7%9F%B3%E9%8A%BC%E5%88%80_%E5%B7%A5%E4%BD%9C%E5%8D%80%E5%9F%9F-1-%E8%A4%87%E6%9C%AC-6.webp\" alt=\"\" width=\"90\" height=\"77\"><\/a><\/td>\n<td>5 x 2<\/td>\n<td>PF-102 L<\/td>\n<td>PF-102 LF<\/td>\n<td>PF-102LV<\/td>\n<td><a href=\"https:\/\/honwaygroup.com\/wp-content\/uploads\/2021\/01\/PF-10L-%E7%B2%BE%E5%AF%86%E7%B5%84%E9%91%BD%E7%9F%B3%E9%8A%BC%E5%88%80_%E5%B7%A5%E4%BD%9C%E5%8D%80%E5%9F%9F-1-%E8%A4%87%E6%9C%AC-12.webp\"><img loading=\"lazy\" decoding=\"async\" class=\"alignnone size-medium wp-image-25882\" src=\"https:\/\/honwaygroup.com\/wp-content\/uploads\/2021\/01\/PF-10L-%E7%B2%BE%E5%AF%86%E7%B5%84%E9%91%BD%E7%9F%B3%E9%8A%BC%E5%88%80_%E5%B7%A5%E4%BD%9C%E5%8D%80%E5%9F%9F-1-%E8%A4%87%E6%9C%AC-12-300x60.webp\" alt=\"\" width=\"300\" height=\"60\"><\/a><\/td>\n<\/tr>\n<tr>\n<td><a href=\"https:\/\/honwaygroup.com\/wp-content\/uploads\/2021\/01\/PF-10L-%E7%B2%BE%E5%AF%86%E7%B5%84%E9%91%BD%E7%9F%B3%E9%8A%BC%E5%88%80_%E5%B7%A5%E4%BD%9C%E5%8D%80%E5%9F%9F-1-%E8%A4%87%E6%9C%AC-8.jpg\"><img loading=\"lazy\" decoding=\"async\" class=\"alignnone wp-image-25846\" src=\"https:\/\/honwaygroup.com\/wp-content\/uploads\/2021\/01\/PF-10L-%E7%B2%BE%E5%AF%86%E7%B5%84%E9%91%BD%E7%9F%B3%E9%8A%BC%E5%88%80_%E5%B7%A5%E4%BD%9C%E5%8D%80%E5%9F%9F-1-%E8%A4%87%E6%9C%AC-8.jpg\" alt=\"\" width=\"90\" height=\"77\"><\/a><\/td>\n<td>\u00d83<\/td>\n<td>PF-103 L<\/td>\n<td>PF-103 LF<\/td>\n<td>PF-103LV<\/td>\n<td><a href=\"https:\/\/honwaygroup.com\/wp-content\/uploads\/2021\/01\/PF-10L-%E7%B2%BE%E5%AF%86%E7%B5%84%E9%91%BD%E7%9F%B3%E9%8A%BC%E5%88%80_%E5%B7%A5%E4%BD%9C%E5%8D%80%E5%9F%9F-1-%E8%A4%87%E6%9C%AC-13.webp\"><img loading=\"lazy\" decoding=\"async\" class=\"alignnone size-medium wp-image-25886\" src=\"https:\/\/honwaygroup.com\/wp-content\/uploads\/2021\/01\/PF-10L-%E7%B2%BE%E5%AF%86%E7%B5%84%E9%91%BD%E7%9F%B3%E9%8A%BC%E5%88%80_%E5%B7%A5%E4%BD%9C%E5%8D%80%E5%9F%9F-1-%E8%A4%87%E6%9C%AC-13-300x60.jpg\" alt=\"\" width=\"300\" height=\"60\"><\/a><\/td>\n<\/tr>\n<tr>\n<td><a href=\"https:\/\/honwaygroup.com\/wp-content\/uploads\/2021\/01\/PF-10L-%E7%B2%BE%E5%AF%86%E7%B5%84%E9%91%BD%E7%9F%B3%E9%8A%BC%E5%88%80_%E5%B7%A5%E4%BD%9C%E5%8D%80%E5%9F%9F-1-%E8%A4%87%E6%9C%AC-9.jpg\"><img loading=\"lazy\" decoding=\"async\" class=\"alignnone wp-image-25850\" src=\"https:\/\/honwaygroup.com\/wp-content\/uploads\/2021\/01\/PF-10L-%E7%B2%BE%E5%AF%86%E7%B5%84%E9%91%BD%E7%9F%B3%E9%8A%BC%E5%88%80_%E5%B7%A5%E4%BD%9C%E5%8D%80%E5%9F%9F-1-%E8%A4%87%E6%9C%AC-9.jpg\" alt=\"\" width=\"90\" height=\"77\"><\/a><\/td>\n<td>2.5<\/td>\n<td>PF-104 L<\/td>\n<td>PF-104 LF<\/td>\n<td>PF-104LV<\/td>\n<td><a href=\"https:\/\/honwaygroup.com\/wp-content\/uploads\/2021\/01\/PF-10L-%E7%B2%BE%E5%AF%86%E7%B5%84%E9%91%BD%E7%9F%B3%E9%8A%BC%E5%88%80_%E5%B7%A5%E4%BD%9C%E5%8D%80%E5%9F%9F-1-%E8%A4%87%E6%9C%AC-14.webp\"><img loading=\"lazy\" decoding=\"async\" class=\"alignnone size-medium wp-image-25890\" src=\"https:\/\/honwaygroup.com\/wp-content\/uploads\/2021\/01\/PF-10L-%E7%B2%BE%E5%AF%86%E7%B5%84%E9%91%BD%E7%9F%B3%E9%8A%BC%E5%88%80_%E5%B7%A5%E4%BD%9C%E5%8D%80%E5%9F%9F-1-%E8%A4%87%E6%9C%AC-14-300x60.webp\" alt=\"\" width=\"300\" height=\"60\"><\/a><\/td>\n<\/tr>\n<tr>\n<td><a href=\"https:\/\/honwaygroup.com\/wp-content\/uploads\/2021\/01\/PF-10L-%E7%B2%BE%E5%AF%86%E7%B5%84%E9%91%BD%E7%9F%B3%E9%8A%BC%E5%88%80_%E5%B7%A5%E4%BD%9C%E5%8D%80%E5%9F%9F-1-%E8%A4%87%E6%9C%AC-10.jpg\"><img loading=\"lazy\" decoding=\"async\" class=\"alignnone wp-image-25854\" src=\"https:\/\/honwaygroup.com\/wp-content\/uploads\/2021\/01\/PF-10L-%E7%B2%BE%E5%AF%86%E7%B5%84%E9%91%BD%E7%9F%B3%E9%8A%BC%E5%88%80_%E5%B7%A5%E4%BD%9C%E5%8D%80%E5%9F%9F-1-%E8%A4%87%E6%9C%AC-10.jpg\" alt=\"\" width=\"90\" height=\"77\"><\/a><\/td>\n<td>3.5<\/td>\n<td>PF-105 L<\/td>\n<td>PF-105 LF<\/td>\n<td>PF-105LV<\/td>\n<td><a href=\"https:\/\/honwaygroup.com\/wp-content\/uploads\/2021\/01\/PF-10L-%E7%B2%BE%E5%AF%86%E7%B5%84%E9%91%BD%E7%9F%B3%E9%8A%BC%E5%88%80_%E5%B7%A5%E4%BD%9C%E5%8D%80%E5%9F%9F-1-%E8%A4%87%E6%9C%AC-15.webp\"><img loading=\"lazy\" decoding=\"async\" class=\"alignnone size-medium wp-image-25894\" src=\"https:\/\/honwaygroup.com\/wp-content\/uploads\/2021\/01\/PF-10L-%E7%B2%BE%E5%AF%86%E7%B5%84%E9%91%BD%E7%9F%B3%E9%8A%BC%E5%88%80_%E5%B7%A5%E4%BD%9C%E5%8D%80%E5%9F%9F-1-%E8%A4%87%E6%9C%AC-15-300x60.webp\" alt=\"\" width=\"300\" height=\"60\"><\/a><\/td>\n<\/tr>\n<tr>\n<td><a href=\"https:\/\/honwaygroup.com\/wp-content\/uploads\/2021\/01\/PF-10L-%E7%B2%BE%E5%AF%86%E7%B5%84%E9%91%BD%E7%9F%B3%E9%8A%BC%E5%88%80_%E5%B7%A5%E4%BD%9C%E5%8D%80%E5%9F%9F-1-%E8%A4%87%E6%9C%AC-21.jpg\"><img loading=\"lazy\" decoding=\"async\" class=\"alignnone wp-image-25858\" src=\"https:\/\/honwaygroup.com\/wp-content\/uploads\/2021\/01\/PF-10L-%E7%B2%BE%E5%AF%86%E7%B5%84%E9%91%BD%E7%9F%B3%E9%8A%BC%E5%88%80_%E5%B7%A5%E4%BD%9C%E5%8D%80%E5%9F%9F-1-%E8%A4%87%E6%9C%AC-21.jpg\" alt=\"\" width=\"90\" height=\"77\"><\/a><\/td>\n<td>5.4 x 1.5<\/td>\n<td>PF-106 L<\/td>\n<td>PF-106 LF<\/td>\n<td>PF-106LV<\/td>\n<td><a href=\"https:\/\/honwaygroup.com\/wp-content\/uploads\/2021\/01\/PF-10L-%E7%B2%BE%E5%AF%86%E7%B5%84%E9%91%BD%E7%9F%B3%E9%8A%BC%E5%88%80_%E5%B7%A5%E4%BD%9C%E5%8D%80%E5%9F%9F-1-%E8%A4%87%E6%9C%AC-16.webp\"><img loading=\"lazy\" decoding=\"async\" class=\"alignnone size-medium wp-image-25898\" src=\"https:\/\/honwaygroup.com\/wp-content\/uploads\/2021\/01\/PF-10L-%E7%B2%BE%E5%AF%86%E7%B5%84%E9%91%BD%E7%9F%B3%E9%8A%BC%E5%88%80_%E5%B7%A5%E4%BD%9C%E5%8D%80%E5%9F%9F-1-%E8%A4%87%E6%9C%AC-16-300x60.webp\" alt=\"\" width=\"300\" height=\"60\"><\/a><\/td>\n<\/tr>\n<tr>\n<td><a href=\"https:\/\/honwaygroup.com\/wp-content\/uploads\/2021\/01\/PF-10L-%E7%B2%BE%E5%AF%86%E7%B5%84%E9%91%BD%E7%9F%B3%E9%8A%BC%E5%88%80_%E5%B7%A5%E4%BD%9C%E5%8D%80%E5%9F%9F-1-%E8%A4%87%E6%9C%AC-22.jpg\"><img loading=\"lazy\" decoding=\"async\" class=\"alignnone wp-image-25862\" src=\"https:\/\/honwaygroup.com\/wp-content\/uploads\/2021\/01\/PF-10L-%E7%B2%BE%E5%AF%86%E7%B5%84%E9%91%BD%E7%9F%B3%E9%8A%BC%E5%88%80_%E5%B7%A5%E4%BD%9C%E5%8D%80%E5%9F%9F-1-%E8%A4%87%E6%9C%AC-22.jpg\" alt=\"\" width=\"90\" height=\"77\"><\/a><\/td>\n<td>1.7 x 6<\/td>\n<td>PF-107 L<\/td>\n<td>PF-107 LF<\/td>\n<td>PF-107LV<\/td>\n<td><a href=\"https:\/\/honwaygroup.com\/wp-content\/uploads\/2021\/01\/PF-10L-%E7%B2%BE%E5%AF%86%E7%B5%84%E9%91%BD%E7%9F%B3%E9%8A%BC%E5%88%80_%E5%B7%A5%E4%BD%9C%E5%8D%80%E5%9F%9F-1-%E8%A4%87%E6%9C%AC-17.webp\"><img loading=\"lazy\" decoding=\"async\" class=\"alignnone size-medium wp-image-25902\" src=\"https:\/\/honwaygroup.com\/wp-content\/uploads\/2021\/01\/PF-10L-%E7%B2%BE%E5%AF%86%E7%B5%84%E9%91%BD%E7%9F%B3%E9%8A%BC%E5%88%80_%E5%B7%A5%E4%BD%9C%E5%8D%80%E5%9F%9F-1-%E8%A4%87%E6%9C%AC-17-300x60.webp\" alt=\"\" width=\"300\" height=\"60\"><\/a><\/td>\n<\/tr>\n<tr>\n<td><a href=\"https:\/\/honwaygroup.com\/wp-content\/uploads\/2021\/01\/PF-10L-%E7%B2%BE%E5%AF%86%E7%B5%84%E9%91%BD%E7%9F%B3%E9%8A%BC%E5%88%80_%E5%B7%A5%E4%BD%9C%E5%8D%80%E5%9F%9F-1-%E8%A4%87%E6%9C%AC-23.jpg\"><img loading=\"lazy\" decoding=\"async\" class=\"alignnone wp-image-25866\" src=\"https:\/\/honwaygroup.com\/wp-content\/uploads\/2021\/01\/PF-10L-%E7%B2%BE%E5%AF%86%E7%B5%84%E9%91%BD%E7%9F%B3%E9%8A%BC%E5%88%80_%E5%B7%A5%E4%BD%9C%E5%8D%80%E5%9F%9F-1-%E8%A4%87%E6%9C%AC-23.jpg\" alt=\"\" width=\"90\" height=\"77\"><\/a><\/td>\n<td>6 x 2<\/td>\n<td>PF-108 L<\/td>\n<td>PF-108 LF<\/td>\n<td>PF-108LV<\/td>\n<td><a href=\"https:\/\/honwaygroup.com\/wp-content\/uploads\/2021\/01\/PF-10L-%E7%B2%BE%E5%AF%86%E7%B5%84%E9%91%BD%E7%9F%B3%E9%8A%BC%E5%88%80_%E5%B7%A5%E4%BD%9C%E5%8D%80%E5%9F%9F-1-%E8%A4%87%E6%9C%AC-18.webp\"><img loading=\"lazy\" decoding=\"async\" class=\"alignnone size-medium wp-image-25906\" src=\"https:\/\/honwaygroup.com\/wp-content\/uploads\/2021\/01\/PF-10L-%E7%B2%BE%E5%AF%86%E7%B5%84%E9%91%BD%E7%9F%B3%E9%8A%BC%E5%88%80_%E5%B7%A5%E4%BD%9C%E5%8D%80%E5%9F%9F-1-%E8%A4%87%E6%9C%AC-18-300x60.webp\" alt=\"\" width=\"300\" height=\"60\"><\/a><\/td>\n<\/tr>\n<tr>\n<td><a href=\"https:\/\/honwaygroup.com\/wp-content\/uploads\/2021\/01\/PF-10L-%E7%B2%BE%E5%AF%86%E7%B5%84%E9%91%BD%E7%9F%B3%E9%8A%BC%E5%88%80_%E5%B7%A5%E4%BD%9C%E5%8D%80%E5%9F%9F-1-%E8%A4%87%E6%9C%AC-24.jpg\"><img loading=\"lazy\" decoding=\"async\" class=\"alignnone wp-image-25870\" src=\"https:\/\/honwaygroup.com\/wp-content\/uploads\/2021\/01\/PF-10L-%E7%B2%BE%E5%AF%86%E7%B5%84%E9%91%BD%E7%9F%B3%E9%8A%BC%E5%88%80_%E5%B7%A5%E4%BD%9C%E5%8D%80%E5%9F%9F-1-%E8%A4%87%E6%9C%AC-24.jpg\" alt=\"\" width=\"90\" height=\"77\"><\/a><\/td>\n<td>5 x 2<\/td>\n<td>PF-109 L<\/td>\n<td>PF-109 LF<\/td>\n<td>PF-109LV<\/td>\n<td><a href=\"https:\/\/honwaygroup.com\/wp-content\/uploads\/2021\/01\/PF-10L-%E7%B2%BE%E5%AF%86%E7%B5%84%E9%91%BD%E7%9F%B3%E9%8A%BC%E5%88%80_%E5%B7%A5%E4%BD%9C%E5%8D%80%E5%9F%9F-1-%E8%A4%87%E6%9C%AC-19.webp\"><img loading=\"lazy\" decoding=\"async\" class=\"alignnone size-medium wp-image-25910\" src=\"https:\/\/honwaygroup.com\/wp-content\/uploads\/2021\/01\/PF-10L-%E7%B2%BE%E5%AF%86%E7%B5%84%E9%91%BD%E7%9F%B3%E9%8A%BC%E5%88%80_%E5%B7%A5%E4%BD%9C%E5%8D%80%E5%9F%9F-1-%E8%A4%87%E6%9C%AC-19-300x60.webp\" alt=\"\" width=\"300\" height=\"60\"><\/a><\/td>\n<\/tr>\n<tr>\n<td><a href=\"https:\/\/honwaygroup.com\/wp-content\/uploads\/2021\/01\/PF-10L-%E7%B2%BE%E5%AF%86%E7%B5%84%E9%91%BD%E7%9F%B3%E9%8A%BC%E5%88%80_%E5%B7%A5%E4%BD%9C%E5%8D%80%E5%9F%9F-1-%E8%A4%87%E6%9C%AC-25.jpg\"><img loading=\"lazy\" decoding=\"async\" class=\"alignnone wp-image-25874\" src=\"https:\/\/honwaygroup.com\/wp-content\/uploads\/2021\/01\/PF-10L-%E7%B2%BE%E5%AF%86%E7%B5%84%E9%91%BD%E7%9F%B3%E9%8A%BC%E5%88%80_%E5%B7%A5%E4%BD%9C%E5%8D%80%E5%9F%9F-1-%E8%A4%87%E6%9C%AC-25.jpg\" alt=\"\" width=\"90\" height=\"77\"><\/a><\/td>\n<td>6 x 1.5<\/td>\n<td>PF-110 L<\/td>\n<td>PF-110 LF<\/td>\n<td>PF-110LV<\/td>\n<td><a href=\"https:\/\/honwaygroup.com\/wp-content\/uploads\/2021\/01\/PF-10L-%E7%B2%BE%E5%AF%86%E7%B5%84%E9%91%BD%E7%9F%B3%E9%8A%BC%E5%88%80_%E5%B7%A5%E4%BD%9C%E5%8D%80%E5%9F%9F-1-%E8%A4%87%E6%9C%AC-20.webp\"><img loading=\"lazy\" decoding=\"async\" class=\"alignnone size-medium wp-image-25914\" src=\"https:\/\/honwaygroup.com\/wp-content\/uploads\/2021\/01\/PF-10L-%E7%B2%BE%E5%AF%86%E7%B5%84%E9%91%BD%E7%9F%B3%E9%8A%BC%E5%88%80_%E5%B7%A5%E4%BD%9C%E5%8D%80%E5%9F%9F-1-%E8%A4%87%E6%9C%AC-20-300x60.webp\" alt=\"\" width=\"300\" height=\"60\"><\/a><\/td>\n<\/tr>\n<tr>\n<td colspan=\"2\"><strong>B\u1ed9 10<\/strong><\/td>\n<td>PF-100 L<\/td>\n<td>PF-100 LF<\/td>\n<td>PF-100LV<\/td>\n<td><\/td>\n<\/tr>\n<\/tbody>\n<\/table>\n<p>B\u1ea1n c\u00f3 th\u1eafc m\u1eafc g\u00ec v\u1ec1 s\u1ea3n ph\u1ea9m kh\u00f4ng? <a href=\"https:\/\/honwaygroup.com\/vi\/lien-he-voi-honway\/\">Li\u00ean h\u1ec7 v\u1edbi HonWay<\/a><\/p>\n","protected":false},"excerpt":{"rendered":"<ul>\n<li data-start=\"46\" data-end=\"86\">N\u00f3 s\u1eed d\u1ee5ng c\u00e1c h\u1ea1t kim c\u01b0\u01a1ng v\u00e0 ph\u00f9 h\u1ee3p v\u1edbi c\u00e1c v\u1eadt li\u1ec7u c\u1ee9ng nh\u01b0 kim lo\u1ea1i, g\u1ed1m s\u1ee9, th\u1ee7y tinh, s\u1ee3i carbon, v.v.<\/li>\n<li data-start=\"87\" data-end=\"107\">Kh\u1ea3 n\u0103ng ch\u1ed1ng m\u00e0i m\u00f2n cao, tu\u1ed5i th\u1ecd cao, kh\u00f4ng d\u1ec5 b\u1ecb th\u1ee5 \u0111\u1ed9ng h\u00f3a.<\/li>\n<li data-start=\"134\" data-end=\"180\">C\u00e1c k\u1ebft h\u1ee3p ph\u1ed5 bi\u1ebfn bao g\u1ed3m gi\u0169a ph\u1eb3ng, gi\u0169a tr\u00f2n, gi\u0169a n\u1eeda tr\u00f2n, gi\u0169a tam gi\u00e1c, gi\u0169a vu\u00f4ng, gi\u0169a h\u00ecnh dao, v.v., ph\u00f9 h\u1ee3p v\u1edbi c\u00e1c b\u1ed9 ph\u1eadn gia c\u00f4ng kh\u00e1c nhau.<\/li>\n<li data-start=\"181\" data-end=\"209\">Th\u00edch h\u1ee3p \u0111\u1ec3 ho\u00e0n thi\u1ec7n, m\u00e0i, \u0111\u00e1nh b\u00f3ng v\u00e0 c\u00e1c c\u00f4ng vi\u1ec7c tinh x\u1ea3o kh\u00e1c.<\/li>\n<\/ul>\n<h5><strong><span style=\"color: #ff0000;font-size: 19.2px\">\u25b2<\/span><\/strong><strong><span style=\"color: #ff0000;font-size: 19.2px\">N\u1ebfu c\u1ea7n k\u00edch th\u01b0\u1edbc t\u00f9y ch\u1ec9nh, vui l\u00f2ng li\u00ean h\u1ec7 b\u1ed9 ph\u1eadn ch\u0103m s\u00f3c kh\u00e1ch h\u00e0ng. Ng\u00e0y giao h\u00e0ng s\u1ebd ph\u1ee5 thu\u1ed9c v\u00e0o th\u1eddi gian \u0111\u01b0\u1ee3c th\u00f4ng b\u00e1o t\u1eeb b\u1ed9 ph\u1eadn n\u00e0y.<\/span><\/strong><\/h5>\n<h5><strong><span style=\"color: #ff0000;font-size: 19.2px\">\u25b2 \u0110\u1eb7t h\u00e0ng s\u1ed1 l\u01b0\u1ee3ng l\u1edbn c\u00f3 th\u1ec3 \u0111\u01b0\u1ee3c h\u01b0\u1edfng chi\u1ebft kh\u1ea5u \u01b0u \u0111\u00e3i, vui l\u00f2ng li\u00ean h\u1ec7 b\u1ed9 ph\u1eadn ch\u0103m s\u00f3c kh\u00e1ch h\u00e0ng \u0111\u1ec3 bi\u1ebft th\u00eam chi ti\u1ebft.<\/span><\/strong><\/h5>\n<h5><strong><span style=\"color: #ff0000;font-size: 19.2px\">\u25b2<\/span> Th\u1eddi gian giao h\u00e0ng cho<span style=\"color: #ff0000\"> c\u00e1c \u0111\u01a1n \u0111\u1eb7t h\u00e0ng<\/span> <span style=\"color: #ff0000;font-size: 19.2px\">\u1edf \u0110\u00e0i Loan<\/span> <span style=\"color: #ff0000;font-size: 19.2px\">kho\u1ea3ng t\u1eeb 7-14 ng\u00e0y l\u00e0m vi\u1ec7c.<\/span><\/strong><\/h5>\n<h5><strong><span style=\"color: #ff0000;font-size: 19.2px\">\u25b2 <\/span><span style=\"color: #ff0000\">Th\u1eddi gian giao h\u00e0ng cho \u0111\u01a1n h\u00e0ng qu\u1ed1c t\u1ebf kho\u1ea3ng t\u1eeb 7-14 ng\u00e0y, th\u1eddi gian nh\u1eadn h\u00e0ng th\u1ef1c t\u1ebf ph\u1ee5 thu\u1ed9c v\u00e0o t\u00ecnh tr\u1ea1ng v\u1eadn chuy\u1ec3n c\u1ee7a c\u00f4ng ty chuy\u1ec3n ph\u00e1t nhanh.<\/span><\/strong><\/h5>\n","protected":false},"featured_media":83259,"template":"","meta":{"site-sidebar-layout":"default","site-content-layout":"default","ast-site-content-layout":"default","site-content-style":"default","site-sidebar-style":"default","ast-global-header-display":"","ast-banner-title-visibility":"","ast-main-header-display":"","ast-hfb-above-header-display":"","ast-hfb-below-header-display":"","ast-hfb-mobile-header-display":"","site-post-title":"","ast-breadcrumbs-content":"","ast-featured-img":"","footer-sml-layout":"","ast-disable-related-posts":"","theme-transparent-header-meta":"default","adv-header-id-meta":"","stick-header-meta":"default","header-above-stick-meta":"","header-main-stick-meta":"","header-below-stick-meta":"","astra-migrate-meta-layouts":"default","ast-page-background-enabled":"default","ast-page-background-meta":{"desktop":{"background-color":"var(--ast-global-color-5)","background-image":"","background-repeat":"repeat","background-position":"center center","background-size":"auto","background-attachment":"scroll","background-type":"","background-media":"","overlay-type":"","overlay-color":"","overlay-opacity":"","overlay-gradient":""},"tablet":{"background-color":"","background-image":"","background-repeat":"repeat","background-position":"center center","background-size":"auto","background-attachment":"scroll","background-type":"","background-media":"","overlay-type":"","overlay-color":"","overlay-opacity":"","overlay-gradient":""},"mobile":{"background-color":"","background-image":"","background-repeat":"repeat","background-position":"center center","background-size":"auto","background-attachment":"scroll","background-type":"","background-media":"","overlay-type":"","overlay-color":"","overlay-opacity":"","overlay-gradient":""}},"ast-content-background-meta":{"desktop":{"background-color":"var(--ast-global-color-4)","background-image":"","background-repeat":"repeat","background-position":"center center","background-size":"auto","background-attachment":"scroll","background-type":"","background-media":"","overlay-type":"","overlay-color":"","overlay-opacity":"","overlay-gradient":""},"tablet":{"background-color":"var(--ast-global-color-4)","background-image":"","background-repeat":"repeat","background-position":"center center","background-size":"auto","background-attachment":"scroll","background-type":"","background-media":"","overlay-type":"","overlay-color":"","overlay-opacity":"","overlay-gradient":""},"mobile":{"background-color":"var(--ast-global-color-4)","background-image":"","background-repeat":"repeat","background-position":"center center","background-size":"auto","background-attachment":"scroll","background-type":"","background-media":"","overlay-type":"","overlay-color":"","overlay-opacity":"","overlay-gradient":""}}},"product_brand":[],"product_cat":[4389,4378],"product_tag":[5065],"class_list":{"0":"post-83258","1":"product","2":"type-product","3":"status-publish","4":"has-post-thumbnail","6":"product_cat-cong-cu-kim-cuong","7":"product_cat-dua-tay-kim-cuong","8":"product_tag-dua-kim-cuon","9":"desktop-align-left","10":"tablet-align-left","11":"mobile-align-left","12":"ast-product-gallery-layout-horizontal-slider","13":"ast-product-gallery-with-no-image","14":"ast-product-single-variable","15":"ast-product-tabs-layout-horizontal","17":"first","18":"instock","19":"taxable","20":"shipping-taxable","21":"purchasable","22":"product-type-variable"},"_links":{"self":[{"href":"https:\/\/honwaygroup.com\/vi\/wp-json\/wp\/v2\/product\/83258","targetHints":{"allow":["GET"]}}],"collection":[{"href":"https:\/\/honwaygroup.com\/vi\/wp-json\/wp\/v2\/product"}],"about":[{"href":"https:\/\/honwaygroup.com\/vi\/wp-json\/wp\/v2\/types\/product"}],"version-history":[{"count":0,"href":"https:\/\/honwaygroup.com\/vi\/wp-json\/wp\/v2\/product\/83258\/revisions"}],"wp:featuredmedia":[{"embeddable":true,"href":"https:\/\/honwaygroup.com\/vi\/wp-json\/wp\/v2\/media\/83259"}],"wp:attachment":[{"href":"https:\/\/honwaygroup.com\/vi\/wp-json\/wp\/v2\/media?parent=83258"}],"wp:term":[{"taxonomy":"product_brand","embeddable":true,"href":"https:\/\/honwaygroup.com\/vi\/wp-json\/wp\/v2\/product_brand?post=83258"},{"taxonomy":"product_cat","embeddable":true,"href":"https:\/\/honwaygroup.com\/vi\/wp-json\/wp\/v2\/product_cat?post=83258"},{"taxonomy":"product_tag","embeddable":true,"href":"https:\/\/honwaygroup.com\/vi\/wp-json\/wp\/v2\/product_tag?post=83258"}],"curies":[{"name":"wp","href":"https:\/\/api.w.org\/{rel}","templated":true}]}}