{"id":83217,"date":"2021-01-24T01:54:49","date_gmt":"2021-01-23T17:54:49","guid":{"rendered":"https:\/\/honwaygroup.com\/product\/dung-cu-cam-tay-de-lam-moi-be-mat-bang-kim-cuong\/"},"modified":"2025-09-22T13:31:18","modified_gmt":"2025-09-22T05:31:18","slug":"dung-cu-cam-tay-de-lam-moi-be-mat-bang-kim-cuong","status":"publish","type":"product","link":"https:\/\/honwaygroup.com\/vi\/product\/dung-cu-cam-tay-de-lam-moi-be-mat-bang-kim-cuong\/","title":{"rendered":"M\u00e1y c\u1eaft kim c\u01b0\u01a1ng c\u1ea7m tay"},"content":{"rendered":"<h1><strong>K\u00edch th\u01b0\u1edbc ph\u00e2n kh\u00fac kim c\u01b0\u01a1ng<\/strong><\/h1>\n<h2><\/h2>\n<h2>\u1ee8ng d\u1ee5ng:<\/h2>\n<ul>\n<li>C\u00e1c c\u00f4ng c\u1ee5 c\u00f3 th\u1ec3 \u0111\u01b0\u1ee3c s\u1eed d\u1ee5ng \u0111\u1ec3 h\u1ed7 tr\u1ee3 nghi\u1ec1n <a href=\"https:\/\/baike.baidu.hk\/item\/%E7%B4%B0%E7%93%B7\/10034092\" rel=\"nofollow noopener\" target=\"_blank\">s\u1ee9 m\u1ecbn<\/a>, <a href=\"https:\/\/zh.wikipedia.org\/wiki\/%E7%A2%B3%E5%8C%96%E7%89%A9\" rel=\"nofollow noopener\" target=\"_blank\">cacbua v\u00e0 h\u1ee3p<\/a> <a href=\"https:\/\/zh.wikipedia.org\/wiki\/%E9%8B%81%E5%90%88%E9%87%91\" rel=\"nofollow noopener\" target=\"_blank\">kim nh\u00f4m<\/a><\/li>\n<\/ul>\n<h2>Thong s\u1ed1 k\u1ef9 thu\u1eadt s\u1ea3n ph\u1ea9m:<\/h2>\n<p><a href=\"https:\/\/honwaygroup.com\/wp-content\/uploads\/2021\/01\/%E6%89%8B%E6%8C%81%E5%BC%8F%E9%91%BD%E7%9F%B3%E4%BF%AE%E5%88%80_%E5%B7%A5%E4%BD%9C%E5%8D%80%E5%9F%9F-1-%E8%A4%87%E6%9C%AC-28.webp\"><img fetchpriority=\"high\" decoding=\"async\" class=\"alignnone size-full wp-image-27359\" src=\"https:\/\/honwaygroup.com\/wp-content\/uploads\/2021\/01\/%E6%89%8B%E6%8C%81%E5%BC%8F%E9%91%BD%E7%9F%B3%E4%BF%AE%E5%88%80_%E5%B7%A5%E4%BD%9C%E5%8D%80%E5%9F%9F-1-%E8%A4%87%E6%9C%AC-28.webp\" alt=\"\" width=\"1253\" height=\"250\"><\/a><\/p>\n<p>\u0110\u01a1n v\u1ecb: mm<\/p>\n<table class=\"specTable\" width=\"100%\">\n<tbody>\n<tr>\n<th>Lo\u1ea1i<\/th>\n<th>S\u1ed1 l\u01b0\u1ee3ng<\/th>\n<th>M\u1ea3nh kim c\u01b0\u01a1ng<\/th>\n<th>K\u00edch th\u01b0\u1edbc h\u1ea1t<\/th>\n<\/tr>\n<tr>\n<td width=\"30%\"><strong>Type 01<\/strong><\/p>\n<p><a href=\"https:\/\/honwaygroup.com\/wp-content\/uploads\/2021\/01\/%E6%89%8B%E6%8C%81%E5%BC%8F%E9%91%BD%E7%9F%B3%E4%BF%AE%E5%88%80_%E5%B7%A5%E4%BD%9C%E5%8D%80%E5%9F%9F-1-%E8%A4%87%E6%9C%AC-29.webp\"><img decoding=\"async\" class=\"alignnone size-full wp-image-27363\" src=\"https:\/\/honwaygroup.com\/wp-content\/uploads\/2021\/01\/%E6%89%8B%E6%8C%81%E5%BC%8F%E9%91%BD%E7%9F%B3%E4%BF%AE%E5%88%80_%E5%B7%A5%E4%BD%9C%E5%8D%80%E5%9F%9F-1-%E8%A4%87%E6%9C%AC-29.webp\" alt=\"\" width=\"1253\" height=\"250\"><\/a><\/p>\n<p>\u7e3d\u9577 : 160mm<\/td>\n<td>HD &#8211; 01R<br \/>\nHD &#8211; 01F<\/td>\n<td width=\"13%\"><a href=\"https:\/\/honwaygroup.com\/wp-content\/uploads\/2021\/01\/%E6%89%8B%E6%8C%81%E5%BC%8F%E9%91%BD%E7%9F%B3%E4%BF%AE%E5%88%80_%E5%B7%A5%E4%BD%9C%E5%8D%80%E5%9F%9F-1-%E8%A4%87%E6%9C%AC-5-1.webp\"><img decoding=\"async\" class=\"alignnone size-full wp-image-27376\" src=\"https:\/\/honwaygroup.com\/wp-content\/uploads\/2021\/01\/%E6%89%8B%E6%8C%81%E5%BC%8F%E9%91%BD%E7%9F%B3%E4%BF%AE%E5%88%80_%E5%B7%A5%E4%BD%9C%E5%8D%80%E5%9F%9F-1-%E8%A4%87%E6%9C%AC-5-1.webp\" alt=\"\" width=\"292\" height=\"250\"><\/a><\/td>\n<td>R: L\u01b0\u1edbi th\u00f4<br \/>\nF: Chi ti\u1ebft<\/td>\n<\/tr>\n<tr>\n<td><strong>Type 02<\/strong><\/p>\n<p><a href=\"https:\/\/honwaygroup.com\/wp-content\/uploads\/2021\/01\/%E6%89%8B%E6%8C%81%E5%BC%8F%E9%91%BD%E7%9F%B3%E4%BF%AE%E5%88%80_%E5%B7%A5%E4%BD%9C%E5%8D%80%E5%9F%9F-1-%E8%A4%87%E6%9C%AC-30.webp\"><img loading=\"lazy\" decoding=\"async\" class=\"alignnone size-full wp-image-27367\" src=\"https:\/\/honwaygroup.com\/wp-content\/uploads\/2021\/01\/%E6%89%8B%E6%8C%81%E5%BC%8F%E9%91%BD%E7%9F%B3%E4%BF%AE%E5%88%80_%E5%B7%A5%E4%BD%9C%E5%8D%80%E5%9F%9F-1-%E8%A4%87%E6%9C%AC-30.webp\" alt=\"\" width=\"1253\" height=\"250\"><\/a><\/p>\n<p>T\u1ed5ng chi\u1ec1u d\u00e0i : 200mm<\/p>\n<p><a href=\"https:\/\/honwaygroup.com\/wp-content\/uploads\/2021\/01\/%E6%89%8B%E6%8C%81%E5%BC%8F%E9%91%BD%E7%9F%B3%E4%BF%AE%E5%88%80_%E5%B7%A5%E4%BD%9C%E5%8D%80%E5%9F%9F-1-%E8%A4%87%E6%9C%AC-31.webp\"><img loading=\"lazy\" decoding=\"async\" class=\"alignnone size-full wp-image-27371\" src=\"https:\/\/honwaygroup.com\/wp-content\/uploads\/2021\/01\/%E6%89%8B%E6%8C%81%E5%BC%8F%E9%91%BD%E7%9F%B3%E4%BF%AE%E5%88%80_%E5%B7%A5%E4%BD%9C%E5%8D%80%E5%9F%9F-1-%E8%A4%87%E6%9C%AC-31.webp\" alt=\"\" width=\"1253\" height=\"250\"><\/a><\/td>\n<td>HD &#8211; 02R<br \/>\nHD &#8211; 02F<\/td>\n<td><a href=\"https:\/\/honwaygroup.com\/wp-content\/uploads\/2021\/01\/%E6%89%8B%E6%8C%81%E5%BC%8F%E9%91%BD%E7%9F%B3%E4%BF%AE%E5%88%80_%E5%B7%A5%E4%BD%9C%E5%8D%80%E5%9F%9F-1-%E8%A4%87%E6%9C%AC-6-1.webp\"><img loading=\"lazy\" decoding=\"async\" class=\"alignnone size-full wp-image-27380\" src=\"https:\/\/honwaygroup.com\/wp-content\/uploads\/2021\/01\/%E6%89%8B%E6%8C%81%E5%BC%8F%E9%91%BD%E7%9F%B3%E4%BF%AE%E5%88%80_%E5%B7%A5%E4%BD%9C%E5%8D%80%E5%9F%9F-1-%E8%A4%87%E6%9C%AC-6-1.webp\" alt=\"\" width=\"292\" height=\"250\"><\/a><\/td>\n<td>R: L\u01b0\u1edbi th\u00f4<br \/>\nF: Chi ti\u1ebft<\/td>\n<\/tr>\n<\/tbody>\n<\/table>\n<p>C\u00f3 b\u1ea5t k\u1ef3 th\u1eafc m\u1eafc n\u00e0o kh\u00f4ng? <a href=\"https:\/\/honwaygroup.com\/vi\/lien-he-voi-honway\/\">Li\u00ean h\u1ec7 v\u1edbi HonWay<\/a><\/p>\n","protected":false},"excerpt":{"rendered":"<ul>\n<li>C\u00e1c c\u00f4ng c\u1ee5 c\u00f3 th\u1ec3 \u0111\u01b0\u1ee3c s\u1eed d\u1ee5ng \u0111\u1ec3 h\u1ed7 tr\u1ee3 nghi\u1ec1n <a href=\"https:\/\/baike.baidu.hk\/item\/%E7%B4%B0%E7%93%B7\/10034092\">s\u1ee9 m\u1ecbn<\/a>, <a href=\"https:\/\/zh.wikipedia.org\/wiki\/%E7%A2%B3%E5%8C%96%E7%89%A9\">cacbua v\u00e0 h\u1ee3p<\/a> <a href=\"https:\/\/zh.wikipedia.org\/wiki\/%E9%8B%81%E5%90%88%E9%87%91\">kim nh\u00f4m<\/a><\/li>\n<\/ul>\n<h5><strong><span style=\"color: #ff0000; font-size: 19.2px;\">\u25b2<\/span><\/strong><strong><span style=\"color: #ff0000; font-size: 19.2px;\"> N\u1ebfu c\u1ea7n k\u00edch th\u01b0\u1edbc t\u00f9y ch\u1ec9nh, vui l\u00f2ng li\u00ean h\u1ec7 b\u1ed9 ph\u1eadn ch\u0103m s\u00f3c kh\u00e1ch h\u00e0ng.<\/span><\/strong><\/h5>\n<h5><strong><span style=\"color: #ff0000; font-size: 19.2px;\">\u25b2 \u0110\u1eb7t h\u00e0ng s\u1ed1 l\u01b0\u1ee3ng l\u1edbn c\u00f3 th\u1ec3 \u0111\u01b0\u1ee3c h\u01b0\u1edfng chi\u1ebft kh\u1ea5u \u01b0u \u0111\u00e3i, vui l\u00f2ng li\u00ean h\u1ec7 b\u1ed9 ph\u1eadn ch\u0103m s\u00f3c kh\u00e1ch h\u00e0ng \u0111\u1ec3 bi\u1ebft th\u00eam chi ti\u1ebft.<br \/>\n<\/span><\/strong><\/h5>\n<h5><strong><span style=\"color: #ff0000;\">\u25b2 Vui l\u00f2ng li\u00ean h\u1ec7 b\u1ed9 ph\u1eadn ch\u0103m s\u00f3c kh\u00e1ch h\u00e0ng \u0111\u1ec3 h\u1ecfi v\u1ec1 th\u1eddi gian giao h\u00e0ng c\u1ee7a \u0111\u01a1n \u0111\u1eb7t h\u00e0ng<\/span>:<a href=\"https:\/\/honwaygroup.com\/vi\/lien-he-voi-honway\/\"> Li\u00ean h\u1ec7 HonWay.<\/a><\/strong><\/h5>\n","protected":false},"featured_media":83218,"template":"","meta":{"site-sidebar-layout":"default","site-content-layout":"default","ast-site-content-layout":"default","site-content-style":"default","site-sidebar-style":"default","ast-global-header-display":"","ast-banner-title-visibility":"","ast-main-header-display":"","ast-hfb-above-header-display":"","ast-hfb-below-header-display":"","ast-hfb-mobile-header-display":"","site-post-title":"","ast-breadcrumbs-content":"","ast-featured-img":"","footer-sml-layout":"","ast-disable-related-posts":"","theme-transparent-header-meta":"default","adv-header-id-meta":"","stick-header-meta":"default","header-above-stick-meta":"","header-main-stick-meta":"","header-below-stick-meta":"","astra-migrate-meta-layouts":"default","ast-page-background-enabled":"default","ast-page-background-meta":{"desktop":{"background-color":"var(--ast-global-color-5)","background-image":"","background-repeat":"repeat","background-position":"center center","background-size":"auto","background-attachment":"scroll","background-type":"","background-media":"","overlay-type":"","overlay-color":"","overlay-opacity":"","overlay-gradient":""},"tablet":{"background-color":"","background-image":"","background-repeat":"repeat","background-position":"center center","background-size":"auto","background-attachment":"scroll","background-type":"","background-media":"","overlay-type":"","overlay-color":"","overlay-opacity":"","overlay-gradient":""},"mobile":{"background-color":"","background-image":"","background-repeat":"repeat","background-position":"center center","background-size":"auto","background-attachment":"scroll","background-type":"","background-media":"","overlay-type":"","overlay-color":"","overlay-opacity":"","overlay-gradient":""}},"ast-content-background-meta":{"desktop":{"background-color":"var(--ast-global-color-4)","background-image":"","background-repeat":"repeat","background-position":"center center","background-size":"auto","background-attachment":"scroll","background-type":"","background-media":"","overlay-type":"","overlay-color":"","overlay-opacity":"","overlay-gradient":""},"tablet":{"background-color":"var(--ast-global-color-4)","background-image":"","background-repeat":"repeat","background-position":"center center","background-size":"auto","background-attachment":"scroll","background-type":"","background-media":"","overlay-type":"","overlay-color":"","overlay-opacity":"","overlay-gradient":""},"mobile":{"background-color":"var(--ast-global-color-4)","background-image":"","background-repeat":"repeat","background-position":"center center","background-size":"auto","background-attachment":"scroll","background-type":"","background-media":"","overlay-type":"","overlay-color":"","overlay-opacity":"","overlay-gradient":""}}},"product_brand":[],"product_cat":[4389,4377],"product_tag":[4792,4943],"class_list":{"0":"post-83217","1":"product","2":"type-product","3":"status-publish","4":"has-post-thumbnail","6":"product_cat-cong-cu-kim-cuong","7":"product_cat-cong-cu-sua-chua-kim-cuong","8":"product_tag-dao-sua-da-kim-cuong-cam-tay","9":"product_tag--vi","10":"desktop-align-left","11":"tablet-align-left","12":"mobile-align-left","13":"ast-product-gallery-layout-horizontal-slider","14":"ast-product-gallery-with-no-image","15":"ast-product-single-variable","16":"ast-product-tabs-layout-horizontal","18":"first","19":"instock","20":"taxable","21":"shipping-taxable","22":"purchasable","23":"product-type-variable"},"_links":{"self":[{"href":"https:\/\/honwaygroup.com\/vi\/wp-json\/wp\/v2\/product\/83217","targetHints":{"allow":["GET"]}}],"collection":[{"href":"https:\/\/honwaygroup.com\/vi\/wp-json\/wp\/v2\/product"}],"about":[{"href":"https:\/\/honwaygroup.com\/vi\/wp-json\/wp\/v2\/types\/product"}],"version-history":[{"count":0,"href":"https:\/\/honwaygroup.com\/vi\/wp-json\/wp\/v2\/product\/83217\/revisions"}],"wp:featuredmedia":[{"embeddable":true,"href":"https:\/\/honwaygroup.com\/vi\/wp-json\/wp\/v2\/media\/83218"}],"wp:attachment":[{"href":"https:\/\/honwaygroup.com\/vi\/wp-json\/wp\/v2\/media?parent=83217"}],"wp:term":[{"taxonomy":"product_brand","embeddable":true,"href":"https:\/\/honwaygroup.com\/vi\/wp-json\/wp\/v2\/product_brand?post=83217"},{"taxonomy":"product_cat","embeddable":true,"href":"https:\/\/honwaygroup.com\/vi\/wp-json\/wp\/v2\/product_cat?post=83217"},{"taxonomy":"product_tag","embeddable":true,"href":"https:\/\/honwaygroup.com\/vi\/wp-json\/wp\/v2\/product_tag?post=83217"}],"curies":[{"name":"wp","href":"https:\/\/api.w.org\/{rel}","templated":true}]}}