{"id":83200,"date":"2021-01-24T15:53:44","date_gmt":"2021-01-24T07:53:44","guid":{"rendered":"https:\/\/honwaygroup.com\/product\/hop-chat-kim-cuong-da-tinh-the-hieu-qua-cao-danh-cho-thep-khuon-mau\/"},"modified":"2021-01-24T15:53:44","modified_gmt":"2021-01-24T07:53:44","slug":"hop-chat-kim-cuong-da-tinh-the-hieu-qua-cao-danh-cho-thep-khuon-mau","status":"publish","type":"product","link":"https:\/\/honwaygroup.com\/vi\/product\/hop-chat-kim-cuong-da-tinh-the-hieu-qua-cao-danh-cho-thep-khuon-mau\/","title":{"rendered":"H\u1ee3p ch\u1ea5t kim c\u01b0\u01a1ng \u0111a tinh th\u1ec3 hi\u1ec7u qu\u1ea3 cao (d\u00e0nh cho th\u00e9p khu\u00f4n m\u1eabu)"},"content":{"rendered":"<h3><strong>H\u1ee3p ch\u1ea5t kim c\u01b0\u01a1ng \u0111a tinh th\u1ec3 hi\u1ec7u qu\u1ea3 cao (d\u00e0nh cho th\u00e9p khu\u00f4n m\u1eabu)<\/strong><\/h3>\n<figure id=\"attachment_16957\" aria-describedby=\"caption-attachment-16957\" style=\"width: 724px\" class=\"wp-caption alignnone\"><a href=\"https:\/\/honwaygroup.com\/wp-content\/uploads\/2016\/02\/%E5%AE%8F%E5%B4%B4%E9%91%BD%E7%9F%B3%E7%A3%A8%E6%A3%92DM28-01-scaled.jpg\"><img fetchpriority=\"high\" decoding=\"async\" class=\"wp-image-1607 size-large\" src=\"https:\/\/honwaygroup.com\/wp-content\/uploads\/2016\/02\/%E5%AE%8F%E5%B4%B4%E9%91%BD%E7%9F%B3%E7%A3%A8%E6%A3%92DM28-01-724x1024.jpg\" alt=\"H\u1ee3p ch\u1ea5t kim c\u01b0\u01a1ng \u0111a tinh th\u1ec3 hi\u1ec7u qu\u1ea3 cao (d\u00e0nh cho th\u00e9p khu\u00f4n m\u1eabu)\" width=\"724\" height=\"1024\"><\/a><figcaption id=\"caption-attachment-16957\" class=\"wp-caption-text\">H\u1ee3p ch\u1ea5t kim c\u01b0\u01a1ng \u0111a tinh th\u1ec3 hi\u1ec7u qu\u1ea3 cao (d\u00e0nh cho th\u00e9p khu\u00f4n m\u1eabu)<\/figcaption><\/figure>\n<p>H\u1ee3p ch\u1ea5t kim c\u01b0\u01a1ng l\u00e0 m\u1ed9t ch\u1ea5t \u0111\u00e1nh b\u00f3ng th\u01b0\u1eddng \u0111\u01b0\u1ee3c s\u1eed d\u1ee5ng v\u00e0 c\u00f3 th\u1ec3 mang l\u1ea1i k\u1ebft qu\u1ea3 t\u1ed1t nh\u1ea5t n\u1ebfu s\u1eed d\u1ee5ng \u0111\u00fang c\u00e1ch.<\/p>\n<p>C\u00e1c d\u1ee5ng c\u1ee5 <a href=\"https:\/\/zh.wikipedia.org\/zh-mo\/%E6%8A%9B%E5%85%89\" rel=\"nofollow noopener\" target=\"_blank\">\u0111\u00e1nh b\u00f3ng<\/a>, t\u1eeb c\u00e1c lo\u1ea1i s\u1ee3i kh\u00e1c nhau \u0111\u1ebfn mi\u1ebfng \u0111\u1ec7m d\u00ednh, c\u00f3 s\u1eb5n v\u1edbi \u0111\u1ed9 c\u1ee9ng kh\u00e1c nhau. V\u00ed d\u1ee5 nh\u01b0 nylon, gi\u1ea5y, nhung, b\u00f4ng, v.v. <\/p>\n<h4><\/h4>\n<h4><strong>C\u1ea9n th\u1eadn khi \u0111\u00e1nh b\u00f3ng:<\/strong><\/h4>\n<ol>\n<li> Vi\u1ec7c \u0111\u00e1nh b\u00f3ng c\u1ea7n \u0111\u01b0\u1ee3c th\u1ef1c hi\u1ec7n trong khu v\u1ef1c kh\u00f4ng c\u00f3 b\u1ee5i v\u00e0 th\u00f4ng tho\u00e1ng, v\u00ec c\u00e1c h\u1ea1t b\u1ee5i c\u1ee9ng c\u00f3 xu h\u01b0\u1edbng b\u00e1m v\u00e0o h\u1ee3p ch\u1ea5t kim c\u01b0\u01a1ng v\u00e0 l\u00e0m h\u1ecfng b\u1ec1 m\u1eb7t \u0111\u01b0\u1ee3c \u0111\u00e1nh b\u00f3ng.<\/li>\n<li>M\u1ed7i d\u1ee5ng c\u1ee5 \u0111\u00e1nh b\u00f3ng ch\u1ec9 n\u00ean \u0111\u01b0\u1ee3c s\u1eed d\u1ee5ng cho m\u1ed9t lo\u1ea1i h\u1ee3p ch\u1ea5t kim c\u01b0\u01a1ng v\u00e0 c\u1ea7n \u0111\u01b0\u1ee3c b\u1ea3o v\u1ec7 kh\u1ecfi b\u1ee5i.<\/li>\n<li>R\u1eeda tay v\u00e0 v\u1eadt li\u1ec7u m\u1ed7i l\u1ea7n thay \u0111\u1ed5i h\u1ee3p ch\u1ea5t kim c\u01b0\u01a1ng.<\/li>\n<li>\u0110i\u1ec1u ch\u1ec9nh \u00e1p l\u1ef1c \u0111\u00e1nh b\u00f3ng ph\u00f9 h\u1ee3p v\u1edbi \u0111\u1ed9 c\u1ee9ng c\u1ee7a d\u1ee5ng c\u1ee5 \u0111\u00e1nh b\u00f3ng v\u00e0 k\u00edch th\u01b0\u1edbc h\u1ea1t c\u1ee7a h\u1ee3p ch\u1ea5t kim c\u01b0\u01a1ng; \u0111\u1ed1i v\u1edbi h\u1ee3p ch\u1ea5t kim c\u01b0\u01a1ng m\u1ecbn nh\u1ea5t, \u00e1p l\u1ef1c l\u1edbn b\u1eb1ng tr\u1ecdng l\u01b0\u1ee3ng c\u1ee7a d\u1ee5ng c\u1ee5 \u0111\u00e1nh b\u00f3ng l\u00e0 \u0111\u1ee7.<\/li>\n<li>Vi\u1ec7c \u0111\u00e1nh b\u00f3ng n\u00ean b\u1eaft \u0111\u1ea7u t\u1eeb c\u00e1c g\u00f3c, c\u1ea1nh, chi ti\u1ebft ho\u1eb7c c\u00e1c ph\u1ea7n kh\u00e1c c\u1ee7a khu\u00f4n m\u1eabu.<\/li>\n<\/ol>\n<p>N\u1ebfu b\u1ea1n c\u00f3 b\u1ea5t k\u1ef3 c\u00e2u h\u1ecfi n\u00e0o, \u0111\u1eebng ng\u1ea7n ng\u1ea1i h\u1ecfi nh\u00e9! <a href=\"https:\/\/honwaygroup.com\/vi\/lien-he-voi-honway\/\">Li\u00ean h\u1ec7 HonWay<\/a><\/p>\n","protected":false},"excerpt":{"rendered":"<ul>\n<li>Ph\u00f9 h\u1ee3p v\u1edbi t\u1ea5t c\u1ea3 c\u00e1c lo\u1ea1i kim lo\u1ea1i.\n<\/li>\n<li>Lo\u1ea1i b\u1ecf r\u1ec9 s\u00e9t, ch\u1ed1ng r\u1ec9 s\u00e9t v\u00e0 \u0111\u00e1nh b\u00f3ng ch\u1ec9 trong m\u1ed9t b\u01b0\u1edbc<\/li>\n<li>T\u1ef1 nhi\u00ean, kh\u00f4ng \u0111\u1ed9c h\u1ea1i, kh\u00f4ng g\u00e2y k\u00edch \u1ee9ng v\u00e0 kh\u00f4ng c\u00f3 m\u00f9i.<\/li>\n<li>C\u00e1c s\u1ea3n ph\u1ea9m ti\u00eau chu\u1ea9n \u0111\u01b0\u1ee3c \u0111\u00f3ng g\u00f3i v\u1edbi 5 gram keo kim c\u01b0\u01a1ng tan trong d\u1ea7u. N\u1ebfu c\u1ea7n keo kim c\u01b0\u01a1ng tan trong n\u01b0\u1edbc, vui l\u00f2ng ghi r\u00f5 khi \u0111\u1eb7t h\u00e0ng. <\/li>\n<\/ul>\n<h5><span style=\"color: #ff0000;\"><strong>\u25b2 <\/strong><strong>\u0110\u1ed1i v\u1edbi k\u00edch th\u01b0\u1edbc t\u00f9y ch\u1ec9nh, vui l\u00f2ng li\u00ean h\u1ec7 v\u1edbi b\u1ed9 ph\u1eadn ch\u0103m s\u00f3c kh\u00e1ch h\u00e0ng.<\/strong><\/span><\/h5>\n<h5><strong><span style=\"color: #ff0000; font-size: 19.2px;\">\u25b2 \u0110\u01a1n h\u00e0ng l\u1edbn c\u00f3 th\u1ec3 \u0111\u01b0\u1ee3c h\u01b0\u1edfng \u01b0u \u0111\u00e3i gi\u1ea3m gi\u00e1, vui l\u00f2ng li\u00ean h\u1ec7 v\u1edbi b\u1ed9 ph\u1eadn ch\u0103m s\u00f3c kh\u00e1ch h\u00e0ng.<br \/>\n<\/span><\/strong><\/h5>\n<h5><strong><span style=\"color: #ff0000; font-size: 19.2px;\">\u25b2<\/span><span style=\"color: #ff0000;\">\u0110\u01a1n \u0111\u1eb7t h\u00e0ng<\/span> t\u1eeb <span style=\"color: #ff0000; font-size: 19.2px;\">\u0110\u00e0i Loan<\/span> <span style=\"color: #ff0000; font-size: 19.2px;\">s\u1ebd \u0111\u01b0\u1ee3c giao trong kho\u1ea3ng 7-14 ng\u00e0y.<\/span><\/strong><\/h5>\n<h5><strong><span style=\"color: #ff0000; font-size: 19.2px;\">\u25b2<\/span><span style=\"color: #ff0000;\">\u0110\u01a1n h\u00e0ng qu\u1ed1c t\u1ebf s\u1ebd \u0111\u01b0\u1ee3c giao trong kho\u1ea3ng 7-14 ng\u00e0y. Th\u1eddi gian giao h\u00e0ng th\u1ef1c t\u1ebf ph\u1ee5 thu\u1ed9c v\u00e0o t\u00ecnh h\u00ecnh giao h\u00e0ng c\u1ee7a c\u00f4ng ty chuy\u1ec3n ph\u00e1t. <\/span><\/strong><\/h5>\n","protected":false},"featured_media":83184,"template":"","meta":{"site-sidebar-layout":"default","site-content-layout":"default","ast-site-content-layout":"default","site-content-style":"default","site-sidebar-style":"default","ast-global-header-display":"","ast-banner-title-visibility":"","ast-main-header-display":"","ast-hfb-above-header-display":"","ast-hfb-below-header-display":"","ast-hfb-mobile-header-display":"","site-post-title":"","ast-breadcrumbs-content":"","ast-featured-img":"","footer-sml-layout":"","ast-disable-related-posts":"","theme-transparent-header-meta":"default","adv-header-id-meta":"","stick-header-meta":"default","header-above-stick-meta":"","header-main-stick-meta":"","header-below-stick-meta":"","astra-migrate-meta-layouts":"default","ast-page-background-enabled":"default","ast-page-background-meta":{"desktop":{"background-color":"var(--ast-global-color-5)","background-image":"","background-repeat":"repeat","background-position":"center center","background-size":"auto","background-attachment":"scroll","background-type":"","background-media":"","overlay-type":"","overlay-color":"","overlay-opacity":"","overlay-gradient":""},"tablet":{"background-color":"","background-image":"","background-repeat":"repeat","background-position":"center center","background-size":"auto","background-attachment":"scroll","background-type":"","background-media":"","overlay-type":"","overlay-color":"","overlay-opacity":"","overlay-gradient":""},"mobile":{"background-color":"","background-image":"","background-repeat":"repeat","background-position":"center center","background-size":"auto","background-attachment":"scroll","background-type":"","background-media":"","overlay-type":"","overlay-color":"","overlay-opacity":"","overlay-gradient":""}},"ast-content-background-meta":{"desktop":{"background-color":"var(--ast-global-color-4)","background-image":"","background-repeat":"repeat","background-position":"center center","background-size":"auto","background-attachment":"scroll","background-type":"","background-media":"","overlay-type":"","overlay-color":"","overlay-opacity":"","overlay-gradient":""},"tablet":{"background-color":"var(--ast-global-color-4)","background-image":"","background-repeat":"repeat","background-position":"center center","background-size":"auto","background-attachment":"scroll","background-type":"","background-media":"","overlay-type":"","overlay-color":"","overlay-opacity":"","overlay-gradient":""},"mobile":{"background-color":"var(--ast-global-color-4)","background-image":"","background-repeat":"repeat","background-position":"center center","background-size":"auto","background-attachment":"scroll","background-type":"","background-media":"","overlay-type":"","overlay-color":"","overlay-opacity":"","overlay-gradient":""}}},"product_brand":[],"product_cat":[4367,4698,4399,4303,4424,4702,4372,4304,4302,4426,4299,4420,4300],"product_tag":[4779],"class_list":{"0":"post-83200","1":"product","2":"type-product","3":"status-publish","4":"has-post-thumbnail","6":"product_cat-vat-lieu-mai-mem","7":"product_cat-dang-nguyen-lieu","8":"product_cat-da-tinh-the-kem-mai-vi","9":"product_cat-gom","10":"product_cat-hinh-thuc-ung-dung","11":"product_cat-kem","12":"product_cat-kem-mai","13":"product_cat-kim-loai-phi-sat-nickel","14":"product_cat-kim-loai-sat-nickel","15":"product_cat-vat-lieu-danh-bong","16":"product_cat-vat-lieu-gia-cong","17":"product_cat-vat-lieu-mai-sieu-cung","18":"product_cat-vat-lieu-phi-kim-loai-cho-nhua-va-cao-su","19":"product_tag-kem-kim-cuong-da-tinh-the","20":"desktop-align-left","21":"tablet-align-left","22":"mobile-align-left","23":"ast-product-gallery-layout-horizontal-slider","24":"ast-product-gallery-with-no-image","25":"ast-product-single-variable","26":"ast-product-tabs-layout-horizontal","28":"first","29":"instock","30":"taxable","31":"shipping-taxable","32":"purchasable","33":"product-type-variable"},"_links":{"self":[{"href":"https:\/\/honwaygroup.com\/vi\/wp-json\/wp\/v2\/product\/83200","targetHints":{"allow":["GET"]}}],"collection":[{"href":"https:\/\/honwaygroup.com\/vi\/wp-json\/wp\/v2\/product"}],"about":[{"href":"https:\/\/honwaygroup.com\/vi\/wp-json\/wp\/v2\/types\/product"}],"version-history":[{"count":0,"href":"https:\/\/honwaygroup.com\/vi\/wp-json\/wp\/v2\/product\/83200\/revisions"}],"wp:featuredmedia":[{"embeddable":true,"href":"https:\/\/honwaygroup.com\/vi\/wp-json\/wp\/v2\/media\/83184"}],"wp:attachment":[{"href":"https:\/\/honwaygroup.com\/vi\/wp-json\/wp\/v2\/media?parent=83200"}],"wp:term":[{"taxonomy":"product_brand","embeddable":true,"href":"https:\/\/honwaygroup.com\/vi\/wp-json\/wp\/v2\/product_brand?post=83200"},{"taxonomy":"product_cat","embeddable":true,"href":"https:\/\/honwaygroup.com\/vi\/wp-json\/wp\/v2\/product_cat?post=83200"},{"taxonomy":"product_tag","embeddable":true,"href":"https:\/\/honwaygroup.com\/vi\/wp-json\/wp\/v2\/product_tag?post=83200"}],"curies":[{"name":"wp","href":"https:\/\/api.w.org\/{rel}","templated":true}]}}