{"id":83183,"date":"2021-01-24T16:47:08","date_gmt":"2021-01-24T08:47:08","guid":{"rendered":"https:\/\/honwaygroup.com\/product\/hop-chat-kim-cuong-da-tinh-the-kinh-te-danh-cho-thep-khuon-mau\/"},"modified":"2025-09-19T09:41:17","modified_gmt":"2025-09-19T01:41:17","slug":"hop-chat-kim-cuong-da-tinh-the-kinh-te-danh-cho-thep-khuon-mau","status":"publish","type":"product","link":"https:\/\/honwaygroup.com\/vi\/product\/hop-chat-kim-cuong-da-tinh-the-kinh-te-danh-cho-thep-khuon-mau\/","title":{"rendered":"Keo d\u00e1n kim c\u01b0\u01a1ng \u0111a tinh th\u1ec3 ti\u1ebft ki\u1ec7m (d\u00e0nh cho th\u00e9p khu\u00f4n)"},"content":{"rendered":"<h3><strong>Keo d\u00e1n kim c\u01b0\u01a1ng \u0111a tinh th\u1ec3 ti\u1ebft ki\u1ec7m (d\u00e0nh cho th\u00e9p khu\u00f4n)<\/strong><\/h3>\n<p>B\u1ed9t kim c\u01b0\u01a1ng l\u00e0 ch\u1ea5t \u0111\u00e1nh b\u00f3ng \u0111\u01b0\u1ee3c s\u1eed d\u1ee5ng ph\u1ed5 bi\u1ebfn v\u00e0 c\u00f3 th\u1ec3 \u0111\u1ea1t \u0111\u01b0\u1ee3c k\u1ebft qu\u1ea3 t\u1ed1t nh\u1ea5t n\u1ebfu s\u1eed d\u1ee5ng \u0111\u00fang c\u00e1ch.<\/p>\n<p>D\u1ee5ng c\u1ee5 \u0111\u00e1nh b\u00f3ng c\u00f3 s\u1eb5n \u0111\u01b0\u1ee3c l\u00e0m t\u1eeb nhi\u1ec1u lo\u1ea1i v\u1eadt li\u1ec7u kh\u00e1c nhau, t\u1eeb c\u00e1c lo\u1ea1i s\u1ee3i kh\u00e1c nhau \u0111\u1ebfn mi\u1ebfng \u0111\u1ec7m d\u00ednh v\u00e0 c\u00f3 nhi\u1ec1u m\u1ee9c \u0111\u1ed9 c\u1ee9ng kh\u00e1c nhau, ch\u1eb3ng h\u1ea1n nh\u01b0 nylon, gi\u1ea5y, nhung v\u00e0 cotton. <\/p>\n<h4><\/h4>\n<h4><strong>L\u01b0u \u00fd khi \u0111\u00e1nh b\u00f3ng:<\/strong><\/h4>\n<ol>\n<li> Vi\u1ec7c \u0111\u00e1nh b\u00f3ng n\u00ean \u0111\u01b0\u1ee3c th\u1ef1c hi\u1ec7n \u1edf n\u01a1i th\u00f4ng tho\u00e1ng, kh\u00f4ng c\u00f3 b\u1ee5i v\u00ec c\u00e1c h\u1ea1t b\u1ee5i c\u1ee9ng c\u00f3 th\u1ec3 d\u1ec5 d\u00e0ng b\u00e1m v\u00e0o b\u1ed9t kim c\u01b0\u01a1ng v\u00e0 l\u00e0m h\u1ecfng b\u1ec1 m\u1eb7t c\u1ea7n \u0111\u00e1nh b\u00f3ng.<\/li>\n<li>M\u1ed7i d\u1ee5ng c\u1ee5 \u0111\u00e1nh b\u00f3ng ch\u1ec9 n\u00ean s\u1eed d\u1ee5ng cho m\u1ed9t lo\u1ea1i b\u1ed9t kim c\u01b0\u01a1ng v\u00e0 ph\u1ea3i \u0111\u01b0\u1ee3c b\u1ea3o v\u1ec7 kh\u1ecfi b\u1ee5i<\/li>\n<li>R\u1eeda tay v\u00e0 ph\u00f4i gia c\u00f4ng m\u1ed7i khi thay b\u1ed9t kim c\u01b0\u01a1ng<\/li>\n<li>\u0110i\u1ec1u ch\u1ec9nh \u00e1p l\u1ef1c \u0111\u00e1nh b\u00f3ng cho ph\u00f9 h\u1ee3p v\u1edbi \u0111\u1ed9 c\u1ee9ng c\u1ee7a d\u1ee5ng c\u1ee5 \u0111\u00e1nh b\u00f3ng v\u00e0 k\u00edch th\u01b0\u1edbc h\u1ea1t c\u1ee7a b\u1ed9t kim c\u01b0\u01a1ng. \u0110\u1ec3 c\u00f3 \u0111\u01b0\u1ee3c b\u1ed9t kim c\u01b0\u01a1ng m\u1ecbn nh\u1ea5t, \u00e1p l\u1ef1c ch\u1ec9 c\u00f3 th\u1ec3 b\u1eb1ng tr\u1ecdng l\u01b0\u1ee3ng c\u1ee7a d\u1ee5ng c\u1ee5 \u0111\u00e1nh b\u00f3ng.<\/li>\n<li>Vi\u1ec7c \u0111\u00e1nh b\u00f3ng n\u00ean b\u1eaft \u0111\u1ea7u t\u1eeb c\u00e1c g\u00f3c, c\u1ea1nh, m\u1ea3nh ho\u1eb7c c\u00e1c b\u1ed9 ph\u1eadn kh\u00e1c c\u1ee7a khu\u00f4n.<\/li>\n<\/ol>\n<p>C\u00f3 b\u1ea5t k\u1ef3 th\u1eafc m\u1eafc n\u00e0o kh\u00f4ng? <a href=\"https:\/\/honwaygroup.com\/vi\/lien-he-voi-honway\/\">Li\u00ean h\u1ec7 v\u1edbi HonWay<\/a><\/p>\n","protected":false},"excerpt":{"rendered":"<ul>\n<li>Ph\u00f9 h\u1ee3p v\u1edbi m\u1ecdi kim lo\u1ea1i<\/li>\n<li>Lo\u1ea1i b\u1ecf r\u1ec9 s\u00e9t, ng\u0103n ng\u1eeba r\u1ec9 s\u00e9t v\u00e0 \u0111\u00e1nh b\u00f3ng, <span style=\"font-size: 16px;\">t\u1ea5t c\u1ea3 \u0111\u01b0\u1ee3c th\u1ef1c hi\u1ec7n c\u00f9ng m\u1ed9t l\u00fac<\/span><\/li>\n<li>T\u1ef1 nhi\u00ean, kh\u00f4ng \u0111\u1ed9c h\u1ea1i, kh\u00f4ng g\u00e2y k\u00edch \u1ee9ng v\u00e0 kh\u00f4ng m\u00f9i.<\/li>\n<li>Ti\u00eau chu\u1ea9n l\u00e0 5 gram b\u1ed9t kim c\u01b0\u01a1ng tan trong d\u1ea7u. N\u1ebfu b\u1ea1n c\u1ea7n b\u1ed9t kim c\u01b0\u01a1ng tan trong n\u01b0\u1edbc, vui l\u00f2ng ghi r\u00f5 \u0111\u01a1n h\u00e0ng.<\/li>\n<\/ul>\n<h5><span style=\"color: #ff0000;\"><strong>\u25b2<\/strong><strong>N\u1ebfu b\u1ea1n c\u1ea7n th\u00f4ng s\u1ed1 k\u1ef9 thu\u1eadt t\u00f9y ch\u1ec9nh, vui l\u00f2ng li\u00ean h\u1ec7 v\u1edbi b\u1ed9 ph\u1eadn ch\u0103m s\u00f3c kh\u00e1ch h\u00e0ng<\/strong><\/span><\/h5>\n<h5><strong><span style=\"color: #ff0000; font-size: 19.2px;\">\u25b2 \u0110\u1eb7t h\u00e0ng s\u1ed1 l\u01b0\u1ee3ng l\u1edbn c\u00f3 th\u1ec3 \u0111\u01b0\u1ee3c h\u01b0\u1edfng chi\u1ebft kh\u1ea5u \u01b0u \u0111\u00e3i, vui l\u00f2ng li\u00ean h\u1ec7 b\u1ed9 ph\u1eadn ch\u0103m s\u00f3c kh\u00e1ch h\u00e0ng \u0111\u1ec3 bi\u1ebft th\u00eam chi ti\u1ebft.<br \/>\n<\/span><\/strong><\/h5>\n<h5><strong><span style=\"color: #ff0000; font-size: 19.2px;\">\u25b2<\/span> Th\u1eddi gian giao h\u00e0ng cho<span style=\"color: #ff0000;\"> c\u00e1c \u0111\u01a1n \u0111\u1eb7t h\u00e0ng<\/span> <span style=\"color: #ff0000; font-size: 19.2px;\">\u1edf \u0110\u00e0i Loan<\/span> <span style=\"color: #ff0000; font-size: 19.2px;\">kho\u1ea3ng t\u1eeb 7-14 ng\u00e0y l\u00e0m vi\u1ec7c.<\/span><\/strong><\/h5>\n<h5><strong><span style=\"color: #ff0000; font-size: 19.2px;\">\u25b2 <\/span><span style=\"color: #ff0000;\">Th\u1eddi gian giao h\u00e0ng cho \u0111\u01a1n h\u00e0ng qu\u1ed1c t\u1ebf kho\u1ea3ng t\u1eeb 7-14 ng\u00e0y, th\u1eddi gian nh\u1eadn h\u00e0ng th\u1ef1c t\u1ebf ph\u1ee5 thu\u1ed9c v\u00e0o t\u00ecnh tr\u1ea1ng v\u1eadn chuy\u1ec3n c\u1ee7a c\u00f4ng ty chuy\u1ec3n ph\u00e1t nhanh.<\/span><\/strong><\/h5>\n","protected":false},"featured_media":83184,"template":"","meta":{"site-sidebar-layout":"default","site-content-layout":"default","ast-site-content-layout":"default","site-content-style":"default","site-sidebar-style":"default","ast-global-header-display":"","ast-banner-title-visibility":"","ast-main-header-display":"","ast-hfb-above-header-display":"","ast-hfb-below-header-display":"","ast-hfb-mobile-header-display":"","site-post-title":"","ast-breadcrumbs-content":"","ast-featured-img":"","footer-sml-layout":"","ast-disable-related-posts":"","theme-transparent-header-meta":"default","adv-header-id-meta":"","stick-header-meta":"default","header-above-stick-meta":"","header-main-stick-meta":"","header-below-stick-meta":"","astra-migrate-meta-layouts":"default","ast-page-background-enabled":"default","ast-page-background-meta":{"desktop":{"background-color":"var(--ast-global-color-5)","background-image":"","background-repeat":"repeat","background-position":"center center","background-size":"auto","background-attachment":"scroll","background-type":"","background-media":"","overlay-type":"","overlay-color":"","overlay-opacity":"","overlay-gradient":""},"tablet":{"background-color":"","background-image":"","background-repeat":"repeat","background-position":"center center","background-size":"auto","background-attachment":"scroll","background-type":"","background-media":"","overlay-type":"","overlay-color":"","overlay-opacity":"","overlay-gradient":""},"mobile":{"background-color":"","background-image":"","background-repeat":"repeat","background-position":"center center","background-size":"auto","background-attachment":"scroll","background-type":"","background-media":"","overlay-type":"","overlay-color":"","overlay-opacity":"","overlay-gradient":""}},"ast-content-background-meta":{"desktop":{"background-color":"var(--ast-global-color-4)","background-image":"","background-repeat":"repeat","background-position":"center center","background-size":"auto","background-attachment":"scroll","background-type":"","background-media":"","overlay-type":"","overlay-color":"","overlay-opacity":"","overlay-gradient":""},"tablet":{"background-color":"var(--ast-global-color-4)","background-image":"","background-repeat":"repeat","background-position":"center center","background-size":"auto","background-attachment":"scroll","background-type":"","background-media":"","overlay-type":"","overlay-color":"","overlay-opacity":"","overlay-gradient":""},"mobile":{"background-color":"var(--ast-global-color-4)","background-image":"","background-repeat":"repeat","background-position":"center center","background-size":"auto","background-attachment":"scroll","background-type":"","background-media":"","overlay-type":"","overlay-color":"","overlay-opacity":"","overlay-gradient":""}}},"product_brand":[],"product_cat":[4302,4367,4698,4399,4424,4702,4372,4304,4426,4299,4420,4300],"product_tag":[4779],"class_list":{"0":"post-83183","1":"product","2":"type-product","3":"status-publish","4":"has-post-thumbnail","6":"product_cat-kim-loai-sat-nickel","7":"product_cat-vat-lieu-mai-mem","8":"product_cat-dang-nguyen-lieu","9":"product_cat-da-tinh-the-kem-mai-vi","10":"product_cat-hinh-thuc-ung-dung","11":"product_cat-kem","12":"product_cat-kem-mai","13":"product_cat-kim-loai-phi-sat-nickel","14":"product_cat-vat-lieu-danh-bong","15":"product_cat-vat-lieu-gia-cong","16":"product_cat-vat-lieu-mai-sieu-cung","17":"product_cat-vat-lieu-phi-kim-loai-cho-nhua-va-cao-su","18":"product_tag-kem-kim-cuong-da-tinh-the","19":"desktop-align-left","20":"tablet-align-left","21":"mobile-align-left","22":"ast-product-gallery-layout-horizontal-slider","23":"ast-product-single-variable","24":"ast-product-tabs-layout-horizontal","26":"first","27":"instock","28":"taxable","29":"shipping-taxable","30":"purchasable","31":"product-type-variable"},"_links":{"self":[{"href":"https:\/\/honwaygroup.com\/vi\/wp-json\/wp\/v2\/product\/83183","targetHints":{"allow":["GET"]}}],"collection":[{"href":"https:\/\/honwaygroup.com\/vi\/wp-json\/wp\/v2\/product"}],"about":[{"href":"https:\/\/honwaygroup.com\/vi\/wp-json\/wp\/v2\/types\/product"}],"version-history":[{"count":0,"href":"https:\/\/honwaygroup.com\/vi\/wp-json\/wp\/v2\/product\/83183\/revisions"}],"wp:featuredmedia":[{"embeddable":true,"href":"https:\/\/honwaygroup.com\/vi\/wp-json\/wp\/v2\/media\/83184"}],"wp:attachment":[{"href":"https:\/\/honwaygroup.com\/vi\/wp-json\/wp\/v2\/media?parent=83183"}],"wp:term":[{"taxonomy":"product_brand","embeddable":true,"href":"https:\/\/honwaygroup.com\/vi\/wp-json\/wp\/v2\/product_brand?post=83183"},{"taxonomy":"product_cat","embeddable":true,"href":"https:\/\/honwaygroup.com\/vi\/wp-json\/wp\/v2\/product_cat?post=83183"},{"taxonomy":"product_tag","embeddable":true,"href":"https:\/\/honwaygroup.com\/vi\/wp-json\/wp\/v2\/product_tag?post=83183"}],"curies":[{"name":"wp","href":"https:\/\/api.w.org\/{rel}","templated":true}]}}