{"id":83175,"date":"2021-01-24T18:35:46","date_gmt":"2021-01-24T10:35:46","guid":{"rendered":"https:\/\/honwaygroup.com\/product\/bot-kim-cuong-nano-da-tinh-the\/"},"modified":"2025-09-19T09:40:59","modified_gmt":"2025-09-19T01:40:59","slug":"bot-kim-cuong-nano-da-tinh-the","status":"publish","type":"product","link":"https:\/\/honwaygroup.com\/vi\/product\/bot-kim-cuong-nano-da-tinh-the\/","title":{"rendered":"B\u1ed9t kim c\u01b0\u01a1ng nano (\u0110a tinh th\u1ec3)<br>"},"content":{"rendered":"<h2><strong>B\u1ed9t kim c\u01b0\u01a1ng nano (\u0110a tinh th\u1ec3)<\/strong><\/h2>\n<blockquote>\n<h4><b>M\u00e0i\/\u0110\u00e1nh b\u00f3ng<\/b><\/h4>\n<h4><strong>Chuy\u00ean m\u00f4n c\u1ee7a ch\u00fang t\u00f4i n\u1eb1m \u1edf vi\u1ec7c tinh ch\u1ebf, c\u1ea3i ti\u1ebfn b\u1ec1 m\u1eb7t v\u00e0 ph\u00e2n lo\u1ea1i ch\u00ednh x\u00e1c c\u00e1c s\u1ea3n ph\u1ea9m nano kim c\u01b0\u01a1ng nguy\u00ean b\u1ea3n theo y\u00eau c\u1ea7u c\u1ee7a c\u00e1c \u1ee9ng d\u1ee5ng kh\u00e1c nhau.<\/strong><\/h4>\n<\/blockquote>\n<h2>T\u00ednh n\u0103ng s\u1ea3n ph\u1ea9m<\/h2>\n<ul>\n<li><strong>T\u1ed5ng h\u1ee3p b\u1eb1ng v\u1ee5 n\u1ed5<\/strong>: Nano kim c\u01b0\u01a1ng \u0111\u01b0\u1ee3c s\u1ea3n xu\u1ea5t b\u1eb1ng c\u00e1ch s\u1eed d\u1ee5ng carbon t\u1ef1 do \u0111\u01b0\u1ee3c t\u1ea1o ra trong qu\u00e1 tr\u00ecnh k\u00edch n\u1ed5 ch\u1ea5t n\u1ed5 thi\u1ebfu oxy. \u00c1p su\u1ea5t v\u00e0 nhi\u1ec7t \u0111\u1ed9 c\u1ee7a qu\u00e1 tr\u00ecnh k\u00edch n\u1ed5 \u0111\u01b0\u1ee3c \u0111i\u1ec1u ch\u1ec9nh \u0111\u1ec3 chuy\u1ec3n \u0111\u1ed5i carbon n\u00e0y th\u00e0nh c\u00e1c h\u1ea1t kim c\u01b0\u01a1ng vi tinh th\u1ec3 c\u00f3 k\u00edch th\u01b0\u1edbc t\u1eeb 5-20 nanomet. <\/li>\n<li>\u0110i\u1ec1u ki\u1ec7n t\u1ed5ng h\u1ee3p \u0111\u1eb7c bi\u1ec7t t\u1ea1o ra c\u00e1c h\u1ea1t c\u01a1 b\u1ea3n g\u1ea7n nh\u01b0 h\u00ecnh c\u1ea7u v\u1edbi c\u00e1c nh\u00f3m ch\u1ee9c n\u0103ng b\u1ec1 m\u1eb7t phong ph\u00fa, l\u00e0m t\u0103ng di\u1ec7n t\u00edch b\u1ec1 m\u1eb7t c\u1ee5 th\u1ec3 l\u00ean m\u1ed9t c\u1ea5p \u0111\u1ed9 so v\u1edbi c\u00e1c s\u1ea3n ph\u1ea9m kim c\u01b0\u01a1ng th\u00f4ng th\u01b0\u1eddng.<\/li>\n<li>Nano kim c\u01b0\u01a1ng kh\u00f4ng ch\u1ec9 s\u1edf h\u1eefu \u0111\u1ed9 c\u1ee9ng tuy\u1ec7t v\u1eddi v\u00e0 c\u00e1c \u0111\u1eb7c t\u00ednh m\u00e0i m\u00f2n c\u1ee7a kim c\u01b0\u01a1ng m\u00e0 c\u00f2n th\u1ec3 hi\u1ec7n c\u00e1c \u0111\u1eb7c \u0111i\u1ec3m m\u1edbi l\u1ea1 c\u1ee7a v\u1eadt li\u1ec7u nano.<\/li>\n<li>Ch\u00fang c\u00f3 h\u00ecnh d\u1ea1ng \u0111a di\u1ec7n h\u00ecnh c\u1ea7u v\u1edbi c\u00e1c c\u1ea1nh s\u1eafc nh\u1ecf. Trong qu\u00e1 tr\u00ecnh \u0111\u00e1nh b\u00f3ng, ch\u00fang d\u1ea7n d\u1ea7n b\u1ecb g\u00e3y th\u00e0nh c\u00e1c tinh th\u1ec3 nh\u1ecf h\u01a1n, t\u1ea1o ra c\u00e1c c\u1ea1nh s\u1eafc m\u1edbi gi\u00fap cung c\u1ea5p l\u1ef1c m\u00e0i \u1ed5n \u0111\u1ecbnh v\u00e0 b\u1ec1 m\u1eb7t ho\u00e0n thi\u1ec7n m\u1ecbn m\u00e0ng. <\/li>\n<li><strong>Tu\u1ed5i th\u1ecd t\u01b0\u01a1ng \u0111\u1ed1i d\u00e0i.<\/strong><\/li>\n<li><strong>Trong qu\u00e1 tr\u00ecnh m\u00e0i, c\u00e1c h\u1ea1t nano tinh th\u1ec3 \u0111\u01b0\u1ee3c gi\u1ea3i ph\u00f3ng, t\u1ea1o hi\u1ec7u \u1ee9ng t\u1ef1 l\u00e0m s\u1eafc.<\/strong><\/li>\n<li><strong>Kh\u00f4ng x\u1ea3y ra v\u1ee1 gi\u00f2n trong qu\u00e1 tr\u00ecnh m\u00e0i v\u00e0 \u0111\u00e1nh b\u00f3ng, \u0111i\u1ec1u n\u00e0y ng\u0103n ng\u1eeba c\u00e1c v\u1ebft tr\u1ea7y x\u01b0\u1edbc tr\u00ean b\u1ec1 m\u1eb7t v\u1eadt li\u1ec7u.<\/strong><\/li>\n<\/ul>\n<h2>C\u00f3 hai lo\u1ea1i s\u1ea3n ph\u1ea9m:<\/h2>\n<ol>\n<li><b>B\u1ed9t \u0111en<\/b>: Nano kim c\u01b0\u01a1ng m\u1edbi \u0111\u01b0\u1ee3c s\u1ea3n xu\u1ea5t \u0111\u01b0\u1ee3c bao quanh b\u1edfi 40% carbon. Lo\u1ea1i nano kim c\u01b0\u01a1ng v\u1eeba \u0111\u01b0\u1ee3c s\u1ea3n xu\u1ea5t, ch\u01b0a qua r\u1eeda s\u1ea1ch (b\u1eb1ng axit v\u00e0 ki\u1ec1m m\u1ea1nh) n\u00e0y \u0111\u01b0\u1ee3c g\u1ecdi l\u00e0 &#8220;b\u1ed9t \u0111en nano kim c\u01b0\u01a1ng.&#8221; <strong>L\u1edbp carbon li\u00ean k\u1ebft m\u1ea1nh n\u00e0y cung c\u1ea5p cho b\u1ec1 m\u1eb7t nano kim c\u01b0\u01a1ng nhi\u1ec1u nh\u00f3m ch\u1ee9c n\u0103ng.<\/strong>  <\/li>\n<li><b style=\"font-style: inherit;\">B\u1ed9t x\u00e1m<\/b>: Khi l\u1edbp carbon b\u00ean ngo\u00e0i c\u1ee7a b\u1ed9t \u0111en \u0111\u01b0\u1ee3c lo\u1ea1i b\u1ecf b\u1eb1ng c\u00e1ch r\u1eeda v\u1edbi axit v\u00e0 ki\u1ec1m m\u1ea1nh, nano kim c\u01b0\u01a1ng s\u1ebd chuy\u1ec3n sang m\u00e0u x\u00e1m \u0111en. Lo\u1ea1i &#8220;b\u1ed9t x\u00e1m nano kim c\u01b0\u01a1ng&#8221; n\u00e0y sau \u0111\u00f3 c\u00f3 th\u1ec3 \u0111\u01b0\u1ee3c ph\u00e2n lo\u1ea1i <strong>k\u00edch th\u01b0\u1edbc h\u1ea1t<\/strong>. B\u1ed9t x\u00e1m, v\u1edbi \u0111\u1ed9 tinh khi\u1ebft kim c\u01b0\u01a1ng tr\u00ean 99%, <a href=\"https:\/\/zh.wikipedia.org\/zh-tw\/%E7%B2%92%E5%BA%A6\" target=\"_blank\" rel=\"nofollow noopener\">th\u01b0\u1eddng \u0111\u01b0\u1ee3c s\u1eed d\u1ee5ng trong m\u00e0i v\u00e0 \u0111\u00e1nh b\u00f3ng, c\u0169ng nh\u01b0 l\u00e0m v\u1eadt li\u1ec7u mang nano kim c\u01b0\u01a1ng trong li\u1ec7u ph\u00e1p \u0111\u1ecbnh h\u01b0\u1edbng.<\/a>  <\/li>\n<\/ol>\n<h2><b>\u1ee8ng d\u1ee5ng<\/b><\/h2>\n<ul>\n<li>\u0110\u00e1nh b\u00f3ng si\u00eau m\u1ecbn: \u0110\u1ea1t \u0111\u01b0\u1ee3c \u0111\u1ed9 nh\u00e1m b\u1ec1 m\u1eb7t trong ph\u1ea1m vi angstrom, c\u00e1c \u0111\u1eb7c \u0111i\u1ec3m c\u1ee7a h\u1ea1t mang l\u1ea1i g\u1ea7n nh\u01b0 kh\u00f4ng c\u00f3 v\u1ebft tr\u1ea7y x\u01b0\u1edbc, ph\u00f9 h\u1ee3p v\u1edbi c\u00e1c \u1ee9ng d\u1ee5ng \u0111\u00e1nh b\u00f3ng \u0111\u00f2i h\u1ecfi kh\u1eaft khe nh\u1ea5t.<\/li>\n<li>B\u00f4i tr\u01a1n v\u00e0 gi\u1ea3m ma s\u00e1t: \u0110\u01b0\u1ee3c s\u1eed d\u1ee5ng nh\u01b0 m\u1ed9t ph\u1ee5 gia b\u00f4i tr\u01a1n, bi\u1ebfn ma s\u00e1t tr\u01b0\u1ee3t th\u00e0nh ma s\u00e1t l\u0103n, gi\u1ea3m h\u1ec7 s\u1ed1 ma s\u00e1t, c\u1ea3i thi\u1ec7n hi\u1ec7u su\u1ea5t b\u00f4i tr\u01a1n \u0111\u00e1ng k\u1ec3 v\u00e0 k\u00e9o d\u00e0i tu\u1ed5i th\u1ecd.<\/li>\n<li>M\u1ea1 \u0111i\u1ec7n h\u1ee3p kim b\u1ec1 m\u1eb7t v\u00e0 phun: C\u1ea3i thi\u1ec7n kh\u1ea3 n\u0103ng ch\u1ecbu m\u00e0i m\u00f2n, ch\u1ed1ng \u0103n m\u00f2n, \u0111\u1ed9 d\u1ebbo dai va \u0111\u1eadp v\u00e0 \u0111\u1ed9 c\u1ee9ng b\u1ec1 m\u1eb7t c\u1ee7a c\u00e1c lo\u1ea1i ph\u00f4i kh\u00e1c nhau.<\/li>\n<li>Ph\u1ee5 gia cao su v\u00e0 nh\u1ef1a: N\u00e2ng cao \u0111\u00e1ng k\u1ec3 kh\u1ea3 n\u0103ng ch\u1ed1ng m\u00e0i m\u00f2n, ch\u1ed1ng \u0111\u00e2m th\u1ee7ng v\u00e0 \u0111\u1ed9 b\u1ec1n k\u00e9o, \u0111\u1ed3ng th\u1eddi l\u00e0m ch\u1eadm qu\u00e1 tr\u00ecnh l\u00e3o h\u00f3a.<\/li>\n<li>Nano kim c\u01b0\u01a1ng c\u00f3 \u0111\u1ed9 tinh khi\u1ebft cao kh\u00f4ng g\u00e2y ph\u1ea3n \u1ee9ng sinh h\u1ecdc, v\u00e0 nh\u1edd di\u1ec7n t\u00edch b\u1ec1 m\u1eb7t l\u1edbn c\u00f9ng kh\u1ea3 n\u0103ng h\u1ea5p th\u1ee5 m\u1ea1nh, ch\u00fang c\u00f3 \u1ee9ng d\u1ee5ng t\u1ed1t trong l\u0129nh v\u1ef1c y t\u1ebf, sinh h\u1ecdc v\u00e0 m\u1ef9 ph\u1ea9m.<\/li>\n<\/ul>\n<div>\n<h4><strong> <\/strong><\/h4>\n<h2>B\u1ea3ng th\u00f4ng s\u1ed1 k\u1ef9 thu\u1eadt kim c\u01b0\u01a1ng:<\/h2>\n<\/div>\n<div>\n<table border=\"0\" cellspacing=\"3\" cellpadding=\"5\" align=\"center\">\n<tbody>\n<tr>\n<td colspan=\"3\">\n<div><strong>Th\u00f4ng s\u1ed1 chung<\/strong><\/div>\n<\/td>\n<td><strong>\u0110\u01a1n v\u1ecb: Nano<\/strong><\/td>\n<\/tr>\n<tr>\n<td>50nm<\/td>\n<td>80nm<\/td>\n<td>100nm<\/td>\n<td>120nm<\/td>\n<\/tr>\n<tr>\n<td>150nm<\/td>\n<td>200nm<\/td>\n<td>300nm<\/td>\n<td>500nm<\/td>\n<\/tr>\n<tr>\n<td>800nm<\/td>\n<td>1000nm<\/td>\n<\/tr>\n<\/tbody>\n<\/table>\n<\/div>\n<p><strong>\u203b T\u1ea5t c\u1ea3 c\u00e1c \u1ee9ng d\u1ee5ng tr\u00ean \u0111\u1ec1u l\u00e0 \u1ee9ng d\u1ee5ng ti\u00eau chu\u1ea9n v\u00e0 c\u00f3 th\u1ec3 \u0111\u01b0\u1ee3c t\u00f9y ch\u1ec9nh theo nhu c\u1ea7u c\u1ee7a kh\u00e1ch h\u00e0ng.<\/strong><\/p>\n<p>N\u1ebfu b\u1ea1n c\u00f3 b\u1ea5t k\u1ef3 c\u00e2u h\u1ecfi n\u00e0o, \u0111\u1eebng ng\u1ea7n ng\u1ea1i h\u1ecfi nh\u00e9! <a href=\"https:\/\/honwaygroup.com\/vi\/lien-he-voi-honway\/\">Li\u00ean h\u1ec7 HonWay<\/a><\/p>\n","protected":false},"excerpt":{"rendered":"<ul>\n<li>Ch\u00fang c\u00f3 h\u00ecnh d\u1ea1ng \u0111a di\u1ec7n h\u00ecnh c\u1ea7u v\u1edbi c\u00e1c c\u1ea1nh s\u1eafc nh\u1ecf. Trong qu\u00e1 tr\u00ecnh \u0111\u00e1nh b\u00f3ng, ch\u00fang d\u1ea7n d\u1ea7n b\u1ecb g\u00e3y th\u00e0nh c\u00e1c tinh th\u1ec3 nh\u1ecf h\u01a1n, t\u1ea1o ra c\u00e1c c\u1ea1nh s\u1eafc m\u1edbi gi\u00fap cung c\u1ea5p l\u1ef1c m\u00e0i \u1ed5n \u0111\u1ecbnh v\u00e0 b\u1ec1 m\u1eb7t ho\u00e0n thi\u1ec7n m\u1ecbn m\u00e0ng. <\/li>\n<li>Tu\u1ed5i th\u1ecd t\u01b0\u01a1ng \u0111\u1ed1i d\u00e0i<\/li>\n<li>Trong qu\u00e1 tr\u00ecnh m\u00e0i, c\u00e1c h\u1ea1t nano tinh th\u1ec3 \u0111\u01b0\u1ee3c gi\u1ea3i ph\u00f3ng, t\u1ea1o hi\u1ec7u \u1ee9ng t\u1ef1 l\u00e0m s\u1eafc.<\/li>\n<li>Kh\u00f4ng x\u1ea3y ra v\u1ee1 gi\u00f2n trong qu\u00e1 tr\u00ecnh m\u00e0i v\u00e0 \u0111\u00e1nh b\u00f3ng, \u0111i\u1ec1u n\u00e0y ng\u0103n ng\u1eeba c\u00e1c v\u1ebft tr\u1ea7y x\u01b0\u1edbc tr\u00ean b\u1ec1 m\u1eb7t v\u1eadt li\u1ec7u.<\/li>\n<\/ul>\n<h5><span style=\"color: #ff0000;\"><strong>\u25b2 <\/strong><strong>\u0110\u1ed1i v\u1edbi k\u00edch th\u01b0\u1edbc t\u00f9y ch\u1ec9nh, vui l\u00f2ng li\u00ean h\u1ec7 v\u1edbi b\u1ed9 ph\u1eadn ch\u0103m s\u00f3c kh\u00e1ch h\u00e0ng.<\/strong><\/span><\/h5>\n<h5><strong><span style=\"color: #ff0000; font-size: 19.2px;\">\u25b2 \u0110\u01a1n h\u00e0ng l\u1edbn c\u00f3 th\u1ec3 \u0111\u01b0\u1ee3c h\u01b0\u1edfng \u01b0u \u0111\u00e3i gi\u1ea3m gi\u00e1, vui l\u00f2ng li\u00ean h\u1ec7 v\u1edbi b\u1ed9 ph\u1eadn ch\u0103m s\u00f3c kh\u00e1ch h\u00e0ng.<br \/>\n<\/span><\/strong><\/h5>\n<h5><strong><span style=\"color: #ff0000; font-size: 19.2px;\">\u25b2<\/span><span style=\"color: #ff0000;\">\u0110\u01a1n \u0111\u1eb7t h\u00e0ng<\/span> t\u1eeb <span style=\"color: #ff0000; font-size: 19.2px;\">\u0110\u00e0i Loan<\/span> <span style=\"color: #ff0000; font-size: 19.2px;\">s\u1ebd \u0111\u01b0\u1ee3c giao trong kho\u1ea3ng 7-14 ng\u00e0y.<\/span><\/strong><\/h5>\n<h5><strong><span style=\"color: #ff0000; font-size: 19.2px;\">\u25b2<\/span><span style=\"color: #ff0000;\">\u0110\u01a1n h\u00e0ng qu\u1ed1c t\u1ebf s\u1ebd \u0111\u01b0\u1ee3c giao trong kho\u1ea3ng 7-14 ng\u00e0y. Th\u1eddi gian giao h\u00e0ng th\u1ef1c t\u1ebf ph\u1ee5 thu\u1ed9c v\u00e0o t\u00ecnh h\u00ecnh giao h\u00e0ng c\u1ee7a c\u00f4ng ty chuy\u1ec3n ph\u00e1t. <\/span><\/strong><\/h5>\n","protected":false},"featured_media":83176,"template":"","meta":{"site-sidebar-layout":"default","site-content-layout":"default","ast-site-content-layout":"default","site-content-style":"default","site-sidebar-style":"default","ast-global-header-display":"","ast-banner-title-visibility":"","ast-main-header-display":"","ast-hfb-above-header-display":"","ast-hfb-below-header-display":"","ast-hfb-mobile-header-display":"","site-post-title":"","ast-breadcrumbs-content":"","ast-featured-img":"","footer-sml-layout":"","ast-disable-related-posts":"","theme-transparent-header-meta":"default","adv-header-id-meta":"","stick-header-meta":"default","header-above-stick-meta":"","header-main-stick-meta":"","header-below-stick-meta":"","astra-migrate-meta-layouts":"default","ast-page-background-enabled":"default","ast-page-background-meta":{"desktop":{"background-color":"var(--ast-global-color-5)","background-image":"","background-repeat":"repeat","background-position":"center center","background-size":"auto","background-attachment":"scroll","background-type":"","background-media":"","overlay-type":"","overlay-color":"","overlay-opacity":"","overlay-gradient":""},"tablet":{"background-color":"","background-image":"","background-repeat":"repeat","background-position":"center center","background-size":"auto","background-attachment":"scroll","background-type":"","background-media":"","overlay-type":"","overlay-color":"","overlay-opacity":"","overlay-gradient":""},"mobile":{"background-color":"","background-image":"","background-repeat":"repeat","background-position":"center center","background-size":"auto","background-attachment":"scroll","background-type":"","background-media":"","overlay-type":"","overlay-color":"","overlay-opacity":"","overlay-gradient":""}},"ast-content-background-meta":{"desktop":{"background-color":"var(--ast-global-color-4)","background-image":"","background-repeat":"repeat","background-position":"center center","background-size":"auto","background-attachment":"scroll","background-type":"","background-media":"","overlay-type":"","overlay-color":"","overlay-opacity":"","overlay-gradient":""},"tablet":{"background-color":"var(--ast-global-color-4)","background-image":"","background-repeat":"repeat","background-position":"center center","background-size":"auto","background-attachment":"scroll","background-type":"","background-media":"","overlay-type":"","overlay-color":"","overlay-opacity":"","overlay-gradient":""},"mobile":{"background-color":"var(--ast-global-color-4)","background-image":"","background-repeat":"repeat","background-position":"center center","background-size":"auto","background-attachment":"scroll","background-type":"","background-media":"","overlay-type":"","overlay-color":"","overlay-opacity":"","overlay-gradient":""}}},"product_brand":[],"product_cat":[4299,4701,4370,4367,4698,4373,4424,4426,4420,4300],"product_tag":[4769,4804],"class_list":{"0":"post-83175","1":"product","2":"type-product","3":"status-publish","4":"has-post-thumbnail","6":"product_cat-vat-lieu-gia-cong","7":"product_cat-bot","8":"product_cat-bot-mai","9":"product_cat-vat-lieu-mai-mem","10":"product_cat-dang-nguyen-lieu","11":"product_cat-da-tinh-the","12":"product_cat-hinh-thuc-ung-dung","13":"product_cat-vat-lieu-danh-bong","14":"product_cat-vat-lieu-mai-sieu-cung","15":"product_cat-vat-lieu-phi-kim-loai-cho-nhua-va-cao-su","16":"product_tag-kim-cuong-don-tinh-the","17":"product_tag-kim-cuong-nano","18":"desktop-align-left","19":"tablet-align-left","20":"mobile-align-left","21":"ast-product-gallery-layout-horizontal-slider","22":"ast-product-gallery-with-no-image","23":"ast-product-single-variable","24":"ast-product-tabs-layout-horizontal","26":"first","27":"instock","28":"taxable","29":"shipping-taxable","30":"purchasable","31":"product-type-variable"},"_links":{"self":[{"href":"https:\/\/honwaygroup.com\/vi\/wp-json\/wp\/v2\/product\/83175","targetHints":{"allow":["GET"]}}],"collection":[{"href":"https:\/\/honwaygroup.com\/vi\/wp-json\/wp\/v2\/product"}],"about":[{"href":"https:\/\/honwaygroup.com\/vi\/wp-json\/wp\/v2\/types\/product"}],"version-history":[{"count":0,"href":"https:\/\/honwaygroup.com\/vi\/wp-json\/wp\/v2\/product\/83175\/revisions"}],"wp:featuredmedia":[{"embeddable":true,"href":"https:\/\/honwaygroup.com\/vi\/wp-json\/wp\/v2\/media\/83176"}],"wp:attachment":[{"href":"https:\/\/honwaygroup.com\/vi\/wp-json\/wp\/v2\/media?parent=83175"}],"wp:term":[{"taxonomy":"product_brand","embeddable":true,"href":"https:\/\/honwaygroup.com\/vi\/wp-json\/wp\/v2\/product_brand?post=83175"},{"taxonomy":"product_cat","embeddable":true,"href":"https:\/\/honwaygroup.com\/vi\/wp-json\/wp\/v2\/product_cat?post=83175"},{"taxonomy":"product_tag","embeddable":true,"href":"https:\/\/honwaygroup.com\/vi\/wp-json\/wp\/v2\/product_tag?post=83175"}],"curies":[{"name":"wp","href":"https:\/\/api.w.org\/{rel}","templated":true}]}}