{"id":83168,"date":"2023-03-15T15:16:00","date_gmt":"2023-03-15T07:16:00","guid":{"rendered":"https:\/\/honwaygroup.com\/product\/thiet-bi-danh-bong-bang-tia-as-jp23\/"},"modified":"2025-09-19T09:41:17","modified_gmt":"2025-09-19T01:41:17","slug":"thiet-bi-danh-bong-bang-tia-as-jp23","status":"publish","type":"product","link":"https:\/\/honwaygroup.com\/vi\/product\/thiet-bi-danh-bong-bang-tia-as-jp23\/","title":{"rendered":"Thi\u1ebft b\u1ecb \u0111\u00e1nh b\u00f3ng b\u1eb1ng tia AS-JP23"},"content":{"rendered":"<h2 class=\"style-scope ytd-watch-metadata\"><span style=\"color: #333333;\"><strong><a style=\"color: #333333;\" href=\"https:\/\/youtu.be\/wlcmkP-0-Gc\" target=\"_blank\" rel=\"noopener nofollow\">Apick Solution_Thi\u1ebft b\u1ecb \u0111\u00e1nh b\u00f3ng Jet<\/a><\/strong><\/span><\/h2>\n<div style=\"width: 1920px;\" class=\"wp-video\"><video class=\"wp-video-shortcode\" id=\"video-83168-1\" width=\"1920\" height=\"1080\" preload=\"metadata\" controls=\"controls\"><source type=\"video\/mp4\" src=\"https:\/\/honwaygroup.com\/wp-content\/uploads\/2023\/06\/Image_Jet-Polishing_TCEN_s.mp4?_=1\" \/><a href=\"https:\/\/honwaygroup.com\/wp-content\/uploads\/2023\/06\/Image_Jet-Polishing_TCEN_s.mp4\">https:\/\/honwaygroup.com\/wp-content\/uploads\/2023\/06\/Image_Jet-Polishing_TCEN_s.mp4<\/a><\/video><\/div>\n<p>&nbsp;<\/p>\n<h2><strong>\u0110\u1eb7c \u0111i\u1ec3m:<\/strong><\/h2>\n<ul>\n<li>C\u00e0i \u0111\u1eb7t th\u1eddi gian \u0111\u00e1nh b\u00f3ng phun nhanh ch\u00f3ng<\/li>\n<li>D\u1ec5 d\u00e0ng v\u00e0 nhanh ch\u00f3ng thay \u0111\u1ed5i th\u00e0nh nhi\u1ec1u lo\u1ea1i v\u1eadt li\u1ec7u phun c\u00e1t kh\u00e1c nhau: th\u00f4, trung b\u00ecnh, m\u1ecbn, b\u00f3ng<\/li>\n<li>C\u00e1c ph\u00f4i gia c\u00f4ng ph\u00f9 h\u1ee3p: S\u1ea3n ph\u1ea9m in 3D (b\u1ed9 ph\u1eadn kim lo\u1ea1i), \u0111\u1ed3 trang s\u1ee9c kim lo\u1ea1i, d\u1ee5ng c\u1ee5 c\u1eaft, khu\u00f4n nh\u1ecf v\u00e0 c\u00e1c ph\u00f4i gia c\u00f4ng nh\u1ecf kh\u00e1c<\/li>\n<li>G\u00f3c R c\u1ee7a l\u01b0\u1ee1i c\u1eaft c\u00f3 th\u1ec3 \u0111\u01b0\u1ee3c l\u00e0m c\u00f9n \u0111\u1ec3 ng\u0103n ng\u1eeba s\u1ee9t m\u1ebb d\u1ee5ng c\u1ee5 v\u00e0 t\u0103ng tu\u1ed5i th\u1ecd d\u1ee5ng c\u1ee5. N\u00f3 c\u0169ng c\u1ea3i thi\u1ec7n v\u00e0 t\u0103ng c\u01b0\u1eddng \u0111\u1ed9 nh\u00e1m c\u1ee7a b\u1ec1 m\u1eb7t gia c\u00f4ng.<\/li>\n<li>N\u00f3 kh\u00f4ng ch\u1ec9 \u0111\u00e1nh b\u00f3ng l\u01b0\u1ee1i c\u1eaft m\u00e0 c\u00f2n \u0111\u00e1nh b\u00f3ng r\u00e3nh phoi, do \u0111\u00f3 c\u1ea3i thi\u1ec7n kh\u1ea3 n\u0103ng lo\u1ea1i b\u1ecf phoi c\u1ee7a d\u1ee5ng c\u1ee5.<\/li>\n<li>V\u1eadt li\u1ec7u m\u00e0i m\u00f2n m\u1ec1m \u0111\u01b0\u1ee3c s\u1eed d\u1ee5ng \u0111\u1ec3 lo\u1ea1i b\u1ecf g\u1edd tr\u00ean c\u00e1c chi ti\u1ebft ch\u00ednh x\u00e1c. Ch\u00fang lo\u1ea1i b\u1ecf m\u1ed9t l\u01b0\u1ee3ng nh\u1ecf v\u1eadt li\u1ec7u v\u00e0 kh\u00f4ng d\u1ec5 b\u1ecb g\u00e3y c\u1ea1nh. Ch\u00fang th\u00edch h\u1ee3p \u0111\u1ec3 phun c\u00e1t tr\u00ean c\u00e1c b\u1ec1 m\u1eb7t cong, b\u1eadc thang, r\u00e3nh v\u00e0 c\u00e1c khu v\u1ef1c kh\u00e1c.<\/li>\n<\/ul>\n<h2><strong><br \/>\nV\u1eadt li\u1ec7u c\u00e1t t\u00f9y ch\u1ecdn:<\/strong><\/h2>\n<table style=\"height: 238px;\" width=\"979\">\n<tbody>\n<tr>\n<td style=\"text-align: center;\" width=\"67\"><\/td>\n<td style=\"text-align: center;\" width=\"58\"><strong>#80<\/strong><\/td>\n<td style=\"text-align: center;\" width=\"58\"><strong>#220<\/strong><\/td>\n<td style=\"text-align: center;\" width=\"58\"><strong>#500<\/strong><\/td>\n<td style=\"text-align: center;\" width=\"58\"><strong>#1000<\/strong><\/td>\n<td style=\"text-align: center;\" width=\"58\"><strong>#3000<\/strong><\/td>\n<td style=\"text-align: center;\" width=\"58\"><strong>#8000<\/strong><\/td>\n<td style=\"text-align: center;\" width=\"58\"><strong>#10000<\/strong><\/td>\n<td style=\"text-align: center;\" width=\"58\"><strong>#20000<\/strong><\/td>\n<\/tr>\n<tr>\n<td style=\"text-align: center;\" rowspan=\"2\"><strong>nghi\u1ec1n th\u00f4<\/strong><\/td>\n<td style=\"text-align: center;\"><strong>\u25ce<\/strong><\/td>\n<td style=\"text-align: center;\"><strong>\u25ce<\/strong><\/td>\n<td style=\"text-align: center;\"><strong>\u25ce<\/strong><\/td>\n<td style=\"text-align: center;\" rowspan=\"2\"><\/td>\n<td style=\"text-align: center;\" rowspan=\"2\"><\/td>\n<td style=\"text-align: center;\" rowspan=\"2\"><\/td>\n<td style=\"text-align: center;\" rowspan=\"2\"><\/td>\n<td style=\"text-align: center;\" rowspan=\"2\"><\/td>\n<\/tr>\n<tr>\n<td style=\"text-align: center;\"><strong>R-80<\/strong><\/td>\n<td style=\"text-align: center;\"><strong>R-220<\/strong><\/td>\n<td style=\"text-align: center;\"><strong>R-500<\/strong><\/td>\n<\/tr>\n<tr>\n<td style=\"text-align: center;\" rowspan=\"2\"><strong>Nghi\u00ean c\u1ee9u c\u1ea9n th\u1eadn<\/strong><\/td>\n<td style=\"text-align: center;\" rowspan=\"2\"><\/td>\n<td style=\"text-align: center;\" rowspan=\"2\"><\/td>\n<td style=\"text-align: center;\" rowspan=\"2\"><\/td>\n<td style=\"text-align: center;\"><strong>\u25ce<\/strong><\/td>\n<td style=\"text-align: center;\"><strong>\u25ce<\/strong><\/td>\n<td style=\"text-align: center;\"><strong>\u25ce<\/strong><\/td>\n<td style=\"text-align: center;\" rowspan=\"2\"><\/td>\n<td style=\"text-align: center;\" rowspan=\"2\"><\/td>\n<\/tr>\n<tr>\n<td style=\"text-align: center;\"><strong>M-1000<\/strong><\/td>\n<td style=\"text-align: center;\"><strong>M-3000<\/strong><\/td>\n<td style=\"text-align: center;\"><strong>M-8000<\/strong><\/td>\n<\/tr>\n<tr>\n<td style=\"text-align: center;\" rowspan=\"2\"><strong>\u0110\u00e1nh b\u00f3ng s\u00e1ng<\/strong><\/td>\n<td style=\"text-align: center;\" rowspan=\"2\"><\/td>\n<td style=\"text-align: center;\" rowspan=\"2\"><\/td>\n<td style=\"text-align: center;\" rowspan=\"2\"><\/td>\n<td style=\"text-align: center;\" rowspan=\"2\"><\/td>\n<td style=\"text-align: center;\"><strong>\u25ce<\/strong><\/td>\n<td style=\"text-align: center;\" rowspan=\"2\"><\/td>\n<td style=\"text-align: center;\"><strong>\u25ce<\/strong><\/td>\n<td style=\"text-align: center;\"><strong>\u25ce<\/strong><\/td>\n<\/tr>\n<tr>\n<td style=\"text-align: center;\"><strong>F-3000<\/strong><\/td>\n<td style=\"text-align: center;\"><strong>F-10000<\/strong><\/td>\n<td style=\"text-align: center;\"><strong>F-20000<\/strong><\/td>\n<\/tr>\n<\/tbody>\n<\/table>\n<h2><\/h2>\n<h2><strong>Nguy\u00ean l\u00fd phun c\u00e1t m\u1ec1m:<\/strong><\/h2>\n<p><strong> Tr\u01b0\u1edbc khi n\u1ed5 m\u00ecn: Sau khi n\u1ed5 m\u00ecn:<\/strong><\/p>\n<h1><a href=\"https:\/\/honwaygroup.com\/wp-content\/uploads\/2023\/03\/%E9%91%BD%E7%9F%B3%E8%BC%89%E9%AB%94%E5%99%B4%E5%B0%84%E6%8B%8B%E5%85%89%E5%8E%9F%E7%90%86_%E5%B7%A5%E4%BD%9C%E5%8D%80%E5%9F%9F-1.jpg\">  <\/a><a href=\"https:\/\/honwaygroup.com\/wp-content\/uploads\/2023\/03\/%E9%91%BD%E7%9F%B3%E8%BC%89%E9%AB%94%E5%99%B4%E5%B0%84%E6%8B%8B%E5%85%89%E5%8E%9F%E7%90%86_1.webp\"><img fetchpriority=\"high\" decoding=\"async\" class=\"alignnone wp-image-15500 size-medium\" src=\"https:\/\/honwaygroup.com\/wp-content\/uploads\/2023\/03\/%E9%91%BD%E7%9F%B3%E8%BC%89%E9%AB%94%E5%99%B4%E5%B0%84%E6%8B%8B%E5%85%89%E5%8E%9F%E7%90%86_1-300x300.webp\" alt=\"Ban \u0111\u1ea7u ph\u00f4i c\u00f3 b\u1ec1 m\u1eb7t kh\u00f4ng b\u1eb1ng ph\u1eb3ng\" width=\"300\" height=\"300\"><\/a>\u2192 <a href=\"https:\/\/honwaygroup.com\/wp-content\/uploads\/2023\/03\/%E9%91%BD%E7%9F%B3%E8%BC%89%E9%AB%94%E5%99%B4%E5%B0%84%E6%8B%8B%E5%85%89%E5%8E%9F%E7%90%86-0_%E5%B7%A5%E4%BD%9C%E5%8D%80%E5%9F%9F-1.webp\"><img decoding=\"async\" class=\"alignnone wp-image-15486 size-medium\" src=\"https:\/\/honwaygroup.com\/wp-content\/uploads\/2023\/03\/%E9%91%BD%E7%9F%B3%E8%BC%89%E9%AB%94%E5%99%B4%E5%B0%84%E6%8B%8B%E5%85%89%E5%8E%9F%E7%90%86-0_%E5%B7%A5%E4%BD%9C%E5%8D%80%E5%9F%9F-1-300x300.webp\" alt=\"M\u1ecbn m\u00e0ng v\u00e0 ph\u1eb3ng sau khi \u0111\u00e1nh b\u00f3ng b\u1eb1ng h\u1ea1t vi m\u00f4\" width=\"300\" height=\"300\"><\/a><\/h1>\n<h2><strong>K\u00edch th\u01b0\u1edbc m\u00e1y:<\/strong><\/h2>\n<p><a href=\"https:\/\/honwaygroup.com\/wp-content\/uploads\/2023\/08\/AS-JP23-size.png\"><img decoding=\"async\" class=\"alignnone wp-image-32082 size-full\" src=\"https:\/\/honwaygroup.com\/wp-content\/uploads\/2023\/08\/AS-JP23-size.png\" alt=\"\" width=\"712\" height=\"573\"><\/a><\/p>\n<p>C\u00f3 b\u1ea5t k\u1ef3 th\u1eafc m\u1eafc n\u00e0o kh\u00f4ng? <a href=\"https:\/\/honwaygroup.com\/vi\/lien-he-voi-honway\/\">Li\u00ean h\u1ec7 v\u1edbi HonWay<\/a><\/p>\n","protected":false},"excerpt":{"rendered":"<h4><strong>\u0110\u00e1nh b\u00f3ng b\u1eb1ng tia<\/strong><\/h4>\n<h4><strong>M\u1eabu: AS-JP23<\/strong><\/h4>\n<p><a href=\"https:\/\/honwaygroup.com\/wp-content\/uploads\/2023\/09\/AS-JP23_%E4%B8%80%E9%A0%81%E5%BC%8FDM%E9%9B%99%E9%9D%A2-%E5%AE%9A%E6%A1%88_New_230825_S.pdf\" target=\"_blank\" rel=\"noopener\">(Nh\u1ea5p v\u00e0o \u0111\u00e2y \u0111\u1ec3 xem danh m\u1ee5c \u0111i\u1ec7n t\u1eed)<\/a><\/p>\n<h5><strong><span style=\"color: #ff0000; font-size: 19.2px;\">\u25b2 Vui l\u00f2ng nh\u1eafn tin ri\u00eang cho b\u1ed9 ph\u1eadn ch\u0103m s\u00f3c kh\u00e1ch h\u00e0ng \u0111\u1ec3 h\u1ecfi gi\u00e1: <a href=\"https:\/\/honwaygroup.com\/vi\/lien-he-voi-honway\/\" target=\"_blank\" rel=\"noopener\">Li\u00ean h\u1ec7 HonWay.<\/a><\/span><\/strong><\/h5>\n<h5><strong><span style=\"color: #ff0000; font-size: 19.2px;\">\u25b2 \u0110\u1eb7t h\u00e0ng s\u1ed1 l\u01b0\u1ee3ng l\u1edbn c\u00f3 th\u1ec3 \u0111\u01b0\u1ee3c h\u01b0\u1edfng chi\u1ebft kh\u1ea5u \u01b0u \u0111\u00e3i, vui l\u00f2ng li\u00ean h\u1ec7 b\u1ed9 ph\u1eadn ch\u0103m s\u00f3c kh\u00e1ch h\u00e0ng \u0111\u1ec3 bi\u1ebft th\u00eam chi ti\u1ebft.<br \/>\n<\/span><\/strong><\/h5>\n<h5><strong><span style=\"color: #ff0000;\">\u25b2Vui l\u00f2ng li\u00ean h\u1ec7 b\u1ed9 ph\u1eadn ch\u0103m s\u00f3c kh\u00e1ch h\u00e0ng \u0111\u1ec3 bi\u1ebft ng\u00e0y giao h\u00e0ng<\/span><\/strong><\/h5>\n","protected":false},"featured_media":37452,"template":"","meta":{"site-sidebar-layout":"default","site-content-layout":"default","ast-site-content-layout":"default","site-content-style":"default","site-sidebar-style":"default","ast-global-header-display":"","ast-banner-title-visibility":"","ast-main-header-display":"","ast-hfb-above-header-display":"","ast-hfb-below-header-display":"","ast-hfb-mobile-header-display":"","site-post-title":"","ast-breadcrumbs-content":"","ast-featured-img":"","footer-sml-layout":"","ast-disable-related-posts":"","theme-transparent-header-meta":"default","adv-header-id-meta":"","stick-header-meta":"default","header-above-stick-meta":"","header-main-stick-meta":"","header-below-stick-meta":"","astra-migrate-meta-layouts":"default","ast-page-background-enabled":"default","ast-page-background-meta":{"desktop":{"background-color":"var(--ast-global-color-5)","background-image":"","background-repeat":"repeat","background-position":"center center","background-size":"auto","background-attachment":"scroll","background-type":"","background-media":"","overlay-type":"","overlay-color":"","overlay-opacity":"","overlay-gradient":""},"tablet":{"background-color":"","background-image":"","background-repeat":"repeat","background-position":"center center","background-size":"auto","background-attachment":"scroll","background-type":"","background-media":"","overlay-type":"","overlay-color":"","overlay-opacity":"","overlay-gradient":""},"mobile":{"background-color":"","background-image":"","background-repeat":"repeat","background-position":"center center","background-size":"auto","background-attachment":"scroll","background-type":"","background-media":"","overlay-type":"","overlay-color":"","overlay-opacity":"","overlay-gradient":""}},"ast-content-background-meta":{"desktop":{"background-color":"var(--ast-global-color-4)","background-image":"","background-repeat":"repeat","background-position":"center center","background-size":"auto","background-attachment":"scroll","background-type":"","background-media":"","overlay-type":"","overlay-color":"","overlay-opacity":"","overlay-gradient":""},"tablet":{"background-color":"var(--ast-global-color-4)","background-image":"","background-repeat":"repeat","background-position":"center center","background-size":"auto","background-attachment":"scroll","background-type":"","background-media":"","overlay-type":"","overlay-color":"","overlay-opacity":"","overlay-gradient":""},"mobile":{"background-color":"var(--ast-global-color-4)","background-image":"","background-repeat":"repeat","background-position":"center center","background-size":"auto","background-attachment":"scroll","background-type":"","background-media":"","overlay-type":"","overlay-color":"","overlay-opacity":"","overlay-gradient":""}}},"product_brand":[],"product_cat":[4705,4704],"product_tag":[4775,5060,4805],"class_list":{"0":"post-83168","1":"product","2":"type-product","3":"status-publish","4":"has-post-thumbnail","6":"product_cat-thiet-bi-danh-bong","7":"product_cat-may-cong-cu","8":"product_tag-danh-bong-bang-phun","9":"product_tag-phun-cat-kim-cuong","10":"product_tag-thiet-bi-danh-bong","11":"desktop-align-left","12":"tablet-align-left","13":"mobile-align-left","14":"ast-product-gallery-layout-horizontal-slider","15":"ast-product-tabs-layout-horizontal","17":"first","18":"instock","19":"featured","20":"taxable","21":"shipping-taxable","22":"product-type-simple"},"_links":{"self":[{"href":"https:\/\/honwaygroup.com\/vi\/wp-json\/wp\/v2\/product\/83168","targetHints":{"allow":["GET"]}}],"collection":[{"href":"https:\/\/honwaygroup.com\/vi\/wp-json\/wp\/v2\/product"}],"about":[{"href":"https:\/\/honwaygroup.com\/vi\/wp-json\/wp\/v2\/types\/product"}],"version-history":[{"count":0,"href":"https:\/\/honwaygroup.com\/vi\/wp-json\/wp\/v2\/product\/83168\/revisions"}],"wp:featuredmedia":[{"embeddable":true,"href":"https:\/\/honwaygroup.com\/vi\/wp-json\/wp\/v2\/media\/37452"}],"wp:attachment":[{"href":"https:\/\/honwaygroup.com\/vi\/wp-json\/wp\/v2\/media?parent=83168"}],"wp:term":[{"taxonomy":"product_brand","embeddable":true,"href":"https:\/\/honwaygroup.com\/vi\/wp-json\/wp\/v2\/product_brand?post=83168"},{"taxonomy":"product_cat","embeddable":true,"href":"https:\/\/honwaygroup.com\/vi\/wp-json\/wp\/v2\/product_cat?post=83168"},{"taxonomy":"product_tag","embeddable":true,"href":"https:\/\/honwaygroup.com\/vi\/wp-json\/wp\/v2\/product_tag?post=83168"}],"curies":[{"name":"wp","href":"https:\/\/api.w.org\/{rel}","templated":true}]}}