{"id":83164,"date":"2023-05-02T13:35:24","date_gmt":"2023-05-02T05:35:24","guid":{"rendered":"https:\/\/honwaygroup.com\/product\/danh-bong-meta-as-4100-as-5190\/"},"modified":"2025-09-19T09:40:38","modified_gmt":"2025-09-19T01:40:38","slug":"danh-bong-meta-as-4100-as-5190","status":"publish","type":"product","link":"https:\/\/honwaygroup.com\/vi\/product\/danh-bong-meta-as-4100-as-5190\/","title":{"rendered":"Thi\u1ebft b\u1ecb \u0111\u00e1nh b\u00f3ng si\u00eau m\u1ecbn AS-4100 5190"},"content":{"rendered":"<h3><span style=\"color: #333333\"><strong>Apick Solution-AS 4100,AS 5190<\/strong><\/span><\/h3>\n<p>&nbsp;<\/p>\n<h2>T\u00ednh n\u0103ng s\u1ea3n ph\u1ea9m:<\/h2>\n<ul>\n<li><strong>Giao di\u1ec7n \u0111i\u1ec1u khi\u1ec3n \u0111\u01a1n gi\u1ea3n <\/strong><\/li>\n<li><strong style=\"font-size: 16px\">\u0110\u01b0\u1ee3c trang b\u1ecb c\u00e1c bi\u1ec7n ph\u00e1p b\u1ea3o v\u1ec7 h\u1ec7 th\u1ed1ng cung c\u1ea5p \u0111i\u1ec7n li\u00ean t\u1ee5c<\/strong><\/li>\n<li><strong style=\"font-size: 16px\">C\u00f3 th\u1ec3 th\u1ef1c hi\u1ec7n t\u1ef1 \u0111\u1ed9ng h\u00f3a qu\u00e1 tr\u00ecnh \u0111\u00e1nh b\u00f3ng. <\/strong><\/li>\n<li><strong style=\"font-size: 16px\">Thi\u1ebft k\u1ebf b\u00f9 \u0111\u01b0\u1eddng d\u1eabn \u0111\u00e1nh b\u00f3ng <\/strong><\/li>\n<li><strong style=\"font-size: 16px\">N\u00e2ng cao hi\u1ec7u qu\u1ea3 v\u00e0 t\u00ednh \u1ed5n \u0111\u1ecbnh c\u1ee7a qu\u00e1 tr\u00ecnh \u0111\u00e1nh b\u00f3ng. <\/strong><\/li>\n<li><strong style=\"font-size: 16px\">Th\u1ef1c hi\u1ec7n \u0111\u1ea7u \u0111\u00e1nh b\u00f3ng si\u00eau m\u1ecbn cho b\u1ec1 m\u1eb7t t\u1ef1 do<\/strong><\/li>\n<li><strong style=\"font-size: 16px\">D\u01b0\u1edbi k\u00ednh hi\u1ec3n vi, kh\u00f4ng c\u00f3 v\u1ebft tr\u1ea7y x\u01b0\u1edbc, kh\u00f4ng c\u00f3 v\u00e2n c\u1ea7u v\u1ed3ng.<\/strong><\/li>\n<li><strong style=\"font-size: 16px\">Vui l\u00f2ng li\u00ean h\u1ec7 v\u1edbi b\u1ed9 ph\u1eadn b\u00e1n h\u00e0ng \u0111\u1ec3 bi\u1ebft c\u00e1c v\u1eadt li\u1ec7u \u00e1p d\u1ee5ng<\/strong><\/li>\n<\/ul>\n<h2><\/h2>\n<h2><strong>Kh\u1ea3 n\u0103ng \u0111\u00e1nh b\u00f3ng: <\/strong><strong style=\"font-size: 16px;font-style: inherit;color: var( --e-global-color-text );font-family: var( --e-global-typography-text-font-family ), Sans-serif\">  <\/strong><\/h2>\n<h4><strong style=\"font-size: 16px;font-style: inherit;color: var( --e-global-color-text );font-family: var( --e-global-typography-text-font-family ), Sans-serif\"><a href=\"https:\/\/honwaygroup.com\/wp-content\/uploads\/2023\/05\/%E8%B6%85%E7%B2%BE%E6%8B%8B%E5%85%89%E8%A8%AD%E5%82%99-2_%E5%B7%A5%E4%BD%9C%E5%8D%80%E5%9F%9F-1-e1683007587190.webp\"><img fetchpriority=\"high\" decoding=\"async\" src=\"https:\/\/honwaygroup.com\/wp-content\/uploads\/2023\/05\/%E8%B6%85%E7%B2%BE%E6%8B%8B%E5%85%89%E8%A8%AD%E5%82%99-2_%E5%B7%A5%E4%BD%9C%E5%8D%80%E5%9F%9F-1-e1683007587190-1024x527.webp\" alt=\"\" width=\"1024\" height=\"527\"><\/a><\/strong><\/h4>\n<p>&nbsp;<\/p>\n<h2>Thong s\u1ed1 k\u1ef9 thu\u1eadt s\u1ea3n ph\u1ea9m:<\/h2>\n<p>&nbsp;<\/p>\n<table>\n<tbody>\n<tr>\n<td><span style=\"font-weight: 400\">ng\u01b0\u1eddi m\u1eabu<\/span><\/td>\n<td><span style=\"font-weight: 400\">AS-4100<\/span><\/td>\n<td><span style=\"font-weight: 400\">AS-5190<\/span><\/td>\n<\/tr>\n<tr>\n<td><span style=\"font-weight: 400\">S\u1ed1 l\u01b0\u1ee3ng tr\u1ee5c<\/span><\/td>\n<td><span style=\"font-weight: 400\">Tr\u1ee5c tuy\u1ebfn t\u00ednh X, Y v\u00e0 Z + m\u1ed9t tr\u1ee5c quay (B)<\/span><\/td>\n<td><span style=\"font-weight: 400\">Tr\u1ee5c tuy\u1ebfn t\u00ednh X, Y v\u00e0 Z + hai tr\u1ee5c quay (B v\u00e0 C)<\/span><\/td>\n<\/tr>\n<tr>\n<td><span style=\"font-weight: 400\">T\u00ednh n\u0103ng<\/span><\/td>\n<td><span style=\"font-weight: 400\">Gi\u1ea3m nhu c\u1ea7u s\u1eed d\u1ee5ng d\u1ee5ng c\u1ee5 v\u00e0 \u0111\u1ed3 g\u00e1, gi\u00fap gi\u1ea3m chi ph\u00ed s\u1ea3n xu\u1ea5t. M\u00e1y c\u00f3 th\u1ec3 gia c\u00f4ng c\u00e1c b\u1ec1 m\u1eb7t cong c\u1ef1c k\u1ef3 ph\u1ee9c t\u1ea1p v\u00e0 nhi\u1ec1u g\u00f3c, ho\u00e0n thi\u1ec7n nhi\u1ec1u b\u1ec1 m\u1eb7t c\u00f9ng l\u00fac.<\/span><\/td>\n<td><span style=\"font-weight: 400\">Gi\u1ea3m nhu c\u1ea7u s\u1eed d\u1ee5ng d\u1ee5ng c\u1ee5 v\u00e0 \u0111\u1ed3 g\u00e1, gi\u00fap gi\u1ea3m chi ph\u00ed s\u1ea3n xu\u1ea5t. M\u00e1y c\u00f3 th\u1ec3 gia c\u00f4ng c\u00e1c b\u1ec1 m\u1eb7t cong c\u1ef1c k\u1ef3 ph\u1ee9c t\u1ea1p v\u00e0 nhi\u1ec1u g\u00f3c, ho\u00e0n thi\u1ec7n nhi\u1ec1u b\u1ec1 m\u1eb7t c\u00f9ng l\u00fac.<\/span><\/td>\n<\/tr>\n<tr>\n<td><span style=\"font-weight: 400\">C\u00e1c chi ti\u1ebft gia c\u00f4ng \u00e1p d\u1ee5ng<\/span><\/td>\n<td><span style=\"font-weight: 400\">C\u00e1c chi ti\u1ebft c\u00f3 \u0111\u1eb7c \u0111i\u1ec3m quay, ch\u1eb3ng h\u1ea1n nh\u01b0 tr\u1ee5c v\u00e0 v\u1ecf<\/span><\/td>\n<td><span style=\"font-weight: 400\">C\u00e1c chi ti\u1ebft c\u00f3 b\u1ec1 m\u1eb7t cong ph\u1ee9c t\u1ea1p, ch\u1eb3ng h\u1ea1n nh\u01b0 c\u00e1c chi ti\u1ebft h\u00e0ng kh\u00f4ng, thi\u1ebft b\u1ecb y t\u1ebf v\u00e0 khu\u00f4n m\u1eabu ch\u00ednh x\u00e1c<\/span><\/td>\n<\/tr>\n<tr>\n<td><span style=\"font-weight: 400\">C\u00e1c ng\u00e0nh c\u00f4ng nghi\u1ec7p \u00e1p d\u1ee5ng<\/span><\/td>\n<p>: <\/p>\n<td><span style=\"font-weight: 400\">\u00f4 t\u00f4, h\u00e0ng kh\u00f4ng v\u0169 tr\u1ee5, n\u0103ng l\u01b0\u1ee3ng, h\u00e0ng kh\u00f4ng v\u0169 tr\u1ee5,<\/span><\/td>\n<td><span style=\"font-weight: 400\">thi\u1ebft b\u1ecb y t\u1ebf, nghi\u00ean c\u1ee9u v\u00e0 ph\u00e1t tri\u1ec3n<\/span><\/td>\n<\/tr>\n<tr>\n<td><span style=\"font-weight: 400\">Quy c\u00e1ch<\/span><\/td>\n<td><span style=\"font-weight: 400\"> <\/span><\/td>\n<td><span style=\"font-weight: 400\"> <\/span><\/td>\n<\/tr>\n<tr>\n<td><span style=\"font-weight: 400\">K\u00edch th\u01b0\u1edbc thi\u1ebft b\u1ecb<\/span><\/td>\n<td><span style=\"font-weight: 400\">960&#215;798.5x1750mm<\/span><\/td>\n<td><span style=\"font-weight: 400\">860x980x1780mm<\/span><\/td>\n<\/tr>\n<tr>\n<td><span style=\"font-weight: 400\">Khu v\u1ef1c x\u1eed l\u00fd n\u00e9t X\/Y\/Z<\/span><\/td>\n<td><span style=\"font-weight: 400\">400x400x170mm<\/span><\/td>\n<td><span style=\"font-weight: 400\">190x190x300mm<\/span><\/td>\n<\/tr>\n<tr>\n<td><span style=\"font-weight: 400\">K\u00edch th\u01b0\u1edbc ph\u00f4i<\/span><\/td>\n<td><span style=\"font-weight: 400\">400x230x150mm<\/span><\/td>\n<td><span style=\"font-weight: 400\">\u00d8 200x250mm<\/span><\/td>\n<\/tr>\n<tr>\n<td><span style=\"font-weight: 400\">G\u00f3c gia c\u00f4ng t\u1ed1i \u0111a<\/span><\/td>\n<td><span style=\"font-weight: 400\">30\u00b0<\/span><\/td>\n<td><span style=\"font-weight: 400\">Tr\u1ee5c B: -115\u00b0 \u0111\u1ebfn 15\u00b0, Tr\u1ee5c C: 360\u00b0<\/span><\/td>\n<\/tr>\n<tr>\n<td><span style=\"font-weight: 400\">Tr\u1ecdng l\u01b0\u1ee3ng ph\u00f4i c\u00f3 th\u1ec3 t\u1ea3i<\/span><\/td>\n<td><span style=\"font-weight: 400\">5 kg<\/span><\/td>\n<td><span style=\"font-weight: 400\">15 kg<\/span><\/td>\n<\/tr>\n<tr>\n<td><span style=\"font-weight: 400\">Ph\u00e2n t\u00edch ph\u1ea7n m\u1ec1m<\/span><\/td>\n<td><span style=\"font-weight: 400\">0.001<\/span><\/td>\n<td><span style=\"font-weight: 400\">0.001<\/span><\/td>\n<\/tr>\n<tr>\n<td><span style=\"font-weight: 400\">\u0110\u1ed9ng c\u01a1 tr\u1ee5c ch\u00ednh<\/span><\/td>\n<td><span style=\"font-weight: 400\">\u0110\u1ed9ng c\u01a1 \u0111\u1ed3ng b\u1ed9 nam ch\u00e2m v\u0129nh c\u1eedu 750W<\/span><\/td>\n<td><span style=\"font-weight: 400\">\u0110\u1ed9ng c\u01a1 servo 750W<\/span><\/td>\n<\/tr>\n<tr>\n<td><span style=\"font-weight: 400\">T\u1ed1c \u0111\u1ed9 tr\u1ee5c ch\u00ednh<\/span><\/td>\n<td><span style=\"font-weight: 400\">80-600 RPM<\/span><\/td>\n<td><span style=\"font-weight: 400\">0-3000RPM<\/span><\/td>\n<\/tr>\n<tr>\n<td><span style=\"font-weight: 400\">\u0110i\u1ec7n \u00e1p thi\u1ebft b\u1ecb<\/span><\/td>\n<td><span style=\"font-weight: 400\">M\u1ed9t pha 220 VAC<\/span><\/td>\n<td><span style=\"font-weight: 400\">M\u1ed9t pha 220 VAC<\/span><\/td>\n<\/tr>\n<tr>\n<td><span style=\"font-weight: 400\">Thi\u1ebft b\u1ecb hi\u1ec7n t\u1ea1i<\/span><\/td>\n<td><span style=\"font-weight: 400\">10A<\/span><\/td>\n<td><span style=\"font-weight: 400\">10A<\/span><\/td>\n<\/tr>\n<tr>\n<td><span style=\"font-weight: 400\">Ti\u00eau th\u1ee5 n\u0103ng l\u01b0\u1ee3ng thi\u1ebft b\u1ecb<\/span><\/td>\n<td><span style=\"font-weight: 400\">\u2248500W<\/span><\/td>\n<td><span style=\"font-weight: 400\">\u2248600W<\/span><\/td>\n<\/tr>\n<tr>\n<td><span style=\"font-weight: 400\">Tr\u1ecdng l\u01b0\u1ee3ng thi\u1ebft b\u1ecb<\/span><\/td>\n<td><span style=\"font-weight: 400\">\u2248450Kg<\/span><\/td>\n<td><span style=\"font-weight: 400\">\u2248480Kg<\/span><\/td>\n<\/tr>\n<\/tbody>\n<\/table>\n<p>C\u00f3 b\u1ea5t k\u1ef3 th\u1eafc m\u1eafc n\u00e0o kh\u00f4ng? <a href=\"https:\/\/honwaygroup.com\/vi\/lien-he-voi-honway\/\">Li\u00ean h\u1ec7 v\u1edbi HonWay<\/a><\/p>\n","protected":false},"excerpt":{"rendered":"<h4><strong>\u0110\u00e1nh b\u00f3ng si\u00eau m\u1ecbn Meta Polishing<\/strong><\/h4>\n<h4><strong>ng\u01b0\u1eddi m\u1eabu:AS-4100 , AS-5190<\/strong><\/h4>\n<p>&nbsp;<\/p>\n<h5><strong><span style=\"color: #ff0000;font-size: 19.2px\">\u25b2 Vui l\u00f2ng nh\u1eafn tin ri\u00eang cho b\u1ed9 ph\u1eadn ch\u0103m s\u00f3c kh\u00e1ch h\u00e0ng \u0111\u1ec3 h\u1ecfi gi\u00e1: <a href=\"https:\/\/honwaygroup.com\/vi\/lien-he-voi-honway\/\" target=\"_blank\" rel=\"noopener\">Li\u00ean h\u1ec7 HonWay.<\/a><\/span><\/strong><\/h5>\n<h5><strong><span style=\"color: #ff0000;font-size: 19.2px\">\u25b2 \u0110\u1eb7t h\u00e0ng s\u1ed1 l\u01b0\u1ee3ng l\u1edbn c\u00f3 th\u1ec3 \u0111\u01b0\u1ee3c h\u01b0\u1edfng chi\u1ebft kh\u1ea5u \u01b0u \u0111\u00e3i, vui l\u00f2ng li\u00ean h\u1ec7 b\u1ed9 ph\u1eadn ch\u0103m s\u00f3c kh\u00e1ch h\u00e0ng \u0111\u1ec3 bi\u1ebft th\u00eam chi ti\u1ebft.<br \/>\n<\/span><\/strong><\/h5>\n<h5><strong><span style=\"color: #ff0000\">\u25b2Vui l\u00f2ng li\u00ean h\u1ec7 b\u1ed9 ph\u1eadn ch\u0103m s\u00f3c kh\u00e1ch h\u00e0ng \u0111\u1ec3 bi\u1ebft ng\u00e0y giao h\u00e0ng<\/span><\/strong><\/h5>\n","protected":false},"featured_media":83165,"template":"","meta":{"site-sidebar-layout":"default","site-content-layout":"default","ast-site-content-layout":"default","site-content-style":"default","site-sidebar-style":"default","ast-global-header-display":"","ast-banner-title-visibility":"","ast-main-header-display":"","ast-hfb-above-header-display":"","ast-hfb-below-header-display":"","ast-hfb-mobile-header-display":"","site-post-title":"","ast-breadcrumbs-content":"","ast-featured-img":"","footer-sml-layout":"","ast-disable-related-posts":"","theme-transparent-header-meta":"default","adv-header-id-meta":"","stick-header-meta":"default","header-above-stick-meta":"","header-main-stick-meta":"","header-below-stick-meta":"","astra-migrate-meta-layouts":"default","ast-page-background-enabled":"default","ast-page-background-meta":{"desktop":{"background-color":"var(--ast-global-color-5)","background-image":"","background-repeat":"repeat","background-position":"center center","background-size":"auto","background-attachment":"scroll","background-type":"","background-media":"","overlay-type":"","overlay-color":"","overlay-opacity":"","overlay-gradient":""},"tablet":{"background-color":"","background-image":"","background-repeat":"repeat","background-position":"center center","background-size":"auto","background-attachment":"scroll","background-type":"","background-media":"","overlay-type":"","overlay-color":"","overlay-opacity":"","overlay-gradient":""},"mobile":{"background-color":"","background-image":"","background-repeat":"repeat","background-position":"center center","background-size":"auto","background-attachment":"scroll","background-type":"","background-media":"","overlay-type":"","overlay-color":"","overlay-opacity":"","overlay-gradient":""}},"ast-content-background-meta":{"desktop":{"background-color":"var(--ast-global-color-4)","background-image":"","background-repeat":"repeat","background-position":"center center","background-size":"auto","background-attachment":"scroll","background-type":"","background-media":"","overlay-type":"","overlay-color":"","overlay-opacity":"","overlay-gradient":""},"tablet":{"background-color":"var(--ast-global-color-4)","background-image":"","background-repeat":"repeat","background-position":"center center","background-size":"auto","background-attachment":"scroll","background-type":"","background-media":"","overlay-type":"","overlay-color":"","overlay-opacity":"","overlay-gradient":""},"mobile":{"background-color":"var(--ast-global-color-4)","background-image":"","background-repeat":"repeat","background-position":"center center","background-size":"auto","background-attachment":"scroll","background-type":"","background-media":"","overlay-type":"","overlay-color":"","overlay-opacity":"","overlay-gradient":""}}},"product_brand":[],"product_cat":[4704,4705],"product_tag":[4970,4805],"class_list":{"0":"post-83164","1":"product","2":"type-product","3":"status-publish","4":"has-post-thumbnail","6":"product_cat-may-cong-cu","7":"product_cat-thiet-bi-danh-bong","8":"product_tag-danh-bong-sieu-chinh-xac","9":"product_tag-thiet-bi-danh-bong","10":"desktop-align-left","11":"tablet-align-left","12":"mobile-align-left","13":"ast-product-gallery-layout-horizontal-slider","14":"ast-product-tabs-layout-horizontal","16":"first","17":"instock","18":"featured","19":"taxable","20":"shipping-taxable","21":"product-type-simple"},"_links":{"self":[{"href":"https:\/\/honwaygroup.com\/vi\/wp-json\/wp\/v2\/product\/83164","targetHints":{"allow":["GET"]}}],"collection":[{"href":"https:\/\/honwaygroup.com\/vi\/wp-json\/wp\/v2\/product"}],"about":[{"href":"https:\/\/honwaygroup.com\/vi\/wp-json\/wp\/v2\/types\/product"}],"version-history":[{"count":0,"href":"https:\/\/honwaygroup.com\/vi\/wp-json\/wp\/v2\/product\/83164\/revisions"}],"wp:featuredmedia":[{"embeddable":true,"href":"https:\/\/honwaygroup.com\/vi\/wp-json\/wp\/v2\/media\/83165"}],"wp:attachment":[{"href":"https:\/\/honwaygroup.com\/vi\/wp-json\/wp\/v2\/media?parent=83164"}],"wp:term":[{"taxonomy":"product_brand","embeddable":true,"href":"https:\/\/honwaygroup.com\/vi\/wp-json\/wp\/v2\/product_brand?post=83164"},{"taxonomy":"product_cat","embeddable":true,"href":"https:\/\/honwaygroup.com\/vi\/wp-json\/wp\/v2\/product_cat?post=83164"},{"taxonomy":"product_tag","embeddable":true,"href":"https:\/\/honwaygroup.com\/vi\/wp-json\/wp\/v2\/product_tag?post=83164"}],"curies":[{"name":"wp","href":"https:\/\/api.w.org\/{rel}","templated":true}]}}