{"id":83158,"date":"2023-07-26T11:12:35","date_gmt":"2023-07-26T03:12:35","guid":{"rendered":"https:\/\/honwaygroup.com\/product\/may-ban-chai-xoay-de-ban-as-bp23\/"},"modified":"2025-09-19T09:40:28","modified_gmt":"2025-09-19T01:40:28","slug":"may-ban-chai-xoay-de-ban-as-bp23","status":"publish","type":"product","link":"https:\/\/honwaygroup.com\/vi\/product\/may-ban-chai-xoay-de-ban-as-bp23\/","title":{"rendered":"M\u00e1y b\u00e0n ch\u1ea3i xoay \u0111\u1ec3 b\u00e0n AS-BP23"},"content":{"rendered":"<h2 class=\"style-scope ytd-watch-metadata\"><span style=\"color: #333333;\"><strong><a style=\"color: #333333;\" href=\"https:\/\/www.youtube.com\/watch?v=ZKIQVsbz5DY\" target=\"_blank\" rel=\"noopener nofollow\">Gi\u1ea3i ph\u00e1p Apick_M\u00e1y b\u00e0n ch\u1ea3i xoay \u0111\u1ec3 b\u00e0n<\/a><\/strong><\/span><\/h2>\n<p><a href=\"https:\/\/honwaygroup.com\/wp-content\/uploads\/2023\/07\/FB%E7%B8%AE%E5%9C%96%E5%B0%81%E9%9D%A2_AS-BP23.png\"><img fetchpriority=\"high\" decoding=\"async\" class=\"alignnone wp-image-29374 size-large\" src=\"https:\/\/honwaygroup.com\/wp-content\/uploads\/2023\/07\/FB%E7%B8%AE%E5%9C%96%E5%B0%81%E9%9D%A2_AS-BP23-1024x538.png\" alt=\"\" width=\"1024\" height=\"538\"><\/a><\/p>\n<p>[videopress lAlBIW7f permalink=&#8221;false&#8221; hd=&#8221;true&#8221; loop=&#8221;true&#8221;]<\/p>\n<p>&nbsp;<\/p>\n<h4><strong> <\/strong><\/h4>\n<h2>Th\u00f4ng s\u1ed1 k\u1ef9 thu\u1eadt s\u1ea3n ph\u1ea9m:<\/h2>\n<h4><strong> <\/strong><\/h4>\n<p><a href=\"https:\/\/honwaygroup.com\/wp-content\/uploads\/2023\/07\/AS-BP23-02-1024x363.png\"><img decoding=\"async\" class=\"alignnone size-large wp-image-29382\" src=\"https:\/\/honwaygroup.com\/wp-content\/uploads\/2023\/07\/AS-BP23-02-1024x363.png\" alt=\"\" width=\"1024\" height=\"363\"><\/a><\/p>\n<p>&nbsp;<\/p>\n<h2>T\u00ednh n\u0103ng s\u1ea3n ph\u1ea9m<\/h2>\n<table style=\"height: 267px;\" width=\"600\">\n<tbody>\n<tr>\n<td>\n<h4><strong><a href=\"https:\/\/honwaygroup.com\/wp-content\/uploads\/2023\/07\/AS-BP23-03-300x267.png\"><img decoding=\"async\" class=\"wp-image-29378 size-medium aligncenter\" src=\"https:\/\/honwaygroup.com\/wp-content\/uploads\/2023\/07\/AS-BP23-03-300x267.png\" alt=\"\" width=\"300\" height=\"267\"><\/a><\/strong><\/h4>\n<\/td>\n<td>\n<ul>\n<li><strong>T\u1ed1c \u0111\u1ed9 xoay c\u00f3 th\u1ec3 \u0111i\u1ec1u ch\u1ec9nh theo nhu c\u1ea7u.<\/strong><\/li>\n<li><strong>H\u1ed7 tr\u1ee3 thay th\u1ebf c\u00e1c v\u1eadt li\u1ec7u m\u00e0i.<\/strong><\/li>\n<li><strong>H\u1ec7 th\u1ed1ng l\u1ecdc v\u1edbi ch\u1ee9c n\u0103ng t\u00e1ch b\u1ee5i<\/strong><\/li>\n<li><strong>\u0110\u01b0\u1ee3c trang b\u1ecb t\u1ea5m ch\u1eafn b\u1ea3o v\u1ec7 acrylic c\u00f3 th\u1ec3 \u0111i\u1ec1u ch\u1ec9nh<\/strong><\/li>\n<li><strong>Hai b\u00ean \u0111\u01b0\u1ee3c \u0111\u1ec7m PU mang l\u1ea1i s\u1ef1 tho\u1ea3i m\u00e1i khi s\u1eed d\u1ee5ng l\u00e2u d\u00e0i.<\/strong><\/li>\n<li><strong>\u0110\u01b0\u1ee3c trang b\u1ecb \u0111\u00e8n LED cho kh\u00f4ng gian l\u00e0m vi\u1ec7c s\u00e1ng h\u01a1n.<\/strong><\/li>\n<li><strong>D\u1ec5 d\u00e0ng di chuy\u1ec3n, v\u1eadn h\u00e0nh tr\u01a1n tru v\u00e0 \u00eam \u00e1i.<\/strong><\/li>\n<\/ul>\n<\/td>\n<\/tr>\n<\/tbody>\n<\/table>\n<p>N\u1ebfu b\u1ea1n c\u00f3 b\u1ea5t k\u1ef3 c\u00e2u h\u1ecfi n\u00e0o, \u0111\u1eebng ng\u1ea7n ng\u1ea1i h\u1ecfi nh\u00e9! <a href=\"https:\/\/honwaygroup.com\/vi\/lien-he-voi-honway\/\">Li\u00ean h\u1ec7 HonWay<\/a><\/p>\n","protected":false},"excerpt":{"rendered":"<h4><strong>C\u00e1c \u1ee9ng d\u1ee5ng: Lo\u1ea1i b\u1ecf bavia\uff5cM\u00e0i v\u00e1t c\u1ea1nh\uff5cChu\u1ea9n b\u1ecb c\u1ea1nh\uff5c\u0110\u00e1nh b\u00f3ng<\/strong><\/h4>\n<h4><strong>Lo\u1ea1i: AS-BP23<\/strong><\/h4>\n<p><a href=\"https:\/\/honwaygroup.com\/wp-content\/uploads\/2023\/08\/AS-BP23_%E4%B8%80%E9%A0%81%E5%BC%8FDM%E5%96%AE%E9%9D%A2_230803-scaled.jpg\" target=\"_blank\" rel=\"noopener\">(Nh\u1ea5p v\u00e0o \u0111\u00e2y \u0111\u1ec3 xem danh m\u1ee5c \u0111i\u1ec7n t\u1eed)<\/a><\/p>\n<h5><strong><span style=\"color: #ff0000; font-size: 19.2px;\">\u25b2 Vui l\u00f2ng li\u00ean h\u1ec7 d\u1ecbch v\u1ee5 kh\u00e1ch h\u00e0ng c\u1ee7a ch\u00fang t\u00f4i \u0111\u1ec3 h\u1ecfi gi\u00e1: <a href=\"https:\/\/honwaygroup.com\/vi\/lien-he-voi-honway\/\" target=\"_blank\" rel=\"noopener\">Li\u00ean h\u1ec7 v\u1edbi HonWay.<\/a><\/span><\/strong><\/h5>\n<h5><strong><span style=\"color: #ff0000; font-size: 19.2px;\">\u25b2 \u0110\u01a1n h\u00e0ng l\u1edbn c\u00f3 th\u1ec3 \u0111\u01b0\u1ee3c h\u01b0\u1edfng \u01b0u \u0111\u00e3i gi\u1ea3m gi\u00e1, vui l\u00f2ng li\u00ean h\u1ec7 v\u1edbi b\u1ed9 ph\u1eadn ch\u0103m s\u00f3c kh\u00e1ch h\u00e0ng.<br \/>\n<\/span><\/strong><\/h5>\n<h5><strong><span style=\"color: #ff0000;\">\u25b2 Vui l\u00f2ng li\u00ean h\u1ec7 d\u1ecbch v\u1ee5 kh\u00e1ch h\u00e0ng \u0111\u1ec3 bi\u1ebft ng\u00e0y giao h\u00e0ng.<\/span><\/strong><\/h5>\n","protected":false},"featured_media":83159,"template":"","meta":{"site-sidebar-layout":"default","site-content-layout":"default","ast-site-content-layout":"default","site-content-style":"default","site-sidebar-style":"default","ast-global-header-display":"","ast-banner-title-visibility":"","ast-main-header-display":"","ast-hfb-above-header-display":"","ast-hfb-below-header-display":"","ast-hfb-mobile-header-display":"","site-post-title":"","ast-breadcrumbs-content":"","ast-featured-img":"","footer-sml-layout":"","ast-disable-related-posts":"","theme-transparent-header-meta":"default","adv-header-id-meta":"","stick-header-meta":"","header-above-stick-meta":"","header-main-stick-meta":"","header-below-stick-meta":"","astra-migrate-meta-layouts":"default","ast-page-background-enabled":"default","ast-page-background-meta":{"desktop":{"background-color":"var(--ast-global-color-5)","background-image":"","background-repeat":"repeat","background-position":"center center","background-size":"auto","background-attachment":"scroll","background-type":"","background-media":"","overlay-type":"","overlay-color":"","overlay-opacity":"","overlay-gradient":""},"tablet":{"background-color":"","background-image":"","background-repeat":"repeat","background-position":"center center","background-size":"auto","background-attachment":"scroll","background-type":"","background-media":"","overlay-type":"","overlay-color":"","overlay-opacity":"","overlay-gradient":""},"mobile":{"background-color":"","background-image":"","background-repeat":"repeat","background-position":"center center","background-size":"auto","background-attachment":"scroll","background-type":"","background-media":"","overlay-type":"","overlay-color":"","overlay-opacity":"","overlay-gradient":""}},"ast-content-background-meta":{"desktop":{"background-color":"var(--ast-global-color-4)","background-image":"","background-repeat":"repeat","background-position":"center center","background-size":"auto","background-attachment":"scroll","background-type":"","background-media":"","overlay-type":"","overlay-color":"","overlay-opacity":"","overlay-gradient":""},"tablet":{"background-color":"var(--ast-global-color-4)","background-image":"","background-repeat":"repeat","background-position":"center center","background-size":"auto","background-attachment":"scroll","background-type":"","background-media":"","overlay-type":"","overlay-color":"","overlay-opacity":"","overlay-gradient":""},"mobile":{"background-color":"var(--ast-global-color-4)","background-image":"","background-repeat":"repeat","background-position":"center center","background-size":"auto","background-attachment":"scroll","background-type":"","background-media":"","overlay-type":"","overlay-color":"","overlay-opacity":"","overlay-gradient":""}}},"product_brand":[],"product_cat":[4706,4704],"product_tag":[4812,4840,4809,4813],"class_list":{"0":"post-83158","1":"product","2":"type-product","3":"status-publish","4":"has-post-thumbnail","6":"product_cat-may-chai-xoay","7":"product_cat-may-cong-cu","8":"product_tag-dang-de-ban","9":"product_tag-may-chai","10":"product_tag-may-chai-xoay","11":"product_tag-may-chai-xoay-dang-de-ban","12":"desktop-align-left","13":"tablet-align-left","14":"mobile-align-left","15":"ast-product-gallery-layout-horizontal-slider","16":"ast-product-tabs-layout-horizontal","18":"first","19":"instock","20":"taxable","21":"shipping-taxable","22":"product-type-simple"},"_links":{"self":[{"href":"https:\/\/honwaygroup.com\/vi\/wp-json\/wp\/v2\/product\/83158","targetHints":{"allow":["GET"]}}],"collection":[{"href":"https:\/\/honwaygroup.com\/vi\/wp-json\/wp\/v2\/product"}],"about":[{"href":"https:\/\/honwaygroup.com\/vi\/wp-json\/wp\/v2\/types\/product"}],"version-history":[{"count":0,"href":"https:\/\/honwaygroup.com\/vi\/wp-json\/wp\/v2\/product\/83158\/revisions"}],"wp:featuredmedia":[{"embeddable":true,"href":"https:\/\/honwaygroup.com\/vi\/wp-json\/wp\/v2\/media\/83159"}],"wp:attachment":[{"href":"https:\/\/honwaygroup.com\/vi\/wp-json\/wp\/v2\/media?parent=83158"}],"wp:term":[{"taxonomy":"product_brand","embeddable":true,"href":"https:\/\/honwaygroup.com\/vi\/wp-json\/wp\/v2\/product_brand?post=83158"},{"taxonomy":"product_cat","embeddable":true,"href":"https:\/\/honwaygroup.com\/vi\/wp-json\/wp\/v2\/product_cat?post=83158"},{"taxonomy":"product_tag","embeddable":true,"href":"https:\/\/honwaygroup.com\/vi\/wp-json\/wp\/v2\/product_tag?post=83158"}],"curies":[{"name":"wp","href":"https:\/\/api.w.org\/{rel}","templated":true}]}}