{"id":83128,"date":"2024-09-10T11:51:48","date_gmt":"2024-09-10T03:51:48","guid":{"rendered":"https:\/\/honwaygroup.com\/product\/hw-forte-dang-kenh-dong-chay-dia-mai-luyen-kim-kich-thuoc-kim-cuong-co-the-tuy-chinh\/"},"modified":"2026-01-27T18:00:06","modified_gmt":"2026-01-27T10:00:06","slug":"hw-forte-dang-kenh-dong-chay-dia-mai-luyen-kim-kich-thuoc-kim-cuong-co-the-tuy-chinh","status":"publish","type":"product","link":"https:\/\/honwaygroup.com\/vi\/product\/hw-forte-dang-kenh-dong-chay-dia-mai-luyen-kim-kich-thuoc-kim-cuong-co-the-tuy-chinh\/","title":{"rendered":"HW-Forte (h\u00ecnh r\u00e3nh) &#8211; \u0110\u0129a m\u00e0i kim lo\u1ea1i, k\u00edch th\u01b0\u1edbc kim c\u01b0\u01a1ng c\u00f3 th\u1ec3 t\u00f9y ch\u1ec9nh."},"content":{"rendered":"<h1>\u0110\u1eb7c \u0111i\u1ec3m s\u1ea3n ph\u1ea9m HW-Forte (k\u00eanh d\u1eabn d\u00f2ng)<\/h1>\n<p>N\u00f3 c\u00f3 th\u1ec3 thay th\u1ebf gi\u1ea5y nh\u00e1m luy\u1ec7n kim \u0111\u1ec3 \u0111\u00e1nh b\u00f3ng. L\u1edbp l\u00e0m vi\u1ec7c c\u1ee7a \u0111\u0129a m\u00e0i t\u1ed1i \u01b0u h\u00f3a qu\u00e1 tr\u00ecnh \u0111\u00e1nh b\u00f3ng b\u1eb1ng h\u1ea1t kim c\u01b0\u01a1ng nh\u1edd kh\u1ea3 n\u0103ng cung c\u1ea5p ch\u1ea5t b\u00f4i tr\u01a1n li\u00ean t\u1ee5c. K\u1ebft c\u1ea5u b\u1ec1 m\u1eb7t \u0111\u1ea3m b\u1ea3o \u0111\u1ed9 ph\u1eb3ng v\u01b0\u1ee3t tr\u1ed9i cho t\u1ea5t c\u1ea3 c\u00e1c m\u1eabu.<br \/>\n\u2022 Ch\u1ea5t m\u00e0i m\u00f2n ch\u00ednh l\u00e0 kim c\u01b0\u01a1ng hi\u1ec7u su\u1ea5t cao v\u1edbi thi\u1ebft k\u1ebf r\u00e3nh. C\u00f3 nhi\u1ec1u t\u00f9y ch\u1ecdn kh\u00e1c nhau cho c\u00e1c v\u1eadt li\u1ec7u c\u00f3 \u0111\u1ed9 c\u1ee9ng t\u1eeb HV250 \u0111\u1ebfn 2000.<br \/>\n\u2022 Kim lo\u1ea1i: Th\u00e9p t\u1ed1c \u0111\u1ed9 cao, th\u00e9p h\u1ee3p kim, cacbua xi m\u0103ng, th\u00e9p vonfram, cacbua vonfram, v.v.<br \/>\n\u2022 V\u1eadt li\u1ec7u phi kim lo\u1ea1i: th\u1ee7y tinh, g\u1ed1m s\u1ee9, m\u00e3 n\u00e3o, \u0111\u00e1, \u0111\u00e1 qu\u00fd, ng\u1ecdc b\u00edch, silic \u0111\u01a1n tinh th\u1ec3, silic \u0111a tinh th\u1ec3, th\u1ee7y tinh th\u1ea1ch anh, cacbua titan, v\u1eadt li\u1ec7u t\u1eeb t\u00ednh, v.v.<\/p>\n<p>&nbsp;<\/p>\n<h1>L\u0129nh v\u1ef1c \u1ee9ng d\u1ee5ng:<\/h1>\n<ul>\n<li><strong>Khoa h\u1ecdc v\u1eadt li\u1ec7u,<\/strong> <strong>nh\u1eadn d\u1ea1ng kim lo\u1ea1i,<\/strong> <strong>ph\u00e2n t\u00edch l\u1ed7i, <strong>s\u1ea3n xu\u1ea5t<\/strong>,<\/strong> <strong>nghi\u00ean c\u1ee9u v\u00e0 ph\u00e1t tri\u1ec3n v\u1eadt li\u1ec7u<\/strong>, <strong>ch\u1ebf bi\u1ebfn kim c\u01b0\u01a1ng v\u00e0 \u0111\u00e1 qu\u00fd,<\/strong> <strong>c\u00f4ng nghi\u1ec7p \u0111i\u1ec7n t\u1eed v\u00e0 b\u00e1n d\u1eabn.<\/strong><\/li>\n<li><strong><span class=\"html-span xdj266r x11i5rnm xat24cr x1mh8g0r xexx8yu x4uap5 x18d9i69 xkhd6sd x1hl2dhg x16tdsg8 x1vvkbs\">M\u00e1y m\u00e0i hai m\u1eb7t,<\/span> <span class=\"html-span xdj266r x11i5rnm xat24cr x1mh8g0r xexx8yu x4uap5 x18d9i69 xkhd6sd x1hl2dhg x16tdsg8 x1vvkbs\">m\u00e1y m\u00e0i m\u1ed9t l\u01b0\u1ee1i<\/span><\/strong><\/li>\n<\/ul>\n<h1>Th\u00f4ng s\u1ed1 k\u1ef9 thu\u1eadt s\u1ea3n ph\u1ea9m<\/h1>\n<table>\n<tbody>\n<tr>\n<td><span style=\"font-weight: 400;\">Con s\u1ed1<\/span><\/td>\n<td><span style=\"font-weight: 400;\">K\u00edch th\u01b0\u1edbc h\u1ea1t(um)<\/span><\/td>\n<td><span style=\"font-weight: 400;\">k\u00edch c\u1ee1(mm)<\/span><\/td>\n<td><span style=\"font-weight: 400;\">k\u00edch c\u1ee1(inch)<\/span><\/td>\n<\/tr>\n<tr>\n<td><span style=\"font-weight: 400;\">60#<\/span><\/td>\n<td><span style=\"font-weight: 400;\">240<\/span><\/td>\n<td rowspan=\"16\"><span style=\"font-weight: 400;\">\u00d8200<\/span><\/p>\n<p><span style=\"font-weight: 400;\">\u00d8230<\/span><\/p>\n<p><span style=\"font-weight: 400;\">\u00d8250<\/span><\/p>\n<p><span style=\"font-weight: 400;\">\u00d8300<\/span><\/td>\n<td rowspan=\"16\"><span style=\"font-weight: 400;\">\u00d88<\/span><\/p>\n<p><span style=\"font-weight: 400;\">\u00d89<\/span><\/p>\n<p><span style=\"font-weight: 400;\">\u00d89.5<\/span><\/p>\n<p><span style=\"font-weight: 400;\">\u00d812<\/span><\/td>\n<\/tr>\n<tr>\n<td><span style=\"font-weight: 400;\">80#<\/span><\/td>\n<td><span style=\"font-weight: 400;\">188<\/span><\/td>\n<\/tr>\n<tr>\n<td><span style=\"font-weight: 400;\">120#<\/span><\/td>\n<td><span style=\"font-weight: 400;\">127<\/span><\/td>\n<\/tr>\n<tr>\n<td><span style=\"font-weight: 400;\">180#<\/span><\/td>\n<td><span style=\"font-weight: 400;\">78<\/span><\/td>\n<\/tr>\n<tr>\n<td><span style=\"font-weight: 400;\">240#<\/span><\/td>\n<td><span style=\"font-weight: 400;\">58<\/span><\/td>\n<\/tr>\n<tr>\n<td><span style=\"font-weight: 400;\">320#<\/span><\/td>\n<td><span style=\"font-weight: 400;\">46<\/span><\/td>\n<\/tr>\n<tr>\n<td><span style=\"font-weight: 400;\">400#<\/span><\/td>\n<td><span style=\"font-weight: 400;\">35<\/span><\/td>\n<\/tr>\n<tr>\n<td><span style=\"font-weight: 400;\">600#<\/span><\/td>\n<td><span style=\"font-weight: 400;\">26<\/span><\/td>\n<\/tr>\n<tr>\n<td><span style=\"font-weight: 400;\">800#<\/span><\/td>\n<td><span style=\"font-weight: 400;\">22<\/span><\/td>\n<\/tr>\n<tr>\n<td><span style=\"font-weight: 400;\">1000#<\/span><\/td>\n<td><span style=\"font-weight: 400;\">18<\/span><\/td>\n<\/tr>\n<tr>\n<td><span style=\"font-weight: 400;\">1200#<\/span><\/td>\n<td><span style=\"font-weight: 400;\">15<\/span><\/td>\n<\/tr>\n<tr>\n<td><span style=\"font-weight: 400;\">1500#<\/span><\/td>\n<td><span style=\"font-weight: 400;\">12<\/span><\/td>\n<\/tr>\n<tr>\n<td><span style=\"font-weight: 400;\">2000#<\/span><\/td>\n<td><span style=\"font-weight: 400;\">9.0<\/span><\/td>\n<\/tr>\n<tr>\n<td><span style=\"font-weight: 400;\">2400#<\/span><\/td>\n<td><span style=\"font-weight: 400;\">6.0<\/span><\/td>\n<\/tr>\n<tr>\n<td><span style=\"font-weight: 400;\">4000#<\/span><\/td>\n<td><span style=\"font-weight: 400;\">3.0<\/span><\/td>\n<\/tr>\n<tr>\n<td><span style=\"font-weight: 400;\">7000#<\/span><\/td>\n<td><span style=\"font-weight: 400;\">0.5<\/span><\/td>\n<\/tr>\n<\/tbody>\n<\/table>\n<p>&nbsp;<\/p>\n<h2>1. S\u1ef1 kh\u00e1c bi\u1ec7t gi\u1eefa c\u00e1c s\u1ea3n ph\u1ea9m<\/h2>\n<table>\n<tbody>\n<tr>\n<td width=\"132\"><\/td>\n<td width=\"208\">\u0110\u0129a m\u00e0i<\/td>\n<td width=\"213\">\u0110\u0129a m\u00e0i<\/td>\n<\/tr>\n<tr>\n<td width=\"132\">L\u1edbp m\u00e0i m\u00f2n<\/td>\n<td width=\"208\">M\u1ec1m<\/td>\n<td width=\"213\">C\u1ee9ng<\/td>\n<\/tr>\n<tr>\n<td width=\"132\">\u0110\u1ed9 c\u1ee9ng Shore:<\/td>\n<td width=\"208\">80 \u0111\u1ed9<\/td>\n<td width=\"213\">90 \u0111\u1ed9<\/td>\n<\/tr>\n<tr>\n<td width=\"132\">M\u00f4 t\u1ea3: <\/td>\n<td width=\"208\">M\u1ec1m nh\u01b0 da b\u00f2,<\/td>\n<td width=\"213\">c\u1ee9ng nh\u01b0 th\u00e9p<\/td>\n<\/tr>\n<tr>\n<td width=\"132\">\u1ee8ng d\u1ee5ng<\/td>\n<td width=\"208\">Thay th\u1ebf quy tr\u00ecnh m\u00e0i ba b\u01b0\u1edbc (m\u00e0i sau v\u00e0 \u0111\u00e1nh b\u00f3ng tr\u01b0\u1edbc).<\/td>\n<td width=\"213\">Thay th\u1ebf gi\u1ea5y nh\u00e1m \u0111\u1ec3 m\u00e0i c\u00e1c v\u1eadt li\u1ec7u si\u00eau c\u1ee9ng.<\/td>\n<\/tr>\n<\/tbody>\n<\/table>\n<h2>2.C\u00e1ch l\u1ef1a ch\u1ecdn<\/h2>\n<p>\u1ee8ng d\u1ee5ng c\u1ee5 th\u1ec3 c\u1ea7n \u0111\u01b0\u1ee3c x\u00e1c \u0111\u1ecbnh d\u1ef1a tr\u00ean \u0111\u1ed9 c\u1ee9ng c\u1ee7a v\u1eadt li\u1ec7u ph\u00f4i v\u00e0 quy tr\u00ecnh th\u1ef1c t\u1ebf hi\u1ec7n t\u1ea1i c\u1ee7a b\u1ea1n.<\/p>\n<p>C\u00e1ch s\u1eed d\u1ee5ng: \u0110\u1eb7t \u0111\u0129a m\u00e0i tr\u1ef1c ti\u1ebfp l\u00ean \u0111\u0129a t\u1eeb c\u1ee7a m\u00e1y m\u00e0i. Kh\u00f4ng c\u1ea7n kh\u0103n lau ho\u1eb7c ch\u1ea5t m\u00e0i m\u00f2n b\u1ed5 sung (dung d\u1ecbch \u0111\u00e1nh b\u00f3ng). B\u1ea1n c\u00f3 th\u1ec3 b\u1eaft \u0111\u1ea7u m\u00e0i tr\u1ef1c ti\u1ebfp v\u1edbi n\u01b0\u1edbc m\u00e1y.<\/p>\n<p>\u203bKhi x\u1eed l\u00fd c\u00e1c m\u1eabu c\u00f3 \u0111\u1ed9 nh\u1ea1y cao, c\u00f3 th\u1ec3 s\u1eed d\u1ee5ng ch\u1ea5t l\u1ecfng kh\u00f4ng \u0103n m\u00f2n thay cho n\u01b0\u1edbc l\u00e0m ch\u1ea5t b\u00f4i tr\u01a1n.<\/p>\n<p>\u203b \u0110\u1ec3 \u0111\u1ea1t \u0111\u01b0\u1ee3c \u0111\u1ed9 ph\u1eb3ng m\u1eabu ch\u00ednh x\u00e1c v\u00e0 \u0111\u1ed9 m\u00e0i m\u00f2n \u0111\u1ed3ng \u0111\u1ec1u c\u1ee7a \u0111\u0129a m\u00e0i, m\u1eabu n\u1eb1m ngo\u00e0i gi\u00e1 \u0111\u1ee1 m\u1eabu c\u1ea7n nh\u00f4 ra v\u00e0i milim\u00e9t so v\u1edbi b\u1ec1 m\u1eb7t l\u00e0m vi\u1ec7c c\u1ee7a \u0111\u0129a m\u00e0i.<\/p>\n<h2>3.L\u01b0u \u00fd<\/h2>\n<ol>\n<li>\u0110\u1ec3 \u0111\u1ea1t \u0111\u01b0\u1ee3c \u0111\u1ed9 ph\u1eb3ng cao h\u01a1n, vui l\u00f2ng kh\u00f4ng d\u00e1n nh\u00e3n ho\u1eb7c c\u00e1c v\u1eadt d\u1ee5ng t\u01b0\u01a1ng t\u1ef1 l\u00ean \u0111\u00e1y \u0111\u0129a \u0111\u1ec3 tr\u00e1nh \u1ea3nh h\u01b0\u1edfng \u0111\u1ebfn \u0111\u1ed9 ph\u1eb3ng c\u1ee7a ph\u00f4i.<\/li>\n<li>B\u1ec1 m\u1eb7t ti\u1ebfp x\u00fac gi\u1eefa \u0111\u0129a m\u00e0i v\u00e0 m\u00e1y ph\u1ea3i \u0111\u01b0\u1ee3c gi\u1eef r\u1ea5t ph\u1eb3ng, s\u1ea1ch v\u00e0 kh\u00f4 \u0111\u1ec3 tr\u00e1nh \u1ea3nh h\u01b0\u1edfng \u0111\u1ebfn \u0111\u1ed9 ph\u1eb3ng c\u1ee7a ph\u00f4i.<\/li>\n<li>Sau khi s\u1eed d\u1ee5ng, h\u00e3y th\u00e1o ra c\u1ea9n th\u1eadn, r\u1eeda b\u1eb1ng n\u01b0\u1edbc v\u00e0 ph\u01a1i kh\u00f4.<\/li>\n<li>\u8acb\u52ff\u5f4e\u6298\u640d\u50b7\u7cbe\u78e8\u76e4\u3002<\/li>\n<li>Khi l\u1eafp \u0111\u1eb7t v\u00e0 th\u00e1o g\u1ee1, h\u00e3y c\u1ea9n th\u1eadn \u0111\u1ec3 tr\u00e1nh l\u1ef1c h\u00fat t\u1eeb t\u00ednh g\u00e2y k\u1eb9p tay.<\/li>\n<\/ol>\n<p>&nbsp;<\/p>\n<h2>4. Kh\u00e1c<\/h2>\n<figure id=\"attachment_82978\" aria-describedby=\"caption-attachment-82978\" style=\"width: 614px\" class=\"wp-caption alignnone\"><a href=\"https:\/\/honwaygroup.com\/wp-content\/uploads\/2024\/09\/%E5%AE%8F%E5%B4%B4%E5%9E%8B%E9%8C%84-DM07_%E9%91%BD%E7%9F%B3%E6%8B%8B%E5%85%89%E7%9B%A4-01.webp\"><img fetchpriority=\"high\" decoding=\"async\" class=\"wp-image-47058 size-full\" src=\"https:\/\/honwaygroup.com\/wp-content\/uploads\/2024\/09\/%E5%AE%8F%E5%B4%B4%E5%9E%8B%E9%8C%84-DM07_%E9%91%BD%E7%9F%B3%E6%8B%8B%E5%85%89%E7%9B%A4-01.webp\" alt=\"Mi\u1ebfng \u0111\u1ec7m \u0111\u00e1nh b\u00f3ng kim c\u01b0\u01a1ng\" width=\"614\" height=\"826\"><\/a><figcaption id=\"caption-attachment-82978\" class=\"wp-caption-text\">Mi\u1ebfng \u0111\u1ec7m \u0111\u00e1nh b\u00f3ng kim c\u01b0\u01a1ng<\/figcaption><\/figure>\n<p><a href=\"https:\/\/honwaygroup.com\/wp-content\/uploads\/2024\/09\/%E5%AE%8F%E5%B4%B4%E5%9E%8B%E9%8C%84-DM001_%E9%91%BD%E7%9F%B3%E6%8B%8B%E5%85%89%E7%9B%A4-02-scaled.webp\"><img decoding=\"async\" class=\"wp-image-42437\" src=\"https:\/\/honwaygroup.com\/wp-content\/uploads\/2024\/09\/%E5%AE%8F%E5%B4%B4%E5%9E%8B%E9%8C%84-DM001_%E9%91%BD%E7%9F%B3%E6%8B%8B%E5%85%89%E7%9B%A4-02-scaled.webp\" alt=\"B\u1ea3ng so s\u00e1nh \u0111\u0129a m\u00e0i luy\u1ec7n kim\" width=\"500\" height=\"674\"><\/a><\/p>\n","protected":false},"excerpt":{"rendered":"<p><a href=\"https:\/\/honwaygroup.com\/wp-content\/uploads\/2024\/09\/%E6%9C%AA%E5%91%BD%E5%90%8D-2.webp\"><img decoding=\"async\" class=\"wp-image-44990 size-large\" src=\"https:\/\/honwaygroup.com\/wp-content\/uploads\/2024\/09\/%E6%9C%AA%E5%91%BD%E5%90%8D-2-1024x633.webp\" alt=\"HW-Forte (k\u00eanh d\u1eabn d\u00f2ng) - \u0110\u0129a m\u00e0i luy\u1ec7n kim\" width=\"1024\" height=\"633\"><\/a><\/p>\n<p>\u2022 C\u00f3 nhi\u1ec1u t\u00f9y ch\u1ecdn kh\u00e1c nhau cho c\u00e1c v\u1eadt li\u1ec7u c\u1ee9ng v\u1edbi \u0111\u1ed9 c\u1ee9ng t\u1eeb HV250 \u0111\u1ebfn 2000.<br \/>\u2022 Kim lo\u1ea1i: Th\u00e9p t\u1ed1c \u0111\u1ed9 cao, th\u00e9p h\u1ee3p kim, cacbua xi m\u0103ng, th\u00e9p vonfram, cacbua vonfram, v.v.<br \/>\u2022 Phi kim lo\u1ea1i: Th\u1ee7y tinh, g\u1ed1m s\u1ee9, m\u00e3 n\u00e3o, \u0111\u00e1, \u0111\u00e1 qu\u00fd, ng\u1ecdc b\u00edch, silic \u0111\u01a1n tinh th\u1ec3, silic \u0111a tinh th\u1ec3, th\u1ee7y tinh th\u1ea1ch anh, cacbua titan, v\u1eadt li\u1ec7u t\u1eeb t\u00ednh, v.v.<\/p>\n<h5><strong><span style=\"color: #ff0000; font-size: 19.2px;\">\u25b2<\/span><\/strong><strong><span style=\"color: #ff0000; font-size: 19.2px;\"> N\u1ebfu c\u1ea7n k\u00edch th\u01b0\u1edbc t\u00f9y ch\u1ec9nh, vui l\u00f2ng li\u00ean h\u1ec7 b\u1ed9 ph\u1eadn ch\u0103m s\u00f3c kh\u00e1ch h\u00e0ng.<\/span><\/strong><\/h5>\n<h5><strong><span style=\"color: #ff0000; font-size: 19.2px;\">\u25b2 \u0110\u1eb7t h\u00e0ng s\u1ed1 l\u01b0\u1ee3ng l\u1edbn c\u00f3 th\u1ec3 \u0111\u01b0\u1ee3c h\u01b0\u1edfng chi\u1ebft kh\u1ea5u \u01b0u \u0111\u00e3i, vui l\u00f2ng li\u00ean h\u1ec7 b\u1ed9 ph\u1eadn ch\u0103m s\u00f3c kh\u00e1ch h\u00e0ng \u0111\u1ec3 bi\u1ebft th\u00eam chi ti\u1ebft.<br \/>\n<\/span><\/strong><\/h5>\n<h5><strong><span style=\"color: #ff0000;\">\u25b2 Vui l\u00f2ng li\u00ean h\u1ec7 b\u1ed9 ph\u1eadn ch\u0103m s\u00f3c kh\u00e1ch h\u00e0ng \u0111\u1ec3 h\u1ecfi v\u1ec1 th\u1eddi gian giao h\u00e0ng c\u1ee7a \u0111\u01a1n \u0111\u1eb7t h\u00e0ng<\/span>:<a href=\"https:\/\/honwaygroup.com\/vi\/lien-he-voi-honway\/\"> Li\u00ean h\u1ec7 HonWay.<\/a><\/strong><\/h5>\n","protected":false},"featured_media":83129,"template":"","meta":{"site-sidebar-layout":"default","site-content-layout":"default","ast-site-content-layout":"default","site-content-style":"default","site-sidebar-style":"default","ast-global-header-display":"","ast-banner-title-visibility":"","ast-main-header-display":"","ast-hfb-above-header-display":"","ast-hfb-below-header-display":"","ast-hfb-mobile-header-display":"","site-post-title":"","ast-breadcrumbs-content":"","ast-featured-img":"","footer-sml-layout":"","ast-disable-related-posts":"","theme-transparent-header-meta":"default","adv-header-id-meta":"","stick-header-meta":"default","header-above-stick-meta":"","header-main-stick-meta":"","header-below-stick-meta":"","astra-migrate-meta-layouts":"default","ast-page-background-enabled":"default","ast-page-background-meta":{"desktop":{"background-color":"var(--ast-global-color-5)","background-image":"","background-repeat":"repeat","background-position":"center center","background-size":"auto","background-attachment":"scroll","background-type":"","background-media":"","overlay-type":"","overlay-color":"","overlay-opacity":"","overlay-gradient":""},"tablet":{"background-color":"","background-image":"","background-repeat":"repeat","background-position":"center center","background-size":"auto","background-attachment":"scroll","background-type":"","background-media":"","overlay-type":"","overlay-color":"","overlay-opacity":"","overlay-gradient":""},"mobile":{"background-color":"","background-image":"","background-repeat":"repeat","background-position":"center center","background-size":"auto","background-attachment":"scroll","background-type":"","background-media":"","overlay-type":"","overlay-color":"","overlay-opacity":"","overlay-gradient":""}},"ast-content-background-meta":{"desktop":{"background-color":"var(--ast-global-color-4)","background-image":"","background-repeat":"repeat","background-position":"center center","background-size":"auto","background-attachment":"scroll","background-type":"","background-media":"","overlay-type":"","overlay-color":"","overlay-opacity":"","overlay-gradient":""},"tablet":{"background-color":"var(--ast-global-color-4)","background-image":"","background-repeat":"repeat","background-position":"center center","background-size":"auto","background-attachment":"scroll","background-type":"","background-media":"","overlay-type":"","overlay-color":"","overlay-opacity":"","overlay-gradient":""},"mobile":{"background-color":"var(--ast-global-color-4)","background-image":"","background-repeat":"repeat","background-position":"center center","background-size":"auto","background-attachment":"scroll","background-type":"","background-media":"","overlay-type":"","overlay-color":"","overlay-opacity":"","overlay-gradient":""}}},"product_brand":[],"product_cat":[4387,4421],"product_tag":[4919],"class_list":{"0":"post-83128","1":"product","2":"type-product","3":"status-publish","4":"has-post-thumbnail","6":"product_cat-dia-mai-kim-loai","7":"product_cat-vat-tu-tieu-hao-kim-loai","8":"product_tag-dia-mai-kim-cuong-ranh-dong-chay","9":"desktop-align-left","10":"tablet-align-left","11":"mobile-align-left","12":"ast-product-gallery-layout-horizontal-slider","13":"ast-product-single-variable","14":"ast-product-tabs-layout-horizontal","16":"first","17":"instock","18":"taxable","19":"shipping-taxable","20":"purchasable","21":"product-type-variable"},"_links":{"self":[{"href":"https:\/\/honwaygroup.com\/vi\/wp-json\/wp\/v2\/product\/83128","targetHints":{"allow":["GET"]}}],"collection":[{"href":"https:\/\/honwaygroup.com\/vi\/wp-json\/wp\/v2\/product"}],"about":[{"href":"https:\/\/honwaygroup.com\/vi\/wp-json\/wp\/v2\/types\/product"}],"version-history":[{"count":0,"href":"https:\/\/honwaygroup.com\/vi\/wp-json\/wp\/v2\/product\/83128\/revisions"}],"wp:featuredmedia":[{"embeddable":true,"href":"https:\/\/honwaygroup.com\/vi\/wp-json\/wp\/v2\/media\/83129"}],"wp:attachment":[{"href":"https:\/\/honwaygroup.com\/vi\/wp-json\/wp\/v2\/media?parent=83128"}],"wp:term":[{"taxonomy":"product_brand","embeddable":true,"href":"https:\/\/honwaygroup.com\/vi\/wp-json\/wp\/v2\/product_brand?post=83128"},{"taxonomy":"product_cat","embeddable":true,"href":"https:\/\/honwaygroup.com\/vi\/wp-json\/wp\/v2\/product_cat?post=83128"},{"taxonomy":"product_tag","embeddable":true,"href":"https:\/\/honwaygroup.com\/vi\/wp-json\/wp\/v2\/product_tag?post=83128"}],"curies":[{"name":"wp","href":"https:\/\/api.w.org\/{rel}","templated":true}]}}