{"id":83055,"date":"2024-09-03T10:20:02","date_gmt":"2024-09-03T02:20:02","guid":{"rendered":"https:\/\/honwaygroup.com\/product\/hw-largo-hexagonal-dia-mai-tinh-luyen-kim-loai-co-san-cac-loai-chat-mai-nhu-kim-cuong-alumina-silicon-carbide-hoac-cerium-oxide-kich-thuoc-tuy-chinh-cung-duoc-cung-cap\/"},"modified":"2025-04-17T00:37:57","modified_gmt":"2025-04-16T16:37:57","slug":"hw-largo-hexagonal-dia-mai-tinh-luyen-kim-loai-co-san-cac-loai-chat-mai-nhu-kim-cuong-alumina-silicon-carbide-hoac-cerium-oxide-kich-thuoc-tuy-chinh-cung-duoc-cung-cap","status":"publish","type":"product","link":"https:\/\/honwaygroup.com\/vi\/product\/hw-largo-hexagonal-dia-mai-tinh-luyen-kim-loai-co-san-cac-loai-chat-mai-nhu-kim-cuong-alumina-silicon-carbide-hoac-cerium-oxide-kich-thuoc-tuy-chinh-cung-duoc-cung-cap\/","title":{"rendered":"HW-Largo (Hexagonal) &#8211; \u0110\u0129a m\u00e0i tinh luy\u1ec7n kim lo\u1ea1i: C\u00f3 s\u1eb5n c\u00e1c lo\u1ea1i ch\u1ea5t m\u00e0i nh\u01b0 kim c\u01b0\u01a1ng, alumina, silicon carbide ho\u1eb7c cerium oxide; k\u00edch th\u01b0\u1edbc t\u00f9y ch\u1ec9nh c\u0169ng \u0111\u01b0\u1ee3c cung c\u1ea5p."},"content":{"rendered":"<h1>T\u00ednh n\u0103ng s\u1ea3n ph\u1ea9m c\u1ee7a HW-Largo (Hexagonal):<\/h1>\n<p>\u2611\ufe0f <strong>Gi\u1ea3m quy tr\u00ecnh:<\/strong> K\u1ebft h\u1ee3p m\u00e0i m\u1eb7t sau v\u00e0 \u0111\u00e1nh b\u00f3ng m\u1eb7t tr\u01b0\u1edbc, n\u00e2ng cao hi\u1ec7u qu\u1ea3 l\u00e0m vi\u1ec7c.<br \/>\n\u2611\ufe0f <strong>Hi\u1ec7u su\u1ea5t cao:<\/strong> M\u1eb7t sau linh ho\u1ea1t k\u1ebft h\u1ee3p v\u1edbi ch\u1ea5t m\u00e0i ch\u1ea5t l\u01b0\u1ee3ng cao, v\u1ebft x\u01b0\u1edbc d\u01b0 nh\u1ecf tr\u00ean b\u1ec1 m\u1eb7t c\u1eaft, c\u1ea3i thi\u1ec7n ch\u1ea5t l\u01b0\u1ee3ng \u0111\u00e1nh b\u00f3ng ti\u1ebfp theo.<br \/>\n\u2611\ufe0f <strong>\u1ee8ng d\u1ee5ng r\u1ed9ng r\u00e3i<\/strong>: \u0110\u0129a m\u00e0i tinh m\u1ec1m c\u00f3 s\u1eb5n v\u1edbi c\u00e1c lo\u1ea1i ch\u1ea5t m\u00e0i v\u00e0 k\u00edch th\u01b0\u1edbc \u0111\u1ed9 nh\u00e1m kh\u00e1c nhau, ph\u00f9 h\u1ee3p v\u1edbi c\u00e1c ph\u00f4i c\u00f3 \u0111\u1ed9 c\u1ee9ng kh\u00e1c nhau.<br \/>\n\u2611\ufe0f <br \/><strong>\u0110\u1ed9 ph\u1eb3ng cao: <\/strong>M\u00e0i m\u1ecbn \u0111\u1ed3ng \u0111\u1ec1u c\u1ea3 c\u00e1c v\u1eadt li\u1ec7u m\u1ec1m v\u00e0 c\u1ee9ng, ng\u0103n ng\u1eeba hi\u1ec7n t\u01b0\u1ee3ng bo g\u00f3c ho\u1eb7c v\u00e1t c\u1ea1nh, \u0111\u1ed3ng th\u1eddi \u0111\u1ea3m b\u1ea3o t\u00ednh nh\u1ea5t qu\u00e1n c\u1ee7a m\u1eabu.<br \/>\n\u2611\ufe0f<strong> Ch\u1ea5t l\u01b0\u1ee3ng v\u00e0 hi\u1ec7u su\u1ea5t cao:<\/strong> M\u1eabu l\u01b0\u1edbi l\u00e0m gi\u1ea3m s\u1ef1 t\u00edch t\u1ee5 m\u1ea3nh v\u1ee5n, mang l\u1ea1i t\u1ed1c \u0111\u1ed9 lo\u1ea1i b\u1ecf v\u1eadt li\u1ec7u \u1ed5n \u0111\u1ecbnh cao v\u00e0 \u0111\u1ea3m b\u1ea3o \u0111\u1ed9 ph\u1eb3ng m\u1eb7t c\u1eaft ngang.<\/p>\n<p>&nbsp;<\/p>\n<h1>\u1ee8ng d\u1ee5ng:<\/h1>\n<ul>\n<li><strong>Khoa h\u1ecdc v\u1eadt li\u1ec7u<\/strong>, <strong>nh\u1eadn d\u1ea1ng kim lo\u1ea1i,<\/strong> <strong>ph\u00e2n t\u00edch l\u1ed7i<\/strong>, <strong>s\u1ea3n xu\u1ea5t<\/strong>, <strong>nghi\u00ean c\u1ee9u v\u00e0 ph\u00e1t tri\u1ec3n v\u1eadt li\u1ec7u<\/strong>, <strong>gia c\u00f4ng kim c\u01b0\u01a1ng v\u00e0 \u0111\u00e1 qu\u00fd<\/strong>, <strong>ng\u00e0nh c\u00f4ng nghi\u1ec7p \u0111i\u1ec7n t\u1eed v\u00e0 ch\u1ea5t b\u00e1n d\u1eabn.<\/strong><\/li>\n<li><strong><span class=\"html-span xdj266r x11i5rnm xat24cr x1mh8g0r xexx8yu x4uap5 x18d9i69 xkhd6sd x1hl2dhg x16tdsg8 x1vvkbs\">V\u1eadt li\u1ec7u ph\u1ee7 \u0111\u1ed3ng<\/span>, <span class=\"html-span xdj266r x11i5rnm xat24cr x1mh8g0r xexx8yu x4uap5 x18d9i69 xkhd6sd x1hl2dhg x16tdsg8 x1vvkbs\">m\u00e1y m\u00e0i hai m\u1eb7t<\/span> v\u00e0 <span class=\"html-span xdj266r x11i5rnm xat24cr x1mh8g0r xexx8yu x4uap5 x18d9i69 xkhd6sd x1hl2dhg x16tdsg8 x1vvkbs\">m\u00e1y m\u00e0i \u0111\u01a1n \u0111\u0129a.<\/span><\/strong><\/li>\n<\/ul>\n<h1>\u0110\u1eb7c t\u00ednh s\u1ea3n ph\u1ea9m<\/h1>\n<table>\n<tbody>\n<tr>\n<td width=\"138\">\n<p style=\"text-align: center;\"><strong>Ch\u1ea5t m\u00e0i<\/strong><\/p>\n<\/td>\n<td style=\"text-align: center;\" width=\"138\"><strong>K\u00edch th\u01b0\u1edbc h\u1ea1t (Particle size)<\/strong><\/td>\n<td style=\"text-align: center;\" width=\"138\"><strong>K\u00edch th\u01b0\u1edbc (mm)<\/strong><\/td>\n<td width=\"138\">\n<p style=\"text-align: center;\"><strong>K\u00edch th\u01b0\u1edbc (in)<\/strong><\/p>\n<\/td>\n<\/tr>\n<tr>\n<td width=\"138\">Kim c\u01b0\u01a1ng<\/td>\n<td rowspan=\"3\" width=\"138\">0.5<\/p>\n<p>1.0<\/p>\n<p>2.0<\/p>\n<p>3.0<\/p>\n<p>6.0<\/p>\n<p>9.0<\/td>\n<td rowspan=\"4\" width=\"138\">\u00d8200<\/p>\n<p>\u00d8250<\/p>\n<p>\u00d8300<\/p>\n<p>&nbsp;<\/td>\n<td rowspan=\"4\" width=\"138\">\u00d88<\/p>\n<p>\u00d89.5<\/p>\n<p>\u00d812<\/p>\n<p>&nbsp;<\/td>\n<\/tr>\n<tr>\n<td width=\"138\">Aluminum Oxide<\/td>\n<\/tr>\n<tr>\n<td width=\"138\">Silicon carbide<\/td>\n<\/tr>\n<tr>\n<td width=\"138\">Cerium Oxide<\/td>\n<td width=\"138\">0.5<\/p>\n<p>1.0<\/p>\n<p>2.0<\/p>\n<p>3.0<\/p>\n<p>&nbsp;<\/td>\n<\/tr>\n<\/tbody>\n<\/table>\n<hr>\n<p>&nbsp;<\/p>\n<h2>1.S\u1ef1 kh\u00e1c bi\u1ec7t gi\u1eefa c\u00e1c s\u1ea3n ph\u1ea9m:<\/h2>\n<table>\n<tbody>\n<tr>\n<td width=\"132\"><\/td>\n<td width=\"208\">\u0110\u0129a m\u00e0i tinh kim lo\u1ea1i h\u1ecdc<\/td>\n<p> v\u00e0<\/p>\n<td width=\"213\"> \u0111\u0129a m\u00e0i kim lo\u1ea1i h\u1ecdc<\/td>\n<\/tr>\n<tr>\n<td width=\"132\">L\u1edbp m\u00e0i m\u00f2n\n<\/td>\n<td width=\"208\">M\u1ec1m<\/td>\n<td width=\"213\">C\u1ee9ng<\/td>\n<\/tr>\n<tr>\n<td width=\"132\"> \u0110\u1ed9 c\u1ee9ng Shore<\/td>\n<td width=\"208\">80 \u0111\u1ed9<\/td>\n<p><\/p>\n<td width=\"213\">90 \u0111\u1ed9<\/td>\n<\/tr>\n<tr>\n<td width=\"132\">Gi\u1edbi thi\u1ec7u\n<\/td>\n<td width=\"208\">M\u1ec1m nh\u01b0 da b\u00f2\n<\/td>\n<td width=\"213\">C\u1ee9ng nh\u01b0 th\u00e9p<\/td>\n<\/tr>\n<tr>\n<td width=\"132\">\u1ee8ng d\u1ee5ng<\/td>\n<td width=\"208\"> Thay th\u1ebf ba quy tr\u00ecnh m\u00e0i ph\u00eda sau v\u00e0 \u0111\u00e1nh b\u00f3ng ph\u00eda tr\u01b0\u1edbc <\/td>\n<td width=\"213\">Thay th\u1ebf gi\u1ea5y nh\u00e1m \u0111\u1ec3 m\u00e0i v\u1eadt li\u1ec7u si\u00eau c\u1ee9ng<\/td>\n<\/tr>\n<\/tbody>\n<\/table>\n<h2>2. C\u00e1ch ch\u1ecdn l\u1ef1a:<\/h2>\n<p><strong>C\u00e1ch ch\u1ecdn ch\u1ea5t m\u00e0i: <\/strong>\u1ee8ng d\u1ee5ng c\u1ee5 th\u1ec3 ph\u1ee5 thu\u1ed9c v\u00e0o \u0111\u1ed9 c\u1ee9ng c\u1ee7a v\u1eadt li\u1ec7u ph\u00f4i v\u00e0 quy tr\u00ecnh th\u1ef1c t\u1ebf hi\u1ec7n t\u1ea1i c\u1ee7a b\u1ea1n. Ch\u1eb3ng h\u1ea1n nh\u01b0: <\/p>\n<ul>\n<li>Kim c\u01b0\u01a1ng: D\u00e0nh cho cacbua si\u00eau xi m\u0103ng, v\u1eadt li\u1ec7u \u0111i\u1ec7n t\u1eed, g\u1ed1m s\u1ee9.<\/li>\n<li>Aluminum oxide: D\u00e0nh cho kim lo\u1ea1i m\u1ec1m, nh\u1ef1a, k\u00ednh, \u0111\u1ebf IC, v\u1eadt li\u1ec7u \u0111\u00f3ng g\u00f3i, ch\u1ea5t b\u00e1n d\u1eabn v\u00e0 c\u00e1c b\u1ed9 ph\u1eadn \u0111i\u1ec7n t\u1eed kh\u00e1c nhau, b\u1ea3ng m\u1ea1ch in (PCB) v\u00e0 \u0111\u1ea7u n\u1ed1i.<\/li>\n<li>Silicon Carbide (SiC): Ph\u00f9 h\u1ee3p v\u1edbi v\u1eadt li\u1ec7u b\u00e1n d\u1eabn (nh\u01b0 c\u00e1c t\u1ea5m silicon v\u00e0 gallium arsenide), v\u1eadt li\u1ec7u \u0111i\u1ec7n t\u1eed, kim lo\u1ea1i si\u00eau c\u1ee9ng, g\u1ed1m s\u1ee9, k\u00ednh v\u00e0 \u0111\u00e1 qu\u00fd<\/li>\n<li>Oxide Cerium (CeO\u2082): \u0110\u01b0\u1ee3c s\u1eed d\u1ee5ng cho k\u00ednh quang h\u1ecdc (nh\u01b0 th\u1ea5u k\u00ednh, l\u0103ng k\u00ednh v\u00e0 c\u00e1c th\u00e0nh ph\u1ea7n quang h\u1ecdc kh\u00e1c), \u0111\u00e1 qu\u00fd, g\u1ed1m s\u1ee9, ch\u1ea5t b\u00e1n d\u1eabn (nh\u01b0 c\u00e1c t\u1ea5m wafer), v\u00e0 zirconia kh\u1ed1i.<\/li>\n<\/ul>\n<p style=\"padding-left: 40px;\">(L\u01b0u \u00fd: C\u00e1c \u1ee9ng d\u1ee5ng n\u00eau tr\u00ean ch\u1ec9 mang t\u00ednh tham kh\u1ea3o. Vi\u1ec7c s\u1eed d\u1ee5ng c\u1ee5 th\u1ec3 n\u00ean ph\u1ee5 thu\u1ed9c v\u00e0o \u0111\u1ed9 c\u1ee9ng c\u1ee7a v\u1eadt li\u1ec7u ph\u00f4i v\u00e0 y\u00eau c\u1ea7u quy tr\u00ecnh hi\u1ec7n t\u1ea1i c\u1ee7a b\u1ea1n.)**<\/p>\n<p><strong>L\u1ef1a ch\u1ecdn k\u00edch th\u01b0\u1edbc \u0111\u1ed9 nh\u00e1m:<\/strong> \u0110\u0129a m\u00e0i tinh 3,0um (4000#) h\u1ed7 tr\u1ee3 qu\u00e1 tr\u00ecnh chuy\u1ec3n \u0111\u1ed5i li\u1ec1n m\u1ea1ch t\u1eeb giai \u0111o\u1ea1n m\u00e0i 6,0um (2400#) tr\u01b0\u1edbc \u0111\u00f3 sang giai \u0111o\u1ea1n \u0111\u00e1nh b\u00f3ng 1,0um ti\u1ebfp theo, sau \u0111\u00f3 l\u00e0 b\u01b0\u1edbc \u0111\u00e1nh b\u00f3ng ch\u00ednh x\u00e1c cu\u1ed1i c\u00f9ng b\u1eb1ng v\u1ea3i \u0111\u00e1nh b\u00f3ng kh\u00f4ng c\u00f3 dung d\u1ecbch \u0111\u00e1nh b\u00f3ng.<\/p>\n<p><strong>H\u01b0\u1edbng d\u1eabn s\u1eed d\u1ee5ng:<\/strong> Ch\u1ec9 c\u1ea7n \u0111\u1eb7t \u0111\u0129a m\u00e0i tinh tr\u1ef1c ti\u1ebfp l\u00ean t\u1ea5m m\u00e1y t\u1eeb t\u00ednh. Kh\u00f4ng c\u1ea7n s\u1eed d\u1ee5ng v\u1ea3i \u0111\u00e1nh b\u00f3ng ho\u1eb7c c\u00e1c ch\u1ea5t m\u00e0i b\u1ed5 sung (dung d\u1ecbch \u0111\u00e1nh b\u00f3ng); b\u1ea1n c\u00f3 th\u1ec3 b\u1eaft \u0111\u1ea7u m\u00e0i tinh b\u1eb1ng n\u01b0\u1edbc m\u00e1y. <\/p>\n<h2>3. C\u00e1c l\u01b0u \u00fd<\/h2>\n<ul>\n<li>\u0110\u1ec3 \u0111\u1ea1t \u0111\u01b0\u1ee3c \u0111\u1ed9 ph\u1eb3ng t\u1ed1i \u01b0u, tr\u00e1nh d\u00e1n b\u1ea5t k\u1ef3 nh\u00e3n ho\u1eb7c c\u00e1c v\u1eadt t\u01b0\u01a1ng t\u1ef1 v\u00e0o m\u1eb7t d\u01b0\u1edbi c\u1ee7a \u0111\u0129a \u0111\u1ec3 kh\u00f4ng l\u00e0m \u1ea3nh h\u01b0\u1edfng \u0111\u1ebfn \u0111\u1ed9 ph\u1eb3ng c\u1ee7a v\u1eadt gia c\u00f4ng.<\/li>\n<li>\u0110\u1ea3m b\u1ea3o r\u1eb1ng b\u1ec1 m\u1eb7t ti\u1ebfp x\u00fac gi\u1eefa \u0111\u0129a m\u00e0i v\u00e0 m\u00e1y r\u1ea5t ph\u1eb3ng, s\u1ea1ch v\u00e0 kh\u00f4 \u0111\u1ec3 tr\u00e1nh \u1ea3nh h\u01b0\u1edfng \u0111\u1ebfn \u0111\u1ed9 ph\u1eb3ng c\u1ee7a ph\u00f4i.<\/li>\n<li>Sau khi s\u1eed d\u1ee5ng, h\u00e3y c\u1ea9n th\u1eadn th\u00e1o t\u1ea5m, r\u1eeda s\u1ea1ch b\u1eb1ng n\u01b0\u1edbc, v\u00e0 \u0111\u1ec3 kh\u00f4 t\u1ef1 nhi\u00ean.<\/li>\n<li>Tr\u00e1nh l\u00e0m cong ho\u1eb7c g\u00e2y h\u01b0 h\u1ea1i cho \u0111\u0129a m\u00e0i ch\u00ednh x\u00e1c.<\/li>\n<li>Khi l\u1eafp \u0111\u1eb7t ho\u1eb7c th\u00e1o g\u1ee1, h\u00e3y th\u1ef1c hi\u1ec7n c\u1ea9n th\u1eadn \u0111\u1ec3 tr\u00e1nh l\u1ef1c h\u00fat t\u1eeb t\u00ednh l\u00e0m k\u1eb9p tay b\u1ea1n.<\/li>\n<\/ul>\n<h2>4. C\u00e1c l\u1ef1a ch\u1ecdn kh\u00e1c:<br \/><\/h2>\n<p><a href=\"https:\/\/honwaygroup.com\/wp-content\/uploads\/2024\/09\/%E5%AE%8F%E5%B4%B4%E5%9E%8B%E9%8C%84-DM001_%E9%91%BD%E7%9F%B3%E6%8B%8B%E5%85%89%E7%9B%A4-01-scaled.webp\"><img fetchpriority=\"high\" decoding=\"async\" class=\"wp-image-42433\" src=\"https:\/\/honwaygroup.com\/wp-content\/uploads\/2024\/09\/%E5%AE%8F%E5%B4%B4%E5%9E%8B%E9%8C%84-DM001_%E9%91%BD%E7%9F%B3%E6%8B%8B%E5%85%89%E7%9B%A4-01-760x1024.webp\" alt=\"\u0110\u0129a m\u00e0i luy\u1ec7n kim\" width=\"500\" height=\"674\"><\/a><\/p>\n<p><a href=\"https:\/\/honwaygroup.com\/wp-content\/uploads\/2024\/09\/%E5%AE%8F%E5%B4%B4%E5%9E%8B%E9%8C%84-DM001_%E9%91%BD%E7%9F%B3%E6%8B%8B%E5%85%89%E7%9B%A4-02-scaled.webp\"><img decoding=\"async\" class=\"wp-image-42437\" src=\"https:\/\/honwaygroup.com\/wp-content\/uploads\/2024\/09\/%E5%AE%8F%E5%B4%B4%E5%9E%8B%E9%8C%84-DM001_%E9%91%BD%E7%9F%B3%E6%8B%8B%E5%85%89%E7%9B%A4-02-760x1024.webp\" alt=\"B\u1ea3ng so s\u00e1nh \u0111\u0129a m\u00e0i kim lo\u1ea1i h\u1ecdc\" width=\"500\" height=\"674\"><\/a><\/p>\n","protected":false},"excerpt":{"rendered":"<p>&nbsp;<\/p>\n[caption id=\"attachment_42429\" align=\"aligncenter\" width=\"505\"]<a href=\"https:\/\/honwaygroup.com\/wp-content\/uploads\/2024\/09\/%E8%9E%A2%E5%B9%95%E6%93%B7%E5%8F%96%E7%95%AB%E9%9D%A2-2024-09-03-174409.png\"><img decoding=\"async\" class=\"wp-image-42429 size-full\" src=\"https:\/\/honwaygroup.com\/wp-content\/uploads\/2024\/09\/%E8%9E%A2%E5%B9%95%E6%93%B7%E5%8F%96%E7%95%AB%E9%9D%A2-2024-09-03-174409.png\" alt=\"\" width=\"505\" height=\"247\"><\/a> C\u1ea5u tr\u00fac HW-Largo (Hexagonal)[\/caption]\n<p>Gi\u1ea3m quy tr\u00ecnh: K\u1ebft h\u1ee3p m\u00e0i m\u1eb7t sau v\u00e0 \u0111\u00e1nh b\u00f3ng m\u1eb7t tr\u01b0\u1edbc \u0111\u1ec3 n\u00e2ng cao hi\u1ec7u qu\u1ea3 l\u00e0m vi\u1ec7c.<br \/>\nHi\u1ec7u su\u1ea5t cao: M\u1eb7t sau linh ho\u1ea1t k\u1ebft h\u1ee3p v\u1edbi ch\u1ea5t m\u00e0i ch\u1ea5t l\u01b0\u1ee3ng cao, v\u1ebft x\u01b0\u1edbc d\u01b0 nh\u1ecf tr\u00ean b\u1ec1 m\u1eb7t c\u1eaft, c\u1ea3i thi\u1ec7n ch\u1ea5t l\u01b0\u1ee3ng \u0111\u00e1nh b\u00f3ng ti\u1ebfp theo.<br \/>\n\u1ee8ng d\u1ee5ng r\u1ed9ng r\u00e3i: \u0110\u0129a m\u00e0i tinh m\u1ec1m c\u00f3 s\u1eb5n v\u1edbi c\u00e1c lo\u1ea1i ch\u1ea5t m\u00e0i v\u00e0 k\u00edch th\u01b0\u1edbc \u0111\u1ed9 nh\u00e1m kh\u00e1c nhau, ph\u00f9 h\u1ee3p v\u1edbi c\u00e1c ph\u00f4i c\u00f3 \u0111\u1ed9 c\u1ee9ng kh\u00e1c nhau.<br \/>\n\u0110\u1ed9 ph\u1eb3ng cao: M\u00e0i m\u1ecbn \u0111\u1ed3ng \u0111\u1ec1u c\u1ea3 c\u00e1c v\u1eadt li\u1ec7u m\u1ec1m v\u00e0 c\u1ee9ng, ng\u0103n ng\u1eeba hi\u1ec7n t\u01b0\u1ee3ng bo g\u00f3c ho\u1eb7c v\u00e1t c\u1ea1nh, \u0111\u1ea3m b\u1ea3o t\u00ednh nh\u1ea5t qu\u00e1n c\u1ee7a m\u1eabu.<br \/>\n\u2022 High Quality and Efficiency \/ Grid pattern reduces debris accumulation, provides consistent high removal rate, and ensures cross-sectional flatness.<\/p>\n<h5><strong><span style=\"color: #ff0000; font-size: 19.2px;\">\u25b2 <\/span><\/strong><strong><span style=\"color: #ff0000; font-size: 19.2px;\">\u0110\u1ed1i v\u1edbi k\u00edch th\u01b0\u1edbc t\u00f9y ch\u1ec9nh, vui l\u00f2ng li\u00ean h\u1ec7 v\u1edbi b\u1ed9 ph\u1eadn ch\u0103m s\u00f3c kh\u00e1ch h\u00e0ng. <\/span><\/strong><\/h5>\n<h5><strong><span style=\"color: #ff0000; font-size: 19.2px;\">\u25b2 \u0110\u01a1n h\u00e0ng l\u1edbn c\u00f3 th\u1ec3 \u0111\u01b0\u1ee3c h\u01b0\u1edfng \u01b0u \u0111\u00e3i gi\u1ea3m gi\u00e1, vui l\u00f2ng li\u00ean h\u1ec7 v\u1edbi b\u1ed9 ph\u1eadn ch\u0103m s\u00f3c kh\u00e1ch h\u00e0ng.<br \/>\n<\/span><\/strong><\/h5>\n<h5><strong><span style=\"color: #ff0000;\">\u25b2 Vui l\u00f2ng li\u00ean h\u1ec7 b\u1ed9 ph\u1eadn ch\u0103m s\u00f3c kh\u00e1ch h\u00e0ng \u0111\u1ec3 bi\u1ebft ng\u00e0y giao h\u00e0ng<\/span>: <a href=\"https:\/\/honwaygroup.com\/vi\/lien-he-voi-honway\/\">Li\u00ean h\u1ec7 Honway.<\/a><\/strong><\/h5>\n","protected":false},"featured_media":83056,"template":"","meta":{"site-sidebar-layout":"default","site-content-layout":"default","ast-site-content-layout":"default","site-content-style":"default","site-sidebar-style":"default","ast-global-header-display":"","ast-banner-title-visibility":"","ast-main-header-display":"","ast-hfb-above-header-display":"","ast-hfb-below-header-display":"","ast-hfb-mobile-header-display":"","site-post-title":"","ast-breadcrumbs-content":"","ast-featured-img":"","footer-sml-layout":"","ast-disable-related-posts":"","theme-transparent-header-meta":"default","adv-header-id-meta":"","stick-header-meta":"default","header-above-stick-meta":"","header-main-stick-meta":"","header-below-stick-meta":"","astra-migrate-meta-layouts":"default","ast-page-background-enabled":"default","ast-page-background-meta":{"desktop":{"background-color":"var(--ast-global-color-5)","background-image":"","background-repeat":"repeat","background-position":"center center","background-size":"auto","background-attachment":"scroll","background-type":"","background-media":"","overlay-type":"","overlay-color":"","overlay-opacity":"","overlay-gradient":""},"tablet":{"background-color":"","background-image":"","background-repeat":"repeat","background-position":"center center","background-size":"auto","background-attachment":"scroll","background-type":"","background-media":"","overlay-type":"","overlay-color":"","overlay-opacity":"","overlay-gradient":""},"mobile":{"background-color":"","background-image":"","background-repeat":"repeat","background-position":"center center","background-size":"auto","background-attachment":"scroll","background-type":"","background-media":"","overlay-type":"","overlay-color":"","overlay-opacity":"","overlay-gradient":""}},"ast-content-background-meta":{"desktop":{"background-color":"var(--ast-global-color-4)","background-image":"","background-repeat":"repeat","background-position":"center center","background-size":"auto","background-attachment":"scroll","background-type":"","background-media":"","overlay-type":"","overlay-color":"","overlay-opacity":"","overlay-gradient":""},"tablet":{"background-color":"var(--ast-global-color-4)","background-image":"","background-repeat":"repeat","background-position":"center center","background-size":"auto","background-attachment":"scroll","background-type":"","background-media":"","overlay-type":"","overlay-color":"","overlay-opacity":"","overlay-gradient":""},"mobile":{"background-color":"var(--ast-global-color-4)","background-image":"","background-repeat":"repeat","background-position":"center center","background-size":"auto","background-attachment":"scroll","background-type":"","background-media":"","overlay-type":"","overlay-color":"","overlay-opacity":"","overlay-gradient":""}}},"product_brand":[],"product_cat":[4387,4421],"product_tag":[4920,5017],"class_list":{"0":"post-83055","1":"product","2":"type-product","3":"status-publish","4":"has-post-thumbnail","6":"product_cat-dia-mai-kim-loai","7":"product_cat-vat-tu-tieu-hao-kim-loai","8":"product_tag-dia-mai","9":"product_tag-vat-lieu-tieu-hao-kim-tuong","10":"desktop-align-left","11":"tablet-align-left","12":"mobile-align-left","13":"ast-product-gallery-layout-horizontal-slider","14":"ast-product-single-variable","15":"ast-product-tabs-layout-horizontal","17":"first","18":"instock","19":"taxable","20":"shipping-taxable","21":"purchasable","22":"product-type-variable","23":"has-default-attributes"},"_links":{"self":[{"href":"https:\/\/honwaygroup.com\/vi\/wp-json\/wp\/v2\/product\/83055","targetHints":{"allow":["GET"]}}],"collection":[{"href":"https:\/\/honwaygroup.com\/vi\/wp-json\/wp\/v2\/product"}],"about":[{"href":"https:\/\/honwaygroup.com\/vi\/wp-json\/wp\/v2\/types\/product"}],"version-history":[{"count":0,"href":"https:\/\/honwaygroup.com\/vi\/wp-json\/wp\/v2\/product\/83055\/revisions"}],"wp:featuredmedia":[{"embeddable":true,"href":"https:\/\/honwaygroup.com\/vi\/wp-json\/wp\/v2\/media\/83056"}],"wp:attachment":[{"href":"https:\/\/honwaygroup.com\/vi\/wp-json\/wp\/v2\/media?parent=83055"}],"wp:term":[{"taxonomy":"product_brand","embeddable":true,"href":"https:\/\/honwaygroup.com\/vi\/wp-json\/wp\/v2\/product_brand?post=83055"},{"taxonomy":"product_cat","embeddable":true,"href":"https:\/\/honwaygroup.com\/vi\/wp-json\/wp\/v2\/product_cat?post=83055"},{"taxonomy":"product_tag","embeddable":true,"href":"https:\/\/honwaygroup.com\/vi\/wp-json\/wp\/v2\/product_tag?post=83055"}],"curies":[{"name":"wp","href":"https:\/\/api.w.org\/{rel}","templated":true}]}}