{"id":82674,"date":"2024-09-10T10:55:45","date_gmt":"2024-09-10T02:55:45","guid":{"rendered":"https:\/\/honwaygroup.com\/product\/hw-telum-hinh-mui-ten-dia-mai-luyen-kim-kich-thuoc-kim-cuong-co-the-tuy-chinh\/"},"modified":"2024-09-10T10:55:45","modified_gmt":"2024-09-10T02:55:45","slug":"hw-telum-hinh-mui-ten-dia-mai-luyen-kim-kich-thuoc-kim-cuong-co-the-tuy-chinh","status":"publish","type":"product","link":"https:\/\/honwaygroup.com\/vi\/product\/hw-telum-hinh-mui-ten-dia-mai-luyen-kim-kich-thuoc-kim-cuong-co-the-tuy-chinh\/","title":{"rendered":"HW-Telum (h\u00ecnh m\u0169i t\u00ean) &#8211; \u0110\u0129a m\u00e0i luy\u1ec7n kim, K\u00edch th\u01b0\u1edbc kim c\u01b0\u01a1ng c\u00f3 th\u1ec3 t\u00f9y ch\u1ec9nh"},"content":{"rendered":"<h1>T\u00ednh n\u0103ng s\u1ea3n ph\u1ea9m c\u1ee7a \u0111\u0129a m\u00e0i luy\u1ec7n kim HW-Telum (h\u00ecnh m\u0169i t\u00ean):<br \/><\/h1>\n<p>T\u00ednh n\u0103ng s\u1ea3n ph\u1ea9m c\u1ee7a \u0111\u0129a m\u00e0i luy\u1ec7n kim HW-Piano (h\u1ea1t d\u1ea1ng h\u1ea1t): S\u1ea3n ph\u1ea9m n\u00e0y cho ph\u00e9p lo\u1ea1i b\u1ecf c\u00e1c b\u01b0\u1edbc m\u00e0i v\u00e0 \u0111\u00e1nh b\u00f3ng b\u1eb1ng gi\u1ea5y nh\u00e1m luy\u1ec7n kim. Vi\u1ec7c cung c\u1ea5p ch\u1ea5t b\u00f4i tr\u01a1n li\u00ean t\u1ee5c gi\u00fap t\u1ed1i \u01b0u h\u00f3a s\u1ef1 t\u01b0\u01a1ng t\u00e1c gi\u1eefa c\u00e1c h\u1ea1t kim c\u01b0\u01a1ng v\u00e0 ph\u00f4i tr\u00ean l\u1edbp l\u00e0m vi\u1ec7c c\u1ee7a \u0111\u0129a. Ki\u1ebfn tr\u00fac b\u1ec1 m\u1eb7t \u0111\u1ea3m b\u1ea3o \u0111\u1ed9 ph\u1eb3ng m\u1eabu \u0111\u01b0\u1ee3c c\u1ea3i thi\u1ec7n trong t\u1ea5t c\u1ea3 c\u00e1c \u1ee9ng d\u1ee5ng.<br \/>\nCh\u1ea5t m\u00e0i ch\u00ednh l\u00e0 kim c\u01b0\u01a1ng hi\u1ec7u su\u1ea5t cao, v\u1edbi thi\u1ebft k\u1ebf h\u00ecnh m\u0169i t\u00ean. N\u00f3 cung c\u1ea5p nhi\u1ec1u l\u1ef1a ch\u1ecdn cho c\u00e1c v\u1eadt li\u1ec7u c\u1ee9ng v\u1edbi \u0111\u1ed9 c\u1ee9ng t\u1eeb HV150 \u0111\u1ebfn HV2000.<br \/>\nKim lo\u1ea1i: Th\u00e9p t\u1ed1c \u0111\u1ed9 cao, th\u00e9p h\u1ee3p kim, kim lo\u1ea1i c\u1ee9ng\/cacbua, th\u00e9p vonfram, cacbua vonfram v\u00e0 c\u00e1c lo\u1ea1i t\u01b0\u01a1ng t\u1ef1.<br \/>\nPhi kim lo\u1ea1i: K\u00ednh, g\u1ed1m s\u1ee9, ng\u1ecdc th\u1ea1ch anh, \u0111\u00e1 t\u1ef1 nhi\u00ean, \u0111\u00e1 qu\u00fd, ng\u1ecdc b\u00edch, silic \u0111\u01a1n tinh th\u1ec3, silic \u0111a tinh th\u1ec3, k\u00ednh th\u1ea1ch anh, cacbua titan, v\u1eadt li\u1ec7u t\u1eeb t\u00ednh v\u00e0 c\u00e1c lo\u1ea1i kh\u00e1c. <\/p>\n<p>&nbsp;<\/p>\n<h1>\u1ee8ng d\u1ee5ng:<\/h1>\n<ul>\n<li><strong>Khoa h\u1ecdc v\u1eadt li\u1ec7u, <\/strong><strong>nh\u1eadn d\u1ea1ng kim lo\u1ea1i<\/strong>,<strong> ph\u00e2n t\u00edch s\u1ef1 c\u1ed1<\/strong>, <strong>s\u1ea3n xu\u1ea5t<\/strong>,<strong> nghi\u00ean c\u1ee9u v\u00e0 ph\u00e1t tri\u1ec3n v\u1eadt li\u1ec7u<\/strong>, <strong>ch\u1ebf t\u00e1c kim c\u01b0\u01a1ng v\u00e0 \u0111\u00e1 qu\u00fd,<\/strong> <strong>\u0111i\u1ec7n t\u1eed v\u00e0 ng\u00e0nh c\u00f4ng nghi\u1ec7p b\u00e1n d\u1eabn.<\/strong><\/li>\n<li><strong><span class=\"html-span xdj266r x11i5rnm xat24cr x1mh8g0r xexx8yu x4uap5 x18d9i69 xkhd6sd x1hl2dhg x16tdsg8 x1vvkbs\">M\u00e1y m\u00e0i hai m\u1eb7t <\/span>v\u00e0 <span class=\"html-span xdj266r x11i5rnm xat24cr x1mh8g0r xexx8yu x4uap5 x18d9i69 xkhd6sd x1hl2dhg x16tdsg8 x1vvkbs\">m\u00e1y m\u00e0i m\u1ed9t m\u1eb7t<\/span><\/strong><\/li>\n<\/ul>\n<h1>\u0110\u1eb7c t\u00ednh s\u1ea3n ph\u1ea9m<\/h1>\n<table>\n<tbody>\n<tr>\n<td width=\"138\">\n<p style=\"text-align: center;\">K\u00edch th\u01b0\u1edbc h\u1ea1t m\u00e0i (Grit size)<\/p>\n<\/td>\n<td style=\"text-align: center;\" width=\"138\">K\u00edch th\u01b0\u1edbc h\u1ea1t (Particle size)<\/td>\n<td style=\"text-align: center;\" width=\"138\">K\u00edch th\u01b0\u1edbc (mm)<\/td>\n<td width=\"138\">\n<p style=\"text-align: center;\">K\u00edch th\u01b0\u1edbc (inch)<\/p>\n<\/td>\n<\/tr>\n<tr>\n<td width=\"138\">60#<\/td>\n<td width=\"138\">240<\/td>\n<td rowspan=\"15\" width=\"138\"><strong>\u00d8200<\/strong><\/p>\n<p><strong>\u00d8220<\/strong><\/p>\n<p><strong>\u00d8230<\/strong><\/p>\n<p><strong>\u00d8250<\/strong><\/p>\n<p><strong>\u00d8300<\/strong><\/td>\n<td rowspan=\"15\" width=\"138\"><strong>\u00d88<\/strong><\/p>\n<p><strong>\u00d88.6<\/strong><\/p>\n<p><strong>\u00d89<\/strong><\/p>\n<p><strong>\u00d89.5<\/strong><\/p>\n<p><strong>\u00d812<\/strong><\/td>\n<\/tr>\n<tr>\n<td width=\"138\">80#\n<\/td>\n<td width=\"138\">188<\/td>\n<\/tr>\n<tr>\n<td width=\"138\">120#\n<\/td>\n<td width=\"138\">127<\/td>\n<\/tr>\n<tr>\n<td width=\"138\">180#<\/td>\n<p><\/p>\n<td width=\"138\">78<\/td>\n<\/tr>\n<tr>\n<td width=\"138\">240#<\/td>\n<p><\/p>\n<td width=\"138\">58<\/td>\n<\/tr>\n<tr>\n<td width=\"138\">320#<\/td>\n<td width=\"138\">46<\/td>\n<\/tr>\n<tr>\n<td width=\"138\">400#\n<\/td>\n<td width=\"138\">35<\/td>\n<\/tr>\n<tr>\n<td width=\"138\">600#<\/td>\n<td width=\"138\">26<\/td>\n<\/tr>\n<tr>\n<td width=\"138\">800#<\/td>\n<td width=\"138\">22<\/td>\n<\/tr>\n<tr>\n<td width=\"138\">1000#<\/td>\n<td width=\"138\">18<\/td>\n<\/tr>\n<tr>\n<td width=\"138\">1200#<\/td>\n<td width=\"138\">15<\/td>\n<\/tr>\n<tr>\n<td width=\"138\">2000#<\/td>\n<p><\/p>\n<td width=\"138\">9.0<\/td>\n<\/tr>\n<tr>\n<td width=\"138\">2400#<\/td>\n<td width=\"138\">6.0<\/td>\n<\/tr>\n<tr>\n<td width=\"138\">4000#<\/td>\n<p><\/p>\n<td width=\"138\">3.0<\/td>\n<\/tr>\n<tr>\n<td width=\"138\">15000#<\/td>\n<td width=\"138\">0.5<\/td>\n<\/tr>\n<\/tbody>\n<\/table>\n<h2>1.S\u1ef1 kh\u00e1c bi\u1ec7t gi\u1eefa c\u00e1c s\u1ea3n ph\u1ea9m:<\/h2>\n<table>\n<tbody>\n<tr>\n<td width=\"132\"><\/td>\n<td width=\"208\">\u0110\u0129a m\u00e0i tinh kim lo\u1ea1i h\u1ecdc<\/td>\n<p> v\u00e0<\/p>\n<td width=\"213\"> \u0111\u0129a m\u00e0i kim lo\u1ea1i h\u1ecdc<\/td>\n<\/tr>\n<tr>\n<td width=\"132\">L\u1edbp m\u00e0i m\u00f2n\n<\/td>\n<td width=\"208\">M\u1ec1m<\/td>\n<td width=\"213\">C\u1ee9ng<\/td>\n<\/tr>\n<tr>\n<td width=\"132\"> \u0110\u1ed9 c\u1ee9ng Shore<\/td>\n<td width=\"208\">80 \u0111\u1ed9<\/td>\n<p><\/p>\n<td width=\"213\">90 \u0111\u1ed9<\/td>\n<\/tr>\n<tr>\n<td width=\"132\">Gi\u1edbi thi\u1ec7u\n<\/td>\n<td width=\"208\">M\u1ec1m nh\u01b0 da b\u00f2\n<\/td>\n<td width=\"213\">C\u1ee9ng nh\u01b0 th\u00e9p<\/td>\n<\/tr>\n<tr>\n<td width=\"132\">\u1ee8ng d\u1ee5ng<\/td>\n<td width=\"208\"> Thay th\u1ebf ba quy tr\u00ecnh m\u00e0i ph\u00eda sau v\u00e0 \u0111\u00e1nh b\u00f3ng ph\u00eda tr\u01b0\u1edbc <\/td>\n<td width=\"213\">Thay th\u1ebf gi\u1ea5y nh\u00e1m \u0111\u1ec3 m\u00e0i v\u1eadt li\u1ec7u si\u00eau c\u1ee9ng<\/td>\n<\/tr>\n<\/tbody>\n<\/table>\n<h2>2. C\u00e1ch ch\u1ecdn l\u1ef1a:<\/h2>\n<p>\u1ee8ng d\u1ee5ng c\u1ee5 th\u1ec3 ph\u1ee5 thu\u1ed9c v\u00e0o \u0111\u1ed9 c\u1ee9ng c\u1ee7a v\u1eadt li\u1ec7u ph\u00f4i v\u00e0 quy tr\u00ecnh th\u1ef1c t\u1ebf hi\u1ec7n t\u1ea1i c\u1ee7a b\u1ea1n.<\/p>\n<p>C\u00e1ch s\u1eed d\u1ee5ng: \u0110\u1eb7t tr\u1ef1c ti\u1ebfp \u0111\u0129a m\u00e0i l\u00ean \u0111\u0129a t\u1eeb t\u00ednh c\u1ee7a m\u00e1y. Kh\u00f4ng c\u1ea7n s\u1eed d\u1ee5ng v\u1ea3i \u0111\u00e1nh b\u00f3ng ho\u1eb7c th\u00eam ch\u1ea5t m\u00e0i m\u00f2n (dung d\u1ecbch \u0111\u00e1nh b\u00f3ng). Ch\u1ec9 c\u1ea7n s\u1eed d\u1ee5ng n\u01b0\u1edbc m\u00e1y \u0111\u1ec3 b\u1eaft \u0111\u1ea7u m\u00e0i.  <\/p>\n<p>\u203b Khi x\u1eed l\u00fd c\u00e1c m\u1eabu r\u1ea5t nh\u1ea1y c\u1ea3m, c\u00f3 th\u1ec3 s\u1eed d\u1ee5ng ch\u1ea5t l\u1ecfng kh\u00f4ng \u0103n m\u00f2n thay th\u1ebf cho n\u01b0\u1edbc l\u00e0m ch\u1ea5t b\u00f4i tr\u01a1n.<\/p>\n<p>\u203b \u0110\u1ec3 \u0111\u1ea1t \u0111\u01b0\u1ee3c \u0111\u1ed9 ph\u1eb3ng ch\u00ednh x\u00e1c c\u1ee7a m\u1eabu v\u00e0 s\u1ef1 ti\u00eau hao \u0111\u1ed3ng \u0111\u1ec1u c\u1ee7a \u0111\u0129a m\u00e0i, ph\u1ea7n b\u00ean ngo\u00e0i c\u1ee7a gi\u00e1 \u0111\u1ee1 m\u1eabu n\u00ean nh\u00f4 ra v\u00e0i milimet so v\u1edbi b\u1ec1 m\u1eb7t l\u00e0m vi\u1ec7c c\u1ee7a \u0111\u0129a m\u00e0i.<\/p>\n<h2>3.L\u01b0u \u00fd:<\/h2>\n<ol>\n<li>\u0110\u1ec3 \u0111\u1ea1t \u0111\u01b0\u1ee3c \u0111\u1ed9 ph\u1eb3ng t\u1ed1i \u01b0u, tr\u00e1nh d\u00e1n b\u1ea5t k\u1ef3 nh\u00e3n ho\u1eb7c c\u00e1c v\u1eadt t\u01b0\u01a1ng t\u1ef1 v\u00e0o m\u1eb7t d\u01b0\u1edbi c\u1ee7a \u0111\u0129a \u0111\u1ec3 kh\u00f4ng l\u00e0m \u1ea3nh h\u01b0\u1edfng \u0111\u1ebfn \u0111\u1ed9 ph\u1eb3ng c\u1ee7a v\u1eadt gia c\u00f4ng.<\/li>\n<li>\u0110\u1ea3m b\u1ea3o r\u1eb1ng b\u1ec1 m\u1eb7t ti\u1ebfp x\u00fac gi\u1eefa \u0111\u0129a m\u00e0i v\u00e0 m\u00e1y r\u1ea5t ph\u1eb3ng, s\u1ea1ch v\u00e0 kh\u00f4 \u0111\u1ec3 tr\u00e1nh \u1ea3nh h\u01b0\u1edfng \u0111\u1ebfn \u0111\u1ed9 ph\u1eb3ng c\u1ee7a ph\u00f4i.<\/li>\n<li>Sau khi s\u1eed d\u1ee5ng, h\u00e3y c\u1ea9n th\u1eadn th\u00e1o t\u1ea5m, r\u1eeda s\u1ea1ch b\u1eb1ng n\u01b0\u1edbc, v\u00e0 \u0111\u1ec3 kh\u00f4 t\u1ef1 nhi\u00ean.<\/li>\n<li>Tr\u00e1nh l\u00e0m cong ho\u1eb7c g\u00e2y h\u01b0 h\u1ea1i cho \u0111\u0129a m\u00e0i ch\u00ednh x\u00e1c.<\/li>\n<li>Khi l\u1eafp \u0111\u1eb7t ho\u1eb7c th\u00e1o g\u1ee1, h\u00e3y th\u1ef1c hi\u1ec7n c\u1ea9n th\u1eadn \u0111\u1ec3 tr\u00e1nh l\u1ef1c h\u00fat t\u1eeb t\u00ednh l\u00e0m k\u1eb9p tay b\u1ea1n.<\/li>\n<\/ol>\n<p>&nbsp;<\/p>\n<h2>4. kh\u00e1c<\/h2>\n<p><a href=\"https:\/\/honwaygroup.com\/wp-content\/uploads\/2024\/09\/%E5%AE%8F%E5%B4%B4%E5%9E%8B%E9%8C%84-DM07_%E9%91%BD%E7%9F%B3%E6%8B%8B%E5%85%89%E7%9B%A4-01.webp\"><img fetchpriority=\"high\" decoding=\"async\" class=\"wp-image-47058 size-full\" src=\"https:\/\/honwaygroup.com\/wp-content\/uploads\/2024\/09\/%E5%AE%8F%E5%B4%B4%E5%9E%8B%E9%8C%84-DM07_%E9%91%BD%E7%9F%B3%E6%8B%8B%E5%85%89%E7%9B%A4-01.webp\" alt=\"\u0110\u0129a \u0111\u00e1nh b\u00f3ng kim c\u01b0\u01a1ng\" width=\"614\" height=\"826\"><\/a><\/p>\n<p><a href=\"https:\/\/honwaygroup.com\/wp-content\/uploads\/2024\/09\/%E5%AE%8F%E5%B4%B4%E5%9E%8B%E9%8C%84-DM001_%E9%91%BD%E7%9F%B3%E6%8B%8B%E5%85%89%E7%9B%A4-02-scaled.webp\"><img decoding=\"async\" class=\"wp-image-42437\" src=\"https:\/\/honwaygroup.com\/wp-content\/uploads\/2024\/09\/%E5%AE%8F%E5%B4%B4%E5%9E%8B%E9%8C%84-DM001_%E9%91%BD%E7%9F%B3%E6%8B%8B%E5%85%89%E7%9B%A4-02-scaled.webp\" alt=\"B\u1ea3ng so s\u00e1nh \u0111\u0129a m\u00e0i kim lo\u1ea1i h\u1ecdc\" width=\"582\" height=\"784\"><\/a><\/p>\n","protected":false},"excerpt":{"rendered":"[caption id=\"attachment_43300\" align=\"alignnone\" width=\"1024\"]<a href=\"https:\/\/honwaygroup.com\/wp-content\/uploads\/2024\/09\/%E6%9C%AA%E5%91%BD%E5%90%8D-2_%E5%B7%A5%E4%BD%9C%E5%8D%80%E5%9F%9F-1.webp\"><img decoding=\"async\" class=\"wp-image-43300 size-large\" src=\"https:\/\/honwaygroup.com\/wp-content\/uploads\/2024\/09\/%E6%9C%AA%E5%91%BD%E5%90%8D-2_%E5%B7%A5%E4%BD%9C%E5%8D%80%E5%9F%9F-1-1024x654.webp\" alt=\"C\u1ea5u tr\u00fac c\u1ee7a \u0111\u0129a m\u00e0i luy\u1ec7n kim HW-Telum (h\u00ecnh m\u0169i t\u00ean)\" width=\"1024\" height=\"654\"><\/a> C\u1ea5u tr\u00fac c\u1ee7a \u0111\u0129a m\u00e0i luy\u1ec7n kim HW-Telum (h\u00ecnh m\u0169i t\u00ean)[\/caption]\n<p>Cung c\u1ea5p c\u00e1c l\u1ef1a ch\u1ecdn v\u1eadt li\u1ec7u c\u1ee5 th\u1ec3 cho c\u00e1c v\u1eadt li\u1ec7u c\u1ee9ng t\u1eeb HV150 \u0111\u1ebfn HV2000.<br \/>\nKim lo\u1ea1i: Th\u00e9p t\u1ed1c \u0111\u1ed9 cao, th\u00e9p h\u1ee3p kim, kim lo\u1ea1i c\u1ee9ng\/cacbua, th\u00e9p vonfram, cacbua vonfram v\u00e0 c\u00e1c lo\u1ea1i t\u01b0\u01a1ng t\u1ef1.<br \/>\nPhi kim lo\u1ea1i: K\u00ednh, g\u1ed1m s\u1ee9, ng\u1ecdc th\u1ea1ch anh, \u0111\u00e1 t\u1ef1 nhi\u00ean, \u0111\u00e1 qu\u00fd, ng\u1ecdc b\u00edch, silic \u0111\u01a1n tinh th\u1ec3, silic \u0111a tinh th\u1ec3, k\u00ednh th\u1ea1ch anh, cacbua titan, v\u1eadt li\u1ec7u t\u1eeb t\u00ednh v\u00e0 c\u00e1c lo\u1ea1i kh\u00e1c.<\/p>\n<h5><strong><span style=\"color: #ff0000; font-size: 19.2px;\">\u25b2 <\/span><\/strong><strong><span style=\"color: #ff0000; font-size: 19.2px;\">\u0110\u1ed1i v\u1edbi k\u00edch th\u01b0\u1edbc t\u00f9y ch\u1ec9nh, vui l\u00f2ng li\u00ean h\u1ec7 v\u1edbi b\u1ed9 ph\u1eadn ch\u0103m s\u00f3c kh\u00e1ch h\u00e0ng. <\/span><\/strong><\/h5>\n<h5><strong><span style=\"color: #ff0000; font-size: 19.2px;\">\u25b2 \u0110\u01a1n h\u00e0ng l\u1edbn c\u00f3 th\u1ec3 \u0111\u01b0\u1ee3c h\u01b0\u1edfng \u01b0u \u0111\u00e3i gi\u1ea3m gi\u00e1, vui l\u00f2ng li\u00ean h\u1ec7 v\u1edbi b\u1ed9 ph\u1eadn ch\u0103m s\u00f3c kh\u00e1ch h\u00e0ng.<br \/>\n<\/span><\/strong><\/h5>\n<h5><strong><span style=\"color: #ff0000;\">\u25b2 Vui l\u00f2ng li\u00ean h\u1ec7 b\u1ed9 ph\u1eadn ch\u0103m s\u00f3c kh\u00e1ch h\u00e0ng \u0111\u1ec3 bi\u1ebft ng\u00e0y giao h\u00e0ng<\/span>: <a href=\"https:\/\/honwaygroup.com\/vi\/lien-he-voi-honway\/\">Li\u00ean h\u1ec7 Honway.<\/a><\/strong><\/h5>\n","protected":false},"featured_media":82675,"template":"","meta":{"site-sidebar-layout":"default","site-content-layout":"default","ast-site-content-layout":"default","site-content-style":"default","site-sidebar-style":"default","ast-global-header-display":"","ast-banner-title-visibility":"","ast-main-header-display":"","ast-hfb-above-header-display":"","ast-hfb-below-header-display":"","ast-hfb-mobile-header-display":"","site-post-title":"","ast-breadcrumbs-content":"","ast-featured-img":"","footer-sml-layout":"","ast-disable-related-posts":"","theme-transparent-header-meta":"default","adv-header-id-meta":"","stick-header-meta":"default","header-above-stick-meta":"","header-main-stick-meta":"","header-below-stick-meta":"","astra-migrate-meta-layouts":"default","ast-page-background-enabled":"default","ast-page-background-meta":{"desktop":{"background-color":"var(--ast-global-color-5)","background-image":"","background-repeat":"repeat","background-position":"center center","background-size":"auto","background-attachment":"scroll","background-type":"","background-media":"","overlay-type":"","overlay-color":"","overlay-opacity":"","overlay-gradient":""},"tablet":{"background-color":"","background-image":"","background-repeat":"repeat","background-position":"center center","background-size":"auto","background-attachment":"scroll","background-type":"","background-media":"","overlay-type":"","overlay-color":"","overlay-opacity":"","overlay-gradient":""},"mobile":{"background-color":"","background-image":"","background-repeat":"repeat","background-position":"center center","background-size":"auto","background-attachment":"scroll","background-type":"","background-media":"","overlay-type":"","overlay-color":"","overlay-opacity":"","overlay-gradient":""}},"ast-content-background-meta":{"desktop":{"background-color":"var(--ast-global-color-4)","background-image":"","background-repeat":"repeat","background-position":"center center","background-size":"auto","background-attachment":"scroll","background-type":"","background-media":"","overlay-type":"","overlay-color":"","overlay-opacity":"","overlay-gradient":""},"tablet":{"background-color":"var(--ast-global-color-4)","background-image":"","background-repeat":"repeat","background-position":"center center","background-size":"auto","background-attachment":"scroll","background-type":"","background-media":"","overlay-type":"","overlay-color":"","overlay-opacity":"","overlay-gradient":""},"mobile":{"background-color":"var(--ast-global-color-4)","background-image":"","background-repeat":"repeat","background-position":"center center","background-size":"auto","background-attachment":"scroll","background-type":"","background-media":"","overlay-type":"","overlay-color":"","overlay-opacity":"","overlay-gradient":""}}},"product_brand":[],"product_cat":[4387,4421],"product_tag":[4920,5053,5017],"class_list":{"0":"post-82674","1":"product","2":"type-product","3":"status-publish","4":"has-post-thumbnail","6":"product_cat-dia-mai-kim-loai","7":"product_cat-vat-tu-tieu-hao-kim-loai","8":"product_tag-dia-mai","9":"product_tag-kim-cuong","10":"product_tag-vat-lieu-tieu-hao-kim-tuong","11":"desktop-align-left","12":"tablet-align-left","13":"mobile-align-left","14":"ast-product-gallery-layout-horizontal-slider","15":"ast-product-single-variable","16":"ast-product-tabs-layout-horizontal","18":"first","19":"instock","20":"taxable","21":"shipping-taxable","22":"purchasable","23":"product-type-variable"},"_links":{"self":[{"href":"https:\/\/honwaygroup.com\/vi\/wp-json\/wp\/v2\/product\/82674","targetHints":{"allow":["GET"]}}],"collection":[{"href":"https:\/\/honwaygroup.com\/vi\/wp-json\/wp\/v2\/product"}],"about":[{"href":"https:\/\/honwaygroup.com\/vi\/wp-json\/wp\/v2\/types\/product"}],"version-history":[{"count":0,"href":"https:\/\/honwaygroup.com\/vi\/wp-json\/wp\/v2\/product\/82674\/revisions"}],"wp:featuredmedia":[{"embeddable":true,"href":"https:\/\/honwaygroup.com\/vi\/wp-json\/wp\/v2\/media\/82675"}],"wp:attachment":[{"href":"https:\/\/honwaygroup.com\/vi\/wp-json\/wp\/v2\/media?parent=82674"}],"wp:term":[{"taxonomy":"product_brand","embeddable":true,"href":"https:\/\/honwaygroup.com\/vi\/wp-json\/wp\/v2\/product_brand?post=82674"},{"taxonomy":"product_cat","embeddable":true,"href":"https:\/\/honwaygroup.com\/vi\/wp-json\/wp\/v2\/product_cat?post=82674"},{"taxonomy":"product_tag","embeddable":true,"href":"https:\/\/honwaygroup.com\/vi\/wp-json\/wp\/v2\/product_tag?post=82674"}],"curies":[{"name":"wp","href":"https:\/\/api.w.org\/{rel}","templated":true}]}}