{"id":82028,"date":"2024-09-25T15:38:36","date_gmt":"2024-09-25T07:38:36","guid":{"rendered":"https:\/\/honwaygroup.com\/product\/hw-ai-iigranular-dia-mai-kim-loai-hoc-alumina-kich-thuoc-co-the-tuy-chinh\/"},"modified":"2024-09-25T15:38:36","modified_gmt":"2024-09-25T07:38:36","slug":"hw-ai-iigranular-dia-mai-kim-loai-hoc-alumina-kich-thuoc-co-the-tuy-chinh","status":"publish","type":"product","link":"https:\/\/honwaygroup.com\/vi\/product\/hw-ai-iigranular-dia-mai-kim-loai-hoc-alumina-kich-thuoc-co-the-tuy-chinh\/","title":{"rendered":"HW-AI-II(Granular) &#8211; \u0110\u0129a m\u00e0i kim lo\u1ea1i h\u1ecdc Alumina K\u00edch th\u01b0\u1edbc c\u00f3 th\u1ec3 t\u00f9y ch\u1ec9nh"},"content":{"rendered":"<h1>HW-AI-II(Granular) &#8211; \u0110\u0129a m\u00e0i kim lo\u1ea1i h\u1ecdc Alumina K\u00edch th\u01b0\u1edbc <br \/>\u0110\u1eb7c \u0111i\u1ec3m s\u1ea3n ph\u1ea9m HW-AI-II(Granular)<\/h1>\n<p>Quy tr\u00ecnh m\u00e0i n\u00e0y c\u00f3 th\u1ec3 thay th\u1ebf gi\u1ea5y nh\u00e1m kim lo\u1ea1i h\u1ecdc.<br \/>Nh\u1edd v\u00e0o vi\u1ec7c cung c\u1ea5p ch\u1ea5t b\u00f4i tr\u01a1n li\u00ean t\u1ee5c, l\u1edbp l\u00e0m vi\u1ec7c c\u1ee7a \u0111\u0129a m\u00e0i t\u1ed1i \u01b0u h\u00f3a ph\u01b0\u01a1ng ph\u00e1p ho\u1ea1t \u0111\u1ed9ng c\u1ee7a c\u00e1c h\u1ea1t alumina. C\u1ea5u tr\u00fac b\u1ec1 m\u1eb7t  <\/p>\n<ul>\n<li>V\u1eadt li\u1ec7u m\u00e0i ch\u00ednh l\u00e0 alumina \u0111\u01b0\u1ee3c c\u1ea3i ti\u1ebfn, \u0111\u01b0\u1ee3c thi\u1ebft k\u1ebf \u0111\u1eb7c bi\u1ec7t \u0111\u1ec3 thay th\u1ebf gi\u1ea5y nh\u00e1m silicon carbide. M\u1ed9t \u0111\u0129a m\u00e0i c\u00f3 th\u1ec3 thay th\u1ebf t\u1eeb 200-300 t\u1edd gi\u1ea5y nh\u00e1m silicon carbide c\u00f9ng k\u00edch th\u01b0\u1edbc, mang l\u1ea1i hi\u1ec7u su\u1ea5t v\u01b0\u1ee3t tr\u1ed9i v\u00e0 ti\u1ebft ki\u1ec7m chi ph\u00ed. <\/li>\n<li>S\u1ea3n ph\u1ea9m c\u00f3 s\u1eb5n v\u1edbi ba lo\u1ea1i:<br \/>T\u1ea5m th\u00e9p kh\u00f4ng g\u1ec9 (c\u00f3 t\u1eeb t\u00ednh)<br \/>M\u1eb7t l\u01b0ng cao su c\u00f3 t\u1eeb t\u00ednh<br \/>M\u1eb7t l\u01b0ng d\u00ednh PSA<\/li>\n<li>\u0110\u1eb7c \u0111i\u1ec3m s\u1ea3n ph\u1ea9m:<br \/><span style=\"font-size: 16px;\">\u0110\u01a1n gi\u1ea3n v\u00e0 ti\u1ebft ki\u1ec7m chi ph\u00ed: M\u1ed9t \u0111\u0129a m\u00e0i c\u00f3 th\u1ec3 thay th\u1ebf t\u1eeb 200-300 t\u1edd gi\u1ea5y nh\u00e1m nh\u00f4m oxide c\u00f9ng k\u00edch th\u01b0\u1edbc, \u0111\u1ea3m b\u1ea3o hi\u1ec7u qu\u1ea3 v\u01b0\u1ee3t tr\u1ed9i trong qu\u00e1 tr\u00ecnh s\u1eed d\u1ee5ng.<\/span><\/li>\n<li><span style=\"font-size: 16px;\">C\u1eaft \u1ed5n \u0111\u1ecbnh: \u0110\u0129a m\u00e0i cung c\u1ea5p l\u1ef1c c\u1eaft m\u00e0i \u1ed5n \u0111\u1ecbnh v\u00e0 nh\u1ea5t qu\u00e1n \u1edf m\u1ee9c cao.<br \/>\u203b Gi\u1ea5y nh\u00e1m ch\u1ec9 s\u1eafc b\u00e9n trong giai \u0111o\u1ea1n \u0111\u1ea7u khi m\u00e0i, sau \u0111\u00f3 \u0111\u1ed9 s\u1eafc gi\u1ea3m d\u1ea7n theo \u0111\u01b0\u1eddng tuy\u1ebfn t\u00ednh. <\/span><\/li>\n<\/ul>\n<h1>\u1ee8ng d\u1ee5ng:<\/h1>\n<ul>\n<li><strong>Khoa h\u1ecdc v\u1eadt li\u1ec7u, <\/strong><strong>nh\u1eadn d\u1ea1ng kim lo\u1ea1i<\/strong>,<strong> ph\u00e2n t\u00edch s\u1ef1 c\u1ed1<\/strong>, <strong>s\u1ea3n xu\u1ea5t<\/strong>,<strong> nghi\u00ean c\u1ee9u v\u00e0 ph\u00e1t tri\u1ec3n v\u1eadt li\u1ec7u<\/strong>, <strong>ch\u1ebf t\u00e1c kim c\u01b0\u01a1ng v\u00e0 \u0111\u00e1 qu\u00fd,<\/strong> <strong>\u0111i\u1ec7n t\u1eed v\u00e0 ng\u00e0nh c\u00f4ng nghi\u1ec7p b\u00e1n d\u1eabn.<\/strong><\/li>\n<li><strong><span class=\"html-span xdj266r x11i5rnm xat24cr x1mh8g0r xexx8yu x4uap5 x18d9i69 xkhd6sd x1hl2dhg x16tdsg8 x1vvkbs\">M\u00e1y m\u00e0i hai m\u1eb7t <\/span>v\u00e0 <span class=\"html-span xdj266r x11i5rnm xat24cr x1mh8g0r xexx8yu x4uap5 x18d9i69 xkhd6sd x1hl2dhg x16tdsg8 x1vvkbs\">m\u00e1y m\u00e0i m\u1ed9t m\u1eb7t<\/span><\/strong><\/li>\n<\/ul>\n<h1>\u0110\u1eb7c t\u00ednh s\u1ea3n ph\u1ea9m<\/h1>\n<table width=\"100%\">\n<tbody>\n<tr>\n<td style=\"text-align: center;\" width=\"25%\">K\u00edch th\u01b0\u1edbc h\u1ea1t m\u00e0i (Grit size)<\/td>\n<td style=\"text-align: center;\" width=\"24%\">K\u00edch th\u01b0\u1edbc h\u1ea1t (Particle size)<\/td>\n<td style=\"text-align: center;\" width=\"25%\">K\u00edch th\u01b0\u1edbc (mm)<\/td>\n<td width=\"25%\">\n<p style=\"text-align: center;\">K\u00edch th\u01b0\u1edbc (inch)<\/p>\n<\/td>\n<\/tr>\n<tr>\n<td width=\"25%\">120#<\/td>\n<td width=\"24%\">127<\/td>\n<td rowspan=\"8\" width=\"25%\"><strong>\u00d8200<\/strong><\/p>\n<p><strong>\u00d8220<\/strong><\/p>\n<p><strong>\u00d8230<\/strong><\/p>\n<p><strong>\u00d8250<\/strong><\/p>\n<p>&nbsp;<\/td>\n<td rowspan=\"8\" width=\"25%\"><strong>\u00d88<\/strong><\/p>\n<p><strong>\u00d88.6<\/strong><\/p>\n<p><strong>\u00d89<\/strong><\/p>\n<p><strong>\u00d89.5<\/strong><\/p>\n<p>&nbsp;<\/td>\n<\/tr>\n<tr>\n<td width=\"25%\">180#<\/td>\n<p><\/p>\n<td width=\"24%\">78<\/td>\n<\/tr>\n<tr>\n<td width=\"25%\">240#<\/td>\n<p><\/p>\n<td width=\"24%\">58<\/td>\n<\/tr>\n<tr>\n<td width=\"25%\">320#<\/td>\n<td width=\"24%\">46<\/td>\n<\/tr>\n<tr>\n<td width=\"25%\">2000#<\/td>\n<p><\/p>\n<td width=\"24%\">9.0<\/td>\n<\/tr>\n<tr>\n<td width=\"25%\">2400#<\/td>\n<p><\/p>\n<td width=\"24%\">6.0<\/td>\n<\/tr>\n<tr>\n<td width=\"25%\">4000#<\/td>\n<p><\/p>\n<td width=\"24%\">3.0<\/td>\n<\/tr>\n<tr>\n<td width=\"25%\">7000#<\/td>\n<p><\/p>\n<td width=\"24%\">0.5<\/td>\n<\/tr>\n<\/tbody>\n<\/table>\n<h2>1.S\u1ef1 kh\u00e1c bi\u1ec7t gi\u1eefa c\u00e1c s\u1ea3n ph\u1ea9m:<\/h2>\n<table>\n<tbody>\n<tr>\n<td width=\"132\"><\/td>\n<td width=\"208\">\u0110\u0129a m\u00e0i tinh kim lo\u1ea1i h\u1ecdc<\/td>\n<p> v\u00e0<\/p>\n<td width=\"213\"> \u0111\u0129a m\u00e0i kim lo\u1ea1i h\u1ecdc<\/td>\n<\/tr>\n<tr>\n<td width=\"132\">L\u1edbp m\u00e0i m\u00f2n\n<\/td>\n<td width=\"208\">M\u1ec1m<\/td>\n<td width=\"213\">C\u1ee9ng<\/td>\n<\/tr>\n<tr>\n<td width=\"132\"> \u0110\u1ed9 c\u1ee9ng Shore<\/td>\n<td width=\"208\">80 \u0111\u1ed9<\/td>\n<p><\/p>\n<td width=\"213\">90 \u0111\u1ed9<\/td>\n<\/tr>\n<tr>\n<td width=\"132\">Gi\u1edbi thi\u1ec7u\n<\/td>\n<td width=\"208\">M\u1ec1m nh\u01b0 da b\u00f2\n<\/td>\n<td width=\"213\">C\u1ee9ng nh\u01b0 th\u00e9p<\/td>\n<\/tr>\n<tr>\n<td width=\"132\">\u1ee8ng d\u1ee5ng<\/td>\n<td width=\"208\"> Thay th\u1ebf ba quy tr\u00ecnh m\u00e0i ph\u00eda sau v\u00e0 \u0111\u00e1nh b\u00f3ng ph\u00eda tr\u01b0\u1edbc <\/td>\n<td width=\"213\">Thay th\u1ebf gi\u1ea5y nh\u00e1m \u0111\u1ec3 m\u00e0i v\u1eadt li\u1ec7u si\u00eau c\u1ee9ng<\/td>\n<\/tr>\n<\/tbody>\n<\/table>\n<h2>2. C\u00e1ch ch\u1ecdn l\u1ef1a:<\/h2>\n<p>\u1ee8ng d\u1ee5ng c\u1ee5 th\u1ec3 ph\u1ee5 thu\u1ed9c v\u00e0o \u0111\u1ed9 c\u1ee9ng c\u1ee7a v\u1eadt li\u1ec7u ph\u00f4i v\u00e0 quy tr\u00ecnh th\u1ef1c t\u1ebf hi\u1ec7n t\u1ea1i c\u1ee7a b\u1ea1n.<\/p>\n<p>C\u00e1ch s\u1eed d\u1ee5ng: \u0110\u1eb7t tr\u1ef1c ti\u1ebfp \u0111\u0129a m\u00e0i l\u00ean \u0111\u0129a t\u1eeb t\u00ednh c\u1ee7a m\u00e1y. Kh\u00f4ng c\u1ea7n s\u1eed d\u1ee5ng v\u1ea3i \u0111\u00e1nh b\u00f3ng ho\u1eb7c th\u00eam ch\u1ea5t m\u00e0i m\u00f2n (dung d\u1ecbch \u0111\u00e1nh b\u00f3ng). Ch\u1ec9 c\u1ea7n s\u1eed d\u1ee5ng n\u01b0\u1edbc m\u00e1y \u0111\u1ec3 b\u1eaft \u0111\u1ea7u m\u00e0i.  <\/p>\n<p>\u203b Khi x\u1eed l\u00fd c\u00e1c m\u1eabu r\u1ea5t nh\u1ea1y c\u1ea3m, c\u00f3 th\u1ec3 s\u1eed d\u1ee5ng ch\u1ea5t l\u1ecfng kh\u00f4ng \u0103n m\u00f2n thay th\u1ebf cho n\u01b0\u1edbc l\u00e0m ch\u1ea5t b\u00f4i tr\u01a1n.<\/p>\n<p>\u203b \u0110\u1ec3 \u0111\u1ea1t \u0111\u01b0\u1ee3c \u0111\u1ed9 ph\u1eb3ng ch\u00ednh x\u00e1c c\u1ee7a m\u1eabu v\u00e0 s\u1ef1 ti\u00eau hao \u0111\u1ed3ng \u0111\u1ec1u c\u1ee7a \u0111\u0129a m\u00e0i, ph\u1ea7n b\u00ean ngo\u00e0i c\u1ee7a gi\u00e1 \u0111\u1ee1 m\u1eabu n\u00ean nh\u00f4 ra v\u00e0i milimet so v\u1edbi b\u1ec1 m\u1eb7t l\u00e0m vi\u1ec7c c\u1ee7a \u0111\u0129a m\u00e0i.<\/p>\n<h2>3.L\u01b0u \u00fd:<\/h2>\n<ol>\n<li>\u0110\u1ec3 \u0111\u1ea1t \u0111\u01b0\u1ee3c \u0111\u1ed9 ph\u1eb3ng t\u1ed1i \u01b0u, tr\u00e1nh d\u00e1n b\u1ea5t k\u1ef3 nh\u00e3n ho\u1eb7c c\u00e1c v\u1eadt t\u01b0\u01a1ng t\u1ef1 v\u00e0o m\u1eb7t d\u01b0\u1edbi c\u1ee7a \u0111\u0129a \u0111\u1ec3 kh\u00f4ng l\u00e0m \u1ea3nh h\u01b0\u1edfng \u0111\u1ebfn \u0111\u1ed9 ph\u1eb3ng c\u1ee7a v\u1eadt gia c\u00f4ng.<\/li>\n<li>\u0110\u1ea3m b\u1ea3o r\u1eb1ng b\u1ec1 m\u1eb7t ti\u1ebfp x\u00fac gi\u1eefa \u0111\u0129a m\u00e0i v\u00e0 m\u00e1y r\u1ea5t ph\u1eb3ng, s\u1ea1ch v\u00e0 kh\u00f4 \u0111\u1ec3 tr\u00e1nh \u1ea3nh h\u01b0\u1edfng \u0111\u1ebfn \u0111\u1ed9 ph\u1eb3ng c\u1ee7a ph\u00f4i.<\/li>\n<li>Sau khi s\u1eed d\u1ee5ng, h\u00e3y c\u1ea9n th\u1eadn th\u00e1o t\u1ea5m, r\u1eeda s\u1ea1ch b\u1eb1ng n\u01b0\u1edbc, v\u00e0 \u0111\u1ec3 kh\u00f4 t\u1ef1 nhi\u00ean.<\/li>\n<li>Tr\u00e1nh l\u00e0m cong ho\u1eb7c g\u00e2y h\u01b0 h\u1ea1i cho \u0111\u0129a m\u00e0i ch\u00ednh x\u00e1c.<\/li>\n<li>Khi l\u1eafp \u0111\u1eb7t ho\u1eb7c th\u00e1o g\u1ee1, h\u00e3y th\u1ef1c hi\u1ec7n c\u1ea9n th\u1eadn \u0111\u1ec3 tr\u00e1nh l\u1ef1c h\u00fat t\u1eeb t\u00ednh l\u00e0m k\u1eb9p tay b\u1ea1n.<\/li>\n<\/ol>\n<h2>4. kh\u00e1c<\/h2>\n<figure id=\"attachment_47060\" aria-describedby=\"caption-attachment-47060\" style=\"width: 614px\" class=\"wp-caption alignnone\"><a href=\"https:\/\/honwaygroup.com\/wp-content\/uploads\/2024\/09\/%E5%AE%8F%E5%B4%B4%E5%9E%8B%E9%8C%84-DM07_%E9%91%BD%E7%9F%B3%E6%8B%8B%E5%85%89%E7%9B%A4-01.webp\"><img fetchpriority=\"high\" decoding=\"async\" class=\"wp-image-47058 size-full\" src=\"https:\/\/honwaygroup.com\/wp-content\/uploads\/2024\/09\/%E5%AE%8F%E5%B4%B4%E5%9E%8B%E9%8C%84-DM07_%E9%91%BD%E7%9F%B3%E6%8B%8B%E5%85%89%E7%9B%A4-01.webp\" alt=\"\u0110\u0129a \u0111\u00e1nh b\u00f3ng kim c\u01b0\u01a1ng\" width=\"614\" height=\"826\"><\/a><figcaption id=\"caption-attachment-47060\" class=\"wp-caption-text\">\u0110\u0129a \u0111\u00e1nh b\u00f3ng kim c\u01b0\u01a1ng<\/figcaption><\/figure>\n<p><a href=\"https:\/\/honwaygroup.com\/wp-content\/uploads\/2024\/09\/%E5%AE%8F%E5%B4%B4%E5%9E%8B%E9%8C%84-DM001_%E9%91%BD%E7%9F%B3%E6%8B%8B%E5%85%89%E7%9B%A4-02-scaled.webp\"><img decoding=\"async\" class=\"wp-image-42437\" src=\"https:\/\/honwaygroup.com\/wp-content\/uploads\/2024\/09\/%E5%AE%8F%E5%B4%B4%E5%9E%8B%E9%8C%84-DM001_%E9%91%BD%E7%9F%B3%E6%8B%8B%E5%85%89%E7%9B%A4-02-scaled.webp\" alt=\"B\u1ea3ng so s\u00e1nh \u0111\u0129a m\u00e0i kim lo\u1ea1i h\u1ecdc\" width=\"500\" height=\"674\"><\/a><\/p>\n","protected":false},"excerpt":{"rendered":"<p><a href=\"https:\/\/honwaygroup.com\/wp-content\/uploads\/2024\/09\/%E6%9C%AA%E5%91%BD%E5%90%8D-2_%E5%B7%A5%E4%BD%9C%E5%8D%80%E5%9F%9F-1-1.webp\"><img decoding=\"async\" class=\"alignnone wp-image-43869 size-full\" src=\"https:\/\/honwaygroup.com\/wp-content\/uploads\/2024\/09\/%E6%9C%AA%E5%91%BD%E5%90%8D-2_%E5%B7%A5%E4%BD%9C%E5%8D%80%E5%9F%9F-1-1.webp\" alt=\"HW-Piano(Granular) - C\u1ea5u tr\u00fac \u0111\u0129a m\u00e0i kim lo\u1ea1i h\u1ecdc kim c\u01b0\u01a1ng\" width=\"1260\" height=\"805\"><\/a> C\u00f3 c\u00e1c t\u00f9y ch\u1ecdn kh\u00e1c nhau d\u00e0nh cho v\u1eadt li\u1ec7u c\u1ee9ng HV150-2000.<\/p>\n<p>V\u1eadt li\u1ec7u m\u00e0i ch\u00ednh l\u00e0 nh\u00f4m oxide c\u1ea3i ti\u1ebfn v\u1edbi thi\u1ebft k\u1ebf t\u1ed5 ong. S\u1ea3n ph\u1ea9m ch\u1ee7 y\u1ebfu \u0111\u01b0\u1ee3c thi\u1ebft k\u1ebf \u0111\u1ec3 thay th\u1ebf gi\u1ea5y nh\u00e1m nh\u00f4m oxide. M\u1ed9t \u0111\u0129a m\u00e0i c\u00f3 th\u1ec3 thay th\u1ebf t\u1eeb 200-300 t\u1edd gi\u1ea5y nh\u00e1m silicon carbide c\u00f9ng k\u00edch th\u01b0\u1edbc.  <\/p>\n<p>S\u1ea3n ph\u1ea9m g\u1ed3m ba lo\u1ea1i: T\u1ea5m th\u00e9p kh\u00f4ng g\u1ec9 (t\u1eeb t\u00ednh), m\u1eb7t l\u01b0ng cao su t\u1eeb t\u00ednh (t\u1eeb t\u00ednh), v\u00e0 m\u1eb7t l\u01b0ng PSA (d\u00ednh).<\/p>\n<h5><strong><span style=\"color: #ff0000; font-size: 19.2px;\">\u25b2 <\/span><\/strong><strong><span style=\"color: #ff0000; font-size: 19.2px;\">\u0110\u1ed1i v\u1edbi k\u00edch th\u01b0\u1edbc t\u00f9y ch\u1ec9nh, vui l\u00f2ng li\u00ean h\u1ec7 v\u1edbi b\u1ed9 ph\u1eadn ch\u0103m s\u00f3c kh\u00e1ch h\u00e0ng. <\/span><\/strong><\/h5>\n<h5><strong><span style=\"color: #ff0000; font-size: 19.2px;\">\u25b2 \u0110\u01a1n h\u00e0ng l\u1edbn c\u00f3 th\u1ec3 \u0111\u01b0\u1ee3c h\u01b0\u1edfng \u01b0u \u0111\u00e3i gi\u1ea3m gi\u00e1, vui l\u00f2ng li\u00ean h\u1ec7 v\u1edbi b\u1ed9 ph\u1eadn ch\u0103m s\u00f3c kh\u00e1ch h\u00e0ng.<br \/>\n<\/span><\/strong><\/h5>\n<h5><strong><span style=\"color: #ff0000;\">\u25b2 Vui l\u00f2ng li\u00ean h\u1ec7 b\u1ed9 ph\u1eadn ch\u0103m s\u00f3c kh\u00e1ch h\u00e0ng \u0111\u1ec3 bi\u1ebft ng\u00e0y giao h\u00e0ng<\/span>: <a href=\"https:\/\/honwaygroup.com\/vi\/lien-he-voi-honway\/\">Li\u00ean h\u1ec7 Honway.<\/a><\/strong><\/h5>\n","protected":false},"featured_media":82029,"template":"","meta":{"site-sidebar-layout":"default","site-content-layout":"default","ast-site-content-layout":"default","site-content-style":"default","site-sidebar-style":"default","ast-global-header-display":"","ast-banner-title-visibility":"","ast-main-header-display":"","ast-hfb-above-header-display":"","ast-hfb-below-header-display":"","ast-hfb-mobile-header-display":"","site-post-title":"","ast-breadcrumbs-content":"","ast-featured-img":"","footer-sml-layout":"","ast-disable-related-posts":"","theme-transparent-header-meta":"default","adv-header-id-meta":"","stick-header-meta":"","header-above-stick-meta":"","header-main-stick-meta":"","header-below-stick-meta":"","astra-migrate-meta-layouts":"default","ast-page-background-enabled":"default","ast-page-background-meta":{"desktop":{"background-color":"var(--ast-global-color-5)","background-image":"","background-repeat":"repeat","background-position":"center center","background-size":"auto","background-attachment":"scroll","background-type":"","background-media":"","overlay-type":"","overlay-color":"","overlay-opacity":"","overlay-gradient":""},"tablet":{"background-color":"","background-image":"","background-repeat":"repeat","background-position":"center center","background-size":"auto","background-attachment":"scroll","background-type":"","background-media":"","overlay-type":"","overlay-color":"","overlay-opacity":"","overlay-gradient":""},"mobile":{"background-color":"","background-image":"","background-repeat":"repeat","background-position":"center center","background-size":"auto","background-attachment":"scroll","background-type":"","background-media":"","overlay-type":"","overlay-color":"","overlay-opacity":"","overlay-gradient":""}},"ast-content-background-meta":{"desktop":{"background-color":"var(--ast-global-color-4)","background-image":"","background-repeat":"repeat","background-position":"center center","background-size":"auto","background-attachment":"scroll","background-type":"","background-media":"","overlay-type":"","overlay-color":"","overlay-opacity":"","overlay-gradient":""},"tablet":{"background-color":"var(--ast-global-color-4)","background-image":"","background-repeat":"repeat","background-position":"center center","background-size":"auto","background-attachment":"scroll","background-type":"","background-media":"","overlay-type":"","overlay-color":"","overlay-opacity":"","overlay-gradient":""},"mobile":{"background-color":"var(--ast-global-color-4)","background-image":"","background-repeat":"repeat","background-position":"center center","background-size":"auto","background-attachment":"scroll","background-type":"","background-media":"","overlay-type":"","overlay-color":"","overlay-opacity":"","overlay-gradient":""}}},"product_brand":[],"product_cat":[4387,4421],"product_tag":[5113,4920,5053],"class_list":{"0":"post-82028","1":"product","2":"type-product","3":"status-publish","4":"has-post-thumbnail","6":"product_cat-dia-mai-kim-loai","7":"product_cat-vat-tu-tieu-hao-kim-loai","8":"product_tag-dang-hat","9":"product_tag-dia-mai","10":"product_tag-kim-cuong","11":"desktop-align-left","12":"tablet-align-left","13":"mobile-align-left","14":"ast-product-gallery-layout-horizontal-slider","15":"ast-product-single-variable","16":"ast-product-tabs-layout-horizontal","18":"first","19":"instock","20":"taxable","21":"shipping-taxable","22":"purchasable","23":"product-type-variable"},"_links":{"self":[{"href":"https:\/\/honwaygroup.com\/vi\/wp-json\/wp\/v2\/product\/82028","targetHints":{"allow":["GET"]}}],"collection":[{"href":"https:\/\/honwaygroup.com\/vi\/wp-json\/wp\/v2\/product"}],"about":[{"href":"https:\/\/honwaygroup.com\/vi\/wp-json\/wp\/v2\/types\/product"}],"version-history":[{"count":0,"href":"https:\/\/honwaygroup.com\/vi\/wp-json\/wp\/v2\/product\/82028\/revisions"}],"wp:featuredmedia":[{"embeddable":true,"href":"https:\/\/honwaygroup.com\/vi\/wp-json\/wp\/v2\/media\/82029"}],"wp:attachment":[{"href":"https:\/\/honwaygroup.com\/vi\/wp-json\/wp\/v2\/media?parent=82028"}],"wp:term":[{"taxonomy":"product_brand","embeddable":true,"href":"https:\/\/honwaygroup.com\/vi\/wp-json\/wp\/v2\/product_brand?post=82028"},{"taxonomy":"product_cat","embeddable":true,"href":"https:\/\/honwaygroup.com\/vi\/wp-json\/wp\/v2\/product_cat?post=82028"},{"taxonomy":"product_tag","embeddable":true,"href":"https:\/\/honwaygroup.com\/vi\/wp-json\/wp\/v2\/product_tag?post=82028"}],"curies":[{"name":"wp","href":"https:\/\/api.w.org\/{rel}","templated":true}]}}