{"id":81752,"date":"2024-09-26T16:17:39","date_gmt":"2024-09-26T08:17:39","guid":{"rendered":"https:\/\/honwaygroup.com\/product\/w351-tam-vai-danh-bong-kim-loai-hoc-bang-vai-len-kich-thuoc\/"},"modified":"2024-09-26T16:17:39","modified_gmt":"2024-09-26T08:17:39","slug":"w351-tam-vai-danh-bong-kim-loai-hoc-bang-vai-len-kich-thuoc","status":"publish","type":"product","link":"https:\/\/honwaygroup.com\/vi\/product\/w351-tam-vai-danh-bong-kim-loai-hoc-bang-vai-len-kich-thuoc\/","title":{"rendered":"W351-T\u1ea5m v\u1ea3i \u0111\u00e1nh b\u00f3ng kim lo\u1ea1i h\u1ecdc b\u1eb1ng v\u1ea3i len K\u00edch th\u01b0\u1edbc"},"content":{"rendered":"<h1>HW351-Woolen fabric metallographic polishing pads\/cloths Product features<\/h1>\n<p>\u0110\u00e1nh b\u00f3ng \u0111\u01b0\u1ee3c th\u1ef1c hi\u1ec7n \u0111\u1ec3 lo\u1ea1i b\u1ecf c\u00e1c v\u1ebft x\u01b0\u1edbc nh\u1ecf v\u00e0 d\u1ea5u v\u1ebft m\u00e0i tr\u00ean m\u1eabu v\u1eadt, t\u1ea1o ra b\u1ec1 m\u1eb7t g\u01b0\u01a1ng s\u00e1ng b\u00f3ng, kh\u00f4ng t\u00ec v\u1ebft, gi\u00fap quan s\u00e1t ch\u00ednh x\u00e1c h\u01a1n. C\u00f3 th\u1ec3 s\u1eed d\u1ee5ng v\u1edbi c\u00e1c dung d\u1ecbch\/l\u1edbp ph\u1ee7 \u0111\u00e1nh b\u00f3ng kim c\u01b0\u01a1ng \u0111\u01a1n tinh th\u1ec3 v\u00e0 \u0111a tinh th\u1ec3 c\u1ee7a Honway, dung d\u1ecbch \u0111\u00e1nh b\u00f3ng oxit cerium, dung d\u1ecbch \u0111\u00e1nh b\u00f3ng oxit nh\u00f4m, v.v. <\/p>\n<p>K\u1ebft h\u1ee3p v\u1edbi ch\u1ea5t m\u00e0i m\u00f2n 7um-14um, s\u1ea3n ph\u1ea9m ph\u00f9 h\u1ee3p \u0111\u1ec3 \u0111\u00e1nh b\u00f3ng th\u00f4.<\/p>\n<ul>\n<li>L\u1edbp b\u1ec1 m\u1eb7t \u0111\u00e1nh b\u00f3ng \u0111\u01b0\u1ee3c l\u00e0m t\u1eeb s\u1ee3i \u0111\u00e1nh b\u00f3ng v\u1ea3i len quay s\u1ee3i tinh x\u1ea3o, mang l\u1ea1i hi\u1ec7u qu\u1ea3 v\u01b0\u1ee3t tr\u1ed9i trong vi\u1ec7c t\u1ea1o b\u1ec1 m\u1eb7t m\u1ecbn m\u00e0ng v\u00e0 ch\u1ea5t l\u01b0\u1ee3ng cao.<\/li>\n<li>S\u1ea3n ph\u1ea9m c\u00f3 m\u1eb7t sau d\u00e1n keo \u0111\u01b0\u1ee3c thi\u1ebft k\u1ebf v\u1edbi l\u1edbp ch\u1ed1ng th\u1ea5m n\u01b0\u1edbc v\u00e0 gia c\u1ed1, gi\u00fap ch\u1ed1ng n\u01b0\u1edbc, d\u1ea7u v\u00e0 c\u1ed3n. \u0110i\u1ec1u n\u00e0y gi\u1ea3m thi\u1ec3u hi\u1ec7n t\u01b0\u1ee3ng bo tr\u00f2n c\u00e1c c\u1ea1nh \u0111\u00e3 \u0111\u01b0\u1ee3c \u0111\u00e1nh b\u00f3ng, \u0111\u1ea3m b\u1ea3o \u0111\u1ed9 ph\u1eb3ng cao h\u01a1n. <\/li>\n<li>S\u1ea3n ph\u1ea9m cung c\u1ea5p:<br \/>V\u1ea3i \u0111\u00e1nh b\u00f3ng kh\u00f4ng d\u00e1n keo<br \/>V\u1ea3i \u0111\u00e1nh b\u00f3ng c\u00f3 m\u1eb7t sau cao su t\u1eeb t\u00ednh<br \/>V\u1ea3i \u0111\u00e1nh b\u00f3ng c\u00f3 m\u1eb7t sau cao su k\u00e8m l\u1edbp s\u1eaft<\/li>\n<li>V\u1ea3i \u0111\u00e1nh b\u00f3ng c\u00f3 m\u1eb7t sau b\u1eb1ng cao su \u0111\u01b0\u1ee3c l\u00e0m t\u1eeb s\u1eaft m\u1ec1m. N\u1ebfu b\u1ea1n c\u1ea7n \u0111\u1eb7t h\u00e0ng, vui l\u00f2ng li\u00ean h\u1ec7 v\u1edbi b\u1ed9 ph\u1eadn ch\u0103m s\u00f3c kh\u00e1ch h\u00e0ng \u0111\u1ec3 bi\u1ebft th\u00f4ng tin gi\u00e1 c\u1ea3.<\/li>\n<\/ul>\n<h1>Ph\u1ea1m vi \u1ee9ng d\u1ee5ng:<\/h1>\n<ul>\n<li>Ph\u00f9 h\u1ee3p \u0111\u1ec3 \u0111\u00e1nh b\u00f3ng th\u00e9p, nh\u00f4m, \u0111\u1ed3ng, magie, carbide, v\u00e0 c\u00e1c v\u1eadt li\u1ec7u kh\u00e1c.<\/li>\n<\/ul>\n<h1>\u0110\u1eb7c t\u00ednh s\u1ea3n ph\u1ea9m<\/h1>\n<p>\u0110\u01b0\u1eddng k\u00ednh ngo\u00e0i:<\/p>\n<p><strong>\u0424127mm(\u04245in).\u0424200mm(\u04248in)<\/strong><strong style=\"font-size: 16px; font-style: normal;\">.\u0424220mm(\u04248.6in)<\/strong><strong style=\"font-size: 16px;\">.\u0424230mm(\u04249in).\u0424250mm(\u04249.5in).\u0424300mm(\u042412in).\u0424350mm(\u042414in).\u0424380mm(\u042415in)<\/strong><span style=\"font-size: 16px;\">V\u00e0 nhi\u1ec1u t\u00f9y ch\u1ecdn k\u00edch th\u01b0\u1edbc c\u0169ng nh\u01b0 th\u00f4ng s\u1ed1 k\u1ef9 thu\u1eadt kh\u00e1c c\u00f3 th\u1ec3 \u0111\u01b0\u1ee3c t\u00f9y ch\u1ec9nh theo y\u00eau c\u1ea7u. <\/span><\/p>\n<p><span style=\"font-size: 1.7em; font-weight: bold;\">1. \u01afu \u0111i\u1ec3m s\u1ea3n ph\u1ea9m<\/span><\/p>\n<table>\n<tbody>\n<tr>\n<td width=\"184\">S\u1ea3n ph\u1ea9m c\u1ee7a c\u00e1c th\u01b0\u01a1ng hi\u1ec7u kh\u00e1c\n<\/td>\n<td width=\"184\">L\u1ef1a ch\u1ecdn c\u1ee7a Honway (Chi\u1ebfn th\u1eafng)\n<\/td>\n<td width=\"184\">\u01afu \u0111i\u1ec3m c\u1ee7a vi\u1ec7c ch\u1ecdn s\u1ea3n ph\u1ea9m Honway<\/td>\n<\/tr>\n<tr>\n<td width=\"184\">\n<p style=\"text-align: center;\">V\u1ea3i \u0111\u00e1nh b\u00f3ng<\/p>\n<p style=\"text-align: center;\">L\u1edbp keo d\u00e1n hai m\u1eb7t<\/p>\n<p style=\"text-align: center;\">L\u1edbp gi\u1ea5y b\u1ea3o v\u1ec7<\/p>\n<p>&nbsp;<\/p>\n<p style=\"text-align: center;\">Ch\u1ec9 v\u1edbi thi\u1ebft k\u1ebf ba l\u1edbp \u0111\u01a1n gi\u1ea3n<\/p>\n<\/td>\n<td width=\"184\">\n<p style=\"text-align: center;\">V\u1ea3i \u0111\u00e1nh b\u00f3ng<\/p>\n<p style=\"text-align: center;\">L\u1edbp gi\u1ea5y b\u1ea3o v\u1ec7<\/p>\n<p style=\"text-align: center;\">L\u1edbp keo hai m\u1eb7t<\/p>\n<p style=\"text-align: center;\">L\u1edbp keo d\u00e1n hai m\u1eb7t<\/p>\n<p style=\"text-align: center;\">L\u1edbp gi\u1ea5y b\u1ea3o v\u1ec7<\/p>\n<\/td>\n<td width=\"184\">\n<p style=\"text-align: center;\">Kh\u00f4ng d\u1ec5 b\u1ecb nh\u0103n.<\/p>\n<p style=\"text-align: center;\">Kh\u00e1ng n\u01b0\u1edbc m\u1ea1nh m\u1ebd<\/p>\n<p style=\"text-align: center;\">B\u00e1m ch\u1eafc, kh\u00f4ng d\u1ec5 b\u1ecb bong ra<\/p>\n<p style=\"text-align: center;\">\u0110\u1ed9 ph\u1eb3ng cao<\/p>\n<p style=\"text-align: center;\">\n<\/td>\n<\/tr>\n<\/tbody>\n<\/table>\n<h2>2. C\u00e1ch ch\u1ecdn l\u1ef1a:<\/h2>\n<pre>\u203b\u5982\u4f55\u9078\u64c7\u62cb\u5149\u588a\u5c3a\u5bf8\n\u7121\u80cc\u81a0\u62cb\u5149\u588a &gt; \u6a5f\u53f0\u76e4\n\u80cc\u81a0\u62cb\u5149\u588a = \u6a5f\u53f0\u76e4\n\u80cc\u78c1\u62cb\u5149\u588a = \u6a5f\u53f0\u76e4<\/pre>\n<h2>3.L\u01b0u \u00fd:<\/h2>\n<ol>\n<li>\u0110\u1ec3 \u0111\u1ea1t \u0111\u01b0\u1ee3c \u0111\u1ed9 ph\u1eb3ng t\u1ed1i \u01b0u, tr\u00e1nh d\u00e1n b\u1ea5t k\u1ef3 nh\u00e3n ho\u1eb7c c\u00e1c v\u1eadt t\u01b0\u01a1ng t\u1ef1 v\u00e0o m\u1eb7t d\u01b0\u1edbi c\u1ee7a \u0111\u0129a \u0111\u1ec3 kh\u00f4ng l\u00e0m \u1ea3nh h\u01b0\u1edfng \u0111\u1ebfn \u0111\u1ed9 ph\u1eb3ng c\u1ee7a v\u1eadt gia c\u00f4ng.<\/li>\n<li>B\u1ec1 m\u1eb7t ti\u1ebfp x\u00fac gi\u1eefa t\u1ea5m \u0111\u00e1nh b\u00f3ng v\u00e0 m\u00e1y ph\u1ea3i lu\u00f4n ph\u1eb3ng, s\u1ea1ch, v\u00e0 kh\u00f4 \u0111\u1ec3 kh\u00f4ng \u1ea3nh h\u01b0\u1edfng \u0111\u1ebfn \u0111\u1ed9 ph\u1eb3ng c\u1ee7a v\u1eadt gia c\u00f4ng.<\/li>\n<li>Sau khi s\u1eed d\u1ee5ng, h\u00e3y c\u1ea9n th\u1eadn th\u00e1o t\u1ea5m, r\u1eeda s\u1ea1ch b\u1eb1ng n\u01b0\u1edbc, v\u00e0 \u0111\u1ec3 kh\u00f4 t\u1ef1 nhi\u00ean.<\/li>\n<li>Kh\u00f4ng \u0111\u01b0\u1ee3c u\u1ed1n cong ho\u1eb7c l\u00e0m h\u1ecfng t\u1ea5m \u0111\u00e1nh b\u00f3ng.<\/li>\n<li>Khi l\u1eafp \u0111\u1eb7t ho\u1eb7c th\u00e1o g\u1ee1, h\u00e3y th\u1ef1c hi\u1ec7n c\u1ea9n th\u1eadn \u0111\u1ec3 tr\u00e1nh l\u1ef1c h\u00fat t\u1eeb t\u00ednh l\u00e0m k\u1eb9p tay b\u1ea1n.<\/li>\n<\/ol>\n<p>&nbsp;<\/p>\n<p>&nbsp;<\/p>\n","protected":false},"excerpt":{"rendered":"<p>K\u1ebft h\u1ee3p v\u1edbi ch\u1ea5t m\u00e0i m\u00f2n 7um-14um, s\u1ea3n ph\u1ea9m ph\u00f9 h\u1ee3p \u0111\u1ec3 \u0111\u00e1nh b\u00f3ng th\u00f4, gi\u00fap lo\u1ea1i b\u1ecf c\u00e1c v\u1ebft x\u01b0\u1edbc l\u1edbn v\u00e0 chu\u1ea9n b\u1ecb b\u1ec1 m\u1eb7t cho c\u00e1c quy tr\u00ecnh \u0111\u00e1nh b\u00f3ng ti\u1ebfp theo.<\/p>\n<p>L\u1edbp b\u1ec1 m\u1eb7t l\u00e0m vi\u1ec7c \u0111\u00e1nh b\u00f3ng \u0111\u01b0\u1ee3c l\u00e0m t\u1eeb ch\u1ea5t li\u1ec7u v\u1ea3i len d\u1ec7t tinh x\u1ea3o, mang l\u1ea1i hi\u1ec7u qu\u1ea3 v\u01b0\u1ee3t tr\u1ed9i trong vi\u1ec7c t\u1ea1o b\u1ec1 m\u1eb7t m\u1ecbn m\u00e0ng, s\u00e1ng b\u00f3ng v\u00e0 ch\u1ea5t l\u01b0\u1ee3ng cao.<\/p>\n<p>S\u1ea3n ph\u1ea9m c\u00f3 m\u1eb7t sau d\u00e1n keo c\u00f3 l\u1edbp ch\u1ed1ng th\u1ea5m n\u01b0\u1edbc \u1edf gi\u1eefa v\u00e0 thi\u1ebft k\u1ebf gia c\u1ed1, gi\u00fap ch\u1ed1ng n\u01b0\u1edbc, d\u1ea7u, c\u1ed3n, v.v. Hi\u1ec7n t\u01b0\u1ee3ng bo tr\u00f2n trong qu\u00e1 tr\u00ecnh \u0111\u00e1nh b\u00f3ng \u0111\u01b0\u1ee3c lo\u1ea1i b\u1ecf, \u0111\u1ea3m b\u1ea3o \u0111\u1ed9 ph\u1eb3ng cao h\u01a1n. <\/p>\n<p>C\u00e1c lo\u1ea1i s\u1ea3n ph\u1ea9m cung c\u1ea5p: g\u1ed3m b\u1ed1n lo\u1ea1i: v\u1ea3i \u0111\u00e1nh b\u00f3ng kh\u00f4ng d\u00e1n keo, v\u1ea3i \u0111\u00e1nh b\u00f3ng c\u00f3 m\u1eb7t sau d\u00e1n keo, v\u1ea3i \u0111\u00e1nh b\u00f3ng c\u00f3 m\u1eb7t sau cao su t\u1eeb t\u00ednh, v\u00e0 v\u1ea3i \u0111\u00e1nh b\u00f3ng c\u00f3 m\u1eb7t sau cao su k\u00e8m l\u1edbp s\u1eaft.<\/p>\n<p>V\u1ea3i \u0111\u00e1nh b\u00f3ng c\u00f3 m\u1eb7t sau cao su k\u00e8m l\u1edbp s\u1eaft \u0111\u01b0\u1ee3c l\u00e0m t\u1eeb s\u1eaft m\u1ec1m. N\u1ebfu c\u1ea7n \u0111\u1eb7t h\u00e0ng, vui l\u00f2ng li\u00ean h\u1ec7 v\u1edbi b\u1ed9 ph\u1eadn ch\u0103m s\u00f3c kh\u00e1ch h\u00e0ng \u0111\u1ec3 bi\u1ebft th\u00f4ng tin b\u00e1o gi\u00e1.<\/p>\n<h5><strong><span style=\"color: #ff0000; font-size: 19.2px;\">\u25b2 <\/span><\/strong><strong><span style=\"color: #ff0000; font-size: 19.2px;\">\u0110\u1ed1i v\u1edbi k\u00edch th\u01b0\u1edbc t\u00f9y ch\u1ec9nh, vui l\u00f2ng li\u00ean h\u1ec7 v\u1edbi b\u1ed9 ph\u1eadn ch\u0103m s\u00f3c kh\u00e1ch h\u00e0ng. <\/span><\/strong><\/h5>\n<h5><strong><span style=\"color: #ff0000; font-size: 19.2px;\">\u25b2 \u0110\u01a1n h\u00e0ng l\u1edbn c\u00f3 th\u1ec3 \u0111\u01b0\u1ee3c h\u01b0\u1edfng \u01b0u \u0111\u00e3i gi\u1ea3m gi\u00e1, vui l\u00f2ng li\u00ean h\u1ec7 v\u1edbi b\u1ed9 ph\u1eadn ch\u0103m s\u00f3c kh\u00e1ch h\u00e0ng.<br \/>\n<\/span><\/strong><\/h5>\n<h5><strong><span style=\"color: #ff0000;\">\u25b2 Vui l\u00f2ng li\u00ean h\u1ec7 b\u1ed9 ph\u1eadn ch\u0103m s\u00f3c kh\u00e1ch h\u00e0ng \u0111\u1ec3 bi\u1ebft ng\u00e0y giao h\u00e0ng<\/span>: <a href=\"https:\/\/honwaygroup.com\/vi\/lien-he-voi-honway\/\">Li\u00ean h\u1ec7 Honway.<\/a><\/strong><\/h5>\n<h5><strong><span style=\"color: #ff0000; font-size: 19.2px;\"> <\/span><\/strong><\/h5>\n<p>&nbsp;<\/p>\n","protected":false},"featured_media":81753,"template":"","meta":{"site-sidebar-layout":"default","site-content-layout":"default","ast-site-content-layout":"default","site-content-style":"default","site-sidebar-style":"default","ast-global-header-display":"","ast-banner-title-visibility":"","ast-main-header-display":"","ast-hfb-above-header-display":"","ast-hfb-below-header-display":"","ast-hfb-mobile-header-display":"","site-post-title":"","ast-breadcrumbs-content":"","ast-featured-img":"","footer-sml-layout":"","ast-disable-related-posts":"","theme-transparent-header-meta":"default","adv-header-id-meta":"","stick-header-meta":"","header-above-stick-meta":"","header-main-stick-meta":"","header-below-stick-meta":"","astra-migrate-meta-layouts":"default","ast-page-background-enabled":"default","ast-page-background-meta":{"desktop":{"background-color":"var(--ast-global-color-5)","background-image":"","background-repeat":"repeat","background-position":"center center","background-size":"auto","background-attachment":"scroll","background-type":"","background-media":"","overlay-type":"","overlay-color":"","overlay-opacity":"","overlay-gradient":""},"tablet":{"background-color":"","background-image":"","background-repeat":"repeat","background-position":"center center","background-size":"auto","background-attachment":"scroll","background-type":"","background-media":"","overlay-type":"","overlay-color":"","overlay-opacity":"","overlay-gradient":""},"mobile":{"background-color":"","background-image":"","background-repeat":"repeat","background-position":"center center","background-size":"auto","background-attachment":"scroll","background-type":"","background-media":"","overlay-type":"","overlay-color":"","overlay-opacity":"","overlay-gradient":""}},"ast-content-background-meta":{"desktop":{"background-color":"var(--ast-global-color-4)","background-image":"","background-repeat":"repeat","background-position":"center center","background-size":"auto","background-attachment":"scroll","background-type":"","background-media":"","overlay-type":"","overlay-color":"","overlay-opacity":"","overlay-gradient":""},"tablet":{"background-color":"var(--ast-global-color-4)","background-image":"","background-repeat":"repeat","background-position":"center center","background-size":"auto","background-attachment":"scroll","background-type":"","background-media":"","overlay-type":"","overlay-color":"","overlay-opacity":"","overlay-gradient":""},"mobile":{"background-color":"var(--ast-global-color-4)","background-image":"","background-repeat":"repeat","background-position":"center center","background-size":"auto","background-attachment":"scroll","background-type":"","background-media":"","overlay-type":"","overlay-color":"","overlay-opacity":"","overlay-gradient":""}}},"product_brand":[],"product_cat":[4386,4421],"product_tag":[4790,4789,4760],"class_list":{"0":"post-81752","1":"product","2":"type-product","3":"status-publish","4":"has-post-thumbnail","6":"product_cat-dem-danh-bong-kim-loai","7":"product_cat-vat-tu-tieu-hao-kim-loai","8":"product_tag-tam-danh-bong","9":"product_tag-vai-danh-bong","10":"product_tag-vai-len-da","11":"desktop-align-left","12":"tablet-align-left","13":"mobile-align-left","14":"ast-product-gallery-layout-horizontal-slider","15":"ast-product-single-variable","16":"ast-product-tabs-layout-horizontal","18":"first","19":"instock","20":"taxable","21":"shipping-taxable","22":"purchasable","23":"product-type-variable"},"_links":{"self":[{"href":"https:\/\/honwaygroup.com\/vi\/wp-json\/wp\/v2\/product\/81752","targetHints":{"allow":["GET"]}}],"collection":[{"href":"https:\/\/honwaygroup.com\/vi\/wp-json\/wp\/v2\/product"}],"about":[{"href":"https:\/\/honwaygroup.com\/vi\/wp-json\/wp\/v2\/types\/product"}],"version-history":[{"count":0,"href":"https:\/\/honwaygroup.com\/vi\/wp-json\/wp\/v2\/product\/81752\/revisions"}],"wp:featuredmedia":[{"embeddable":true,"href":"https:\/\/honwaygroup.com\/vi\/wp-json\/wp\/v2\/media\/81753"}],"wp:attachment":[{"href":"https:\/\/honwaygroup.com\/vi\/wp-json\/wp\/v2\/media?parent=81752"}],"wp:term":[{"taxonomy":"product_brand","embeddable":true,"href":"https:\/\/honwaygroup.com\/vi\/wp-json\/wp\/v2\/product_brand?post=81752"},{"taxonomy":"product_cat","embeddable":true,"href":"https:\/\/honwaygroup.com\/vi\/wp-json\/wp\/v2\/product_cat?post=81752"},{"taxonomy":"product_tag","embeddable":true,"href":"https:\/\/honwaygroup.com\/vi\/wp-json\/wp\/v2\/product_tag?post=81752"}],"curies":[{"name":"wp","href":"https:\/\/api.w.org\/{rel}","templated":true}]}}