{"id":81709,"date":"2025-03-14T09:42:01","date_gmt":"2025-03-14T01:42:01","guid":{"rendered":"https:\/\/honwaygroup.com\/product\/kim-cuong-nhan-tao-kim-cuong-roi-moi-vien-co-chung-nhan-igi\/"},"modified":"2025-04-16T19:00:08","modified_gmt":"2025-04-16T11:00:08","slug":"kim-cuong-nhan-tao-kim-cuong-roi-moi-vien-co-chung-nhan-igi","status":"publish","type":"product","link":"https:\/\/honwaygroup.com\/vi\/product\/kim-cuong-nhan-tao-kim-cuong-roi-moi-vien-co-chung-nhan-igi\/","title":{"rendered":"Kim C\u01b0\u01a1ng Nh\u00e2n T\u1ea1o &#8211; Kim C\u01b0\u01a1ng R\u1eddi (M\u1ed7i Vi\u00ean C\u00f3 Ch\u1ee9ng Nh\u1eadn IGI)"},"content":{"rendered":"\t\t<div data-elementor-type=\"product-post\" data-elementor-id=\"81709\" class=\"elementor elementor-81709 elementor-79134\" data-elementor-post-type=\"product\">\n\t\t\t\t\t\t<section class=\"elementor-section elementor-top-section elementor-element elementor-element-5006a51 elementor-section-boxed elementor-section-height-default elementor-section-height-default\" data-id=\"5006a51\" data-element_type=\"section\" data-e-type=\"section\">\n\t\t\t\t\t\t<div class=\"elementor-container elementor-column-gap-default\">\n\t\t\t\t\t<div class=\"elementor-column elementor-col-33 elementor-top-column elementor-element elementor-element-26cb82f\" data-id=\"26cb82f\" data-element_type=\"column\" data-e-type=\"column\">\n\t\t\t<div class=\"elementor-widget-wrap elementor-element-populated\">\n\t\t\t\t\t\t<div class=\"elementor-element elementor-element-89955ea elementor-widget elementor-widget-image\" data-id=\"89955ea\" data-element_type=\"widget\" data-e-type=\"widget\" data-widget_type=\"image.default\">\n\t\t\t\t<div class=\"elementor-widget-container\">\n\t\t\t\t\t\t\t\t\t\t\t\t\t\t\t<img fetchpriority=\"high\" decoding=\"async\" width=\"1024\" height=\"1024\" src=\"https:\/\/honwaygroup.com\/wp-content\/uploads\/2025\/03\/IMG_4109-01-1024x1024.webp\" class=\"attachment-large size-large wp-image-81710\" alt=\"\" srcset=\"https:\/\/honwaygroup.com\/wp-content\/uploads\/2025\/03\/IMG_4109-01-1024x1024.webp 1024w, https:\/\/honwaygroup.com\/wp-content\/uploads\/2025\/03\/IMG_4109-01-300x300.webp 300w, https:\/\/honwaygroup.com\/wp-content\/uploads\/2025\/03\/IMG_4109-01-150x150.webp 150w, https:\/\/honwaygroup.com\/wp-content\/uploads\/2025\/03\/IMG_4109-01-768x768.webp 768w, https:\/\/honwaygroup.com\/wp-content\/uploads\/2025\/03\/IMG_4109-01-1536x1536.webp 1536w, https:\/\/honwaygroup.com\/wp-content\/uploads\/2025\/03\/IMG_4109-01-2048x2048.webp 2048w, https:\/\/honwaygroup.com\/wp-content\/uploads\/2025\/03\/IMG_4109-01-100x100.webp 100w\" sizes=\"(max-width: 1024px) 100vw, 1024px\" \/>\t\t\t\t\t\t\t\t\t\t\t\t\t\t\t<\/div>\n\t\t\t\t<\/div>\n\t\t\t\t\t<\/div>\n\t\t<\/div>\n\t\t\t\t<div class=\"elementor-column elementor-col-33 elementor-top-column elementor-element elementor-element-f8da96e\" data-id=\"f8da96e\" data-element_type=\"column\" data-e-type=\"column\">\n\t\t\t<div class=\"elementor-widget-wrap elementor-element-populated\">\n\t\t\t\t\t\t<div class=\"elementor-element elementor-element-f8c7247 elementor-widget elementor-widget-image\" data-id=\"f8c7247\" data-element_type=\"widget\" data-e-type=\"widget\" data-widget_type=\"image.default\">\n\t\t\t\t<div class=\"elementor-widget-container\">\n\t\t\t\t\t\t\t\t\t\t\t\t\t\t\t<img decoding=\"async\" width=\"1024\" height=\"1024\" src=\"https:\/\/honwaygroup.com\/wp-content\/uploads\/2025\/03\/IMG_4109-02-1024x1024.webp\" class=\"attachment-large size-large wp-image-81711\" alt=\"\" srcset=\"https:\/\/honwaygroup.com\/wp-content\/uploads\/2025\/03\/IMG_4109-02-1024x1024.webp 1024w, https:\/\/honwaygroup.com\/wp-content\/uploads\/2025\/03\/IMG_4109-02-300x300.webp 300w, https:\/\/honwaygroup.com\/wp-content\/uploads\/2025\/03\/IMG_4109-02-150x150.webp 150w, https:\/\/honwaygroup.com\/wp-content\/uploads\/2025\/03\/IMG_4109-02-768x768.webp 768w, https:\/\/honwaygroup.com\/wp-content\/uploads\/2025\/03\/IMG_4109-02-1536x1536.webp 1536w, https:\/\/honwaygroup.com\/wp-content\/uploads\/2025\/03\/IMG_4109-02-2048x2048.webp 2048w, https:\/\/honwaygroup.com\/wp-content\/uploads\/2025\/03\/IMG_4109-02-100x100.webp 100w\" sizes=\"(max-width: 1024px) 100vw, 1024px\" \/>\t\t\t\t\t\t\t\t\t\t\t\t\t\t\t<\/div>\n\t\t\t\t<\/div>\n\t\t\t\t\t<\/div>\n\t\t<\/div>\n\t\t\t\t<div class=\"elementor-column elementor-col-33 elementor-top-column elementor-element elementor-element-64737a9\" data-id=\"64737a9\" data-element_type=\"column\" data-e-type=\"column\">\n\t\t\t<div class=\"elementor-widget-wrap elementor-element-populated\">\n\t\t\t\t\t\t<div class=\"elementor-element elementor-element-7950d93 elementor-widget elementor-widget-text-editor\" data-id=\"7950d93\" data-element_type=\"widget\" data-e-type=\"widget\" data-widget_type=\"text-editor.default\">\n\t\t\t\t<div class=\"elementor-widget-container\">\n\t\t\t\t\t\t\t\t\t<p> <\/p><p> <\/p><ul data-sourcepos=\"30:1-33:0\"><li data-sourcepos=\"30:1-30:12\"><span style=\"font-style: inherit; font-weight: inherit;\">Ch\u1ee9ng Nh\u1eadn IGI<\/span><\/li><li data-sourcepos=\"31:1-31:21\">C\u00f3 s\u1eb5n v\u1edbi nhi\u1ec1u lo\u1ea1i tr\u1ecdng l\u01b0\u1ee3ng (carat), m\u00e0u s\u1eafc, \u0111\u1ed9 tinh khi\u1ebft, v\u00e0 ki\u1ec3u c\u1eaft.<\/li><li style=\"text-align: left;\" data-sourcepos=\"32:1-33:0\">Tay ngh\u1ec1 th\u1ee7 c\u00f4ng tinh x\u1ea3o, t\u00f4n vinh tr\u1ecdn v\u1eb9n v\u1ebb \u0111\u1eb9p c\u1ee7a kim c\u01b0\u01a1ng<\/li><\/ul>\t\t\t\t\t\t\t\t<\/div>\n\t\t\t\t<\/div>\n\t\t\t\t\t<\/div>\n\t\t<\/div>\n\t\t\t\t\t<\/div>\n\t\t<\/section>\n\t\t\t\t<section class=\"elementor-section elementor-top-section elementor-element elementor-element-18d16e7 elementor-section-boxed elementor-section-height-default elementor-section-height-default\" data-id=\"18d16e7\" data-element_type=\"section\" data-e-type=\"section\">\n\t\t\t\t\t\t<div class=\"elementor-container elementor-column-gap-default\">\n\t\t\t\t\t<div class=\"elementor-column elementor-col-100 elementor-top-column elementor-element elementor-element-796156e3\" data-id=\"796156e3\" data-element_type=\"column\" data-e-type=\"column\">\n\t\t\t<div class=\"elementor-widget-wrap elementor-element-populated\">\n\t\t\t\t\t\t<div class=\"elementor-element elementor-element-78ab24e3 elementor-widget elementor-widget-text-editor\" data-id=\"78ab24e3\" data-element_type=\"widget\" data-e-type=\"widget\" data-widget_type=\"text-editor.default\">\n\t\t\t\t<div class=\"elementor-widget-container\">\n\t\t\t\t\t\t\t\t\t<h1>Kim c\u01b0\u01a1ng nh\u00e2n t\u1ea1o | Ch\u1ee9ng nh\u1eadn IGI | V\u0129nh c\u1eedu r\u1ef1c r\u1ee1, l\u1ef1a ch\u1ecdn \u0111\u1ea1o \u0111\u1ee9c<\/h1>\n<h2 data-sourcepos=\"9:1-9:14\"><strong>T\u1ecfa s\u00e1ng h\u01a1n, b\u1eaft \u0111\u1ea7u v\u1edbi m\u1ed9t l\u1ef1a ch\u1ecdn \u0111\u1ea1o \u0111\u1ee9c<\/strong><\/h2>\n<p data-sourcepos=\"11:1-11:53\">B\u1ea1n mong mu\u1ed1n nh\u1eefng vi\u00ean kim c\u01b0\u01a1ng l\u1ea5p l\u00e1nh trong khi v\u1eabn gi\u1eef v\u1eefng c\u00e1c gi\u00e1 tr\u1ecb v\u1ec1 m\u00f4i tr\u01b0\u1eddng v\u00e0 nh\u00e2n \u0111\u1ea1o? Kim c\u01b0\u01a1ng nh\u00e2n t\u1ea1o c\u1ee7a ch\u00fang t\u00f4i ch\u00ednh l\u00e0 l\u1ef1a ch\u1ecdn l\u00fd t\u01b0\u1edfng cho b\u1ea1n. <\/p>\n\n<h2 data-sourcepos=\"13:1-13:14\"><strong>S\u1ef1 h\u00f2a quy\u1ec7n ho\u00e0n h\u1ea3o gi\u1eefa c\u00f4ng ngh\u1ec7 v\u00e0 \u0111\u1ea1o \u0111\u1ee9c<\/strong><\/h2>\n<p data-sourcepos=\"15:1-15:78\">M\u1ed7i vi\u00ean kim c\u01b0\u01a1ng nh\u00e2n t\u1ea1o l\u00e0 minh ch\u1ee9ng cho s\u1ef1 k\u1ebft h\u1ee3p ho\u00e0n h\u1ea3o gi\u1eefa c\u00f4ng ngh\u1ec7 v\u00e0 \u0111\u1ea1o \u0111\u1ee9c. Ch\u00fang t\u00f4i s\u1eed d\u1ee5ng c\u00e1c k\u1ef9 thu\u1eadt ti\u00ean ti\u1ebfn \u0111\u1ec3 m\u00f4 ph\u1ecfng ch\u00ednh x\u00e1c quy tr\u00ecnh h\u00ecnh th\u00e0nh kim c\u01b0\u01a1ng t\u1ef1 nhi\u00ean trong ph\u00f2ng th\u00ed nghi\u1ec7m, t\u1ea1o ra nh\u1eefng vi\u00ean kim c\u01b0\u01a1ng c\u00f3 t\u00ednh ch\u1ea5t h\u00f3a h\u1ecdc, v\u1eadt l\u00fd v\u00e0 quang h\u1ecdc gi\u1ed1ng h\u1ec7t kim c\u01b0\u01a1ng t\u1ef1 nhi\u00ean. <\/p>\n\n<h3 data-sourcepos=\"17:1-17:13\"><strong>Ch\u1ea5t l\u01b0\u1ee3ng \u0111\u1ea3m b\u1ea3o, gi\u00e1 tr\u1ecb v\u01b0\u1ee3t tr\u1ed9i<\/strong><\/h3>\n<p data-sourcepos=\"19:1-19:66\">Kim c\u01b0\u01a1ng nh\u00e2n t\u1ea1o c\u1ee7a ch\u00fang t\u00f4i \u0111\u01b0\u1ee3c \u0111\u00e1nh gi\u00e1 v\u00e0 ch\u1ee9ng nh\u1eadn nghi\u00eam ng\u1eb7t b\u1edfi Vi\u1ec7n Ng\u1ecdc h\u1ecdc Qu\u1ed1c t\u1ebf (IGI), \u0111\u1ea3m b\u1ea3o v\u1ec1 ch\u1ea5t l\u01b0\u1ee3ng v\u00e0 gi\u00e1 tr\u1ecb. B\u1ea1n c\u00f3 th\u1ec3 y\u00ean t\u00e2m mua s\u1eafm v\u00e0 t\u1eadn h\u01b0\u1edfng \u0111\u1ed9 l\u1ea5p l\u00e1nh tuy\u1ec7t \u0111\u1eb9p nh\u01b0 kim c\u01b0\u01a1ng t\u1ef1 nhi\u00ean. <\/p>\n\n<h3 data-sourcepos=\"21:1-21:17\"><strong>L\u00fd do \u0111\u1ec3 ch\u1ecdn kim c\u01b0\u01a1ng nh\u00e2n t\u1ea1o:<\/strong><\/h3>\n<ul data-sourcepos=\"23:1-27:0\">\n \t<li data-sourcepos=\"23:1-23:48\"><strong>L\u1ef1a ch\u1ecdn \u0111\u1ea1o \u0111\u1ee9c: <\/strong>Tr\u00e1nh c\u00e1c t\u00e1c h\u1ea1i ti\u1ec1m t\u00e0ng \u0111\u1ebfn m\u00f4i tr\u01b0\u1eddng v\u00e0 c\u00e1c v\u1ea5n \u0111\u1ec1 \u0111\u1ea1o \u0111\u1ee9c li\u00ean quan \u0111\u1ebfn vi\u1ec7c khai th\u00e1c kim c\u01b0\u01a1ng t\u1ef1 nhi\u00ean, gi\u00fap v\u1ebb \u0111\u1eb9p c\u1ee7a b\u1ea1n th\u00eam ph\u1ea7n \u00fd ngh\u0129a.<\/li>\n \t<li data-sourcepos=\"24:1-24:48\"><strong>B\u1ec1n v\u1eefng m\u00f4i tr\u01b0\u1eddng:<\/strong> Quy tr\u00ecnh s\u1ea3n xu\u1ea5t kim c\u01b0\u01a1ng nh\u00e2n t\u1ea1o c\u00f3 d\u1ea5u ch\u00e2n m\u00f4i tr\u01b0\u1eddng nh\u1ecf h\u01a1n, ph\u00f9 h\u1ee3p v\u1edbi m\u1ee5c ti\u00eau b\u1ec1n v\u1eefng hi\u1ec7n \u0111\u1ea1i.<\/li>\n \t<li data-sourcepos=\"25:1-25:52\"><strong>Ch\u1ea5t l\u01b0\u1ee3ng \u0111\u1ea3m b\u1ea3o:<\/strong> C\u00e1c t\u00ednh ch\u1ea5t h\u00f3a h\u1ecdc, v\u1eadt l\u00fd v\u00e0 quang h\u1ecdc gi\u1ed1ng h\u1ec7t kim c\u01b0\u01a1ng t\u1ef1 nhi\u00ean, k\u00e8m theo ch\u1ee9ng nh\u1eadn c\u1ee7a IGI, \u0111\u1ea3m b\u1ea3o ch\u1ea5t l\u01b0\u1ee3ng tuy\u1ec7t \u0111\u1ed1i.<\/li>\n \t<li data-sourcepos=\"26:1-27:0\"><strong>L\u1ee3i th\u1ebf v\u1ec1 gi\u00e1 tr\u1ecb:<\/strong> So v\u1edbi kim c\u01b0\u01a1ng t\u1ef1 nhi\u00ean, kim c\u01b0\u01a1ng nh\u00e2n t\u1ea1o c\u00f3 gi\u00e1 c\u1ea3 c\u1ea1nh tranh h\u01a1n, gi\u00fap b\u1ea1n d\u1ec5 d\u00e0ng s\u1edf h\u1eefu vi\u00ean kim c\u01b0\u01a1ng trong m\u01a1.<\/li>\n<\/ul>\n<p data-sourcepos=\"28:1-28:9\"><strong>T\u00ednh n\u0103ng s\u1ea3n ph\u1ea9m<\/strong><\/p>\n\n<ul data-sourcepos=\"30:1-33:0\">\n \t<li data-sourcepos=\"30:1-30:12\">Ch\u1ee9ng Nh\u1eadn IGI<\/li>\n \t<li data-sourcepos=\"31:1-31:21\">C\u00f3 s\u1eb5n v\u1edbi nhi\u1ec1u lo\u1ea1i tr\u1ecdng l\u01b0\u1ee3ng (carat), m\u00e0u s\u1eafc, \u0111\u1ed9 tinh khi\u1ebft, v\u00e0 ki\u1ec3u c\u1eaft.<\/li>\n \t<li data-sourcepos=\"32:1-33:0\">Tay ngh\u1ec1 th\u1ee7 c\u00f4ng tinh x\u1ea3o, t\u00f4n vinh tr\u1ecdn v\u1eb9n v\u1ebb \u0111\u1eb9p c\u1ee7a kim c\u01b0\u01a1ng<\/li>\n<\/ul>\n<h3 data-sourcepos=\"36:1-36:28\">Tr\u00f2 chuy\u1ec7n v\u1edbi ch\u00fang t\u00f4i ngay b\u00e2y gi\u1edd v\u1ec1 kim c\u01b0\u01a1ng nh\u00e2n t\u1ea1o v\u00e0 kh\u00e1m ph\u00e1 \u00e1nh s\u00e1ng v\u0129nh c\u1eedu c\u1ee7a b\u1ea1n.<\/h3>\n&nbsp;\t\t\t\t\t\t\t\t<\/div>\n\t\t\t\t<\/div>\n\t\t\t\t\t<\/div>\n\t\t<\/div>\n\t\t\t\t\t<\/div>\n\t\t<\/section>\n\t\t\t\t<section class=\"elementor-section elementor-top-section elementor-element elementor-element-636e393 elementor-section-boxed elementor-section-height-default elementor-section-height-default\" data-id=\"636e393\" data-element_type=\"section\" data-e-type=\"section\">\n\t\t\t\t\t\t<div class=\"elementor-container elementor-column-gap-default\">\n\t\t\t\t\t<div class=\"elementor-column elementor-col-100 elementor-top-column elementor-element elementor-element-2550d87\" data-id=\"2550d87\" data-element_type=\"column\" data-e-type=\"column\">\n\t\t\t<div class=\"elementor-widget-wrap elementor-element-populated\">\n\t\t\t\t\t\t<div class=\"elementor-element elementor-element-b2d8f7f elementor-button-align-stretch elementor-widget elementor-widget-form\" data-id=\"b2d8f7f\" data-element_type=\"widget\" data-e-type=\"widget\" data-settings=\"{&quot;step_next_label&quot;:&quot;Ti\\u1ebfp theo&quot;,&quot;step_previous_label&quot;:&quot;Quay l\\u1ea1i&quot;,&quot;button_width&quot;:&quot;100&quot;,&quot;step_type&quot;:&quot;number_text&quot;,&quot;step_icon_shape&quot;:&quot;circle&quot;}\" data-widget_type=\"form.default\">\n\t\t\t\t<div class=\"elementor-widget-container\">\n\t\t\t\t\t\t\t<form class=\"elementor-form\" method=\"post\" name=\"Bi\u1ec3u m\u1eabu m\u1edbi\" aria-label=\"Bi\u1ec3u m\u1eabu m\u1edbi\">\n\t\t\t<input type=\"hidden\" name=\"post_id\" value=\"81709\"\/>\n\t\t\t<input type=\"hidden\" name=\"form_id\" value=\"b2d8f7f\"\/>\n\t\t\t<input type=\"hidden\" name=\"referer_title\" value=\"Kim C\u01b0\u01a1ng Nh\u00e2n T\u1ea1o - Kim C\u01b0\u01a1ng R\u1eddi (M\u1ed7i Vi\u00ean C\u00f3 Ch\u1ee9ng Nh\u1eadn IGI) - HonWay Materials - Th\u01b0\u01a1ng hi\u1ec7u h\u00e0ng \u0111\u1ea7u t\u1ea1i \u0110\u00e0i Loan v\u1ec1 c\u00f4ng c\u1ee5 m\u00e0i v\u00e0 \u0111\u00e1nh b\u00f3ng kim c\u01b0\u01a1ng\" \/>\n\n\t\t\t\t\t\t\t<input type=\"hidden\" name=\"queried_id\" value=\"81709\"\/>\n\t\t\t\n\t\t\t<div class=\"elementor-form-fields-wrapper elementor-labels-above\">\n\t\t\t\t\t\t\t\t<div class=\"elementor-field-type-text elementor-field-group elementor-column elementor-field-group-name elementor-col-100 elementor-field-required\">\n\t\t\t\t\t\t\t\t\t\t\t\t<label for=\"form-field-name\" class=\"elementor-field-label\">\n\t\t\t\t\t\t\t\tM\u1ee5c \u0111\u00edch c\u1ee7a b\u1ea1n\t\t\t\t\t\t\t<\/label>\n\t\t\t\t\t\t\t\t\t\t\t\t\t\t<input size=\"1\" type=\"text\" name=\"form_fields[name]\" id=\"form-field-name\" class=\"elementor-field elementor-size-sm  elementor-field-textual\" placeholder=\"M\u1ee5c \u0111\u00edch c\u1ee7a b\u1ea1n*\" required=\"required\">\n\t\t\t\t\t\t\t\t\t\t\t<\/div>\n\t\t\t\t\t\t\t\t<div class=\"elementor-field-type-text elementor-field-group elementor-column elementor-field-group-field_7127a5d elementor-col-100 elementor-field-required\">\n\t\t\t\t\t\t\t\t\t\t\t\t<label for=\"form-field-field_7127a5d\" class=\"elementor-field-label\">\n\t\t\t\t\t\t\t\tT\u00ean\t\t\t\t\t\t\t<\/label>\n\t\t\t\t\t\t\t\t\t\t\t\t\t\t<input size=\"1\" type=\"text\" name=\"form_fields[field_7127a5d]\" id=\"form-field-field_7127a5d\" class=\"elementor-field elementor-size-sm  elementor-field-textual\" placeholder=\"T\u00ean c\u1ee7a b\u1ea1n*\" required=\"required\">\n\t\t\t\t\t\t\t\t\t\t\t<\/div>\n\t\t\t\t\t\t\t\t<div class=\"elementor-field-type-text elementor-field-group elementor-column elementor-field-group-field_365bc5c elementor-col-100\">\n\t\t\t\t\t\t\t\t\t\t\t\t<label for=\"form-field-field_365bc5c\" class=\"elementor-field-label\">\n\t\t\t\t\t\t\t\tC\u00f4ng ty c\u1ee7a b\u1ea1n\t\t\t\t\t\t\t<\/label>\n\t\t\t\t\t\t\t\t\t\t\t\t\t\t<input size=\"1\" type=\"text\" name=\"form_fields[field_365bc5c]\" id=\"form-field-field_365bc5c\" class=\"elementor-field elementor-size-sm  elementor-field-textual\" placeholder=\"C\u00f4ng ty c\u1ee7a b\u1ea1n\">\n\t\t\t\t\t\t\t\t\t\t\t<\/div>\n\t\t\t\t\t\t\t\t<div class=\"elementor-field-type-email elementor-field-group elementor-column elementor-field-group-field_4a6b66e elementor-col-100 elementor-field-required\">\n\t\t\t\t\t\t\t\t\t\t\t\t<label for=\"form-field-field_4a6b66e\" class=\"elementor-field-label\">\n\t\t\t\t\t\t\t\tEmail c\u1ee7a b\u1ea1n\t\t\t\t\t\t\t<\/label>\n\t\t\t\t\t\t\t\t\t\t\t\t\t\t<input size=\"1\" type=\"email\" name=\"form_fields[field_4a6b66e]\" id=\"form-field-field_4a6b66e\" class=\"elementor-field elementor-size-sm  elementor-field-textual\" placeholder=\"Email c\u1ee7a b\u1ea1n*\" required=\"required\">\n\t\t\t\t\t\t\t\t\t\t\t<\/div>\n\t\t\t\t\t\t\t\t<div class=\"elementor-field-type-textarea elementor-field-group elementor-column elementor-field-group-message elementor-col-100 elementor-field-required\">\n\t\t\t\t\t\t\t\t\t\t\t\t<label for=\"form-field-message\" class=\"elementor-field-label\">\n\t\t\t\t\t\t\t\tTin nh\u1eafn c\u1ee7a b\u1ea1n\t\t\t\t\t\t\t<\/label>\n\t\t\t\t\t\t<textarea class=\"elementor-field-textual elementor-field  elementor-size-sm\" name=\"form_fields[message]\" id=\"form-field-message\" rows=\"4\" placeholder=\"Tin nh\u1eafn c\u1ee7a b\u1ea1n*\" required=\"required\"><\/textarea>\t\t\t\t<\/div>\n\t\t\t\t\t\t\t\t<div class=\"elementor-field-group elementor-column elementor-field-type-submit elementor-col-100 e-form__buttons\">\n\t\t\t\t\t<button class=\"elementor-button elementor-size-sm\" type=\"submit\">\n\t\t\t\t\t\t<span class=\"elementor-button-content-wrapper\">\n\t\t\t\t\t\t\t\t\t\t\t\t\t\t\t\t\t\t\t\t\t\t<span class=\"elementor-button-text\">G\u1eedi<\/span>\n\t\t\t\t\t\t\t\t\t\t\t\t\t<\/span>\n\t\t\t\t\t<\/button>\n\t\t\t\t<\/div>\n\t\t\t<\/div>\n\t\t<\/form>\n\t\t\t\t\t\t<\/div>\n\t\t\t\t<\/div>\n\t\t\t\t\t<\/div>\n\t\t<\/div>\n\t\t\t\t\t<\/div>\n\t\t<\/section>\n\t\t\t\t<\/div>\n\t\t","protected":false},"excerpt":{"rendered":"<ul data-sourcepos=\"30:1-33:0\">\n<li data-sourcepos=\"30:1-30:12\">\n<h4>Ch\u1ee9ng Nh\u1eadn IGI<\/h4>\n<\/li>\n<li data-sourcepos=\"31:1-31:21\">\n<h4>C\u00f3 s\u1eb5n v\u1edbi nhi\u1ec1u lo\u1ea1i tr\u1ecdng l\u01b0\u1ee3ng (carat), m\u00e0u s\u1eafc, \u0111\u1ed9 tinh khi\u1ebft, v\u00e0 ki\u1ec3u c\u1eaft.<\/h4>\n<\/li>\n<li data-sourcepos=\"31:1-31:21\">\n<h4>Vui l\u00f2ng \u0111i\u1ec1n v\u00e0o bi\u1ec3u m\u1eabu \u0111\u1ec3 y\u00eau c\u1ea7u th\u00f4ng tin<\/h4>\n<\/li>\n<\/ul>\n","protected":false},"featured_media":81710,"template":"","meta":{"site-sidebar-layout":"default","site-content-layout":"","ast-site-content-layout":"default","site-content-style":"default","site-sidebar-style":"default","ast-global-header-display":"","ast-banner-title-visibility":"","ast-main-header-display":"","ast-hfb-above-header-display":"","ast-hfb-below-header-display":"","ast-hfb-mobile-header-display":"","site-post-title":"","ast-breadcrumbs-content":"","ast-featured-img":"","footer-sml-layout":"","ast-disable-related-posts":"","theme-transparent-header-meta":"default","adv-header-id-meta":"","stick-header-meta":"default","header-above-stick-meta":"","header-main-stick-meta":"","header-below-stick-meta":"","astra-migrate-meta-layouts":"default","ast-page-background-enabled":"default","ast-page-background-meta":{"desktop":{"background-color":"var(--ast-global-color-5)","background-image":"","background-repeat":"repeat","background-position":"center center","background-size":"auto","background-attachment":"scroll","background-type":"","background-media":"","overlay-type":"","overlay-color":"","overlay-opacity":"","overlay-gradient":""},"tablet":{"background-color":"","background-image":"","background-repeat":"repeat","background-position":"center center","background-size":"auto","background-attachment":"scroll","background-type":"","background-media":"","overlay-type":"","overlay-color":"","overlay-opacity":"","overlay-gradient":""},"mobile":{"background-color":"","background-image":"","background-repeat":"repeat","background-position":"center center","background-size":"auto","background-attachment":"scroll","background-type":"","background-media":"","overlay-type":"","overlay-color":"","overlay-opacity":"","overlay-gradient":""}},"ast-content-background-meta":{"desktop":{"background-color":"var(--ast-global-color-4)","background-image":"","background-repeat":"repeat","background-position":"center center","background-size":"auto","background-attachment":"scroll","background-type":"","background-media":"","overlay-type":"","overlay-color":"","overlay-opacity":"","overlay-gradient":""},"tablet":{"background-color":"var(--ast-global-color-4)","background-image":"","background-repeat":"repeat","background-position":"center center","background-size":"auto","background-attachment":"scroll","background-type":"","background-media":"","overlay-type":"","overlay-color":"","overlay-opacity":"","overlay-gradient":""},"mobile":{"background-color":"var(--ast-global-color-4)","background-image":"","background-repeat":"repeat","background-position":"center center","background-size":"auto","background-attachment":"scroll","background-type":"","background-media":"","overlay-type":"","overlay-color":"","overlay-opacity":"","overlay-gradient":""}}},"product_brand":[],"product_cat":[4342],"product_tag":[6184,6186,6185,6182,6183],"class_list":{"0":"post-81709","1":"product","2":"type-product","3":"status-publish","4":"has-post-thumbnail","6":"product_cat-tuong-lai-kim-cuong","7":"product_tag-chung-nhan-igi","8":"product_tag-da-quy-than-thien-voi-moi-truong","9":"product_tag-kim-cuong-dao-duc","10":"product_tag-kim-cuong-nhan-tao","11":"product_tag-kim-cuong-tuong-lai","12":"desktop-align-left","13":"tablet-align-left","14":"mobile-align-left","15":"ast-product-gallery-layout-horizontal-slider","16":"ast-product-tabs-layout-horizontal","18":"first","19":"instock","20":"taxable","21":"shipping-taxable","22":"product-type-simple"},"_links":{"self":[{"href":"https:\/\/honwaygroup.com\/vi\/wp-json\/wp\/v2\/product\/81709","targetHints":{"allow":["GET"]}}],"collection":[{"href":"https:\/\/honwaygroup.com\/vi\/wp-json\/wp\/v2\/product"}],"about":[{"href":"https:\/\/honwaygroup.com\/vi\/wp-json\/wp\/v2\/types\/product"}],"version-history":[{"count":0,"href":"https:\/\/honwaygroup.com\/vi\/wp-json\/wp\/v2\/product\/81709\/revisions"}],"wp:featuredmedia":[{"embeddable":true,"href":"https:\/\/honwaygroup.com\/vi\/wp-json\/wp\/v2\/media\/81710"}],"wp:attachment":[{"href":"https:\/\/honwaygroup.com\/vi\/wp-json\/wp\/v2\/media?parent=81709"}],"wp:term":[{"taxonomy":"product_brand","embeddable":true,"href":"https:\/\/honwaygroup.com\/vi\/wp-json\/wp\/v2\/product_brand?post=81709"},{"taxonomy":"product_cat","embeddable":true,"href":"https:\/\/honwaygroup.com\/vi\/wp-json\/wp\/v2\/product_cat?post=81709"},{"taxonomy":"product_tag","embeddable":true,"href":"https:\/\/honwaygroup.com\/vi\/wp-json\/wp\/v2\/product_tag?post=81709"}],"curies":[{"name":"wp","href":"https:\/\/api.w.org\/{rel}","templated":true}]}}