{"id":80828,"date":"2024-09-26T17:27:56","date_gmt":"2024-09-26T09:27:56","guid":{"rendered":"https:\/\/honwaygroup.com\/product\/hw601-cerium-oxide-mieng-danh-bong-vai-danh-bong-kim-tuong-kich-thuoc-co-the-tuy-chinh\/"},"modified":"2024-09-26T17:27:56","modified_gmt":"2024-09-26T09:27:56","slug":"hw601-cerium-oxide-mieng-danh-bong-vai-danh-bong-kim-tuong-kich-thuoc-co-the-tuy-chinh","status":"publish","type":"product","link":"https:\/\/honwaygroup.com\/vi\/product\/hw601-cerium-oxide-mieng-danh-bong-vai-danh-bong-kim-tuong-kich-thuoc-co-the-tuy-chinh\/","title":{"rendered":"HW601 &#8211; Cerium oxide &#8211; Mi\u1ebfng \u0111\u00e1nh b\u00f3ng\/ V\u1ea3i \u0111\u00e1nh b\u00f3ng kim t\u01b0\u01a1ng &#8211; K\u00edch th\u01b0\u1edbc c\u00f3 th\u1ec3 t\u00f9y ch\u1ec9nh."},"content":{"rendered":"<h1>HW601 &#8211; Cerium oxide &#8211; Mi\u1ebfng \u0111\u00e1nh b\u00f3ng\/ V\u1ea3i \u0111\u00e1nh b\u00f3ng kim t\u01b0\u01a1ng<br \/>\u0110\u1eb7c \u0111i\u1ec3m s\u1ea3n ph\u1ea9m<\/h1>\n<p>\u0110\u00e1nh b\u00f3ng nh\u1eb1m lo\u1ea1i b\u1ecf c\u00e1c v\u1ebft x\u01b0\u1edbc nh\u1ecf v\u00e0 v\u1ebft m\u00e0i tr\u00ean m\u1eabu, t\u1ea1o b\u1ec1 m\u1eb7t s\u00e1ng b\u00f3ng, kh\u00f4ng c\u00f3 v\u1ebft, gi\u00fap quan s\u00e1t ch\u00ednh x\u00e1c h\u01a1n.<br \/>\nC\u00f3 th\u1ec3 s\u1eed d\u1ee5ng k\u00e8m v\u1edbi c\u00e1c s\u1ea3n ph\u1ea9m nh\u01b0 dung d\u1ecbch \u0111\u00e1nh b\u00f3ng kim c\u01b0\u01a1ng \u0111\u01a1n tinh th\u1ec3 ho\u1eb7c \u0111a tinh th\u1ec3, keo \u0111\u00e1nh b\u00f3ng kim c\u01b0\u01a1ng, dung d\u1ecbch \u0111\u00e1nh b\u00f3ng oxide cerium, dung d\u1ecbch \u0111\u00e1nh b\u00f3ng oxide nh\u00f4m.<\/p>\n<p>K\u1ebft h\u1ee3p v\u1edbi v\u1eadt li\u1ec7u m\u00e0i c\u00f3 k\u00edch th\u01b0\u1edbc h\u1ea1t \u22652um, ph\u00f9 h\u1ee3p cho qu\u00e1 tr\u00ecnh \u0111\u00e1nh b\u00f3ng ch\u00ednh x\u00e1c<\/p>\n<ul>\n<li>\u0110\u1ed9 ph\u1eb3ng cao.<br \/>Ch\u1ecbu m\u00e0i m\u00f2n t\u1ed1t.<br \/>\u0110\u1ed9 b\u00f3ng b\u1ec1 m\u1eb7t cao<\/li>\n<li>\u0110\u1ed9 c\u1ee9ng Shaw: 75-85.<\/li>\n<li>S\u1ea3n ph\u1ea9m cung c\u1ea5p c\u00e1c lo\u1ea1i: v\u1ea3i \u0111\u00e1nh b\u00f3ng kh\u00f4ng keo, v\u1ea3i \u0111\u00e1nh b\u00f3ng c\u00f3 keo, v\u1ea3i \u0111\u00e1nh b\u00f3ng c\u00f3 l\u01b0ng cao su t\u1eeb t\u00ednh, v\u00e0 v\u1ea3i \u0111\u00e1nh b\u00f3ng c\u00f3 l\u01b0ng cao su s\u1eaft.<\/li>\n<li>V\u1ea3i \u0111\u00e1nh b\u00f3ng c\u00f3 l\u01b0ng cao su s\u1eaft \u0111\u01b0\u1ee3c l\u00e0m t\u1eeb v\u1eadt li\u1ec7u s\u1eaft m\u1ec1m. N\u1ebfu c\u1ea7n \u0111\u1eb7t h\u00e0ng, vui l\u00f2ng li\u00ean h\u1ec7 b\u1ed9 ph\u1eadn ch\u0103m s\u00f3c kh\u00e1ch h\u00e0ng \u0111\u1ec3 \u0111\u01b0\u1ee3c b\u00e1o gi\u00e1.<\/li>\n<li>S\u1ea3n ph\u1ea9m kh\u1eafc r\u00e3nh cung c\u1ea5p hai lo\u1ea1i: kh\u1eafc r\u00e3nh v\u00e0 kh\u00f4ng kh\u1eafc r\u00e3nh<\/li>\n<li>\u0110\u1ed9 d\u00e0y s\u1ea3n ph\u1ea9m c\u00f3 ba t\u00f9y ch\u1ecdn: 2.0mm, 2.5mm, v\u00e0 3.0mm.<\/li>\n<\/ul>\n<h1>Th\u00f4ng s\u1ed1 k\u1ef9 thu\u1eadt c\u1ee7a kh\u1eafc r\u00e3nh<\/h1>\n<table style=\"height: 255px;\" width=\"554\">\n<tbody>\n<tr>\n<td width=\"138\">\u0110\u1ed9 d\u00e0y<\/td>\n<td width=\"138\">\n<p style=\"text-align: center;\">\u20220.5-5.0mm<\/p>\n<p style=\"text-align: center;\">\u0110\u1ed9 d\u00e0y th\u00f4ng th\u01b0\u1eddng: 2.0mm<\/p>\n<\/td>\n<\/tr>\n<tr>\n<td width=\"138\">\u0110\u1ed9 r\u1ed9ng r\u00e3nh<\/td>\n<td width=\"138\">\n<p style=\"text-align: center;\">2.0\u00b10.2mm<\/p>\n<\/td>\n<\/tr>\n<tr>\n<td style=\"text-align: left;\" width=\"138\">\u0110\u1ed9 s\u00e2u r\u00e3nh:<\/td>\n<td width=\"138\">\n<p style=\"text-align: center;\">0.7\u00b10.2mm<\/p>\n<\/td>\n<\/tr>\n<tr>\n<td width=\"138\">K\u00edch th\u01b0\u1edbc \u00f4 vu\u00f4ng:<\/td>\n<td width=\"138\">\n<p style=\"text-align: center;\">18\u00b10.2mm<\/p>\n<\/td>\n<\/tr>\n<\/tbody>\n<\/table>\n<h1>Ph\u1ea1m vi \u00e1p d\u1ee5ng<\/h1>\n<ul>\n<li>Ph\u00f9 h\u1ee3p cho \u0111\u00e1nh b\u00f3ng b\u1ec1 m\u1eb7t ch\u00ednh x\u00e1c c\u1ee7a c\u00e1c lo\u1ea1i v\u1eadt li\u1ec7u k\u00ednh nh\u01b0: \u0111\u1ed3 th\u1ee7 c\u00f4ng pha l\u00ea, th\u1ea5u k\u00ednh quang h\u1ecdc, k\u00ednh \u0111\u1ed3ng h\u1ed3, b\u00e1n d\u1eabn, d\u1ee5ng c\u1ee5 quang h\u1ecdc ch\u00ednh x\u00e1c, b\u1ea3ng n\u1ec1n LED, t\u1ea5m silicon, \u0111\u00e1 qu\u00fd, linh ki\u1ec7n k\u00ednh pha l\u00ea, th\u1ea5u k\u00ednh quang h\u1ecdc ch\u00ednh x\u00e1c, k\u00ednh m\u1eaft, v\u1ecf \u0111\u1ed3ng h\u1ed3 v\u00e0 c\u00e1c lo\u1ea1i k\u00ednh kh\u00e1c.<\/li>\n<\/ul>\n<h1>Th\u00f4ng s\u1ed1 k\u1ef9 thu\u1eadt s\u1ea3n ph\u1ea9m<\/h1>\n<p>\u0110\u01b0\u1eddng k\u00ednh ngo\u00e0i:<\/p>\n<p><strong>\u0424200mm(\u04248in)<\/strong><strong>.\u0424230mm(\u04249in).\u0424250mm(\u04249.5in).\u0424300mm(\u042412in)<\/strong>V\u00e2n v\u00e2n, c\u00e1c k\u00edch th\u01b0\u1edbc v\u00e0 quy c\u00e1ch kh\u00e1c c\u0169ng c\u00f3 th\u1ec3 \u0111\u01b0\u1ee3c t\u00f9y ch\u1ec9nh<\/p>\n<p>\u203b Li\u00ean h\u1ec7 v\u1edbi b\u1ed9 ph\u1eadn ch\u0103m s\u00f3c kh\u00e1ch h\u00e0ng \u0111\u1ec3 \u0111\u1eb7t h\u00e0ng, k\u00edch th\u01b0\u1edbc t\u1ed1i \u0111a c\u00f3 th\u1ec3 \u0111\u1ea1t <strong>\u00d8990mm<\/strong>.<\/p>\n<p><span style=\"font-size: 1.7em; font-weight: bold;\">1. L\u1ee3i th\u1ebf s\u1ea3n ph\u1ea9m<\/span><\/p>\n<table>\n<tbody>\n<tr>\n<td width=\"184\">S\u1ea3n ph\u1ea9m th\u01b0\u01a1ng hi\u1ec7u kh\u00e1c<\/td>\n<td width=\"184\">S\u1ea3n ph\u1ea9m ch\u1ecdn l\u1ecdc t\u1eeb HonWay (Th\u1eafng)\n<\/td>\n<td width=\"184\">\u01afu \u0111i\u1ec3m c\u1ee7a s\u1ea3n ph\u1ea9m HonWay<\/td>\n<\/tr>\n<tr>\n<td width=\"184\">\n<p style=\"text-align: center;\">V\u1ea3i \u0111\u00e1nh b\u00f3ng<\/p>\n<p style=\"text-align: center;\">L\u1edbp keo hai m\u1eb7t<\/p>\n<p style=\"text-align: center;\">L\u1edbp gi\u1ea5y t\u00e1ch<\/p>\n<p>&nbsp;<\/p>\n<p style=\"text-align: center;\">Thi\u1ebft k\u1ebf ch\u1ec9 g\u1ed3m ba l\u1edbp<\/p>\n<\/td>\n<td width=\"184\">\n<p style=\"text-align: center;\">V\u1ea3i \u0111\u00e1nh b\u00f3ng<\/p>\n<p style=\"text-align: center;\">L\u1edbp keo ch\u1ee9c n\u0103ng<\/p>\n<p style=\"text-align: center;\">L\u1edbp gia c\u1ed1<\/p>\n<p style=\"text-align: center;\">L\u1edbp keo hai m\u1eb7t<\/p>\n<p style=\"text-align: center;\">L\u1edbp gi\u1ea5y t\u00e1ch<\/p>\n<\/td>\n<td width=\"184\">\n<p style=\"text-align: center;\">Kh\u00f3 b\u1ecb nh\u0103n<\/p>\n<p style=\"text-align: center;\">Ch\u1ed1ng n\u01b0\u1edbc t\u1ed1t.<\/p>\n<p style=\"text-align: center;\">Kh\u00f3 b\u1ecb bong tr\u00f3c.<\/p>\n<p style=\"text-align: center;\">\u0110\u1ed9 ph\u1eb3ng cao.<\/p>\n<p style=\"text-align: center;\">\n<\/td>\n<\/tr>\n<\/tbody>\n<\/table>\n<h2>2.C\u00e1ch l\u1ef1a ch\u1ecdn<\/h2>\n<pre>\u203b\u5982\u4f55\u9078\u64c7\u62cb\u5149\u588a\u5c3a\u5bf8\n\u7121\u80cc\u81a0\u62cb\u5149\u588a &gt; \u6a5f\u53f0\u76e4\n\u80cc\u81a0\u62cb\u5149\u588a = \u6a5f\u53f0\u76e4\n\u80cc\u78c1\u62cb\u5149\u588a = \u6a5f\u53f0\u76e4<\/pre>\n<h2>3.L\u01b0u \u00fd<\/h2>\n<ol>\n<li>\u0110\u1ec3 \u0111\u1ea1t \u0111\u01b0\u1ee3c \u0111\u1ed9 ph\u1eb3ng cao h\u01a1n, vui l\u00f2ng kh\u00f4ng d\u00e1n nh\u00e3n ho\u1eb7c c\u00e1c v\u1eadt d\u1ee5ng t\u01b0\u01a1ng t\u1ef1 l\u00ean \u0111\u00e1y \u0111\u0129a \u0111\u1ec3 tr\u00e1nh \u1ea3nh h\u01b0\u1edfng \u0111\u1ebfn \u0111\u1ed9 ph\u1eb3ng c\u1ee7a ph\u00f4i.<\/li>\n<li>B\u1ec1 m\u1eb7t ti\u1ebfp x\u00fac gi\u1eefa mi\u1ebfng \u0111\u00e1nh b\u00f3ng v\u00e0 m\u00e1y ph\u1ea3i \u0111\u01b0\u1ee3c gi\u1eef r\u1ea5t ph\u1eb3ng, s\u1ea1ch s\u1ebd v\u00e0 kh\u00f4 r\u00e1o \u0111\u1ec3 tr\u00e1nh \u1ea3nh h\u01b0\u1edfng \u0111\u1ebfn \u0111\u1ed9 ph\u1eb3ng c\u1ee7a s\u1ea3n ph\u1ea9m gia c\u00f4ng.<\/li>\n<li>Sau khi s\u1eed d\u1ee5ng, h\u00e3y th\u00e1o ra c\u1ea9n th\u1eadn, r\u1eeda b\u1eb1ng n\u01b0\u1edbc v\u00e0 ph\u01a1i kh\u00f4.<\/li>\n<li>Vui l\u00f2ng kh\u00f4ng b\u1ebb cong ho\u1eb7c l\u00e0m h\u1ecfng mi\u1ebfng \u0111\u00e1nh b\u00f3ng tinh<\/li>\n<li>Khi l\u1eafp \u0111\u1eb7t v\u00e0 th\u00e1o g\u1ee1, h\u00e3y c\u1ea9n th\u1eadn \u0111\u1ec3 tr\u00e1nh l\u1ef1c h\u00fat t\u1eeb t\u00ednh g\u00e2y k\u1eb9p tay.<\/li>\n<\/ol>\n<p>&nbsp;<\/p>\n<p>&nbsp;<\/p>\n","protected":false},"excerpt":{"rendered":"<p>K\u1ebft h\u1ee3p v\u1edbi v\u1eadt li\u1ec7u m\u00e0i c\u00f3 k\u00edch th\u01b0\u1edbc h\u1ea1t \u22652um, ph\u00f9 h\u1ee3p cho qu\u00e1 tr\u00ecnh \u0111\u00e1nh b\u00f3ng ch\u00ednh x\u00e1c.<\/p>\n<p>\u2022 \u0110\u1ed9 ph\u1eb3ng cao, kh\u1ea3 n\u0103ng ch\u1ecbu m\u00e0i m\u00f2n t\u1ed1t, v\u00e0 \u0111\u1ed9 b\u00f3ng b\u1ec1 m\u1eb7t v\u01b0\u1ee3t tr\u1ed9i.<\/p>\n<p>&#8220;Da \u0111\u00e1nh b\u00f3ng oxit cerium, th\u01b0\u1eddng g\u1ecdi l\u00e0 da x\u1ed1p n\u01b0\u1edbc, l\u00e0 m\u1ed9t v\u1eadt li\u1ec7u \u0111\u00e1nh b\u00f3ng c\u00f3 t\u00ednh \u0111\u00e0n h\u1ed3i cao v\u00e0 ch\u1ecbu m\u00e0i m\u00f2n t\u1ed1t, \u0111\u01b0\u1ee3c t\u1ea1o ra t\u1eeb ch\u1ea5t \u0111\u00e0n h\u1ed3i polyurethane v\u00e0 b\u1ed9t oxit cerium d\u1ea1ng b\u1ecdt<\/p>\n<p>\u0110\u1ed9 c\u1ee9ng Shaw: 75-85<\/p>\n<p>S\u1ea3n ph\u1ea9m bao g\u1ed3m c\u00e1c lo\u1ea1i: v\u1ea3i \u0111\u00e1nh b\u00f3ng kh\u00f4ng keo, v\u1ea3i \u0111\u00e1nh b\u00f3ng c\u00f3 keo, v\u1ea3i \u0111\u00e1nh b\u00f3ng c\u00f3 l\u01b0ng cao su t\u1eeb t\u00ednh, v\u00e0 v\u1ea3i \u0111\u00e1nh b\u00f3ng c\u00f3 l\u01b0ng cao su s\u1eaft.<\/p>\n<p>V\u1ea3i \u0111\u00e1nh b\u00f3ng c\u00f3 l\u01b0ng cao su s\u1eaft \u0111\u01b0\u1ee3c l\u00e0m t\u1eeb v\u1eadt li\u1ec7u s\u1eaft m\u1ec1m. N\u1ebfu c\u1ea7n \u0111\u1eb7t h\u00e0ng, vui l\u00f2ng li\u00ean h\u1ec7 b\u1ed9 ph\u1eadn ch\u0103m s\u00f3c kh\u00e1ch h\u00e0ng \u0111\u1ec3 \u0111\u01b0\u1ee3c b\u00e1o gi\u00e1.<\/p>\n<p>\u2022 S\u1ea3n ph\u1ea9m kh\u1eafc r\u00e3nh cung c\u1ea5p hai lo\u1ea1i: kh\u1eafc r\u00e3nh v\u00e0 kh\u00f4ng kh\u1eafc r\u00e3nh.<\/p>\n<p>\u0110\u1ed9 d\u00e0y s\u1ea3n ph\u1ea9m c\u00f3 ba t\u00f9y ch\u1ecdn: 2.0mm, 2.5mm, v\u00e0 3.0mm.<\/p>\n<h5><strong><span style=\"color: #ff0000; font-size: 19.2px;\">\u25b2<\/span><\/strong><strong><span style=\"color: #ff0000; font-size: 19.2px;\"> N\u1ebfu c\u1ea7n k\u00edch th\u01b0\u1edbc t\u00f9y ch\u1ec9nh, vui l\u00f2ng li\u00ean h\u1ec7 b\u1ed9 ph\u1eadn ch\u0103m s\u00f3c kh\u00e1ch h\u00e0ng.<\/span><\/strong><\/h5>\n<h5><strong><span style=\"color: #ff0000; font-size: 19.2px;\">\u25b2 \u0110\u1eb7t h\u00e0ng s\u1ed1 l\u01b0\u1ee3ng l\u1edbn c\u00f3 th\u1ec3 \u0111\u01b0\u1ee3c h\u01b0\u1edfng chi\u1ebft kh\u1ea5u \u01b0u \u0111\u00e3i, vui l\u00f2ng li\u00ean h\u1ec7 b\u1ed9 ph\u1eadn ch\u0103m s\u00f3c kh\u00e1ch h\u00e0ng \u0111\u1ec3 bi\u1ebft th\u00eam chi ti\u1ebft.<br \/>\n<\/span><\/strong><\/h5>\n<h5><strong><span style=\"color: #ff0000;\">\u25b2 Vui l\u00f2ng li\u00ean h\u1ec7 b\u1ed9 ph\u1eadn ch\u0103m s\u00f3c kh\u00e1ch h\u00e0ng \u0111\u1ec3 h\u1ecfi v\u1ec1 th\u1eddi gian giao h\u00e0ng th\u1ef1c t\u1ebf c\u1ee7a \u0111\u01a1n \u0111\u1eb7t h\u00e0ng:<\/span> <a href=\"https:\/\/honwaygroup.com\/vi\/lien-he-voi-honway\/\">Li\u00ean h\u1ec7 HonWay.<\/a><\/strong><\/h5>\n<h5><strong><span style=\"color: #ff0000; font-size: 19.2px;\"> <\/span><\/strong><\/h5>\n<p>&nbsp;<\/p>\n","protected":false},"featured_media":80829,"template":"","meta":{"site-sidebar-layout":"default","site-content-layout":"default","ast-site-content-layout":"default","site-content-style":"default","site-sidebar-style":"default","ast-global-header-display":"","ast-banner-title-visibility":"","ast-main-header-display":"","ast-hfb-above-header-display":"","ast-hfb-below-header-display":"","ast-hfb-mobile-header-display":"","site-post-title":"","ast-breadcrumbs-content":"","ast-featured-img":"","footer-sml-layout":"","ast-disable-related-posts":"","theme-transparent-header-meta":"default","adv-header-id-meta":"","stick-header-meta":"","header-above-stick-meta":"","header-main-stick-meta":"","header-below-stick-meta":"","astra-migrate-meta-layouts":"default","ast-page-background-enabled":"default","ast-page-background-meta":{"desktop":{"background-color":"var(--ast-global-color-5)","background-image":"","background-repeat":"repeat","background-position":"center center","background-size":"auto","background-attachment":"scroll","background-type":"","background-media":"","overlay-type":"","overlay-color":"","overlay-opacity":"","overlay-gradient":""},"tablet":{"background-color":"","background-image":"","background-repeat":"repeat","background-position":"center center","background-size":"auto","background-attachment":"scroll","background-type":"","background-media":"","overlay-type":"","overlay-color":"","overlay-opacity":"","overlay-gradient":""},"mobile":{"background-color":"","background-image":"","background-repeat":"repeat","background-position":"center center","background-size":"auto","background-attachment":"scroll","background-type":"","background-media":"","overlay-type":"","overlay-color":"","overlay-opacity":"","overlay-gradient":""}},"ast-content-background-meta":{"desktop":{"background-color":"var(--ast-global-color-4)","background-image":"","background-repeat":"repeat","background-position":"center center","background-size":"auto","background-attachment":"scroll","background-type":"","background-media":"","overlay-type":"","overlay-color":"","overlay-opacity":"","overlay-gradient":""},"tablet":{"background-color":"var(--ast-global-color-4)","background-image":"","background-repeat":"repeat","background-position":"center center","background-size":"auto","background-attachment":"scroll","background-type":"","background-media":"","overlay-type":"","overlay-color":"","overlay-opacity":"","overlay-gradient":""},"mobile":{"background-color":"var(--ast-global-color-4)","background-image":"","background-repeat":"repeat","background-position":"center center","background-size":"auto","background-attachment":"scroll","background-type":"","background-media":"","overlay-type":"","overlay-color":"","overlay-opacity":"","overlay-gradient":""}}},"product_brand":[],"product_cat":[4386,4421],"product_tag":[4858,4790,4789],"class_list":{"0":"post-80828","1":"product","2":"type-product","3":"status-publish","4":"has-post-thumbnail","6":"product_cat-dem-danh-bong-kim-loai","7":"product_cat-vat-tu-tieu-hao-kim-loai","8":"product_tag-cerium-oxide-vi","9":"product_tag-tam-danh-bong","10":"product_tag-vai-danh-bong","11":"desktop-align-left","12":"tablet-align-left","13":"mobile-align-left","14":"ast-product-gallery-layout-horizontal-slider","15":"ast-product-single-variable","16":"ast-product-tabs-layout-horizontal","18":"first","19":"instock","20":"taxable","21":"shipping-taxable","22":"purchasable","23":"product-type-variable"},"_links":{"self":[{"href":"https:\/\/honwaygroup.com\/vi\/wp-json\/wp\/v2\/product\/80828","targetHints":{"allow":["GET"]}}],"collection":[{"href":"https:\/\/honwaygroup.com\/vi\/wp-json\/wp\/v2\/product"}],"about":[{"href":"https:\/\/honwaygroup.com\/vi\/wp-json\/wp\/v2\/types\/product"}],"version-history":[{"count":0,"href":"https:\/\/honwaygroup.com\/vi\/wp-json\/wp\/v2\/product\/80828\/revisions"}],"wp:featuredmedia":[{"embeddable":true,"href":"https:\/\/honwaygroup.com\/vi\/wp-json\/wp\/v2\/media\/80829"}],"wp:attachment":[{"href":"https:\/\/honwaygroup.com\/vi\/wp-json\/wp\/v2\/media?parent=80828"}],"wp:term":[{"taxonomy":"product_brand","embeddable":true,"href":"https:\/\/honwaygroup.com\/vi\/wp-json\/wp\/v2\/product_brand?post=80828"},{"taxonomy":"product_cat","embeddable":true,"href":"https:\/\/honwaygroup.com\/vi\/wp-json\/wp\/v2\/product_cat?post=80828"},{"taxonomy":"product_tag","embeddable":true,"href":"https:\/\/honwaygroup.com\/vi\/wp-json\/wp\/v2\/product_tag?post=80828"}],"curies":[{"name":"wp","href":"https:\/\/api.w.org\/{rel}","templated":true}]}}