{"id":80766,"date":"2024-09-27T10:57:14","date_gmt":"2024-09-27T02:57:14","guid":{"rendered":"https:\/\/honwaygroup.com\/product\/hw001-mieng-hut-chan-khong-kich-thuoc-co-the-tuy-chinh\/"},"modified":"2026-01-27T15:37:35","modified_gmt":"2026-01-27T07:37:35","slug":"hw001-mieng-hut-chan-khong-kich-thuoc-co-the-tuy-chinh","status":"publish","type":"product","link":"https:\/\/honwaygroup.com\/vi\/product\/hw001-mieng-hut-chan-khong-kich-thuoc-co-the-tuy-chinh\/","title":{"rendered":"HW001 &#8211; Mi\u1ebfng h\u00fat ch\u00e2n kh\u00f4ng &#8211; K\u00edch th\u01b0\u1edbc c\u00f3 th\u1ec3 t\u00f9y ch\u1ec9nh"},"content":{"rendered":"<h1>WH001 &#8211; Mi\u1ebfng h\u00fat ch\u00e2n kh\u00f4ng &#8211; \u0110\u1eb7c \u0111i\u1ec3m s\u1ea3n ph\u1ea9m:<\/h1>\n<p>\u0110\u00e1nh b\u00f3ng nh\u1eb1m lo\u1ea1i b\u1ecf c\u00e1c v\u1ebft x\u01b0\u1edbc nh\u1ecf v\u00e0 v\u1ebft m\u00e0i tr\u00ean m\u1eabu, t\u1ea1o b\u1ec1 m\u1eb7t s\u00e1ng b\u00f3ng, kh\u00f4ng c\u00f3 v\u1ebft, gi\u00fap quan s\u00e1t ch\u00ednh x\u00e1c h\u01a1n.<br \/>\nC\u00f3 th\u1ec3 s\u1eed d\u1ee5ng k\u00e8m v\u1edbi c\u00e1c s\u1ea3n ph\u1ea9m nh\u01b0 dung d\u1ecbch \u0111\u00e1nh b\u00f3ng kim c\u01b0\u01a1ng \u0111\u01a1n tinh th\u1ec3 ho\u1eb7c \u0111a tinh th\u1ec3, keo \u0111\u00e1nh b\u00f3ng kim c\u01b0\u01a1ng, dung d\u1ecbch \u0111\u00e1nh b\u00f3ng oxide cerium, dung d\u1ecbch \u0111\u00e1nh b\u00f3ng oxide nh\u00f4m.<\/p>\n<p>\u203bC\u00f3 th\u1ec3 c\u1eaft t\u00f9y ch\u1ec9nh<\/p>\n<ul>\n<li>C\u1ea5u tr\u00fac s\u1ea3n ph\u1ea9m: Bao g\u1ed3m l\u1edbp m\u00e0ng b\u1ea3o v\u1ec7, l\u1edbp h\u00fat, l\u1edbp keo d\u00ednh v\u00e0 l\u1edbp gi\u1ea5y t\u00e1ch<\/li>\n<\/ul>\n<h1>Ph\u1ea1m vi \u00e1p d\u1ee5ng<\/h1>\n<ul>\n<li>S\u1ea3n ph\u1ea9m \u0111\u01b0\u1ee3c s\u1eed d\u1ee5ng \u0111\u1ec3 <strong>h\u00fat v\u00e0 c\u1ed1 \u0111\u1ecbnh v\u1eadt th\u1ec3 gia c\u00f4ng,<\/strong> \u0111\u01b0\u1ee3c \u1ee9ng d\u1ee5ng r\u1ed9ng r\u00e3i trong c\u00e1c m\u1ee5c \u0111\u00edch \u0111\u00e1nh b\u00f3ng li\u00ean quan \u0111\u1ebfn k\u00ednh, nh\u01b0 TFT\/STN, k\u00ednh th\u00f4, m\u1eb7t n\u1ea1 th\u1ea1ch anh, k\u00ednh quang h\u1ecdc, m\u00e0n h\u00ecnh hi\u1ec3n th\u1ecb v\u00e0 ng\u00e0nh c\u00f4ng nghi\u1ec7p quang h\u1ecdc.<\/li>\n<\/ul>\n<h1>Th\u00f4ng s\u1ed1 k\u1ef9 thu\u1eadt s\u1ea3n ph\u1ea9m<\/h1>\n<p>200*200mm\u3001250*300mm\u3001500*600mm\u3001600*1000mm\u3001500*1200mm\u30011000*1200mm, C\u00e1c k\u00edch th\u01b0\u1edbc v\u00e0 quy c\u00e1ch kh\u00e1c c\u0169ng c\u00f3 th\u1ec3 \u0111\u01b0\u1ee3c t\u00f9y ch\u1ec9nh<\/p>\n<p><span style=\"font-size: 1.7em; font-weight: bold;\">1.Ph\u01b0\u01a1ng ph\u00e1p s\u1eed d\u1ee5ng<\/span><\/p>\n<ol>\n<li>G\u1ee1 l\u1edbp gi\u1ea5y b\u1ea3o v\u1ec7 ph\u00eda d\u01b0\u1edbi, c\u1ed1 \u0111\u1ecbnh v\u00e0o gi\u00e1 \u0111\u1ee1, sau \u0111\u00f3 b\u00f3c l\u1edbp m\u00e0ng b\u1ea3o v\u1ec7 trong su\u1ed1t tr\u00ean b\u1ec1 m\u1eb7t.<\/li>\n<li>V\u1eadt c\u1ea7n gia c\u00f4ng \u0111\u01b0\u1ee3c \u0111\u1eb7t l\u00ean t\u1ea5m th\u1ea5m h\u00fat \u0111\u1ec3 th\u1ef1c hi\u1ec7n qu\u00e1 tr\u00ecnh th\u1ea5m h\u00fat.<\/li>\n<li>\u0110\u1ec3 ch\u1ee9ng minh t\u1ed1t h\u01a1n hi\u1ec7u su\u1ea5t v\u00e0 \u0111\u1ed9 b\u1ec1n c\u1ee7a s\u1ea3n ph\u1ea9m, vui l\u00f2ng tu\u00e2n th\u1ee7 nghi\u00eam ng\u1eb7t c\u00e1c b\u01b0\u1edbc tr\u00ean \u0111\u1ec3 tr\u00e1nh l\u1ef1c h\u00fat ban \u0111\u1ea7u qu\u00e1 m\u1ea1nh \u1ea3nh h\u01b0\u1edfng \u0111\u1ebfn vi\u1ec7c \u0111\u1eb7t v\u00e0 th\u00e1o k\u00ednh si\u00eau m\u1ecfng, ho\u1eb7c th\u1eadm ch\u00ed g\u00e2y v\u1ee1 k\u00ednh si\u00eau m\u1ecfng.<\/li>\n<li>Khi s\u1ea3n ph\u1ea9m \u0111\u01b0\u1ee3c l\u1eafp \u0111\u1eb7t v\u00e0 s\u1eed d\u1ee5ng \u0111\u00fang c\u00e1ch, tu\u1ed5i th\u1ecd l\u00e0m vi\u1ec7c li\u00ean t\u1ee5c c\u00f3 th\u1ec3 \u0111\u1ea1t tr\u00ean 300 gi\u1edd.<\/li>\n<li>Sau khi s\u1ea3n ph\u1ea9m \u0111\u01b0\u1ee3c g\u1eafn v\u00e0o m\u1ed9t v\u1eadt c\u1ed1 \u0111\u1ecbnh, kh\u00f4ng n\u00ean b\u00f3c ra v\u00e0 g\u1eafn l\u1ea1i v\u00e0o v\u1eadt c\u1ed1 \u0111\u1ecbnh kh\u00e1c (v\u00ec vi\u1ec7c b\u00f3c ra c\u00f3 th\u1ec3 d\u1ec5 d\u00e0ng g\u00e2y ra n\u1ebfp g\u1ea5p tr\u00ean mi\u1ebfng th\u1ea5m h\u00fat).<\/li>\n<\/ol>\n<h2><strong>2. Nh\u1eefng \u0111i\u1ec1u c\u1ea7n l\u01b0u \u00fd<\/strong><\/h2>\n<ol>\n<li>\u0110\u1ec3 \u0111\u1ea1t \u0111\u01b0\u1ee3c \u0111\u1ed9 ph\u1eb3ng cao h\u01a1n, vui l\u00f2ng kh\u00f4ng d\u00e1n nh\u00e3n ho\u1eb7c c\u00e1c v\u1eadt d\u1ee5ng t\u01b0\u01a1ng t\u1ef1 l\u00ean \u0111\u00e1y \u0111\u0129a \u0111\u1ec3 tr\u00e1nh \u1ea3nh h\u01b0\u1edfng \u0111\u1ebfn \u0111\u1ed9 ph\u1eb3ng c\u1ee7a ph\u00f4i.<\/li>\n<li>B\u1ec1 m\u1eb7t ti\u1ebfp x\u00fac gi\u1eefa mi\u1ebfng h\u00fat ch\u00e2n kh\u00f4ng v\u00e0 m\u00e1y ph\u1ea3i \u0111\u01b0\u1ee3c gi\u1eef r\u1ea5t ph\u1eb3ng, s\u1ea1ch s\u1ebd v\u00e0 kh\u00f4 r\u00e1o \u0111\u1ec3 tr\u00e1nh \u1ea3nh h\u01b0\u1edfng \u0111\u1ebfn \u0111\u1ed9 ph\u1eb3ng c\u1ee7a s\u1ea3n ph\u1ea9m gia c\u00f4ng.<\/li>\n<li>Vui l\u00f2ng kh\u00f4ng b\u1ebb cong ho\u1eb7c l\u00e0m h\u1ecfng mi\u1ebfng h\u00fat ch\u00e2n kh\u00f4ng<\/li>\n<li>H\u00e3y c\u1ea9n th\u1eadn khi l\u1eafp \u0111\u1eb7t<\/li>\n<\/ol>\n","protected":false},"excerpt":{"rendered":"<p>\u203bC\u00f3 th\u1ec3 c\u1eaft t\u00f9y ch\u1ec9nh<\/p>\n<p>C\u1ea5u tr\u00fac s\u1ea3n ph\u1ea9m: Bao g\u1ed3m l\u1edbp m\u00e0ng b\u1ea3o v\u1ec7, l\u1edbp h\u00fat, l\u1edbp keo d\u00ednh v\u00e0 l\u1edbp gi\u1ea5y t\u00e1ch<\/p>\n<p>S\u1ea3n ph\u1ea9m \u0111\u01b0\u1ee3c s\u1eed d\u1ee5ng \u0111\u1ec3<strong> h\u00fat v\u00e0 c\u1ed1 \u0111\u1ecbnh v\u1eadt th\u1ec3 gia c\u00f4ng,<\/strong> \u0111\u01b0\u1ee3c \u1ee9ng d\u1ee5ng r\u1ed9ng r\u00e3i trong c\u00e1c m\u1ee5c \u0111\u00edch \u0111\u00e1nh b\u00f3ng li\u00ean quan \u0111\u1ebfn k\u00ednh, nh\u01b0 TFT\/STN, k\u00ednh th\u00f4, m\u1eb7t n\u1ea1 th\u1ea1ch anh, k\u00ednh quang h\u1ecdc, m\u00e0n h\u00ecnh hi\u1ec3n th\u1ecb v\u00e0 ng\u00e0nh c\u00f4ng nghi\u1ec7p quang h\u1ecdc.<\/p>\n<h5><strong><span style=\"color: #ff0000; font-size: 19.2px;\">\u25b2<\/span><\/strong><strong><span style=\"color: #ff0000; font-size: 19.2px;\"> N\u1ebfu c\u1ea7n k\u00edch th\u01b0\u1edbc t\u00f9y ch\u1ec9nh, vui l\u00f2ng li\u00ean h\u1ec7 b\u1ed9 ph\u1eadn ch\u0103m s\u00f3c kh\u00e1ch h\u00e0ng.<\/span><\/strong><\/h5>\n<h5><strong><span style=\"color: #ff0000; font-size: 19.2px;\">\u25b2 \u0110\u1eb7t h\u00e0ng s\u1ed1 l\u01b0\u1ee3ng l\u1edbn c\u00f3 th\u1ec3 \u0111\u01b0\u1ee3c h\u01b0\u1edfng chi\u1ebft kh\u1ea5u \u01b0u \u0111\u00e3i, vui l\u00f2ng li\u00ean h\u1ec7 b\u1ed9 ph\u1eadn ch\u0103m s\u00f3c kh\u00e1ch h\u00e0ng \u0111\u1ec3 bi\u1ebft th\u00eam chi ti\u1ebft.<br \/>\n<\/span><\/strong><\/h5>\n<h5><strong><span style=\"color: #ff0000;\">\u25b2 Vui l\u00f2ng li\u00ean h\u1ec7 b\u1ed9 ph\u1eadn ch\u0103m s\u00f3c kh\u00e1ch h\u00e0ng \u0111\u1ec3 h\u1ecfi v\u1ec1 th\u1eddi gian giao h\u00e0ng th\u1ef1c t\u1ebf c\u1ee7a \u0111\u01a1n \u0111\u1eb7t h\u00e0ng:<\/span> <a href=\"https:\/\/honwaygroup.com\/vi\/lien-he-voi-honway\/\">Li\u00ean h\u1ec7 HonWay.<\/a><\/strong><\/h5>\n","protected":false},"featured_media":80767,"template":"","meta":{"site-sidebar-layout":"default","site-content-layout":"default","ast-site-content-layout":"default","site-content-style":"default","site-sidebar-style":"default","ast-global-header-display":"","ast-banner-title-visibility":"","ast-main-header-display":"","ast-hfb-above-header-display":"","ast-hfb-below-header-display":"","ast-hfb-mobile-header-display":"","site-post-title":"","ast-breadcrumbs-content":"","ast-featured-img":"","footer-sml-layout":"","ast-disable-related-posts":"","theme-transparent-header-meta":"default","adv-header-id-meta":"","stick-header-meta":"default","header-above-stick-meta":"","header-main-stick-meta":"","header-below-stick-meta":"","astra-migrate-meta-layouts":"default","ast-page-background-enabled":"default","ast-page-background-meta":{"desktop":{"background-color":"var(--ast-global-color-5)","background-image":"","background-repeat":"repeat","background-position":"center center","background-size":"auto","background-attachment":"scroll","background-type":"","background-media":"","overlay-type":"","overlay-color":"","overlay-opacity":"","overlay-gradient":""},"tablet":{"background-color":"","background-image":"","background-repeat":"repeat","background-position":"center center","background-size":"auto","background-attachment":"scroll","background-type":"","background-media":"","overlay-type":"","overlay-color":"","overlay-opacity":"","overlay-gradient":""},"mobile":{"background-color":"","background-image":"","background-repeat":"repeat","background-position":"center center","background-size":"auto","background-attachment":"scroll","background-type":"","background-media":"","overlay-type":"","overlay-color":"","overlay-opacity":"","overlay-gradient":""}},"ast-content-background-meta":{"desktop":{"background-color":"var(--ast-global-color-4)","background-image":"","background-repeat":"repeat","background-position":"center center","background-size":"auto","background-attachment":"scroll","background-type":"","background-media":"","overlay-type":"","overlay-color":"","overlay-opacity":"","overlay-gradient":""},"tablet":{"background-color":"var(--ast-global-color-4)","background-image":"","background-repeat":"repeat","background-position":"center center","background-size":"auto","background-attachment":"scroll","background-type":"","background-media":"","overlay-type":"","overlay-color":"","overlay-opacity":"","overlay-gradient":""},"mobile":{"background-color":"var(--ast-global-color-4)","background-image":"","background-repeat":"repeat","background-position":"center center","background-size":"auto","background-attachment":"scroll","background-type":"","background-media":"","overlay-type":"","overlay-color":"","overlay-opacity":"","overlay-gradient":""}}},"product_brand":[],"product_cat":[4385,4421],"product_tag":[4759,4886],"class_list":{"0":"post-80766","1":"product","2":"type-product","3":"status-publish","4":"has-post-thumbnail","6":"product_cat-dem-hut-kim-loai","7":"product_cat-vat-tu-tieu-hao-kim-loai","8":"product_tag-khac","9":"product_tag-tam-hut-chan-khong","10":"desktop-align-left","11":"tablet-align-left","12":"mobile-align-left","13":"ast-product-gallery-layout-horizontal-slider","14":"ast-product-gallery-with-no-image","15":"ast-product-single-variable","16":"ast-product-tabs-layout-horizontal","18":"first","19":"instock","20":"taxable","21":"shipping-taxable","22":"purchasable","23":"product-type-variable"},"_links":{"self":[{"href":"https:\/\/honwaygroup.com\/vi\/wp-json\/wp\/v2\/product\/80766","targetHints":{"allow":["GET"]}}],"collection":[{"href":"https:\/\/honwaygroup.com\/vi\/wp-json\/wp\/v2\/product"}],"about":[{"href":"https:\/\/honwaygroup.com\/vi\/wp-json\/wp\/v2\/types\/product"}],"version-history":[{"count":0,"href":"https:\/\/honwaygroup.com\/vi\/wp-json\/wp\/v2\/product\/80766\/revisions"}],"wp:featuredmedia":[{"embeddable":true,"href":"https:\/\/honwaygroup.com\/vi\/wp-json\/wp\/v2\/media\/80767"}],"wp:attachment":[{"href":"https:\/\/honwaygroup.com\/vi\/wp-json\/wp\/v2\/media?parent=80766"}],"wp:term":[{"taxonomy":"product_brand","embeddable":true,"href":"https:\/\/honwaygroup.com\/vi\/wp-json\/wp\/v2\/product_brand?post=80766"},{"taxonomy":"product_cat","embeddable":true,"href":"https:\/\/honwaygroup.com\/vi\/wp-json\/wp\/v2\/product_cat?post=80766"},{"taxonomy":"product_tag","embeddable":true,"href":"https:\/\/honwaygroup.com\/vi\/wp-json\/wp\/v2\/product_tag?post=80766"}],"curies":[{"name":"wp","href":"https:\/\/api.w.org\/{rel}","templated":true}]}}