{"id":80755,"date":"2024-09-27T11:06:01","date_gmt":"2024-09-27T03:06:01","guid":{"rendered":"https:\/\/honwaygroup.com\/product\/dia-tu-tinh-hong-vi-kich-thuoc-co-the-tuy-chinh\/"},"modified":"2025-09-10T17:30:24","modified_gmt":"2025-09-10T09:30:24","slug":"dia-tu-tinh-hong-vi-kich-thuoc-co-the-tuy-chinh","status":"publish","type":"product","link":"https:\/\/honwaygroup.com\/vi\/product\/dia-tu-tinh-hong-vi-kich-thuoc-co-the-tuy-chinh\/","title":{"rendered":"\u0110\u0129a t\u1eeb t\u00ednh H\u1ed3ng V\u0129 &#8211; K\u00edch th\u01b0\u1edbc c\u00f3 th\u1ec3 t\u00f9y ch\u1ec9nh"},"content":{"rendered":"<h1>\u0110\u1eb7c \u0111i\u1ec3m s\u1ea3n ph\u1ea9m c\u1ee7a \u0111\u0129a t\u1eeb t\u00ednh<\/h1>\n<p>H\u1ec7 th\u1ed1ng t\u1eeb h\u00f3a kim t\u01b0\u01a1ng: Ph\u01b0\u01a1ng th\u1ee9c chuy\u1ec3n \u0111\u1ed5i t\u1eeb t\u00ednh c\u1ee7a HonWay thu\u1ed9c h\u1ec7 th\u1ed1ng chuy\u1ec3n \u0111\u1ed5i t\u1eeb t\u00ednh nhanh 1+N. T\u1ee9c l\u00e0, m\u1ed9t \u0111\u0129a t\u1eeb t\u00ednh k\u1ebft h\u1ee3p v\u1edbi nhi\u1ec1u \u0111\u0129a ch\u1ed1ng d\u00ednh \u0111\u1ec3 t\u1ea1o th\u00e0nh, th\u1ef1c hi\u1ec7n chuy\u1ec3n \u0111\u1ed5i nhanh c\u00e1c ph\u01b0\u01a1ng ti\u1ec7n m\u00e0i v\u00e0 \u0111\u00e1nh b\u00f3ng kh\u00e1c nhau. C\u00f3 th\u1ec3 n\u00e2ng c\u1ea5p t\u1eeb h\u00f3a cho c\u00e1c m\u00e1y m\u00e0i v\u00e0 \u0111\u00e1nh b\u00f3ng ki\u1ec3u k\u1eb9p truy\u1ec1n th\u1ed1ng.<\/p>\n<p><strong>\u0110\u0129a t\u1eeb t\u00ednh d\u00e1n l\u00ean \u0111\u0129a l\u00e0m vi\u1ec7c<\/strong><\/p>\n<ul>\n<li>\u0110\u0129a t\u1eeb t\u00ednh gi\u00fap \u0111\u0129a nh\u00f4m l\u00e0m vi\u1ec7c (\u0111\u1ebf) c\u1ee7a m\u00e1y m\u00e0i v\u00e0 \u0111\u00e1nh b\u00f3ng hi\u1ec7n t\u1ea1i c\u00f3 l\u1ef1c t\u1eeb m\u1ea1nh m\u1ebd. M\u1eb7t sau s\u1eed d\u1ee5ng keo ch\u1ea5t l\u01b0\u1ee3ng cao, gi\u00fap \u0111\u0129a m\u00e0i t\u1eeb t\u00ednh v\u00e0 mi\u1ebfng \u0111\u00e1nh b\u00f3ng k\u1ebft h\u1ee3p ch\u1eb7t ch\u1ebd v\u1edbi \u0111\u0129a nh\u00f4m l\u00e0m vi\u1ec7c c\u1ee7a m\u00e1y m\u00e0i v\u00e0 \u0111\u00e1nh b\u00f3ng.<\/li>\n<li>L\u00e0m s\u1ea1ch c\u00e1c t\u1ea1p ch\u1ea5t nh\u01b0 keo th\u1eeba, d\u1ea7u b\u1ea9n tr\u00ean b\u1ec1 m\u1eb7t \u0111\u0129a nh\u00f4m c\u1ee7a m\u00e1y \u0111\u00e1nh b\u00f3ng\/m\u00e1y m\u00e0i tr\u01b0\u1edbc. S\u1eed d\u1ee5ng l\u1edbp keo d\u00ednh \u1edf m\u1eb7t d\u01b0\u1edbi c\u1ee7a \u0111\u0129a t\u1eeb t\u00ednh (Magnetic PSA backed Disc) \u0111\u1ec3 d\u00e1n \u0111\u0129a t\u1eeb t\u00ednh l\u00ean \u0111\u0129a nh\u00f4m \u0111ang s\u1eed d\u1ee5ng c\u1ee7a ng\u01b0\u1eddi d\u00f9ng, t\u1eeb b\u1ecf c\u00e1ch c\u1ed1 \u0111\u1ecbnh truy\u1ec1n th\u1ed1ng b\u1eb1ng k\u1eb9p, n\u00e2ng cao hi\u1ec7u qu\u1ea3 l\u00e0m vi\u1ec7c<\/li>\n<\/ul>\n<h1>Th\u00f4ng s\u1ed1 k\u1ef9 thu\u1eadt s\u1ea3n ph\u1ea9m<\/h1>\n<p>\u0110\u01b0\u1eddng k\u00ednh ngo\u00e0i:<strong>.\u0424200mm(\u04248in).\u0424220mm(\u04248.6in).<\/strong><strong>\u0424230mm(\u04249in).\u0424250mm(\u04249.5in).\u0424300mm(\u042412in).\u0424350mm(\u042414in).\u0424380mm(\u042415in)<\/strong>v\u1edbi b\u1ea3y lo\u1ea1i th\u00f4ng s\u1ed1 n\u00e0y, c\u00e1c k\u00edch th\u01b0\u1edbc \u0111\u1eb7c bi\u1ec7t kh\u00e1c c\u00f3 th\u1ec3 \u0111\u01b0\u1ee3c t\u00f9y ch\u1ec9nh theo y\u00eau c\u1ea7u.<\/p>\n<p><span style=\"font-size: 1.7em; font-weight: bold;\">1. L\u1ee3i th\u1ebf s\u1ea3n ph\u1ea9m<\/span><\/p>\n<ul>\n<li><strong>L\u1ef1c h\u00fat t\u1eeb m\u1ea1nh<\/strong>: L\u1eafp th\u00eam \u0111\u0129a tr\u00f2n t\u1eeb t\u00ednh m\u1ea1nh v\u00e0o b\u1ec1 m\u1eb7t m\u00e0i v\u00e0 \u0111\u00e1nh b\u00f3ng c\u1ee7a m\u00e1y, l\u00e0m cho \u0111\u0129a m\u00e1y ngay l\u1eadp t\u1ee9c c\u00f3 t\u00ednh n\u0103ng h\u00fat t\u1eeb m\u1ea1nh m\u1ebd<\/li>\n<li><strong>Ti\u1ebft ki\u1ec7m chi ph\u00ed v\u1eadt li\u1ec7u ti\u00eau hao<\/strong>: Gi\u1ea5y nh\u00e1m kim t\u01b0\u01a1ng ho\u1eb7c v\u1ea3i \u0111\u00e1nh b\u00f3ng d\u00e1n tr\u00ean \u0111\u0129a ch\u1ed1ng d\u00ednh c\u00f3 th\u1ec3 s\u1eed d\u1ee5ng nhi\u1ec1u l\u1ea7n m\u00e0 kh\u00f4ng b\u1ecb bi\u1ebfn d\u1ea1ng cho \u0111\u1ebfn khi kh\u00f4ng th\u1ec3 s\u1eed d\u1ee5ng \u0111\u01b0\u1ee3c n\u1eefa.<\/li>\n<li><strong>Ti\u1ebft ki\u1ec7m chi ph\u00ed thi\u1ebft b\u1ecb:<\/strong> Ch\u1ec9 c\u1ea7n m\u1ed9t m\u00e1y c\u00f3 \u0111\u0129a m\u00e0i v\u00e0 \u0111\u00e1nh b\u00f3ng l\u00e0 c\u00f3 th\u1ec3 d\u1ec5 d\u00e0ng chuy\u1ec3n \u0111\u1ed5i th\u1ef1c hi\u1ec7n t\u1ea5t c\u1ea3 c\u00e1c quy tr\u00ecnh m\u00e0i v\u00e0 \u0111\u00e1nh b\u00f3ng<\/li>\n<\/ul>\n<h2><strong>2. Nh\u1eefng \u0111i\u1ec1u c\u1ea7n l\u01b0u \u00fd<\/strong><\/h2>\n<ol>\n<li>\u0110\u1ec3 \u0111\u1ea1t \u0111\u01b0\u1ee3c \u0111\u1ed9 ph\u1eb3ng cao h\u01a1n, vui l\u00f2ng kh\u00f4ng d\u00e1n nh\u00e3n ho\u1eb7c c\u00e1c v\u1eadt d\u1ee5ng t\u01b0\u01a1ng t\u1ef1 l\u00ean \u0111\u00e1y \u0111\u0129a \u0111\u1ec3 tr\u00e1nh \u1ea3nh h\u01b0\u1edfng \u0111\u1ebfn \u0111\u1ed9 ph\u1eb3ng c\u1ee7a ph\u00f4i.<\/li>\n<li>B\u1ec1 m\u1eb7t ti\u1ebfp x\u00fac gi\u1eefa \u0111\u0129a t\u1eeb t\u00ednh v\u00e0 m\u00e1y ph\u1ea3i \u0111\u01b0\u1ee3c gi\u1eef r\u1ea5t ph\u1eb3ng, s\u1ea1ch s\u1ebd v\u00e0 kh\u00f4 r\u00e1o \u0111\u1ec3 tr\u00e1nh \u1ea3nh h\u01b0\u1edfng \u0111\u1ebfn \u0111\u1ed9 ph\u1eb3ng c\u1ee7a s\u1ea3n ph\u1ea9m gia c\u00f4ng.<\/li>\n<li>Sau khi s\u1eed d\u1ee5ng, h\u00e3y th\u00e1o ra c\u1ea9n th\u1eadn, r\u1eeda b\u1eb1ng n\u01b0\u1edbc v\u00e0 ph\u01a1i kh\u00f4.<\/li>\n<li>Vui l\u00f2ng kh\u00f4ng b\u1ebb cong ho\u1eb7c l\u00e0m h\u1ecfng \u0111\u0129a t\u1eeb t\u00ednh<\/li>\n<li>Khi l\u1eafp \u0111\u1eb7t v\u00e0 th\u00e1o g\u1ee1, h\u00e3y c\u1ea9n th\u1eadn \u0111\u1ec3 tr\u00e1nh l\u1ef1c h\u00fat t\u1eeb t\u00ednh g\u00e2y k\u1eb9p tay.<\/li>\n<li>&#8220;Tr\u01b0\u1edbc khi d\u00e1n: c\u1ea7n l\u00e0m s\u1ea1ch c\u00e1c t\u1ea1p ch\u1ea5t nh\u01b0 keo th\u1eeba, d\u1ea7u m\u1ee1 ho\u1eb7c ch\u1ea5t b\u1ea9n tr\u00ean b\u1ec1 m\u1eb7t \u0111\u0129a l\u00e0m vi\u1ec7c<\/li>\n<li>B\u1ec1 m\u1eb7t c\u1ee7a \u0111\u0129a t\u1eeb t\u00ednh l\u00e0 l\u1edbp keo d\u00ednh, c\u00f3 th\u1ec3 d\u00e1n tr\u1ef1c ti\u1ebfp l\u00ean \u0111\u0129a l\u00e0m vi\u1ec7c, t\u1eeb b\u1ecf c\u00e1ch c\u1ed1 \u0111\u1ecbnh truy\u1ec1n th\u1ed1ng b\u1eb1ng k\u1eb9p, n\u00e2ng cao hi\u1ec7u qu\u1ea3 l\u00e0m vi\u1ec7c.<\/li>\n<\/ol>\n<p>&nbsp;<\/p>\n<p>&nbsp;<\/p>\n","protected":false},"excerpt":{"rendered":"<p><strong>\u2022\u0110\u0129a t\u1eeb t\u00ednh \u0111\u01b0\u1ee3c d\u00e1n l\u00ean \u0111\u0129a l\u00e0m vi\u1ec7c.<\/strong><\/p>\n<p>\u0110\u0129a t\u1eeb t\u00ednh d\u00e1n l\u00ean \u0111\u0129a l\u00e0m vi\u1ec7c: Gi\u00fap \u0111\u0129a nh\u00f4m l\u00e0m vi\u1ec7c c\u1ee7a m\u00e1y m\u00e0i v\u00e0 \u0111\u00e1nh b\u00f3ng hi\u1ec7n t\u1ea1i c\u00f3 l\u1ef1c t\u1eeb m\u1ea1nh m\u1ebd. M\u1eb7t sau s\u1eed d\u1ee5ng keo d\u00ednh ch\u1ea5t l\u01b0\u1ee3ng cao, \u0111\u1ea3m b\u1ea3o \u0111\u0129a m\u00e0i t\u1eeb t\u00ednh ho\u1eb7c mi\u1ebfng \u0111\u00e1nh b\u00f3ng k\u1ebft h\u1ee3p ch\u1eb7t ch\u1ebd v\u1edbi \u0111\u0129a nh\u00f4m l\u00e0m vi\u1ec7c c\u1ee7a m\u00e1y m\u00e0i v\u00e0 \u0111\u00e1nh b\u00f3ng.<\/p>\n<p>D\u1ec5 d\u00e0ng chuy\u1ec3n \u0111\u1ed5i: L\u00e0m s\u1ea1ch b\u1ec1 m\u1eb7t \u0111\u0129a nh\u00f4m tr\u00ean m\u00e1y \u0111\u00e1nh b\u00f3ng\/m\u00e0i tr\u01b0\u1edbc khi s\u1eed d\u1ee5ng; s\u1eed d\u1ee5ng l\u1edbp keo d\u00ednh \u1edf m\u1eb7t d\u01b0\u1edbi c\u1ee7a \u0111\u0129a t\u1eeb t\u00ednh (Magnetic PSA backed Disc) \u0111\u1ec3 d\u00e1n tr\u1ef1c ti\u1ebfp l\u00ean \u0111\u0129a nh\u00f4m hi\u1ec7n t\u1ea1i, lo\u1ea1i b\u1ecf c\u00e1ch c\u1ed1 \u0111\u1ecbnh b\u1eb1ng k\u1eb9p v\u00e0 n\u00e2ng cao hi\u1ec7u qu\u1ea3 l\u00e0m vi\u1ec7c.<\/p>\n<h5><strong><span style=\"color: #ff0000; font-size: 19.2px;\">\u25b2<\/span><\/strong><strong><span style=\"color: #ff0000; font-size: 19.2px;\"> N\u1ebfu c\u1ea7n k\u00edch th\u01b0\u1edbc t\u00f9y ch\u1ec9nh, vui l\u00f2ng li\u00ean h\u1ec7 b\u1ed9 ph\u1eadn ch\u0103m s\u00f3c kh\u00e1ch h\u00e0ng.<\/span><\/strong><\/h5>\n<h5><strong><span style=\"color: #ff0000; font-size: 19.2px;\">\u25b2 \u0110\u1eb7t h\u00e0ng s\u1ed1 l\u01b0\u1ee3ng l\u1edbn c\u00f3 th\u1ec3 \u0111\u01b0\u1ee3c h\u01b0\u1edfng chi\u1ebft kh\u1ea5u \u01b0u \u0111\u00e3i, vui l\u00f2ng li\u00ean h\u1ec7 b\u1ed9 ph\u1eadn ch\u0103m s\u00f3c kh\u00e1ch h\u00e0ng \u0111\u1ec3 bi\u1ebft th\u00eam chi ti\u1ebft.<br \/>\n<\/span><\/strong><\/h5>\n<h5><strong><span style=\"color: #ff0000;\">\u25b2 Vui l\u00f2ng li\u00ean h\u1ec7 b\u1ed9 ph\u1eadn ch\u0103m s\u00f3c kh\u00e1ch h\u00e0ng \u0111\u1ec3 h\u1ecfi v\u1ec1 th\u1eddi gian giao h\u00e0ng c\u1ee7a \u0111\u01a1n \u0111\u1eb7t h\u00e0ng<\/span>:<a href=\"https:\/\/honwaygroup.com\/vi\/lien-he-voi-honway\/\"> Li\u00ean h\u1ec7 HonWay.<\/a><\/strong><\/h5>\n<h5><strong><span style=\"color: #ff0000; font-size: 19.2px;\"> <\/span><\/strong><\/h5>\n<p>&nbsp;<\/p>\n<p>&nbsp;<\/p>\n","protected":false},"featured_media":80756,"template":"","meta":{"site-sidebar-layout":"default","site-content-layout":"default","ast-site-content-layout":"default","site-content-style":"default","site-sidebar-style":"default","ast-global-header-display":"","ast-banner-title-visibility":"","ast-main-header-display":"","ast-hfb-above-header-display":"","ast-hfb-below-header-display":"","ast-hfb-mobile-header-display":"","site-post-title":"","ast-breadcrumbs-content":"","ast-featured-img":"","footer-sml-layout":"","ast-disable-related-posts":"","theme-transparent-header-meta":"default","adv-header-id-meta":"","stick-header-meta":"default","header-above-stick-meta":"","header-main-stick-meta":"","header-below-stick-meta":"","astra-migrate-meta-layouts":"default","ast-page-background-enabled":"default","ast-page-background-meta":{"desktop":{"background-color":"var(--ast-global-color-5)","background-image":"","background-repeat":"repeat","background-position":"center center","background-size":"auto","background-attachment":"scroll","background-type":"","background-media":"","overlay-type":"","overlay-color":"","overlay-opacity":"","overlay-gradient":""},"tablet":{"background-color":"","background-image":"","background-repeat":"repeat","background-position":"center center","background-size":"auto","background-attachment":"scroll","background-type":"","background-media":"","overlay-type":"","overlay-color":"","overlay-opacity":"","overlay-gradient":""},"mobile":{"background-color":"","background-image":"","background-repeat":"repeat","background-position":"center center","background-size":"auto","background-attachment":"scroll","background-type":"","background-media":"","overlay-type":"","overlay-color":"","overlay-opacity":"","overlay-gradient":""}},"ast-content-background-meta":{"desktop":{"background-color":"var(--ast-global-color-4)","background-image":"","background-repeat":"repeat","background-position":"center center","background-size":"auto","background-attachment":"scroll","background-type":"","background-media":"","overlay-type":"","overlay-color":"","overlay-opacity":"","overlay-gradient":""},"tablet":{"background-color":"var(--ast-global-color-4)","background-image":"","background-repeat":"repeat","background-position":"center center","background-size":"auto","background-attachment":"scroll","background-type":"","background-media":"","overlay-type":"","overlay-color":"","overlay-opacity":"","overlay-gradient":""},"mobile":{"background-color":"var(--ast-global-color-4)","background-image":"","background-repeat":"repeat","background-position":"center center","background-size":"auto","background-attachment":"scroll","background-type":"","background-media":"","overlay-type":"","overlay-color":"","overlay-opacity":"","overlay-gradient":""}}},"product_brand":[],"product_cat":[4388,4421],"product_tag":[4932,5016],"class_list":{"0":"post-80755","1":"product","2":"type-product","3":"status-publish","4":"has-post-thumbnail","6":"product_cat-he-thong-tu-hoa-kim-loai","7":"product_cat-vat-tu-tieu-hao-kim-loai","8":"product_tag-magnetic-disc-vi","9":"product_tag-he-thong-tu-hoa-kim-tuong","10":"desktop-align-left","11":"tablet-align-left","12":"mobile-align-left","13":"ast-product-gallery-layout-horizontal-slider","14":"ast-product-gallery-with-no-image","15":"ast-product-single-variable","16":"ast-product-tabs-layout-horizontal","18":"first","19":"instock","20":"taxable","21":"shipping-taxable","22":"purchasable","23":"product-type-variable"},"_links":{"self":[{"href":"https:\/\/honwaygroup.com\/vi\/wp-json\/wp\/v2\/product\/80755","targetHints":{"allow":["GET"]}}],"collection":[{"href":"https:\/\/honwaygroup.com\/vi\/wp-json\/wp\/v2\/product"}],"about":[{"href":"https:\/\/honwaygroup.com\/vi\/wp-json\/wp\/v2\/types\/product"}],"version-history":[{"count":0,"href":"https:\/\/honwaygroup.com\/vi\/wp-json\/wp\/v2\/product\/80755\/revisions"}],"wp:featuredmedia":[{"embeddable":true,"href":"https:\/\/honwaygroup.com\/vi\/wp-json\/wp\/v2\/media\/80756"}],"wp:attachment":[{"href":"https:\/\/honwaygroup.com\/vi\/wp-json\/wp\/v2\/media?parent=80755"}],"wp:term":[{"taxonomy":"product_brand","embeddable":true,"href":"https:\/\/honwaygroup.com\/vi\/wp-json\/wp\/v2\/product_brand?post=80755"},{"taxonomy":"product_cat","embeddable":true,"href":"https:\/\/honwaygroup.com\/vi\/wp-json\/wp\/v2\/product_cat?post=80755"},{"taxonomy":"product_tag","embeddable":true,"href":"https:\/\/honwaygroup.com\/vi\/wp-json\/wp\/v2\/product_tag?post=80755"}],"curies":[{"name":"wp","href":"https:\/\/api.w.org\/{rel}","templated":true}]}}