{"id":80747,"date":"2024-10-18T16:28:51","date_gmt":"2024-10-18T08:28:51","guid":{"rendered":"https:\/\/honwaygroup.com\/product\/phcd-yzz-luoi-dao-pcd-kich-thuoc-co-the-tuy-chinh\/"},"modified":"2025-05-28T13:13:24","modified_gmt":"2025-05-28T05:13:24","slug":"phcd-yzz-luoi-dao-pcd-kich-thuoc-co-the-tuy-chinh","status":"publish","type":"product","link":"https:\/\/honwaygroup.com\/vi\/product\/phcd-yzz-luoi-dao-pcd-kich-thuoc-co-the-tuy-chinh\/","title":{"rendered":"PHCD.YZZ L\u01b0\u1ee1i dao PCD &#8211; K\u00edch th\u01b0\u1edbc c\u00f3 th\u1ec3 t\u00f9y ch\u1ec9nh"},"content":{"rendered":"<h1>&#8220;PHCD.YZZ L\u01b0\u1ee1i dao PCD &#8211; \u0110\u1eb7c \u0111i\u1ec3m s\u1ea3n ph\u1ea9m<\/h1>\n<p>C\u00f3 \u0111\u1ed9 c\u1ee9ng cao, d\u1eabn nhi\u1ec7t t\u1ed1t v\u00e0 h\u1ec7 s\u1ed1 ma s\u00e1t th\u1ea5p, gi\u00fap gi\u1ea3m \u0111\u00e1ng k\u1ec3 l\u1ef1c c\u1eaft v\u00e0 gi\u1ea3m nguy c\u01a1 t\u00edch t\u1ee5 phoi.<\/p>\n<ul>\n<li>\u0110\u1ed9 c\u1ee9ng cao v\u00e0 h\u1ec7 s\u1ed1 ma s\u00e1t th\u1ea5p, c\u00f3 th\u1ec3 gi\u1ea3m l\u1ef1c c\u1eaft hi\u1ec7u qu\u1ea3 v\u00e0 n\u00e2ng cao \u0111\u1ed9 ch\u00ednh x\u00e1c gia c\u00f4ng<\/li>\n<li>Trong qu\u00e1 tr\u00ecnh gia c\u00f4ng, bi\u1ebfn d\u1ea1ng nhi\u1ec7t nh\u1ecf, th\u00edch h\u1ee3p cho gia c\u00f4ng \u0111\u1ed9 ch\u00ednh x\u00e1c cao.<\/li>\n<li>Dao PCD c\u00f3 \u0111\u1ed9 t\u01b0\u01a1ng th\u00edch th\u1ea5p v\u1edbi c\u00e1c v\u1eadt li\u1ec7u m\u00e0u ho\u1eb7c phi kim lo\u1ea1i, phoi kh\u00f4ng d\u1ec5 d\u00ednh v\u00e0o \u0111\u1ea7u dao trong qu\u00e1 tr\u00ecnh gia c\u00f4ng, tr\u00e1nh t\u00edch t\u1ee5 phoi.&#8221;**<\/li>\n<\/ul>\n<h2>L\u0129nh v\u1ef1c \u1ee9ng d\u1ee5ng:<\/h2>\n<ul>\n<li>\u0110\u01b0\u1ee3c \u1ee9ng d\u1ee5ng r\u1ed9ng r\u00e3i trong gia c\u00f4ng c\u00e1c v\u1eadt li\u1ec7u nh\u01b0 \u0111\u00e1, g\u1ed7, v\u1eadt li\u1ec7u t\u1ed5ng h\u1ee3p kim lo\u1ea1i m\u00e0u, k\u00ednh v\u00e0 g\u1ed1m k\u1ef9 thu\u1eadt.<\/li>\n<li>Ph\u00f9 h\u1ee3p \u0111\u1ec3 c\u1eaft c\u00e1c lo\u1ea1i \u0111\u1ebf b\u00e1n d\u1eabn trong quy tr\u00ecnh CoWos, bao g\u1ed3m \u0111\u1ebf silicon carbide, \u0111\u1ebf k\u00ednh, \u0111\u1ebf g\u1ed1m v\u00e0 \u0111\u1ebf nh\u00f4m oxit.<\/li>\n<\/ul>\n<h2>Th\u00f4ng s\u1ed1 k\u1ef9 thu\u1eadt s\u1ea3n ph\u1ea9m<\/h2>\n<p><a href=\"https:\/\/honwaygroup.com\/wp-content\/uploads\/2024\/10\/HCD_%E5%B7%A5%E4%BD%9C%E5%8D%80%E5%9F%9F-1-%E8%A4%87%E6%9C%AC-5.webp\"><img fetchpriority=\"high\" decoding=\"async\" class=\"wp-image-59972 size-full\" src=\"https:\/\/honwaygroup.com\/wp-content\/uploads\/2024\/10\/HCD_%E5%B7%A5%E4%BD%9C%E5%8D%80%E5%9F%9F-1-%E8%A4%87%E6%9C%AC-5.webp\" alt=\"PHCD.YZZ\" width=\"1250\" height=\"642\"><\/a><\/p>\n<table width=\"633\">\n<tbody>\n<tr>\n<td width=\"62\">M\u00e3 s\u1ed1 s\u1ea3n ph\u1ea9m<\/td>\n<td width=\"75\">Lo\u1ea1i s\u1ea3n ph\u1ea9m<\/td>\n<td width=\"80\">\u1ee8ng d\u1ee5ng<\/td>\n<td width=\"94\">\u0110\u1ed9 h\u1ea1t<\/td>\n<td width=\"95\"><strong>\u0110\u01b0\u1eddng k\u00ednh<\/strong><\/td>\n<td width=\"66\">G\u00f3c xo\u1eafn<\/td>\n<td width=\"85\"><strong>Chi\u1ec1u d\u00e0i l\u01b0\u1ee1i dao<\/strong><\/td>\n<td width=\"76\"><strong>Chi\u1ec1u d\u00e0i khu\u00f4n dao<\/strong><\/td>\n<\/tr>\n<tr>\n<td width=\"62\">PHCD.RZX<\/td>\n<td width=\"75\">dao PCD<\/td>\n<td width=\"80\">Khoan c\u1eaft<br \/>v\u1eadt li\u1ec7u kim lo\u1ea1i m\u00e0u v\u00e0 phi kim lo\u1ea1i.<\/td>\n<td width=\"94\">M\u1ecbn<\/p>\n<p>Trung b\u00ecnh<\/p>\n<p>Th\u00f4<\/td>\n<td width=\"95\">\u22051.5~\u220525<\/td>\n<td width=\"66\">30\u00b0<\/td>\n<td width=\"85\">0.3~1.5<\/td>\n<td width=\"76\">3.5<\/td>\n<\/tr>\n<\/tbody>\n<\/table>\n<p><span style=\"font-size: 16px\">\u0110\u01a1n v\u1ecb k\u00edch th\u01b0\u1edbc (MM)<\/span><\/p>\n<h2>\u0110\u1eb7c \u0111i\u1ec3m v\u1eadt li\u1ec7u.<\/h2>\n<p><a href=\"https:\/\/honwaygroup.com\/wp-content\/uploads\/2024\/10\/PCD%E5%88%80%E5%85%B7%E5%B1%95%E6%9E%B6%E8%A8%AD%E8%A8%88-%E5%A4%96%E6%A1%86%E8%BC%B8%E5%87%BA-02.webp\"><img decoding=\"async\" class=\"alignnone wp-image-59722\" src=\"https:\/\/honwaygroup.com\/wp-content\/uploads\/2024\/10\/PCD%E5%88%80%E5%85%B7%E5%B1%95%E6%9E%B6%E8%A8%AD%E8%A8%88-%E5%A4%96%E6%A1%86%E8%BC%B8%E5%87%BA-02.webp\" alt=\"\u0110\u1eb7c \u0111i\u1ec3m c\u1ee7a dao PCD\" width=\"543\" height=\"700\"><\/a><\/p>\n<h2>L\u01b0u \u00fd<\/h2>\n<p><strong>1.G\u00f3c nghi\u00eang<\/strong>: Dao PCD m\u1ed9t \u0111i\u1ec3m kh\u00f4ng n\u00ean h\u01b0\u1edbng th\u1eb3ng \u0111\u1ee9ng v\u00e0o t\u00e2m b\u00e1nh m\u00e0i, th\u00f4ng th\u01b0\u1eddng c\u1ea7n nghi\u00eang 10-15\u00b0.<\/p>\n<p><strong>2.C\u1ea9n th\u1eadn khi \u0111\u1eb7t: <\/strong>Khi \u0111\u1eb7t dao PCD v\u00e0o gi\u00e1 k\u1eb9p, c\u1ea7n tr\u00e1nh \u0111\u1ec3 dao va ch\u1ea1m v\u1edbi b\u1ec1 m\u1eb7t b\u00e1nh m\u00e0i \u0111\u1ec3 tr\u00e1nh l\u00e0m h\u1ecfng dao ho\u1eb7c b\u00e1nh m\u00e0i.&#8221;**<\/p>\n<p>3<strong>. Tr\u00e1nh h\u1ecfng h\u00f3c do qu\u00e1 nhi\u1ec7t: <\/strong>Kh\u00f4ng t\u00f4i c\u00f4ng c\u1ee5 s\u1eeda ch\u1eefa khi \u0111ang n\u00f3ng. Khi th\u1ef1c hi\u1ec7n s\u1eeda ch\u1eefa kh\u00f4, c\u1ea7n c\u00f3 \u0111\u1ee7 th\u1eddi gian \u0111\u1ec3 dao PCD \u0111\u01b0\u1ee3c l\u00e0m m\u00e1t ho\u00e0n to\u00e0n nh\u1eb1m tr\u00e1nh h\u1ecfng h\u00f3c do qu\u00e1 nhi\u1ec7t.<\/p>\n<p><strong>4. L\u1ef1a ch\u1ecdn d\u1ee5ng c\u1ee5 ph\u00f9 h\u1ee3p:<\/strong> Khi \u0111\u1eb7t h\u00e0ng dao PCD, c\u1ea7n xem x\u00e9t ph\u1ea1m vi \u1ee9ng d\u1ee5ng c\u1ee7a d\u1ee5ng c\u1ee5. \u0110\u1eb7c bi\u1ec7t, khi gia c\u00f4ng kim lo\u1ea1i m\u00e0u \u0111en, do kim c\u01b0\u01a1ng v\u00e0 nguy\u00ean t\u1ed1 cacbon trong th\u00e9p c\u00f3 th\u1ec3 x\u1ea3y ra ph\u1ea3n \u1ee9ng h\u00f3a h\u1ecdc, \u0111i\u1ec1u n\u00e0y c\u00f3 th\u1ec3 t\u0103ng t\u1ed1c \u0111\u1ed9 m\u00e0i m\u00f2n c\u1ee7a dao.<\/p>\n<p><strong>5. B\u1ea3o d\u01b0\u1ee1ng v\u00e0 l\u00e0m s\u1ea1ch: <\/strong>Khi thay \u0111\u1ed5i dao, c\u1ea7n lo\u1ea1i b\u1ecf t\u1ea5t c\u1ea3 c\u00e1c m\u1ea3nh dao b\u1ecb g\u00e3y \u0111\u1ec3 tr\u00e1nh g\u00e2y h\u1ecfng h\u00f3c l\u1ea7n th\u1ee9 hai. \u0110\u1ea3m b\u1ea3o thi\u1ebft b\u1ecb gia c\u00f4ng \u1ed5n \u0111\u1ecbnh, v\u00ec thi\u1ebft b\u1ecb kh\u00f4ng \u1ed5n \u0111\u1ecbnh d\u1ec5 g\u00e2y rung, d\u1eabn \u0111\u1ebfn dao b\u1ecb g\u00e3y.<\/p>\n<p><strong>6. L\u01b0u tr\u1eef<\/strong>: Khi l\u01b0u tr\u1eef dao PCD, c\u1ea7n \u0111\u1eb7t ri\u00eang bi\u1ec7t, kh\u00f4ng \u0111\u1ec3 c\u00e1c \u0111\u1ea7u dao ch\u1ea1m v\u00e0o nhau \u0111\u1ec3 tr\u00e1nh g\u00e2y h\u1ecfng h\u00f3c dao.<\/p>\n","protected":false},"excerpt":{"rendered":"<p>L\u01b0\u1ee1i dao PCD c\u00f3 \u0111\u1ed9 c\u1ee9ng cao, d\u1eabn nhi\u1ec7t t\u1ed1t v\u00e0 h\u1ec7 s\u1ed1 ma s\u00e1t th\u1ea5p, gi\u00fap gi\u1ea3m \u0111\u00e1ng k\u1ec3 l\u1ef1c c\u1eaft v\u00e0 gi\u1ea3m nguy c\u01a1 t\u00edch t\u1ee5 phoi.<\/p>\n<ul>\n<li>C\u00f3 th\u1ec3 gi\u1ea3m l\u1ef1c c\u1eaft hi\u1ec7u qu\u1ea3 v\u00e0 n\u00e2ng cao \u0111\u1ed9 ch\u00ednh x\u00e1c gia c\u00f4ng.<\/li>\n<li>Trong qu\u00e1 tr\u00ecnh gia c\u00f4ng, bi\u1ebfn d\u1ea1ng nhi\u1ec7t nh\u1ecf, th\u00edch h\u1ee3p cho gia c\u00f4ng \u0111\u1ed9 ch\u00ednh x\u00e1c cao.<\/li>\n<li>Dao PCD c\u00f3 \u0111\u1ed9 t\u01b0\u01a1ng th\u00edch th\u1ea5p v\u1edbi c\u00e1c v\u1eadt li\u1ec7u m\u00e0u ho\u1eb7c phi kim lo\u1ea1i, phoi kh\u00f4ng d\u1ec5 d\u00ednh v\u00e0o \u0111\u1ea7u dao trong qu\u00e1 tr\u00ecnh gia c\u00f4ng, tr\u00e1nh t\u00edch t\u1ee5 phoi.&#8221;**<\/li>\n<\/ul>\n<h5><strong><span style=\"color: #ff0000;font-size: 19.2px\">\u25b2 S\u1ea3n ph\u1ea9m n\u00e0y l\u00e0 h\u00e0ng t\u00f9y ch\u1ec9nh,<\/span><\/strong><strong><span style=\"color: #ff0000;font-size: 19.2px\">hoan ngh\u00eanh nh\u1eafn tin ri\u00eang \u0111\u1ec3 h\u1ecfi gi\u00e1:<\/span><\/strong><strong><span style=\"color: #ff0000;font-size: 19.2px\"><a href=\"https:\/\/honwaygroup.com\/vi\/lien-he-voi-honway\/\" target=\"_blank\" rel=\"noopener\">Li\u00ean h\u1ec7 v\u1edbi HonWay.<\/a><\/span><\/strong><\/h5>\n<h5><strong><span style=\"color: #ff0000;font-size: 19.2px\">\u25b2<\/span><\/strong><strong><span style=\"color: #ff0000;font-size: 19.2px\">N\u1ebfu c\u1ea7n k\u00edch th\u01b0\u1edbc t\u00f9y ch\u1ec9nh, vui l\u00f2ng li\u00ean h\u1ec7 b\u1ed9 ph\u1eadn ch\u0103m s\u00f3c kh\u00e1ch h\u00e0ng. Ng\u00e0y giao h\u00e0ng s\u1ebd ph\u1ee5 thu\u1ed9c v\u00e0o th\u1eddi gian \u0111\u01b0\u1ee3c th\u00f4ng b\u00e1o t\u1eeb b\u1ed9 ph\u1eadn n\u00e0y.<\/span><\/strong><\/h5>\n<h5><strong><span style=\"color: #ff0000;font-size: 19.2px\">\u25b2 \u0110\u1eb7t h\u00e0ng s\u1ed1 l\u01b0\u1ee3ng l\u1edbn c\u00f3 th\u1ec3 \u0111\u01b0\u1ee3c h\u01b0\u1edfng chi\u1ebft kh\u1ea5u \u01b0u \u0111\u00e3i, vui l\u00f2ng li\u00ean h\u1ec7 b\u1ed9 ph\u1eadn ch\u0103m s\u00f3c kh\u00e1ch h\u00e0ng \u0111\u1ec3 bi\u1ebft th\u00eam chi ti\u1ebft.<\/span><\/strong><\/h5>\n<h5><strong><span style=\"color: #ff0000;font-size: 19.2px\">\u25b2<\/span> <span style=\"color: #ff0000\">Th\u1eddi gian nh\u1eadn h\u00e0ng th\u1ef1c t\u1ebf cho c\u00e1c \u0111\u01a1n \u0111\u1eb7t h\u00e0ng qu\u1ed1c t\u1ebf ph\u1ee5 thu\u1ed9c v\u00e0o t\u00ecnh tr\u1ea1ng v\u1eadn chuy\u1ec3n c\u1ee7a c\u00f4ng ty chuy\u1ec3n ph\u00e1t nhanh.<\/span><\/strong><\/h5>\n<h5><strong><span style=\"color: #ff0000;font-size: 19.2px\"> <\/span><\/strong><\/h5>\n<p>&nbsp;<\/p>\n<p>&nbsp;<\/p>\n","protected":false},"featured_media":80748,"template":"","meta":{"site-sidebar-layout":"default","site-content-layout":"default","ast-site-content-layout":"default","site-content-style":"default","site-sidebar-style":"default","ast-global-header-display":"","ast-banner-title-visibility":"","ast-main-header-display":"","ast-hfb-above-header-display":"","ast-hfb-below-header-display":"","ast-hfb-mobile-header-display":"","site-post-title":"","ast-breadcrumbs-content":"","ast-featured-img":"","footer-sml-layout":"","ast-disable-related-posts":"","theme-transparent-header-meta":"default","adv-header-id-meta":"","stick-header-meta":"","header-above-stick-meta":"","header-main-stick-meta":"","header-below-stick-meta":"","astra-migrate-meta-layouts":"default","ast-page-background-enabled":"default","ast-page-background-meta":{"desktop":{"background-color":"var(--ast-global-color-5)","background-image":"","background-repeat":"repeat","background-position":"center center","background-size":"auto","background-attachment":"scroll","background-type":"","background-media":"","overlay-type":"","overlay-color":"","overlay-opacity":"","overlay-gradient":""},"tablet":{"background-color":"","background-image":"","background-repeat":"repeat","background-position":"center center","background-size":"auto","background-attachment":"scroll","background-type":"","background-media":"","overlay-type":"","overlay-color":"","overlay-opacity":"","overlay-gradient":""},"mobile":{"background-color":"","background-image":"","background-repeat":"repeat","background-position":"center center","background-size":"auto","background-attachment":"scroll","background-type":"","background-media":"","overlay-type":"","overlay-color":"","overlay-opacity":"","overlay-gradient":""}},"ast-content-background-meta":{"desktop":{"background-color":"var(--ast-global-color-4)","background-image":"","background-repeat":"repeat","background-position":"center center","background-size":"auto","background-attachment":"scroll","background-type":"","background-media":"","overlay-type":"","overlay-color":"","overlay-opacity":"","overlay-gradient":""},"tablet":{"background-color":"var(--ast-global-color-4)","background-image":"","background-repeat":"repeat","background-position":"center center","background-size":"auto","background-attachment":"scroll","background-type":"","background-media":"","overlay-type":"","overlay-color":"","overlay-opacity":"","overlay-gradient":""},"mobile":{"background-color":"var(--ast-global-color-4)","background-image":"","background-repeat":"repeat","background-position":"center center","background-size":"auto","background-attachment":"scroll","background-type":"","background-media":"","overlay-type":"","overlay-color":"","overlay-opacity":"","overlay-gradient":""}}},"product_brand":[],"product_cat":[4376],"product_tag":[4743,4744],"class_list":{"0":"post-80747","1":"product","2":"type-product","3":"status-publish","4":"has-post-thumbnail","6":"product_cat-dung-cu-cat-pcd","7":"product_tag-dao-cu-pcd","8":"product_tag-luoi-dao-pcd","9":"desktop-align-left","10":"tablet-align-left","11":"mobile-align-left","12":"ast-product-gallery-layout-horizontal-slider","13":"ast-product-tabs-layout-horizontal","15":"first","16":"instock","17":"taxable","18":"shipping-taxable","19":"product-type-simple"},"_links":{"self":[{"href":"https:\/\/honwaygroup.com\/vi\/wp-json\/wp\/v2\/product\/80747","targetHints":{"allow":["GET"]}}],"collection":[{"href":"https:\/\/honwaygroup.com\/vi\/wp-json\/wp\/v2\/product"}],"about":[{"href":"https:\/\/honwaygroup.com\/vi\/wp-json\/wp\/v2\/types\/product"}],"version-history":[{"count":0,"href":"https:\/\/honwaygroup.com\/vi\/wp-json\/wp\/v2\/product\/80747\/revisions"}],"wp:featuredmedia":[{"embeddable":true,"href":"https:\/\/honwaygroup.com\/vi\/wp-json\/wp\/v2\/media\/80748"}],"wp:attachment":[{"href":"https:\/\/honwaygroup.com\/vi\/wp-json\/wp\/v2\/media?parent=80747"}],"wp:term":[{"taxonomy":"product_brand","embeddable":true,"href":"https:\/\/honwaygroup.com\/vi\/wp-json\/wp\/v2\/product_brand?post=80747"},{"taxonomy":"product_cat","embeddable":true,"href":"https:\/\/honwaygroup.com\/vi\/wp-json\/wp\/v2\/product_cat?post=80747"},{"taxonomy":"product_tag","embeddable":true,"href":"https:\/\/honwaygroup.com\/vi\/wp-json\/wp\/v2\/product_tag?post=80747"}],"curies":[{"name":"wp","href":"https:\/\/api.w.org\/{rel}","templated":true}]}}