{"id":80718,"date":"2024-11-06T10:43:36","date_gmt":"2024-11-06T02:43:36","guid":{"rendered":"https:\/\/honwaygroup.com\/?post_type=product&#038;p=80718"},"modified":"2025-05-28T11:37:44","modified_gmt":"2025-05-28T03:37:44","slug":"dao-tien-kim-cuong-da-tinh-the-pcd-va-boron-nitride-cbn-%e3%80%8athanh-ly-so-luong-nho%e3%80%8b","status":"publish","type":"product","link":"https:\/\/honwaygroup.com\/vi\/product\/dao-tien-kim-cuong-da-tinh-the-pcd-va-boron-nitride-cbn-%e3%80%8athanh-ly-so-luong-nho%e3%80%8b\/","title":{"rendered":"Dao ti\u1ec7n kim c\u01b0\u01a1ng \u0111a tinh th\u1ec3 (PCD) v\u00e0 Boron Nitride (CBN) \u300aThanh l\u00fd s\u1ed1 l\u01b0\u1ee3ng nh\u1ecf\u300b"},"content":{"rendered":"<p><strong>Dao ti\u1ec7n kim c\u01b0\u01a1ng \u0111a tinh th\u1ec3 (PCD) v\u00e0 Boron Nitride (CBN)<\/strong><\/p>\n<p>Dao ti\u1ec7n PCD v\u00e0 CBN c\u00f3 \u0111\u1ed9 c\u1ee9ng v\u00e0 kh\u1ea3 n\u0103ng ch\u1ed1ng m\u00e0i m\u00f2n cao h\u01a1n so v\u1edbi c\u00e1c lo\u1ea1i dao c\u1eaft kh\u00e1c.<\/p>\n<p><strong>\u01afu \u0111i\u1ec3m:<\/strong><\/p>\n<ul>\n<li>Th\u1eddi gian s\u1eed d\u1ee5ng dao c\u1ee5 l\u00e2u h\u01a1n.<\/li>\n<li>C\u1ea3i thi\u1ec7n \u0111\u1ed9 ch\u00ednh x\u00e1c gia c\u00f4ng v\u00e0 \u0111\u1ed9 b\u00f3ng b\u1ec1 m\u1eb7t c\u1ee7a ph\u00f4i.<\/li>\n<li>Gi\u1ea3m chi ph\u00ed gia c\u00f4ng ph\u00f4i.<\/li>\n<li>T\u0103ng n\u0103ng su\u1ea5t m\u00e1y m\u00f3c.<\/li>\n<\/ul>\n<h2><strong>Quy c\u00e1ch s\u1ea3n ph\u1ea9m:<\/strong><\/h2>\n<table>\n<tbody>\n<tr>\n<td width=\"170\"><\/td>\n<td width=\"100\">V\u1eadt li\u1ec7u l\u01b0\u1ee1i dao<\/td>\n<td width=\"47\">W<\/td>\n<td width=\"47\">H<\/td>\n<td width=\"52\">L<\/td>\n<td width=\"49\">R<\/td>\n<td width=\"47\">V\u00b0<\/td>\n<td width=\"42\">S<\/td>\n<\/tr>\n<tr>\n<td width=\"170\">Lo\u1ea1i 33<\/p>\n<p><a href=\"https:\/\/honwaygroup.com\/wp-content\/uploads\/2024\/11\/\u805a\u6676\u947d\u77f3\u3001\u6c2e\u5316\u787c\u8eca\u5200_\u5de5\u4f5c\u5340\u57df-1-\u8907\u672c-29-e1689669233340.jpg\"><img fetchpriority=\"high\" decoding=\"async\" class=\" wp-image-60917\" src=\"https:\/\/honwaygroup.com\/wp-content\/uploads\/2024\/11\/\u805a\u6676\u947d\u77f3\u3001\u6c2e\u5316\u787c\u8eca\u5200_\u5de5\u4f5c\u5340\u57df-1-\u8907\u672c-29-e1689669233340.jpg\" alt=\"33\u578b\" width=\"408\" height=\"190\" \/><\/a><\/td>\n<td width=\"100\">PCD<\/td>\n<td width=\"47\">19<\/td>\n<td width=\"47\">19<\/td>\n<td width=\"52\">120<\/td>\n<td width=\"49\">0.1<\/td>\n<td width=\"47\">0<\/td>\n<td width=\"42\">0<\/td>\n<\/tr>\n<tr>\n<td width=\"170\">Lo\u1ea1i 37<\/p>\n<p><a href=\"https:\/\/honwaygroup.com\/wp-content\/uploads\/2024\/11\/\u805a\u6676\u947d\u77f3\u3001\u6c2e\u5316\u787c\u8eca\u5200_\u5de5\u4f5c\u5340\u57df-1-\u8907\u672c-32-e1689669271644.jpg\"><img decoding=\"async\" class=\" wp-image-60921\" src=\"https:\/\/honwaygroup.com\/wp-content\/uploads\/2024\/11\/\u805a\u6676\u947d\u77f3\u3001\u6c2e\u5316\u787c\u8eca\u5200_\u5de5\u4f5c\u5340\u57df-1-\u8907\u672c-32-e1689669271644.jpg\" alt=\"37\u578b\" width=\"425\" height=\"206\" \/><\/a><\/td>\n<td width=\"100\">PCD<\/td>\n<td width=\"47\">16<\/td>\n<td width=\"47\">16<\/td>\n<td width=\"52\">150<\/td>\n<td width=\"49\">0.3<\/td>\n<td width=\"47\">10<\/td>\n<td width=\"42\">2<\/td>\n<\/tr>\n<tr>\n<td width=\"170\">Th\u00f4ng s\u1ed1 k\u1ef9 thu\u1eadt \u0111\u1eb7c bi\u1ec7t<\/p>\n<p><a href=\"https:\/\/honwaygroup.com\/wp-content\/uploads\/2024\/11\/\u7279\u6b8a\u898f\u683c_\u5de5\u4f5c\u5340\u57df-1.jpg\"><img decoding=\"async\" class=\"wp-image-63569 \" src=\"https:\/\/honwaygroup.com\/wp-content\/uploads\/2024\/11\/\u7279\u6b8a\u898f\u683c_\u5de5\u4f5c\u5340\u57df-1-300x140.jpg\" alt=\"\u7279\u6b8a\u898f\u683c\" width=\"410\" height=\"192\" \/><\/a><\/td>\n<td width=\"100\">PCD<\/td>\n<td width=\"47\">16<\/td>\n<td width=\"47\">16<\/td>\n<td width=\"52\">123<\/td>\n<td width=\"49\">0.3<\/td>\n<td width=\"47\">0<\/td>\n<td width=\"42\">0<\/td>\n<\/tr>\n<\/tbody>\n<\/table>\n<ul>\n<li><strong>S\u1ea3n ph\u1ea9m kh\u00f4ng ti\u00eau chu\u1ea9n:<\/strong>C\u00f3 th\u1ec3 t\u00f9y ch\u1ec9nh d\u1ef1a tr\u00ean b\u1ea3n v\u1ebd \u0111\u01b0\u1ee3c cung c\u1ea5p.<strong>L\u01b0u \u00fd:<\/strong>\n<ul>\n<li>T\u1ea5t c\u1ea3 s\u1ea3n ph\u1ea9m n\u00e0y \u0111\u1ec1u kh\u00f4ng ph\u1ea3i h\u00e0ng ti\u00eau chu\u1ea9n.<\/li>\n<li>H\u00e0ng c\u00f3 k\u00edch th\u01b0\u1edbc nh\u1ecf l\u1ebb, s\u1ed1 l\u01b0\u1ee3ng c\u00f3 h\u1ea1n, b\u00e1n \u0111\u1ebfn khi h\u1ebft h\u00e0ng<\/li>\n<\/ul>\n<\/li>\n<\/ul>\n<p>C\u00f3 b\u1ea5t k\u1ef3 th\u1eafc m\u1eafc n\u00e0o? <a href=\"https:\/\/honwaygroup.com\/vi\/lien-he-voi-honway\/\">Li\u00ean h\u1ec7 v\u1edbi HonWay<\/a><\/p>\n<p>&nbsp;<\/p>\n","protected":false},"excerpt":{"rendered":"<div id=\"desWrap\">\n<p><strong>{Hoan ngh\u00eanh g\u1eedi th\u01b0 \u0111\u1ec3 h\u1ecfi gi\u00e1}<\/strong> Dao ti\u1ec7n kim c\u01b0\u01a1ng \u0111a tinh th\u1ec3 (PCD) v\u00e0 Boron Nitride \u0111a tinh th\u1ec3 (PCBN) so v\u1edbi c\u00e1c lo\u1ea1i dao c\u1eaft kh\u00e1c, c\u00f3 \u0111\u1ed9 c\u1ee9ng cao h\u01a1n v\u00e0 kh\u1ea3 n\u0103ng ch\u1ed1ng m\u00e0i m\u00f2n t\u1ed1t h\u01a1n.<\/p>\n<p><strong>\u01afu \u0111i\u1ec3m:<\/strong><\/p>\n<ul>\n<li>Th\u1eddi gian s\u1eed d\u1ee5ng dao c\u1ee5 l\u00e2u h\u01a1n.<\/li>\n<li>N\u00e2ng cao \u0111\u1ed9 ch\u00ednh x\u00e1c gia c\u00f4ng v\u00e0 \u0111\u1ed9 b\u00f3ng b\u1ec1 m\u1eb7t c\u1ee7a ph\u00f4i.<\/li>\n<li>Gi\u1ea3m chi ph\u00ed gia c\u00f4ng ph\u00f4i.<\/li>\n<li>T\u0103ng n\u0103ng su\u1ea5t m\u00e1y m\u00f3c.<\/li>\n<li>T\u0103ng n\u0103ng su\u1ea5t m\u00e1y m\u00f3c.<\/li>\n<\/ul>\n<h4><\/h4>\n<p><strong>Ph\u1ea1m vi \u1ee9ng d\u1ee5ng:<\/strong><\/p>\n<ul>\n<li><strong>Kim c\u01b0\u01a1ng \u0111a tinh th\u1ec3 (PCD):<\/strong> H\u1ee3p kim \u0111\u1ed3ng, h\u1ee3p kim nh\u00f4m, tungsten carbide v\u00e0 g\u1ed1m s\u1ee9 thi\u00eau k\u1ebft, tungsten carbide v\u00e0 g\u1ed1m s\u1ee9 tr\u01b0\u1edbc thi\u00eau k\u1ebft, h\u1ee3p kim nh\u00f4m silicon cao, F.R.P, cao su c\u1ee9ng, graphite.<\/li>\n<li><strong>Boron Nitride \u0111a tinh th\u1ec3 (PCBN):<\/strong> Th\u00e9p c\u1ee9ng (HRC 45~68), th\u00e9p ch\u1ecbu nhi\u1ec7t (SUS), th\u00e9p si\u00eau ch\u1ecbu nhi\u1ec7t: h\u1ee3p kim n\u1ec1n niken, h\u1ee3p kim n\u1ec1n coban, gang: gang l\u00e0m ngu\u1ed9i, gang inoculant, th\u00e9p h\u1ee3p kim thi\u00eau k\u1ebft: th\u00e9p cr\u00f4m molypden, th\u00e9p cr\u00f4m molypden niken.<\/li>\n<\/ul>\n<h5><strong><span style=\"color: #ff0000; font-size: 19.2px;\">\u25b2\u00a0N\u1ebfu c\u1ea7n k\u00edch th\u01b0\u1edbc t\u00f9y ch\u1ec9nh, vui l\u00f2ng li\u00ean h\u1ec7 nh\u00e2n vi\u00ean ch\u0103m s\u00f3c kh\u00e1ch h\u00e0ng, ng\u00e0y giao h\u00e0ng s\u1ebd d\u1ef1a theo th\u1eddi gian th\u00f4ng b\u00e1o c\u1ee7a nh\u00e2n vi\u00ean. <\/span><\/strong><\/h5>\n<h5><strong><span style=\"color: #ff0000; font-size: 19.2px;\">\u25b2 T\u1ea5t c\u1ea3 s\u1ea3n ph\u1ea9m n\u00e0y \u0111\u1ec1u kh\u00f4ng ph\u1ea3i h\u00e0ng ti\u00eau chu\u1ea9n. <\/span><\/strong><\/h5>\n<h5><strong><span style=\"color: #ff0000; font-size: 19.2px;\">\u25b2 H\u00e0ng c\u00f3 k\u00edch th\u01b0\u1edbc nh\u1ecf l\u1ebb, s\u1ed1 l\u01b0\u1ee3ng c\u00f3 h\u1ea1n, b\u00e1n \u0111\u1ebfn khi h\u1ebft h\u00e0ng. <\/span><\/strong><\/h5>\n<h5><strong><span style=\"color: #ff0000; font-size: 19.2px;\">\u25b2 Th\u1eddi gian giao h\u00e0ng th\u1ef1c t\u1ebf cho \u0111\u01a1n h\u00e0ng qu\u1ed1c t\u1ebf ph\u1ee5 thu\u1ed9c v\u00e0o t\u00ecnh tr\u1ea1ng v\u1eadn chuy\u1ec3n c\u1ee7a c\u00f4ng ty chuy\u1ec3n ph\u00e1t nhanh.&#8221;<\/span><\/strong><\/h5>\n<\/div>\n","protected":false},"featured_media":80719,"template":"","meta":{"site-sidebar-layout":"default","site-content-layout":"default","ast-site-content-layout":"default","site-content-style":"default","site-sidebar-style":"default","ast-global-header-display":"","ast-banner-title-visibility":"","ast-main-header-display":"","ast-hfb-above-header-display":"","ast-hfb-below-header-display":"","ast-hfb-mobile-header-display":"","site-post-title":"","ast-breadcrumbs-content":"","ast-featured-img":"","footer-sml-layout":"","ast-disable-related-posts":"","theme-transparent-header-meta":"default","adv-header-id-meta":"","stick-header-meta":"default","header-above-stick-meta":"","header-main-stick-meta":"","header-below-stick-meta":"","astra-migrate-meta-layouts":"set","ast-page-background-enabled":"default","ast-page-background-meta":{"desktop":{"background-color":"var(--ast-global-color-5)","background-image":"","background-repeat":"repeat","background-position":"center center","background-size":"auto","background-attachment":"scroll","background-type":"","background-media":"","overlay-type":"","overlay-color":"","overlay-opacity":"","overlay-gradient":""},"tablet":{"background-color":"","background-image":"","background-repeat":"repeat","background-position":"center center","background-size":"auto","background-attachment":"scroll","background-type":"","background-media":"","overlay-type":"","overlay-color":"","overlay-opacity":"","overlay-gradient":""},"mobile":{"background-color":"","background-image":"","background-repeat":"repeat","background-position":"center center","background-size":"auto","background-attachment":"scroll","background-type":"","background-media":"","overlay-type":"","overlay-color":"","overlay-opacity":"","overlay-gradient":""}},"ast-content-background-meta":{"desktop":{"background-color":"var(--ast-global-color-4)","background-image":"","background-repeat":"repeat","background-position":"center center","background-size":"auto","background-attachment":"scroll","background-type":"","background-media":"","overlay-type":"","overlay-color":"","overlay-opacity":"","overlay-gradient":""},"tablet":{"background-color":"var(--ast-global-color-4)","background-image":"","background-repeat":"repeat","background-position":"center center","background-size":"auto","background-attachment":"scroll","background-type":"","background-media":"","overlay-type":"","overlay-color":"","overlay-opacity":"","overlay-gradient":""},"mobile":{"background-color":"var(--ast-global-color-4)","background-image":"","background-repeat":"repeat","background-position":"center center","background-size":"auto","background-attachment":"scroll","background-type":"","background-media":"","overlay-type":"","overlay-color":"","overlay-opacity":"","overlay-gradient":""}}},"product_brand":[],"product_cat":[4389,4394,4684,4298],"product_tag":[5084,4878],"class_list":{"0":"post-80718","1":"product","2":"type-product","3":"status-publish","4":"has-post-thumbnail","6":"product_cat-cong-cu-kim-cuong","7":"product_cat-dao-cat-kim-cuong-nitrua-boron","8":"product_cat-khac","9":"product_cat-khu-vuc-thanh-ly-hang-ton-kho","10":"product_tag-dao-tien-kim-cuong","11":"product_tag-dao-tien-nitrua-bo","12":"desktop-align-left","13":"tablet-align-left","14":"mobile-align-left","15":"ast-product-gallery-layout-horizontal-slider","16":"ast-product-single-variable","17":"ast-product-tabs-layout-horizontal","19":"first","20":"instock","21":"taxable","22":"shipping-taxable","23":"purchasable","24":"product-type-variable"},"_links":{"self":[{"href":"https:\/\/honwaygroup.com\/vi\/wp-json\/wp\/v2\/product\/80718","targetHints":{"allow":["GET"]}}],"collection":[{"href":"https:\/\/honwaygroup.com\/vi\/wp-json\/wp\/v2\/product"}],"about":[{"href":"https:\/\/honwaygroup.com\/vi\/wp-json\/wp\/v2\/types\/product"}],"version-history":[{"count":0,"href":"https:\/\/honwaygroup.com\/vi\/wp-json\/wp\/v2\/product\/80718\/revisions"}],"wp:featuredmedia":[{"embeddable":true,"href":"https:\/\/honwaygroup.com\/vi\/wp-json\/wp\/v2\/media\/80719"}],"wp:attachment":[{"href":"https:\/\/honwaygroup.com\/vi\/wp-json\/wp\/v2\/media?parent=80718"}],"wp:term":[{"taxonomy":"product_brand","embeddable":true,"href":"https:\/\/honwaygroup.com\/vi\/wp-json\/wp\/v2\/product_brand?post=80718"},{"taxonomy":"product_cat","embeddable":true,"href":"https:\/\/honwaygroup.com\/vi\/wp-json\/wp\/v2\/product_cat?post=80718"},{"taxonomy":"product_tag","embeddable":true,"href":"https:\/\/honwaygroup.com\/vi\/wp-json\/wp\/v2\/product_tag?post=80718"}],"curies":[{"name":"wp","href":"https:\/\/api.w.org\/{rel}","templated":true}]}}