{"id":80709,"date":"2024-11-27T09:35:58","date_gmt":"2024-11-27T01:35:58","guid":{"rendered":"https:\/\/honwaygroup.com\/?post_type=product&#038;p=80709"},"modified":"2025-05-27T17:14:29","modified_gmt":"2025-05-27T09:14:29","slug":"ban-chai-long-kim-cuong-%e3%80%8athanh-ly-so-luong-nho%e3%80%8b","status":"publish","type":"product","link":"https:\/\/honwaygroup.com\/vi\/product\/ban-chai-long-kim-cuong-%e3%80%8athanh-ly-so-luong-nho%e3%80%8b\/","title":{"rendered":"B\u00e0n ch\u1ea3i l\u00f4ng kim c\u01b0\u01a1ng \u300aThanh l\u00fd s\u1ed1 l\u01b0\u1ee3ng nh\u1ecf\u300b"},"content":{"rendered":"<h5><strong>B\u00e0n ch\u1ea3i l\u00f4ng kim c\u01b0\u01a1ng<\/strong><\/h5>\n<h2><strong>\u0110\u1eb7c \u0111i\u1ec3m s\u1ea3n ph\u1ea9m:<\/strong><\/h2>\n<ul>\n<li>C\u1ea7n s\u1eed d\u1ee5ng k\u00e8m m\u00e1y m\u00e0i \u0111i\u1ec7n.<\/li>\n<li>Ph\u00f9 h\u1ee3p v\u1edbi c\u00e1c v\u1eadt li\u1ec7u c\u1ee9ng: Ng\u1ecdc b\u00edch, tinh th\u1ec3, th\u00e9p tungsten, h\u1ee3p kim titanium, v.v.<\/li>\n<li>Kh\u1eafc ph\u1ee5c \u0111\u01b0\u1ee3c s\u1ef1 m\u00e0i m\u00f2n, m\u00e0i v\u00e0 \u0111\u00e1nh b\u00f3ng tr\u00ean m\u1ed9t s\u1ed1 b\u1ec1 m\u1eb7t kh\u00f4ng \u0111\u1ed3ng \u0111\u1ec1u.<\/li>\n<li>Ch\u1ea5t li\u1ec7u nylon m\u1ec1m m\u1ea1i, ch\u1ed1ng m\u00e0i m\u00f2n.<\/li>\n<li>Kh\u00f4ng c\u1ea7n s\u1eed d\u1ee5ng th\u00eam ch\u1ea5t m\u00e0i m\u00f2n, th\u00e2n thi\u1ec7n v\u1edbi m\u00f4i tr\u01b0\u1eddng h\u01a1n.<\/li>\n<li>Nghi\u00ean c\u1ee9u v\u00e0 s\u1ea3n xu\u1ea5t t\u1ea1i \u0110\u00e0i Loan.<\/li>\n<\/ul>\n<h2><strong>Quy c\u00e1ch s\u1ea3n ph\u1ea9m:<\/strong><\/h2>\n<ul>\n<li style=\"list-style-type: none;\">\n<ul>\n<li>Quy c\u00e1ch b\u00e0n ch\u1ea3i m\u00e0i kim c\u01b0\u01a1ng c\u00e1n th\u1eb3ng theo tr\u1ecdng l\u01b0\u1ee3ng \u0110\u00e0i c\u00e2n<\/li>\n<\/ul>\n<\/li>\n<\/ul>\n<p><a href=\"https:\/\/honwaygroup.com\/wp-content\/uploads\/2024\/11\/messageImage_1732670907116.jpg\"><img fetchpriority=\"high\" decoding=\"async\" class=\"wp-image-62205 \" src=\"https:\/\/honwaygroup.com\/wp-content\/uploads\/2024\/11\/messageImage_1732670907116.jpg\" alt=\"\u76f4\u67c4\u947d\u77f3\u6bdb\u5237\" width=\"232\" height=\"444\" \/><\/a><\/p>\n<table>\n<tbody>\n<tr>\n<td width=\"69\">s\u1ed1 seri<\/td>\n<td width=\"69\">\u2300D<\/td>\n<td width=\"69\">\u2300d<\/td>\n<td width=\"69\">T<\/td>\n<td width=\"69\">N<\/td>\n<td width=\"69\">L<\/td>\n<td width=\"69\">\u2300B<\/td>\n<td width=\"69\">#s\u1ed1 seri<\/td>\n<\/tr>\n<tr>\n<td width=\"69\">DB6-25D<\/td>\n<td width=\"69\">25<\/td>\n<td width=\"69\">23<\/td>\n<td width=\"69\">21<\/td>\n<td width=\"69\">24<\/td>\n<td width=\"69\">57<\/td>\n<td width=\"69\">6<\/td>\n<td width=\"69\">#600#1000<\/td>\n<\/tr>\n<\/tbody>\n<\/table>\n<h2>Quy c\u00e1ch b\u00e1nh ch\u1ea3i l\u00f4ng kim c\u01b0\u01a1ng:<\/h2>\n<p><a href=\"https:\/\/honwaygroup.com\/wp-content\/uploads\/2024\/11\/1654845288148.jpg\"><img decoding=\"async\" class=\"alignnone wp-image-65968 size-full\" src=\"https:\/\/honwaygroup.com\/wp-content\/uploads\/2024\/11\/1654845288148.jpg\" alt=\"\" width=\"987\" height=\"259\" \/><\/a><\/p>\n<p>&nbsp;<\/p>\n<table>\n<tbody>\n<tr>\n<td width=\"69\">M\u00e3 ki\u1ec3u<\/td>\n<td width=\"69\">\u2300D<\/td>\n<td width=\"69\">W<\/td>\n<td width=\"69\">T<\/td>\n<td width=\"69\">H<\/td>\n<td width=\"69\">M\u00e3 s\u1ed1<\/td>\n<\/tr>\n<tr>\n<td width=\"69\">Ki\u1ec3u d\u00e1ng \u0111\u01a1n gi\u1ea3n<\/td>\n<td width=\"69\">100<\/td>\n<td width=\"69\">10<\/td>\n<td width=\"69\">10<\/td>\n<td width=\"69\">10<\/td>\n<td width=\"69\">#3000<\/td>\n<\/tr>\n<\/tbody>\n<\/table>\n<p><strong>\u0110\u01a1n v\u1ecb: mm<\/strong><\/p>\n<p><strong>S\u1ea3n ph\u1ea9m kh\u00f4ng ti\u00eau chu\u1ea9n:<\/strong> C\u00f3 th\u1ec3 t\u00f9y ch\u1ec9nh d\u1ef1a tr\u00ean b\u1ea3n v\u1ebd \u0111\u01b0\u1ee3c cung c\u1ea5p.<\/p>\n<h2><strong>L\u01b0u \u00fd:<\/strong><\/h2>\n<ul>\n<li>Kh\u00f4ng \u00e9p m\u1ea1nh l\u00ean l\u00f4ng b\u00e0n ch\u1ea3i \u0111\u1ec3 tr\u00e1nh bi\u1ebfn d\u1ea1ng.<\/li>\n<li>C\u00f3 th\u1ec3 th\u00eam n\u01b0\u1edbc ho\u1eb7c d\u1ea7u \u0111\u1ec3 l\u00e0m m\u00e1t t\u00f9y theo t\u00ecnh hu\u1ed1ng, nh\u1eb1m tr\u00e1nh hi\u1ec7n t\u01b0\u1ee3ng tan ch\u1ea3y ho\u1eb7c v\u00f3n c\u1ee5c.<\/li>\n<\/ul>\n<p>\u6709\u4efb\u4f55\u7591\u554f?\u00a0 <a href=\"https:\/\/honwaygroup.com\/vi\/lien-he-voi-honway\/\">\u806f\u7d61\u5b8f\u5d34<\/a><\/p>\n","protected":false},"excerpt":{"rendered":"<div id=\"desWrap\">\n<ul>\n<li>C\u1ea7n s\u1eed d\u1ee5ng m\u00e1y xay \u0111i\u1ec7n<\/li>\n<li>Th\u00edch h\u1ee3p cho c\u00e1c v\u1eadt c\u1ee9ng: ng\u1ecdc b\u00edch, pha l\u00ea, th\u00e9p vonfram, h\u1ee3p kim titan, v.v.<\/li>\n<li>C\u00f3 th\u1ec3 kh\u1eafc ph\u1ee5c t\u00ecnh tr\u1ea1ng th\u1ee5 \u0111\u1ed9ng h\u00f3a, m\u00e0i m\u00f2n v\u00e0 \u0111\u00e1nh b\u00f3ng c\u1ee7a m\u1ed9t s\u1ed1 b\u1ec1 m\u1eb7t kh\u00f4ng \u0111\u1ec1u<\/li>\n<li>Ch\u1ea5t li\u1ec7u nylon, m\u1ec1m m\u1ea1i v\u00e0 ch\u1ed1ng m\u00e0i m\u00f2n<\/li>\n<li>Kh\u00f4ng c\u1ea7n th\u00eam ch\u1ea5t m\u00e0i m\u00f2n, th\u00e2n thi\u1ec7n h\u01a1n v\u1edbi m\u00f4i tr\u01b0\u1eddng<\/li>\n<li>R&amp;D v\u00e0 s\u1ea3n xu\u1ea5t t\u1ea1i \u0110\u00e0i Loan<\/li>\n<\/ul>\n<h5><strong><span style=\"color: #ff0000; font-size: 19.2px;\">\u25b2N\u1ebfu b\u1ea1n c\u1ea7n k\u00edch th\u01b0\u1edbc t\u00f9y ch\u1ec9nh, vui l\u00f2ng li\u00ean h\u1ec7 v\u1edbi b\u1ed9 ph\u1eadn ch\u0103m s\u00f3c kh\u00e1ch h\u00e0ng. Ng\u00e0y giao h\u00e0ng ph\u1ee5 thu\u1ed9c v\u00e0o th\u1eddi gian \u0111\u01b0\u1ee3c b\u1ed9 ph\u1eadn ch\u0103m s\u00f3c kh\u00e1ch h\u00e0ng th\u00f4ng b\u00e1o.<br \/>\n\u25b2T\u1ea5t c\u1ea3 s\u1ea3n ph\u1ea9m \u0111\u1ec1u c\u00f3 size b\u1eb1ng 0, s\u1ed1 l\u01b0\u1ee3ng c\u00f3 h\u1ea1n v\u00e0 s\u1ebd h\u1ebft h\u00e0ng tr\u01b0\u1edbc khi h\u1ebft h\u00e0ng<br \/>\n\u25b2Th\u1eddi gian giao h\u00e0ng th\u1ef1c t\u1ebf c\u1ee7a c\u00e1c \u0111\u01a1n h\u00e0ng \u1edf n\u01b0\u1edbc ngo\u00e0i ph\u1ee5 thu\u1ed9c v\u00e0o t\u00ecnh tr\u1ea1ng giao h\u00e0ng c\u1ee7a c\u00f4ng ty chuy\u1ec3n ph\u00e1t nhanh.<\/span><\/strong><\/h5>\n<\/div>\n","protected":false},"featured_media":80710,"template":"","meta":{"site-sidebar-layout":"default","site-content-layout":"default","ast-site-content-layout":"default","site-content-style":"default","site-sidebar-style":"default","ast-global-header-display":"","ast-banner-title-visibility":"","ast-main-header-display":"","ast-hfb-above-header-display":"","ast-hfb-below-header-display":"","ast-hfb-mobile-header-display":"","site-post-title":"","ast-breadcrumbs-content":"","ast-featured-img":"","footer-sml-layout":"","ast-disable-related-posts":"","theme-transparent-header-meta":"default","adv-header-id-meta":"","stick-header-meta":"default","header-above-stick-meta":"","header-main-stick-meta":"","header-below-stick-meta":"","astra-migrate-meta-layouts":"set","ast-page-background-enabled":"default","ast-page-background-meta":{"desktop":{"background-color":"var(--ast-global-color-5)","background-image":"","background-repeat":"repeat","background-position":"center center","background-size":"auto","background-attachment":"scroll","background-type":"","background-media":"","overlay-type":"","overlay-color":"","overlay-opacity":"","overlay-gradient":""},"tablet":{"background-color":"","background-image":"","background-repeat":"repeat","background-position":"center center","background-size":"auto","background-attachment":"scroll","background-type":"","background-media":"","overlay-type":"","overlay-color":"","overlay-opacity":"","overlay-gradient":""},"mobile":{"background-color":"","background-image":"","background-repeat":"repeat","background-position":"center center","background-size":"auto","background-attachment":"scroll","background-type":"","background-media":"","overlay-type":"","overlay-color":"","overlay-opacity":"","overlay-gradient":""}},"ast-content-background-meta":{"desktop":{"background-color":"var(--ast-global-color-4)","background-image":"","background-repeat":"repeat","background-position":"center center","background-size":"auto","background-attachment":"scroll","background-type":"","background-media":"","overlay-type":"","overlay-color":"","overlay-opacity":"","overlay-gradient":""},"tablet":{"background-color":"var(--ast-global-color-4)","background-image":"","background-repeat":"repeat","background-position":"center center","background-size":"auto","background-attachment":"scroll","background-type":"","background-media":"","overlay-type":"","overlay-color":"","overlay-opacity":"","overlay-gradient":""},"mobile":{"background-color":"var(--ast-global-color-4)","background-image":"","background-repeat":"repeat","background-position":"center center","background-size":"auto","background-attachment":"scroll","background-type":"","background-media":"","overlay-type":"","overlay-color":"","overlay-opacity":"","overlay-gradient":""}}},"product_brand":[],"product_cat":[4389,4380,4684,4298],"product_tag":[5070],"class_list":{"0":"post-80709","1":"product","2":"type-product","3":"status-publish","4":"has-post-thumbnail","6":"product_cat-cong-cu-kim-cuong","7":"product_cat-ban-chai-kim-cuong","8":"product_cat-khac","9":"product_cat-khu-vuc-thanh-ly-hang-ton-kho","10":"product_tag-ban-chai-kim-cuong-vi-2","11":"desktop-align-left","12":"tablet-align-left","13":"mobile-align-left","14":"ast-product-gallery-layout-horizontal-slider","15":"ast-product-single-variable","16":"ast-product-tabs-layout-horizontal","18":"first","19":"instock","20":"taxable","21":"shipping-taxable","22":"purchasable","23":"product-type-variable"},"_links":{"self":[{"href":"https:\/\/honwaygroup.com\/vi\/wp-json\/wp\/v2\/product\/80709","targetHints":{"allow":["GET"]}}],"collection":[{"href":"https:\/\/honwaygroup.com\/vi\/wp-json\/wp\/v2\/product"}],"about":[{"href":"https:\/\/honwaygroup.com\/vi\/wp-json\/wp\/v2\/types\/product"}],"version-history":[{"count":0,"href":"https:\/\/honwaygroup.com\/vi\/wp-json\/wp\/v2\/product\/80709\/revisions"}],"wp:featuredmedia":[{"embeddable":true,"href":"https:\/\/honwaygroup.com\/vi\/wp-json\/wp\/v2\/media\/80710"}],"wp:attachment":[{"href":"https:\/\/honwaygroup.com\/vi\/wp-json\/wp\/v2\/media?parent=80709"}],"wp:term":[{"taxonomy":"product_brand","embeddable":true,"href":"https:\/\/honwaygroup.com\/vi\/wp-json\/wp\/v2\/product_brand?post=80709"},{"taxonomy":"product_cat","embeddable":true,"href":"https:\/\/honwaygroup.com\/vi\/wp-json\/wp\/v2\/product_cat?post=80709"},{"taxonomy":"product_tag","embeddable":true,"href":"https:\/\/honwaygroup.com\/vi\/wp-json\/wp\/v2\/product_tag?post=80709"}],"curies":[{"name":"wp","href":"https:\/\/api.w.org\/{rel}","templated":true}]}}