{"id":80662,"date":"2024-11-29T13:11:52","date_gmt":"2024-11-29T05:11:52","guid":{"rendered":"https:\/\/honwaygroup.com\/?post_type=product&#038;p=80662"},"modified":"2025-04-15T19:32:52","modified_gmt":"2025-04-15T11:32:52","slug":"dung-dich-danh-bong-kim-tuong-bang-kim-cuong-nano","status":"publish","type":"product","link":"https:\/\/honwaygroup.com\/vi\/product\/dung-dich-danh-bong-kim-tuong-bang-kim-cuong-nano\/","title":{"rendered":"Dung d\u1ecbch \u0111\u00e1nh b\u00f3ng kim t\u01b0\u01a1ng b\u1eb1ng kim c\u01b0\u01a1ng nano"},"content":{"rendered":"<p><strong>Dung d\u1ecbch \u0111\u00e1nh b\u00f3ng kim t\u01b0\u01a1ng b\u1eb1ng kim c\u01b0\u01a1ng nano<\/strong><\/p>\n<p>B\u1ed9t kim c\u01b0\u01a1ng nano h\u00ecnh c\u1ea7u \u0111\u01b0\u1ee3c t\u1ed5ng h\u1ee3p d\u01b0\u1edbi \u0111i\u1ec1u ki\u1ec7n \u00e1p su\u1ea5t si\u00eau cao, nhi\u1ec7t \u0111\u1ed9 cao v\u00e0 t\u1ee9c th\u1eddi.<\/p>\n<p>Kim c\u01b0\u01a1ng \u0111a tinh th\u1ec3, k\u00edch th\u01b0\u1edbc vi tinh th\u1ec3 ch\u1ec9 t\u1eeb 3-10 nanomet, \u0111\u01b0\u1ee3c t\u1ea1o th\u00e0nh c\u00e1c h\u1ea1t \u0111a tinh th\u1ec3 th\u00f4ng qua li\u00ean k\u1ebft kh\u00f4ng b\u00e3o h\u00f2a, do \u0111\u00f3 c\u00f3 \u0111\u1ed9 b\u1ec1n tuy\u1ec7t v\u1eddi.<\/p>\n<p>B\u1ed9t kim c\u01b0\u01a1ng nano h\u00ecnh c\u1ea7u n\u00e0y kh\u00e1c bi\u1ec7t v\u1edbi b\u1ed9t kim c\u01b0\u01a1ng \u0111\u01a1n tinh th\u1ec3 th\u00f4ng th\u01b0\u1eddng \u0111\u01b0\u1ee3c n\u00e9n t\u0129nh. C\u1ea5u tr\u00fac c\u1ee7a n\u00f3 r\u1ea5t gi\u1ed1ng v\u1edbi Carbonado t\u1ef1 nhi\u00ean, c\u00f3 hi\u1ec7u su\u1ea5t m\u00e0i m\u00f2n v\u00e0 \u0111\u00e1nh b\u00f3ng c\u1ef1c k\u1ef3 xu\u1ea5t s\u1eafc.<\/p>\n<p><strong>\u0110\u1eb7c \u0111i\u1ec3m s\u1ea3n ph\u1ea9m:<\/strong><\/p>\n<ul>\n<li>Kim c\u01b0\u01a1ng nano h\u00ecnh c\u1ea7u c\u00f3 t\u00ednh n\u0103ng \u0111\u1ed9c \u0111\u00e1o.<\/li>\n<li>Trong qu\u00e1 tr\u00ecnh m\u00e0i v\u00e0 \u0111\u00e1nh b\u00f3ng, kh\u00f4ng x\u1ea3y ra g\u00e3y v\u1ee1 gi\u00f2n, c\u0169ng kh\u00f3 l\u00e0m tr\u1ea7y x\u01b0\u1edbc b\u1ec1 m\u1eb7t ph\u00f4i gia c\u00f4ng.<\/li>\n<li>Tu\u1ed5i th\u1ecd s\u1eed d\u1ee5ng t\u01b0\u01a1ng \u0111\u1ed1i d\u00e0i.<\/li>\n<li>Trong qu\u00e1 tr\u00ecnh m\u00e0i, c\u00e1c h\u1ea1t tinh th\u1ec3 nano b\u1ecb bong ra.<\/li>\n<li>H\u1ea1t m\u00e0i c\u00f3 t\u00ednh n\u0103ng t\u1ef1 l\u00e0m s\u1eafc.<\/li>\n<\/ul>\n<p><strong>Ph\u1ea1m vi \u1ee9ng d\u1ee5ng:<\/strong><\/p>\n<ul>\n<li>S\u1eed d\u1ee5ng k\u00e8m theo mi\u1ebfng \u0111\u00e1nh b\u00f3ng kim t\u01b0\u01a1ng.<\/li>\n<li>\u0110\u00e1nh b\u00f3ng b\u1ec1 m\u1eb7t c\u1ea5p nano v\u00e0 angstrom (d\u01b0\u1edbi c\u1ea5p nano) cho wafer, khu\u00f4n si\u00eau ch\u00ednh x\u00e1c, \u0111\u00e1 qu\u00fd, g\u1ed1m s\u1ee9 v\u00e0 h\u1ee3p kim.<\/li>\n<\/ul>\n<p><strong>Quy c\u00e1ch h\u1ea1t kim c\u01b0\u01a1ng:<\/strong><\/p>\n<h2><a style=\"font-size: 16px; font-weight: 600; background-color: #ffffff;\" href=\"https:\/\/honwaygroup.com\/wp-content\/uploads\/2024\/11\/\u947d\u77f3\u7c92\u5ea6\u898f\u683c\u8868_\u5de5\u4f5c\u5340\u57df-1-scaled.jpg\"><img fetchpriority=\"high\" decoding=\"async\" class=\"wp-image-62327 size-full\" src=\"https:\/\/honwaygroup.com\/wp-content\/uploads\/2024\/11\/\u947d\u77f3\u7c92\u5ea6\u898f\u683c\u8868_\u5de5\u4f5c\u5340\u57df-1-scaled.jpg\" alt=\"\u947d\u77f3\u7c92\u5ea6\u898f\u683c\u8868\" width=\"2560\" height=\"2560\" \/><\/a><\/h2>\n<p>B\u1ea3ng th\u00f4ng s\u1ed1 k\u00edch th\u01b0\u1edbc h\u1ea1t kim c\u01b0\u01a1ng<\/p>\n<p>C\u00f3 b\u1ea5t k\u1ef3 th\u1eafc m\u1eafc n\u00e0o? <a href=\"https:\/\/honwaygroup.com\/vi\/lien-he-voi-honway\/\">Li\u00ean h\u1ec7 v\u1edbi HonWay.<\/a><\/p>\n<p>&nbsp;<\/p>\n","protected":false},"excerpt":{"rendered":"<ul>\n<li>S\u1eed d\u1ee5ng k\u00e8m theo mi\u1ebfng \u0111\u00e1nh b\u00f3ng kim t\u01b0\u01a1ng. \u2022 Kim c\u01b0\u01a1ng nano h\u00ecnh c\u1ea7u c\u00f3 t\u00ednh n\u0103ng \u0111\u1ed9c \u0111\u00e1o. \u2022 Trong qu\u00e1 tr\u00ecnh m\u00e0i v\u00e0 \u0111\u00e1nh b\u00f3ng, kh\u00f4ng x\u1ea3y ra g\u00e3y v\u1ee1 gi\u00f2n, c\u0169ng kh\u00f3 l\u00e0m tr\u1ea7y x\u01b0\u1edbc b\u1ec1 m\u1eb7t ph\u00f4i gia c\u00f4ng. \u2022 Tu\u1ed5i th\u1ecd s\u1eed d\u1ee5ng t\u01b0\u01a1ng \u0111\u1ed1i d\u00e0i. \u2022 Trong qu\u00e1 tr\u00ecnh m\u00e0i, c\u00e1c h\u1ea1t tinh th\u1ec3 nano b\u1ecb bong ra. \u2022 H\u1ea1t m\u00e0i c\u00f3 t\u00ednh n\u0103ng t\u1ef1 l\u00e0m s\u1eafc.<\/li>\n<\/ul>\n<h5>\u25b2 N\u1ebfu c\u1ea7n k\u00edch th\u01b0\u1edbc t\u00f9y ch\u1ec9nh, vui l\u00f2ng li\u00ean h\u1ec7 nh\u00e2n vi\u00ean ch\u0103m s\u00f3c kh\u00e1ch h\u00e0ng, ng\u00e0y giao h\u00e0ng s\u1ebd d\u1ef1a theo th\u1eddi gian th\u00f4ng b\u00e1o c\u1ee7a nh\u00e2n vi\u00ean.<\/h5>\n<h5>\u25b2 \u0110\u1eb7t s\u1ed1 l\u01b0\u1ee3ng l\u1edbn \u0111\u01b0\u1ee3c h\u01b0\u1edfng \u01b0u \u0111\u00e3i gi\u1ea3m gi\u00e1, vui l\u00f2ng li\u00ean h\u1ec7 nh\u00e2n vi\u00ean ch\u0103m s\u00f3c kh\u00e1ch h\u00e0ng \u0111\u1ec3 \u0111\u01b0\u1ee3c t\u01b0 v\u1ea5n.<\/h5>\n<h5>\u25b2 \u0110\u01a1n h\u00e0ng t\u1ea1i \u0110\u00e0i Loan th\u1eddi gian giao h\u00e0ng kho\u1ea3ng 7-14 ng\u00e0y l\u00e0m vi\u1ec7c.<\/h5>\n<h5>\u25b2 \u0110\u01a1n h\u00e0ng qu\u1ed1c t\u1ebf th\u1eddi gian xu\u1ea5t h\u00e0ng kho\u1ea3ng 7-14 ng\u00e0y, th\u1eddi gian giao th\u1ef1c t\u1ebf ph\u1ee5 thu\u1ed9c v\u00e0o t\u00ecnh tr\u1ea1ng giao h\u00e0ng c\u1ee7a c\u00f4ng ty chuy\u1ec3n ph\u00e1t nhanh.<\/h5>\n<h5><strong><span style=\"color: #ff0000; font-size: 19.2px;\">\u00a0<\/span><\/strong><\/h5>\n","protected":false},"featured_media":80527,"template":"","meta":{"site-sidebar-layout":"default","site-content-layout":"default","ast-site-content-layout":"default","site-content-style":"default","site-sidebar-style":"default","ast-global-header-display":"","ast-banner-title-visibility":"","ast-main-header-display":"","ast-hfb-above-header-display":"","ast-hfb-below-header-display":"","ast-hfb-mobile-header-display":"","site-post-title":"","ast-breadcrumbs-content":"","ast-featured-img":"","footer-sml-layout":"","ast-disable-related-posts":"","theme-transparent-header-meta":"default","adv-header-id-meta":"","stick-header-meta":"default","header-above-stick-meta":"","header-main-stick-meta":"","header-below-stick-meta":"","astra-migrate-meta-layouts":"set","ast-page-background-enabled":"default","ast-page-background-meta":{"desktop":{"background-color":"var(--ast-global-color-5)","background-image":"","background-repeat":"repeat","background-position":"center center","background-size":"auto","background-attachment":"scroll","background-type":"","background-media":"","overlay-type":"","overlay-color":"","overlay-opacity":"","overlay-gradient":""},"tablet":{"background-color":"","background-image":"","background-repeat":"repeat","background-position":"center center","background-size":"auto","background-attachment":"scroll","background-type":"","background-media":"","overlay-type":"","overlay-color":"","overlay-opacity":"","overlay-gradient":""},"mobile":{"background-color":"","background-image":"","background-repeat":"repeat","background-position":"center center","background-size":"auto","background-attachment":"scroll","background-type":"","background-media":"","overlay-type":"","overlay-color":"","overlay-opacity":"","overlay-gradient":""}},"ast-content-background-meta":{"desktop":{"background-color":"var(--ast-global-color-4)","background-image":"","background-repeat":"repeat","background-position":"center center","background-size":"auto","background-attachment":"scroll","background-type":"","background-media":"","overlay-type":"","overlay-color":"","overlay-opacity":"","overlay-gradient":""},"tablet":{"background-color":"var(--ast-global-color-4)","background-image":"","background-repeat":"repeat","background-position":"center center","background-size":"auto","background-attachment":"scroll","background-type":"","background-media":"","overlay-type":"","overlay-color":"","overlay-opacity":"","overlay-gradient":""},"mobile":{"background-color":"var(--ast-global-color-4)","background-image":"","background-repeat":"repeat","background-position":"center center","background-size":"auto","background-attachment":"scroll","background-type":"","background-media":"","overlay-type":"","overlay-color":"","overlay-opacity":"","overlay-gradient":""}}},"product_brand":[],"product_cat":[4700,4698,4368,4383,4303,4304,4302,4301,4299,4420,4300,4421],"product_tag":[5012,5014,5011,5009],"class_list":{"0":"post-80662","1":"product","2":"type-product","3":"status-publish","4":"has-post-thumbnail","6":"product_cat-chat-long","7":"product_cat-dang-nguyen-lieu","8":"product_cat-dung-dich-mai","9":"product_cat-dung-dich-kem-bot-danh-bong","10":"product_cat-gom","11":"product_cat-kim-loai-phi-sat-nickel","12":"product_cat-kim-loai-sat-nickel","13":"product_cat-tungsten-carbide","14":"product_cat-vat-lieu-gia-cong","15":"product_cat-vat-lieu-mai-sieu-cung","16":"product_cat-vat-lieu-phi-kim-loai-cho-nhua-va-cao-su","17":"product_cat-vat-tu-tieu-hao-kim-loai","18":"product_tag-dung-dich-danh-bong-kim-tuong","19":"product_tag-dung-dich-mai-kim-tuong","20":"product_tag-danh-bong-kim-tuong","21":"product_tag-khoa-hoc-kim-loai-hoc","22":"pa_capacity-1000ml-vi","23":"pa_capacity-5000ml-vi-2","24":"pa_capacity-500ml-vi","25":"desktop-align-left","26":"tablet-align-left","27":"mobile-align-left","28":"ast-product-gallery-layout-horizontal-slider","29":"ast-product-single-variable","30":"ast-product-tabs-layout-horizontal","32":"first","33":"instock","34":"taxable","35":"shipping-taxable","36":"purchasable","37":"product-type-variable"},"_links":{"self":[{"href":"https:\/\/honwaygroup.com\/vi\/wp-json\/wp\/v2\/product\/80662","targetHints":{"allow":["GET"]}}],"collection":[{"href":"https:\/\/honwaygroup.com\/vi\/wp-json\/wp\/v2\/product"}],"about":[{"href":"https:\/\/honwaygroup.com\/vi\/wp-json\/wp\/v2\/types\/product"}],"version-history":[{"count":0,"href":"https:\/\/honwaygroup.com\/vi\/wp-json\/wp\/v2\/product\/80662\/revisions"}],"wp:featuredmedia":[{"embeddable":true,"href":"https:\/\/honwaygroup.com\/vi\/wp-json\/wp\/v2\/media\/80527"}],"wp:attachment":[{"href":"https:\/\/honwaygroup.com\/vi\/wp-json\/wp\/v2\/media?parent=80662"}],"wp:term":[{"taxonomy":"product_brand","embeddable":true,"href":"https:\/\/honwaygroup.com\/vi\/wp-json\/wp\/v2\/product_brand?post=80662"},{"taxonomy":"product_cat","embeddable":true,"href":"https:\/\/honwaygroup.com\/vi\/wp-json\/wp\/v2\/product_cat?post=80662"},{"taxonomy":"product_tag","embeddable":true,"href":"https:\/\/honwaygroup.com\/vi\/wp-json\/wp\/v2\/product_tag?post=80662"}],"curies":[{"name":"wp","href":"https:\/\/api.w.org\/{rel}","templated":true}]}}