{"id":80614,"date":"2024-11-29T15:20:40","date_gmt":"2024-11-29T07:20:40","guid":{"rendered":"https:\/\/honwaygroup.com\/?post_type=product&#038;p=80614"},"modified":"2025-09-24T10:46:23","modified_gmt":"2025-09-24T02:46:23","slug":"bot-danh-bong-nhom-oxit-kim-tuong","status":"publish","type":"product","link":"https:\/\/honwaygroup.com\/vi\/product\/bot-danh-bong-nhom-oxit-kim-tuong\/","title":{"rendered":"B\u1ed9t \u0111\u00e1nh b\u00f3ng nh\u00f4m oxit kim t\u01b0\u01a1ng"},"content":{"rendered":"<h1>B\u1ed9t \u0111\u00e1nh b\u00f3ng nh\u00f4m oxit kim t\u01b0\u01a1ng<\/h1>\n<p>N\u00f3 ch\u1ee7 y\u1ebfu bao g\u1ed3m nh\u00f4m v\u00e0 oxy, v\u00e0 c\u00f4ng th\u1ee9c h\u00f3a h\u1ecdc c\u1ee7a n\u00f3 l\u00e0 <span class=\"katex\"><span class=\"katex-mathml\">Al2O3Al_2O_3<\/span><span class=\"katex-html\" aria-hidden=\"true\"><span class=\"base\"><span class=\"mord mathnormal\">A<\/span><span class=\"mord\"><span class=\"mord mathnormal\">l<\/span><span class=\"msupsub\"><span class=\"vlist-t vlist-t2\"><span class=\"vlist-r\"><span class=\"vlist\"><span class=\"sizing reset-size6 size3 mtight\"><span class=\"mord mtight\">2<\/span><\/span><\/span><span class=\"vlist-s\">\u200b<\/span><\/span><\/span><\/span><\/span><span class=\"mord\"><span class=\"mord mathnormal\">O<\/span><span class=\"msupsub\"><span class=\"vlist-t vlist-t2\"><span class=\"vlist-r\"><span class=\"vlist\"><span class=\"sizing reset-size6 size3 mtight\"><span class=\"mord mtight\">3<\/span><\/span><\/span><span class=\"vlist-s\">\u200b<\/span><\/span><\/span><\/span><\/span><\/span><\/span><\/span>B\u1ed9t nh\u00f4m oxit \u0111\u01b0\u1ee3c s\u1eed d\u1ee5ng r\u1ed9ng r\u00e3i trong nhi\u1ec1u ng\u00e0nh c\u00f4ng nghi\u1ec7p, \u0111\u1eb7c bi\u1ec7t l\u00e0 trong m\u00e0i, \u0111\u00e1nh b\u00f3ng, \u0111i\u1ec7n t\u1eed, g\u1ed1m s\u1ee9, s\u1ea3n xu\u1ea5t v\u00e0 ch\u1ea5t x\u00fac t\u00e1c. T\u00ednh ch\u1ea5t v\u00e0 \u1ee9ng d\u1ee5ng c\u1ee7a b\u1ed9t nh\u00f4m oxit ph\u1ee5 thu\u1ed9c v\u00e0o ph\u01b0\u01a1ng ph\u00e1p ch\u1ebf t\u1ea1o, k\u00edch th\u01b0\u1edbc h\u1ea1t, d\u1ea1ng tinh th\u1ec3 v\u00e0 c\u00e1c y\u1ebfu t\u1ed1 kh\u00e1c.<\/p>\n<h2>\u0110\u1eb7c tr\u01b0ng:<\/h2>\n<ul>\n<li>V\u1edbi \u0111\u1ed9 c\u1ee9ng cao, t\u00ednh ch\u1ea5t c\u01a1 h\u1ecdc t\u1ed1t v\u00e0 \u0111\u1ed9 \u1ed5n \u0111\u1ecbnh h\u00f3a h\u1ecdc, b\u1ed9t \u0111\u00e1nh b\u00f3ng alumina th\u01b0\u1eddng c\u00f3 th\u1ec3 mang l\u1ea1i hi\u1ec7u qu\u1ea3 \u0111\u00e1nh b\u00f3ng tuy\u1ec7t v\u1eddi v\u00e0 ph\u00f9 h\u1ee3p v\u1edbi nhi\u1ec1u lo\u1ea1i nhu c\u1ea7u \u0111\u00e1nh b\u00f3ng b\u1ec1 m\u1eb7t kh\u00e1c nhau.<\/li>\n<li>N\u00f3 c\u00f3 kh\u1ea3 n\u0103ng ch\u1ed1ng m\u00e0i m\u00f2n t\u1ed1t v\u00e0 c\u00f3 th\u1ec3 duy tr\u00ec hi\u1ec7u qu\u1ea3 \u0111\u00e1nh b\u00f3ng \u1ed5n \u0111\u1ecbnh trong nhi\u1ec1u l\u1ea7n s\u1eed d\u1ee5ng.<\/li>\n<li>Nh\u00f4m oxit h\u00ecnh c\u1ea7u gi\u00fap s\u1eeda ch\u1eefa b\u1ec1 m\u1eb7t \u0111\u00e1nh b\u00f3ng tr\u00ean v\u1eadt li\u1ec7u gia c\u00f4ng, c\u1ea3i thi\u1ec7n \u0111\u1ed9 b\u00f3ng, gi\u1ea3m \u0111\u1ed9 nh\u00e1m b\u1ec1 m\u1eb7t, v\u00e0 mang l\u1ea1i b\u1ec1 m\u1eb7t s\u00e1ng \u0111\u1eb9p h\u01a1n.<\/li>\n<li>C\u00f3 l\u1ee3i th\u1ebf v\u1ec1 chi ph\u00ed th\u1ea5p.<\/li>\n<li>N\u00ean s\u1eed d\u1ee5ng s\u1ea3n ph\u1ea9m n\u00e0y \u0111\u1ec3 v\u1ec7 sinh b\u1ec1 m\u1eb7t sau khi ph\u1ee7 b\u1ed9t kim c\u01b0\u01a1ng th\u00f4ng th\u01b0\u1eddng.<\/li>\n<li>N\u00ean s\u1eed d\u1ee5ng b\u1ed9t kim c\u01b0\u01a1ng c\u00f9ng lo\u1ea1i v\u1edbi lo\u1ea1i \u0111\u00e3 d\u00f9ng tr\u01b0\u1edbc \u0111\u00f3 ho\u1eb7c lo\u1ea1i b\u1ed9t kim c\u01b0\u01a1ng m\u1ecbn h\u01a1n.<\/li>\n<li>N\u1ebfu b\u1ea1n c\u1ea7n b\u1ec1 m\u1eb7t \u0111\u01b0\u1ee3c \u0111\u00e1nh b\u00f3ng \u1edf m\u1ee9c \u0111\u1ed9 cao h\u01a1n, ch\u00fang t\u00f4i khuy\u00ean b\u1ea1n n\u00ean s\u1eed d\u1ee5ng &#8220;b\u1ed9t si\u00eau nh\u00f4m&#8221;.<\/li>\n<\/ul>\n<h2>\u1ee8ng d\u1ee5ng:<\/h2>\n<ul>\n<li>S\u1eed d\u1ee5ng v\u1edbi t\u1ea5m \u0111\u00e1nh b\u00f3ng kim lo\u1ea1i h\u1ecdc.<\/li>\n<li>Th\u00edch h\u1ee3p \u0111\u1ec3 \u0111\u00e1nh b\u00f3ng cu\u1ed1i c\u00f9ng c\u00e1c lo\u1ea1i v\u1eadt li\u1ec7u nh\u01b0 kim lo\u1ea1i, khu\u00f4n ch\u00ednh x\u00e1c, sapphire, h\u1ee3p kim nh\u00f4m, g\u1ed1m s\u1ee9 v\u00e0 c\u00e1c v\u1eadt li\u1ec7u kh\u00e1c.<\/li>\n<\/ul>\n<h2>Thong s\u1ed1 k\u1ef9 thu\u1eadt s\u1ea3n ph\u1ea9m:<\/h2>\n<div>\n<table border=\"0\" cellspacing=\"3\" cellpadding=\"5\" align=\"center\">\n<tbody>\n<tr>\n<td><strong>Al<sub>2<\/sub>O<sub>3<\/sub><\/strong><\/td>\n<td><strong>Na<sub>2<\/sub>O<\/strong><\/td>\n<td><strong>SiO<sub>2<\/sub><\/strong><\/td>\n<td><strong>Fe<sub>2<\/sub>O<sub>3<\/sub><\/strong><\/td>\n<td><strong>CaO+MgO<\/strong><\/td>\n<\/tr>\n<tr>\n<td><strong>99.6%<\/strong><\/td>\n<td><strong>0.18%<\/strong><\/td>\n<td><strong>0.01%<\/strong><\/td>\n<td><strong>0.02%<\/strong><\/td>\n<td><strong>0.02%<\/strong><\/td>\n<\/tr>\n<\/tbody>\n<\/table>\n<div>\n<div align=\"center\">\n<figure id=\"attachment_109482\" aria-describedby=\"caption-attachment-109482\" style=\"width: 2560px\" class=\"wp-caption alignnone\"><a href=\"https:\/\/honwaygroup.com\/wp-content\/uploads\/2024\/11\/%E6%B0%A7%E5%8C%96%E9%8B%81%E6%8B%8B%E5%85%89%E6%B6%B22_%E5%B7%A5%E4%BD%9C%E5%8D%80%E5%9F%9F-1-%E8%A4%87%E6%9C%AC-scaled.webp\"><img fetchpriority=\"high\" decoding=\"async\" class=\"wp-image-62450 size-full\" src=\"https:\/\/honwaygroup.com\/wp-content\/uploads\/2024\/11\/%E6%B0%A7%E5%8C%96%E9%8B%81%E6%8B%8B%E5%85%89%E6%B6%B22_%E5%B7%A5%E4%BD%9C%E5%8D%80%E5%9F%9F-1-%E8%A4%87%E6%9C%AC-scaled.webp\" alt=\"B\u1ed9t \u0111\u00e1nh b\u00f3ng nh\u00f4m\" width=\"2560\" height=\"1138\"><\/a><figcaption id=\"caption-attachment-109482\" class=\"wp-caption-text\">B\u1ed9t \u0111\u00e1nh b\u00f3ng nh\u00f4m<\/figcaption><\/figure>\n<\/div>\n<\/div>\n<div><\/div>\n<div><\/div>\n<\/div>\n<p>C\u00f3 b\u1ea5t k\u1ef3 th\u1eafc m\u1eafc n\u00e0o kh\u00f4ng? <a href=\"https:\/\/honwaygroup.com\/vi\/lien-he-voi-honway\/\">Li\u00ean h\u1ec7 Honway<\/a><\/p>\n","protected":false},"excerpt":{"rendered":"<ul>\n<li>V\u1edbi \u0111\u1ed9 c\u1ee9ng cao, t\u00ednh ch\u1ea5t c\u01a1 h\u1ecdc t\u1ed1t v\u00e0 \u0111\u1ed9 \u1ed5n \u0111\u1ecbnh h\u00f3a h\u1ecdc, b\u1ed9t \u0111\u00e1nh b\u00f3ng alumina th\u01b0\u1eddng c\u00f3 th\u1ec3 mang l\u1ea1i hi\u1ec7u qu\u1ea3 \u0111\u00e1nh b\u00f3ng tuy\u1ec7t v\u1eddi v\u00e0 ph\u00f9 h\u1ee3p v\u1edbi nhi\u1ec1u lo\u1ea1i nhu c\u1ea7u \u0111\u00e1nh b\u00f3ng b\u1ec1 m\u1eb7t kh\u00e1c nhau.<\/li>\n<li>N\u00f3 c\u00f3 kh\u1ea3 n\u0103ng ch\u1ed1ng m\u00e0i m\u00f2n t\u1ed1t v\u00e0 c\u00f3 th\u1ec3 duy tr\u00ec hi\u1ec7u qu\u1ea3 \u0111\u00e1nh b\u00f3ng \u1ed5n \u0111\u1ecbnh trong nhi\u1ec1u l\u1ea7n s\u1eed d\u1ee5ng.<\/li>\n<li>Nh\u00f4m oxit h\u00ecnh c\u1ea7u gi\u00fap s\u1eeda ch\u1eefa b\u1ec1 m\u1eb7t \u0111\u00e1nh b\u00f3ng tr\u00ean v\u1eadt li\u1ec7u gia c\u00f4ng, c\u1ea3i thi\u1ec7n \u0111\u1ed9 b\u00f3ng, gi\u1ea3m \u0111\u1ed9 nh\u00e1m b\u1ec1 m\u1eb7t, v\u00e0 mang l\u1ea1i b\u1ec1 m\u1eb7t s\u00e1ng \u0111\u1eb9p h\u01a1n.<\/li>\n<li>C\u00f3 l\u1ee3i th\u1ebf v\u1ec1 chi ph\u00ed th\u1ea5p.<\/li>\n<li>N\u00ean s\u1eed d\u1ee5ng s\u1ea3n ph\u1ea9m n\u00e0y \u0111\u1ec3 v\u1ec7 sinh b\u1ec1 m\u1eb7t sau khi ph\u1ee7 b\u1ed9t kim c\u01b0\u01a1ng th\u00f4ng th\u01b0\u1eddng.<\/li>\n<li>N\u00ean s\u1eed d\u1ee5ng b\u1ed9t kim c\u01b0\u01a1ng c\u00f9ng lo\u1ea1i v\u1edbi lo\u1ea1i \u0111\u00e3 d\u00f9ng tr\u01b0\u1edbc \u0111\u00f3 ho\u1eb7c lo\u1ea1i b\u1ed9t kim c\u01b0\u01a1ng m\u1ecbn h\u01a1n.<\/li>\n<li>N\u1ebfu b\u1ea1n c\u1ea7n b\u1ec1 m\u1eb7t \u0111\u01b0\u1ee3c \u0111\u00e1nh b\u00f3ng \u1edf m\u1ee9c \u0111\u1ed9 cao h\u01a1n, ch\u00fang t\u00f4i khuy\u00ean b\u1ea1n n\u00ean s\u1eed d\u1ee5ng &#8220;b\u1ed9t si\u00eau nh\u00f4m&#8221;.<\/li>\n<\/ul>\n<h5><strong><span style=\"color: #ff0000; font-size: 19.2px;\">\u25b2 \u0110\u1eb7t h\u00e0ng s\u1ed1 l\u01b0\u1ee3ng l\u1edbn c\u00f3 th\u1ec3 \u0111\u01b0\u1ee3c h\u01b0\u1edfng chi\u1ebft kh\u1ea5u \u01b0u \u0111\u00e3i, vui l\u00f2ng li\u00ean h\u1ec7 b\u1ed9 ph\u1eadn ch\u0103m s\u00f3c kh\u00e1ch h\u00e0ng \u0111\u1ec3 bi\u1ebft th\u00eam chi ti\u1ebft.<br \/>\n<\/span><\/strong><\/h5>\n<h5><strong><span style=\"color: #ff0000; font-size: 19.2px;\">\u25b2<\/span> Th\u1eddi gian giao h\u00e0ng cho<span style=\"color: #ff0000;\"> c\u00e1c \u0111\u01a1n \u0111\u1eb7t h\u00e0ng<\/span> <span style=\"color: #ff0000; font-size: 19.2px;\">\u1edf \u0110\u00e0i Loan<\/span> <span style=\"color: #ff0000; font-size: 19.2px;\">kho\u1ea3ng t\u1eeb 7-14 ng\u00e0y l\u00e0m vi\u1ec7c.<\/span><\/strong><\/h5>\n<h5><strong><span style=\"color: #ff0000; font-size: 19.2px;\">\u25b2 <\/span><span style=\"color: #ff0000;\">Th\u1eddi gian giao h\u00e0ng cho \u0111\u01a1n h\u00e0ng qu\u1ed1c t\u1ebf kho\u1ea3ng t\u1eeb 7-14 ng\u00e0y, th\u1eddi gian nh\u1eadn h\u00e0ng th\u1ef1c t\u1ebf ph\u1ee5 thu\u1ed9c v\u00e0o t\u00ecnh tr\u1ea1ng v\u1eadn chuy\u1ec3n c\u1ee7a c\u00f4ng ty chuy\u1ec3n ph\u00e1t nhanh.<\/span><\/strong><\/h5>\n<p><strong><span style=\"color: #ff0000; font-size: 19.2px;\"> <\/span><\/strong><\/p>\n","protected":false},"featured_media":80615,"template":"","meta":{"site-sidebar-layout":"default","site-content-layout":"default","ast-site-content-layout":"default","site-content-style":"default","site-sidebar-style":"default","ast-global-header-display":"","ast-banner-title-visibility":"","ast-main-header-display":"","ast-hfb-above-header-display":"","ast-hfb-below-header-display":"","ast-hfb-mobile-header-display":"","site-post-title":"","ast-breadcrumbs-content":"","ast-featured-img":"","footer-sml-layout":"","ast-disable-related-posts":"","theme-transparent-header-meta":"default","adv-header-id-meta":"","stick-header-meta":"default","header-above-stick-meta":"","header-main-stick-meta":"","header-below-stick-meta":"","astra-migrate-meta-layouts":"set","ast-page-background-enabled":"default","ast-page-background-meta":{"desktop":{"background-color":"var(--ast-global-color-5)","background-image":"","background-repeat":"repeat","background-position":"center center","background-size":"auto","background-attachment":"scroll","background-type":"","background-media":"","overlay-type":"","overlay-color":"","overlay-opacity":"","overlay-gradient":""},"tablet":{"background-color":"","background-image":"","background-repeat":"repeat","background-position":"center center","background-size":"auto","background-attachment":"scroll","background-type":"","background-media":"","overlay-type":"","overlay-color":"","overlay-opacity":"","overlay-gradient":""},"mobile":{"background-color":"","background-image":"","background-repeat":"repeat","background-position":"center center","background-size":"auto","background-attachment":"scroll","background-type":"","background-media":"","overlay-type":"","overlay-color":"","overlay-opacity":"","overlay-gradient":""}},"ast-content-background-meta":{"desktop":{"background-color":"var(--ast-global-color-4)","background-image":"","background-repeat":"repeat","background-position":"center center","background-size":"auto","background-attachment":"scroll","background-type":"","background-media":"","overlay-type":"","overlay-color":"","overlay-opacity":"","overlay-gradient":""},"tablet":{"background-color":"var(--ast-global-color-4)","background-image":"","background-repeat":"repeat","background-position":"center center","background-size":"auto","background-attachment":"scroll","background-type":"","background-media":"","overlay-type":"","overlay-color":"","overlay-opacity":"","overlay-gradient":""},"mobile":{"background-color":"var(--ast-global-color-4)","background-image":"","background-repeat":"repeat","background-position":"center center","background-size":"auto","background-attachment":"scroll","background-type":"","background-media":"","overlay-type":"","overlay-color":"","overlay-opacity":"","overlay-gradient":""}}},"product_brand":[],"product_cat":[4370,4367,4383,4371,4426,4421],"product_tag":[4854,10861,4853,5009],"class_list":{"0":"post-80614","1":"product","2":"type-product","3":"status-publish","4":"has-post-thumbnail","6":"product_cat-bot-mai","7":"product_cat-vat-lieu-mai-mem","8":"product_cat-dung-dich-kem-bot-danh-bong","9":"product_cat-don-tinh-the","10":"product_cat-vat-lieu-danh-bong","11":"product_cat-vat-tu-tieu-hao-kim-loai","12":"product_tag-aluminum-oxide-vi","13":"product_tag-bot-danh-bong-nhom-oxit-kim-tuong","14":"product_tag-bot-nhom-oxit","15":"product_tag-khoa-hoc-kim-loai-hoc","16":"desktop-align-left","17":"tablet-align-left","18":"mobile-align-left","19":"ast-product-gallery-layout-horizontal-slider","20":"ast-product-gallery-with-no-image","21":"ast-product-single-variable","22":"ast-product-tabs-layout-horizontal","24":"first","25":"instock","26":"taxable","27":"shipping-taxable","28":"purchasable","29":"product-type-variable"},"_links":{"self":[{"href":"https:\/\/honwaygroup.com\/vi\/wp-json\/wp\/v2\/product\/80614","targetHints":{"allow":["GET"]}}],"collection":[{"href":"https:\/\/honwaygroup.com\/vi\/wp-json\/wp\/v2\/product"}],"about":[{"href":"https:\/\/honwaygroup.com\/vi\/wp-json\/wp\/v2\/types\/product"}],"version-history":[{"count":0,"href":"https:\/\/honwaygroup.com\/vi\/wp-json\/wp\/v2\/product\/80614\/revisions"}],"wp:featuredmedia":[{"embeddable":true,"href":"https:\/\/honwaygroup.com\/vi\/wp-json\/wp\/v2\/media\/80615"}],"wp:attachment":[{"href":"https:\/\/honwaygroup.com\/vi\/wp-json\/wp\/v2\/media?parent=80614"}],"wp:term":[{"taxonomy":"product_brand","embeddable":true,"href":"https:\/\/honwaygroup.com\/vi\/wp-json\/wp\/v2\/product_brand?post=80614"},{"taxonomy":"product_cat","embeddable":true,"href":"https:\/\/honwaygroup.com\/vi\/wp-json\/wp\/v2\/product_cat?post=80614"},{"taxonomy":"product_tag","embeddable":true,"href":"https:\/\/honwaygroup.com\/vi\/wp-json\/wp\/v2\/product_tag?post=80614"}],"curies":[{"name":"wp","href":"https:\/\/api.w.org\/{rel}","templated":true}]}}