{"id":80589,"date":"2024-11-29T16:36:32","date_gmt":"2024-11-29T08:36:32","guid":{"rendered":"https:\/\/honwaygroup.com\/?post_type=product&#038;p=80589"},"modified":"2025-05-13T17:49:00","modified_gmt":"2025-05-13T09:49:00","slug":"bot-danh-bong-sieu-nhom-oxit-kim-tuong","status":"publish","type":"product","link":"https:\/\/honwaygroup.com\/vi\/product\/bot-danh-bong-sieu-nhom-oxit-kim-tuong\/","title":{"rendered":"B\u1ed9t \u0111\u00e1nh b\u00f3ng si\u00eau nh\u00f4m oxit kim t\u01b0\u01a1ng"},"content":{"rendered":"<h3><strong>B\u1ed9t \u0111\u00e1nh b\u00f3ng si\u00eau nh\u00f4m oxit kim t\u01b0\u01a1ng<\/strong><\/h3>\n<p>B\u1ed9t nh\u00f4m oxit si\u00eau c\u1ea5p c\u1ee7a HonWay \u0111\u01b0\u1ee3c b\u1ed5 sung c\u00f4ng th\u1ee9c \u0111\u1ed9c quy\u1ec1n, mang l\u1ea1i hi\u1ec7u qu\u1ea3 \u0111\u00e1nh b\u00f3ng v\u01b0\u1ee3t tr\u1ed9i so v\u1edbi b\u1ed9t nh\u00f4m oxit th\u00f4ng th\u01b0\u1eddng.<\/p>\n<h2><strong>\u0110\u1eb7c \u0111i\u1ec3m s\u1ea3n ph\u1ea9m:<\/strong><\/h2>\n<ul>\n<li>B\u1ed5 sung c\u00f4ng th\u1ee9c \u0111\u1ed9c quy\u1ec1n.<\/li>\n<li>K\u00edch th\u01b0\u1edbc h\u1ea1t ph\u00e2n b\u1ed1 t\u1eadp trung, th\u01b0\u1eddng \u1edf m\u1ee9c nano.<\/li>\n<li>H\u00ecnh d\u1ea1ng h\u1ea1t \u0111\u1ec1u h\u01a1n.<\/li>\n<li>Hi\u1ec7u qu\u1ea3 ph\u00e2n t\u00e1n c\u1ee7a h\u1ea1t h\u00ecnh c\u1ea7u t\u1ed1t h\u01a1n.<\/li>\n<li>Cung c\u1ea5p hi\u1ec7u qu\u1ea3 \u0111\u00e1nh b\u00f3ng v\u01b0\u1ee3t tr\u1ed9i, ph\u00f9 h\u1ee3p v\u1edbi nhi\u1ec1u lo\u1ea1i nhu c\u1ea7u \u0111\u00e1nh b\u00f3ng b\u1ec1 m\u1eb7t.<\/li>\n<li>Kh\u1ea3 n\u0103ng ch\u1ed1ng m\u00e0i m\u00f2n t\u1ed1t, duy tr\u00ec hi\u1ec7u qu\u1ea3 \u0111\u00e1nh b\u00f3ng \u1ed5n \u0111\u1ecbnh qua nhi\u1ec1u l\u1ea7n s\u1eed d\u1ee5ng.<\/li>\n<li>B\u1ec1 m\u1eb7t sau \u0111\u00e1nh b\u00f3ng \u00edt v\u1ebft x\u01b0\u1edbc h\u01a1n, gi\u1ea3m \u0111\u1ed9 nh\u00e1m b\u1ec1 m\u1eb7t, mang l\u1ea1i b\u1ec1 m\u1eb7t s\u00e1ng b\u00f3ng h\u01a1n.<\/li>\n<\/ul>\n<h2><strong>Ph\u1ea1m vi \u1ee9ng d\u1ee5ng:<\/strong><\/h2>\n<ul>\n<li>S\u1eed d\u1ee5ng k\u00e8m theo mi\u1ebfng \u0111\u00e1nh b\u00f3ng kim t\u01b0\u01a1ng.<\/li>\n<li>\u0110\u00e1nh b\u00f3ng giai \u0111o\u1ea1n cu\u1ed1i cho c\u00e1c lo\u1ea1i kim lo\u1ea1i, khu\u00f4n m\u1eabu ch\u00ednh x\u00e1c, sapphire, h\u1ee3p kim nh\u00f4m, g\u1ed1m s\u1ee9, v.v.<\/li>\n<li style=\"list-style-type: none;\"><\/li>\n<\/ul>\n<div>\n<div>\n<div align=\"center\">\n<p><a href=\"https:\/\/honwaygroup.com\/wp-content\/uploads\/2024\/11\/\u8d85\u7d1a\u6c27\u5316\u92c1\u62cb\u5149\u7c89_\u5de5\u4f5c\u5340\u57df-1-\u8907\u672c-3-scaled.jpg\"><img fetchpriority=\"high\" decoding=\"async\" class=\"wp-image-62516 size-full\" src=\"https:\/\/honwaygroup.com\/wp-content\/uploads\/2024\/11\/\u8d85\u7d1a\u6c27\u5316\u92c1\u62cb\u5149\u7c89_\u5de5\u4f5c\u5340\u57df-1-\u8907\u672c-3-scaled.jpg\" alt=\"\u8d85\u7d1a\u6c27\u5316\u92c1\u62cb\u5149\u7c89\" width=\"2560\" height=\"1138\" \/><\/a><\/p>\n<\/div>\n<\/div>\n<h2>\u01afu \u0111i\u1ec3m s\u1ea3n ph\u1ea9m:<\/h2>\n<table>\n<thead>\n<tr>\n<th><strong>B\u1ed9t nh\u00f4m oxit si\u00eau c\u1ea5p<\/strong><\/th>\n<th><strong>B\u1ed9t nh\u00f4m oxit<\/strong><\/th>\n<\/tr>\n<\/thead>\n<tbody>\n<tr>\n<td><strong>C\u1ea5p \u0111\u1ed9<\/strong><\/td>\n<td>Chuy\u00ean d\u1ee5ng c\u1ea5p \u0111i\u1ec7n t\u1eed<\/td>\n<td>C\u1ea5p \u0111\u1ed9 tinh khi\u1ebft cao<\/td>\n<\/tr>\n<tr>\n<td><strong>Hi\u1ec7u su\u1ea5t m\u00e0i<\/strong><\/td>\n<td>T\u0103ng h\u01a1n 30% so v\u1edbi b\u1ed9t nh\u00f4m oxit<\/td>\n<td>Hi\u1ec7u qu\u1ea3 \u0111\u00e1nh b\u00f3ng \u01b0u vi\u1ec7t<\/td>\n<\/tr>\n<tr>\n<td><strong>Ph\u00e2n b\u1ed1 h\u1ea1t<\/strong><\/td>\n<td>Hi\u1ec7u qu\u1ea3 ph\u00e2n t\u00e1n h\u1ea1t h\u00ecnh c\u1ea7u t\u1ed1t h\u01a1n<\/td>\n<td>Duy tr\u00ec hi\u1ec7u qu\u1ea3 \u0111\u00e1nh b\u00f3ng \u1ed5n \u0111\u1ecbnh<\/td>\n<\/tr>\n<tr>\n<td><strong>M\u1ee9c \u0111\u1ed9 t\u1eadp trung<\/strong><\/td>\n<td>M\u1ee9c \u0111\u1ed9 t\u1eadp trung k\u00edch th\u01b0\u1edbc h\u1ea1t t\u1ed1t h\u01a1n<\/td>\n<td>Ph\u00e2n b\u1ed1 k\u00edch th\u01b0\u1edbc h\u1ea1t \u0111\u1ed3ng \u0111\u1ec1u<\/td>\n<\/tr>\n<\/tbody>\n<\/table>\n<div><strong style=\"font-size: 16px;\">&#8220;C\u00f3 b\u1ea5t k\u1ef3 th\u1eafc m\u1eafc n\u00e0o? <a href=\"https:\/\/honwaygroup.com\/vi\/lien-he-voi-honway\/\">Li\u00ean h\u1ec7 v\u1edbi HonWay.<\/a><\/strong><\/div>\n<\/div>\n","protected":false},"excerpt":{"rendered":"<ul>\n<li>B\u1ed5 sung c\u00f4ng th\u1ee9c \u0111\u1ed9c quy\u1ec1n.<\/li>\n<li>K\u00edch th\u01b0\u1edbc h\u1ea1t ph\u00e2n b\u1ed1 t\u1eadp trung, th\u01b0\u1eddng \u1edf m\u1ee9c micromet ho\u1eb7c nanomet.<\/li>\n<li>H\u00ecnh d\u1ea1ng h\u1ea1t \u0111\u1ec1u h\u01a1n.<\/li>\n<li>Hi\u1ec7u qu\u1ea3 ph\u00e2n t\u00e1n c\u1ee7a h\u1ea1t h\u00ecnh c\u1ea7u t\u1ed1t h\u01a1n.<\/li>\n<li>Cung c\u1ea5p hi\u1ec7u qu\u1ea3 \u0111\u00e1nh b\u00f3ng v\u01b0\u1ee3t tr\u1ed9i, ph\u00f9 h\u1ee3p v\u1edbi nhi\u1ec1u lo\u1ea1i nhu c\u1ea7u \u0111\u00e1nh b\u00f3ng b\u1ec1 m\u1eb7t.<\/li>\n<\/ul>\n<h5><span style=\"color: #ff0000;\"><strong>\u25b2 \u0110\u1eb7t s\u1ed1 l\u01b0\u1ee3ng l\u1edbn \u0111\u01b0\u1ee3c h\u01b0\u1edfng \u01b0u \u0111\u00e3i gi\u1ea3m gi\u00e1, vui l\u00f2ng li\u00ean h\u1ec7 nh\u00e2n vi\u00ean ch\u0103m s\u00f3c kh\u00e1ch h\u00e0ng \u0111\u1ec3 \u0111\u01b0\u1ee3c t\u01b0 v\u1ea5n<\/strong><\/span><\/h5>\n<h5><span style=\"color: #ff0000;\"><strong>\u25b2 \u0110\u01a1n h\u00e0ng t\u1ea1i \u0110\u00e0i Loan th\u1eddi gian giao h\u00e0ng kho\u1ea3ng 7-14 ng\u00e0y l\u00e0m vi\u1ec7c<\/strong><\/span><\/h5>\n<h5><span style=\"color: #ff0000;\"><strong>\u25b2\u0110\u01a1n h\u00e0ng qu\u1ed1c t\u1ebf th\u1eddi gian xu\u1ea5t h\u00e0ng kho\u1ea3ng 7-14 ng\u00e0y, th\u1eddi gian giao th\u1ef1c t\u1ebf ph\u1ee5 thu\u1ed9c v\u00e0o t\u00ecnh tr\u1ea1ng giao h\u00e0ng c\u1ee7a c\u00f4ng ty chuy\u1ec3n ph\u00e1t nhanh.<\/strong><\/span><\/h5>\n","protected":false},"featured_media":80590,"template":"","meta":{"site-sidebar-layout":"default","site-content-layout":"default","ast-site-content-layout":"default","site-content-style":"default","site-sidebar-style":"default","ast-global-header-display":"","ast-banner-title-visibility":"","ast-main-header-display":"","ast-hfb-above-header-display":"","ast-hfb-below-header-display":"","ast-hfb-mobile-header-display":"","site-post-title":"","ast-breadcrumbs-content":"","ast-featured-img":"","footer-sml-layout":"","ast-disable-related-posts":"","theme-transparent-header-meta":"default","adv-header-id-meta":"","stick-header-meta":"default","header-above-stick-meta":"","header-main-stick-meta":"","header-below-stick-meta":"","astra-migrate-meta-layouts":"set","ast-page-background-enabled":"default","ast-page-background-meta":{"desktop":{"background-color":"var(--ast-global-color-5)","background-image":"","background-repeat":"repeat","background-position":"center center","background-size":"auto","background-attachment":"scroll","background-type":"","background-media":"","overlay-type":"","overlay-color":"","overlay-opacity":"","overlay-gradient":""},"tablet":{"background-color":"","background-image":"","background-repeat":"repeat","background-position":"center center","background-size":"auto","background-attachment":"scroll","background-type":"","background-media":"","overlay-type":"","overlay-color":"","overlay-opacity":"","overlay-gradient":""},"mobile":{"background-color":"","background-image":"","background-repeat":"repeat","background-position":"center center","background-size":"auto","background-attachment":"scroll","background-type":"","background-media":"","overlay-type":"","overlay-color":"","overlay-opacity":"","overlay-gradient":""}},"ast-content-background-meta":{"desktop":{"background-color":"var(--ast-global-color-4)","background-image":"","background-repeat":"repeat","background-position":"center center","background-size":"auto","background-attachment":"scroll","background-type":"","background-media":"","overlay-type":"","overlay-color":"","overlay-opacity":"","overlay-gradient":""},"tablet":{"background-color":"var(--ast-global-color-4)","background-image":"","background-repeat":"repeat","background-position":"center center","background-size":"auto","background-attachment":"scroll","background-type":"","background-media":"","overlay-type":"","overlay-color":"","overlay-opacity":"","overlay-gradient":""},"mobile":{"background-color":"var(--ast-global-color-4)","background-image":"","background-repeat":"repeat","background-position":"center center","background-size":"auto","background-attachment":"scroll","background-type":"","background-media":"","overlay-type":"","overlay-color":"","overlay-opacity":"","overlay-gradient":""}}},"product_brand":[],"product_cat":[4370,4367,4383,4371,4426,4421],"product_tag":[4853,5009],"class_list":{"0":"post-80589","1":"product","2":"type-product","3":"status-publish","4":"has-post-thumbnail","6":"product_cat-bot-mai","7":"product_cat-vat-lieu-mai-mem","8":"product_cat-dung-dich-kem-bot-danh-bong","9":"product_cat-don-tinh-the","10":"product_cat-vat-lieu-danh-bong","11":"product_cat-vat-tu-tieu-hao-kim-loai","12":"product_tag-bot-nhom-oxit","13":"product_tag-khoa-hoc-kim-loai-hoc","14":"desktop-align-left","15":"tablet-align-left","16":"mobile-align-left","17":"ast-product-gallery-layout-horizontal-slider","18":"ast-product-gallery-with-no-image","19":"ast-product-single-variable","20":"ast-product-tabs-layout-horizontal","22":"first","23":"instock","24":"taxable","25":"shipping-taxable","26":"purchasable","27":"product-type-variable"},"_links":{"self":[{"href":"https:\/\/honwaygroup.com\/vi\/wp-json\/wp\/v2\/product\/80589","targetHints":{"allow":["GET"]}}],"collection":[{"href":"https:\/\/honwaygroup.com\/vi\/wp-json\/wp\/v2\/product"}],"about":[{"href":"https:\/\/honwaygroup.com\/vi\/wp-json\/wp\/v2\/types\/product"}],"version-history":[{"count":0,"href":"https:\/\/honwaygroup.com\/vi\/wp-json\/wp\/v2\/product\/80589\/revisions"}],"wp:featuredmedia":[{"embeddable":true,"href":"https:\/\/honwaygroup.com\/vi\/wp-json\/wp\/v2\/media\/80590"}],"wp:attachment":[{"href":"https:\/\/honwaygroup.com\/vi\/wp-json\/wp\/v2\/media?parent=80589"}],"wp:term":[{"taxonomy":"product_brand","embeddable":true,"href":"https:\/\/honwaygroup.com\/vi\/wp-json\/wp\/v2\/product_brand?post=80589"},{"taxonomy":"product_cat","embeddable":true,"href":"https:\/\/honwaygroup.com\/vi\/wp-json\/wp\/v2\/product_cat?post=80589"},{"taxonomy":"product_tag","embeddable":true,"href":"https:\/\/honwaygroup.com\/vi\/wp-json\/wp\/v2\/product_tag?post=80589"}],"curies":[{"name":"wp","href":"https:\/\/api.w.org\/{rel}","templated":true}]}}