{"id":80545,"date":"2024-11-29T17:47:03","date_gmt":"2024-11-29T09:47:03","guid":{"rendered":"https:\/\/honwaygroup.com\/?post_type=product&#038;p=80545"},"modified":"2025-05-13T16:17:54","modified_gmt":"2025-05-13T08:17:54","slug":"kem-kim-cuong-kim-tuong","status":"publish","type":"product","link":"https:\/\/honwaygroup.com\/vi\/product\/kem-kim-cuong-kim-tuong\/","title":{"rendered":"Kem kim c\u01b0\u01a1ng kim t\u01b0\u01a1ng"},"content":{"rendered":"<h3>Kem kim c\u01b0\u01a1ng kim t\u01b0\u01a1ng<\/h3>\n<p>Kem kim c\u01b0\u01a1ng kim t\u01b0\u01a1ng l\u00e0 m\u1ed9t lo\u1ea1i v\u1eadt li\u1ec7u m\u00e0i chuy\u00ean d\u00f9ng \u0111\u1ec3 \u0111\u00e1nh b\u00f3ng m\u1eabu kim t\u01b0\u01a1ng.<\/p>\n<p>\u203b Quy c\u00e1ch ti\u00eau chu\u1ea9n l\u00e0 d\u1ea1ng h\u00f2a tan trong d\u1ea7u, n\u1ebfu c\u1ea7n d\u1ea1ng h\u00f2a tan trong n\u01b0\u1edbc, vui l\u00f2ng ch\u1ec9 \u0111\u1ecbnh khi \u0111\u1eb7t h\u00e0ng.<\/p>\n<h2>\u0110\u1eb7c \u0111i\u1ec3m s\u1ea3n ph\u1ea9m:<\/h2>\n<ul>\n<li>\u0110\u1ed9 c\u1ee9ng cao v\u00e0 kh\u1ea3 n\u0103ng c\u1eaft hi\u1ec7u qu\u1ea3.<\/li>\n<li>K\u00edch th\u01b0\u1edbc h\u1ea1t ph\u00e2n b\u1ed1 \u0111\u1ec1u, t\u1eeb h\u1ea1t th\u00f4 \u0111\u1ebfn h\u1ea1t m\u1ecbn c\u00f3 nhi\u1ec1u l\u1ef1a ch\u1ecdn, ph\u00f9 h\u1ee3p v\u1edbi c\u00e1c giai \u0111o\u1ea1n \u0111\u00e1nh b\u00f3ng kh\u00e1c nhau.<\/li>\n<li>C\u00f3 th\u1ec3 cung c\u1ea5p \u0111\u1ed9 nh\u1eb5n b\u1ec1 m\u1eb7t c\u1ef1c cao.<\/li>\n<\/ul>\n<h2>Ph\u1ea1m vi \u1ee9ng d\u1ee5ng:<\/h2>\n<ul>\n<li>S\u1eed d\u1ee5ng k\u00e8m theo mi\u1ebfng \u0111\u00e1nh b\u00f3ng kim t\u01b0\u01a1ng.<\/li>\n<li>C\u00f3 th\u1ec3 s\u1eed d\u1ee5ng tr\u00ean c\u00e1c v\u1eadt li\u1ec7u nh\u01b0 trang s\u1ee9c, \u0111\u00e1 qu\u00fd, th\u00e9p v\u00e0 kim lo\u1ea1i c\u1ee9ng, nh\u00f4m, k\u1ebdm, luy\u1ec7n kim, v.v.<\/li>\n<li>Kh\u00f4ng khuy\u1ebfn ngh\u1ecb s\u1eed d\u1ee5ng tr\u00ean b\u1ec1 m\u1eb7t c\u00f3 l\u1edbp ph\u1ee7 ho\u1eb7c s\u01a1n.<strong>Quy c\u00e1ch h\u1ea1t kim c\u01b0\u01a1ng:<\/strong>\n<p>\u203b C\u00f3 th\u1ec3 t\u00f9y ch\u1ec9nh c\u00e1c quy c\u00e1ch kh\u00e1c, vui l\u00f2ng li\u00ean h\u1ec7 nh\u00e2n vi\u00ean ch\u0103m s\u00f3c kh\u00e1ch h\u00e0ng ho\u1eb7c nh\u00e2n vi\u00ean kinh doanh \u0111\u1ec3 \u0111\u01b0\u1ee3c t\u01b0 v\u1ea5n.<\/li>\n<\/ul>\n<figure id=\"attachment_62559\" aria-describedby=\"caption-attachment-62559\" style=\"width: 2560px\" class=\"wp-caption alignnone\"><a href=\"https:\/\/honwaygroup.com\/wp-content\/uploads\/2024\/11\/\u947d\u77f3\u62cb\u5149\u818f\u898f\u683c\u8868_\u5de5\u4f5c\u5340\u57df-1-\u8907\u672c-scaled.jpg\"><img fetchpriority=\"high\" decoding=\"async\" class=\"wp-image-62559 size-full\" src=\"https:\/\/honwaygroup.com\/wp-content\/uploads\/2024\/11\/\u947d\u77f3\u62cb\u5149\u818f\u898f\u683c\u8868_\u5de5\u4f5c\u5340\u57df-1-\u8907\u672c-scaled.jpg\" alt=\"\u947d\u77f3\u62cb\u5149\u818f\u898f\u683c\u8868\" width=\"2560\" height=\"1543\" \/><\/a><figcaption id=\"caption-attachment-62559\" class=\"wp-caption-text\">\u947d\u77f3\u62cb\u5149\u818f\u898f\u683c\u8868<\/figcaption><\/figure>\n<p>C\u00f3 b\u1ea5t k\u1ef3 th\u1eafc m\u1eafc n\u00e0o?<a href=\"https:\/\/honwaygroup.com\/vi\/lien-he-voi-honway\/\"> Li\u00ean h\u1ec7 v\u1edbi HonWay.<\/a><\/p>\n<p>&nbsp;<\/p>\n","protected":false},"excerpt":{"rendered":"<p>\u203b Quy c\u00e1ch ti\u00eau chu\u1ea9n l\u00e0 d\u1ea1ng h\u00f2a tan trong d\u1ea7u, n\u1ebfu c\u1ea7n d\u1ea1ng h\u00f2a tan trong n\u01b0\u1edbc, vui l\u00f2ng ch\u1ec9 \u0111\u1ecbnh khi \u0111\u1eb7t h\u00e0ng.<\/p>\n<ul>\n<li>\u0110\u1ed9 c\u1ee9ng cao v\u00e0 kh\u1ea3 n\u0103ng c\u1eaft hi\u1ec7u qu\u1ea3.<\/li>\n<li>K\u00edch th\u01b0\u1edbc h\u1ea1t ph\u00e2n b\u1ed1 \u0111\u1ec1u, t\u1eeb h\u1ea1t th\u00f4 \u0111\u1ebfn h\u1ea1t m\u1ecbn c\u00f3 nhi\u1ec1u l\u1ef1a ch\u1ecdn, ph\u00f9 h\u1ee3p v\u1edbi c\u00e1c giai \u0111o\u1ea1n \u0111\u00e1nh b\u00f3ng kh\u00e1c nhau.<\/li>\n<li>C\u00f3 th\u1ec3 cung c\u1ea5p \u0111\u1ed9 nh\u1eb5n b\u1ec1 m\u1eb7t c\u1ef1c cao.<\/li>\n<li>C\u00f3 th\u1ec3 s\u1eed d\u1ee5ng tr\u00ean c\u00e1c v\u1eadt li\u1ec7u nh\u01b0 trang s\u1ee9c, \u0111\u00e1 qu\u00fd, th\u00e9p v\u00e0 kim lo\u1ea1i c\u1ee9ng, nh\u00f4m, k\u1ebdm, luy\u1ec7n kim, v.v.<\/li>\n<li>Kh\u00f4ng khuy\u1ebfn ngh\u1ecb s\u1eed d\u1ee5ng tr\u00ean b\u1ec1 m\u1eb7t c\u00f3 l\u1edbp ph\u1ee7 ho\u1eb7c s\u01a1n.<\/li>\n<\/ul>\n<h5><span style=\"color: #ff0000;\"><b>\u25b2\u00a0Hoan ngh\u00eanh nh\u1eafn tin ri\u00eang \u0111\u1ec3 h\u1ecfi gi\u00e1: Li\u00ean h\u1ec7 v\u1edbi HonWay <\/b><\/span><\/h5>\n<h5><span style=\"color: #ff0000;\"><b>\u25b2 N\u1ebfu c\u1ea7n k\u00edch th\u01b0\u1edbc t\u00f9y ch\u1ec9nh, vui l\u00f2ng li\u00ean h\u1ec7 nh\u00e2n vi\u00ean ch\u0103m s\u00f3c kh\u00e1ch h\u00e0ng <\/b><\/span><\/h5>\n<h5><span style=\"color: #ff0000;\"><b>\u25b2 \u0110\u1eb7t s\u1ed1 l\u01b0\u1ee3ng l\u1edbn \u0111\u01b0\u1ee3c h\u01b0\u1edfng \u01b0u \u0111\u00e3i gi\u1ea3m gi\u00e1, vui l\u00f2ng li\u00ean h\u1ec7 nh\u00e2n vi\u00ean ch\u0103m s\u00f3c kh\u00e1ch h\u00e0ng \u0111\u1ec3 \u0111\u01b0\u1ee3c t\u01b0 v\u1ea5n <\/b><\/span><\/h5>\n<h5><span style=\"color: #ff0000;\"><b>\u25b2 \u0110\u01a1n h\u00e0ng t\u1ea1i \u0110\u00e0i Loan th\u1eddi gian giao h\u00e0ng kho\u1ea3ng 7-14 ng\u00e0y l\u00e0m vi\u1ec7c <\/b><\/span><\/h5>\n<h5><span style=\"color: #ff0000;\"><b>\u25b2 \u0110\u01a1n h\u00e0ng qu\u1ed1c t\u1ebf th\u1eddi gian xu\u1ea5t h\u00e0ng kho\u1ea3ng 7-14 ng\u00e0y, th\u1eddi gian giao th\u1ef1c t\u1ebf ph\u1ee5 thu\u1ed9c v\u00e0o t\u00ecnh tr\u1ea1ng giao h\u00e0ng c\u1ee7a c\u00f4ng ty chuy\u1ec3n ph\u00e1t nhanh.<\/b><\/span><\/h5>\n<h5><strong><span style=\"color: #ff0000; font-size: 19.2px;\">\u00a0<\/span><\/strong><\/h5>\n","protected":false},"featured_media":80546,"template":"","meta":{"site-sidebar-layout":"default","site-content-layout":"default","ast-site-content-layout":"default","site-content-style":"default","site-sidebar-style":"default","ast-global-header-display":"","ast-banner-title-visibility":"","ast-main-header-display":"","ast-hfb-above-header-display":"","ast-hfb-below-header-display":"","ast-hfb-mobile-header-display":"","site-post-title":"","ast-breadcrumbs-content":"","ast-featured-img":"","footer-sml-layout":"","ast-disable-related-posts":"","theme-transparent-header-meta":"default","adv-header-id-meta":"","stick-header-meta":"default","header-above-stick-meta":"","header-main-stick-meta":"","header-below-stick-meta":"","astra-migrate-meta-layouts":"set","ast-page-background-enabled":"default","ast-page-background-meta":{"desktop":{"background-color":"var(--ast-global-color-5)","background-image":"","background-repeat":"repeat","background-position":"center center","background-size":"auto","background-attachment":"scroll","background-type":"","background-media":"","overlay-type":"","overlay-color":"","overlay-opacity":"","overlay-gradient":""},"tablet":{"background-color":"","background-image":"","background-repeat":"repeat","background-position":"center center","background-size":"auto","background-attachment":"scroll","background-type":"","background-media":"","overlay-type":"","overlay-color":"","overlay-opacity":"","overlay-gradient":""},"mobile":{"background-color":"","background-image":"","background-repeat":"repeat","background-position":"center center","background-size":"auto","background-attachment":"scroll","background-type":"","background-media":"","overlay-type":"","overlay-color":"","overlay-opacity":"","overlay-gradient":""}},"ast-content-background-meta":{"desktop":{"background-color":"var(--ast-global-color-4)","background-image":"","background-repeat":"repeat","background-position":"center center","background-size":"auto","background-attachment":"scroll","background-type":"","background-media":"","overlay-type":"","overlay-color":"","overlay-opacity":"","overlay-gradient":""},"tablet":{"background-color":"var(--ast-global-color-4)","background-image":"","background-repeat":"repeat","background-position":"center center","background-size":"auto","background-attachment":"scroll","background-type":"","background-media":"","overlay-type":"","overlay-color":"","overlay-opacity":"","overlay-gradient":""},"mobile":{"background-color":"var(--ast-global-color-4)","background-image":"","background-repeat":"repeat","background-position":"center center","background-size":"auto","background-attachment":"scroll","background-type":"","background-media":"","overlay-type":"","overlay-color":"","overlay-opacity":"","overlay-gradient":""}}},"product_brand":[],"product_cat":[4372,4367,4383,4702,4426,4420,4421],"product_tag":[5019,5009],"class_list":{"0":"post-80545","1":"product","2":"type-product","3":"status-publish","4":"has-post-thumbnail","6":"product_cat-kem-mai","7":"product_cat-vat-lieu-mai-mem","8":"product_cat-dung-dich-kem-bot-danh-bong","9":"product_cat-kem","10":"product_cat-vat-lieu-danh-bong","11":"product_cat-vat-lieu-mai-sieu-cung","12":"product_cat-vat-tu-tieu-hao-kim-loai","13":"product_tag-kem-kim-cuong-kim-tuong","14":"product_tag-khoa-hoc-kim-loai-hoc","15":"desktop-align-left","16":"tablet-align-left","17":"mobile-align-left","18":"ast-product-gallery-layout-horizontal-slider","19":"ast-product-gallery-with-no-image","20":"ast-product-single-variable","21":"ast-product-tabs-layout-horizontal","23":"first","24":"instock","25":"taxable","26":"shipping-taxable","27":"purchasable","28":"product-type-variable"},"_links":{"self":[{"href":"https:\/\/honwaygroup.com\/vi\/wp-json\/wp\/v2\/product\/80545","targetHints":{"allow":["GET"]}}],"collection":[{"href":"https:\/\/honwaygroup.com\/vi\/wp-json\/wp\/v2\/product"}],"about":[{"href":"https:\/\/honwaygroup.com\/vi\/wp-json\/wp\/v2\/types\/product"}],"version-history":[{"count":0,"href":"https:\/\/honwaygroup.com\/vi\/wp-json\/wp\/v2\/product\/80545\/revisions"}],"wp:featuredmedia":[{"embeddable":true,"href":"https:\/\/honwaygroup.com\/vi\/wp-json\/wp\/v2\/media\/80546"}],"wp:attachment":[{"href":"https:\/\/honwaygroup.com\/vi\/wp-json\/wp\/v2\/media?parent=80545"}],"wp:term":[{"taxonomy":"product_brand","embeddable":true,"href":"https:\/\/honwaygroup.com\/vi\/wp-json\/wp\/v2\/product_brand?post=80545"},{"taxonomy":"product_cat","embeddable":true,"href":"https:\/\/honwaygroup.com\/vi\/wp-json\/wp\/v2\/product_cat?post=80545"},{"taxonomy":"product_tag","embeddable":true,"href":"https:\/\/honwaygroup.com\/vi\/wp-json\/wp\/v2\/product_tag?post=80545"}],"curies":[{"name":"wp","href":"https:\/\/api.w.org\/{rel}","templated":true}]}}