{"id":80464,"date":"2025-01-08T11:56:53","date_gmt":"2025-01-08T03:56:53","guid":{"rendered":"https:\/\/honwaygroup.com\/?post_type=product&#038;p=80464"},"modified":"2025-05-12T16:29:15","modified_gmt":"2025-05-12T08:29:15","slug":"que-mai-kim-cuong-hinh-non-%e3%80%8athanh-ly-hang-le%e3%80%8b","status":"publish","type":"product","link":"https:\/\/honwaygroup.com\/vi\/product\/que-mai-kim-cuong-hinh-non-%e3%80%8athanh-ly-hang-le%e3%80%8b\/","title":{"rendered":"Que m\u00e0i kim c\u01b0\u01a1ng h\u00ecnh n\u00f3n \u300aThanh l\u00fd h\u00e0ng l\u1ebb\u300b"},"content":{"rendered":"<h3>Que m\u00e0i kim c\u01b0\u01a1ng h\u00ecnh n\u00f3n<\/h3>\n<p><a href=\"https:\/\/honwaygroup.com\/wp-content\/uploads\/2021\/01\/\u9310\u5ea6\u947d\u77f3\u78e8\u68d2\u898f\u683c.jpg\"><img fetchpriority=\"high\" decoding=\"async\" src=\"https:\/\/honwaygroup.com\/wp-content\/uploads\/2021\/01\/\u9310\u5ea6\u947d\u77f3\u78e8\u68d2\u898f\u683c.jpg\" alt=\"\u9310\u5ea6\u947d\u77f3\u78e8\u68d2 (\u67c4\u5f91 : \u00d83.0 &amp; 6.0mm)\" width=\"640\" height=\"150\" \/><\/a><\/p>\n<p>\u0110\u01a1n v\u1ecb: mm<\/p>\n<table>\n<tbody>\n<tr>\n<td><b>\u00d8D<\/b><\/td>\n<td><b>T<\/b><\/td>\n<td><b>\u03b8\u00b0<\/b><\/td>\n<td><b>\u00d8B<\/b><\/td>\n<td><b>L<\/b><\/td>\n<td>\u0110\u1ed9 h\u1ea1t<\/td>\n<td><\/td>\n<\/tr>\n<tr>\n<td><span style=\"font-weight: 400;\">\u00d83.0<\/span><\/td>\n<td><span style=\"font-weight: 400;\">16<\/span><\/td>\n<td><span style=\"font-weight: 400;\">5<\/span><\/td>\n<td><span style=\"font-weight: 400;\">\u00d83.0<\/span><\/td>\n<td><span style=\"font-weight: 400;\">45<\/span><\/td>\n<td><span style=\"font-weight: 400;\">#400<\/span><\/td>\n<td><img decoding=\"async\" class=\"alignnone\" src=\"https:\/\/honwaygroup.com\/wp-content\/uploads\/2023\/03\/%E9%8C%90%E5%BA%A6%E9%91%BD%E7%9F%B3%E7%A3%A8%E6%A3%92-%E6%9F%84%E5%BE%91-O3.0-6.0mm_%E5%B7%A5%E4%BD%9C%E5%8D%80%E5%9F%9F-1-%E8%A4%87%E6%9C%AC-8.jpg\" width=\"534\" height=\"123\" \/><\/td>\n<\/tr>\n<\/tbody>\n<\/table>\n<p>C\u00f3 b\u1ea5t k\u1ef3 c\u00e2u h\u1ecfi n\u00e0o kh\u00f4ng?\u00a0 <a href=\"https:\/\/honwaygroup.com\/vi\/lien-he-voi-honway\/\">Li\u00ean h\u1ec7 HonWay<\/a><\/p>\n","protected":false},"excerpt":{"rendered":"<p><strong>{Hoan ngh\u00eanh g\u1eedi th\u01b0 h\u1ecfi gi\u00e1} Ph\u00f9 h\u1ee3p v\u1edbi gia c\u00f4ng khu\u00f4n m\u1eabu<\/strong><\/p>\n<p>\u25b2 N\u1ebfu c\u1ea7n k\u00edch th\u01b0\u1edbc t\u00f9y ch\u1ec9nh, vui l\u00f2ng li\u00ean h\u1ec7 nh\u00e2n vi\u00ean ch\u0103m s\u00f3c kh\u00e1ch h\u00e0ng, ng\u00e0y giao h\u00e0ng s\u1ebd d\u1ef1a v\u00e0o th\u1eddi gian th\u00f4ng b\u00e1o c\u1ee7a nh\u00e2n vi\u00ean.<\/p>\n<p>\u25b2 S\u1ea3n ph\u1ea9m n\u00e0y \u0111\u1ec1u l\u00e0 h\u00e0ng kh\u00f4ng theo quy c\u00e1ch ti\u00eau chu\u1ea9n.<\/p>\n<p>\u25b2 C\u00e1c s\u1ea3n ph\u1ea9m \u0111\u1ec1u c\u00f3 k\u00edch th\u01b0\u1edbc l\u1ebb, s\u1ed1 l\u01b0\u1ee3ng gi\u1edbi h\u1ea1n, b\u00e1n h\u1ebft s\u1ebd ng\u1eebng cung c\u1ea5p.<\/p>\n<p>\u25b2 \u0110\u00e2y l\u00e0 h\u00e0ng s\u1ea3n xu\u1ea5t t\u1ea1i Trung Qu\u1ed1c, b\u00e1n theo b\u1ed9 10 chi\u1ebfc.\u0110\u01a1n v\u1ecb: mm.\u0110\u01a1n v\u1ecb: mm.<\/p>\n","protected":false},"featured_media":80465,"template":"","meta":{"site-sidebar-layout":"default","site-content-layout":"default","ast-site-content-layout":"default","site-content-style":"default","site-sidebar-style":"default","ast-global-header-display":"","ast-banner-title-visibility":"","ast-main-header-display":"","ast-hfb-above-header-display":"","ast-hfb-below-header-display":"","ast-hfb-mobile-header-display":"","site-post-title":"","ast-breadcrumbs-content":"","ast-featured-img":"","footer-sml-layout":"","ast-disable-related-posts":"","theme-transparent-header-meta":"default","adv-header-id-meta":"","stick-header-meta":"default","header-above-stick-meta":"","header-main-stick-meta":"","header-below-stick-meta":"","astra-migrate-meta-layouts":"set","ast-page-background-enabled":"default","ast-page-background-meta":{"desktop":{"background-color":"var(--ast-global-color-5)","background-image":"","background-repeat":"repeat","background-position":"center center","background-size":"auto","background-attachment":"scroll","background-type":"","background-media":"","overlay-type":"","overlay-color":"","overlay-opacity":"","overlay-gradient":""},"tablet":{"background-color":"","background-image":"","background-repeat":"repeat","background-position":"center center","background-size":"auto","background-attachment":"scroll","background-type":"","background-media":"","overlay-type":"","overlay-color":"","overlay-opacity":"","overlay-gradient":""},"mobile":{"background-color":"","background-image":"","background-repeat":"repeat","background-position":"center center","background-size":"auto","background-attachment":"scroll","background-type":"","background-media":"","overlay-type":"","overlay-color":"","overlay-opacity":"","overlay-gradient":""}},"ast-content-background-meta":{"desktop":{"background-color":"var(--ast-global-color-4)","background-image":"","background-repeat":"repeat","background-position":"center center","background-size":"auto","background-attachment":"scroll","background-type":"","background-media":"","overlay-type":"","overlay-color":"","overlay-opacity":"","overlay-gradient":""},"tablet":{"background-color":"var(--ast-global-color-4)","background-image":"","background-repeat":"repeat","background-position":"center center","background-size":"auto","background-attachment":"scroll","background-type":"","background-media":"","overlay-type":"","overlay-color":"","overlay-opacity":"","overlay-gradient":""},"mobile":{"background-color":"var(--ast-global-color-4)","background-image":"","background-repeat":"repeat","background-position":"center center","background-size":"auto","background-attachment":"scroll","background-type":"","background-media":"","overlay-type":"","overlay-color":"","overlay-opacity":"","overlay-gradient":""}}},"product_brand":[],"product_cat":[4389,4684,4298,4391],"product_tag":[5038],"class_list":{"0":"post-80464","1":"product","2":"type-product","3":"status-publish","4":"has-post-thumbnail","6":"product_cat-cong-cu-kim-cuong","7":"product_cat-khac","8":"product_cat-khu-vuc-thanh-ly-hang-ton-kho","9":"product_cat-que-mai-kim-cuong","10":"product_tag-dau-mai-kim-cuong-hinh-non","11":"desktop-align-left","12":"tablet-align-left","13":"mobile-align-left","14":"ast-product-gallery-layout-horizontal-slider","15":"ast-product-gallery-with-no-image","16":"ast-product-single-variable","17":"ast-product-tabs-layout-horizontal","19":"first","20":"instock","21":"taxable","22":"shipping-taxable","23":"purchasable","24":"product-type-variable"},"_links":{"self":[{"href":"https:\/\/honwaygroup.com\/vi\/wp-json\/wp\/v2\/product\/80464","targetHints":{"allow":["GET"]}}],"collection":[{"href":"https:\/\/honwaygroup.com\/vi\/wp-json\/wp\/v2\/product"}],"about":[{"href":"https:\/\/honwaygroup.com\/vi\/wp-json\/wp\/v2\/types\/product"}],"version-history":[{"count":0,"href":"https:\/\/honwaygroup.com\/vi\/wp-json\/wp\/v2\/product\/80464\/revisions"}],"wp:featuredmedia":[{"embeddable":true,"href":"https:\/\/honwaygroup.com\/vi\/wp-json\/wp\/v2\/media\/80465"}],"wp:attachment":[{"href":"https:\/\/honwaygroup.com\/vi\/wp-json\/wp\/v2\/media?parent=80464"}],"wp:term":[{"taxonomy":"product_brand","embeddable":true,"href":"https:\/\/honwaygroup.com\/vi\/wp-json\/wp\/v2\/product_brand?post=80464"},{"taxonomy":"product_cat","embeddable":true,"href":"https:\/\/honwaygroup.com\/vi\/wp-json\/wp\/v2\/product_cat?post=80464"},{"taxonomy":"product_tag","embeddable":true,"href":"https:\/\/honwaygroup.com\/vi\/wp-json\/wp\/v2\/product_tag?post=80464"}],"curies":[{"name":"wp","href":"https:\/\/api.w.org\/{rel}","templated":true}]}}