{"id":80451,"date":"2024-09-27T15:24:25","date_gmt":"2024-09-27T07:24:25","guid":{"rendered":"https:\/\/honwaygroup.com\/product\/tieu-de-dia-cat-luyen-kim-dia-cat-kim-cuong-sieu-mong-kich-thuoc-co-the-tuy-chinh\/"},"modified":"2024-09-27T15:24:25","modified_gmt":"2024-09-27T07:24:25","slug":"tieu-de-dia-cat-luyen-kim-dia-cat-kim-cuong-sieu-mong-kich-thuoc-co-the-tuy-chinh","status":"publish","type":"product","link":"https:\/\/honwaygroup.com\/vi\/product\/tieu-de-dia-cat-luyen-kim-dia-cat-kim-cuong-sieu-mong-kich-thuoc-co-the-tuy-chinh\/","title":{"rendered":"Ti\u00eau \u0111\u1ec1 &#8220;\u0110\u0129a c\u1eaft luy\u1ec7n kim &#8211; \u0110\u0129a c\u1eaft kim c\u01b0\u01a1ng si\u00eau m\u1ecfng (k\u00edch th\u01b0\u1edbc c\u00f3 th\u1ec3 t\u00f9y ch\u1ec9nh)"},"content":{"rendered":"<h1>\u0110\u0129a c\u1eaft luy\u1ec7n kim &#8211; \u0110\u0129a c\u1eaft kim c\u01b0\u01a1ng si\u00eau m\u1ecfng.<\/p>\n<\/h1>\n<ul>\n<li>C\u1eaft s\u1eafc b\u00e9n: H\u1ea1t kim c\u01b0\u01a1ng ch\u1ea5t l\u01b0\u1ee3ng cao, m\u1eadt \u0111\u1ed9 cao.<\/li>\n<li>Ph\u1ea1m vi s\u1eed d\u1ee5ng r\u1ed9ng: \u00c1p d\u1ee5ng trong h\u01a1n 20 l\u0129nh v\u1ef1c kh\u00e1c nhau.<\/li>\n<li>T\u1eadp trung s\u1ea3n ph\u1ea9m: Chuy\u00ean d\u00f9ng \u0111\u1ec3 c\u1eaft c\u00e1c lo\u1ea1i v\u1eadt li\u1ec7u c\u1ee9ng v\u00e0 gi\u00f2n<\/li>\n<li>S\u1ea3n ph\u1ea9m si\u00eau m\u1ecfng: \u0110\u00e1p \u1ee9ng k\u1ef3 v\u1ecdng c\u1eaft ch\u00ednh x\u00e1c c\u00e1c lo\u1ea1i m\u1eabu qu\u00fd gi\u00e1.<\/li>\n<\/ul>\n<h1>Ph\u1ea1m vi \u00e1p d\u1ee5ng<\/h1>\n<table>\n<tbody>\n<tr>\n<td colspan=\"2\" width=\"548\">\n<p style=\"text-align: center;\">L\u0129nh v\u1ef1c \u1ee9ng d\u1ee5ng<\/p>\n<\/td>\n<\/tr>\n<tr>\n<td width=\"113\">\n<p style=\"text-align: center;\">Th\u1ee7y tinh v\u00e0 g\u1ed1m s\u1ee9:<\/p>\n<\/td>\n<td width=\"435\">\u1ed0ng th\u1ee7y tinh, th\u1ee7y tinh quang h\u1ecdc, th\u1ee7y tinh th\u1ea1ch anh, s\u1ea3n ph\u1ea9m th\u1ee7y tinh, th\u1ee7y tinh vi tinh, \u0111\u00e1 qu\u00fd, pha l\u00ea, g\u1ed1m \u0111en, v\u1ecf g\u1ed1m \u1ed1ng, \u1ed1ng g\u1ed1m, v\u1eadt li\u1ec7u ch\u1ecbu l\u1eeda, v.v.<\/td>\n<\/tr>\n<tr>\n<td width=\"113\">\n<p style=\"text-align: center;\">Kim lo\u1ea1i c\u1ee9ng v\u00e0 gi\u00f2n<\/p>\n<\/td>\n<td width=\"435\">Th\u00e9p t\u1ed1c \u0111\u1ed9 cao, th\u00e9p khu\u00f4n m\u1eabu, th\u00e9p h\u1ee3p kim, \u1ed1ng h\u1ee3p kim c\u1ee9ng, h\u1ee3p kim c\u1ee9ng vonfram, v.v.<\/td>\n<\/tr>\n<tr>\n<td width=\"113\">\n<p style=\"text-align: center;\">V\u1eadt li\u1ec7u t\u1eeb t\u00ednh<\/p>\n<\/td>\n<td width=\"435\">L\u00f5i t\u1eeb, t\u1ea5m t\u1eeb, nam ch\u00e2m \u0111\u1ea5t hi\u1ebfm neodymium-s\u1eaft-bo, nam ch\u00e2m v\u0129nh c\u1eedu, v.v.<\/td>\n<\/tr>\n<tr>\n<td width=\"113\">\n<p style=\"text-align: center;\">V\u1eadt li\u1ec7u quang \u0111i\u1ec7n<\/p>\n<\/td>\n<td width=\"435\">Silicon carbide, t\u1ea5m silicon, t\u1ea5m germanium, IED, LCD, CD, v.v.<\/td>\n<\/tr>\n<\/tbody>\n<\/table>\n<h1>Th\u00f4ng s\u1ed1 k\u1ef9 thu\u1eadt s\u1ea3n ph\u1ea9m<\/h1>\n<p><a href=\"https:\/\/honwaygroup.com\/wp-content\/uploads\/2024\/09\/%E5%85%B6%E4%BB%96-%E5%88%87%E5%89%B2%E7%89%87-%E5%88%87%E5%89%B2%E7%89%87%E5%9C%96%E9%9D%A2.webp\"><img fetchpriority=\"high\" decoding=\"async\" class=\"wp-image-46963 size-full\" src=\"https:\/\/honwaygroup.com\/wp-content\/uploads\/2024\/09\/%E5%85%B6%E4%BB%96-%E5%88%87%E5%89%B2%E7%89%87-%E5%88%87%E5%89%B2%E7%89%87%E5%9C%96%E9%9D%A2.webp\" alt=\"B\u1ea3n v\u1ebd \u0111\u0129a c\u1eaft\" width=\"1186\" height=\"241\"><\/a><\/p>\n<table>\n<tbody>\n<tr>\n<td style=\"text-align: center;\" width=\"107\">D\u00f2ng s\u1ea3n ph\u1ea9m<\/td>\n<td style=\"text-align: center;\" width=\"74\">Ch\u1ea5t k\u1ebft d\u00ednh<\/td>\n<td style=\"text-align: center;\" width=\"75\">\u0110\u01b0\u1eddng k\u00ednh ngo\u00e0i D<\/td>\n<td style=\"text-align: center;\" width=\"75\">\u0110\u01b0\u1eddng k\u00ednh trong H<\/td>\n<td style=\"text-align: center;\" width=\"74\">\u0110\u1ed9 d\u00e0y T<\/td>\n<td style=\"text-align: center;\" width=\"74\">Dung sai \u0111\u1ed9 d\u00e0y<\/td>\n<td style=\"text-align: center;\" width=\"74\">Chi\u1ec1u r\u1ed9ng v\u1eadt li\u1ec7u m\u00e0i X<\/td>\n<\/tr>\n<tr>\n<td width=\"107\">HW-6012703<\/td>\n<td style=\"text-align: center;\" rowspan=\"10\" width=\"74\">Kim lo\u1ea1i<\/td>\n<td width=\"75\">60<\/td>\n<td width=\"75\">12.7<\/td>\n<td width=\"74\">0.3<\/td>\n<td width=\"74\">\u00b10.02<\/td>\n<td width=\"74\">5.0<\/td>\n<\/tr>\n<tr>\n<td width=\"107\">HW-10012702<\/td>\n<td width=\"75\">100<\/td>\n<td width=\"75\">12.7<\/td>\n<td width=\"74\">0.2<\/td>\n<td width=\"74\">\u00b10.02<\/td>\n<td width=\"74\">4.0<\/td>\n<\/tr>\n<tr>\n<td width=\"107\">HW-10012705<\/td>\n<td width=\"75\">100<\/td>\n<td width=\"75\">12.7<\/td>\n<td width=\"74\">0.5<\/td>\n<td width=\"74\">\u00b10.02<\/td>\n<td width=\"74\">4.0<\/td>\n<\/tr>\n<tr>\n<td width=\"107\">HW-11012707<\/td>\n<td width=\"75\">110<\/td>\n<td width=\"75\">12.7<\/td>\n<td width=\"74\">0.7<\/td>\n<td width=\"74\">\u00b10.02<\/td>\n<td width=\"74\">5.0<\/td>\n<\/tr>\n<tr>\n<td width=\"107\">HW-12512703<\/td>\n<td width=\"75\">125<\/td>\n<td width=\"75\">12.7<\/td>\n<td width=\"74\">0.3<\/td>\n<td width=\"74\">\u00b10.02<\/td>\n<td width=\"74\">4.5<\/td>\n<\/tr>\n<tr>\n<td width=\"107\">HW-12512705<\/td>\n<td width=\"75\">125<\/td>\n<td width=\"75\">12.7<\/td>\n<td width=\"74\">0.5<\/td>\n<td width=\"74\">\u00b10.02<\/td>\n<td width=\"74\">4.5<\/td>\n<\/tr>\n<tr>\n<td width=\"107\">HW-15012705<\/td>\n<td width=\"75\">150<\/td>\n<td width=\"75\">12.7<\/td>\n<td width=\"74\">0.5<\/td>\n<td width=\"74\">\u00b10.02<\/td>\n<td width=\"74\">7.0<\/td>\n<\/tr>\n<tr>\n<td width=\"107\">HW-17512707<\/td>\n<td width=\"75\">175<\/td>\n<td width=\"75\">12.7<\/td>\n<td width=\"74\">0.7<\/td>\n<td width=\"74\">\u00b10.02<\/td>\n<td width=\"74\">6.0<\/td>\n<\/tr>\n<tr>\n<td width=\"107\">HW-20032009<\/td>\n<td width=\"75\">200<\/td>\n<td width=\"75\">32.0<\/td>\n<td width=\"74\">0.9<\/td>\n<td width=\"74\">\u00b10.02<\/td>\n<td width=\"74\">10.0<\/td>\n<\/tr>\n<tr>\n<td width=\"107\">HW-25032015<\/td>\n<td width=\"75\">250<\/td>\n<td width=\"75\">32.0<\/td>\n<td width=\"74\">1.5<\/td>\n<td width=\"74\">\u00b10.05<\/td>\n<td width=\"74\">10.0<\/td>\n<\/tr>\n<\/tbody>\n<\/table>\n<p>\u203b N\u1ebfu c\u1ea7n ch\u1ea5t k\u1ebft d\u00ednh nh\u1ef1a, vui l\u00f2ng li\u00ean h\u1ec7 nh\u00e2n vi\u00ean ch\u0103m s\u00f3c kh\u00e1ch h\u00e0ng.<\/p>\n<p>\u203b K\u00edch th\u01b0\u1edbc \u0111\u1eb7c bi\u1ec7t c\u00f3 th\u1ec3 \u0111\u1eb7t l\u00e0m theo y\u00eau c\u1ea7u, vui l\u00f2ng li\u00ean h\u1ec7 v\u1edbi nh\u00e2n vi\u00ean ch\u0103m s\u00f3c kh\u00e1ch h\u00e0ng.<\/p>\n<p>\u203b D\u1ef1a tr\u00ean vi\u1ec7c ch\u1ea5t k\u1ebft d\u00ednh kim lo\u1ea1i c\u00f3 tu\u1ed5i th\u1ecd d\u00e0i h\u01a1n ba l\u1ea7n so v\u1edbi ch\u1ea5t k\u1ebft d\u00ednh nh\u1ef1a, HonWay ch\u1ee7 y\u1ebfu kinh doanh \u0111\u0129a c\u1eaft kim c\u01b0\u01a1ng k\u1ebft d\u00ednh kim lo\u1ea1i. N\u1ebfu c\u1ea7n \u0111\u0129a c\u1eaft kim c\u01b0\u01a1ng k\u1ebft d\u00ednh nh\u1ef1a, vui l\u00f2ng li\u00ean h\u1ec7 v\u1edbi nh\u00e2n vi\u00ean ch\u0103m s\u00f3c kh\u00e1ch h\u00e0ng.&#8221;<\/p>\n<p>\u203b Do c\u00e1c v\u1eadt li\u1ec7u c\u1ea7n c\u1eaft kh\u00e1c nhau, ngo\u00e0i c\u00e1c s\u1ea3n ph\u1ea9m ti\u00eau chu\u1ea9n, \u0111\u0129a c\u1eaft kim c\u01b0\u01a1ng th\u01b0\u1eddng c\u1ea7n \u0111\u01b0\u1ee3c \u0111\u1eb7t l\u00e0m \u00edt nh\u1ea5t 5 chi\u1ebfc \u0111\u1ec3 \u0111\u1ea3m b\u1ea3o hi\u1ec7u su\u1ea5t s\u1ea3n ph\u1ea9m ph\u00f9 h\u1ee3p h\u01a1n v\u1edbi mong \u0111\u1ee3i s\u1eed d\u1ee5ng c\u1ee7a b\u1ea1n.<\/p>\n<h2><\/h2>\n<p>&nbsp;<\/p>\n","protected":false},"excerpt":{"rendered":"<p>\u2022 C\u1eaft s\u1eafc b\u00e9n: H\u1ea1t kim c\u01b0\u01a1ng ch\u1ea5t l\u01b0\u1ee3ng cao, m\u1eadt \u0111\u1ed9 cao.<\/p>\n<p>\u2022 Ph\u1ea1m vi s\u1eed d\u1ee5ng r\u1ed9ng: \u00c1p d\u1ee5ng trong h\u01a1n 20 l\u0129nh v\u1ef1c kh\u00e1c nhau.<\/p>\n<p>S\u1ea3n ph\u1ea9m chuy\u00ean bi\u1ec7t: Chuy\u00ean d\u00f9ng \u0111\u1ec3 c\u1eaft c\u00e1c lo\u1ea1i v\u1eadt li\u1ec7u c\u1ee9ng v\u00e0 gi\u00f2n.&#8221;**<\/p>\n<p>\u2022 S\u1ea3n ph\u1ea9m si\u00eau m\u1ecfng: \u0110\u00e1p \u1ee9ng k\u1ef3 v\u1ecdng c\u1eaft ch\u00ednh x\u00e1c c\u00e1c lo\u1ea1i m\u1eabu qu\u00fd gi\u00e1.<\/p>\n<p>\u203b Do c\u00e1c v\u1eadt li\u1ec7u c\u1ea7n c\u1eaft kh\u00e1c nhau, ngo\u00e0i c\u00e1c s\u1ea3n ph\u1ea9m ti\u00eau chu\u1ea9n, \u0111\u0129a c\u1eaft kim c\u01b0\u01a1ng th\u01b0\u1eddng c\u1ea7n \u0111\u01b0\u1ee3c \u0111\u1eb7t l\u00e0m \u00edt nh\u1ea5t 5 chi\u1ebfc \u0111\u1ec3 \u0111\u1ea3m b\u1ea3o hi\u1ec7u su\u1ea5t s\u1ea3n ph\u1ea9m ph\u00f9 h\u1ee3p h\u01a1n v\u1edbi mong \u0111\u1ee3i s\u1eed d\u1ee5ng c\u1ee7a b\u1ea1n.<\/p>\n<h5><strong><span style=\"color: #ff0000; font-size: 19.2px;\">\u25b2<\/span><\/strong><strong><span style=\"color: #ff0000; font-size: 19.2px;\"> N\u1ebfu c\u1ea7n k\u00edch th\u01b0\u1edbc t\u00f9y ch\u1ec9nh, vui l\u00f2ng li\u00ean h\u1ec7 b\u1ed9 ph\u1eadn ch\u0103m s\u00f3c kh\u00e1ch h\u00e0ng.<\/span><\/strong><\/h5>\n<h5><strong><span style=\"color: #ff0000; font-size: 19.2px;\">\u25b2 \u0110\u1eb7t h\u00e0ng s\u1ed1 l\u01b0\u1ee3ng l\u1edbn c\u00f3 th\u1ec3 \u0111\u01b0\u1ee3c h\u01b0\u1edfng chi\u1ebft kh\u1ea5u \u01b0u \u0111\u00e3i, vui l\u00f2ng li\u00ean h\u1ec7 b\u1ed9 ph\u1eadn ch\u0103m s\u00f3c kh\u00e1ch h\u00e0ng \u0111\u1ec3 bi\u1ebft th\u00eam chi ti\u1ebft.<br \/>\n<\/span><\/strong><\/h5>\n<h5><strong><span style=\"color: #ff0000;\">\u25b2 Vui l\u00f2ng li\u00ean h\u1ec7 b\u1ed9 ph\u1eadn ch\u0103m s\u00f3c kh\u00e1ch h\u00e0ng \u0111\u1ec3 h\u1ecfi v\u1ec1 th\u1eddi gian giao h\u00e0ng th\u1ef1c t\u1ebf c\u1ee7a \u0111\u01a1n \u0111\u1eb7t h\u00e0ng:<\/span> <a href=\"https:\/\/honwaygroup.com\/vi\/lien-he-voi-honway\/\">Li\u00ean h\u1ec7 HonWay.<\/a><\/strong><\/h5>\n","protected":false},"featured_media":80452,"template":"","meta":{"site-sidebar-layout":"default","site-content-layout":"default","ast-site-content-layout":"default","site-content-style":"default","site-sidebar-style":"default","ast-global-header-display":"","ast-banner-title-visibility":"","ast-main-header-display":"","ast-hfb-above-header-display":"","ast-hfb-below-header-display":"","ast-hfb-mobile-header-display":"","site-post-title":"","ast-breadcrumbs-content":"","ast-featured-img":"","footer-sml-layout":"","ast-disable-related-posts":"","theme-transparent-header-meta":"default","adv-header-id-meta":"","stick-header-meta":"","header-above-stick-meta":"","header-main-stick-meta":"","header-below-stick-meta":"","astra-migrate-meta-layouts":"default","ast-page-background-enabled":"default","ast-page-background-meta":{"desktop":{"background-color":"var(--ast-global-color-5)","background-image":"","background-repeat":"repeat","background-position":"center center","background-size":"auto","background-attachment":"scroll","background-type":"","background-media":"","overlay-type":"","overlay-color":"","overlay-opacity":"","overlay-gradient":""},"tablet":{"background-color":"","background-image":"","background-repeat":"repeat","background-position":"center center","background-size":"auto","background-attachment":"scroll","background-type":"","background-media":"","overlay-type":"","overlay-color":"","overlay-opacity":"","overlay-gradient":""},"mobile":{"background-color":"","background-image":"","background-repeat":"repeat","background-position":"center center","background-size":"auto","background-attachment":"scroll","background-type":"","background-media":"","overlay-type":"","overlay-color":"","overlay-opacity":"","overlay-gradient":""}},"ast-content-background-meta":{"desktop":{"background-color":"var(--ast-global-color-4)","background-image":"","background-repeat":"repeat","background-position":"center center","background-size":"auto","background-attachment":"scroll","background-type":"","background-media":"","overlay-type":"","overlay-color":"","overlay-opacity":"","overlay-gradient":""},"tablet":{"background-color":"var(--ast-global-color-4)","background-image":"","background-repeat":"repeat","background-position":"center center","background-size":"auto","background-attachment":"scroll","background-type":"","background-media":"","overlay-type":"","overlay-color":"","overlay-opacity":"","overlay-gradient":""},"mobile":{"background-color":"var(--ast-global-color-4)","background-image":"","background-repeat":"repeat","background-position":"center center","background-size":"auto","background-attachment":"scroll","background-type":"","background-media":"","overlay-type":"","overlay-color":"","overlay-opacity":"","overlay-gradient":""}}},"product_brand":[],"product_cat":[4384,4421],"product_tag":[5010,4974],"class_list":{"0":"post-80451","1":"product","2":"type-product","3":"status-publish","4":"has-post-thumbnail","6":"product_cat-dia-cat-kim-loai","7":"product_cat-vat-tu-tieu-hao-kim-loai","8":"product_tag-dia-cat-kim-loai-hoc","9":"product_tag-luoi-cat-kim-cuong-sieu-mong","10":"desktop-align-left","11":"tablet-align-left","12":"mobile-align-left","13":"ast-product-gallery-layout-horizontal-slider","14":"ast-product-gallery-with-no-image","15":"ast-product-single-variable","16":"ast-product-tabs-layout-horizontal","18":"first","19":"instock","20":"taxable","21":"shipping-taxable","22":"purchasable","23":"product-type-variable"},"_links":{"self":[{"href":"https:\/\/honwaygroup.com\/vi\/wp-json\/wp\/v2\/product\/80451","targetHints":{"allow":["GET"]}}],"collection":[{"href":"https:\/\/honwaygroup.com\/vi\/wp-json\/wp\/v2\/product"}],"about":[{"href":"https:\/\/honwaygroup.com\/vi\/wp-json\/wp\/v2\/types\/product"}],"version-history":[{"count":0,"href":"https:\/\/honwaygroup.com\/vi\/wp-json\/wp\/v2\/product\/80451\/revisions"}],"wp:featuredmedia":[{"embeddable":true,"href":"https:\/\/honwaygroup.com\/vi\/wp-json\/wp\/v2\/media\/80452"}],"wp:attachment":[{"href":"https:\/\/honwaygroup.com\/vi\/wp-json\/wp\/v2\/media?parent=80451"}],"wp:term":[{"taxonomy":"product_brand","embeddable":true,"href":"https:\/\/honwaygroup.com\/vi\/wp-json\/wp\/v2\/product_brand?post=80451"},{"taxonomy":"product_cat","embeddable":true,"href":"https:\/\/honwaygroup.com\/vi\/wp-json\/wp\/v2\/product_cat?post=80451"},{"taxonomy":"product_tag","embeddable":true,"href":"https:\/\/honwaygroup.com\/vi\/wp-json\/wp\/v2\/product_tag?post=80451"}],"curies":[{"name":"wp","href":"https:\/\/api.w.org\/{rel}","templated":true}]}}