{"id":80435,"date":"2025-02-05T11:51:42","date_gmt":"2025-02-05T03:51:42","guid":{"rendered":"https:\/\/honwaygroup.com\/?post_type=product&#038;p=80435"},"modified":"2025-05-08T17:47:31","modified_gmt":"2025-05-08T09:47:31","slug":"dua-mai-lo-kim-cuong-va-thanh-mai-lo-duong-kinh-thanh-mai-o7-1-8-0mm","status":"publish","type":"product","link":"https:\/\/honwaygroup.com\/vi\/product\/dua-mai-lo-kim-cuong-va-thanh-mai-lo-duong-kinh-thanh-mai-o7-1-8-0mm\/","title":{"rendered":"D\u0169a m\u00e0i l\u1ed7 kim c\u01b0\u01a1ng v\u00e0 thanh m\u00e0i l\u1ed7 (\u0111\u01b0\u1eddng k\u00ednh thanh m\u00e0i: \u00d87.1-8.0mm)"},"content":{"rendered":"<h3>D\u0169a m\u00e0i l\u1ed7 kim c\u01b0\u01a1ng v\u00e0 thanh m\u00e0i l\u1ed7 (\u0111\u01b0\u1eddng k\u00ednh thanh m\u00e0i: \u00d87.1-8.0mm)<\/h3>\n<p>V\u1eadt li\u1ec7u kim c\u01b0\u01a1ng c\u00f3 \u0111\u1ed9 ch\u1ed1ng m\u00e0i m\u00f2n c\u1ef1c cao, gi\u00fap t\u0103ng tu\u1ed5i th\u1ecd c\u1ee7a thanh m\u00e0i trong qu\u00e1 tr\u00ecnh s\u1eed d\u1ee5ng, gi\u1ea3m t\u1ea7n su\u1ea5t thay th\u1ebf.<\/p>\n<h2>\u1ee8ng d\u1ee5ng:<\/h2>\n<ul>\n<li>Ph\u00f9 h\u1ee3p \u0111\u1ec3 m\u00e0i l\u1ed7 b\u00ean trong, s\u1eeda ch\u1eefa, khoan, gia c\u00f4ng l\u1ed7 b\u00ean trong ho\u1eb7c c\u00e1c y\u00eau c\u1ea7u m\u00e0i ch\u00ednh x\u00e1c trong gia c\u00f4ng kim lo\u1ea1i.<\/li>\n<li>Th\u00edch h\u1ee3p cho c\u00e1c v\u1eadt li\u1ec7u c\u1ee9ng nh\u01b0 g\u1ed1m, k\u00ednh, h\u1ee3p kim c\u1ee9ng, \u0111\u00e1, v.v.<\/li>\n<li>C\u00f3 th\u1ec3 s\u1eed d\u1ee5ng cho khu\u00f4n k\u00e9o d\u00e2y, khu\u00f4n v\u00edt \u0111\u1ec3 m\u1edf r\u1ed9ng l\u1ed7.<\/li>\n<\/ul>\n<h2>Quy c\u00e1ch s\u1ea3n ph\u1ea9m:<\/h2>\n<p><a href=\"https:\/\/honwaygroup.com\/wp-content\/uploads\/2025\/01\/messageImage_1737343357285.jpg\"><img fetchpriority=\"high\" decoding=\"async\" class=\"alignnone wp-image-66711 size-full\" src=\"https:\/\/honwaygroup.com\/wp-content\/uploads\/2025\/01\/messageImage_1737343357285.jpg\" alt=\"\u947d\u77f3\u642a\u5b54\u92bc\u5200 \u7a7f\u5b54\u78e8\u68d2\u6a19\u793a\u5716\" width=\"1531\" height=\"335\" \/><\/a> \u203b C\u00e1c \u0111i\u1ec3m tr\u00ean b\u1ea3n v\u1ebd l\u00e0 v\u1ecb tr\u00ed v\u1eadt li\u1ec7u m\u00e0i \u0111\u01b0\u1ee3c \u0111\u00ednh k\u00e8m.<\/p>\n<p>\u203b Ph\u1ea7n \u0111\u1ea7u c\u1ee7a thanh m\u00e0i \u0111\u1ec1u c\u00f3 \u0111\u1ed9 r\u00fat lui (\u00d8A)-0.15 mm.<\/p>\n<p>\u0110\u01a1n v\u1ecb: mm.<\/p>\n<table>\n<tbody>\n<tr>\n<td width=\"79\"><strong>\u00d8A<\/strong> <strong>O.D<\/strong><\/td>\n<td width=\"79\"><strong>\u00d8B<\/strong> <strong>Shank<\/strong><\/td>\n<td width=\"79\">Chi\u1ec1u d\u00e0i m\u1eb7t nghi\u00eang L2<\/td>\n<td width=\"79\"><strong>T<\/strong><\/td>\n<td width=\"79\"><strong>L<\/strong><\/td>\n<td width=\"79\"><strong>\u0110\u1ed9 h\u1ea1t<\/strong><\/td>\n<\/tr>\n<tr>\n<td width=\"79\">7.1<\/td>\n<td width=\"79\">6.80<\/td>\n<td width=\"79\">80<\/td>\n<td width=\"79\">120<\/td>\n<td width=\"79\">250<\/td>\n<td width=\"79\">D150<\/td>\n<\/tr>\n<tr>\n<td width=\"79\">7.2<\/td>\n<td width=\"79\">6.90<\/td>\n<td width=\"79\">80<\/td>\n<td width=\"79\">120<\/td>\n<td width=\"79\">250<\/td>\n<td width=\"79\">D150<\/td>\n<\/tr>\n<tr>\n<td width=\"79\">7.3<\/td>\n<td width=\"79\">7.00<\/td>\n<td width=\"79\">80<\/td>\n<td width=\"79\">120<\/td>\n<td width=\"79\">250<\/td>\n<td width=\"79\">D150<\/td>\n<\/tr>\n<tr>\n<td width=\"79\">7.4<\/td>\n<td width=\"79\">7.10<\/td>\n<td width=\"79\">80<\/td>\n<td width=\"79\">120<\/td>\n<td width=\"79\">250<\/td>\n<td width=\"79\">D150<\/td>\n<\/tr>\n<tr>\n<td width=\"79\">7.5<\/td>\n<td width=\"79\">7.20<\/td>\n<td width=\"79\">80<\/td>\n<td width=\"79\">120<\/td>\n<td width=\"79\">250<\/td>\n<td width=\"79\">D150<\/td>\n<\/tr>\n<tr>\n<td width=\"79\">7.6<\/td>\n<td width=\"79\">7.30<\/td>\n<td width=\"79\">80<\/td>\n<td width=\"79\">120<\/td>\n<td width=\"79\">250<\/td>\n<td width=\"79\">D150<\/td>\n<\/tr>\n<tr>\n<td width=\"79\">7.7<\/td>\n<td width=\"79\">7.40<\/td>\n<td width=\"79\">80<\/td>\n<td width=\"79\">120<\/td>\n<td width=\"79\">250<\/td>\n<td width=\"79\">D150<\/td>\n<\/tr>\n<tr>\n<td width=\"79\">7.8<\/td>\n<td width=\"79\">7.50<\/td>\n<td width=\"79\">80<\/td>\n<td width=\"79\">120<\/td>\n<td width=\"79\">250<\/td>\n<td width=\"79\">D150<\/td>\n<\/tr>\n<tr>\n<td width=\"79\">7.9<\/td>\n<td width=\"79\">7.60<\/td>\n<td width=\"79\">80<\/td>\n<td width=\"79\">120<\/td>\n<td width=\"79\">250<\/td>\n<td width=\"79\">D150<\/td>\n<\/tr>\n<tr>\n<td width=\"79\">8.0<\/td>\n<td width=\"79\">7.70<\/td>\n<td width=\"79\">80<\/td>\n<td width=\"79\">120<\/td>\n<td width=\"79\">250<\/td>\n<td width=\"79\">D150<\/td>\n<\/tr>\n<\/tbody>\n<\/table>\n<p>C\u00f3 b\u1ea5t k\u1ef3 c\u00e2u h\u1ecfi n\u00e0o kh\u00f4ng?<span style=\"font-size: 16px;\">\u00a0 <a href=\"https:\/\/honwaygroup.com\/vi\/lien-he-voi-honway\/\">Li\u00ean h\u1ec7 HonWay\u00a0<\/a><\/span><\/p>\n","protected":false},"excerpt":{"rendered":"<ul>\n<li>Ph\u00f9 h\u1ee3p \u0111\u1ec3 m\u00e0i l\u1ed7 b\u00ean trong, s\u1eeda ch\u1eefa, khoan, gia c\u00f4ng l\u1ed7 b\u00ean trong ho\u1eb7c c\u00e1c y\u00eau c\u1ea7u m\u00e0i ch\u00ednh x\u00e1c trong gia c\u00f4ng kim lo\u1ea1i.<\/li>\n<li>Th\u00edch h\u1ee3p cho c\u00e1c v\u1eadt li\u1ec7u c\u1ee9ng nh\u01b0 g\u1ed1m, k\u00ednh, h\u1ee3p kim c\u1ee9ng, \u0111\u00e1, v.v.<\/li>\n<li>C\u00f3 th\u1ec3 s\u1eed d\u1ee5ng cho khu\u00f4n k\u00e9o d\u00e2y, khu\u00f4n v\u00edt \u0111\u1ec3 m\u1edf r\u1ed9ng l\u1ed7.<\/li>\n<\/ul>\n<h5><span style=\"color: #ff0000;\"><strong>\u25b2\u00a0Gi\u00e1 s\u1ea3n ph\u1ea9m \u0111\u1ec1u bao g\u1ed3m thu\u1ebf (ch\u1ec9 \u00e1p d\u1ee5ng t\u1ea1i \u0110\u00e0i Loan), thu\u1ebf h\u1ea3i quan s\u1ebd \u0111\u01b0\u1ee3c t\u00ednh th\u00eam. <\/strong><\/span><\/h5>\n<h5><span style=\"color: #ff0000;\"><strong>\u25b2 N\u1ebfu c\u1ea7n k\u00edch th\u01b0\u1edbc t\u00f9y ch\u1ec9nh, vui l\u00f2ng li\u00ean h\u1ec7 v\u1edbi b\u1ed9 ph\u1eadn ch\u0103m s\u00f3c kh\u00e1ch h\u00e0ng, ng\u00e0y giao h\u00e0ng s\u1ebd do b\u1ed9 ph\u1eadn n\u00e0y th\u00f4ng b\u00e1o. <\/strong><\/span><\/h5>\n<h5><span style=\"color: #ff0000;\"><strong>\u25b2 \u0110\u1eb7t s\u1ed1 l\u01b0\u1ee3ng l\u1edbn s\u1ebd \u0111\u01b0\u1ee3c h\u01b0\u1edfng \u01b0u \u0111\u00e3i gi\u1ea3m gi\u00e1, vui l\u00f2ng li\u00ean h\u1ec7 v\u1edbi b\u1ed9 ph\u1eadn ch\u0103m s\u00f3c kh\u00e1ch h\u00e0ng \u0111\u1ec3 bi\u1ebft th\u00eam chi ti\u1ebft. <\/strong><\/span><\/h5>\n<h5><span style=\"color: #ff0000;\"><strong>\u25b2 Th\u1eddi gian giao h\u00e0ng \u0111\u1ed1i v\u1edbi \u0111\u01a1n h\u00e0ng trong \u0110\u00e0i Loan kho\u1ea3ng 7-14 ng\u00e0y l\u00e0m vi\u1ec7c. <\/strong><\/span><\/h5>\n<h5><span style=\"color: #ff0000;\"><strong>\u25b2 Th\u1eddi gian giao h\u00e0ng \u0111\u1ed1i v\u1edbi \u0111\u01a1n h\u00e0ng qu\u1ed1c t\u1ebf kho\u1ea3ng 7-14 ng\u00e0y, th\u1eddi gian th\u1ef1c t\u1ebf ph\u1ee5 thu\u1ed9c v\u00e0o t\u00ecnh tr\u1ea1ng giao h\u00e0ng c\u1ee7a c\u00f4ng ty chuy\u1ec3n ph\u00e1t nhanh.<\/strong><\/span><\/h5>\n","protected":false},"featured_media":79944,"template":"","meta":{"site-sidebar-layout":"default","site-content-layout":"default","ast-site-content-layout":"default","site-content-style":"default","site-sidebar-style":"default","ast-global-header-display":"","ast-banner-title-visibility":"","ast-main-header-display":"","ast-hfb-above-header-display":"","ast-hfb-below-header-display":"","ast-hfb-mobile-header-display":"","site-post-title":"","ast-breadcrumbs-content":"","ast-featured-img":"","footer-sml-layout":"","ast-disable-related-posts":"","theme-transparent-header-meta":"default","adv-header-id-meta":"","stick-header-meta":"default","header-above-stick-meta":"","header-main-stick-meta":"","header-below-stick-meta":"","astra-migrate-meta-layouts":"set","ast-page-background-enabled":"default","ast-page-background-meta":{"desktop":{"background-color":"var(--ast-global-color-5)","background-image":"","background-repeat":"repeat","background-position":"center center","background-size":"auto","background-attachment":"scroll","background-type":"","background-media":"","overlay-type":"","overlay-color":"","overlay-opacity":"","overlay-gradient":""},"tablet":{"background-color":"","background-image":"","background-repeat":"repeat","background-position":"center center","background-size":"auto","background-attachment":"scroll","background-type":"","background-media":"","overlay-type":"","overlay-color":"","overlay-opacity":"","overlay-gradient":""},"mobile":{"background-color":"","background-image":"","background-repeat":"repeat","background-position":"center center","background-size":"auto","background-attachment":"scroll","background-type":"","background-media":"","overlay-type":"","overlay-color":"","overlay-opacity":"","overlay-gradient":""}},"ast-content-background-meta":{"desktop":{"background-color":"var(--ast-global-color-4)","background-image":"","background-repeat":"repeat","background-position":"center center","background-size":"auto","background-attachment":"scroll","background-type":"","background-media":"","overlay-type":"","overlay-color":"","overlay-opacity":"","overlay-gradient":""},"tablet":{"background-color":"var(--ast-global-color-4)","background-image":"","background-repeat":"repeat","background-position":"center center","background-size":"auto","background-attachment":"scroll","background-type":"","background-media":"","overlay-type":"","overlay-color":"","overlay-opacity":"","overlay-gradient":""},"mobile":{"background-color":"var(--ast-global-color-4)","background-image":"","background-repeat":"repeat","background-position":"center center","background-size":"auto","background-attachment":"scroll","background-type":"","background-media":"","overlay-type":"","overlay-color":"","overlay-opacity":"","overlay-gradient":""}}},"product_brand":[],"product_cat":[4389,4391],"product_tag":[5066,5078],"class_list":{"0":"post-80435","1":"product","2":"type-product","3":"status-publish","4":"has-post-thumbnail","6":"product_cat-cong-cu-kim-cuong","7":"product_cat-que-mai-kim-cuong","8":"product_tag-dua-kim-cuong-cho-lo","9":"product_tag-thanh-mai-kim-cuong-xuyen-lo","10":"pa_diameter-7-1-vi","11":"pa_diameter-7-2-vi","12":"pa_diameter-7-3-vi","13":"pa_diameter-7-4-vi","14":"pa_diameter-7-5-vi","15":"pa_diameter-7-6-vi","16":"pa_diameter-7-7-vi","17":"pa_diameter-7-8-vi","18":"pa_diameter-7-9-vi","19":"pa_diameter-8-0-vi","20":"desktop-align-left","21":"tablet-align-left","22":"mobile-align-left","23":"ast-product-gallery-layout-horizontal-slider","24":"ast-product-gallery-with-no-image","25":"ast-product-single-variable","26":"ast-product-tabs-layout-horizontal","28":"first","29":"instock","30":"taxable","31":"shipping-taxable","32":"purchasable","33":"product-type-variable"},"_links":{"self":[{"href":"https:\/\/honwaygroup.com\/vi\/wp-json\/wp\/v2\/product\/80435","targetHints":{"allow":["GET"]}}],"collection":[{"href":"https:\/\/honwaygroup.com\/vi\/wp-json\/wp\/v2\/product"}],"about":[{"href":"https:\/\/honwaygroup.com\/vi\/wp-json\/wp\/v2\/types\/product"}],"version-history":[{"count":0,"href":"https:\/\/honwaygroup.com\/vi\/wp-json\/wp\/v2\/product\/80435\/revisions"}],"wp:featuredmedia":[{"embeddable":true,"href":"https:\/\/honwaygroup.com\/vi\/wp-json\/wp\/v2\/media\/79944"}],"wp:attachment":[{"href":"https:\/\/honwaygroup.com\/vi\/wp-json\/wp\/v2\/media?parent=80435"}],"wp:term":[{"taxonomy":"product_brand","embeddable":true,"href":"https:\/\/honwaygroup.com\/vi\/wp-json\/wp\/v2\/product_brand?post=80435"},{"taxonomy":"product_cat","embeddable":true,"href":"https:\/\/honwaygroup.com\/vi\/wp-json\/wp\/v2\/product_cat?post=80435"},{"taxonomy":"product_tag","embeddable":true,"href":"https:\/\/honwaygroup.com\/vi\/wp-json\/wp\/v2\/product_tag?post=80435"}],"curies":[{"name":"wp","href":"https:\/\/api.w.org\/{rel}","templated":true}]}}