{"id":79931,"date":"2024-09-27T14:59:33","date_gmt":"2024-09-27T06:59:33","guid":{"rendered":"https:\/\/honwaygroup.com\/product\/dia-dan-kim-tuong-dia-ho-tro-thep-khong-gi-kich-thuoc-co-the-tuy-chinh\/"},"modified":"2024-09-27T14:59:33","modified_gmt":"2024-09-27T06:59:33","slug":"dia-dan-kim-tuong-dia-ho-tro-thep-khong-gi-kich-thuoc-co-the-tuy-chinh","status":"publish","type":"product","link":"https:\/\/honwaygroup.com\/vi\/product\/dia-dan-kim-tuong-dia-ho-tro-thep-khong-gi-kich-thuoc-co-the-tuy-chinh\/","title":{"rendered":"\u0110\u0129a d\u00e1n kim t\u01b0\u01a1ng &#8211; \u0111\u0129a h\u1ed7 tr\u1ee3 &#8211; th\u00e9p kh\u00f4ng g\u1ec9, k\u00edch th\u01b0\u1edbc c\u00f3 th\u1ec3 t\u00f9y ch\u1ec9nh."},"content":{"rendered":"<h1>\u0110\u1eb7c \u0111i\u1ec3m s\u1ea3n ph\u1ea9m c\u1ee7a \u0111\u0129a d\u00e1n kim t\u01b0\u01a1ng &#8211; \u0111\u0129a h\u1ed7 tr\u1ee3 &#8211; th\u00e9p kh\u00f4ng g\u1ec9<\/h1>\n<p>H\u1ec7 th\u1ed1ng t\u1eeb h\u00f3a kim t\u01b0\u01a1ng: Ph\u01b0\u01a1ng th\u1ee9c chuy\u1ec3n \u0111\u1ed5i t\u1eeb t\u00ednh c\u1ee7a HonWay thu\u1ed9c h\u1ec7 th\u1ed1ng chuy\u1ec3n \u0111\u1ed5i t\u1eeb t\u00ednh nhanh 1+N. T\u1ee9c l\u00e0, m\u1ed9t \u0111\u0129a t\u1eeb t\u00ednh k\u1ebft h\u1ee3p v\u1edbi nhi\u1ec1u \u0111\u0129a ch\u1ed1ng d\u00ednh \u0111\u1ec3 t\u1ea1o th\u00e0nh, th\u1ef1c hi\u1ec7n chuy\u1ec3n \u0111\u1ed5i nhanh c\u00e1c ph\u01b0\u01a1ng ti\u1ec7n m\u00e0i v\u00e0 \u0111\u00e1nh b\u00f3ng kh\u00e1c nhau. C\u00f3 th\u1ec3 n\u00e2ng c\u1ea5p t\u1eeb h\u00f3a cho c\u00e1c m\u00e1y m\u00e0i v\u00e0 \u0111\u00e1nh b\u00f3ng ki\u1ec3u k\u1eb9p truy\u1ec1n th\u1ed1ng.<\/p>\n<p>Theo nhu c\u1ea7u c\u1ee7a kh\u00e1ch h\u00e0ng, \u0111\u0129a d\u00e1n cung c\u1ea5p hai l\u1ef1a ch\u1ecdn: \u0110\u0129a ch\u1ed1ng d\u00ednh (Teflon) v\u00e0 \u0111\u0129a h\u1ed7 tr\u1ee3 (th\u00e9p kh\u00f4ng g\u1ec9), hai l\u1ef1a ch\u1ecdn.<\/p>\n<p><strong>S\u1ef1 k\u1ebft h\u1ee3p gi\u1eefa \u0111\u0129a ch\u1ed1ng d\u00ednh kim t\u01b0\u01a1ng v\u00e0 v\u1eadt li\u1ec7u ti\u00eau hao \u0111\u00e1nh b\u00f3ng.<\/strong><\/p>\n<ul>\n<li>\u0110\u1ed9 d\u00e0y: 0.60mm.<\/li>\n<li>T\u1ea1m bi\u1ec7t ph\u01b0\u01a1ng ph\u00e1p c\u1ed1 \u0111\u1ecbnh truy\u1ec1n th\u1ed1ng b\u1eb1ng k\u1eb9p, n\u00e2ng cao hi\u1ec7u qu\u1ea3 c\u00f4ng vi\u1ec7c.<\/li>\n<\/ul>\n<h1>Th\u00f4ng s\u1ed1 k\u1ef9 thu\u1eadt s\u1ea3n ph\u1ea9m<\/h1>\n<p>\u0110\u01b0\u1eddng k\u00ednh ngo\u00e0i:<strong>.\u0424200mm(\u04248in).\u0424220mm(\u04248.6in).<\/strong><strong>\u0424230mm(\u04249in).\u0424250mm(\u04249.5in).\u0424300mm(\u042412in).\u0424350mm(\u042414in).\u0424380mm(\u042415in)<\/strong>v\u1edbi b\u1ea3y lo\u1ea1i th\u00f4ng s\u1ed1 n\u00e0y, c\u00e1c k\u00edch th\u01b0\u1edbc \u0111\u1eb7c bi\u1ec7t kh\u00e1c c\u00f3 th\u1ec3 \u0111\u01b0\u1ee3c t\u00f9y ch\u1ec9nh theo y\u00eau c\u1ea7u.<\/p>\n<p><span style=\"font-size: 1.7em; font-weight: bold;\">1. L\u1ee3i th\u1ebf s\u1ea3n ph\u1ea9m<\/span><\/p>\n<ul>\n<li><strong>Bi\u1ebfn th\u00e0nh t\u1ea5m l\u01b0ng t\u1eeb t\u00ednh trong m\u1ed9t gi\u00e2y<\/strong>: L\u1edbp ch\u1ed1ng d\u00ednh Teflon l\u00e0 m\u1ed9t ph\u1ea7n quan tr\u1ecdng c\u1ee7a thi\u1ebft b\u1ecb chuy\u1ec3n \u0111\u1ed5i t\u1eeb t\u00ednh, gi\u00fap d\u1ec5 d\u00e0ng chuy\u1ec3n \u0111\u1ed5i gi\u1eefa c\u00e1c lo\u1ea1i gi\u1ea5y nh\u00e1m c\u00f3 l\u1edbp keo ph\u00eda sau v\u1edbi c\u00e1c k\u00edch th\u01b0\u1edbc h\u1ea1t kh\u00e1c nhau v\u00e0 c\u00e1c lo\u1ea1i v\u1ea3i \u0111\u00e1nh b\u00f3ng c\u00f3 l\u1edbp keo ph\u00eda sau v\u1edbi ch\u1ea5t li\u1ec7u kh\u00e1c nhau.<\/li>\n<li><strong>D\u1ec5 d\u00e0ng th\u00e1o g\u1ee1 m\u00e0 kh\u00f4ng \u0111\u1ec3 l\u1ea1i keo<\/strong>: C\u00f3 th\u1ec3 d\u1ec5 d\u00e0ng th\u00e1o gi\u1ea5y nh\u00e1m ho\u1eb7c v\u1ea3i \u0111\u00e1nh b\u00f3ng c\u00f3 l\u1edbp keo ph\u00eda sau t\u1eeb \u0111\u0129a ch\u1ed1ng d\u00ednh, kh\u00f4ng c\u00f2n lo l\u1eafng v\u1ec1 vi\u1ec7c lo\u1ea1i b\u1ecf d\u1ea5u keo c\u00f2n s\u00f3t l\u1ea1i. \u0110\u1ed3ng th\u1eddi, n\u00e2ng cao \u0111\u1ed9 ch\u00ednh x\u00e1c v\u00e0 \u0111\u1ed9 tin c\u1eady trong qu\u00e1 tr\u00ecnh m\u00e0i v\u00e0 \u0111\u00e1nh b\u00f3ng.<\/li>\n<li><strong>Ti\u1ebft ki\u1ec7m chi ph\u00ed v\u1eadt li\u1ec7u ti\u00eau hao<\/strong>: Gi\u1ea5y nh\u00e1m kim t\u01b0\u01a1ng ho\u1eb7c v\u1ea3i \u0111\u00e1nh b\u00f3ng d\u00e1n tr\u00ean \u0111\u0129a ch\u1ed1ng d\u00ednh c\u00f3 th\u1ec3 s\u1eed d\u1ee5ng nhi\u1ec1u l\u1ea7n m\u00e0 kh\u00f4ng b\u1ecb bi\u1ebfn d\u1ea1ng cho \u0111\u1ebfn khi kh\u00f4ng th\u1ec3 s\u1eed d\u1ee5ng \u0111\u01b0\u1ee3c n\u1eefa.<\/li>\n<\/ul>\n<h2><strong>2. Nh\u1eefng \u0111i\u1ec1u c\u1ea7n l\u01b0u \u00fd<\/strong><\/h2>\n<ol>\n<li>\u0110\u1ec3 \u0111\u1ea1t \u0111\u01b0\u1ee3c \u0111\u1ed9 ph\u1eb3ng cao h\u01a1n, vui l\u00f2ng kh\u00f4ng d\u00e1n nh\u00e3n ho\u1eb7c c\u00e1c v\u1eadt d\u1ee5ng t\u01b0\u01a1ng t\u1ef1 l\u00ean \u0111\u00e1y \u0111\u0129a \u0111\u1ec3 tr\u00e1nh \u1ea3nh h\u01b0\u1edfng \u0111\u1ebfn \u0111\u1ed9 ph\u1eb3ng c\u1ee7a ph\u00f4i.<\/li>\n<li>B\u1ec1 m\u1eb7t ti\u1ebfp x\u00fac gi\u1eefa \u0111\u0129a ch\u1ed1ng d\u00ednh v\u00e0 m\u00e1y ph\u1ea3i \u0111\u01b0\u1ee3c gi\u1eef r\u1ea5t ph\u1eb3ng, s\u1ea1ch s\u1ebd, kh\u00f4 r\u00e1o \u0111\u1ec3 tr\u00e1nh \u1ea3nh h\u01b0\u1edfng \u0111\u1ebfn \u0111\u1ed9 ph\u1eb3ng c\u1ee7a ph\u00f4i.<\/li>\n<li>Sau khi s\u1eed d\u1ee5ng, h\u00e3y th\u00e1o ra c\u1ea9n th\u1eadn, r\u1eeda b\u1eb1ng n\u01b0\u1edbc v\u00e0 ph\u01a1i kh\u00f4.<\/li>\n<li>Vui l\u00f2ng kh\u00f4ng u\u1ed1n cong l\u00e0m h\u1ecfng \u0111\u0129a ch\u1ed1ng d\u00ednh.<\/li>\n<li>Khi l\u1eafp \u0111\u1eb7t v\u00e0 th\u00e1o g\u1ee1, h\u00e3y c\u1ea9n th\u1eadn \u0111\u1ec3 tr\u00e1nh l\u1ef1c h\u00fat t\u1eeb t\u00ednh g\u00e2y k\u1eb9p tay.<\/li>\n<li>\u0110\u1ec3 duy tr\u00ec hi\u1ec7u qu\u1ea3 \u0111\u00e1nh b\u00f3ng ch\u1ea5t l\u01b0\u1ee3ng cao, vui l\u00f2ng kh\u00f4ng u\u1ed1n cong \u0111\u0129a d\u00e1n khi \u0111\u1eb7t ho\u1eb7c l\u1ea5y ra.<\/li>\n<li>Khi d\u00e1n, vui l\u00f2ng d\u00e1n l\u00ean b\u1ec1 m\u1eb7t ph\u1ee7 Teflon.<\/li>\n<li>\u0110\u1ec3 b\u1ea3o v\u1ec7 l\u1edbp ph\u1ee7 tr\u00ean \u0111\u0129a ch\u1ed1ng d\u00ednh, kh\u00f4ng \u0111\u01b0\u1ee3c d\u00f9ng v\u1eadt c\u1ee9ng ho\u1eb7c s\u1eafc nh\u1ecdn \u0111\u1ec3 va ch\u1ea1m v\u00e0o l\u1edbp ph\u1ee7 \u0111\u00f3.<\/li>\n<\/ol>\n","protected":false},"excerpt":{"rendered":"<p>\u2022 <strong>S\u1ef1 k\u1ebft h\u1ee3p gi\u1eefa \u0111\u0129a ch\u1ed1ng d\u00ednh kim t\u01b0\u01a1ng v\u00e0 v\u1eadt li\u1ec7u ti\u00eau hao \u0111\u00e1nh b\u00f3ng.<\/strong><\/p>\n<p>\u2022 \u0110\u1ed9 d\u00e0y: 0.60mm.<\/p>\n<p>\u2022 C\u00f3 th\u1ec3 d\u1ec5 d\u00e0ng th\u00e1o gi\u1ea5y nh\u00e1m ho\u1eb7c v\u1ea3i \u0111\u00e1nh b\u00f3ng c\u00f3 l\u1edbp keo ph\u00eda sau t\u1eeb \u0111\u0129a ch\u1ed1ng d\u00ednh.<\/p>\n<p>\u2022 T\u1ea1m bi\u1ec7t ph\u01b0\u01a1ng ph\u00e1p c\u1ed1 \u0111\u1ecbnh truy\u1ec1n th\u1ed1ng b\u1eb1ng k\u1eb9p, n\u00e2ng cao hi\u1ec7u qu\u1ea3 c\u00f4ng vi\u1ec7c.<\/p>\n<h5><strong><span style=\"color: #ff0000; font-size: 19.2px;\">\u25b2<\/span><\/strong><strong><span style=\"color: #ff0000; font-size: 19.2px;\"> N\u1ebfu c\u1ea7n k\u00edch th\u01b0\u1edbc t\u00f9y ch\u1ec9nh, vui l\u00f2ng li\u00ean h\u1ec7 b\u1ed9 ph\u1eadn ch\u0103m s\u00f3c kh\u00e1ch h\u00e0ng.<\/span><\/strong><\/h5>\n<h5><strong><span style=\"color: #ff0000; font-size: 19.2px;\">\u25b2 \u0110\u1eb7t h\u00e0ng s\u1ed1 l\u01b0\u1ee3ng l\u1edbn c\u00f3 th\u1ec3 \u0111\u01b0\u1ee3c h\u01b0\u1edfng chi\u1ebft kh\u1ea5u \u01b0u \u0111\u00e3i, vui l\u00f2ng li\u00ean h\u1ec7 b\u1ed9 ph\u1eadn ch\u0103m s\u00f3c kh\u00e1ch h\u00e0ng \u0111\u1ec3 bi\u1ebft th\u00eam chi ti\u1ebft.<br \/>\n<\/span><\/strong><\/h5>\n<h5><strong><span style=\"color: #ff0000;\">\u25b2 Vui l\u00f2ng li\u00ean h\u1ec7 b\u1ed9 ph\u1eadn ch\u0103m s\u00f3c kh\u00e1ch h\u00e0ng \u0111\u1ec3 h\u1ecfi v\u1ec1 th\u1eddi gian giao h\u00e0ng th\u1ef1c t\u1ebf c\u1ee7a \u0111\u01a1n \u0111\u1eb7t h\u00e0ng:<\/span> <a href=\"https:\/\/honwaygroup.com\/vi\/lien-he-voi-honway\/\">Li\u00ean h\u1ec7 HonWay.<\/a><\/strong><\/h5>\n","protected":false},"featured_media":79932,"template":"","meta":{"site-sidebar-layout":"default","site-content-layout":"default","ast-site-content-layout":"default","site-content-style":"default","site-sidebar-style":"default","ast-global-header-display":"","ast-banner-title-visibility":"","ast-main-header-display":"","ast-hfb-above-header-display":"","ast-hfb-below-header-display":"","ast-hfb-mobile-header-display":"","site-post-title":"","ast-breadcrumbs-content":"","ast-featured-img":"","footer-sml-layout":"","ast-disable-related-posts":"","theme-transparent-header-meta":"default","adv-header-id-meta":"","stick-header-meta":"","header-above-stick-meta":"","header-main-stick-meta":"","header-below-stick-meta":"","astra-migrate-meta-layouts":"default","ast-page-background-enabled":"default","ast-page-background-meta":{"desktop":{"background-color":"var(--ast-global-color-5)","background-image":"","background-repeat":"repeat","background-position":"center center","background-size":"auto","background-attachment":"scroll","background-type":"","background-media":"","overlay-type":"","overlay-color":"","overlay-opacity":"","overlay-gradient":""},"tablet":{"background-color":"","background-image":"","background-repeat":"repeat","background-position":"center center","background-size":"auto","background-attachment":"scroll","background-type":"","background-media":"","overlay-type":"","overlay-color":"","overlay-opacity":"","overlay-gradient":""},"mobile":{"background-color":"","background-image":"","background-repeat":"repeat","background-position":"center center","background-size":"auto","background-attachment":"scroll","background-type":"","background-media":"","overlay-type":"","overlay-color":"","overlay-opacity":"","overlay-gradient":""}},"ast-content-background-meta":{"desktop":{"background-color":"var(--ast-global-color-4)","background-image":"","background-repeat":"repeat","background-position":"center center","background-size":"auto","background-attachment":"scroll","background-type":"","background-media":"","overlay-type":"","overlay-color":"","overlay-opacity":"","overlay-gradient":""},"tablet":{"background-color":"var(--ast-global-color-4)","background-image":"","background-repeat":"repeat","background-position":"center center","background-size":"auto","background-attachment":"scroll","background-type":"","background-media":"","overlay-type":"","overlay-color":"","overlay-opacity":"","overlay-gradient":""},"mobile":{"background-color":"var(--ast-global-color-4)","background-image":"","background-repeat":"repeat","background-position":"center center","background-size":"auto","background-attachment":"scroll","background-type":"","background-media":"","overlay-type":"","overlay-color":"","overlay-opacity":"","overlay-gradient":""}}},"product_brand":[],"product_cat":[4388,4421],"product_tag":[5021,4807,5016,4746],"class_list":{"0":"post-79931","1":"product","2":"type-product","3":"status-publish","4":"has-post-thumbnail","6":"product_cat-he-thong-tu-hoa-kim-loai","7":"product_cat-vat-tu-tieu-hao-kim-loai","8":"product_tag-dia-dan-kim-tuong","9":"product_tag-dia-do","10":"product_tag-he-thong-tu-hoa-kim-tuong","11":"product_tag-inox","12":"desktop-align-left","13":"tablet-align-left","14":"mobile-align-left","15":"ast-product-gallery-layout-horizontal-slider","16":"ast-product-gallery-with-no-image","17":"ast-product-single-variable","18":"ast-product-tabs-layout-horizontal","20":"first","21":"instock","22":"taxable","23":"shipping-taxable","24":"purchasable","25":"product-type-variable"},"_links":{"self":[{"href":"https:\/\/honwaygroup.com\/vi\/wp-json\/wp\/v2\/product\/79931","targetHints":{"allow":["GET"]}}],"collection":[{"href":"https:\/\/honwaygroup.com\/vi\/wp-json\/wp\/v2\/product"}],"about":[{"href":"https:\/\/honwaygroup.com\/vi\/wp-json\/wp\/v2\/types\/product"}],"version-history":[{"count":0,"href":"https:\/\/honwaygroup.com\/vi\/wp-json\/wp\/v2\/product\/79931\/revisions"}],"wp:featuredmedia":[{"embeddable":true,"href":"https:\/\/honwaygroup.com\/vi\/wp-json\/wp\/v2\/media\/79932"}],"wp:attachment":[{"href":"https:\/\/honwaygroup.com\/vi\/wp-json\/wp\/v2\/media?parent=79931"}],"wp:term":[{"taxonomy":"product_brand","embeddable":true,"href":"https:\/\/honwaygroup.com\/vi\/wp-json\/wp\/v2\/product_brand?post=79931"},{"taxonomy":"product_cat","embeddable":true,"href":"https:\/\/honwaygroup.com\/vi\/wp-json\/wp\/v2\/product_cat?post=79931"},{"taxonomy":"product_tag","embeddable":true,"href":"https:\/\/honwaygroup.com\/vi\/wp-json\/wp\/v2\/product_tag?post=79931"}],"curies":[{"name":"wp","href":"https:\/\/api.w.org\/{rel}","templated":true}]}}