{"id":79917,"date":"2025-02-03T18:02:20","date_gmt":"2025-02-03T10:02:20","guid":{"rendered":"https:\/\/honwaygroup.com\/product\/hang-moi-so-luong-it-da-mai-kim-cuong-dien-hoa-da-mai-don-mat-nghieng-mai-mui-khoan-mai-thep-tungsten\/"},"modified":"2025-02-03T18:02:20","modified_gmt":"2025-02-03T10:02:20","slug":"hang-moi-so-luong-it-da-mai-kim-cuong-dien-hoa-da-mai-don-mat-nghieng-mai-mui-khoan-mai-thep-tungsten","status":"publish","type":"product","link":"https:\/\/honwaygroup.com\/vi\/product\/hang-moi-so-luong-it-da-mai-kim-cuong-dien-hoa-da-mai-don-mat-nghieng-mai-mui-khoan-mai-thep-tungsten\/","title":{"rendered":"H\u00e0ng m\u1edbi s\u1ed1 l\u01b0\u1ee3ng \u00edt | \u0110\u00e1 m\u00e0i kim c\u01b0\u01a1ng \u0111i\u1ec7n h\u00f3a, \u0110\u00e1 m\u00e0i \u0111\u01a1n m\u1eb7t nghi\u00eang, M\u00e0i m\u0169i khoan, M\u00e0i th\u00e9p tungsten"},"content":{"rendered":"<h1>\u0110\u00e1 m\u00e0i kim c\u01b0\u01a1ng \u0111i\u1ec7n h\u00f3a<\/h1>\n<ul>\n<li>So v\u1edbi c\u00e1c lo\u1ea1i \u0111\u00e1 m\u00e0i k\u1ebft h\u1ee3p kh\u00e1c, \u0111\u00e1 m\u00e0i \u0111i\u1ec7n h\u00f3a c\u00f3 m\u1eadt \u0111\u1ed9 h\u1ea1t m\u00e0i cao h\u01a1n v\u00e0 l\u01b0\u1ee3ng h\u1ea1t m\u00e0i nh\u00f4 ra l\u1edbn h\u01a1n, mang \u0111\u1eb7c t\u00ednh r\u1ea5t s\u1eafc b\u00e9n v\u00e0 kh\u1ea3 n\u0103ng m\u00e0i m\u00f2n cao.<\/li>\n<li>Kh\u00f4ng b\u1ecb gi\u1edbi h\u1ea1n b\u1edfi khu\u00f4n m\u1eabu, c\u00f3 th\u1ec3 ch\u1ebf t\u1ea1o c\u00e1c lo\u1ea1i \u0111\u00e1 m\u00e0i v\u1edbi nhi\u1ec1u h\u00ecnh d\u1ea1ng kh\u00e1c nhau. K\u00edch th\u01b0\u1edbc b\u00ean ngo\u00e0i c\u1ee7a \u0111\u00e1 m\u00e0i h\u1ea7u nh\u01b0 kh\u00f4ng thay \u0111\u1ed5i, ph\u00f9 h\u1ee3p \u0111\u1ec3 s\u1eed d\u1ee5ng trong m\u00e0i \u0111\u1ecbnh h\u00ecnh.<\/li>\n<\/ul>\n<h2>L\u0129nh v\u1ef1c \u1ee9ng d\u1ee5ng<\/h2>\n<ul>\n<li>M\u00e0i \u0111\u1ed3 g\u00e1: Th\u01b0\u1eddng \u0111\u01b0\u1ee3c s\u1eed d\u1ee5ng nhi\u1ec1u nh\u1ea5t trong gia c\u00f4ng \u0111\u1ecbnh h\u00ecnh g\u1ed1m s\u1ee9 ch\u00ednh x\u00e1c v\u00e0 th\u1ea1ch anh, c\u00f3 th\u1ec3 cung c\u1ea5p s\u1ea3n ph\u1ea9m t\u00f9y ch\u1ec9nh theo c\u00e1c nhu c\u1ea7u kh\u00e1c nhau. \u0110\u1ed9 h\u1ea1t th\u00f4ng d\u1ee5ng t\u1eeb #80~#325, \u0111\u00e1p \u1ee9ng nhu c\u1ea7u gia c\u00f4ng th\u00f4 v\u00e0 gia c\u00f4ng tinh.<\/li>\n<li>Gia c\u00f4ng k\u00ednh c\u1ea3m \u1ee9ng: Khoan v\u00e0 v\u00e1t c\u1ea1nh m\u1eb7t k\u00ednh c\u1ee7a \u0111i\u1ec7n tho\u1ea1i th\u00f4ng minh v\u00e0 m\u00e1y t\u00ednh b\u1ea3ng, c\u00f3 th\u1ec3 k\u1ebft h\u1ee3p c\u00e1c \u0111\u1ed9 h\u1ea1t kh\u00e1c nhau tr\u00ean c\u00f9ng m\u1ed9t thanh m\u00e0i \u0111i\u1ec7n h\u00f3a \u0111\u1ec3 n\u00e2ng cao hi\u1ec7u qu\u1ea3 c\u00f4ng vi\u1ec7c.<\/li>\n<li>M\u00e0i d\u1ee5ng c\u1ee5: M\u00e1y m\u00e0i dao phay v\u00e0 m\u0169i khoan \u0111\u1ec1u s\u1eed d\u1ee5ng \u0111\u00e1 m\u00e0i \u0111i\u1ec7n h\u00f3a. Tungsten c\u00f3 th\u1ec3 \u0111\u01b0\u1ee3c m\u00e0i b\u1eb1ng kim c\u01b0\u01a1ng, trong khi th\u00e9p t\u1ed1c \u0111\u1ed9 cao c\u00f3 th\u1ec3 \u0111\u01b0\u1ee3c m\u00e0i b\u1eb1ng v\u1eadt li\u1ec7u m\u00e0i CBN.<\/li>\n<li>M\u00e0i \u0111\u1ecbnh h\u00ecnh: Ph\u01b0\u01a1ng ph\u00e1p \u0111i\u1ec7n h\u00f3a c\u00f3 th\u1ec3 ch\u1ebf t\u1ea1o b\u1ea5t k\u1ef3 h\u00ecnh d\u1ea1ng n\u00e0o, v\u1edbi \u0111\u1ed9 bi\u1ebfn d\u1ea1ng nh\u1ecf, do \u0111\u00f3 ph\u00f9 h\u1ee3p \u0111\u1ec3 s\u1eed d\u1ee5ng trong m\u00e0i \u0111\u1ecbnh h\u00ecnh. Ngo\u00e0i ra, c\u0169ng c\u00f3 th\u1ec3 ch\u1ebf t\u1ea1o th\u00e0nh kh\u1ed1i s\u1eeda \u0111\u1ec3 ch\u1ec9nh s\u1eeda \u0111\u00e1 m\u00e0i oxit nh\u00f4m.<\/li>\n<li>Ph\u00f9 h\u1ee3p \u0111\u1ec3 m\u00e0i d\u1ee5ng c\u1ee5 <a href=\"https:\/\/baike.baidu.hk\/item\/%E9%8E%A2%E9%8B%BC\/10978626\" rel=\"nofollow noopener\" target=\"_blank\">tungsten<\/a>, d\u00f9ng cho gia c\u00f4ng \u0111\u1ecbnh h\u00ecnh.<\/li>\n<\/ul>\n<h2><\/h2>\n<h2>Th\u00f4ng s\u1ed1 k\u1ef9 thu\u1eadt s\u1ea3n ph\u1ea9m<\/h2>\n<p>\u203b C\u00e1c ch\u1ea5m v\u00e0 \u0111\u01b0\u1eddng n\u00e9t \u0111\u1ee9t tr\u00ean b\u1ea3n v\u1ebd l\u00e0 v\u1ecb tr\u00ed \u0111\u00ednh k\u00e8m c\u1ee7a h\u1ea1t m\u00e0i.<\/p>\n<p>&nbsp;<\/p>\n<figure id=\"attachment_67830\" aria-describedby=\"caption-attachment-67830\" style=\"width: 1200px\" class=\"wp-caption alignnone\"><a href=\"https:\/\/honwaygroup.com\/wp-content\/uploads\/2025\/02\/%E5%B7%A5%E4%BD%9C%E5%8D%80%E5%9F%9F-3.webp\"><img fetchpriority=\"high\" decoding=\"async\" class=\"size-full wp-image-67830\" src=\"https:\/\/honwaygroup.com\/wp-content\/uploads\/2025\/02\/%E5%B7%A5%E4%BD%9C%E5%8D%80%E5%9F%9F-3.webp\" alt=\"B\u1ea3n v\u1ebd th\u00f4ng s\u1ed1 k\u1ef9 thu\u1eadt c\u1ee7a \u0111\u00e1 m\u00e0i kim c\u01b0\u01a1ng\" width=\"1200\" height=\"1200\"><\/a><figcaption id=\"caption-attachment-67830\" class=\"wp-caption-text\"><span style=\"font-size: 16px;\">K\u00edch th\u01b0\u1edbc: 1V1_78D-10T-3W-60V-12.7H<\/span><\/figcaption><\/figure>\n<p>C\u1ee1 h\u1ea1t: 200#<\/p>\n<p>\u0110\u01a1n v\u1ecb: mm<\/p>\n<p><span style=\"font-size: 16px;\">C\u00f3 b\u1ea5t k\u1ef3 th\u1eafc m\u1eafc n\u00e0o kh\u00f4ng? <\/span><a style=\"font-size: 16px; background-color: #ffffff;\" href=\"https:\/\/honwaygroup.com\/vi\/lien-he-voi-honway\/\" target=\"_blank\" rel=\"nofollow noopener\">Li\u00ean h\u1ec7 v\u1edbi HonWay<\/a><\/p>\n","protected":false},"excerpt":{"rendered":"<ul>\n<li>So v\u1edbi c\u00e1c lo\u1ea1i \u0111\u00e1 m\u00e0i k\u1ebft h\u1ee3p kh\u00e1c, \u0111\u00e1 m\u00e0i \u0111i\u1ec7n h\u00f3a c\u00f3 m\u1eadt \u0111\u1ed9 h\u1ea1t m\u00e0i cao h\u01a1n v\u00e0 l\u01b0\u1ee3ng h\u1ea1t m\u00e0i nh\u00f4 ra l\u1edbn h\u01a1n, mang \u0111\u1eb7c t\u00ednh r\u1ea5t s\u1eafc b\u00e9n v\u00e0 kh\u1ea3 n\u0103ng m\u00e0i m\u00f2n cao.<\/li>\n<li>Kh\u00f4ng b\u1ecb gi\u1edbi h\u1ea1n b\u1edfi khu\u00f4n m\u1eabu, c\u00f3 th\u1ec3 ch\u1ebf t\u1ea1o c\u00e1c lo\u1ea1i \u0111\u00e1 m\u00e0i v\u1edbi nhi\u1ec1u h\u00ecnh d\u1ea1ng kh\u00e1c nhau. K\u00edch th\u01b0\u1edbc b\u00ean ngo\u00e0i c\u1ee7a \u0111\u00e1 m\u00e0i h\u1ea7u nh\u01b0 kh\u00f4ng thay \u0111\u1ed5i, ph\u00f9 h\u1ee3p \u0111\u1ec3 s\u1eed d\u1ee5ng trong m\u00e0i \u0111\u1ecbnh h\u00ecnh.<\/li>\n<\/ul>\n<p>L\u0129nh v\u1ef1c \u1ee9ng d\u1ee5ng<\/p>\n<ul>\n<li>M\u00e0i \u0111\u1ed3 g\u00e1: Th\u01b0\u1eddng \u0111\u01b0\u1ee3c s\u1eed d\u1ee5ng nhi\u1ec1u nh\u1ea5t trong gia c\u00f4ng \u0111\u1ecbnh h\u00ecnh g\u1ed1m s\u1ee9 ch\u00ednh x\u00e1c v\u00e0 th\u1ea1ch anh, c\u00f3 th\u1ec3 cung c\u1ea5p s\u1ea3n ph\u1ea9m t\u00f9y ch\u1ec9nh theo c\u00e1c nhu c\u1ea7u kh\u00e1c nhau. \u0110\u1ed9 h\u1ea1t th\u00f4ng d\u1ee5ng t\u1eeb #80~#325, \u0111\u00e1p \u1ee9ng nhu c\u1ea7u gia c\u00f4ng th\u00f4 v\u00e0 gia c\u00f4ng tinh.<\/li>\n<li>Gia c\u00f4ng k\u00ednh c\u1ea3m \u1ee9ng: Khoan v\u00e0 v\u00e1t c\u1ea1nh m\u1eb7t k\u00ednh c\u1ee7a \u0111i\u1ec7n tho\u1ea1i th\u00f4ng minh v\u00e0 m\u00e1y t\u00ednh b\u1ea3ng, c\u00f3 th\u1ec3 k\u1ebft h\u1ee3p c\u00e1c \u0111\u1ed9 h\u1ea1t kh\u00e1c nhau tr\u00ean c\u00f9ng m\u1ed9t thanh m\u00e0i \u0111i\u1ec7n h\u00f3a \u0111\u1ec3 n\u00e2ng cao hi\u1ec7u qu\u1ea3 c\u00f4ng vi\u1ec7c.<\/li>\n<li>M\u00e0i d\u1ee5ng c\u1ee5: M\u00e1y m\u00e0i dao phay v\u00e0 m\u0169i khoan \u0111\u1ec1u s\u1eed d\u1ee5ng \u0111\u00e1 m\u00e0i \u0111i\u1ec7n h\u00f3a. Tungsten c\u00f3 th\u1ec3 \u0111\u01b0\u1ee3c m\u00e0i b\u1eb1ng kim c\u01b0\u01a1ng, trong khi th\u00e9p t\u1ed1c \u0111\u1ed9 cao c\u00f3 th\u1ec3 \u0111\u01b0\u1ee3c m\u00e0i b\u1eb1ng v\u1eadt li\u1ec7u m\u00e0i CBN.<\/li>\n<li>M\u00e0i \u0111\u1ecbnh h\u00ecnh: Ph\u01b0\u01a1ng ph\u00e1p \u0111i\u1ec7n h\u00f3a c\u00f3 th\u1ec3 ch\u1ebf t\u1ea1o b\u1ea5t k\u1ef3 h\u00ecnh d\u1ea1ng n\u00e0o, v\u1edbi \u0111\u1ed9 bi\u1ebfn d\u1ea1ng nh\u1ecf, do \u0111\u00f3 ph\u00f9 h\u1ee3p \u0111\u1ec3 s\u1eed d\u1ee5ng trong m\u00e0i \u0111\u1ecbnh h\u00ecnh. Ngo\u00e0i ra, c\u0169ng c\u00f3 th\u1ec3 ch\u1ebf t\u1ea1o th\u00e0nh kh\u1ed1i s\u1eeda \u0111\u1ec3 ch\u1ec9nh s\u1eeda \u0111\u00e1 m\u00e0i oxit nh\u00f4m.<\/li>\n<li>Ph\u00f9 h\u1ee3p \u0111\u1ec3 m\u00e0i d\u1ee5ng c\u1ee5 <a href=\"https:\/\/baike.baidu.hk\/item\/%E9%8E%A2%E9%8B%BC\/10978626\">tungsten<\/a>, d\u00f9ng cho gia c\u00f4ng \u0111\u1ecbnh h\u00ecnh.<\/li>\n<\/ul>\n<h5><strong><span style=\"color: #ff0000; font-size: 19.2px;\">\u25b2<\/span><\/strong><strong><span style=\"color: #ff0000; font-size: 19.2px;\">N\u1ebfu c\u1ea7n k\u00edch th\u01b0\u1edbc t\u00f9y ch\u1ec9nh, vui l\u00f2ng li\u00ean h\u1ec7 b\u1ed9 ph\u1eadn ch\u0103m s\u00f3c kh\u00e1ch h\u00e0ng. Ng\u00e0y giao h\u00e0ng s\u1ebd ph\u1ee5 thu\u1ed9c v\u00e0o th\u1eddi gian \u0111\u01b0\u1ee3c th\u00f4ng b\u00e1o t\u1eeb b\u1ed9 ph\u1eadn n\u00e0y.<\/span><\/strong><\/h5>\n<h5><strong><span style=\"color: #ff0000; font-size: 19.2px;\">\u25b2 H\u00e0ng c\u00f3 s\u1eb5n,<\/span> <span style=\"color: #ff0000;\">s\u1ed1 l\u01b0\u1ee3ng c\u00f3 h\u1ea1n, b\u00e1n h\u1ebft s\u1ebd ng\u1eebng cung c\u1ea5p.<\/span><\/strong><\/h5>\n<h5><strong><span style=\"color: #ff0000; font-size: 19.2px;\">\u25b2<\/span> <span style=\"color: #ff0000;\">Th\u1eddi gian nh\u1eadn h\u00e0ng th\u1ef1c t\u1ebf cho c\u00e1c \u0111\u01a1n \u0111\u1eb7t h\u00e0ng qu\u1ed1c t\u1ebf ph\u1ee5 thu\u1ed9c v\u00e0o t\u00ecnh tr\u1ea1ng v\u1eadn chuy\u1ec3n c\u1ee7a c\u00f4ng ty chuy\u1ec3n ph\u00e1t nhanh.<\/span><\/strong><\/h5>\n","protected":false},"featured_media":79918,"template":"","meta":{"site-sidebar-layout":"default","site-content-layout":"","ast-site-content-layout":"default","site-content-style":"default","site-sidebar-style":"default","ast-global-header-display":"","ast-banner-title-visibility":"","ast-main-header-display":"","ast-hfb-above-header-display":"","ast-hfb-below-header-display":"","ast-hfb-mobile-header-display":"","site-post-title":"","ast-breadcrumbs-content":"","ast-featured-img":"","footer-sml-layout":"","ast-disable-related-posts":"","theme-transparent-header-meta":"default","adv-header-id-meta":"","stick-header-meta":"","header-above-stick-meta":"","header-main-stick-meta":"","header-below-stick-meta":"","astra-migrate-meta-layouts":"default","ast-page-background-enabled":"default","ast-page-background-meta":{"desktop":{"background-color":"var(--ast-global-color-5)","background-image":"","background-repeat":"repeat","background-position":"center center","background-size":"auto","background-attachment":"scroll","background-type":"","background-media":"","overlay-type":"","overlay-color":"","overlay-opacity":"","overlay-gradient":""},"tablet":{"background-color":"","background-image":"","background-repeat":"repeat","background-position":"center center","background-size":"auto","background-attachment":"scroll","background-type":"","background-media":"","overlay-type":"","overlay-color":"","overlay-opacity":"","overlay-gradient":""},"mobile":{"background-color":"","background-image":"","background-repeat":"repeat","background-position":"center center","background-size":"auto","background-attachment":"scroll","background-type":"","background-media":"","overlay-type":"","overlay-color":"","overlay-opacity":"","overlay-gradient":""}},"ast-content-background-meta":{"desktop":{"background-color":"var(--ast-global-color-4)","background-image":"","background-repeat":"repeat","background-position":"center center","background-size":"auto","background-attachment":"scroll","background-type":"","background-media":"","overlay-type":"","overlay-color":"","overlay-opacity":"","overlay-gradient":""},"tablet":{"background-color":"var(--ast-global-color-4)","background-image":"","background-repeat":"repeat","background-position":"center center","background-size":"auto","background-attachment":"scroll","background-type":"","background-media":"","overlay-type":"","overlay-color":"","overlay-opacity":"","overlay-gradient":""},"mobile":{"background-color":"var(--ast-global-color-4)","background-image":"","background-repeat":"repeat","background-position":"center center","background-size":"auto","background-attachment":"scroll","background-type":"","background-media":"","overlay-type":"","overlay-color":"","overlay-opacity":"","overlay-gradient":""}}},"product_brand":[],"product_cat":[4392,4389,4684,4298],"product_tag":[5107,4774,5090,5040],"class_list":{"0":"post-79917","1":"product","2":"type-product","3":"status-publish","4":"has-post-thumbnail","6":"product_cat-banh-mai-kim-cuong-va-nitrua-boron","7":"product_cat-cong-cu-kim-cuong","8":"product_cat-khac","9":"product_cat-khu-vuc-thanh-ly-hang-ton-kho","10":"product_tag-da-mai-kim-cuong-phuong-phap-ma-dien","11":"product_tag-da-mai-xien-mot-mat","12":"product_tag-mai-mui-khoan","13":"product_tag-tungsten","14":"desktop-align-left","15":"tablet-align-left","16":"mobile-align-left","17":"ast-product-gallery-layout-horizontal-slider","18":"ast-product-tabs-layout-horizontal","20":"first","21":"instock","22":"taxable","23":"shipping-taxable","24":"purchasable","25":"product-type-simple"},"_links":{"self":[{"href":"https:\/\/honwaygroup.com\/vi\/wp-json\/wp\/v2\/product\/79917","targetHints":{"allow":["GET"]}}],"collection":[{"href":"https:\/\/honwaygroup.com\/vi\/wp-json\/wp\/v2\/product"}],"about":[{"href":"https:\/\/honwaygroup.com\/vi\/wp-json\/wp\/v2\/types\/product"}],"version-history":[{"count":0,"href":"https:\/\/honwaygroup.com\/vi\/wp-json\/wp\/v2\/product\/79917\/revisions"}],"wp:featuredmedia":[{"embeddable":true,"href":"https:\/\/honwaygroup.com\/vi\/wp-json\/wp\/v2\/media\/79918"}],"wp:attachment":[{"href":"https:\/\/honwaygroup.com\/vi\/wp-json\/wp\/v2\/media?parent=79917"}],"wp:term":[{"taxonomy":"product_brand","embeddable":true,"href":"https:\/\/honwaygroup.com\/vi\/wp-json\/wp\/v2\/product_brand?post=79917"},{"taxonomy":"product_cat","embeddable":true,"href":"https:\/\/honwaygroup.com\/vi\/wp-json\/wp\/v2\/product_cat?post=79917"},{"taxonomy":"product_tag","embeddable":true,"href":"https:\/\/honwaygroup.com\/vi\/wp-json\/wp\/v2\/product_tag?post=79917"}],"curies":[{"name":"wp","href":"https:\/\/api.w.org\/{rel}","templated":true}]}}