{"id":79877,"date":"2025-02-21T15:49:05","date_gmt":"2025-02-21T07:49:05","guid":{"rendered":"https:\/\/honwaygroup.com\/product\/nguyen-lieu-tho-germanium-ge-chat-ban-dan-hang-khong-vu-tru-truyen-thong-soi-quang-quang-hoc-hong-ngoai-pin-nang-luong-mat-troi-y-sinh-hoc\/"},"modified":"2025-02-21T15:49:05","modified_gmt":"2025-02-21T07:49:05","slug":"nguyen-lieu-tho-germanium-ge-chat-ban-dan-hang-khong-vu-tru-truyen-thong-soi-quang-quang-hoc-hong-ngoai-pin-nang-luong-mat-troi-y-sinh-hoc","status":"publish","type":"product","link":"https:\/\/honwaygroup.com\/vi\/product\/nguyen-lieu-tho-germanium-ge-chat-ban-dan-hang-khong-vu-tru-truyen-thong-soi-quang-quang-hoc-hong-ngoai-pin-nang-luong-mat-troi-y-sinh-hoc\/","title":{"rendered":"Nguy\u00ean li\u1ec7u th\u00f4 &#8211; Germanium (Ge), ch\u1ea5t b\u00e1n d\u1eabn, h\u00e0ng kh\u00f4ng v\u0169 tr\u1ee5, truy\u1ec1n th\u00f4ng s\u1ee3i quang, quang h\u1ecdc h\u1ed3ng ngo\u1ea1i, pin n\u0103ng l\u01b0\u1ee3ng m\u1eb7t tr\u1eddi, y sinh h\u1ecdc."},"content":{"rendered":"<h1>(Ge) Germanium<\/h1>\n<p>Germanium l\u00e0 m\u1ed9t v\u1eadt li\u1ec7u b\u00e1n d\u1eabn m\u00e0u x\u00e1m tr\u1eafng, c\u00f3 t\u00ednh n\u0103ng \u0111i\u1ec7n v\u00e0 quang h\u1ecdc t\u1ed1t.<\/p>\n<p>N\u00f3 c\u00f3 \u1ee9ng d\u1ee5ng quan tr\u1ecdng trong quang h\u1ecdc h\u1ed3ng ngo\u1ea1i, truy\u1ec1n th\u00f4ng s\u1ee3i quang v\u00e0 pin n\u0103ng l\u01b0\u1ee3ng m\u1eb7t tr\u1eddi.<\/p>\n<h2><strong>H\u00ecnh th\u00e1i v\u1eadt l\u00fd:<\/strong><\/h2>\n<ul>\n<li>D\u1ea1ng h\u1ea1t<\/li>\n<li>D\u1ea1ng b\u1ed9t<\/li>\n<li>D\u1ea1ng vi\u00ean<\/li>\n<\/ul>\n<h2><strong>H\u00ecnh th\u00e1i<\/strong> <strong>v\u1eadt l\u00fd<\/strong><strong>:<\/strong><\/h2>\n<ul>\n<li>Kh\u1ed1i l\u01b0\u1ee3ng nguy\u00ean t\u1eed: 72.61; m\u1eadt \u0111\u1ed9: 5.35 g\/cm\u00b3<\/li>\n<li>Nhi\u1ec7t \u0111\u1ed9 n\u00f3ng ch\u1ea3y: 938.25\u2103; nhi\u1ec7t \u0111\u1ed9 s\u00f4i: 2830\u2103<\/li>\n<\/ul>\n<h2><strong>Th\u00f4ng s\u1ed1 k\u1ef9 thu\u1eadt s\u1ea3n ph\u1ea9m<\/strong><\/h2>\n<table>\n<tbody>\n<tr>\n<td width=\"138\">Th\u00f4ng s\u1ed1 k\u1ef9 thu\u1eadt<\/td>\n<p>, <\/p>\n<td width=\"138\">\u0111\u1ed9 tinh khi\u1ebft<\/td>\n<p>, <\/p>\n<td width=\"138\">ki\u1ec3m tra t\u1ea1p ch\u1ea5t<\/td>\n<p>, <\/p>\n<td width=\"138\">t\u1ed5ng h\u00e0m l\u01b0\u1ee3ng t\u1ea1p ch\u1ea5t<\/td>\n<\/tr>\n<tr>\n<td width=\"138\">Germanium c\u00f3 \u0111\u1ed9 tinh khi\u1ebft cao\uff085N\uff09<\/td>\n<td width=\"138\">99.999%<\/td>\n<td width=\"138\">Al\u3001Ca\u3001Co\u3001Fe\u3001Mg\u3001Ni\u3001Cu\u3001In\u3001Zn\u3001Si\u3001Pb\u3001As<\/td>\n<td width=\"138\">&lt;10ppm<\/td>\n<\/tr>\n<tr>\n<td width=\"138\">Germanium si\u00eau tinh khi\u1ebft\uff086N\uff09<\/td>\n<td width=\"138\">99.9999%<\/td>\n<td width=\"138\">Al\u3001Ca\u3001Co\u3001Fe\u3001Mg\u3001Ni\u3001Cu\u3001In\u3001Zn\u3001Si\u3001Pb\u3001As<\/td>\n<td width=\"138\">&lt;1ppm<\/td>\n<\/tr>\n<tr>\n<td width=\"138\">Germanium dioxide si\u00eau tinh khi\u1ebft\uff086N\uff09<\/td>\n<td width=\"138\">99.9999%<\/td>\n<td width=\"138\">Al\u3001Ca\u3001Co\u3001Fe\u3001Mg\u3001Ni\u3001Cu\u3001In\u3001Zn\u3001Si\u3001Pb\u3001As<\/td>\n<td width=\"138\">&lt;0.1ppm<\/p>\n<p>\uff08Kh\u00e1c\uff1aCl&lt;200ppm\uff09<\/td>\n<\/tr>\n<\/tbody>\n<\/table>\n<p>&nbsp;<\/p>\n<h2><strong>Ph\u1ea1m vi \u1ee9ng d\u1ee5ng<\/strong><strong>\uff1a<\/strong><strong>\u3000\u3000\u3000\u3000\u3000\u3000\u3000\u3000\u3000<\/strong><\/h2>\n<ul>\n<li>C\u00f3 \u1ee9ng d\u1ee5ng r\u1ed9ng r\u00e3i v\u00e0 quan tr\u1ecdng trong c\u00e1c l\u0129nh v\u1ef1c nh\u01b0 ch\u1ea5t b\u00e1n d\u1eabn, \u0111o l\u01b0\u1eddng v\u00e0 ki\u1ec3m so\u00e1t h\u00e0ng kh\u00f4ng v\u0169 tr\u1ee5, d\u00f2 t\u00ecm v\u1eadt l\u00fd h\u1ea1t nh\u00e2n, truy\u1ec1n th\u00f4ng s\u1ee3i quang, quang h\u1ecdc h\u1ed3ng ngo\u1ea1i, pin n\u0103ng l\u01b0\u1ee3ng m\u1eb7t tr\u1eddi, ch\u1ea5t x\u00fac t\u00e1c h\u00f3a h\u1ecdc v\u00e0 y sinh h\u1ecdc.<\/li>\n<\/ul>\n<h2><strong>Bao b\u00ec:<\/strong><\/h2>\n<ul>\n<li>T\u00fai PE kh\u00f4ng b\u1ee5i + t\u00fai nh\u00f4m nh\u1ef1a \u0111\u00f3ng g\u00f3i ch\u00e2n kh\u00f4ng<\/li>\n<li>B\u01a1m kh\u00ed v\u00e0o chai th\u1ee7y tinh + \u0111\u00f3ng g\u00f3i ch\u00e2n kh\u00f4ng b\u1eb1ng t\u00fai PE.<\/li>\n<\/ul>\n<h2><strong>Hoan ngh\u00eanh h\u1ecfi \u0111\u00e1p<\/strong><\/h2>\n<p>[contact-form][contact-field label=&#8221;T\u00ean&#8221; type=&#8221;name&#8221; required=&#8221;1&#8243;][contact-field label=&#8221;Email&#8221; type=&#8221;email&#8221; required=&#8221;1&#8243;][contact-field label=&#8221;Website&#8221; type=&#8221;url&#8221;][contact-field label=&#8221;Tin nh\u1eafn&#8221; type=&#8221;textarea&#8221;][\/contact-form]<\/p>\n","protected":false},"excerpt":{"rendered":"<h2>Germanium l\u00e0 m\u1ed9t v\u1eadt li\u1ec7u b\u00e1n d\u1eabn m\u00e0u x\u00e1m tr\u1eafng, c\u00f3 t\u00ednh n\u0103ng \u0111i\u1ec7n v\u00e0 quang h\u1ecdc t\u1ed1t.<\/h2>\n<h2>N\u00f3 c\u00f3 \u1ee9ng d\u1ee5ng quan tr\u1ecdng trong quang h\u1ecdc h\u1ed3ng ngo\u1ea1i, truy\u1ec1n th\u00f4ng s\u1ee3i quang v\u00e0 pin n\u0103ng l\u01b0\u1ee3ng m\u1eb7t tr\u1eddi.<\/h2>\n<p>&nbsp;<\/p>\n<p><strong><span style=\"font-size: 1.7em;\">H\u00ecnh th\u00e1i v\u1eadt l\u00fd<\/span><\/strong><strong style=\"font-size: 1.7em;\">:<\/strong><\/p>\n<ul>\n<li>Kh\u1ed1i l\u01b0\u1ee3ng nguy\u00ean t\u1eed: 72.61; m\u1eadt \u0111\u1ed9: 5.35 g\/cm\u00b3<\/li>\n<li>Nhi\u1ec7t \u0111\u1ed9 n\u00f3ng ch\u1ea3y: 938.25\u2103; nhi\u1ec7t \u0111\u1ed9 s\u00f4i: 2830\u2103<\/li>\n<\/ul>\n<h2><strong>Ph\u1ea1m vi \u1ee9ng d\u1ee5ng:<\/strong><\/h2>\n<ul>\n<li>C\u00f3 \u1ee9ng d\u1ee5ng r\u1ed9ng r\u00e3i v\u00e0 quan tr\u1ecdng trong c\u00e1c l\u0129nh v\u1ef1c nh\u01b0 ch\u1ea5t b\u00e1n d\u1eabn, \u0111o l\u01b0\u1eddng v\u00e0 ki\u1ec3m so\u00e1t h\u00e0ng kh\u00f4ng v\u0169 tr\u1ee5, d\u00f2 t\u00ecm v\u1eadt l\u00fd h\u1ea1t nh\u00e2n, truy\u1ec1n th\u00f4ng s\u1ee3i quang, quang h\u1ecdc h\u1ed3ng ngo\u1ea1i, pin n\u0103ng l\u01b0\u1ee3ng m\u1eb7t tr\u1eddi, ch\u1ea5t x\u00fac t\u00e1c h\u00f3a h\u1ecdc v\u00e0 y sinh h\u1ecdc.<\/li>\n<\/ul>\n<h5><strong><span style=\"color: #ff0000;\">\u25b2 Vui l\u00f2ng nh\u1eafn tin ri\u00eang cho b\u1ed9 ph\u1eadn ch\u0103m s\u00f3c kh\u00e1ch h\u00e0ng \u0111\u1ec3 h\u1ecfi gi\u00e1:<\/span> <a href=\"https:\/\/honwaygroup.com\/vi\/lien-he-voi-honway\/\" target=\"_blank\" rel=\"noopener\">Li\u00ean h\u1ec7 HonWay.<\/a><\/strong><\/h5>\n<h5><span style=\"color: #ff0000;\"><strong>\u25b2 \u0110\u1eb7t h\u00e0ng s\u1ed1 l\u01b0\u1ee3ng l\u1edbn c\u00f3 th\u1ec3 \u0111\u01b0\u1ee3c h\u01b0\u1edfng chi\u1ebft kh\u1ea5u \u01b0u \u0111\u00e3i, vui l\u00f2ng li\u00ean h\u1ec7 b\u1ed9 ph\u1eadn ch\u0103m s\u00f3c kh\u00e1ch h\u00e0ng \u0111\u1ec3 bi\u1ebft th\u00eam chi ti\u1ebft.<\/strong><\/span><\/h5>\n<h5><strong><span style=\"color: #ff0000;\">\u25b2 Vui l\u00f2ng li\u00ean h\u1ec7 b\u1ed9 ph\u1eadn ch\u0103m s\u00f3c kh\u00e1ch h\u00e0ng \u0111\u1ec3 h\u1ecfi v\u1ec1 th\u1eddi gian giao h\u00e0ng th\u1ef1c t\u1ebf c\u1ee7a \u0111\u01a1n \u0111\u1eb7t h\u00e0ng:<\/span> <a href=\"https:\/\/honwaygroup.com\/vi\/lien-he-voi-honway\/\">Li\u00ean h\u1ec7 HonWay.<\/a><\/strong><\/h5>\n","protected":false},"featured_media":79878,"template":"","meta":{"site-sidebar-layout":"default","site-content-layout":"","ast-site-content-layout":"default","site-content-style":"default","site-sidebar-style":"default","ast-global-header-display":"","ast-banner-title-visibility":"","ast-main-header-display":"","ast-hfb-above-header-display":"","ast-hfb-below-header-display":"","ast-hfb-mobile-header-display":"","site-post-title":"","ast-breadcrumbs-content":"","ast-featured-img":"","footer-sml-layout":"","ast-disable-related-posts":"","theme-transparent-header-meta":"default","adv-header-id-meta":"","stick-header-meta":"default","header-above-stick-meta":"","header-main-stick-meta":"","header-below-stick-meta":"","astra-migrate-meta-layouts":"default","ast-page-background-enabled":"default","ast-page-background-meta":{"desktop":{"background-color":"var(--ast-global-color-5)","background-image":"","background-repeat":"repeat","background-position":"center center","background-size":"auto","background-attachment":"scroll","background-type":"","background-media":"","overlay-type":"","overlay-color":"","overlay-opacity":"","overlay-gradient":""},"tablet":{"background-color":"","background-image":"","background-repeat":"repeat","background-position":"center center","background-size":"auto","background-attachment":"scroll","background-type":"","background-media":"","overlay-type":"","overlay-color":"","overlay-opacity":"","overlay-gradient":""},"mobile":{"background-color":"","background-image":"","background-repeat":"repeat","background-position":"center center","background-size":"auto","background-attachment":"scroll","background-type":"","background-media":"","overlay-type":"","overlay-color":"","overlay-opacity":"","overlay-gradient":""}},"ast-content-background-meta":{"desktop":{"background-color":"var(--ast-global-color-4)","background-image":"","background-repeat":"repeat","background-position":"center center","background-size":"auto","background-attachment":"scroll","background-type":"","background-media":"","overlay-type":"","overlay-color":"","overlay-opacity":"","overlay-gradient":""},"tablet":{"background-color":"var(--ast-global-color-4)","background-image":"","background-repeat":"repeat","background-position":"center center","background-size":"auto","background-attachment":"scroll","background-type":"","background-media":"","overlay-type":"","overlay-color":"","overlay-opacity":"","overlay-gradient":""},"mobile":{"background-color":"var(--ast-global-color-4)","background-image":"","background-repeat":"repeat","background-position":"center center","background-size":"auto","background-attachment":"scroll","background-type":"","background-media":"","overlay-type":"","overlay-color":"","overlay-opacity":"","overlay-gradient":""}}},"product_brand":[],"product_cat":[4703],"product_tag":[4762,5098,5041,4747,4761],"class_list":{"0":"post-79877","1":"product","2":"type-product","3":"status-publish","4":"has-post-thumbnail","6":"product_cat-nguyen-lieu-tho","7":"product_tag-chat-ban-dan","8":"product_tag-dien-tu","9":"product_tag-gallium-vi","10":"product_tag-hop-kim-co-do-tinh-khiet-cao","11":"product_tag-guyen-vat-lieu","12":"desktop-align-left","13":"tablet-align-left","14":"mobile-align-left","15":"ast-product-gallery-layout-horizontal-slider","16":"ast-product-gallery-with-no-image","17":"ast-product-tabs-layout-horizontal","19":"first","20":"instock","21":"taxable","22":"shipping-taxable","23":"product-type-simple"},"_links":{"self":[{"href":"https:\/\/honwaygroup.com\/vi\/wp-json\/wp\/v2\/product\/79877","targetHints":{"allow":["GET"]}}],"collection":[{"href":"https:\/\/honwaygroup.com\/vi\/wp-json\/wp\/v2\/product"}],"about":[{"href":"https:\/\/honwaygroup.com\/vi\/wp-json\/wp\/v2\/types\/product"}],"version-history":[{"count":0,"href":"https:\/\/honwaygroup.com\/vi\/wp-json\/wp\/v2\/product\/79877\/revisions"}],"wp:featuredmedia":[{"embeddable":true,"href":"https:\/\/honwaygroup.com\/vi\/wp-json\/wp\/v2\/media\/79878"}],"wp:attachment":[{"href":"https:\/\/honwaygroup.com\/vi\/wp-json\/wp\/v2\/media?parent=79877"}],"wp:term":[{"taxonomy":"product_brand","embeddable":true,"href":"https:\/\/honwaygroup.com\/vi\/wp-json\/wp\/v2\/product_brand?post=79877"},{"taxonomy":"product_cat","embeddable":true,"href":"https:\/\/honwaygroup.com\/vi\/wp-json\/wp\/v2\/product_cat?post=79877"},{"taxonomy":"product_tag","embeddable":true,"href":"https:\/\/honwaygroup.com\/vi\/wp-json\/wp\/v2\/product_tag?post=79877"}],"curies":[{"name":"wp","href":"https:\/\/api.w.org\/{rel}","templated":true}]}}