{"id":79871,"date":"2025-02-21T17:21:32","date_gmt":"2025-02-21T09:21:32","guid":{"rendered":"https:\/\/honwaygroup.com\/product\/nguyen-lieu-tho-arsenic-as-arsenic-ban-dan-bo-phat-tia-hong-ngoai-son-gom-su-cong-nghiep-hoa-chat\/"},"modified":"2025-02-21T17:21:32","modified_gmt":"2025-02-21T09:21:32","slug":"nguyen-lieu-tho-arsenic-as-arsenic-ban-dan-bo-phat-tia-hong-ngoai-son-gom-su-cong-nghiep-hoa-chat","status":"publish","type":"product","link":"https:\/\/honwaygroup.com\/vi\/product\/nguyen-lieu-tho-arsenic-as-arsenic-ban-dan-bo-phat-tia-hong-ngoai-son-gom-su-cong-nghiep-hoa-chat\/","title":{"rendered":"Nguy\u00ean li\u1ec7u th\u00f4 &#8211; Arsenic (As), Arsenic, b\u00e1n d\u1eabn, b\u1ed9 ph\u00e1t tia h\u1ed3ng ngo\u1ea1i, s\u01a1n, g\u1ed1m s\u1ee9, c\u00f4ng nghi\u1ec7p h\u00f3a ch\u1ea5t."},"content":{"rendered":"<h1>(AS) Arsenic<\/h1>\n<p>C\u00f3 t\u00ednh \u1ed5n \u0111\u1ecbnh h\u00f3a h\u1ecdc t\u1ed1t v\u00e0 \u0111\u1ed9 d\u1eabn \u0111i\u1ec7n cao, \u0111\u1eb7c bi\u1ec7t ph\u00f9 h\u1ee3p \u0111\u1ec3 s\u1ea3n xu\u1ea5t c\u00e1c linh ki\u1ec7n \u0111i\u1ec7n t\u1eed cao c\u1ea5p v\u00e0 h\u1ee3p kim \u0111\u1eb7c bi\u1ec7t<\/p>\n<h2><strong>H\u00ecnh th\u00e1i v\u1eadt l\u00fd:<\/strong><\/h2>\n<ul>\n<li>D\u1ea1ng h\u1ea1t<\/li>\n<li>D\u1ea1ng thanh<\/li>\n<\/ul>\n<h2><strong>H\u00ecnh th\u00e1i<\/strong> <strong>v\u1eadt l\u00fd<\/strong><strong>:<\/strong><\/h2>\n<ul>\n<li>Kh\u1ed1i l\u01b0\u1ee3ng nguy\u00ean t\u1eed: 74.921; m\u1eadt \u0111\u1ed9: 5.727 g\/cm\u00b3<\/li>\n<li>Nhi\u1ec7t \u0111\u1ed9 n\u00f3ng ch\u1ea3y: 814\u2103; nhi\u1ec7t \u0111\u1ed9 s\u00f4i: 613\u2103.<\/li>\n<\/ul>\n<h2><strong>Th\u00f4ng s\u1ed1 k\u1ef9 thu\u1eadt s\u1ea3n ph\u1ea9m<\/strong><\/h2>\n<table>\n<tbody>\n<tr>\n<td width=\"138\">Th\u00f4ng s\u1ed1 k\u1ef9 thu\u1eadt<\/td>\n<p>, <\/p>\n<td width=\"138\">\u0111\u1ed9 tinh khi\u1ebft<\/td>\n<p>, <\/p>\n<td width=\"138\">ki\u1ec3m tra t\u1ea1p ch\u1ea5t<\/td>\n<p>, <\/p>\n<td width=\"138\">t\u1ed5ng h\u00e0m l\u01b0\u1ee3ng t\u1ea1p ch\u1ea5t<\/td>\n<\/tr>\n<tr>\n<td width=\"138\">Asen c\u00f3 \u0111\u1ed9 tinh khi\u1ebft cao\uff086N\uff09<\/td>\n<td width=\"138\">99.9999%<\/td>\n<td width=\"138\">Cu\u3001Ag\u3001Mg\u3001Sb\u3001Ni\u3001Zn\u3001Bi\u3001<br \/>\nCa\u3001Fe\u3001Cr\u3001Na\u3001Al\u3001Pb\u3001K<\/td>\n<td width=\"138\">&lt;1ppm<\/td>\n<\/tr>\n<tr>\n<td width=\"138\">Asen c\u00f3 \u0111\u1ed9 tinh khi\u1ebft cao\uff087N\uff09<\/td>\n<td width=\"138\">99.99999%<\/td>\n<td width=\"138\">Cu\u3001Ag\u3001Mg\u3001Sb\u3001Ni\u3001Zn\u3001Bi\u3001<br \/>\nCa\u3001Fe\u3001Cr\u3001Na\u3001S\u3001Al\u3001Se\u3001Pb\u3001K\u3001<br \/>\nSi\u3001Ge\u3001Cd\u3001Sn\u3001Te<\/td>\n<td width=\"138\">&lt;0.1ppm<\/td>\n<\/tr>\n<tr>\n<td width=\"138\">Asen si\u00eau tinh khi\u1ebft\uff087N5\uff09<\/td>\n<td width=\"138\">99.999995%<\/td>\n<td width=\"138\">Cu\u3001Ag\u3001Mg\u3001Sb\u3001Ni\u3001Zn\u3001Bi\u3001<br \/>\nCa\u3001Fe\u3001Cr\u3001Na\u3001S\u3001Al\u3001Se\u3001Pb\u3001K\u3001<br \/>\nSi\u3001Ge\u3001Cd\u3001Sn\u3001Te<\/td>\n<td width=\"138\">&lt;0.05ppm<\/td>\n<\/tr>\n<\/tbody>\n<\/table>\n<h2><\/h2>\n<h2><strong>Ph\u1ea1m vi \u1ee9ng d\u1ee5ng<\/strong><strong>\uff1a<\/strong><strong>\u3000\u3000\u3000\u3000\u3000\u3000\u3000\u3000\u3000<\/strong><\/h2>\n<ul>\n<li>Asen c\u00f3 \u0111\u1ed9 tinh khi\u1ebft cao l\u00e0 nguy\u00ean li\u1ec7u \u0111\u1ec3 s\u1ea3n xu\u1ea5t h\u1ee3p ch\u1ea5t b\u00e1n d\u1eabn GaAs (gallium arsenide), \u0111\u01b0\u1ee3c \u1ee9ng d\u1ee5ng r\u1ed9ng r\u00e3i trong c\u00e1c l\u0129nh v\u1ef1c nh\u01b0 b\u00e1n d\u1eabn, b\u1ed9 ph\u00e1t tia h\u1ed3ng ngo\u1ea1i, s\u01a1n, g\u1ed1m s\u1ee9 v\u00e0 c\u00f4ng nghi\u1ec7p h\u00f3a ch\u1ea5t<\/li>\n<\/ul>\n<h2><strong>Bao b\u00ec:<\/strong><\/h2>\n<ul>\n<li>Sau khi \u0111\u00f3ng g\u00f3i b\u1eb1ng m\u00e0ng polyester, \u0111\u00f3ng g\u00f3i ch\u00e2n kh\u00f4ng b\u1eb1ng m\u00e0ng nh\u1ef1a ho\u1eb7c \u1ed1ng th\u1ea1ch anh.<\/li>\n<\/ul>\n<h2><strong>Hoan ngh\u00eanh h\u1ecfi \u0111\u00e1p<\/strong><\/h2>\n<p>[contact-form][contact-field label=&#8221;T\u00ean&#8221; type=&#8221;name&#8221; required=&#8221;1&#8243;][contact-field label=&#8221;Email&#8221; type=&#8221;email&#8221; required=&#8221;1&#8243;][contact-field label=&#8221;Website&#8221; type=&#8221;url&#8221;][contact-field label=&#8221;Tin nh\u1eafn&#8221; type=&#8221;textarea&#8221;][\/contact-form]<\/p>\n","protected":false},"excerpt":{"rendered":"<h2>Asen c\u00f3 t\u00ednh \u1ed5n \u0111\u1ecbnh h\u00f3a h\u1ecdc t\u1ed1t v\u00e0 \u0111\u1ed9 d\u1eabn \u0111i\u1ec7n cao, \u0111\u1eb7c bi\u1ec7t ph\u00f9 h\u1ee3p \u0111\u1ec3 s\u1ea3n xu\u1ea5t c\u00e1c linh ki\u1ec7n \u0111i\u1ec7n t\u1eed cao c\u1ea5p v\u00e0 h\u1ee3p kim \u0111\u1eb7c bi\u1ec7t.<br \/><\/h2>\n<p>&nbsp;<\/p>\n<p><strong><span style=\"font-size: 1.7em;\">H\u00ecnh th\u00e1i v\u1eadt l\u00fd<\/span><\/strong><strong style=\"font-size: 1.7em;\">:<\/strong><\/p>\n<ul>\n<li>Kh\u1ed1i l\u01b0\u1ee3ng nguy\u00ean t\u1eed: 74.921; m\u1eadt \u0111\u1ed9: 5.727 g\/cm\u00b3<\/li>\n<li>Nhi\u1ec7t \u0111\u1ed9 n\u00f3ng ch\u1ea3y: 814\u2103; nhi\u1ec7t \u0111\u1ed9 s\u00f4i: 613\u2103.<\/li>\n<\/ul>\n<h2><strong>Ph\u1ea1m vi \u1ee9ng d\u1ee5ng:<\/strong><\/h2>\n<ul>\n<li>Asen c\u00f3 \u0111\u1ed9 tinh khi\u1ebft cao l\u00e0 nguy\u00ean li\u1ec7u \u0111\u1ec3 s\u1ea3n xu\u1ea5t h\u1ee3p ch\u1ea5t b\u00e1n d\u1eabn GaAs (gallium arsenide), \u0111\u01b0\u1ee3c \u1ee9ng d\u1ee5ng r\u1ed9ng r\u00e3i trong c\u00e1c l\u0129nh v\u1ef1c nh\u01b0 b\u00e1n d\u1eabn, b\u1ed9 ph\u00e1t tia h\u1ed3ng ngo\u1ea1i, s\u01a1n, g\u1ed1m s\u1ee9 v\u00e0 c\u00f4ng nghi\u1ec7p h\u00f3a ch\u1ea5t.<\/li>\n<\/ul>\n<h5><strong><span style=\"color: #ff0000;\">\u25b2 Vui l\u00f2ng nh\u1eafn tin ri\u00eang cho b\u1ed9 ph\u1eadn ch\u0103m s\u00f3c kh\u00e1ch h\u00e0ng \u0111\u1ec3 h\u1ecfi gi\u00e1:<\/span> <a href=\"https:\/\/honwaygroup.com\/vi\/lien-he-voi-honway\/\" target=\"_blank\" rel=\"noopener\">Li\u00ean h\u1ec7 HonWay.<\/a><\/strong><\/h5>\n<h5><span style=\"color: #ff0000;\"><strong>\u25b2 \u0110\u1eb7t h\u00e0ng s\u1ed1 l\u01b0\u1ee3ng l\u1edbn c\u00f3 th\u1ec3 \u0111\u01b0\u1ee3c h\u01b0\u1edfng chi\u1ebft kh\u1ea5u \u01b0u \u0111\u00e3i, vui l\u00f2ng li\u00ean h\u1ec7 b\u1ed9 ph\u1eadn ch\u0103m s\u00f3c kh\u00e1ch h\u00e0ng \u0111\u1ec3 bi\u1ebft th\u00eam chi ti\u1ebft.<\/strong><\/span><\/h5>\n<h5><strong><span style=\"color: #ff0000;\">\u25b2 Vui l\u00f2ng li\u00ean h\u1ec7 b\u1ed9 ph\u1eadn ch\u0103m s\u00f3c kh\u00e1ch h\u00e0ng \u0111\u1ec3 h\u1ecfi v\u1ec1 th\u1eddi gian giao h\u00e0ng th\u1ef1c t\u1ebf c\u1ee7a \u0111\u01a1n \u0111\u1eb7t h\u00e0ng:<\/span> <a href=\"https:\/\/honwaygroup.com\/vi\/lien-he-voi-honway\/\">Li\u00ean h\u1ec7 HonWay.<\/a><\/strong><\/h5>\n","protected":false},"featured_media":79872,"template":"","meta":{"site-sidebar-layout":"default","site-content-layout":"","ast-site-content-layout":"default","site-content-style":"default","site-sidebar-style":"default","ast-global-header-display":"","ast-banner-title-visibility":"","ast-main-header-display":"","ast-hfb-above-header-display":"","ast-hfb-below-header-display":"","ast-hfb-mobile-header-display":"","site-post-title":"","ast-breadcrumbs-content":"","ast-featured-img":"","footer-sml-layout":"","ast-disable-related-posts":"","theme-transparent-header-meta":"default","adv-header-id-meta":"","stick-header-meta":"","header-above-stick-meta":"","header-main-stick-meta":"","header-below-stick-meta":"","astra-migrate-meta-layouts":"default","ast-page-background-enabled":"default","ast-page-background-meta":{"desktop":{"background-color":"var(--ast-global-color-5)","background-image":"","background-repeat":"repeat","background-position":"center center","background-size":"auto","background-attachment":"scroll","background-type":"","background-media":"","overlay-type":"","overlay-color":"","overlay-opacity":"","overlay-gradient":""},"tablet":{"background-color":"","background-image":"","background-repeat":"repeat","background-position":"center center","background-size":"auto","background-attachment":"scroll","background-type":"","background-media":"","overlay-type":"","overlay-color":"","overlay-opacity":"","overlay-gradient":""},"mobile":{"background-color":"","background-image":"","background-repeat":"repeat","background-position":"center center","background-size":"auto","background-attachment":"scroll","background-type":"","background-media":"","overlay-type":"","overlay-color":"","overlay-opacity":"","overlay-gradient":""}},"ast-content-background-meta":{"desktop":{"background-color":"var(--ast-global-color-4)","background-image":"","background-repeat":"repeat","background-position":"center center","background-size":"auto","background-attachment":"scroll","background-type":"","background-media":"","overlay-type":"","overlay-color":"","overlay-opacity":"","overlay-gradient":""},"tablet":{"background-color":"var(--ast-global-color-4)","background-image":"","background-repeat":"repeat","background-position":"center center","background-size":"auto","background-attachment":"scroll","background-type":"","background-media":"","overlay-type":"","overlay-color":"","overlay-opacity":"","overlay-gradient":""},"mobile":{"background-color":"var(--ast-global-color-4)","background-image":"","background-repeat":"repeat","background-position":"center center","background-size":"auto","background-attachment":"scroll","background-type":"","background-media":"","overlay-type":"","overlay-color":"","overlay-opacity":"","overlay-gradient":""}}},"product_brand":[],"product_cat":[4703],"product_tag":[4916,4808,5092,4941,4763,4784],"class_list":{"0":"post-79871","1":"product","2":"type-product","3":"status-publish","4":"has-post-thumbnail","6":"product_cat-nguyen-lieu-tho","7":"product_tag-arsenic-as-vi","8":"product_tag-ban-dan","9":"product_tag-gom-su","10":"product_tag-may-phat-tia-hong-ngoai","11":"product_tag-nganh-cong-nghiep-hoa-chat","12":"product_tag-son","13":"desktop-align-left","14":"tablet-align-left","15":"mobile-align-left","16":"ast-product-gallery-layout-horizontal-slider","17":"ast-product-gallery-with-no-image","18":"ast-product-tabs-layout-horizontal","20":"first","21":"instock","22":"taxable","23":"shipping-taxable","24":"product-type-simple"},"_links":{"self":[{"href":"https:\/\/honwaygroup.com\/vi\/wp-json\/wp\/v2\/product\/79871","targetHints":{"allow":["GET"]}}],"collection":[{"href":"https:\/\/honwaygroup.com\/vi\/wp-json\/wp\/v2\/product"}],"about":[{"href":"https:\/\/honwaygroup.com\/vi\/wp-json\/wp\/v2\/types\/product"}],"version-history":[{"count":0,"href":"https:\/\/honwaygroup.com\/vi\/wp-json\/wp\/v2\/product\/79871\/revisions"}],"wp:featuredmedia":[{"embeddable":true,"href":"https:\/\/honwaygroup.com\/vi\/wp-json\/wp\/v2\/media\/79872"}],"wp:attachment":[{"href":"https:\/\/honwaygroup.com\/vi\/wp-json\/wp\/v2\/media?parent=79871"}],"wp:term":[{"taxonomy":"product_brand","embeddable":true,"href":"https:\/\/honwaygroup.com\/vi\/wp-json\/wp\/v2\/product_brand?post=79871"},{"taxonomy":"product_cat","embeddable":true,"href":"https:\/\/honwaygroup.com\/vi\/wp-json\/wp\/v2\/product_cat?post=79871"},{"taxonomy":"product_tag","embeddable":true,"href":"https:\/\/honwaygroup.com\/vi\/wp-json\/wp\/v2\/product_tag?post=79871"}],"curies":[{"name":"wp","href":"https:\/\/api.w.org\/{rel}","templated":true}]}}